
{"id":18,"date":"2022-11-08T16:07:56","date_gmt":"2022-11-08T21:07:56","guid":{"rendered":"https:\/\/cssdn.gouv.qc.ca\/alizemousserons\/nous-joindre\/"},"modified":"2025-06-02T11:23:49","modified_gmt":"2025-06-02T15:23:49","slug":"nous-joindre","status":"publish","type":"page","link":"https:\/\/cssdn.gouv.qc.ca\/alizemousserons\/nous-joindre\/","title":{"rendered":"Nous joindre"},"content":{"rendered":"\n<div class=\"wp-block-cover alignfull is-light is-style-default\" style=\"min-height:201px;aspect-ratio:unset;\"><img decoding=\"async\" width=\"1184\" height=\"340\" class=\"wp-block-cover__image-background wp-image-351 lazyload\" alt=\"\" data-src=\"https:\/\/cssdn.gouv.qc.ca\/alizemousserons\/wp-content\/uploads\/sites\/65\/2023\/01\/contact-us-1908763__340.webp\" data-object-fit=\"cover\" data-srcset=\"https:\/\/cssdn.gouv.qc.ca\/alizemousserons\/wp-content\/uploads\/sites\/65\/2023\/01\/contact-us-1908763__340.webp 1184w, https:\/\/cssdn.gouv.qc.ca\/alizemousserons\/wp-content\/uploads\/sites\/65\/2023\/01\/contact-us-1908763__340-300x86.webp 300w, https:\/\/cssdn.gouv.qc.ca\/alizemousserons\/wp-content\/uploads\/sites\/65\/2023\/01\/contact-us-1908763__340-1024x294.webp 1024w, https:\/\/cssdn.gouv.qc.ca\/alizemousserons\/wp-content\/uploads\/sites\/65\/2023\/01\/contact-us-1908763__340-768x221.webp 768w\" data-sizes=\"(max-width: 1184px) 100vw, 1184px\" src=\"data:image\/svg+xml;base64,PHN2ZyB3aWR0aD0iMSIgaGVpZ2h0PSIxIiB4bWxucz0iaHR0cDovL3d3dy53My5vcmcvMjAwMC9zdmciPjwvc3ZnPg==\" style=\"--smush-placeholder-width: 1184px; --smush-placeholder-aspect-ratio: 1184\/340;\" \/><span aria-hidden=\"true\" class=\"wp-block-cover__background has-grey-70-background-color has-background-dim\"><\/span><div class=\"wp-block-cover__inner-container\"><h1 class=\"wp-block-post-title has-text-color has-white-color\">Nous joindre<\/h1><\/div><\/div>\n\n\n\n<div class=\"wp-block-group alignfull has-padding-y-large is-style-home-actualites has-secondary-background-color has-background\"><div class=\"yoast-breadcrumbs alignwide \"><span class=\"breadcrumbs\"><a href=\"https:\/\/cssdn.gouv.qc.ca\/alizemousserons\/\" class=\"breadcrumbs__element\">Accueil<\/a> <span class=\"breadcrumbs__separator\">\n        <svg class=\"icon icon-breadcrumb__separator\"><use xlink:href=\"#icon-breadcrumb__separator\"><\/use><\/svg>\n    <\/span> <span class=\"breadcrumbs__element breadcrumbs__element-current\">Nous joindre<\/span><\/span><\/div>\n\n\n<div class=\"act-collapsible\">\n<h2 class=\"wp-block-heading act-collapsible__heading\">\u00c9cole de l&rsquo;Aliz\u00e9<\/h2>\n\n\n\n<div class=\"act-collapsible__content\"><div class=\"act-collapsible__content-inner\">\n<p class=\"wp-block-paragraph\">851, rue des H\u00e9rons<br>L\u00e9vis (Qu\u00e9bec)&nbsp; G6Z 3L3<\/p>\n\n\n\n<p class=\"wp-block-paragraph\">418-839-7877<br><a href=\"mailto:alize@cssdn.gouv.qc.ca\" target=\"_blank\" rel=\"noreferrer noopener\">alize@cssdn.gouv.qc.ca<\/a><br><a href=\"mailto:service-garde.alize@cssdn.gouv.qc.ca\" target=\"_blank\" rel=\"noreferrer noopener\">service-garde.alize@cssdn.gouv.qc.ca<\/a><\/p>\n\n\n\n<p class=\"wp-block-paragraph\"><\/p>\n\n\n\n<p class=\"wp-block-paragraph\"><\/p>\n<\/div><\/div>\n<\/div>\n\n\n\n<div class=\"act-collapsible\">\n<h2 class=\"wp-block-heading act-collapsible__heading\">\u00c9cole des Mousserons<\/h2>\n\n\n\n<div class=\"act-collapsible__content\"><div class=\"act-collapsible__content-inner\">\n<p class=\"wp-block-paragraph\">2475, chemin Vanier<br>L\u00e9vis (Qu\u00e9bec)&nbsp; G6Z 1Z6<\/p>\n\n\n\n<p class=\"wp-block-paragraph\">418-839-4179<br><a href=\"mailto:mousserons@cssdn.gouv.qc.ca\">mousserons@cssdn.gouv.qc.ca<\/a><br><a href=\"mailto:service-garde.mousserons@cssdn.gouv.qc.ca\" target=\"_blank\" rel=\"noreferrer noopener\">service-garde.mousserons@cssdn.gouv.qc.ca<\/a><\/p>\n\n\n\n<p class=\"wp-block-paragraph\"><\/p>\n\n\n\n<p class=\"wp-block-paragraph\"><\/p>\n\n\n\n<p class=\"wp-block-paragraph\"><\/p>\n<\/div><\/div>\n<\/div>\n<\/div>\n","protected":false},"excerpt":{"rendered":"","protected":false},"author":1,"featured_media":0,"parent":0,"menu_order":60,"comment_status":"closed","ping_status":"closed","template":"","meta":{"_acf_changed":false,"_crdt_document":"","inline_featured_image":false,"footnotes":""},"categories":[],"tags":[],"class_list":["post-18","page","type-page","status-publish","hentry"],"acf":[],"yoast_head":"<!-- This site is optimized with the Yoast SEO plugin v27.3 - https:\/\/yoast.com\/product\/yoast-seo-wordpress\/ -->\n<title>Nous joindre - \u00c9cole de l\u2019Aliz\u00e9, des\u00a0Mousserons<\/title>\n<meta name=\"robots\" content=\"index, follow, max-snippet:-1, max-image-preview:large, max-video-preview:-1\" \/>\n<link rel=\"canonical\" href=\"https:\/\/cssdn.gouv.qc.ca\/alizemousserons\/nous-joindre\/\" \/>\n<meta property=\"og:locale\" content=\"fr_CA\" \/>\n<meta property=\"og:type\" content=\"article\" \/>\n<meta property=\"og:title\" content=\"Nous joindre - \u00c9cole de l\u2019Aliz\u00e9, des\u00a0Mousserons\" \/>\n<meta property=\"og:url\" content=\"https:\/\/cssdn.gouv.qc.ca\/alizemousserons\/nous-joindre\/\" \/>\n<meta property=\"og:site_name\" content=\"\u00c9cole de l\u2019Aliz\u00e9, des\u00a0Mousserons\" \/>\n<meta property=\"article:publisher\" content=\"https:\/\/www.facebook.com\/profile.php?id=100057526236184\" \/>\n<meta property=\"article:modified_time\" content=\"2025-06-02T15:23:49+00:00\" \/>\n<meta property=\"og:image\" content=\"https:\/\/cssdn.gouv.qc.ca\/alizemousserons\/wp-content\/uploads\/sites\/65\/2023\/01\/contact-us-1908763__340.webp\" \/>\n\t<meta property=\"og:image:width\" content=\"1184\" \/>\n\t<meta property=\"og:image:height\" content=\"340\" \/>\n\t<meta property=\"og:image:type\" content=\"image\/webp\" \/>\n<meta name=\"twitter:card\" content=\"summary_large_image\" \/>\n<meta name=\"twitter:label1\" content=\"Estimation du temps de lecture\" \/>\n\t<meta name=\"twitter:data1\" content=\"1 minute\" \/>\n<script type=\"application\/ld+json\" class=\"yoast-schema-graph\">{\"@context\":\"https:\\\/\\\/schema.org\",\"@graph\":[{\"@type\":\"WebPage\",\"@id\":\"https:\\\/\\\/cssdn.gouv.qc.ca\\\/alizemousserons\\\/nous-joindre\\\/\",\"url\":\"https:\\\/\\\/cssdn.gouv.qc.ca\\\/alizemousserons\\\/nous-joindre\\\/\",\"name\":\"Nous joindre - \u00c9cole de l\u2019Aliz\u00e9, des\u00a0Mousserons\",\"isPartOf\":{\"@id\":\"https:\\\/\\\/cssdn.gouv.qc.ca\\\/alizemousserons\\\/#website\"},\"primaryImageOfPage\":{\"@id\":\"https:\\\/\\\/cssdn.gouv.qc.ca\\\/alizemousserons\\\/nous-joindre\\\/#primaryimage\"},\"image\":{\"@id\":\"https:\\\/\\\/cssdn.gouv.qc.ca\\\/alizemousserons\\\/nous-joindre\\\/#primaryimage\"},\"thumbnailUrl\":\"https:\\\/\\\/cssdn.gouv.qc.ca\\\/alizemousserons\\\/wp-content\\\/uploads\\\/sites\\\/65\\\/2023\\\/01\\\/contact-us-1908763__340.webp\",\"datePublished\":\"2022-11-08T21:07:56+00:00\",\"dateModified\":\"2025-06-02T15:23:49+00:00\",\"breadcrumb\":{\"@id\":\"https:\\\/\\\/cssdn.gouv.qc.ca\\\/alizemousserons\\\/nous-joindre\\\/#breadcrumb\"},\"inLanguage\":\"fr-CA\",\"potentialAction\":[{\"@type\":\"ReadAction\",\"target\":[\"https:\\\/\\\/cssdn.gouv.qc.ca\\\/alizemousserons\\\/nous-joindre\\\/\"]}]},{\"@type\":\"ImageObject\",\"inLanguage\":\"fr-CA\",\"@id\":\"https:\\\/\\\/cssdn.gouv.qc.ca\\\/alizemousserons\\\/nous-joindre\\\/#primaryimage\",\"url\":\"https:\\\/\\\/cssdn.gouv.qc.ca\\\/alizemousserons\\\/wp-content\\\/uploads\\\/sites\\\/65\\\/2023\\\/01\\\/contact-us-1908763__340.webp\",\"contentUrl\":\"https:\\\/\\\/cssdn.gouv.qc.ca\\\/alizemousserons\\\/wp-content\\\/uploads\\\/sites\\\/65\\\/2023\\\/01\\\/contact-us-1908763__340.webp\",\"width\":1184,\"height\":340},{\"@type\":\"BreadcrumbList\",\"@id\":\"https:\\\/\\\/cssdn.gouv.qc.ca\\\/alizemousserons\\\/nous-joindre\\\/#breadcrumb\",\"itemListElement\":[{\"@type\":\"ListItem\",\"position\":1,\"name\":\"Accueil\",\"item\":\"https:\\\/\\\/cssdn.gouv.qc.ca\\\/alizemousserons\\\/\"},{\"@type\":\"ListItem\",\"position\":2,\"name\":\"Nous joindre\"}]},{\"@type\":\"WebSite\",\"@id\":\"https:\\\/\\\/cssdn.gouv.qc.ca\\\/alizemousserons\\\/#website\",\"url\":\"https:\\\/\\\/cssdn.gouv.qc.ca\\\/alizemousserons\\\/\",\"name\":\"\u00c9cole de l\u2019Aliz\u00e9, des\u00a0Mousserons\",\"description\":\"Un site des centres de services scolaires des Navigateurs\",\"publisher\":{\"@id\":\"https:\\\/\\\/cssdn.gouv.qc.ca\\\/alizemousserons\\\/#organization\"},\"potentialAction\":[{\"@type\":\"SearchAction\",\"target\":{\"@type\":\"EntryPoint\",\"urlTemplate\":\"https:\\\/\\\/cssdn.gouv.qc.ca\\\/alizemousserons\\\/?s={search_term_string}\"},\"query-input\":{\"@type\":\"PropertyValueSpecification\",\"valueRequired\":true,\"valueName\":\"search_term_string\"}}],\"inLanguage\":\"fr-CA\"},{\"@type\":\"Organization\",\"@id\":\"https:\\\/\\\/cssdn.gouv.qc.ca\\\/alizemousserons\\\/#organization\",\"name\":\"\u00c9cole de l\u2019Aliz\u00e9, des\u00a0Mousserons\",\"url\":\"https:\\\/\\\/cssdn.gouv.qc.ca\\\/alizemousserons\\\/\",\"logo\":{\"@type\":\"ImageObject\",\"inLanguage\":\"fr-CA\",\"@id\":\"https:\\\/\\\/cssdn.gouv.qc.ca\\\/alizemousserons\\\/#\\\/schema\\\/logo\\\/image\\\/\",\"url\":\"https:\\\/\\\/cssdn.gouv.qc.ca\\\/alizemousserons\\\/wp-content\\\/uploads\\\/sites\\\/65\\\/2023\\\/01\\\/logo_quebec.svg\",\"contentUrl\":\"https:\\\/\\\/cssdn.gouv.qc.ca\\\/alizemousserons\\\/wp-content\\\/uploads\\\/sites\\\/65\\\/2023\\\/01\\\/logo_quebec.svg\",\"width\":188,\"height\":41,\"caption\":\"\u00c9cole de l\u2019Aliz\u00e9, des\u00a0Mousserons\"},\"image\":{\"@id\":\"https:\\\/\\\/cssdn.gouv.qc.ca\\\/alizemousserons\\\/#\\\/schema\\\/logo\\\/image\\\/\"},\"sameAs\":[\"https:\\\/\\\/www.facebook.com\\\/profile.php?id=100057526236184\"]}]}<\/script>\n<!-- \/ Yoast SEO plugin. -->","yoast_head_json":{"title":"Nous joindre - \u00c9cole de l\u2019Aliz\u00e9, des\u00a0Mousserons","robots":{"index":"index","follow":"follow","max-snippet":"max-snippet:-1","max-image-preview":"max-image-preview:large","max-video-preview":"max-video-preview:-1"},"canonical":"https:\/\/cssdn.gouv.qc.ca\/alizemousserons\/nous-joindre\/","og_locale":"fr_CA","og_type":"article","og_title":"Nous joindre - \u00c9cole de l\u2019Aliz\u00e9, des\u00a0Mousserons","og_url":"https:\/\/cssdn.gouv.qc.ca\/alizemousserons\/nous-joindre\/","og_site_name":"\u00c9cole de l\u2019Aliz\u00e9, des\u00a0Mousserons","article_publisher":"https:\/\/www.facebook.com\/profile.php?id=100057526236184","article_modified_time":"2025-06-02T15:23:49+00:00","og_image":[{"width":1184,"height":340,"url":"https:\/\/cssdn.gouv.qc.ca\/alizemousserons\/wp-content\/uploads\/sites\/65\/2023\/01\/contact-us-1908763__340.webp","type":"image\/webp"}],"twitter_card":"summary_large_image","twitter_misc":{"Estimation du temps de lecture":"1 minute"},"schema":{"@context":"https:\/\/schema.org","@graph":[{"@type":"WebPage","@id":"https:\/\/cssdn.gouv.qc.ca\/alizemousserons\/nous-joindre\/","url":"https:\/\/cssdn.gouv.qc.ca\/alizemousserons\/nous-joindre\/","name":"Nous joindre - \u00c9cole de l\u2019Aliz\u00e9, des\u00a0Mousserons","isPartOf":{"@id":"https:\/\/cssdn.gouv.qc.ca\/alizemousserons\/#website"},"primaryImageOfPage":{"@id":"https:\/\/cssdn.gouv.qc.ca\/alizemousserons\/nous-joindre\/#primaryimage"},"image":{"@id":"https:\/\/cssdn.gouv.qc.ca\/alizemousserons\/nous-joindre\/#primaryimage"},"thumbnailUrl":"https:\/\/cssdn.gouv.qc.ca\/alizemousserons\/wp-content\/uploads\/sites\/65\/2023\/01\/contact-us-1908763__340.webp","datePublished":"2022-11-08T21:07:56+00:00","dateModified":"2025-06-02T15:23:49+00:00","breadcrumb":{"@id":"https:\/\/cssdn.gouv.qc.ca\/alizemousserons\/nous-joindre\/#breadcrumb"},"inLanguage":"fr-CA","potentialAction":[{"@type":"ReadAction","target":["https:\/\/cssdn.gouv.qc.ca\/alizemousserons\/nous-joindre\/"]}]},{"@type":"ImageObject","inLanguage":"fr-CA","@id":"https:\/\/cssdn.gouv.qc.ca\/alizemousserons\/nous-joindre\/#primaryimage","url":"https:\/\/cssdn.gouv.qc.ca\/alizemousserons\/wp-content\/uploads\/sites\/65\/2023\/01\/contact-us-1908763__340.webp","contentUrl":"https:\/\/cssdn.gouv.qc.ca\/alizemousserons\/wp-content\/uploads\/sites\/65\/2023\/01\/contact-us-1908763__340.webp","width":1184,"height":340},{"@type":"BreadcrumbList","@id":"https:\/\/cssdn.gouv.qc.ca\/alizemousserons\/nous-joindre\/#breadcrumb","itemListElement":[{"@type":"ListItem","position":1,"name":"Accueil","item":"https:\/\/cssdn.gouv.qc.ca\/alizemousserons\/"},{"@type":"ListItem","position":2,"name":"Nous joindre"}]},{"@type":"WebSite","@id":"https:\/\/cssdn.gouv.qc.ca\/alizemousserons\/#website","url":"https:\/\/cssdn.gouv.qc.ca\/alizemousserons\/","name":"\u00c9cole de l\u2019Aliz\u00e9, des\u00a0Mousserons","description":"Un site des centres de services scolaires des Navigateurs","publisher":{"@id":"https:\/\/cssdn.gouv.qc.ca\/alizemousserons\/#organization"},"potentialAction":[{"@type":"SearchAction","target":{"@type":"EntryPoint","urlTemplate":"https:\/\/cssdn.gouv.qc.ca\/alizemousserons\/?s={search_term_string}"},"query-input":{"@type":"PropertyValueSpecification","valueRequired":true,"valueName":"search_term_string"}}],"inLanguage":"fr-CA"},{"@type":"Organization","@id":"https:\/\/cssdn.gouv.qc.ca\/alizemousserons\/#organization","name":"\u00c9cole de l\u2019Aliz\u00e9, des\u00a0Mousserons","url":"https:\/\/cssdn.gouv.qc.ca\/alizemousserons\/","logo":{"@type":"ImageObject","inLanguage":"fr-CA","@id":"https:\/\/cssdn.gouv.qc.ca\/alizemousserons\/#\/schema\/logo\/image\/","url":"https:\/\/cssdn.gouv.qc.ca\/alizemousserons\/wp-content\/uploads\/sites\/65\/2023\/01\/logo_quebec.svg","contentUrl":"https:\/\/cssdn.gouv.qc.ca\/alizemousserons\/wp-content\/uploads\/sites\/65\/2023\/01\/logo_quebec.svg","width":188,"height":41,"caption":"\u00c9cole de l\u2019Aliz\u00e9, des\u00a0Mousserons"},"image":{"@id":"https:\/\/cssdn.gouv.qc.ca\/alizemousserons\/#\/schema\/logo\/image\/"},"sameAs":["https:\/\/www.facebook.com\/profile.php?id=100057526236184"]}]}},"publishpress_future_action":{"enabled":false,"date":"2026-04-14 05:57:04","action":"change-status","newStatus":"draft","terms":[],"taxonomy":"category","extraData":[]},"publishpress_future_workflow_manual_trigger":{"enabledWorkflows":[]},"_links":{"self":[{"href":"https:\/\/cssdn.gouv.qc.ca\/alizemousserons\/wp-json\/wp\/v2\/pages\/18","targetHints":{"allow":["GET"]}}],"collection":[{"href":"https:\/\/cssdn.gouv.qc.ca\/alizemousserons\/wp-json\/wp\/v2\/pages"}],"about":[{"href":"https:\/\/cssdn.gouv.qc.ca\/alizemousserons\/wp-json\/wp\/v2\/types\/page"}],"author":[{"embeddable":true,"href":"https:\/\/cssdn.gouv.qc.ca\/alizemousserons\/wp-json\/wp\/v2\/users\/1"}],"replies":[{"embeddable":true,"href":"https:\/\/cssdn.gouv.qc.ca\/alizemousserons\/wp-json\/wp\/v2\/comments?post=18"}],"version-history":[{"count":0,"href":"https:\/\/cssdn.gouv.qc.ca\/alizemousserons\/wp-json\/wp\/v2\/pages\/18\/revisions"}],"wp:attachment":[{"href":"https:\/\/cssdn.gouv.qc.ca\/alizemousserons\/wp-json\/wp\/v2\/media?parent=18"}],"wp:term":[{"taxonomy":"category","embeddable":true,"href":"https:\/\/cssdn.gouv.qc.ca\/alizemousserons\/wp-json\/wp\/v2\/categories?post=18"},{"taxonomy":"post_tag","embeddable":true,"href":"https:\/\/cssdn.gouv.qc.ca\/alizemousserons\/wp-json\/wp\/v2\/tags?post=18"}],"curies":[{"name":"wp","href":"https:\/\/api.w.org\/{rel}","templated":true}]}}