
{"id":11,"date":"2022-11-08T16:07:54","date_gmt":"2022-11-08T21:07:54","guid":{"rendered":"https:\/\/cssdn.gouv.qc.ca\/auberiviere\/a-propos\/documentation-et-rapport-annuel\/"},"modified":"2025-10-31T15:18:27","modified_gmt":"2025-10-31T19:18:27","slug":"projet-educatif","status":"publish","type":"page","link":"https:\/\/cssdn.gouv.qc.ca\/auberiviere\/a-propos\/projet-educatif\/","title":{"rendered":"Documentation officielle"},"content":{"rendered":"\n<div class=\"wp-block-cover alignfull is-light is-style-title-banner\"><img decoding=\"async\" class=\"wp-block-cover__image-background wp-image-111 lazyload\" alt=\"\" data-src=\"https:\/\/stage.cssdn.gouv.qc.ca\/wp-content\/uploads\/2022\/08\/Seawire-Hero-06.jpg\" data-object-fit=\"cover\" src=\"data:image\/svg+xml;base64,PHN2ZyB3aWR0aD0iMSIgaGVpZ2h0PSIxIiB4bWxucz0iaHR0cDovL3d3dy53My5vcmcvMjAwMC9zdmciPjwvc3ZnPg==\" \/><span aria-hidden=\"true\" class=\"wp-block-cover__background has-primary-background-color has-background-dim\"><\/span><div class=\"wp-block-cover__inner-container\"><h3 class=\"wp-block-post-title\">Documentation officielle<\/h3><\/div><\/div>\n\n\n\n<div class=\"wp-block-group alignfull has-padding-y-large has-secondary-background-color has-background\"><div class=\"yoast-breadcrumbs alignwide \"><span class=\"breadcrumbs\"><a href=\"https:\/\/cssdn.gouv.qc.ca\/auberiviere\/\" class=\"breadcrumbs__element\">Accueil<\/a> <span class=\"breadcrumbs__separator\">\n        <svg class=\"icon icon-breadcrumb__separator\"><use xlink:href=\"#icon-breadcrumb__separator\"><\/use><\/svg>\n    <\/span> <a href=\"https:\/\/cssdn.gouv.qc.ca\/auberiviere\/a-propos\/\" class=\"breadcrumbs__element\">\u00c0 propos<\/a> <span class=\"breadcrumbs__separator\">\n        <svg class=\"icon icon-breadcrumb__separator\"><use xlink:href=\"#icon-breadcrumb__separator\"><\/use><\/svg>\n    <\/span> <span class=\"breadcrumbs__element breadcrumbs__element-current\">Documentation officielle<\/span><\/span><\/div><\/div>\n\n\n\n<h1 class=\"wp-block-heading\">Projet \u00e9ducatif<\/h1>\n\n\n\n<div class=\"wp-block-file\"><a id=\"wp-block-file--media-836a2d50-0df0-468a-953d-b2723895f6e1\" href=\"https:\/\/cssdn.gouv.qc.ca\/auberiviere\/wp-content\/uploads\/sites\/38\/2025\/08\/Auberiviere_projet-educatif-2023-2027-VA15novembre-2023.docx.pdf\">Projet \u00e9ducatif 2023-2027<\/a><a href=\"https:\/\/cssdn.gouv.qc.ca\/auberiviere\/wp-content\/uploads\/sites\/38\/2025\/08\/Auberiviere_projet-educatif-2023-2027-VA15novembre-2023.docx.pdf\" class=\"wp-block-file__button wp-element-button\" download aria-describedby=\"wp-block-file--media-836a2d50-0df0-468a-953d-b2723895f6e1\">Download<\/a><\/div>\n\n\n\n<h2 class=\"wp-block-heading\">Rapport annuel de gestion du conseil d\u2019\u00e9tablissement<\/h2>\n\n\n\n<h2 class=\"wp-block-heading\">Redditions de comptes du projet \u00e9ducatif<\/h2>\n\n\n\n<div class=\"wp-block-file\"><a id=\"wp-block-file--media-fb669a3c-0be1-47a4-8b59-a693e250c6e2\" href=\"https:\/\/cssdn.gouv.qc.ca\/auberiviere\/wp-content\/uploads\/sites\/38\/2023\/11\/Rapport-annuel-2022-2023-Auberiviere-022.pdf\">2022-2023<\/a><a href=\"https:\/\/cssdn.gouv.qc.ca\/auberiviere\/wp-content\/uploads\/sites\/38\/2023\/11\/Rapport-annuel-2022-2023-Auberiviere-022.pdf\" class=\"wp-block-file__button wp-element-button\" download aria-describedby=\"wp-block-file--media-fb669a3c-0be1-47a4-8b59-a693e250c6e2\">T\u00e9l\u00e9charger<\/a><\/div>\n\n\n\n<div class=\"wp-block-file\"><a id=\"wp-block-file--media-95e742c0-4420-4890-809d-6b0f9a1c6cd0\" href=\"https:\/\/cssdn.gouv.qc.ca\/auberiviere\/wp-content\/uploads\/sites\/38\/2023\/03\/2021-2022_rcpe-auberiviere.pdf\" target=\"_blank\" rel=\"noreferrer noopener\">2021-2022<\/a><\/div>\n\n\n\n<div class=\"wp-block-file\"><a id=\"wp-block-file--media-dc480b41-ab84-45ed-a426-8c5c537a1fc4\" href=\"https:\/\/cssdn.gouv.qc.ca\/auberiviere\/wp-content\/uploads\/sites\/38\/2023\/03\/rcpe_auberiviere_2020-2021.pdf\" target=\"_blank\" rel=\"noreferrer noopener\">2020-2021<\/a><\/div>\n\n\n\n<div class=\"wp-block-file\"><a id=\"wp-block-file--media-48769569-09b0-4dd4-931d-185c27c89eff\" href=\"https:\/\/cssdn.gouv.qc.ca\/auberiviere\/wp-content\/uploads\/sites\/38\/2023\/03\/ra_auberiviere_2019-2020.pdf\" target=\"_blank\" rel=\"noreferrer noopener\">2019-2020<\/a><\/div>\n\n\n\n<div class=\"wp-block-file\"><a id=\"wp-block-file--media-2f5975cf-7781-417d-8607-215534ca82d6\" href=\"https:\/\/cssdn.gouv.qc.ca\/auberiviere\/wp-content\/uploads\/sites\/38\/2023\/03\/ra_auberiviere1819.pdf\" target=\"_blank\" rel=\"noreferrer noopener\">2018-2019<\/a><\/div>\n\n\n\n<div class=\"wp-block-file\"><a id=\"wp-block-file--media-6fce0e7e-346e-4ab9-8126-480eae3ce31f\" href=\"https:\/\/cssdn.gouv.qc.ca\/auberiviere\/wp-content\/uploads\/sites\/38\/2023\/03\/ra_auberiviere1718.pdf\" target=\"_blank\" rel=\"noreferrer noopener\">2017-2018<\/a><\/div>\n\n\n\n<h1 class=\"wp-block-heading\">Plan de lutte contre la violence et l\u2019intimidation \u00e0 l\u2019\u00e9cole<\/h1>\n\n\n\n<p class=\"wp-block-paragraph\">Il est tr\u00e8s important pour l\u2019\u00e9quipe de s\u2019assurer que tous les \u00e9l\u00e8ves se sentent en s\u00e9curit\u00e9 \u00e0 l\u2019\u00e9cole.\u00a0 Il arrive malheureusement que certaines situations se produisent \u00e0 notre insu.\u00a0 C\u2019est la raison pour laquelle nous avons mis en place un billet de d\u00e9nonciation \u00e9lectronique\u00a0: <a href=\"https:\/\/docs.google.com\/forms\/d\/1ir52hty1qz213jvguPCdVlZALGU-YTlt7n5q_15W90A\/viewform?ts=656f775c&amp;edit_requested=true\">https:\/\/docs.google.com\/forms\/d\/1ir52hty1qz213jvguPCdVlZALGU-YTlt7n5q_15W90A\/viewform?ts=656f775c&amp;edit_requested=true<\/a>.\u00a0<br><br>Ce billet \u00e9lectronique de d\u00e9nonciation se retrouve aussi sur le site internet de l\u2019\u00e9cole.\u00a0 Vous y retrouverez aussi le plan de lutte de l\u2019Auberivi\u00e8re qui a \u00e9t\u00e9 adopt\u00e9 en juin dernier par le conseil d\u2019\u00e9tablissement.<\/p>\n\n\n\n<div class=\"wp-block-file\"><a id=\"wp-block-file--media-87ff63c6-e588-4b4d-ac37-685298779e4d\" href=\"https:\/\/cssdn.gouv.qc.ca\/auberiviere\/wp-content\/uploads\/sites\/38\/2025\/08\/Copie-de-Plan-de-lutte-_2025-26.docx.pdf\">Plan de lutte 2025-26<\/a><a href=\"https:\/\/cssdn.gouv.qc.ca\/auberiviere\/wp-content\/uploads\/sites\/38\/2025\/08\/Copie-de-Plan-de-lutte-_2025-26.docx.pdf\" class=\"wp-block-file__button wp-element-button\" download aria-describedby=\"wp-block-file--media-87ff63c6-e588-4b4d-ac37-685298779e4d\">T\u00e9l\u00e9charger<\/a><\/div>\n\n\n\n<div class=\"wp-block-file\"><a id=\"wp-block-file--media-27c07368-ceee-4dbe-8309-4b77202f7df0\" href=\"https:\/\/cssdn.gouv.qc.ca\/auberiviere\/wp-content\/uploads\/sites\/38\/2025\/08\/Document-explicatifPARENTS_Auberiviere-2025-26.docx-Google-Docs.pdf\">Document explicatif<\/a><a href=\"https:\/\/cssdn.gouv.qc.ca\/auberiviere\/wp-content\/uploads\/sites\/38\/2025\/08\/Document-explicatifPARENTS_Auberiviere-2025-26.docx-Google-Docs.pdf\" class=\"wp-block-file__button wp-element-button\" download aria-describedby=\"wp-block-file--media-27c07368-ceee-4dbe-8309-4b77202f7df0\">T\u00e9l\u00e9charger<\/a><\/div>\n\n\n\n<h2 class=\"wp-block-heading\">Code de vie<\/h2>\n\n\n\n<figure class=\"wp-block-image size-large\"><img decoding=\"async\" width=\"791\" height=\"1024\" data-src=\"https:\/\/cssdn.gouv.qc.ca\/auberiviere\/wp-content\/uploads\/sites\/38\/2025\/06\/Regles-de-vie-de-lecole-2024-2025-791x1024.png\" alt=\"\" class=\"wp-image-5770 lazyload\" data-srcset=\"https:\/\/cssdn.gouv.qc.ca\/auberiviere\/wp-content\/uploads\/sites\/38\/2025\/06\/Regles-de-vie-de-lecole-2024-2025-791x1024.png 791w, https:\/\/cssdn.gouv.qc.ca\/auberiviere\/wp-content\/uploads\/sites\/38\/2025\/06\/Regles-de-vie-de-lecole-2024-2025-232x300.png 232w, https:\/\/cssdn.gouv.qc.ca\/auberiviere\/wp-content\/uploads\/sites\/38\/2025\/06\/Regles-de-vie-de-lecole-2024-2025-768x994.png 768w, https:\/\/cssdn.gouv.qc.ca\/auberiviere\/wp-content\/uploads\/sites\/38\/2025\/06\/Regles-de-vie-de-lecole-2024-2025-1187x1536.png 1187w, https:\/\/cssdn.gouv.qc.ca\/auberiviere\/wp-content\/uploads\/sites\/38\/2025\/06\/Regles-de-vie-de-lecole-2024-2025.png 1545w\" data-sizes=\"(max-width: 791px) 100vw, 791px\" src=\"data:image\/svg+xml;base64,PHN2ZyB3aWR0aD0iMSIgaGVpZ2h0PSIxIiB4bWxucz0iaHR0cDovL3d3dy53My5vcmcvMjAwMC9zdmciPjwvc3ZnPg==\" style=\"--smush-placeholder-width: 791px; --smush-placeholder-aspect-ratio: 791\/1024;\" \/><\/figure>\n","protected":false},"excerpt":{"rendered":"<p>Projet \u00e9ducatif Rapport annuel de gestion du conseil d\u2019\u00e9tablissement Redditions de comptes du projet \u00e9ducatif Plan de lutte contre la violence et l\u2019intimidation \u00e0 l\u2019\u00e9cole Il est tr\u00e8s important pour l\u2019\u00e9quipe de s\u2019assurer que tous les \u00e9l\u00e8ves se sentent en s\u00e9curit\u00e9 \u00e0 l\u2019\u00e9cole.\u00a0 Il arrive malheureusement que certaines situations se produisent \u00e0 notre insu.\u00a0 C\u2019est [&hellip;]<\/p>\n","protected":false},"author":1,"featured_media":0,"parent":6,"menu_order":0,"comment_status":"closed","ping_status":"closed","template":"","meta":{"_acf_changed":false,"_crdt_document":"","inline_featured_image":false,"footnotes":""},"categories":[],"tags":[],"class_list":["post-11","page","type-page","status-publish","hentry"],"acf":[],"yoast_head":"<!-- This site is optimized with the Yoast SEO plugin v27.4 - https:\/\/yoast.com\/product\/yoast-seo-wordpress\/ -->\n<title>Documentation officielle - \u00c9cole De l\u2019Auberivi\u00e8re<\/title>\n<meta name=\"robots\" content=\"index, follow, max-snippet:-1, max-image-preview:large, max-video-preview:-1\" \/>\n<link rel=\"canonical\" href=\"https:\/\/cssdn.gouv.qc.ca\/auberiviere\/a-propos\/projet-educatif\/\" \/>\n<meta property=\"og:locale\" content=\"fr_CA\" \/>\n<meta property=\"og:type\" content=\"article\" \/>\n<meta property=\"og:title\" content=\"Documentation officielle - \u00c9cole De l\u2019Auberivi\u00e8re\" \/>\n<meta property=\"og:description\" content=\"Projet \u00e9ducatif Rapport annuel de gestion du conseil d\u2019\u00e9tablissement Redditions de comptes du projet \u00e9ducatif Plan de lutte contre la violence et l\u2019intimidation \u00e0 l\u2019\u00e9cole Il est tr\u00e8s important pour l\u2019\u00e9quipe de s\u2019assurer que tous les \u00e9l\u00e8ves se sentent en s\u00e9curit\u00e9 \u00e0 l\u2019\u00e9cole.\u00a0 Il arrive malheureusement que certaines situations se produisent \u00e0 notre insu.\u00a0 C\u2019est [&hellip;]\" \/>\n<meta property=\"og:url\" content=\"https:\/\/cssdn.gouv.qc.ca\/auberiviere\/a-propos\/projet-educatif\/\" \/>\n<meta property=\"og:site_name\" content=\"\u00c9cole De l\u2019Auberivi\u00e8re\" \/>\n<meta property=\"article:publisher\" content=\"https:\/\/www.facebook.com\/ecoledelAuberiviere\" \/>\n<meta property=\"article:modified_time\" content=\"2025-10-31T19:18:27+00:00\" \/>\n<meta name=\"twitter:card\" content=\"summary_large_image\" \/>\n<meta name=\"twitter:label1\" content=\"Estimation du temps de lecture\" \/>\n\t<meta name=\"twitter:data1\" content=\"2 minutes\" \/>\n<script type=\"application\/ld+json\" class=\"yoast-schema-graph\">{\"@context\":\"https:\\\/\\\/schema.org\",\"@graph\":[{\"@type\":\"WebPage\",\"@id\":\"https:\\\/\\\/cssdn.gouv.qc.ca\\\/auberiviere\\\/a-propos\\\/projet-educatif\\\/\",\"url\":\"https:\\\/\\\/cssdn.gouv.qc.ca\\\/auberiviere\\\/a-propos\\\/projet-educatif\\\/\",\"name\":\"Documentation officielle - \u00c9cole De l\u2019Auberivi\u00e8re\",\"isPartOf\":{\"@id\":\"https:\\\/\\\/cssdn.gouv.qc.ca\\\/auberiviere\\\/#website\"},\"primaryImageOfPage\":{\"@id\":\"https:\\\/\\\/cssdn.gouv.qc.ca\\\/auberiviere\\\/a-propos\\\/projet-educatif\\\/#primaryimage\"},\"image\":{\"@id\":\"https:\\\/\\\/cssdn.gouv.qc.ca\\\/auberiviere\\\/a-propos\\\/projet-educatif\\\/#primaryimage\"},\"thumbnailUrl\":\"https:\\\/\\\/stage.cssdn.gouv.qc.ca\\\/wp-content\\\/uploads\\\/2022\\\/08\\\/Seawire-Hero-06.jpg\",\"datePublished\":\"2022-11-08T21:07:54+00:00\",\"dateModified\":\"2025-10-31T19:18:27+00:00\",\"breadcrumb\":{\"@id\":\"https:\\\/\\\/cssdn.gouv.qc.ca\\\/auberiviere\\\/a-propos\\\/projet-educatif\\\/#breadcrumb\"},\"inLanguage\":\"fr-CA\",\"potentialAction\":[{\"@type\":\"ReadAction\",\"target\":[\"https:\\\/\\\/cssdn.gouv.qc.ca\\\/auberiviere\\\/a-propos\\\/projet-educatif\\\/\"]}]},{\"@type\":\"ImageObject\",\"inLanguage\":\"fr-CA\",\"@id\":\"https:\\\/\\\/cssdn.gouv.qc.ca\\\/auberiviere\\\/a-propos\\\/projet-educatif\\\/#primaryimage\",\"url\":\"https:\\\/\\\/stage.cssdn.gouv.qc.ca\\\/wp-content\\\/uploads\\\/2022\\\/08\\\/Seawire-Hero-06.jpg\",\"contentUrl\":\"https:\\\/\\\/stage.cssdn.gouv.qc.ca\\\/wp-content\\\/uploads\\\/2022\\\/08\\\/Seawire-Hero-06.jpg\"},{\"@type\":\"BreadcrumbList\",\"@id\":\"https:\\\/\\\/cssdn.gouv.qc.ca\\\/auberiviere\\\/a-propos\\\/projet-educatif\\\/#breadcrumb\",\"itemListElement\":[{\"@type\":\"ListItem\",\"position\":1,\"name\":\"Accueil\",\"item\":\"https:\\\/\\\/cssdn.gouv.qc.ca\\\/auberiviere\\\/\"},{\"@type\":\"ListItem\",\"position\":2,\"name\":\"\u00c0 propos\",\"item\":\"https:\\\/\\\/cssdn.gouv.qc.ca\\\/auberiviere\\\/a-propos\\\/\"},{\"@type\":\"ListItem\",\"position\":3,\"name\":\"Documentation officielle\"}]},{\"@type\":\"WebSite\",\"@id\":\"https:\\\/\\\/cssdn.gouv.qc.ca\\\/auberiviere\\\/#website\",\"url\":\"https:\\\/\\\/cssdn.gouv.qc.ca\\\/auberiviere\\\/\",\"name\":\"\u00c9cole De l\u2019Auberivi\u00e8re\",\"description\":\"Un site des centres de services scolaires des Navigateurs\",\"publisher\":{\"@id\":\"https:\\\/\\\/cssdn.gouv.qc.ca\\\/auberiviere\\\/#organization\"},\"potentialAction\":[{\"@type\":\"SearchAction\",\"target\":{\"@type\":\"EntryPoint\",\"urlTemplate\":\"https:\\\/\\\/cssdn.gouv.qc.ca\\\/auberiviere\\\/?s={search_term_string}\"},\"query-input\":{\"@type\":\"PropertyValueSpecification\",\"valueRequired\":true,\"valueName\":\"search_term_string\"}}],\"inLanguage\":\"fr-CA\"},{\"@type\":\"Organization\",\"@id\":\"https:\\\/\\\/cssdn.gouv.qc.ca\\\/auberiviere\\\/#organization\",\"name\":\"\u00c9cole De l\u2019Auberivi\u00e8re\",\"url\":\"https:\\\/\\\/cssdn.gouv.qc.ca\\\/auberiviere\\\/\",\"logo\":{\"@type\":\"ImageObject\",\"inLanguage\":\"fr-CA\",\"@id\":\"https:\\\/\\\/cssdn.gouv.qc.ca\\\/auberiviere\\\/#\\\/schema\\\/logo\\\/image\\\/\",\"url\":\"https:\\\/\\\/cssdn.gouv.qc.ca\\\/auberiviere\\\/wp-content\\\/uploads\\\/sites\\\/38\\\/2023\\\/01\\\/logo_quebec.svg\",\"contentUrl\":\"https:\\\/\\\/cssdn.gouv.qc.ca\\\/auberiviere\\\/wp-content\\\/uploads\\\/sites\\\/38\\\/2023\\\/01\\\/logo_quebec.svg\",\"width\":188,\"height\":41,\"caption\":\"\u00c9cole De l\u2019Auberivi\u00e8re\"},\"image\":{\"@id\":\"https:\\\/\\\/cssdn.gouv.qc.ca\\\/auberiviere\\\/#\\\/schema\\\/logo\\\/image\\\/\"},\"sameAs\":[\"https:\\\/\\\/www.facebook.com\\\/ecoledelAuberiviere\"]}]}<\/script>\n<!-- \/ Yoast SEO plugin. -->","yoast_head_json":{"title":"Documentation officielle - \u00c9cole De l\u2019Auberivi\u00e8re","robots":{"index":"index","follow":"follow","max-snippet":"max-snippet:-1","max-image-preview":"max-image-preview:large","max-video-preview":"max-video-preview:-1"},"canonical":"https:\/\/cssdn.gouv.qc.ca\/auberiviere\/a-propos\/projet-educatif\/","og_locale":"fr_CA","og_type":"article","og_title":"Documentation officielle - \u00c9cole De l\u2019Auberivi\u00e8re","og_description":"Projet \u00e9ducatif Rapport annuel de gestion du conseil d\u2019\u00e9tablissement Redditions de comptes du projet \u00e9ducatif Plan de lutte contre la violence et l\u2019intimidation \u00e0 l\u2019\u00e9cole Il est tr\u00e8s important pour l\u2019\u00e9quipe de s\u2019assurer que tous les \u00e9l\u00e8ves se sentent en s\u00e9curit\u00e9 \u00e0 l\u2019\u00e9cole.\u00a0 Il arrive malheureusement que certaines situations se produisent \u00e0 notre insu.\u00a0 C\u2019est [&hellip;]","og_url":"https:\/\/cssdn.gouv.qc.ca\/auberiviere\/a-propos\/projet-educatif\/","og_site_name":"\u00c9cole De l\u2019Auberivi\u00e8re","article_publisher":"https:\/\/www.facebook.com\/ecoledelAuberiviere","article_modified_time":"2025-10-31T19:18:27+00:00","twitter_card":"summary_large_image","twitter_misc":{"Estimation du temps de lecture":"2 minutes"},"schema":{"@context":"https:\/\/schema.org","@graph":[{"@type":"WebPage","@id":"https:\/\/cssdn.gouv.qc.ca\/auberiviere\/a-propos\/projet-educatif\/","url":"https:\/\/cssdn.gouv.qc.ca\/auberiviere\/a-propos\/projet-educatif\/","name":"Documentation officielle - \u00c9cole De l\u2019Auberivi\u00e8re","isPartOf":{"@id":"https:\/\/cssdn.gouv.qc.ca\/auberiviere\/#website"},"primaryImageOfPage":{"@id":"https:\/\/cssdn.gouv.qc.ca\/auberiviere\/a-propos\/projet-educatif\/#primaryimage"},"image":{"@id":"https:\/\/cssdn.gouv.qc.ca\/auberiviere\/a-propos\/projet-educatif\/#primaryimage"},"thumbnailUrl":"https:\/\/stage.cssdn.gouv.qc.ca\/wp-content\/uploads\/2022\/08\/Seawire-Hero-06.jpg","datePublished":"2022-11-08T21:07:54+00:00","dateModified":"2025-10-31T19:18:27+00:00","breadcrumb":{"@id":"https:\/\/cssdn.gouv.qc.ca\/auberiviere\/a-propos\/projet-educatif\/#breadcrumb"},"inLanguage":"fr-CA","potentialAction":[{"@type":"ReadAction","target":["https:\/\/cssdn.gouv.qc.ca\/auberiviere\/a-propos\/projet-educatif\/"]}]},{"@type":"ImageObject","inLanguage":"fr-CA","@id":"https:\/\/cssdn.gouv.qc.ca\/auberiviere\/a-propos\/projet-educatif\/#primaryimage","url":"https:\/\/stage.cssdn.gouv.qc.ca\/wp-content\/uploads\/2022\/08\/Seawire-Hero-06.jpg","contentUrl":"https:\/\/stage.cssdn.gouv.qc.ca\/wp-content\/uploads\/2022\/08\/Seawire-Hero-06.jpg"},{"@type":"BreadcrumbList","@id":"https:\/\/cssdn.gouv.qc.ca\/auberiviere\/a-propos\/projet-educatif\/#breadcrumb","itemListElement":[{"@type":"ListItem","position":1,"name":"Accueil","item":"https:\/\/cssdn.gouv.qc.ca\/auberiviere\/"},{"@type":"ListItem","position":2,"name":"\u00c0 propos","item":"https:\/\/cssdn.gouv.qc.ca\/auberiviere\/a-propos\/"},{"@type":"ListItem","position":3,"name":"Documentation officielle"}]},{"@type":"WebSite","@id":"https:\/\/cssdn.gouv.qc.ca\/auberiviere\/#website","url":"https:\/\/cssdn.gouv.qc.ca\/auberiviere\/","name":"\u00c9cole De l\u2019Auberivi\u00e8re","description":"Un site des centres de services scolaires des Navigateurs","publisher":{"@id":"https:\/\/cssdn.gouv.qc.ca\/auberiviere\/#organization"},"potentialAction":[{"@type":"SearchAction","target":{"@type":"EntryPoint","urlTemplate":"https:\/\/cssdn.gouv.qc.ca\/auberiviere\/?s={search_term_string}"},"query-input":{"@type":"PropertyValueSpecification","valueRequired":true,"valueName":"search_term_string"}}],"inLanguage":"fr-CA"},{"@type":"Organization","@id":"https:\/\/cssdn.gouv.qc.ca\/auberiviere\/#organization","name":"\u00c9cole De l\u2019Auberivi\u00e8re","url":"https:\/\/cssdn.gouv.qc.ca\/auberiviere\/","logo":{"@type":"ImageObject","inLanguage":"fr-CA","@id":"https:\/\/cssdn.gouv.qc.ca\/auberiviere\/#\/schema\/logo\/image\/","url":"https:\/\/cssdn.gouv.qc.ca\/auberiviere\/wp-content\/uploads\/sites\/38\/2023\/01\/logo_quebec.svg","contentUrl":"https:\/\/cssdn.gouv.qc.ca\/auberiviere\/wp-content\/uploads\/sites\/38\/2023\/01\/logo_quebec.svg","width":188,"height":41,"caption":"\u00c9cole De l\u2019Auberivi\u00e8re"},"image":{"@id":"https:\/\/cssdn.gouv.qc.ca\/auberiviere\/#\/schema\/logo\/image\/"},"sameAs":["https:\/\/www.facebook.com\/ecoledelAuberiviere"]}]}},"publishpress_future_action":{"enabled":false,"date":"2026-04-29 17:24:47","action":"change-status","newStatus":"draft","terms":[],"taxonomy":"category","extraData":[]},"publishpress_future_workflow_manual_trigger":{"enabledWorkflows":[]},"_links":{"self":[{"href":"https:\/\/cssdn.gouv.qc.ca\/auberiviere\/wp-json\/wp\/v2\/pages\/11","targetHints":{"allow":["GET"]}}],"collection":[{"href":"https:\/\/cssdn.gouv.qc.ca\/auberiviere\/wp-json\/wp\/v2\/pages"}],"about":[{"href":"https:\/\/cssdn.gouv.qc.ca\/auberiviere\/wp-json\/wp\/v2\/types\/page"}],"author":[{"embeddable":true,"href":"https:\/\/cssdn.gouv.qc.ca\/auberiviere\/wp-json\/wp\/v2\/users\/1"}],"replies":[{"embeddable":true,"href":"https:\/\/cssdn.gouv.qc.ca\/auberiviere\/wp-json\/wp\/v2\/comments?post=11"}],"version-history":[{"count":0,"href":"https:\/\/cssdn.gouv.qc.ca\/auberiviere\/wp-json\/wp\/v2\/pages\/11\/revisions"}],"up":[{"embeddable":true,"href":"https:\/\/cssdn.gouv.qc.ca\/auberiviere\/wp-json\/wp\/v2\/pages\/6"}],"wp:attachment":[{"href":"https:\/\/cssdn.gouv.qc.ca\/auberiviere\/wp-json\/wp\/v2\/media?parent=11"}],"wp:term":[{"taxonomy":"category","embeddable":true,"href":"https:\/\/cssdn.gouv.qc.ca\/auberiviere\/wp-json\/wp\/v2\/categories?post=11"},{"taxonomy":"post_tag","embeddable":true,"href":"https:\/\/cssdn.gouv.qc.ca\/auberiviere\/wp-json\/wp\/v2\/tags?post=11"}],"curies":[{"name":"wp","href":"https:\/\/api.w.org\/{rel}","templated":true}]}}