
{"id":14,"date":"2022-11-08T16:07:55","date_gmt":"2022-11-08T21:07:55","guid":{"rendered":"https:\/\/cssdn.gouv.qc.ca\/auberiviere\/informations-aux-parents\/renseignements-generaux\/"},"modified":"2025-12-15T15:19:24","modified_gmt":"2025-12-15T20:19:24","slug":"renseignements-generaux","status":"publish","type":"page","link":"https:\/\/cssdn.gouv.qc.ca\/auberiviere\/informations-aux-parents\/renseignements-generaux\/","title":{"rendered":"Renseignements g\u00e9n\u00e9raux"},"content":{"rendered":"\n<div class=\"wp-block-cover alignfull is-light is-style-title-banner\" style=\"min-height:363px;aspect-ratio:unset;\"><img decoding=\"async\" class=\"wp-block-cover__image-background wp-image-111 lazyload\" alt=\"\" data-src=\"https:\/\/stage.cssdn.gouv.qc.ca\/wp-content\/uploads\/2022\/08\/Seawire-Hero-06.jpg\" data-object-fit=\"cover\" src=\"data:image\/svg+xml;base64,PHN2ZyB3aWR0aD0iMSIgaGVpZ2h0PSIxIiB4bWxucz0iaHR0cDovL3d3dy53My5vcmcvMjAwMC9zdmciPjwvc3ZnPg==\" \/><span aria-hidden=\"true\" class=\"wp-block-cover__background has-primary-background-color has-background-dim\"><\/span><div class=\"wp-block-cover__inner-container\"><h3 class=\"wp-block-post-title\">Renseignements g\u00e9n\u00e9raux<\/h3><\/div><\/div>\n\n\n<div class=\"yoast-breadcrumbs\"><span class=\"breadcrumbs\"><a href=\"https:\/\/cssdn.gouv.qc.ca\/auberiviere\/\" class=\"breadcrumbs__element\">Accueil<\/a> <span class=\"breadcrumbs__separator\">\n        <svg class=\"icon icon-breadcrumb__separator\"><use xlink:href=\"#icon-breadcrumb__separator\"><\/use><\/svg>\n    <\/span> <a href=\"https:\/\/cssdn.gouv.qc.ca\/auberiviere\/informations-aux-parents\/\" class=\"breadcrumbs__element\">Informations aux parents<\/a> <span class=\"breadcrumbs__separator\">\n        <svg class=\"icon icon-breadcrumb__separator\"><use xlink:href=\"#icon-breadcrumb__separator\"><\/use><\/svg>\n    <\/span> <span class=\"breadcrumbs__element breadcrumbs__element-current\">Renseignements g\u00e9n\u00e9raux<\/span><\/span><\/div>\n\n\n<h2 class=\"wp-block-heading\">R\u00e8gles de vie<\/h2>\n\n\n\n<figure class=\"wp-block-image size-large\"><img decoding=\"async\" width=\"791\" height=\"1024\" data-src=\"https:\/\/cssdn.gouv.qc.ca\/auberiviere\/wp-content\/uploads\/sites\/38\/2025\/06\/Regles-de-vie-de-lecole-2024-2025-791x1024.png\" alt=\"\" class=\"wp-image-5770 lazyload\" data-srcset=\"https:\/\/cssdn.gouv.qc.ca\/auberiviere\/wp-content\/uploads\/sites\/38\/2025\/06\/Regles-de-vie-de-lecole-2024-2025-791x1024.png 791w, https:\/\/cssdn.gouv.qc.ca\/auberiviere\/wp-content\/uploads\/sites\/38\/2025\/06\/Regles-de-vie-de-lecole-2024-2025-232x300.png 232w, https:\/\/cssdn.gouv.qc.ca\/auberiviere\/wp-content\/uploads\/sites\/38\/2025\/06\/Regles-de-vie-de-lecole-2024-2025-768x994.png 768w, https:\/\/cssdn.gouv.qc.ca\/auberiviere\/wp-content\/uploads\/sites\/38\/2025\/06\/Regles-de-vie-de-lecole-2024-2025-1187x1536.png 1187w, https:\/\/cssdn.gouv.qc.ca\/auberiviere\/wp-content\/uploads\/sites\/38\/2025\/06\/Regles-de-vie-de-lecole-2024-2025.png 1545w\" data-sizes=\"(max-width: 791px) 100vw, 791px\" src=\"data:image\/svg+xml;base64,PHN2ZyB3aWR0aD0iMSIgaGVpZ2h0PSIxIiB4bWxucz0iaHR0cDovL3d3dy53My5vcmcvMjAwMC9zdmciPjwvc3ZnPg==\" style=\"--smush-placeholder-width: 791px; --smush-placeholder-aspect-ratio: 791\/1024;\" \/><\/figure>\n\n\n\n<h2 class=\"wp-block-heading\">Distribution d&rsquo;un m\u00e9dicament<\/h2>\n\n\n\n<div class=\"wp-block-file\"><a id=\"wp-block-file--media-3f868f01-f9b0-4023-8663-d96446e31b93\" href=\"https:\/\/cssdn.gouv.qc.ca\/auberiviere\/wp-content\/uploads\/sites\/38\/2025\/06\/4.09-Annexe_1_-_Autorisation_de_distribuer_des_medicaments_-_2001-2002.pdf\">4.09 -Annexe_1_-_Autorisation_de_distribuer_des_m\u00e9dicaments_-_2001-2002<\/a><a href=\"https:\/\/cssdn.gouv.qc.ca\/auberiviere\/wp-content\/uploads\/sites\/38\/2025\/06\/4.09-Annexe_1_-_Autorisation_de_distribuer_des_medicaments_-_2001-2002.pdf\" class=\"wp-block-file__button wp-element-button\" download aria-describedby=\"wp-block-file--media-3f868f01-f9b0-4023-8663-d96446e31b93\">T\u00e9l\u00e9charger<\/a><\/div>\n\n\n\n<div class=\"wp-block-file\"><a id=\"wp-block-file--media-d2e9ac4d-4810-4266-a4b7-b2cc921cfabf\" href=\"https:\/\/cssdn.gouv.qc.ca\/auberiviere\/wp-content\/uploads\/sites\/38\/2025\/06\/Distribution-dun-medicament.pdf\">Distribution d&rsquo;un m\u00e9dicament<\/a><a href=\"https:\/\/cssdn.gouv.qc.ca\/auberiviere\/wp-content\/uploads\/sites\/38\/2025\/06\/Distribution-dun-medicament.pdf\" class=\"wp-block-file__button wp-element-button\" download aria-describedby=\"wp-block-file--media-d2e9ac4d-4810-4266-a4b7-b2cc921cfabf\">T\u00e9l\u00e9charger<\/a><\/div>\n\n\n\n<h2 class=\"wp-block-heading\">Protecteur de l&rsquo;\u00e9l\u00e8ve<\/h2>\n\n\n\n<p class=\"wp-block-paragraph\">Le site du protecteur offre de l&rsquo;aide concernant:<\/p>\n\n\n\n<ul class=\"wp-block-list\">\n<li>Les instances de participation parentale<\/li>\n\n\n\n<li>La Loi sur l\u2019instruction publique<\/li>\n\n\n\n<li>La r\u00e9ussite de votre enfant<\/li>\n\n\n\n<li>Le bien-\u00eatre de votre enfant \u00e0 l\u2019\u00e9cole<\/li>\n\n\n\n<li>Les probl\u00e8mes de communication avec l\u2019\u00e9cole<\/li>\n<\/ul>\n\n\n\n<div class=\"wp-block-buttons\">\n<div class=\"wp-block-button\"><a class=\"wp-block-button__link wp-element-button\" href=\"https:\/\/www.fcpq.qc.ca\/parents\/protecteur-de-leleve\/\">Protecteur de l&rsquo;\u00e9l\u00e8ve <\/a><\/div>\n<\/div>\n\n\n\n<h2 class=\"wp-block-heading\"><strong>Absence, retard ou d\u00e9part h\u00e2tif en classe<\/strong><\/h2>\n\n\n\n<p class=\"wp-block-paragraph\"><strong>VIA LA PLATEFORME MOZA\u00cfK PORTAIL<\/strong><\/p>\n\n\n\n<p class=\"wp-block-paragraph\">Lorsque votre enfant s\u2019absente de l\u2019\u00e9cole, vous devez motiver son absence, son retard ou son d\u00e9part h\u00e2tif, via la plateforme Moza\u00efk portail, dans la tuile&nbsp;<strong>absences<\/strong>. Id\u00e9alement, vous devez le faire avant le d\u00e9but des classes. Pour plus de facilit\u00e9 et de rapidit\u00e9,&nbsp;<strong>T\u00c9L\u00c9CHARGEZ&nbsp;<\/strong>d\u00e8s maintenant l\u2019application&nbsp;<strong>MParent&nbsp;<\/strong>sur votre cellulaire ! Vous pouvez \u00e9galement motiver les absences de votre enfant \u00e0 l\u2019avance&nbsp;: par exemple, un rendez-vous m\u00e9dical ou avec un sp\u00e9cialiste.&nbsp;<\/p>\n\n\n\n<p class=\"wp-block-paragraph\">Lien pour l\u2019application&nbsp;<strong>MParent<\/strong>&nbsp;:&nbsp;&nbsp;<a href=\"https:\/\/can01.safelinks.protection.outlook.com\/?url=https%3A%2F%2Fgrics.ca%2Fmozaikportail%2Fmparent%2F&amp;data=04%7C01%7Cst-joseph%40csnavigateurs.qc.ca%7C48b8bf139620492dd30708d91abcd2d4%7C116b0fe7428e49b58982f9c63799268d%7C0%7C0%7C637570220548505362%7CUnknown%7CTWFpbGZsb3d8eyJWIjoiMC4wLjAwMDAiLCJQIjoiV2luMzIiLCJBTiI6Ik1haWwiLCJXVCI6Mn0%3D%7C1000&amp;sdata=IMpbquIA0FuC0d3AR3DPTJ2OYwv7org13xxVqh3mm3A%3D&amp;reserved=0\">https:\/\/grics.ca\/mozaikportail\/mparent\/<\/a><\/p>\n\n\n\n<p class=\"wp-block-paragraph\">Si vous \u00e9prouvez des probl\u00e8mes avec l\u2019application ou si vous n\u2019avez pas d\u2019internet, il sera possible de laisser un message par courriel \u00e0&nbsp;<a href=\"mailto:auberiviere@cssdn.gouv.qc.ca\">auberiviere@cssdn.gouv.qc.ca<\/a>&nbsp;ou sur la boite vocale de l\u2019\u00e9cole au 418-838-8553 poste 62201 en mentionnant le nom de l\u2019enfant, le nom de l\u2019enseignant,&nbsp;<strong>le motif et la dur\u00e9e de son absence<\/strong>. La s\u00e9curit\u00e9 de votre enfant en est ainsi assur\u00e9e. \u00c0 noter que l\u2019utilisation de Moza\u00efk portail est \u00e0 prioriser pour signaler l\u2019absence de votre enfant en tout temps.<\/p>\n\n\n\n<h2 class=\"wp-block-heading\"><strong>Absence, retard ou d\u00e9part h\u00e2tif au service de garde<\/strong><\/h2>\n\n\n\n<p class=\"wp-block-paragraph\"><strong>PAR COURRIEL OU PAR T\u00c9L\u00c9PHONE<\/strong>&nbsp;Si votre enfant fr\u00e9quente le&nbsp;<strong>service de garde<\/strong>, vous devez communiquer avec la responsable par courriel \u00e0&nbsp;<a href=\"mailto:service-garde.auberiviere@cssdn.gouv.qc.ca\">service-garde.auberiviere@cssdn.gouv.qc.ca<\/a>&nbsp;ou par t\u00e9l\u00e9phone 838-8553&nbsp; poste 62240. Pour tout&nbsp;<strong>changement \u00e0 l\u2019horaire habituel de votre&nbsp;enfant, s.v.p.&nbsp;avisez le secr\u00e9tariat ET le service de garde par courriel ou par t\u00e9l\u00e9phone.<\/strong><\/p>\n","protected":false},"excerpt":{"rendered":"<p>R\u00e8gles de vie Distribution d&rsquo;un m\u00e9dicament Protecteur de l&rsquo;\u00e9l\u00e8ve Le site du protecteur offre de l&rsquo;aide concernant: Absence, retard ou d\u00e9part h\u00e2tif en classe VIA LA PLATEFORME MOZA\u00cfK PORTAIL Lorsque votre enfant s\u2019absente de l\u2019\u00e9cole, vous devez motiver son absence, son retard ou son d\u00e9part h\u00e2tif, via la plateforme Moza\u00efk portail, dans la tuile&nbsp;absences. Id\u00e9alement, [&hellip;]<\/p>\n","protected":false},"author":1,"featured_media":0,"parent":13,"menu_order":0,"comment_status":"closed","ping_status":"closed","template":"","meta":{"_acf_changed":false,"_crdt_document":"","inline_featured_image":false,"footnotes":""},"categories":[],"tags":[],"class_list":["post-14","page","type-page","status-publish","hentry"],"acf":[],"yoast_head":"<!-- This site is optimized with the Yoast SEO plugin v27.3 - https:\/\/yoast.com\/product\/yoast-seo-wordpress\/ -->\n<title>Renseignements g\u00e9n\u00e9raux - \u00c9cole De l\u2019Auberivi\u00e8re<\/title>\n<meta name=\"robots\" content=\"index, follow, max-snippet:-1, max-image-preview:large, max-video-preview:-1\" \/>\n<link rel=\"canonical\" href=\"https:\/\/cssdn.gouv.qc.ca\/auberiviere\/informations-aux-parents\/renseignements-generaux\/\" \/>\n<meta property=\"og:locale\" content=\"fr_CA\" \/>\n<meta property=\"og:type\" content=\"article\" \/>\n<meta property=\"og:title\" content=\"Renseignements g\u00e9n\u00e9raux - \u00c9cole De l\u2019Auberivi\u00e8re\" \/>\n<meta property=\"og:description\" content=\"R\u00e8gles de vie Distribution d&rsquo;un m\u00e9dicament Protecteur de l&rsquo;\u00e9l\u00e8ve Le site du protecteur offre de l&rsquo;aide concernant: Absence, retard ou d\u00e9part h\u00e2tif en classe VIA LA PLATEFORME MOZA\u00cfK PORTAIL Lorsque votre enfant s\u2019absente de l\u2019\u00e9cole, vous devez motiver son absence, son retard ou son d\u00e9part h\u00e2tif, via la plateforme Moza\u00efk portail, dans la tuile&nbsp;absences. Id\u00e9alement, [&hellip;]\" \/>\n<meta property=\"og:url\" content=\"https:\/\/cssdn.gouv.qc.ca\/auberiviere\/informations-aux-parents\/renseignements-generaux\/\" \/>\n<meta property=\"og:site_name\" content=\"\u00c9cole De l\u2019Auberivi\u00e8re\" \/>\n<meta property=\"article:publisher\" content=\"https:\/\/www.facebook.com\/ecoledelAuberiviere\" \/>\n<meta property=\"article:modified_time\" content=\"2025-12-15T20:19:24+00:00\" \/>\n<meta name=\"twitter:card\" content=\"summary_large_image\" \/>\n<meta name=\"twitter:label1\" content=\"Estimation du temps de lecture\" \/>\n\t<meta name=\"twitter:data1\" content=\"2 minutes\" \/>\n<script type=\"application\/ld+json\" class=\"yoast-schema-graph\">{\"@context\":\"https:\\\/\\\/schema.org\",\"@graph\":[{\"@type\":\"WebPage\",\"@id\":\"https:\\\/\\\/cssdn.gouv.qc.ca\\\/auberiviere\\\/informations-aux-parents\\\/renseignements-generaux\\\/\",\"url\":\"https:\\\/\\\/cssdn.gouv.qc.ca\\\/auberiviere\\\/informations-aux-parents\\\/renseignements-generaux\\\/\",\"name\":\"Renseignements g\u00e9n\u00e9raux - \u00c9cole De l\u2019Auberivi\u00e8re\",\"isPartOf\":{\"@id\":\"https:\\\/\\\/cssdn.gouv.qc.ca\\\/auberiviere\\\/#website\"},\"primaryImageOfPage\":{\"@id\":\"https:\\\/\\\/cssdn.gouv.qc.ca\\\/auberiviere\\\/informations-aux-parents\\\/renseignements-generaux\\\/#primaryimage\"},\"image\":{\"@id\":\"https:\\\/\\\/cssdn.gouv.qc.ca\\\/auberiviere\\\/informations-aux-parents\\\/renseignements-generaux\\\/#primaryimage\"},\"thumbnailUrl\":\"https:\\\/\\\/stage.cssdn.gouv.qc.ca\\\/wp-content\\\/uploads\\\/2022\\\/08\\\/Seawire-Hero-06.jpg\",\"datePublished\":\"2022-11-08T21:07:55+00:00\",\"dateModified\":\"2025-12-15T20:19:24+00:00\",\"breadcrumb\":{\"@id\":\"https:\\\/\\\/cssdn.gouv.qc.ca\\\/auberiviere\\\/informations-aux-parents\\\/renseignements-generaux\\\/#breadcrumb\"},\"inLanguage\":\"fr-CA\",\"potentialAction\":[{\"@type\":\"ReadAction\",\"target\":[\"https:\\\/\\\/cssdn.gouv.qc.ca\\\/auberiviere\\\/informations-aux-parents\\\/renseignements-generaux\\\/\"]}]},{\"@type\":\"ImageObject\",\"inLanguage\":\"fr-CA\",\"@id\":\"https:\\\/\\\/cssdn.gouv.qc.ca\\\/auberiviere\\\/informations-aux-parents\\\/renseignements-generaux\\\/#primaryimage\",\"url\":\"https:\\\/\\\/stage.cssdn.gouv.qc.ca\\\/wp-content\\\/uploads\\\/2022\\\/08\\\/Seawire-Hero-06.jpg\",\"contentUrl\":\"https:\\\/\\\/stage.cssdn.gouv.qc.ca\\\/wp-content\\\/uploads\\\/2022\\\/08\\\/Seawire-Hero-06.jpg\"},{\"@type\":\"BreadcrumbList\",\"@id\":\"https:\\\/\\\/cssdn.gouv.qc.ca\\\/auberiviere\\\/informations-aux-parents\\\/renseignements-generaux\\\/#breadcrumb\",\"itemListElement\":[{\"@type\":\"ListItem\",\"position\":1,\"name\":\"Accueil\",\"item\":\"https:\\\/\\\/cssdn.gouv.qc.ca\\\/auberiviere\\\/\"},{\"@type\":\"ListItem\",\"position\":2,\"name\":\"Informations aux parents\",\"item\":\"https:\\\/\\\/cssdn.gouv.qc.ca\\\/auberiviere\\\/informations-aux-parents\\\/\"},{\"@type\":\"ListItem\",\"position\":3,\"name\":\"Renseignements g\u00e9n\u00e9raux\"}]},{\"@type\":\"WebSite\",\"@id\":\"https:\\\/\\\/cssdn.gouv.qc.ca\\\/auberiviere\\\/#website\",\"url\":\"https:\\\/\\\/cssdn.gouv.qc.ca\\\/auberiviere\\\/\",\"name\":\"\u00c9cole De l\u2019Auberivi\u00e8re\",\"description\":\"Un site des centres de services scolaires des Navigateurs\",\"publisher\":{\"@id\":\"https:\\\/\\\/cssdn.gouv.qc.ca\\\/auberiviere\\\/#organization\"},\"potentialAction\":[{\"@type\":\"SearchAction\",\"target\":{\"@type\":\"EntryPoint\",\"urlTemplate\":\"https:\\\/\\\/cssdn.gouv.qc.ca\\\/auberiviere\\\/?s={search_term_string}\"},\"query-input\":{\"@type\":\"PropertyValueSpecification\",\"valueRequired\":true,\"valueName\":\"search_term_string\"}}],\"inLanguage\":\"fr-CA\"},{\"@type\":\"Organization\",\"@id\":\"https:\\\/\\\/cssdn.gouv.qc.ca\\\/auberiviere\\\/#organization\",\"name\":\"\u00c9cole De l\u2019Auberivi\u00e8re\",\"url\":\"https:\\\/\\\/cssdn.gouv.qc.ca\\\/auberiviere\\\/\",\"logo\":{\"@type\":\"ImageObject\",\"inLanguage\":\"fr-CA\",\"@id\":\"https:\\\/\\\/cssdn.gouv.qc.ca\\\/auberiviere\\\/#\\\/schema\\\/logo\\\/image\\\/\",\"url\":\"https:\\\/\\\/cssdn.gouv.qc.ca\\\/auberiviere\\\/wp-content\\\/uploads\\\/sites\\\/38\\\/2023\\\/01\\\/logo_quebec.svg\",\"contentUrl\":\"https:\\\/\\\/cssdn.gouv.qc.ca\\\/auberiviere\\\/wp-content\\\/uploads\\\/sites\\\/38\\\/2023\\\/01\\\/logo_quebec.svg\",\"width\":188,\"height\":41,\"caption\":\"\u00c9cole De l\u2019Auberivi\u00e8re\"},\"image\":{\"@id\":\"https:\\\/\\\/cssdn.gouv.qc.ca\\\/auberiviere\\\/#\\\/schema\\\/logo\\\/image\\\/\"},\"sameAs\":[\"https:\\\/\\\/www.facebook.com\\\/ecoledelAuberiviere\"]}]}<\/script>\n<!-- \/ Yoast SEO plugin. -->","yoast_head_json":{"title":"Renseignements g\u00e9n\u00e9raux - \u00c9cole De l\u2019Auberivi\u00e8re","robots":{"index":"index","follow":"follow","max-snippet":"max-snippet:-1","max-image-preview":"max-image-preview:large","max-video-preview":"max-video-preview:-1"},"canonical":"https:\/\/cssdn.gouv.qc.ca\/auberiviere\/informations-aux-parents\/renseignements-generaux\/","og_locale":"fr_CA","og_type":"article","og_title":"Renseignements g\u00e9n\u00e9raux - \u00c9cole De l\u2019Auberivi\u00e8re","og_description":"R\u00e8gles de vie Distribution d&rsquo;un m\u00e9dicament Protecteur de l&rsquo;\u00e9l\u00e8ve Le site du protecteur offre de l&rsquo;aide concernant: Absence, retard ou d\u00e9part h\u00e2tif en classe VIA LA PLATEFORME MOZA\u00cfK PORTAIL Lorsque votre enfant s\u2019absente de l\u2019\u00e9cole, vous devez motiver son absence, son retard ou son d\u00e9part h\u00e2tif, via la plateforme Moza\u00efk portail, dans la tuile&nbsp;absences. Id\u00e9alement, [&hellip;]","og_url":"https:\/\/cssdn.gouv.qc.ca\/auberiviere\/informations-aux-parents\/renseignements-generaux\/","og_site_name":"\u00c9cole De l\u2019Auberivi\u00e8re","article_publisher":"https:\/\/www.facebook.com\/ecoledelAuberiviere","article_modified_time":"2025-12-15T20:19:24+00:00","twitter_card":"summary_large_image","twitter_misc":{"Estimation du temps de lecture":"2 minutes"},"schema":{"@context":"https:\/\/schema.org","@graph":[{"@type":"WebPage","@id":"https:\/\/cssdn.gouv.qc.ca\/auberiviere\/informations-aux-parents\/renseignements-generaux\/","url":"https:\/\/cssdn.gouv.qc.ca\/auberiviere\/informations-aux-parents\/renseignements-generaux\/","name":"Renseignements g\u00e9n\u00e9raux - \u00c9cole De l\u2019Auberivi\u00e8re","isPartOf":{"@id":"https:\/\/cssdn.gouv.qc.ca\/auberiviere\/#website"},"primaryImageOfPage":{"@id":"https:\/\/cssdn.gouv.qc.ca\/auberiviere\/informations-aux-parents\/renseignements-generaux\/#primaryimage"},"image":{"@id":"https:\/\/cssdn.gouv.qc.ca\/auberiviere\/informations-aux-parents\/renseignements-generaux\/#primaryimage"},"thumbnailUrl":"https:\/\/stage.cssdn.gouv.qc.ca\/wp-content\/uploads\/2022\/08\/Seawire-Hero-06.jpg","datePublished":"2022-11-08T21:07:55+00:00","dateModified":"2025-12-15T20:19:24+00:00","breadcrumb":{"@id":"https:\/\/cssdn.gouv.qc.ca\/auberiviere\/informations-aux-parents\/renseignements-generaux\/#breadcrumb"},"inLanguage":"fr-CA","potentialAction":[{"@type":"ReadAction","target":["https:\/\/cssdn.gouv.qc.ca\/auberiviere\/informations-aux-parents\/renseignements-generaux\/"]}]},{"@type":"ImageObject","inLanguage":"fr-CA","@id":"https:\/\/cssdn.gouv.qc.ca\/auberiviere\/informations-aux-parents\/renseignements-generaux\/#primaryimage","url":"https:\/\/stage.cssdn.gouv.qc.ca\/wp-content\/uploads\/2022\/08\/Seawire-Hero-06.jpg","contentUrl":"https:\/\/stage.cssdn.gouv.qc.ca\/wp-content\/uploads\/2022\/08\/Seawire-Hero-06.jpg"},{"@type":"BreadcrumbList","@id":"https:\/\/cssdn.gouv.qc.ca\/auberiviere\/informations-aux-parents\/renseignements-generaux\/#breadcrumb","itemListElement":[{"@type":"ListItem","position":1,"name":"Accueil","item":"https:\/\/cssdn.gouv.qc.ca\/auberiviere\/"},{"@type":"ListItem","position":2,"name":"Informations aux parents","item":"https:\/\/cssdn.gouv.qc.ca\/auberiviere\/informations-aux-parents\/"},{"@type":"ListItem","position":3,"name":"Renseignements g\u00e9n\u00e9raux"}]},{"@type":"WebSite","@id":"https:\/\/cssdn.gouv.qc.ca\/auberiviere\/#website","url":"https:\/\/cssdn.gouv.qc.ca\/auberiviere\/","name":"\u00c9cole De l\u2019Auberivi\u00e8re","description":"Un site des centres de services scolaires des Navigateurs","publisher":{"@id":"https:\/\/cssdn.gouv.qc.ca\/auberiviere\/#organization"},"potentialAction":[{"@type":"SearchAction","target":{"@type":"EntryPoint","urlTemplate":"https:\/\/cssdn.gouv.qc.ca\/auberiviere\/?s={search_term_string}"},"query-input":{"@type":"PropertyValueSpecification","valueRequired":true,"valueName":"search_term_string"}}],"inLanguage":"fr-CA"},{"@type":"Organization","@id":"https:\/\/cssdn.gouv.qc.ca\/auberiviere\/#organization","name":"\u00c9cole De l\u2019Auberivi\u00e8re","url":"https:\/\/cssdn.gouv.qc.ca\/auberiviere\/","logo":{"@type":"ImageObject","inLanguage":"fr-CA","@id":"https:\/\/cssdn.gouv.qc.ca\/auberiviere\/#\/schema\/logo\/image\/","url":"https:\/\/cssdn.gouv.qc.ca\/auberiviere\/wp-content\/uploads\/sites\/38\/2023\/01\/logo_quebec.svg","contentUrl":"https:\/\/cssdn.gouv.qc.ca\/auberiviere\/wp-content\/uploads\/sites\/38\/2023\/01\/logo_quebec.svg","width":188,"height":41,"caption":"\u00c9cole De l\u2019Auberivi\u00e8re"},"image":{"@id":"https:\/\/cssdn.gouv.qc.ca\/auberiviere\/#\/schema\/logo\/image\/"},"sameAs":["https:\/\/www.facebook.com\/ecoledelAuberiviere"]}]}},"publishpress_future_action":{"enabled":false,"date":"2026-04-21 08:15:41","action":"change-status","newStatus":"draft","terms":[],"taxonomy":"category","extraData":[]},"publishpress_future_workflow_manual_trigger":{"enabledWorkflows":[]},"_links":{"self":[{"href":"https:\/\/cssdn.gouv.qc.ca\/auberiviere\/wp-json\/wp\/v2\/pages\/14","targetHints":{"allow":["GET"]}}],"collection":[{"href":"https:\/\/cssdn.gouv.qc.ca\/auberiviere\/wp-json\/wp\/v2\/pages"}],"about":[{"href":"https:\/\/cssdn.gouv.qc.ca\/auberiviere\/wp-json\/wp\/v2\/types\/page"}],"author":[{"embeddable":true,"href":"https:\/\/cssdn.gouv.qc.ca\/auberiviere\/wp-json\/wp\/v2\/users\/1"}],"replies":[{"embeddable":true,"href":"https:\/\/cssdn.gouv.qc.ca\/auberiviere\/wp-json\/wp\/v2\/comments?post=14"}],"version-history":[{"count":0,"href":"https:\/\/cssdn.gouv.qc.ca\/auberiviere\/wp-json\/wp\/v2\/pages\/14\/revisions"}],"up":[{"embeddable":true,"href":"https:\/\/cssdn.gouv.qc.ca\/auberiviere\/wp-json\/wp\/v2\/pages\/13"}],"wp:attachment":[{"href":"https:\/\/cssdn.gouv.qc.ca\/auberiviere\/wp-json\/wp\/v2\/media?parent=14"}],"wp:term":[{"taxonomy":"category","embeddable":true,"href":"https:\/\/cssdn.gouv.qc.ca\/auberiviere\/wp-json\/wp\/v2\/categories?post=14"},{"taxonomy":"post_tag","embeddable":true,"href":"https:\/\/cssdn.gouv.qc.ca\/auberiviere\/wp-json\/wp\/v2\/tags?post=14"}],"curies":[{"name":"wp","href":"https:\/\/api.w.org\/{rel}","templated":true}]}}