
{"id":5566,"date":"2023-11-27T18:43:08","date_gmt":"2023-11-27T23:43:08","guid":{"rendered":"https:\/\/cssdn.gouv.qc.ca\/auberiviere\/?page_id=5566"},"modified":"2025-12-16T13:12:01","modified_gmt":"2025-12-16T18:12:01","slug":"plan-daction-de-lecole","status":"publish","type":"page","link":"https:\/\/cssdn.gouv.qc.ca\/auberiviere\/a-propos\/plan-daction-de-lecole\/","title":{"rendered":"Plan de lutte contre la violence et l&rsquo;intimidation"},"content":{"rendered":"\n<div class=\"wp-block-cover alignfull is-light is-style-title-banner\"><img decoding=\"async\" class=\"wp-block-cover__image-background wp-image-111 lazyload\" alt=\"\" data-src=\"https:\/\/stage.cssdn.gouv.qc.ca\/wp-content\/uploads\/2022\/08\/Seawire-Hero-06.jpg\" data-object-fit=\"cover\" src=\"data:image\/svg+xml;base64,PHN2ZyB3aWR0aD0iMSIgaGVpZ2h0PSIxIiB4bWxucz0iaHR0cDovL3d3dy53My5vcmcvMjAwMC9zdmciPjwvc3ZnPg==\" \/><span aria-hidden=\"true\" class=\"wp-block-cover__background has-background-dim\"><\/span><div class=\"wp-block-cover__inner-container\"><h3 class=\"wp-block-post-title\">Plan de lutte contre la violence et l&rsquo;intimidation<\/h3><\/div><\/div>\n\n\n\n<div class=\"wp-block-group alignfull has-padding-y-large has-secondary-background-color has-background\">\n<div class=\"wp-block-group\"><div class=\"yoast-breadcrumbs alignwide \"><span class=\"breadcrumbs\"><a href=\"https:\/\/cssdn.gouv.qc.ca\/auberiviere\/\" class=\"breadcrumbs__element\">Accueil<\/a> <span class=\"breadcrumbs__separator\">\n        <svg class=\"icon icon-breadcrumb__separator\"><use xlink:href=\"#icon-breadcrumb__separator\"><\/use><\/svg>\n    <\/span> <a href=\"https:\/\/cssdn.gouv.qc.ca\/auberiviere\/a-propos\/\" class=\"breadcrumbs__element\">\u00c0 propos<\/a> <span class=\"breadcrumbs__separator\">\n        <svg class=\"icon icon-breadcrumb__separator\"><use xlink:href=\"#icon-breadcrumb__separator\"><\/use><\/svg>\n    <\/span> <span class=\"breadcrumbs__element breadcrumbs__element-current\">Plan de lutte contre la violence et l&rsquo;intimidation<\/span><\/span><\/div><\/div>\n<\/div>\n\n\n\n<h2 class=\"wp-block-heading\">Plan de lutte contre l&rsquo;intimidation<\/h2>\n\n\n\n\n<p class=\"act-lead wp-block-paragraph\">Il est tr\u00e8s important pour l\u2019\u00e9quipe de s\u2019assurer que tous les \u00e9l\u00e8ves se sentent en s\u00e9curit\u00e9 \u00e0 l\u2019\u00e9cole.&nbsp; Il arrive malheureusement que certaines situations se produisent \u00e0 notre insu.&nbsp; C\u2019est la raison pour laquelle nous avons mis en place un billet de d\u00e9nonciation \u00e9lectronique&nbsp;: <a href=\"https:\/\/docs.google.com\/forms\/d\/1ir52hty1qz213jvguPCdVlZALGU-YTlt7n5q_15W90A\/viewform?ts=656f775c&amp;edit_requested=true\">https:\/\/docs.google.com\/forms\/d\/1ir52hty1qz213jvguPCdVlZALGU-YTlt7n5q_15W90A\/viewform?ts=656f775c&amp;edit_requested=true<\/a>.&nbsp;<br><br>Ce billet \u00e9lectronique de d\u00e9nonciation se retrouve aussi sur le site internet de l\u2019\u00e9cole.&nbsp; Vous y retrouverez aussi le plan de lutte de l\u2019Auberivi\u00e8re qui a \u00e9t\u00e9 adopt\u00e9 en juin dernier par le conseil d\u2019\u00e9tablissement.<br><\/p>\n\n\n\n\n<p class=\"wp-block-paragraph\"><\/p>\n\n\n\n<h2 class=\"wp-block-heading\">Plans d&rsquo;action de l&rsquo;\u00e9cole pour un milieu sain et s\u00e9curitaire<\/h2>\n\n\n\n<div class=\"wp-block-file\"><a id=\"wp-block-file--media-27c07368-ceee-4dbe-8309-4b77202f7df0\" href=\"https:\/\/cssdn.gouv.qc.ca\/auberiviere\/wp-content\/uploads\/sites\/38\/2025\/08\/Document-explicatifPARENTS_Auberiviere-2025-26.docx-Google-Docs.pdf\">Document explicatifPARENTS_Auberivi\u00e8re-2025-26.docx &#8211; Google&nbsp;Docs<\/a><a href=\"https:\/\/cssdn.gouv.qc.ca\/auberiviere\/wp-content\/uploads\/sites\/38\/2025\/08\/Document-explicatifPARENTS_Auberiviere-2025-26.docx-Google-Docs.pdf\" class=\"wp-block-file__button wp-element-button\" download aria-describedby=\"wp-block-file--media-27c07368-ceee-4dbe-8309-4b77202f7df0\">T\u00e9l\u00e9charger<\/a><\/div>\n\n\n\n\n<p class=\"act-lead wp-block-paragraph\">2025-2026<\/p>\n\n\n\n<nav class=\"align act-quick-links\">\n    <ul class=\"act-quick-links__wrapper\">\n            <\/ul>\n<\/nav>\n\n\n\n<div class=\"wp-block-file\"><a id=\"wp-block-file--media-87ff63c6-e588-4b4d-ac37-685298779e4d\" href=\"https:\/\/cssdn.gouv.qc.ca\/auberiviere\/wp-content\/uploads\/sites\/38\/2025\/08\/Copie-de-Plan-de-lutte-_2025-26.docx.pdf\">Copie de Plan de lutte _2025-26.docx<\/a><a href=\"https:\/\/cssdn.gouv.qc.ca\/auberiviere\/wp-content\/uploads\/sites\/38\/2025\/08\/Copie-de-Plan-de-lutte-_2025-26.docx.pdf\" class=\"wp-block-file__button wp-element-button\" download aria-describedby=\"wp-block-file--media-87ff63c6-e588-4b4d-ac37-685298779e4d\">T\u00e9l\u00e9charger<\/a><\/div>\n","protected":false},"excerpt":{"rendered":"<p>Plan de lutte contre l&rsquo;intimidation Plans d&rsquo;action de l&rsquo;\u00e9cole pour un milieu sain et s\u00e9curitaire<\/p>\n","protected":false},"author":194,"featured_media":0,"parent":6,"menu_order":0,"comment_status":"closed","ping_status":"closed","template":"","meta":{"_acf_changed":false,"_crdt_document":"","inline_featured_image":false,"footnotes":""},"categories":[],"tags":[],"class_list":["post-5566","page","type-page","status-publish","hentry"],"acf":[],"yoast_head":"<!-- This site is optimized with the Yoast SEO plugin v27.4 - https:\/\/yoast.com\/product\/yoast-seo-wordpress\/ -->\n<title>Plan de lutte contre la violence et l&#039;intimidation - \u00c9cole De l\u2019Auberivi\u00e8re<\/title>\n<meta name=\"robots\" content=\"index, follow, max-snippet:-1, max-image-preview:large, max-video-preview:-1\" \/>\n<link rel=\"canonical\" href=\"https:\/\/cssdn.gouv.qc.ca\/auberiviere\/a-propos\/plan-daction-de-lecole\/\" \/>\n<meta property=\"og:locale\" content=\"fr_CA\" \/>\n<meta property=\"og:type\" content=\"article\" \/>\n<meta property=\"og:title\" content=\"Plan de lutte contre la violence et l&#039;intimidation - \u00c9cole De l\u2019Auberivi\u00e8re\" \/>\n<meta property=\"og:description\" content=\"Plan de lutte contre l&rsquo;intimidation Plans d&rsquo;action de l&rsquo;\u00e9cole pour un milieu sain et s\u00e9curitaire\" \/>\n<meta property=\"og:url\" content=\"https:\/\/cssdn.gouv.qc.ca\/auberiviere\/a-propos\/plan-daction-de-lecole\/\" \/>\n<meta property=\"og:site_name\" content=\"\u00c9cole De l\u2019Auberivi\u00e8re\" \/>\n<meta property=\"article:publisher\" content=\"https:\/\/www.facebook.com\/ecoledelAuberiviere\" \/>\n<meta property=\"article:modified_time\" content=\"2025-12-16T18:12:01+00:00\" \/>\n<meta name=\"twitter:card\" content=\"summary_large_image\" \/>\n<meta name=\"twitter:label1\" content=\"Estimation du temps de lecture\" \/>\n\t<meta name=\"twitter:data1\" content=\"1 minute\" \/>\n<script type=\"application\/ld+json\" class=\"yoast-schema-graph\">{\"@context\":\"https:\\\/\\\/schema.org\",\"@graph\":[{\"@type\":\"WebPage\",\"@id\":\"https:\\\/\\\/cssdn.gouv.qc.ca\\\/auberiviere\\\/a-propos\\\/plan-daction-de-lecole\\\/\",\"url\":\"https:\\\/\\\/cssdn.gouv.qc.ca\\\/auberiviere\\\/a-propos\\\/plan-daction-de-lecole\\\/\",\"name\":\"Plan de lutte contre la violence et l'intimidation - \u00c9cole De l\u2019Auberivi\u00e8re\",\"isPartOf\":{\"@id\":\"https:\\\/\\\/cssdn.gouv.qc.ca\\\/auberiviere\\\/#website\"},\"primaryImageOfPage\":{\"@id\":\"https:\\\/\\\/cssdn.gouv.qc.ca\\\/auberiviere\\\/a-propos\\\/plan-daction-de-lecole\\\/#primaryimage\"},\"image\":{\"@id\":\"https:\\\/\\\/cssdn.gouv.qc.ca\\\/auberiviere\\\/a-propos\\\/plan-daction-de-lecole\\\/#primaryimage\"},\"thumbnailUrl\":\"https:\\\/\\\/stage.cssdn.gouv.qc.ca\\\/wp-content\\\/uploads\\\/2022\\\/08\\\/Seawire-Hero-06.jpg\",\"datePublished\":\"2023-11-27T23:43:08+00:00\",\"dateModified\":\"2025-12-16T18:12:01+00:00\",\"breadcrumb\":{\"@id\":\"https:\\\/\\\/cssdn.gouv.qc.ca\\\/auberiviere\\\/a-propos\\\/plan-daction-de-lecole\\\/#breadcrumb\"},\"inLanguage\":\"fr-CA\",\"potentialAction\":[{\"@type\":\"ReadAction\",\"target\":[\"https:\\\/\\\/cssdn.gouv.qc.ca\\\/auberiviere\\\/a-propos\\\/plan-daction-de-lecole\\\/\"]}]},{\"@type\":\"ImageObject\",\"inLanguage\":\"fr-CA\",\"@id\":\"https:\\\/\\\/cssdn.gouv.qc.ca\\\/auberiviere\\\/a-propos\\\/plan-daction-de-lecole\\\/#primaryimage\",\"url\":\"https:\\\/\\\/stage.cssdn.gouv.qc.ca\\\/wp-content\\\/uploads\\\/2022\\\/08\\\/Seawire-Hero-06.jpg\",\"contentUrl\":\"https:\\\/\\\/stage.cssdn.gouv.qc.ca\\\/wp-content\\\/uploads\\\/2022\\\/08\\\/Seawire-Hero-06.jpg\"},{\"@type\":\"BreadcrumbList\",\"@id\":\"https:\\\/\\\/cssdn.gouv.qc.ca\\\/auberiviere\\\/a-propos\\\/plan-daction-de-lecole\\\/#breadcrumb\",\"itemListElement\":[{\"@type\":\"ListItem\",\"position\":1,\"name\":\"Accueil\",\"item\":\"https:\\\/\\\/cssdn.gouv.qc.ca\\\/auberiviere\\\/\"},{\"@type\":\"ListItem\",\"position\":2,\"name\":\"\u00c0 propos\",\"item\":\"https:\\\/\\\/cssdn.gouv.qc.ca\\\/auberiviere\\\/a-propos\\\/\"},{\"@type\":\"ListItem\",\"position\":3,\"name\":\"Plan de lutte contre la violence et l&rsquo;intimidation\"}]},{\"@type\":\"WebSite\",\"@id\":\"https:\\\/\\\/cssdn.gouv.qc.ca\\\/auberiviere\\\/#website\",\"url\":\"https:\\\/\\\/cssdn.gouv.qc.ca\\\/auberiviere\\\/\",\"name\":\"\u00c9cole De l\u2019Auberivi\u00e8re\",\"description\":\"Un site des centres de services scolaires des Navigateurs\",\"publisher\":{\"@id\":\"https:\\\/\\\/cssdn.gouv.qc.ca\\\/auberiviere\\\/#organization\"},\"potentialAction\":[{\"@type\":\"SearchAction\",\"target\":{\"@type\":\"EntryPoint\",\"urlTemplate\":\"https:\\\/\\\/cssdn.gouv.qc.ca\\\/auberiviere\\\/?s={search_term_string}\"},\"query-input\":{\"@type\":\"PropertyValueSpecification\",\"valueRequired\":true,\"valueName\":\"search_term_string\"}}],\"inLanguage\":\"fr-CA\"},{\"@type\":\"Organization\",\"@id\":\"https:\\\/\\\/cssdn.gouv.qc.ca\\\/auberiviere\\\/#organization\",\"name\":\"\u00c9cole De l\u2019Auberivi\u00e8re\",\"url\":\"https:\\\/\\\/cssdn.gouv.qc.ca\\\/auberiviere\\\/\",\"logo\":{\"@type\":\"ImageObject\",\"inLanguage\":\"fr-CA\",\"@id\":\"https:\\\/\\\/cssdn.gouv.qc.ca\\\/auberiviere\\\/#\\\/schema\\\/logo\\\/image\\\/\",\"url\":\"https:\\\/\\\/cssdn.gouv.qc.ca\\\/auberiviere\\\/wp-content\\\/uploads\\\/sites\\\/38\\\/2023\\\/01\\\/logo_quebec.svg\",\"contentUrl\":\"https:\\\/\\\/cssdn.gouv.qc.ca\\\/auberiviere\\\/wp-content\\\/uploads\\\/sites\\\/38\\\/2023\\\/01\\\/logo_quebec.svg\",\"width\":188,\"height\":41,\"caption\":\"\u00c9cole De l\u2019Auberivi\u00e8re\"},\"image\":{\"@id\":\"https:\\\/\\\/cssdn.gouv.qc.ca\\\/auberiviere\\\/#\\\/schema\\\/logo\\\/image\\\/\"},\"sameAs\":[\"https:\\\/\\\/www.facebook.com\\\/ecoledelAuberiviere\"]}]}<\/script>\n<!-- \/ Yoast SEO plugin. -->","yoast_head_json":{"title":"Plan de lutte contre la violence et l'intimidation - \u00c9cole De l\u2019Auberivi\u00e8re","robots":{"index":"index","follow":"follow","max-snippet":"max-snippet:-1","max-image-preview":"max-image-preview:large","max-video-preview":"max-video-preview:-1"},"canonical":"https:\/\/cssdn.gouv.qc.ca\/auberiviere\/a-propos\/plan-daction-de-lecole\/","og_locale":"fr_CA","og_type":"article","og_title":"Plan de lutte contre la violence et l'intimidation - \u00c9cole De l\u2019Auberivi\u00e8re","og_description":"Plan de lutte contre l&rsquo;intimidation Plans d&rsquo;action de l&rsquo;\u00e9cole pour un milieu sain et s\u00e9curitaire","og_url":"https:\/\/cssdn.gouv.qc.ca\/auberiviere\/a-propos\/plan-daction-de-lecole\/","og_site_name":"\u00c9cole De l\u2019Auberivi\u00e8re","article_publisher":"https:\/\/www.facebook.com\/ecoledelAuberiviere","article_modified_time":"2025-12-16T18:12:01+00:00","twitter_card":"summary_large_image","twitter_misc":{"Estimation du temps de lecture":"1 minute"},"schema":{"@context":"https:\/\/schema.org","@graph":[{"@type":"WebPage","@id":"https:\/\/cssdn.gouv.qc.ca\/auberiviere\/a-propos\/plan-daction-de-lecole\/","url":"https:\/\/cssdn.gouv.qc.ca\/auberiviere\/a-propos\/plan-daction-de-lecole\/","name":"Plan de lutte contre la violence et l'intimidation - \u00c9cole De l\u2019Auberivi\u00e8re","isPartOf":{"@id":"https:\/\/cssdn.gouv.qc.ca\/auberiviere\/#website"},"primaryImageOfPage":{"@id":"https:\/\/cssdn.gouv.qc.ca\/auberiviere\/a-propos\/plan-daction-de-lecole\/#primaryimage"},"image":{"@id":"https:\/\/cssdn.gouv.qc.ca\/auberiviere\/a-propos\/plan-daction-de-lecole\/#primaryimage"},"thumbnailUrl":"https:\/\/stage.cssdn.gouv.qc.ca\/wp-content\/uploads\/2022\/08\/Seawire-Hero-06.jpg","datePublished":"2023-11-27T23:43:08+00:00","dateModified":"2025-12-16T18:12:01+00:00","breadcrumb":{"@id":"https:\/\/cssdn.gouv.qc.ca\/auberiviere\/a-propos\/plan-daction-de-lecole\/#breadcrumb"},"inLanguage":"fr-CA","potentialAction":[{"@type":"ReadAction","target":["https:\/\/cssdn.gouv.qc.ca\/auberiviere\/a-propos\/plan-daction-de-lecole\/"]}]},{"@type":"ImageObject","inLanguage":"fr-CA","@id":"https:\/\/cssdn.gouv.qc.ca\/auberiviere\/a-propos\/plan-daction-de-lecole\/#primaryimage","url":"https:\/\/stage.cssdn.gouv.qc.ca\/wp-content\/uploads\/2022\/08\/Seawire-Hero-06.jpg","contentUrl":"https:\/\/stage.cssdn.gouv.qc.ca\/wp-content\/uploads\/2022\/08\/Seawire-Hero-06.jpg"},{"@type":"BreadcrumbList","@id":"https:\/\/cssdn.gouv.qc.ca\/auberiviere\/a-propos\/plan-daction-de-lecole\/#breadcrumb","itemListElement":[{"@type":"ListItem","position":1,"name":"Accueil","item":"https:\/\/cssdn.gouv.qc.ca\/auberiviere\/"},{"@type":"ListItem","position":2,"name":"\u00c0 propos","item":"https:\/\/cssdn.gouv.qc.ca\/auberiviere\/a-propos\/"},{"@type":"ListItem","position":3,"name":"Plan de lutte contre la violence et l&rsquo;intimidation"}]},{"@type":"WebSite","@id":"https:\/\/cssdn.gouv.qc.ca\/auberiviere\/#website","url":"https:\/\/cssdn.gouv.qc.ca\/auberiviere\/","name":"\u00c9cole De l\u2019Auberivi\u00e8re","description":"Un site des centres de services scolaires des Navigateurs","publisher":{"@id":"https:\/\/cssdn.gouv.qc.ca\/auberiviere\/#organization"},"potentialAction":[{"@type":"SearchAction","target":{"@type":"EntryPoint","urlTemplate":"https:\/\/cssdn.gouv.qc.ca\/auberiviere\/?s={search_term_string}"},"query-input":{"@type":"PropertyValueSpecification","valueRequired":true,"valueName":"search_term_string"}}],"inLanguage":"fr-CA"},{"@type":"Organization","@id":"https:\/\/cssdn.gouv.qc.ca\/auberiviere\/#organization","name":"\u00c9cole De l\u2019Auberivi\u00e8re","url":"https:\/\/cssdn.gouv.qc.ca\/auberiviere\/","logo":{"@type":"ImageObject","inLanguage":"fr-CA","@id":"https:\/\/cssdn.gouv.qc.ca\/auberiviere\/#\/schema\/logo\/image\/","url":"https:\/\/cssdn.gouv.qc.ca\/auberiviere\/wp-content\/uploads\/sites\/38\/2023\/01\/logo_quebec.svg","contentUrl":"https:\/\/cssdn.gouv.qc.ca\/auberiviere\/wp-content\/uploads\/sites\/38\/2023\/01\/logo_quebec.svg","width":188,"height":41,"caption":"\u00c9cole De l\u2019Auberivi\u00e8re"},"image":{"@id":"https:\/\/cssdn.gouv.qc.ca\/auberiviere\/#\/schema\/logo\/image\/"},"sameAs":["https:\/\/www.facebook.com\/ecoledelAuberiviere"]}]}},"publishpress_future_action":{"enabled":false,"date":"2026-04-29 08:22:46","action":"change-status","newStatus":"draft","terms":[],"taxonomy":"category","extraData":[]},"publishpress_future_workflow_manual_trigger":{"enabledWorkflows":[]},"_links":{"self":[{"href":"https:\/\/cssdn.gouv.qc.ca\/auberiviere\/wp-json\/wp\/v2\/pages\/5566","targetHints":{"allow":["GET"]}}],"collection":[{"href":"https:\/\/cssdn.gouv.qc.ca\/auberiviere\/wp-json\/wp\/v2\/pages"}],"about":[{"href":"https:\/\/cssdn.gouv.qc.ca\/auberiviere\/wp-json\/wp\/v2\/types\/page"}],"author":[{"embeddable":true,"href":"https:\/\/cssdn.gouv.qc.ca\/auberiviere\/wp-json\/wp\/v2\/users\/194"}],"replies":[{"embeddable":true,"href":"https:\/\/cssdn.gouv.qc.ca\/auberiviere\/wp-json\/wp\/v2\/comments?post=5566"}],"version-history":[{"count":0,"href":"https:\/\/cssdn.gouv.qc.ca\/auberiviere\/wp-json\/wp\/v2\/pages\/5566\/revisions"}],"up":[{"embeddable":true,"href":"https:\/\/cssdn.gouv.qc.ca\/auberiviere\/wp-json\/wp\/v2\/pages\/6"}],"wp:attachment":[{"href":"https:\/\/cssdn.gouv.qc.ca\/auberiviere\/wp-json\/wp\/v2\/media?parent=5566"}],"wp:term":[{"taxonomy":"category","embeddable":true,"href":"https:\/\/cssdn.gouv.qc.ca\/auberiviere\/wp-json\/wp\/v2\/categories?post=5566"},{"taxonomy":"post_tag","embeddable":true,"href":"https:\/\/cssdn.gouv.qc.ca\/auberiviere\/wp-json\/wp\/v2\/tags?post=5566"}],"curies":[{"name":"wp","href":"https:\/\/api.w.org\/{rel}","templated":true}]}}