
{"id":5617,"date":"2023-12-05T14:00:08","date_gmt":"2023-12-05T19:00:08","guid":{"rendered":"https:\/\/cssdn.gouv.qc.ca\/auberiviere\/?page_id=5617"},"modified":"2025-12-16T12:11:25","modified_gmt":"2025-12-16T17:11:25","slug":"parcours-parents","status":"publish","type":"page","link":"https:\/\/cssdn.gouv.qc.ca\/auberiviere\/informations-aux-parents\/parcours-parents\/","title":{"rendered":"Parcours Parents"},"content":{"rendered":"\n<div class=\"wp-block-cover alignfull is-light is-style-title-banner\"><span aria-hidden=\"true\" class=\"wp-block-cover__background has-background-dim\"><\/span><img decoding=\"async\" class=\"wp-block-cover__image-background wp-image-111 lazyload\" alt=\"\" data-src=\"https:\/\/stage.cssdn.gouv.qc.ca\/wp-content\/uploads\/2022\/08\/Seawire-Hero-06.jpg\" data-object-fit=\"cover\" src=\"data:image\/svg+xml;base64,PHN2ZyB3aWR0aD0iMSIgaGVpZ2h0PSIxIiB4bWxucz0iaHR0cDovL3d3dy53My5vcmcvMjAwMC9zdmciPjwvc3ZnPg==\" \/><div class=\"wp-block-cover__inner-container\"><h3 class=\"wp-block-post-title\">Parcours Parents<\/h3><\/div><\/div>\n\n\n\n<div class=\"wp-block-group alignfull has-padding-y-large has-secondary-background-color has-background\"><div class=\"yoast-breadcrumbs alignwide \"><span class=\"breadcrumbs\"><a href=\"https:\/\/cssdn.gouv.qc.ca\/auberiviere\/\" class=\"breadcrumbs__element\">Accueil<\/a> <span class=\"breadcrumbs__separator\">\n        <svg class=\"icon icon-breadcrumb__separator\"><use xlink:href=\"#icon-breadcrumb__separator\"><\/use><\/svg>\n    <\/span> <a href=\"https:\/\/cssdn.gouv.qc.ca\/auberiviere\/informations-aux-parents\/\" class=\"breadcrumbs__element\">Informations aux parents<\/a> <span class=\"breadcrumbs__separator\">\n        <svg class=\"icon icon-breadcrumb__separator\"><use xlink:href=\"#icon-breadcrumb__separator\"><\/use><\/svg>\n    <\/span> <span class=\"breadcrumbs__element breadcrumbs__element-current\">Parcours Parents<\/span><\/span><\/div><\/div>\n\n\n\n<h1 class=\"wp-block-heading\">Parcours Parents<\/h1>\n\n\n\n<div class=\"wp-block-buttons\">\n<div class=\"wp-block-button\"><a class=\"wp-block-button__link wp-element-button\" href=\"http:\/\/Aidersonenfant.com\">Site: Parcours Parents<\/a><\/div>\n<\/div>\n\n\n\n\n<p class=\"act-lead wp-block-paragraph\">En tant que parents vous vous sentez parfois d\u00e9pass\u00e9 par certains enjeux que vivent vos enfants ou adolescents? Anxi\u00e9t\u00e9 de performance, gestion des \u00e9crans et jeux vid\u00e9o, impulsivit\u00e9, intimidation, perte de motivation, etc.?<br>Vous n\u2019\u00eates plus seul:\u00a0Les\u00a0<strong>Parcours Parents<\/strong>\u00a0d\u2019Aidersonenfant.com vous accompagnent.\u00a0<br>Les\u00a0conseils vid\u00e9o de sp\u00e9cialistes chevronn\u00e9s vous sont offerts gratuitement par l\u2019\u00e9cole et vous donnent\u00a0<strong>acc\u00e8s<\/strong>\u00a0\u00e0 une s\u00e9rie de plus de\u00a0<strong>200 capsules\u00a0<\/strong>que vous pourrez regarder de la maison! Et \u00e7a inclut 22 \u00e9v\u00e9nements en direct sur le web pour que vous puissiez poser vos questions \u00e0 ces m\u00eames experts.\u00a0<br>C\u2019est l\u2019occasion pour les parents d\u2019avoir des\u00a0<strong>r\u00e9ponses concr\u00e8tes<\/strong>\u00a0\u00e0 leurs questions qui sont faciles \u00e0 appliquer au quotidien. Pas de p\u00e9nurie,\u00a0<strong>pas de liste d\u2019attente<\/strong>.\u00a0Enfin du renfort! Profitez-en d\u00e8s maintenant!<br><br>Les parents de l&rsquo;\u00e9cole ont re\u00e7u l&rsquo;acc\u00e8s \u00e0 la plateforme par courriel. <br><em>Au besoin, \u00e9crire \u00e0 <a href=\"mailto:auberviere@cssdn.gouv.qc.ca\">auberviere@cssdn.gouv.qc.ca<\/a> pour plus d&rsquo;informations.<\/em><br>\u00a0<br><\/p>\n\n","protected":false},"excerpt":{"rendered":"<p>Parcours Parents<\/p>\n","protected":false},"author":194,"featured_media":0,"parent":13,"menu_order":0,"comment_status":"closed","ping_status":"closed","template":"","meta":{"_acf_changed":false,"_crdt_document":"","inline_featured_image":false,"footnotes":""},"categories":[],"tags":[],"class_list":["post-5617","page","type-page","status-publish","hentry"],"acf":[],"yoast_head":"<!-- This site is optimized with the Yoast SEO plugin v27.3 - https:\/\/yoast.com\/product\/yoast-seo-wordpress\/ -->\n<title>Parcours Parents - \u00c9cole De l\u2019Auberivi\u00e8re<\/title>\n<meta name=\"robots\" content=\"index, follow, max-snippet:-1, max-image-preview:large, max-video-preview:-1\" \/>\n<link rel=\"canonical\" href=\"https:\/\/cssdn.gouv.qc.ca\/auberiviere\/informations-aux-parents\/parcours-parents\/\" \/>\n<meta property=\"og:locale\" content=\"fr_CA\" \/>\n<meta property=\"og:type\" content=\"article\" \/>\n<meta property=\"og:title\" content=\"Parcours Parents - \u00c9cole De l\u2019Auberivi\u00e8re\" \/>\n<meta property=\"og:description\" content=\"Parcours Parents\" \/>\n<meta property=\"og:url\" content=\"https:\/\/cssdn.gouv.qc.ca\/auberiviere\/informations-aux-parents\/parcours-parents\/\" \/>\n<meta property=\"og:site_name\" content=\"\u00c9cole De l\u2019Auberivi\u00e8re\" \/>\n<meta property=\"article:publisher\" content=\"https:\/\/www.facebook.com\/ecoledelAuberiviere\" \/>\n<meta property=\"article:modified_time\" content=\"2025-12-16T17:11:25+00:00\" \/>\n<meta name=\"twitter:card\" content=\"summary_large_image\" \/>\n<meta name=\"twitter:label1\" content=\"Estimation du temps de lecture\" \/>\n\t<meta name=\"twitter:data1\" content=\"1 minute\" \/>\n<script type=\"application\/ld+json\" class=\"yoast-schema-graph\">{\"@context\":\"https:\\\/\\\/schema.org\",\"@graph\":[{\"@type\":\"WebPage\",\"@id\":\"https:\\\/\\\/cssdn.gouv.qc.ca\\\/auberiviere\\\/informations-aux-parents\\\/parcours-parents\\\/\",\"url\":\"https:\\\/\\\/cssdn.gouv.qc.ca\\\/auberiviere\\\/informations-aux-parents\\\/parcours-parents\\\/\",\"name\":\"Parcours Parents - \u00c9cole De l\u2019Auberivi\u00e8re\",\"isPartOf\":{\"@id\":\"https:\\\/\\\/cssdn.gouv.qc.ca\\\/auberiviere\\\/#website\"},\"primaryImageOfPage\":{\"@id\":\"https:\\\/\\\/cssdn.gouv.qc.ca\\\/auberiviere\\\/informations-aux-parents\\\/parcours-parents\\\/#primaryimage\"},\"image\":{\"@id\":\"https:\\\/\\\/cssdn.gouv.qc.ca\\\/auberiviere\\\/informations-aux-parents\\\/parcours-parents\\\/#primaryimage\"},\"thumbnailUrl\":\"https:\\\/\\\/stage.cssdn.gouv.qc.ca\\\/wp-content\\\/uploads\\\/2022\\\/08\\\/Seawire-Hero-06.jpg\",\"datePublished\":\"2023-12-05T19:00:08+00:00\",\"dateModified\":\"2025-12-16T17:11:25+00:00\",\"breadcrumb\":{\"@id\":\"https:\\\/\\\/cssdn.gouv.qc.ca\\\/auberiviere\\\/informations-aux-parents\\\/parcours-parents\\\/#breadcrumb\"},\"inLanguage\":\"fr-CA\",\"potentialAction\":[{\"@type\":\"ReadAction\",\"target\":[\"https:\\\/\\\/cssdn.gouv.qc.ca\\\/auberiviere\\\/informations-aux-parents\\\/parcours-parents\\\/\"]}]},{\"@type\":\"ImageObject\",\"inLanguage\":\"fr-CA\",\"@id\":\"https:\\\/\\\/cssdn.gouv.qc.ca\\\/auberiviere\\\/informations-aux-parents\\\/parcours-parents\\\/#primaryimage\",\"url\":\"https:\\\/\\\/stage.cssdn.gouv.qc.ca\\\/wp-content\\\/uploads\\\/2022\\\/08\\\/Seawire-Hero-06.jpg\",\"contentUrl\":\"https:\\\/\\\/stage.cssdn.gouv.qc.ca\\\/wp-content\\\/uploads\\\/2022\\\/08\\\/Seawire-Hero-06.jpg\"},{\"@type\":\"BreadcrumbList\",\"@id\":\"https:\\\/\\\/cssdn.gouv.qc.ca\\\/auberiviere\\\/informations-aux-parents\\\/parcours-parents\\\/#breadcrumb\",\"itemListElement\":[{\"@type\":\"ListItem\",\"position\":1,\"name\":\"Accueil\",\"item\":\"https:\\\/\\\/cssdn.gouv.qc.ca\\\/auberiviere\\\/\"},{\"@type\":\"ListItem\",\"position\":2,\"name\":\"Informations aux parents\",\"item\":\"https:\\\/\\\/cssdn.gouv.qc.ca\\\/auberiviere\\\/informations-aux-parents\\\/\"},{\"@type\":\"ListItem\",\"position\":3,\"name\":\"Parcours Parents\"}]},{\"@type\":\"WebSite\",\"@id\":\"https:\\\/\\\/cssdn.gouv.qc.ca\\\/auberiviere\\\/#website\",\"url\":\"https:\\\/\\\/cssdn.gouv.qc.ca\\\/auberiviere\\\/\",\"name\":\"\u00c9cole De l\u2019Auberivi\u00e8re\",\"description\":\"Un site des centres de services scolaires des Navigateurs\",\"publisher\":{\"@id\":\"https:\\\/\\\/cssdn.gouv.qc.ca\\\/auberiviere\\\/#organization\"},\"potentialAction\":[{\"@type\":\"SearchAction\",\"target\":{\"@type\":\"EntryPoint\",\"urlTemplate\":\"https:\\\/\\\/cssdn.gouv.qc.ca\\\/auberiviere\\\/?s={search_term_string}\"},\"query-input\":{\"@type\":\"PropertyValueSpecification\",\"valueRequired\":true,\"valueName\":\"search_term_string\"}}],\"inLanguage\":\"fr-CA\"},{\"@type\":\"Organization\",\"@id\":\"https:\\\/\\\/cssdn.gouv.qc.ca\\\/auberiviere\\\/#organization\",\"name\":\"\u00c9cole De l\u2019Auberivi\u00e8re\",\"url\":\"https:\\\/\\\/cssdn.gouv.qc.ca\\\/auberiviere\\\/\",\"logo\":{\"@type\":\"ImageObject\",\"inLanguage\":\"fr-CA\",\"@id\":\"https:\\\/\\\/cssdn.gouv.qc.ca\\\/auberiviere\\\/#\\\/schema\\\/logo\\\/image\\\/\",\"url\":\"https:\\\/\\\/cssdn.gouv.qc.ca\\\/auberiviere\\\/wp-content\\\/uploads\\\/sites\\\/38\\\/2023\\\/01\\\/logo_quebec.svg\",\"contentUrl\":\"https:\\\/\\\/cssdn.gouv.qc.ca\\\/auberiviere\\\/wp-content\\\/uploads\\\/sites\\\/38\\\/2023\\\/01\\\/logo_quebec.svg\",\"width\":188,\"height\":41,\"caption\":\"\u00c9cole De l\u2019Auberivi\u00e8re\"},\"image\":{\"@id\":\"https:\\\/\\\/cssdn.gouv.qc.ca\\\/auberiviere\\\/#\\\/schema\\\/logo\\\/image\\\/\"},\"sameAs\":[\"https:\\\/\\\/www.facebook.com\\\/ecoledelAuberiviere\"]}]}<\/script>\n<!-- \/ Yoast SEO plugin. -->","yoast_head_json":{"title":"Parcours Parents - \u00c9cole De l\u2019Auberivi\u00e8re","robots":{"index":"index","follow":"follow","max-snippet":"max-snippet:-1","max-image-preview":"max-image-preview:large","max-video-preview":"max-video-preview:-1"},"canonical":"https:\/\/cssdn.gouv.qc.ca\/auberiviere\/informations-aux-parents\/parcours-parents\/","og_locale":"fr_CA","og_type":"article","og_title":"Parcours Parents - \u00c9cole De l\u2019Auberivi\u00e8re","og_description":"Parcours Parents","og_url":"https:\/\/cssdn.gouv.qc.ca\/auberiviere\/informations-aux-parents\/parcours-parents\/","og_site_name":"\u00c9cole De l\u2019Auberivi\u00e8re","article_publisher":"https:\/\/www.facebook.com\/ecoledelAuberiviere","article_modified_time":"2025-12-16T17:11:25+00:00","twitter_card":"summary_large_image","twitter_misc":{"Estimation du temps de lecture":"1 minute"},"schema":{"@context":"https:\/\/schema.org","@graph":[{"@type":"WebPage","@id":"https:\/\/cssdn.gouv.qc.ca\/auberiviere\/informations-aux-parents\/parcours-parents\/","url":"https:\/\/cssdn.gouv.qc.ca\/auberiviere\/informations-aux-parents\/parcours-parents\/","name":"Parcours Parents - \u00c9cole De l\u2019Auberivi\u00e8re","isPartOf":{"@id":"https:\/\/cssdn.gouv.qc.ca\/auberiviere\/#website"},"primaryImageOfPage":{"@id":"https:\/\/cssdn.gouv.qc.ca\/auberiviere\/informations-aux-parents\/parcours-parents\/#primaryimage"},"image":{"@id":"https:\/\/cssdn.gouv.qc.ca\/auberiviere\/informations-aux-parents\/parcours-parents\/#primaryimage"},"thumbnailUrl":"https:\/\/stage.cssdn.gouv.qc.ca\/wp-content\/uploads\/2022\/08\/Seawire-Hero-06.jpg","datePublished":"2023-12-05T19:00:08+00:00","dateModified":"2025-12-16T17:11:25+00:00","breadcrumb":{"@id":"https:\/\/cssdn.gouv.qc.ca\/auberiviere\/informations-aux-parents\/parcours-parents\/#breadcrumb"},"inLanguage":"fr-CA","potentialAction":[{"@type":"ReadAction","target":["https:\/\/cssdn.gouv.qc.ca\/auberiviere\/informations-aux-parents\/parcours-parents\/"]}]},{"@type":"ImageObject","inLanguage":"fr-CA","@id":"https:\/\/cssdn.gouv.qc.ca\/auberiviere\/informations-aux-parents\/parcours-parents\/#primaryimage","url":"https:\/\/stage.cssdn.gouv.qc.ca\/wp-content\/uploads\/2022\/08\/Seawire-Hero-06.jpg","contentUrl":"https:\/\/stage.cssdn.gouv.qc.ca\/wp-content\/uploads\/2022\/08\/Seawire-Hero-06.jpg"},{"@type":"BreadcrumbList","@id":"https:\/\/cssdn.gouv.qc.ca\/auberiviere\/informations-aux-parents\/parcours-parents\/#breadcrumb","itemListElement":[{"@type":"ListItem","position":1,"name":"Accueil","item":"https:\/\/cssdn.gouv.qc.ca\/auberiviere\/"},{"@type":"ListItem","position":2,"name":"Informations aux parents","item":"https:\/\/cssdn.gouv.qc.ca\/auberiviere\/informations-aux-parents\/"},{"@type":"ListItem","position":3,"name":"Parcours Parents"}]},{"@type":"WebSite","@id":"https:\/\/cssdn.gouv.qc.ca\/auberiviere\/#website","url":"https:\/\/cssdn.gouv.qc.ca\/auberiviere\/","name":"\u00c9cole De l\u2019Auberivi\u00e8re","description":"Un site des centres de services scolaires des Navigateurs","publisher":{"@id":"https:\/\/cssdn.gouv.qc.ca\/auberiviere\/#organization"},"potentialAction":[{"@type":"SearchAction","target":{"@type":"EntryPoint","urlTemplate":"https:\/\/cssdn.gouv.qc.ca\/auberiviere\/?s={search_term_string}"},"query-input":{"@type":"PropertyValueSpecification","valueRequired":true,"valueName":"search_term_string"}}],"inLanguage":"fr-CA"},{"@type":"Organization","@id":"https:\/\/cssdn.gouv.qc.ca\/auberiviere\/#organization","name":"\u00c9cole De l\u2019Auberivi\u00e8re","url":"https:\/\/cssdn.gouv.qc.ca\/auberiviere\/","logo":{"@type":"ImageObject","inLanguage":"fr-CA","@id":"https:\/\/cssdn.gouv.qc.ca\/auberiviere\/#\/schema\/logo\/image\/","url":"https:\/\/cssdn.gouv.qc.ca\/auberiviere\/wp-content\/uploads\/sites\/38\/2023\/01\/logo_quebec.svg","contentUrl":"https:\/\/cssdn.gouv.qc.ca\/auberiviere\/wp-content\/uploads\/sites\/38\/2023\/01\/logo_quebec.svg","width":188,"height":41,"caption":"\u00c9cole De l\u2019Auberivi\u00e8re"},"image":{"@id":"https:\/\/cssdn.gouv.qc.ca\/auberiviere\/#\/schema\/logo\/image\/"},"sameAs":["https:\/\/www.facebook.com\/ecoledelAuberiviere"]}]}},"publishpress_future_action":{"enabled":false,"date":"2026-04-21 08:15:39","action":"change-status","newStatus":"draft","terms":[],"taxonomy":"category","extraData":[]},"publishpress_future_workflow_manual_trigger":{"enabledWorkflows":[]},"_links":{"self":[{"href":"https:\/\/cssdn.gouv.qc.ca\/auberiviere\/wp-json\/wp\/v2\/pages\/5617","targetHints":{"allow":["GET"]}}],"collection":[{"href":"https:\/\/cssdn.gouv.qc.ca\/auberiviere\/wp-json\/wp\/v2\/pages"}],"about":[{"href":"https:\/\/cssdn.gouv.qc.ca\/auberiviere\/wp-json\/wp\/v2\/types\/page"}],"author":[{"embeddable":true,"href":"https:\/\/cssdn.gouv.qc.ca\/auberiviere\/wp-json\/wp\/v2\/users\/194"}],"replies":[{"embeddable":true,"href":"https:\/\/cssdn.gouv.qc.ca\/auberiviere\/wp-json\/wp\/v2\/comments?post=5617"}],"version-history":[{"count":0,"href":"https:\/\/cssdn.gouv.qc.ca\/auberiviere\/wp-json\/wp\/v2\/pages\/5617\/revisions"}],"up":[{"embeddable":true,"href":"https:\/\/cssdn.gouv.qc.ca\/auberiviere\/wp-json\/wp\/v2\/pages\/13"}],"wp:attachment":[{"href":"https:\/\/cssdn.gouv.qc.ca\/auberiviere\/wp-json\/wp\/v2\/media?parent=5617"}],"wp:term":[{"taxonomy":"category","embeddable":true,"href":"https:\/\/cssdn.gouv.qc.ca\/auberiviere\/wp-json\/wp\/v2\/categories?post=5617"},{"taxonomy":"post_tag","embeddable":true,"href":"https:\/\/cssdn.gouv.qc.ca\/auberiviere\/wp-json\/wp\/v2\/tags?post=5617"}],"curies":[{"name":"wp","href":"https:\/\/api.w.org\/{rel}","templated":true}]}}