
{"id":7,"date":"2022-11-08T16:17:55","date_gmt":"2022-11-08T21:17:55","guid":{"rendered":"https:\/\/cssdn.gouv.qc.ca\/aubier\/a-propos\/projet-educatif\/"},"modified":"2025-07-02T11:47:13","modified_gmt":"2025-07-02T15:47:13","slug":"projet-educatif","status":"publish","type":"page","link":"https:\/\/cssdn.gouv.qc.ca\/aubier\/a-propos\/projet-educatif\/","title":{"rendered":"Documentation officielle"},"content":{"rendered":"\n<div class=\"wp-block-cover alignfull is-light is-style-title-banner\"><img decoding=\"async\" class=\"wp-block-cover__image-background wp-image-111 lazyload\" alt=\"\" data-src=\"https:\/\/cssdn.gouv.qc.ca\/wp-content\/uploads\/2022\/08\/Seawire-Hero-06.jpg\" data-object-fit=\"cover\" src=\"data:image\/svg+xml;base64,PHN2ZyB3aWR0aD0iMSIgaGVpZ2h0PSIxIiB4bWxucz0iaHR0cDovL3d3dy53My5vcmcvMjAwMC9zdmciPjwvc3ZnPg==\" \/><span aria-hidden=\"true\" class=\"wp-block-cover__background has-primary-background-color has-background-dim\"><\/span><div class=\"wp-block-cover__inner-container\"><h3 class=\"wp-block-post-title\">Documentation officielle<\/h3><\/div><\/div>\n\n\n\n<div class=\"wp-block-group alignfull has-padding-y-large has-secondary-background-color has-background\"><div class=\"yoast-breadcrumbs alignwide \"><span class=\"breadcrumbs\"><a href=\"https:\/\/cssdn.gouv.qc.ca\/aubier\/\" class=\"breadcrumbs__element\">Accueil<\/a> <span class=\"breadcrumbs__separator\">\n        <svg class=\"icon icon-breadcrumb__separator\"><use xlink:href=\"#icon-breadcrumb__separator\"><\/use><\/svg>\n    <\/span> <a href=\"https:\/\/cssdn.gouv.qc.ca\/aubier\/a-propos\/\" class=\"breadcrumbs__element\">\u00c0 propos<\/a> <span class=\"breadcrumbs__separator\">\n        <svg class=\"icon icon-breadcrumb__separator\"><use xlink:href=\"#icon-breadcrumb__separator\"><\/use><\/svg>\n    <\/span> <span class=\"breadcrumbs__element breadcrumbs__element-current\">Documentation officielle<\/span><\/span><\/div><\/div>\n\n\n\n<h1 class=\"wp-block-heading\">Projet \u00e9ducatif<\/h1>\n\n\n\n<div class=\"wp-block-file\"><a id=\"wp-block-file--media-9cf051fb-fa9e-47c6-b8cc-8cffdaaae158\" href=\"https:\/\/cssdn.gouv.qc.ca\/aubier\/wp-content\/uploads\/sites\/10\/2024\/12\/Version-finale_PE-2023-2027_Aubier.pdf\" target=\"_blank\" rel=\"noreferrer noopener\">Projet \u00e9ducatif 2023-2027<\/a><\/div>\n\n\n\n<h2 class=\"wp-block-heading\">Rapport annuel de gestion du conseil d\u2019\u00e9tablissement<\/h2>\n\n\n\n<p class=\"wp-block-paragraph\"><\/p>\n\n\n\n<h2 class=\"wp-block-heading\">Redditions de comptes du projet \u00e9ducatif<\/h2>\n\n\n\n<div class=\"wp-block-file\"><a id=\"wp-block-file--media-64656679-c3dc-4214-8b22-dc56df18e9e2\" href=\"https:\/\/cssdn.gouv.qc.ca\/aubier\/wp-content\/uploads\/sites\/10\/2023\/01\/2021-2022_rcpe_aubier.pdf\" target=\"_blank\" rel=\"noreferrer noopener\">Reddition de comptes du projet \u00e9ducatif 2021-2022<\/a><\/div>\n\n\n\n<div class=\"wp-block-file\"><a id=\"wp-block-file--media-bfd99ed1-1323-4d93-8bbb-55e0cc303ca9\" href=\"https:\/\/cssdn.gouv.qc.ca\/aubier\/wp-content\/uploads\/sites\/10\/2023\/02\/rcpe_aubier_2020-2021.pdf\" target=\"_blank\" rel=\"noreferrer noopener\">Reddition de comptes du projet \u00e9ducatif 2020-2021<\/a><\/div>\n\n\n\n<div class=\"wp-block-file\"><a id=\"wp-block-file--media-bfd99ed1-1323-4d93-8bbb-55e0cc303ca9\" href=\"https:\/\/cssdn.gouv.qc.ca\/aubier\/wp-content\/uploads\/sites\/10\/2023\/02\/41_ra_aubier-19-20_v3.pdf\" target=\"_blank\" rel=\"noreferrer noopener\">Reddition de comptes du projet \u00e9ducatif 2019-2020<\/a><\/div>\n\n\n\n<h1 class=\"wp-block-heading\"><strong>Plan de lutte contre la violence et l\u2019intimidation \u00e0 l\u2019\u00e9cole<\/strong><\/h1>\n\n\n\n<div class=\"wp-block-file\"><a id=\"wp-block-file--media-a4ebebdb-5ab5-433b-bd1e-82d33bdb50e3\" href=\"https:\/\/cssdn.gouv.qc.ca\/aubier\/wp-content\/uploads\/sites\/10\/2025\/07\/Projet-plan-de-lutte-Aubier-2025-26.pdf\">Projet plan de lutte Aubier 2025-26<\/a><a href=\"https:\/\/cssdn.gouv.qc.ca\/aubier\/wp-content\/uploads\/sites\/10\/2025\/07\/Projet-plan-de-lutte-Aubier-2025-26.pdf\" class=\"wp-block-file__button wp-element-button\" download aria-describedby=\"wp-block-file--media-a4ebebdb-5ab5-433b-bd1e-82d33bdb50e3\">T\u00e9l\u00e9charger<\/a><\/div>\n\n\n\n<h2 class=\"wp-block-heading\">Code de vie<\/h2>\n\n\n\n<p class=\"wp-block-paragraph\"><\/p>\n\n\n\n<h2 class=\"wp-block-heading\">Document explicatif aux parents et aux \u00e9l\u00e8ves<\/h2>\n","protected":false},"excerpt":{"rendered":"<p>Projet \u00e9ducatif Rapport annuel de gestion du conseil d\u2019\u00e9tablissement Redditions de comptes du projet \u00e9ducatif Plan de lutte contre la violence et l\u2019intimidation \u00e0 l\u2019\u00e9cole Code de vie Document explicatif aux parents et aux \u00e9l\u00e8ves<\/p>\n","protected":false},"author":1,"featured_media":0,"parent":5,"menu_order":0,"comment_status":"closed","ping_status":"closed","template":"","meta":{"_acf_changed":false,"_crdt_document":"","inline_featured_image":false,"footnotes":""},"categories":[],"tags":[],"class_list":["post-7","page","type-page","status-publish","hentry"],"acf":[],"yoast_head":"<!-- This site is optimized with the Yoast SEO plugin v27.4 - https:\/\/yoast.com\/product\/yoast-seo-wordpress\/ -->\n<title>Documentation officielle - \u00c9cole secondaire de l&#039;Aubier<\/title>\n<meta name=\"robots\" content=\"index, follow, max-snippet:-1, max-image-preview:large, max-video-preview:-1\" \/>\n<link rel=\"canonical\" href=\"https:\/\/cssdn.gouv.qc.ca\/aubier\/a-propos\/projet-educatif\/\" \/>\n<meta property=\"og:locale\" content=\"fr_CA\" \/>\n<meta property=\"og:type\" content=\"article\" \/>\n<meta property=\"og:title\" content=\"Documentation officielle - \u00c9cole secondaire de l&#039;Aubier\" \/>\n<meta property=\"og:description\" content=\"Projet \u00e9ducatif Rapport annuel de gestion du conseil d\u2019\u00e9tablissement Redditions de comptes du projet \u00e9ducatif Plan de lutte contre la violence et l\u2019intimidation \u00e0 l\u2019\u00e9cole Code de vie Document explicatif aux parents et aux \u00e9l\u00e8ves\" \/>\n<meta property=\"og:url\" content=\"https:\/\/cssdn.gouv.qc.ca\/aubier\/a-propos\/projet-educatif\/\" \/>\n<meta property=\"og:site_name\" content=\"\u00c9cole secondaire de l&#039;Aubier\" \/>\n<meta property=\"article:publisher\" content=\"https:\/\/www.facebook.com\/ecolesecondairedelaubier\" \/>\n<meta property=\"article:modified_time\" content=\"2025-07-02T15:47:13+00:00\" \/>\n<meta name=\"twitter:card\" content=\"summary_large_image\" \/>\n<meta name=\"twitter:site\" content=\"@CSSNavigateurs\" \/>\n<meta name=\"twitter:label1\" content=\"Estimation du temps de lecture\" \/>\n\t<meta name=\"twitter:data1\" content=\"1 minute\" \/>\n<script type=\"application\/ld+json\" class=\"yoast-schema-graph\">{\"@context\":\"https:\\\/\\\/schema.org\",\"@graph\":[{\"@type\":\"WebPage\",\"@id\":\"https:\\\/\\\/cssdn.gouv.qc.ca\\\/aubier\\\/a-propos\\\/projet-educatif\\\/\",\"url\":\"https:\\\/\\\/cssdn.gouv.qc.ca\\\/aubier\\\/a-propos\\\/projet-educatif\\\/\",\"name\":\"Documentation officielle - \u00c9cole secondaire de l&#039;Aubier\",\"isPartOf\":{\"@id\":\"https:\\\/\\\/cssdn.gouv.qc.ca\\\/aubier\\\/#website\"},\"primaryImageOfPage\":{\"@id\":\"https:\\\/\\\/cssdn.gouv.qc.ca\\\/aubier\\\/a-propos\\\/projet-educatif\\\/#primaryimage\"},\"image\":{\"@id\":\"https:\\\/\\\/cssdn.gouv.qc.ca\\\/aubier\\\/a-propos\\\/projet-educatif\\\/#primaryimage\"},\"thumbnailUrl\":\"https:\\\/\\\/cssdn.gouv.qc.ca\\\/wp-content\\\/uploads\\\/2022\\\/08\\\/Seawire-Hero-06.jpg\",\"datePublished\":\"2022-11-08T21:17:55+00:00\",\"dateModified\":\"2025-07-02T15:47:13+00:00\",\"breadcrumb\":{\"@id\":\"https:\\\/\\\/cssdn.gouv.qc.ca\\\/aubier\\\/a-propos\\\/projet-educatif\\\/#breadcrumb\"},\"inLanguage\":\"fr-CA\",\"potentialAction\":[{\"@type\":\"ReadAction\",\"target\":[\"https:\\\/\\\/cssdn.gouv.qc.ca\\\/aubier\\\/a-propos\\\/projet-educatif\\\/\"]}]},{\"@type\":\"ImageObject\",\"inLanguage\":\"fr-CA\",\"@id\":\"https:\\\/\\\/cssdn.gouv.qc.ca\\\/aubier\\\/a-propos\\\/projet-educatif\\\/#primaryimage\",\"url\":\"https:\\\/\\\/cssdn.gouv.qc.ca\\\/wp-content\\\/uploads\\\/2022\\\/08\\\/Seawire-Hero-06.jpg\",\"contentUrl\":\"https:\\\/\\\/cssdn.gouv.qc.ca\\\/wp-content\\\/uploads\\\/2022\\\/08\\\/Seawire-Hero-06.jpg\"},{\"@type\":\"BreadcrumbList\",\"@id\":\"https:\\\/\\\/cssdn.gouv.qc.ca\\\/aubier\\\/a-propos\\\/projet-educatif\\\/#breadcrumb\",\"itemListElement\":[{\"@type\":\"ListItem\",\"position\":1,\"name\":\"Accueil\",\"item\":\"https:\\\/\\\/cssdn.gouv.qc.ca\\\/aubier\\\/\"},{\"@type\":\"ListItem\",\"position\":2,\"name\":\"\u00c0 propos\",\"item\":\"https:\\\/\\\/cssdn.gouv.qc.ca\\\/aubier\\\/a-propos\\\/\"},{\"@type\":\"ListItem\",\"position\":3,\"name\":\"Documentation officielle\"}]},{\"@type\":\"WebSite\",\"@id\":\"https:\\\/\\\/cssdn.gouv.qc.ca\\\/aubier\\\/#website\",\"url\":\"https:\\\/\\\/cssdn.gouv.qc.ca\\\/aubier\\\/\",\"name\":\"\u00c9cole secondaire de l&#039;Aubier\",\"description\":\"Un site des centres de services scolaires des Navigateurs\",\"publisher\":{\"@id\":\"https:\\\/\\\/cssdn.gouv.qc.ca\\\/aubier\\\/#organization\"},\"potentialAction\":[{\"@type\":\"SearchAction\",\"target\":{\"@type\":\"EntryPoint\",\"urlTemplate\":\"https:\\\/\\\/cssdn.gouv.qc.ca\\\/aubier\\\/?s={search_term_string}\"},\"query-input\":{\"@type\":\"PropertyValueSpecification\",\"valueRequired\":true,\"valueName\":\"search_term_string\"}}],\"inLanguage\":\"fr-CA\"},{\"@type\":\"Organization\",\"@id\":\"https:\\\/\\\/cssdn.gouv.qc.ca\\\/aubier\\\/#organization\",\"name\":\"\u00c9cole secondaire de l&#039;Aubier\",\"url\":\"https:\\\/\\\/cssdn.gouv.qc.ca\\\/aubier\\\/\",\"logo\":{\"@type\":\"ImageObject\",\"inLanguage\":\"fr-CA\",\"@id\":\"https:\\\/\\\/cssdn.gouv.qc.ca\\\/aubier\\\/#\\\/schema\\\/logo\\\/image\\\/\",\"url\":\"https:\\\/\\\/cssdn.gouv.qc.ca\\\/aubier\\\/wp-content\\\/uploads\\\/sites\\\/10\\\/2023\\\/01\\\/logo_quebec.svg\",\"contentUrl\":\"https:\\\/\\\/cssdn.gouv.qc.ca\\\/aubier\\\/wp-content\\\/uploads\\\/sites\\\/10\\\/2023\\\/01\\\/logo_quebec.svg\",\"width\":188,\"height\":41,\"caption\":\"\u00c9cole secondaire de l&#039;Aubier\"},\"image\":{\"@id\":\"https:\\\/\\\/cssdn.gouv.qc.ca\\\/aubier\\\/#\\\/schema\\\/logo\\\/image\\\/\"},\"sameAs\":[\"https:\\\/\\\/www.facebook.com\\\/ecolesecondairedelaubier\",\"https:\\\/\\\/x.com\\\/CSSNavigateurs\",\"https:\\\/\\\/www.instagram.com\\\/cssnavigateurs\\\/\",\"https:\\\/\\\/www.youtube.com\\\/channel\\\/UCHbNBehije70JBzCIVT82bQ\",\"https:\\\/\\\/www.linkedin.com\\\/company\\\/cssdn\"]}]}<\/script>\n<!-- \/ Yoast SEO plugin. -->","yoast_head_json":{"title":"Documentation officielle - \u00c9cole secondaire de l&#039;Aubier","robots":{"index":"index","follow":"follow","max-snippet":"max-snippet:-1","max-image-preview":"max-image-preview:large","max-video-preview":"max-video-preview:-1"},"canonical":"https:\/\/cssdn.gouv.qc.ca\/aubier\/a-propos\/projet-educatif\/","og_locale":"fr_CA","og_type":"article","og_title":"Documentation officielle - \u00c9cole secondaire de l&#039;Aubier","og_description":"Projet \u00e9ducatif Rapport annuel de gestion du conseil d\u2019\u00e9tablissement Redditions de comptes du projet \u00e9ducatif Plan de lutte contre la violence et l\u2019intimidation \u00e0 l\u2019\u00e9cole Code de vie Document explicatif aux parents et aux \u00e9l\u00e8ves","og_url":"https:\/\/cssdn.gouv.qc.ca\/aubier\/a-propos\/projet-educatif\/","og_site_name":"\u00c9cole secondaire de l&#039;Aubier","article_publisher":"https:\/\/www.facebook.com\/ecolesecondairedelaubier","article_modified_time":"2025-07-02T15:47:13+00:00","twitter_card":"summary_large_image","twitter_site":"@CSSNavigateurs","twitter_misc":{"Estimation du temps de lecture":"1 minute"},"schema":{"@context":"https:\/\/schema.org","@graph":[{"@type":"WebPage","@id":"https:\/\/cssdn.gouv.qc.ca\/aubier\/a-propos\/projet-educatif\/","url":"https:\/\/cssdn.gouv.qc.ca\/aubier\/a-propos\/projet-educatif\/","name":"Documentation officielle - \u00c9cole secondaire de l&#039;Aubier","isPartOf":{"@id":"https:\/\/cssdn.gouv.qc.ca\/aubier\/#website"},"primaryImageOfPage":{"@id":"https:\/\/cssdn.gouv.qc.ca\/aubier\/a-propos\/projet-educatif\/#primaryimage"},"image":{"@id":"https:\/\/cssdn.gouv.qc.ca\/aubier\/a-propos\/projet-educatif\/#primaryimage"},"thumbnailUrl":"https:\/\/cssdn.gouv.qc.ca\/wp-content\/uploads\/2022\/08\/Seawire-Hero-06.jpg","datePublished":"2022-11-08T21:17:55+00:00","dateModified":"2025-07-02T15:47:13+00:00","breadcrumb":{"@id":"https:\/\/cssdn.gouv.qc.ca\/aubier\/a-propos\/projet-educatif\/#breadcrumb"},"inLanguage":"fr-CA","potentialAction":[{"@type":"ReadAction","target":["https:\/\/cssdn.gouv.qc.ca\/aubier\/a-propos\/projet-educatif\/"]}]},{"@type":"ImageObject","inLanguage":"fr-CA","@id":"https:\/\/cssdn.gouv.qc.ca\/aubier\/a-propos\/projet-educatif\/#primaryimage","url":"https:\/\/cssdn.gouv.qc.ca\/wp-content\/uploads\/2022\/08\/Seawire-Hero-06.jpg","contentUrl":"https:\/\/cssdn.gouv.qc.ca\/wp-content\/uploads\/2022\/08\/Seawire-Hero-06.jpg"},{"@type":"BreadcrumbList","@id":"https:\/\/cssdn.gouv.qc.ca\/aubier\/a-propos\/projet-educatif\/#breadcrumb","itemListElement":[{"@type":"ListItem","position":1,"name":"Accueil","item":"https:\/\/cssdn.gouv.qc.ca\/aubier\/"},{"@type":"ListItem","position":2,"name":"\u00c0 propos","item":"https:\/\/cssdn.gouv.qc.ca\/aubier\/a-propos\/"},{"@type":"ListItem","position":3,"name":"Documentation officielle"}]},{"@type":"WebSite","@id":"https:\/\/cssdn.gouv.qc.ca\/aubier\/#website","url":"https:\/\/cssdn.gouv.qc.ca\/aubier\/","name":"\u00c9cole secondaire de l&#039;Aubier","description":"Un site des centres de services scolaires des Navigateurs","publisher":{"@id":"https:\/\/cssdn.gouv.qc.ca\/aubier\/#organization"},"potentialAction":[{"@type":"SearchAction","target":{"@type":"EntryPoint","urlTemplate":"https:\/\/cssdn.gouv.qc.ca\/aubier\/?s={search_term_string}"},"query-input":{"@type":"PropertyValueSpecification","valueRequired":true,"valueName":"search_term_string"}}],"inLanguage":"fr-CA"},{"@type":"Organization","@id":"https:\/\/cssdn.gouv.qc.ca\/aubier\/#organization","name":"\u00c9cole secondaire de l&#039;Aubier","url":"https:\/\/cssdn.gouv.qc.ca\/aubier\/","logo":{"@type":"ImageObject","inLanguage":"fr-CA","@id":"https:\/\/cssdn.gouv.qc.ca\/aubier\/#\/schema\/logo\/image\/","url":"https:\/\/cssdn.gouv.qc.ca\/aubier\/wp-content\/uploads\/sites\/10\/2023\/01\/logo_quebec.svg","contentUrl":"https:\/\/cssdn.gouv.qc.ca\/aubier\/wp-content\/uploads\/sites\/10\/2023\/01\/logo_quebec.svg","width":188,"height":41,"caption":"\u00c9cole secondaire de l&#039;Aubier"},"image":{"@id":"https:\/\/cssdn.gouv.qc.ca\/aubier\/#\/schema\/logo\/image\/"},"sameAs":["https:\/\/www.facebook.com\/ecolesecondairedelaubier","https:\/\/x.com\/CSSNavigateurs","https:\/\/www.instagram.com\/cssnavigateurs\/","https:\/\/www.youtube.com\/channel\/UCHbNBehije70JBzCIVT82bQ","https:\/\/www.linkedin.com\/company\/cssdn"]}]}},"publishpress_future_action":{"enabled":false,"date":"2026-04-29 09:46:32","action":"change-status","newStatus":"draft","terms":[],"taxonomy":"category","extraData":[]},"publishpress_future_workflow_manual_trigger":{"enabledWorkflows":[]},"_links":{"self":[{"href":"https:\/\/cssdn.gouv.qc.ca\/aubier\/wp-json\/wp\/v2\/pages\/7","targetHints":{"allow":["GET"]}}],"collection":[{"href":"https:\/\/cssdn.gouv.qc.ca\/aubier\/wp-json\/wp\/v2\/pages"}],"about":[{"href":"https:\/\/cssdn.gouv.qc.ca\/aubier\/wp-json\/wp\/v2\/types\/page"}],"author":[{"embeddable":true,"href":"https:\/\/cssdn.gouv.qc.ca\/aubier\/wp-json\/wp\/v2\/users\/1"}],"replies":[{"embeddable":true,"href":"https:\/\/cssdn.gouv.qc.ca\/aubier\/wp-json\/wp\/v2\/comments?post=7"}],"version-history":[{"count":0,"href":"https:\/\/cssdn.gouv.qc.ca\/aubier\/wp-json\/wp\/v2\/pages\/7\/revisions"}],"up":[{"embeddable":true,"href":"https:\/\/cssdn.gouv.qc.ca\/aubier\/wp-json\/wp\/v2\/pages\/5"}],"wp:attachment":[{"href":"https:\/\/cssdn.gouv.qc.ca\/aubier\/wp-json\/wp\/v2\/media?parent=7"}],"wp:term":[{"taxonomy":"category","embeddable":true,"href":"https:\/\/cssdn.gouv.qc.ca\/aubier\/wp-json\/wp\/v2\/categories?post=7"},{"taxonomy":"post_tag","embeddable":true,"href":"https:\/\/cssdn.gouv.qc.ca\/aubier\/wp-json\/wp\/v2\/tags?post=7"}],"curies":[{"name":"wp","href":"https:\/\/api.w.org\/{rel}","templated":true}]}}