
{"id":16,"date":"2022-11-08T16:07:56","date_gmt":"2022-11-08T21:07:56","guid":{"rendered":"https:\/\/cssdn.gouv.qc.ca\/bac\/service-de-garde\/"},"modified":"2025-10-28T14:55:40","modified_gmt":"2025-10-28T18:55:40","slug":"service-de-garde","status":"publish","type":"page","link":"https:\/\/cssdn.gouv.qc.ca\/bac\/service-de-garde\/","title":{"rendered":"Service de garde"},"content":{"rendered":"\n<div class=\"wp-block-cover alignfull is-light is-style-title-banner\"><img decoding=\"async\" class=\"wp-block-cover__image-background wp-image-111 lazyload\" alt=\"\" data-src=\"https:\/\/stage.cssdn.gouv.qc.ca\/wp-content\/uploads\/2022\/08\/Seawire-Hero-06.jpg\" data-object-fit=\"cover\" src=\"data:image\/svg+xml;base64,PHN2ZyB3aWR0aD0iMSIgaGVpZ2h0PSIxIiB4bWxucz0iaHR0cDovL3d3dy53My5vcmcvMjAwMC9zdmciPjwvc3ZnPg==\" \/><span aria-hidden=\"true\" class=\"wp-block-cover__background has-primary-background-color has-background-dim\"><\/span><div class=\"wp-block-cover__inner-container\"><h3 class=\"wp-block-post-title\">Service de garde<\/h3><\/div><\/div>\n\n\n\n<div class=\"wp-block-group alignfull has-padding-y-large has-secondary-background-color has-background\"><div class=\"yoast-breadcrumbs alignwide \"><span class=\"breadcrumbs\"><a href=\"https:\/\/cssdn.gouv.qc.ca\/bac\/\" class=\"breadcrumbs__element\">Accueil<\/a> <span class=\"breadcrumbs__separator\">\n        <svg class=\"icon icon-breadcrumb__separator\"><use xlink:href=\"#icon-breadcrumb__separator\"><\/use><\/svg>\n    <\/span> <span class=\"breadcrumbs__element breadcrumbs__element-current\">Service de garde<\/span><\/span><\/div><\/div>\n\n\n\n<p class=\"wp-block-paragraph\">Le service de garde&nbsp;<strong><em>Le Petit Bonheur<\/em><\/strong>&nbsp;favorise le d\u00e9veloppement des valeurs et orientations privil\u00e9gi\u00e9es par le projet \u00e9ducatif de l&rsquo;\u00e9cole. \u00c0 travers des activit\u00e9s vari\u00e9es, libres et structur\u00e9es, le service de garde tient \u00e0 valoriser l&rsquo;estime de soi, le sens des responsabilit\u00e9s, le respect de soi et des autres et l&rsquo;autonomie. Le personnel est soucieux d&rsquo;\u00eatre \u00e0 l&rsquo;\u00e9coute des besoins des enfants et d&rsquo;offrir un encadrement \u00e9ducatif, r\u00e9cr\u00e9atif, chaleureux, harmonieux, stimulant et s\u00e9curisant. L&rsquo;environnement se veut s\u00e9curitaire, pacifique et riche en situations d&rsquo;\u00e9panouissement.<br><\/p>\n\n\n\n<h5 class=\"wp-block-heading has-heading-5-font-size\"><strong>Heures d&rsquo;ouverture<\/strong><\/h5>\n\n\n\n<p class=\"wp-block-paragraph\"><strong>Pr\u00e9scolaire<\/strong><\/p>\n\n\n\n<p class=\"wp-block-paragraph\"><strong>Matin<\/strong>: 6h45-7h55 <br><strong>Midi<\/strong>: 11h10-12h35<br><strong>Soir<\/strong>: 14h02-18h<\/p>\n\n\n\n<p class=\"wp-block-paragraph\"><strong>Primaire<\/strong><\/p>\n\n\n\n<p class=\"wp-block-paragraph\"><strong>Matin<\/strong>: 6h45-7h45<br><strong>Midi<\/strong>: 11h10-12h35<br><strong>Soir<\/strong>: 15h00-18h<br><br><\/p>\n\n\n\n<p class=\"wp-block-paragraph\"><strong><u>&nbsp;A<strong><u>bsence ou ajout de p\u00e9riodes<\/u><\/strong><\/u><\/strong><\/p>\n\n\n\n<p class=\"wp-block-paragraph\">Afin d&rsquo;assurer la s\u00e9curit\u00e9 de votre enfant, tout changement doit \u00eatre signal\u00e9&nbsp;<strong><u>avant 9h.&nbsp;<\/u><\/strong>Il est tr\u00e8s important d&rsquo;informer le service de garde, l&rsquo;\u00e9cole et l&rsquo;enseignant de votre enfant, lorsqu&rsquo;il y a un changement d&rsquo;horaire:<\/p>\n\n\n\n<p class=\"wp-block-paragraph\">Par courriel&nbsp;<a href=\"mailto:service-garde.dubac@cssdn.gouv.qc.ca\">service-garde.dubac@cssdn.gouv.qc.ca<\/a><\/p>\n\n\n\n<p class=\"wp-block-paragraph\">Par courriel&nbsp;<a href=\"mailto:bac@csnavigateurs.qc.ca\">bac@<\/a><a href=\"mailto:bac@cssdn.gouv.qc.ca\">cssdn.gouv.qc.ca<\/a><\/p>\n\n\n\n<p class=\"wp-block-paragraph\">Par t\u00e9l\u00e9phone (418) 834-2478<\/p>\n\n\n\n<p class=\"wp-block-paragraph\"><\/p>\n\n\n\n<p class=\"wp-block-paragraph\"><strong>Nouveau r\u00e8glement d\u2019\u00e9cole<\/strong>&nbsp;:<\/p>\n\n\n\n<p class=\"wp-block-paragraph\">En aucun temps les enfants ne seront autoris\u00e9s \u00e0 quitter l\u2019\u00e9cole sans \u00eatre accompagn\u00e9s d\u2019un parent pour une sortie au restaurant, magasin ou autre.<br><\/p>\n\n\n\n<h5 class=\"wp-block-heading\"><strong><u>Modalit\u00e9s de paiement<\/u><\/strong><\/h5>\n\n\n\n<p class=\"wp-block-paragraph\">Le paiement est mensuel et doit \u00eatre fait soit :<\/p>\n\n\n\n<p class=\"wp-block-paragraph\">par ch\u00e8que au nom de&nbsp;le Centre service scolaire des Navigateurs&nbsp;en indiquant le num\u00e9ro de dossier \u00e0 4 chiffres ou par paiement internet en utilisant le num\u00e9ro de r\u00e9f\u00e9rence&nbsp; (SG 060&#8230;.)&nbsp;<\/p>\n\n\n\n<p class=\"wp-block-paragraph\">Un re\u00e7u fiscal sera remis au plus tard le 28&nbsp;f\u00e9vrier au parent payeur.<br><\/p>\n\n\n\n<h5 class=\"wp-block-heading\"><strong><u>Devoirs et le\u00e7ons<\/u><\/strong><\/h5>\n\n\n\n<p class=\"wp-block-paragraph\">Une p\u00e9riode est pr\u00e9vue pour les devoirs et le\u00e7ons ou pour la lecture. Cette p\u00e9riode de 30 minutes est obligatoire pour les enfants de 2e ann\u00e9e et plus, \u00e0 raison d&rsquo;un soir par semaine de 15h30 \u00e0 16h. Le jour est \u00e0 d\u00e9finir selon l&rsquo;organisation de chaque \u00e9ducatrice.<br><\/p>\n\n\n\n<p class=\"has-heading-5-font-size wp-block-paragraph\"><strong><u>Changement de fr\u00e9quentation<\/u><\/strong><\/p>\n\n\n\n<div class=\"wp-block-file\"><a id=\"wp-block-file--media-31111fa9-3792-447c-8fe1-a1a10a9517c0\" href=\"https:\/\/cssdn.gouv.qc.ca\/bac\/wp-content\/uploads\/sites\/18\/2025\/10\/C.-frequentation-25-26-Pendant-dannee.pdf\" target=\"_blank\" rel=\"noreferrer noopener\">Changement de fr\u00e9quentation 25-26<\/a><\/div>\n\n\n\n<p class=\"has-heading-5-font-size wp-block-paragraph\"><strong><u>R\u00e9gie interne<\/u><\/strong><\/p>\n\n\n\n<div class=\"wp-block-file\"><a id=\"wp-block-file--media-52835210-5e02-4ef2-8eb9-653af96ed060\" href=\"https:\/\/cssdn.gouv.qc.ca\/bac\/wp-content\/uploads\/sites\/18\/2025\/10\/Regie-interne-fevrier-2025.pdf\" target=\"_blank\" rel=\"noreferrer noopener\">R\u00e9gie interne f\u00e9vrier 2025<\/a><\/div>\n\n\n\n<p class=\"has-heading-5-font-size wp-block-paragraph\"><strong><u>Formulaire pour distribution d&rsquo;un m\u00e9dicament<\/u><\/strong><\/p>\n\n\n\n<div class=\"wp-block-file\"><a id=\"wp-block-file--media-20bf2032-a4c4-4db2-a8b1-bd81dc06957b\" href=\"https:\/\/cssdn.gouv.qc.ca\/bac\/wp-content\/uploads\/sites\/18\/2024\/10\/Annexe_2_-_Demande_de_distribution_d_un_medicament_-_24-25.pdf\" target=\"_blank\" rel=\"noreferrer noopener\">Formulaire de demande de distribution d&rsquo;un m\u00e9dicament<\/a><\/div>\n\n\n\n<p class=\"has-heading-5-font-size wp-block-paragraph\"><strong><u>Programme d&rsquo;activit\u00e9<\/u><\/strong><\/p>\n\n\n\n<figure class=\"wp-block-embed is-type-wp-embed is-provider-genially wp-block-embed-genially\"><div class=\"wp-block-embed__wrapper\">\n<iframe class=\"wp-embedded-content lazyload\" sandbox=\"allow-scripts\" security=\"restricted\" title=\"Pr\u00e9sentation cahier d&#039;\u00e9cole\" frameborder='0' width='1200' height='675' data-src='https:\/\/view.genially.com\/684ae35ba09374778bd8e54e#?secret=oAb3MGHTiq' data-secret='oAb3MGHTiq' scrolling='yes' src=\"data:image\/svg+xml;base64,PHN2ZyB3aWR0aD0iMSIgaGVpZ2h0PSIxIiB4bWxucz0iaHR0cDovL3d3dy53My5vcmcvMjAwMC9zdmciPjwvc3ZnPg==\" data-load-mode=\"1\"><\/iframe>\n<\/div><\/figure>\n","protected":false},"excerpt":{"rendered":"<p>Le service de garde&nbsp;Le Petit Bonheur&nbsp;favorise le d\u00e9veloppement des valeurs et orientations privil\u00e9gi\u00e9es par le projet \u00e9ducatif de l&rsquo;\u00e9cole. \u00c0 travers des activit\u00e9s vari\u00e9es, libres et structur\u00e9es, le service de garde tient \u00e0 valoriser l&rsquo;estime de soi, le sens des responsabilit\u00e9s, le respect de soi et des autres et l&rsquo;autonomie. Le personnel est soucieux d&rsquo;\u00eatre [&hellip;]<\/p>\n","protected":false},"author":1,"featured_media":0,"parent":0,"menu_order":40,"comment_status":"closed","ping_status":"closed","template":"","meta":{"_acf_changed":false,"_crdt_document":"","inline_featured_image":false,"footnotes":""},"categories":[],"tags":[],"class_list":["post-16","page","type-page","status-publish","hentry"],"acf":[],"yoast_head":"<!-- This site is optimized with the Yoast SEO plugin v27.4 - https:\/\/yoast.com\/product\/yoast-seo-wordpress\/ -->\n<title>Service de garde - \u00c9cole du Bac<\/title>\n<meta name=\"robots\" content=\"index, follow, max-snippet:-1, max-image-preview:large, max-video-preview:-1\" \/>\n<link rel=\"canonical\" href=\"https:\/\/cssdn.gouv.qc.ca\/bac\/service-de-garde\/\" \/>\n<meta property=\"og:locale\" content=\"fr_CA\" \/>\n<meta property=\"og:type\" content=\"article\" \/>\n<meta property=\"og:title\" content=\"Service de garde - \u00c9cole du Bac\" \/>\n<meta property=\"og:description\" content=\"Le service de garde&nbsp;Le Petit Bonheur&nbsp;favorise le d\u00e9veloppement des valeurs et orientations privil\u00e9gi\u00e9es par le projet \u00e9ducatif de l&rsquo;\u00e9cole. \u00c0 travers des activit\u00e9s vari\u00e9es, libres et structur\u00e9es, le service de garde tient \u00e0 valoriser l&rsquo;estime de soi, le sens des responsabilit\u00e9s, le respect de soi et des autres et l&rsquo;autonomie. Le personnel est soucieux d&rsquo;\u00eatre [&hellip;]\" \/>\n<meta property=\"og:url\" content=\"https:\/\/cssdn.gouv.qc.ca\/bac\/service-de-garde\/\" \/>\n<meta property=\"og:site_name\" content=\"\u00c9cole du Bac\" \/>\n<meta property=\"article:publisher\" content=\"https:\/\/www.facebook.com\/ecoledubac\" \/>\n<meta property=\"article:modified_time\" content=\"2025-10-28T18:55:40+00:00\" \/>\n<meta name=\"twitter:card\" content=\"summary_large_image\" \/>\n<meta name=\"twitter:label1\" content=\"Estimation du temps de lecture\" \/>\n\t<meta name=\"twitter:data1\" content=\"2 minutes\" \/>\n<script type=\"application\/ld+json\" class=\"yoast-schema-graph\">{\"@context\":\"https:\\\/\\\/schema.org\",\"@graph\":[{\"@type\":\"WebPage\",\"@id\":\"https:\\\/\\\/cssdn.gouv.qc.ca\\\/bac\\\/service-de-garde\\\/\",\"url\":\"https:\\\/\\\/cssdn.gouv.qc.ca\\\/bac\\\/service-de-garde\\\/\",\"name\":\"Service de garde - \u00c9cole du Bac\",\"isPartOf\":{\"@id\":\"https:\\\/\\\/cssdn.gouv.qc.ca\\\/bac\\\/#website\"},\"primaryImageOfPage\":{\"@id\":\"https:\\\/\\\/cssdn.gouv.qc.ca\\\/bac\\\/service-de-garde\\\/#primaryimage\"},\"image\":{\"@id\":\"https:\\\/\\\/cssdn.gouv.qc.ca\\\/bac\\\/service-de-garde\\\/#primaryimage\"},\"thumbnailUrl\":\"https:\\\/\\\/stage.cssdn.gouv.qc.ca\\\/wp-content\\\/uploads\\\/2022\\\/08\\\/Seawire-Hero-06.jpg\",\"datePublished\":\"2022-11-08T21:07:56+00:00\",\"dateModified\":\"2025-10-28T18:55:40+00:00\",\"breadcrumb\":{\"@id\":\"https:\\\/\\\/cssdn.gouv.qc.ca\\\/bac\\\/service-de-garde\\\/#breadcrumb\"},\"inLanguage\":\"fr-CA\",\"potentialAction\":[{\"@type\":\"ReadAction\",\"target\":[\"https:\\\/\\\/cssdn.gouv.qc.ca\\\/bac\\\/service-de-garde\\\/\"]}]},{\"@type\":\"ImageObject\",\"inLanguage\":\"fr-CA\",\"@id\":\"https:\\\/\\\/cssdn.gouv.qc.ca\\\/bac\\\/service-de-garde\\\/#primaryimage\",\"url\":\"https:\\\/\\\/stage.cssdn.gouv.qc.ca\\\/wp-content\\\/uploads\\\/2022\\\/08\\\/Seawire-Hero-06.jpg\",\"contentUrl\":\"https:\\\/\\\/stage.cssdn.gouv.qc.ca\\\/wp-content\\\/uploads\\\/2022\\\/08\\\/Seawire-Hero-06.jpg\"},{\"@type\":\"BreadcrumbList\",\"@id\":\"https:\\\/\\\/cssdn.gouv.qc.ca\\\/bac\\\/service-de-garde\\\/#breadcrumb\",\"itemListElement\":[{\"@type\":\"ListItem\",\"position\":1,\"name\":\"Accueil\",\"item\":\"https:\\\/\\\/cssdn.gouv.qc.ca\\\/bac\\\/\"},{\"@type\":\"ListItem\",\"position\":2,\"name\":\"Service de garde\"}]},{\"@type\":\"WebSite\",\"@id\":\"https:\\\/\\\/cssdn.gouv.qc.ca\\\/bac\\\/#website\",\"url\":\"https:\\\/\\\/cssdn.gouv.qc.ca\\\/bac\\\/\",\"name\":\"\u00c9cole du Bac\",\"description\":\"Un site des centres de services scolaires des Navigateurs\",\"publisher\":{\"@id\":\"https:\\\/\\\/cssdn.gouv.qc.ca\\\/bac\\\/#organization\"},\"potentialAction\":[{\"@type\":\"SearchAction\",\"target\":{\"@type\":\"EntryPoint\",\"urlTemplate\":\"https:\\\/\\\/cssdn.gouv.qc.ca\\\/bac\\\/?s={search_term_string}\"},\"query-input\":{\"@type\":\"PropertyValueSpecification\",\"valueRequired\":true,\"valueName\":\"search_term_string\"}}],\"inLanguage\":\"fr-CA\"},{\"@type\":\"Organization\",\"@id\":\"https:\\\/\\\/cssdn.gouv.qc.ca\\\/bac\\\/#organization\",\"name\":\"\u00c9cole du Bac\",\"url\":\"https:\\\/\\\/cssdn.gouv.qc.ca\\\/bac\\\/\",\"logo\":{\"@type\":\"ImageObject\",\"inLanguage\":\"fr-CA\",\"@id\":\"https:\\\/\\\/cssdn.gouv.qc.ca\\\/bac\\\/#\\\/schema\\\/logo\\\/image\\\/\",\"url\":\"https:\\\/\\\/cssdn.gouv.qc.ca\\\/bac\\\/wp-content\\\/uploads\\\/sites\\\/18\\\/2023\\\/01\\\/logo_quebec.svg\",\"contentUrl\":\"https:\\\/\\\/cssdn.gouv.qc.ca\\\/bac\\\/wp-content\\\/uploads\\\/sites\\\/18\\\/2023\\\/01\\\/logo_quebec.svg\",\"width\":188,\"height\":41,\"caption\":\"\u00c9cole du Bac\"},\"image\":{\"@id\":\"https:\\\/\\\/cssdn.gouv.qc.ca\\\/bac\\\/#\\\/schema\\\/logo\\\/image\\\/\"},\"sameAs\":[\"https:\\\/\\\/www.facebook.com\\\/ecoledubac\"]}]}<\/script>\n<!-- \/ Yoast SEO plugin. -->","yoast_head_json":{"title":"Service de garde - \u00c9cole du Bac","robots":{"index":"index","follow":"follow","max-snippet":"max-snippet:-1","max-image-preview":"max-image-preview:large","max-video-preview":"max-video-preview:-1"},"canonical":"https:\/\/cssdn.gouv.qc.ca\/bac\/service-de-garde\/","og_locale":"fr_CA","og_type":"article","og_title":"Service de garde - \u00c9cole du Bac","og_description":"Le service de garde&nbsp;Le Petit Bonheur&nbsp;favorise le d\u00e9veloppement des valeurs et orientations privil\u00e9gi\u00e9es par le projet \u00e9ducatif de l&rsquo;\u00e9cole. \u00c0 travers des activit\u00e9s vari\u00e9es, libres et structur\u00e9es, le service de garde tient \u00e0 valoriser l&rsquo;estime de soi, le sens des responsabilit\u00e9s, le respect de soi et des autres et l&rsquo;autonomie. Le personnel est soucieux d&rsquo;\u00eatre [&hellip;]","og_url":"https:\/\/cssdn.gouv.qc.ca\/bac\/service-de-garde\/","og_site_name":"\u00c9cole du Bac","article_publisher":"https:\/\/www.facebook.com\/ecoledubac","article_modified_time":"2025-10-28T18:55:40+00:00","twitter_card":"summary_large_image","twitter_misc":{"Estimation du temps de lecture":"2 minutes"},"schema":{"@context":"https:\/\/schema.org","@graph":[{"@type":"WebPage","@id":"https:\/\/cssdn.gouv.qc.ca\/bac\/service-de-garde\/","url":"https:\/\/cssdn.gouv.qc.ca\/bac\/service-de-garde\/","name":"Service de garde - \u00c9cole du Bac","isPartOf":{"@id":"https:\/\/cssdn.gouv.qc.ca\/bac\/#website"},"primaryImageOfPage":{"@id":"https:\/\/cssdn.gouv.qc.ca\/bac\/service-de-garde\/#primaryimage"},"image":{"@id":"https:\/\/cssdn.gouv.qc.ca\/bac\/service-de-garde\/#primaryimage"},"thumbnailUrl":"https:\/\/stage.cssdn.gouv.qc.ca\/wp-content\/uploads\/2022\/08\/Seawire-Hero-06.jpg","datePublished":"2022-11-08T21:07:56+00:00","dateModified":"2025-10-28T18:55:40+00:00","breadcrumb":{"@id":"https:\/\/cssdn.gouv.qc.ca\/bac\/service-de-garde\/#breadcrumb"},"inLanguage":"fr-CA","potentialAction":[{"@type":"ReadAction","target":["https:\/\/cssdn.gouv.qc.ca\/bac\/service-de-garde\/"]}]},{"@type":"ImageObject","inLanguage":"fr-CA","@id":"https:\/\/cssdn.gouv.qc.ca\/bac\/service-de-garde\/#primaryimage","url":"https:\/\/stage.cssdn.gouv.qc.ca\/wp-content\/uploads\/2022\/08\/Seawire-Hero-06.jpg","contentUrl":"https:\/\/stage.cssdn.gouv.qc.ca\/wp-content\/uploads\/2022\/08\/Seawire-Hero-06.jpg"},{"@type":"BreadcrumbList","@id":"https:\/\/cssdn.gouv.qc.ca\/bac\/service-de-garde\/#breadcrumb","itemListElement":[{"@type":"ListItem","position":1,"name":"Accueil","item":"https:\/\/cssdn.gouv.qc.ca\/bac\/"},{"@type":"ListItem","position":2,"name":"Service de garde"}]},{"@type":"WebSite","@id":"https:\/\/cssdn.gouv.qc.ca\/bac\/#website","url":"https:\/\/cssdn.gouv.qc.ca\/bac\/","name":"\u00c9cole du Bac","description":"Un site des centres de services scolaires des Navigateurs","publisher":{"@id":"https:\/\/cssdn.gouv.qc.ca\/bac\/#organization"},"potentialAction":[{"@type":"SearchAction","target":{"@type":"EntryPoint","urlTemplate":"https:\/\/cssdn.gouv.qc.ca\/bac\/?s={search_term_string}"},"query-input":{"@type":"PropertyValueSpecification","valueRequired":true,"valueName":"search_term_string"}}],"inLanguage":"fr-CA"},{"@type":"Organization","@id":"https:\/\/cssdn.gouv.qc.ca\/bac\/#organization","name":"\u00c9cole du Bac","url":"https:\/\/cssdn.gouv.qc.ca\/bac\/","logo":{"@type":"ImageObject","inLanguage":"fr-CA","@id":"https:\/\/cssdn.gouv.qc.ca\/bac\/#\/schema\/logo\/image\/","url":"https:\/\/cssdn.gouv.qc.ca\/bac\/wp-content\/uploads\/sites\/18\/2023\/01\/logo_quebec.svg","contentUrl":"https:\/\/cssdn.gouv.qc.ca\/bac\/wp-content\/uploads\/sites\/18\/2023\/01\/logo_quebec.svg","width":188,"height":41,"caption":"\u00c9cole du Bac"},"image":{"@id":"https:\/\/cssdn.gouv.qc.ca\/bac\/#\/schema\/logo\/image\/"},"sameAs":["https:\/\/www.facebook.com\/ecoledubac"]}]}},"publishpress_future_action":{"enabled":false,"date":"2026-04-28 13:43:56","action":"change-status","newStatus":"draft","terms":[],"taxonomy":"category","extraData":[]},"publishpress_future_workflow_manual_trigger":{"enabledWorkflows":[]},"_links":{"self":[{"href":"https:\/\/cssdn.gouv.qc.ca\/bac\/wp-json\/wp\/v2\/pages\/16","targetHints":{"allow":["GET"]}}],"collection":[{"href":"https:\/\/cssdn.gouv.qc.ca\/bac\/wp-json\/wp\/v2\/pages"}],"about":[{"href":"https:\/\/cssdn.gouv.qc.ca\/bac\/wp-json\/wp\/v2\/types\/page"}],"author":[{"embeddable":true,"href":"https:\/\/cssdn.gouv.qc.ca\/bac\/wp-json\/wp\/v2\/users\/1"}],"replies":[{"embeddable":true,"href":"https:\/\/cssdn.gouv.qc.ca\/bac\/wp-json\/wp\/v2\/comments?post=16"}],"version-history":[{"count":0,"href":"https:\/\/cssdn.gouv.qc.ca\/bac\/wp-json\/wp\/v2\/pages\/16\/revisions"}],"wp:attachment":[{"href":"https:\/\/cssdn.gouv.qc.ca\/bac\/wp-json\/wp\/v2\/media?parent=16"}],"wp:term":[{"taxonomy":"category","embeddable":true,"href":"https:\/\/cssdn.gouv.qc.ca\/bac\/wp-json\/wp\/v2\/categories?post=16"},{"taxonomy":"post_tag","embeddable":true,"href":"https:\/\/cssdn.gouv.qc.ca\/bac\/wp-json\/wp\/v2\/tags?post=16"}],"curies":[{"name":"wp","href":"https:\/\/api.w.org\/{rel}","templated":true}]}}