
{"id":9,"date":"2022-11-08T16:07:54","date_gmt":"2022-11-08T21:07:54","guid":{"rendered":"https:\/\/cssdn.gouv.qc.ca\/bac\/a-propos\/notre-equipe\/"},"modified":"2025-08-27T11:53:34","modified_gmt":"2025-08-27T15:53:34","slug":"notre-equipe","status":"publish","type":"page","link":"https:\/\/cssdn.gouv.qc.ca\/bac\/a-propos\/notre-equipe\/","title":{"rendered":"Notre \u00e9quipe"},"content":{"rendered":"\n<div class=\"wp-block-cover alignfull is-light is-style-title-banner\"><img decoding=\"async\" class=\"wp-block-cover__image-background wp-image-111 lazyload\" alt=\"\" data-src=\"https:\/\/stage.cssdn.gouv.qc.ca\/wp-content\/uploads\/2022\/08\/Seawire-Hero-06.jpg\" data-object-fit=\"cover\" src=\"data:image\/svg+xml;base64,PHN2ZyB3aWR0aD0iMSIgaGVpZ2h0PSIxIiB4bWxucz0iaHR0cDovL3d3dy53My5vcmcvMjAwMC9zdmciPjwvc3ZnPg==\" \/><span aria-hidden=\"true\" class=\"wp-block-cover__background has-primary-background-color has-background-dim\"><\/span><div class=\"wp-block-cover__inner-container\"><h3 class=\"wp-block-post-title\">Notre \u00e9quipe<\/h3><\/div><\/div>\n\n\n\n<div class=\"wp-block-group alignfull has-padding-y-large has-secondary-background-color has-background\"><div class=\"yoast-breadcrumbs alignwide \"><span class=\"breadcrumbs\"><a href=\"https:\/\/cssdn.gouv.qc.ca\/bac\/\" class=\"breadcrumbs__element\">Accueil<\/a> <span class=\"breadcrumbs__separator\">\n        <svg class=\"icon icon-breadcrumb__separator\"><use xlink:href=\"#icon-breadcrumb__separator\"><\/use><\/svg>\n    <\/span> <a href=\"https:\/\/cssdn.gouv.qc.ca\/bac\/a-propos\/\" class=\"breadcrumbs__element\">\u00c0 propos<\/a> <span class=\"breadcrumbs__separator\">\n        <svg class=\"icon icon-breadcrumb__separator\"><use xlink:href=\"#icon-breadcrumb__separator\"><\/use><\/svg>\n    <\/span> <span class=\"breadcrumbs__element breadcrumbs__element-current\">Notre \u00e9quipe<\/span><\/span><\/div><\/div>\n\n\n\n<p class=\"wp-block-paragraph\"><strong>DIRECTION D&rsquo;\u00c9COLE ET SOUTIEN<\/strong><\/p>\n\n\n\n<p class=\"wp-block-paragraph\">Myl\u00e8ne Laverdi\u00e8re B\u00e9langer, directrice<\/p>\n\n\n\n<p class=\"wp-block-paragraph\">Simon Dussault, directeur&nbsp;adjoint<\/p>\n\n\n\n<p class=\"wp-block-paragraph\">Marie-Christine Cliche, secr\u00e9taire<\/p>\n\n\n\n<p class=\"wp-block-paragraph\">Jessika Cyr, secr\u00e9taire d&rsquo;\u00e9cole<\/p>\n\n\n\n<p class=\"wp-block-paragraph\">Marie-Jos\u00e9e Lapointe, technicienne en service de garde (responsable)<\/p>\n\n\n\n<p class=\"wp-block-paragraph\">Florence Genety, classe principale du service de garde<\/p>\n\n\n\n<p class=\"wp-block-paragraph\"><strong>PERSONNEL ENSEIGNANT<\/strong><\/p>\n\n\n\n<p class=\"wp-block-paragraph\"><strong>Pr\u00e9scolaire<\/strong> <strong>4 ans<\/strong><\/p>\n\n\n\n<p class=\"wp-block-paragraph\">M\u00e9lanie Ruel <\/p>\n\n\n\n<p class=\"wp-block-paragraph\"><strong>Pr\u00e9scolaire 5 ans<\/strong><\/p>\n\n\n\n<p class=\"wp-block-paragraph\">Isabelle Lacroutz<\/p>\n\n\n\n<p class=\"wp-block-paragraph\">Myriam Aubin<\/p>\n\n\n\n<p class=\"wp-block-paragraph\">Catherine Tessier<\/p>\n\n\n\n<p class=\"wp-block-paragraph\">Andr\u00e9anne Bouffard<\/p>\n\n\n\n<p class=\"wp-block-paragraph\">Val\u00e9rie Boucher<\/p>\n\n\n\n<p class=\"wp-block-paragraph\"><strong>1re ann\u00e9e<\/strong><\/p>\n\n\n\n<p class=\"wp-block-paragraph\">V\u00e9ronique Cauchon<\/p>\n\n\n\n<p class=\"wp-block-paragraph\">Chantal Lemieux<\/p>\n\n\n\n<p class=\"wp-block-paragraph\">Maryse-Andr\u00e9e Lebrasseur<\/p>\n\n\n\n<p class=\"wp-block-paragraph\">M\u00e9lissa Fillion<\/p>\n\n\n\n<p class=\"wp-block-paragraph\"><strong>2e ann\u00e9e<\/strong><\/p>\n\n\n\n<p class=\"wp-block-paragraph\">M\u00e9lanie Gu\u00e9rin<\/p>\n\n\n\n<p class=\"wp-block-paragraph\">Marie-\u00c9laine Pelchat<\/p>\n\n\n\n<p class=\"wp-block-paragraph\">Genevi\u00e8ve Lasnier<\/p>\n\n\n\n<p class=\"wp-block-paragraph\"><strong>3e ann\u00e9e<\/strong><\/p>\n\n\n\n<p class=\"wp-block-paragraph\">V\u00e9ronique B\u00e9gin<\/p>\n\n\n\n<p class=\"wp-block-paragraph\">Elizabeth Rochette-Parent<\/p>\n\n\n\n<p class=\"wp-block-paragraph\">Marie-Pier Turmel<\/p>\n\n\n\n<p class=\"wp-block-paragraph\"><strong>3e-4e ann\u00e9e<\/strong><\/p>\n\n\n\n<p class=\"wp-block-paragraph\">Julie Cantin<\/p>\n\n\n\n<p class=\"wp-block-paragraph\"><strong>4e ann\u00e9e<\/strong><\/p>\n\n\n\n<p class=\"wp-block-paragraph\">\u00c9milie Veilleux<\/p>\n\n\n\n<p class=\"wp-block-paragraph\">Sandra Robitaille<\/p>\n\n\n\n<p class=\"wp-block-paragraph\">Emilie Cloutier<\/p>\n\n\n\n<p class=\"wp-block-paragraph\"><strong>5e ann\u00e9e<\/strong><\/p>\n\n\n\n<p class=\"wp-block-paragraph\">Marie-Pier Fortin<\/p>\n\n\n\n<p class=\"wp-block-paragraph\">Marie-Christine Grenier<\/p>\n\n\n\n<p class=\"wp-block-paragraph\">Marise Dufresne<\/p>\n\n\n\n<p class=\"wp-block-paragraph\">Jennifer Proven\u00e7al<\/p>\n\n\n\n<p class=\"wp-block-paragraph\"><strong>5e-6e ann\u00e9e<\/strong><\/p>\n\n\n\n<p class=\"wp-block-paragraph\">Marie-Pierre Mathieu <\/p>\n\n\n\n<p class=\"wp-block-paragraph\"><strong>6e ann\u00e9e<\/strong><\/p>\n\n\n\n<p class=\"wp-block-paragraph\">Myl\u00e8ne Deroy<\/p>\n\n\n\n<p class=\"wp-block-paragraph\">Caroline Desmeules<\/p>\n\n\n\n<p class=\"wp-block-paragraph\">Nancy Ouellet (anglais)<\/p>\n\n\n\n<p class=\"wp-block-paragraph\">Marie-Pier Drolet (anglais)<\/p>\n\n\n\n<p class=\"wp-block-paragraph\"><strong>ENSEIGNANTS EN SOUTIEN<\/strong><\/p>\n\n\n\n<p class=\"wp-block-paragraph\">Cindy Boudreau (premier cycle)<\/p>\n\n\n\n<p class=\"wp-block-paragraph\">Flavie Boulanger-Gosselin (deuxi\u00e8me cycle)<\/p>\n\n\n\n<p class=\"wp-block-paragraph\">David Pelletier (troisi\u00e8me cycle)<\/p>\n\n\n\n<p class=\"wp-block-paragraph\">Justine B\u00e9rub\u00e9 (pr\u00e9scolaire)<\/p>\n\n\n\n<p class=\"wp-block-paragraph\">Justine Bouchard (anglais)<\/p>\n\n\n\n<p class=\"wp-block-paragraph\"><strong>SP\u00c9CIALISTES<\/strong><\/p>\n\n\n\n<p class=\"wp-block-paragraph\">Anfal Hadj Aissa (Alysson Lacasse), anglais<\/p>\n\n\n\n<p class=\"wp-block-paragraph\">Nadine Perreault, anglais<\/p>\n\n\n\n<p class=\"wp-block-paragraph\">Philippe Fr\u00e9mont Mongrain, \u00e9ducation physique<\/p>\n\n\n\n<p class=\"wp-block-paragraph\">Alexis Chiasson, \u00e9ducation physique<\/p>\n\n\n\n<p class=\"wp-block-paragraph\">Caroline Joncas, \u00e9ducation physique<\/p>\n\n\n\n<p class=\"wp-block-paragraph\">Catherine Marquis, musique<\/p>\n\n\n\n<p class=\"wp-block-paragraph\">Francis Laroche, musique<\/p>\n\n\n\n<p class=\"wp-block-paragraph\"><strong>SERVICES COMPL\u00c9MENTAIRES<\/strong><\/p>\n\n\n\n<p class=\"wp-block-paragraph\">Maryse Fecteau, orthop\u00e9dagogue<\/p>\n\n\n\n<p class=\"wp-block-paragraph\">Martine Rh\u00e9aume, orthop\u00e9dagogue<\/p>\n\n\n\n<p class=\"wp-block-paragraph\">Mathieu Boucher, orthop\u00e9dagogue<\/p>\n\n\n\n<p class=\"wp-block-paragraph\">Camille Larochelle, psycho\u00e9ducatrice<\/p>\n\n\n\n<p class=\"wp-block-paragraph\">Angie Bouchard, psychologue<\/p>\n\n\n\n<p class=\"wp-block-paragraph\">Sarah-Kim Lapointe-Bouffard, orthophoniste<\/p>\n\n\n\n<p class=\"wp-block-paragraph\">Justine Poulin, ergoth\u00e9rapeute<\/p>\n\n\n\n<p class=\"wp-block-paragraph\">Genevi\u00e8ve Moineau, \u00e9ducatrice sp\u00e9cialis\u00e9e<\/p>\n\n\n\n<p class=\"wp-block-paragraph\">Marie-Claude Bouchard, \u00e9ducatrice sp\u00e9cialis\u00e9e<\/p>\n\n\n\n<p class=\"wp-block-paragraph\">Carole Audet, \u00e9ducatrice sp\u00e9cialis\u00e9e<\/p>\n\n\n\n<p class=\"wp-block-paragraph\">Isabelle Savard,\u00a0\u00e9ducatrice sp\u00e9cialis\u00e9e<\/p>\n\n\n\n<p class=\"wp-block-paragraph\"><\/p>\n","protected":false},"excerpt":{"rendered":"<p>DIRECTION D&rsquo;\u00c9COLE ET SOUTIEN Myl\u00e8ne Laverdi\u00e8re B\u00e9langer, directrice Simon Dussault, directeur&nbsp;adjoint Marie-Christine Cliche, secr\u00e9taire Jessika Cyr, secr\u00e9taire d&rsquo;\u00e9cole Marie-Jos\u00e9e Lapointe, technicienne en service de garde (responsable) Florence Genety, classe principale du service de garde PERSONNEL ENSEIGNANT Pr\u00e9scolaire 4 ans M\u00e9lanie Ruel Pr\u00e9scolaire 5 ans Isabelle Lacroutz Myriam Aubin Catherine Tessier Andr\u00e9anne Bouffard Val\u00e9rie Boucher 1re [&hellip;]<\/p>\n","protected":false},"author":1,"featured_media":0,"parent":6,"menu_order":0,"comment_status":"closed","ping_status":"closed","template":"","meta":{"_acf_changed":false,"_crdt_document":"","inline_featured_image":false,"footnotes":""},"categories":[],"tags":[],"class_list":["post-9","page","type-page","status-publish","hentry"],"acf":[],"yoast_head":"<!-- This site is optimized with the Yoast SEO plugin v27.4 - https:\/\/yoast.com\/product\/yoast-seo-wordpress\/ -->\n<title>- \u00c9cole du Bac<\/title>\n<meta name=\"robots\" content=\"index, follow, max-snippet:-1, max-image-preview:large, max-video-preview:-1\" \/>\n<link rel=\"canonical\" href=\"https:\/\/cssdn.gouv.qc.ca\/bac\/a-propos\/notre-equipe\/\" \/>\n<meta property=\"og:locale\" content=\"fr_CA\" \/>\n<meta property=\"og:type\" content=\"article\" \/>\n<meta property=\"og:title\" content=\"- \u00c9cole du Bac\" \/>\n<meta property=\"og:description\" content=\"DIRECTION D&rsquo;\u00c9COLE ET SOUTIEN Myl\u00e8ne Laverdi\u00e8re B\u00e9langer, directrice Simon Dussault, directeur&nbsp;adjoint Marie-Christine Cliche, secr\u00e9taire Jessika Cyr, secr\u00e9taire d&rsquo;\u00e9cole Marie-Jos\u00e9e Lapointe, technicienne en service de garde (responsable) Florence Genety, classe principale du service de garde PERSONNEL ENSEIGNANT Pr\u00e9scolaire 4 ans M\u00e9lanie Ruel Pr\u00e9scolaire 5 ans Isabelle Lacroutz Myriam Aubin Catherine Tessier Andr\u00e9anne Bouffard Val\u00e9rie Boucher 1re [&hellip;]\" \/>\n<meta property=\"og:url\" content=\"https:\/\/cssdn.gouv.qc.ca\/bac\/a-propos\/notre-equipe\/\" \/>\n<meta property=\"og:site_name\" content=\"\u00c9cole du Bac\" \/>\n<meta property=\"article:publisher\" content=\"https:\/\/www.facebook.com\/ecoledubac\" \/>\n<meta property=\"article:modified_time\" content=\"2025-08-27T15:53:34+00:00\" \/>\n<meta name=\"twitter:card\" content=\"summary_large_image\" \/>\n<meta name=\"twitter:label1\" content=\"Estimation du temps de lecture\" \/>\n\t<meta name=\"twitter:data1\" content=\"2 minutes\" \/>\n<script type=\"application\/ld+json\" class=\"yoast-schema-graph\">{\"@context\":\"https:\\\/\\\/schema.org\",\"@graph\":[{\"@type\":\"WebPage\",\"@id\":\"https:\\\/\\\/cssdn.gouv.qc.ca\\\/bac\\\/a-propos\\\/notre-equipe\\\/\",\"url\":\"https:\\\/\\\/cssdn.gouv.qc.ca\\\/bac\\\/a-propos\\\/notre-equipe\\\/\",\"name\":\"- \u00c9cole du Bac\",\"isPartOf\":{\"@id\":\"https:\\\/\\\/cssdn.gouv.qc.ca\\\/bac\\\/#website\"},\"primaryImageOfPage\":{\"@id\":\"https:\\\/\\\/cssdn.gouv.qc.ca\\\/bac\\\/a-propos\\\/notre-equipe\\\/#primaryimage\"},\"image\":{\"@id\":\"https:\\\/\\\/cssdn.gouv.qc.ca\\\/bac\\\/a-propos\\\/notre-equipe\\\/#primaryimage\"},\"thumbnailUrl\":\"https:\\\/\\\/stage.cssdn.gouv.qc.ca\\\/wp-content\\\/uploads\\\/2022\\\/08\\\/Seawire-Hero-06.jpg\",\"datePublished\":\"2022-11-08T21:07:54+00:00\",\"dateModified\":\"2025-08-27T15:53:34+00:00\",\"breadcrumb\":{\"@id\":\"https:\\\/\\\/cssdn.gouv.qc.ca\\\/bac\\\/a-propos\\\/notre-equipe\\\/#breadcrumb\"},\"inLanguage\":\"fr-CA\",\"potentialAction\":[{\"@type\":\"ReadAction\",\"target\":[\"https:\\\/\\\/cssdn.gouv.qc.ca\\\/bac\\\/a-propos\\\/notre-equipe\\\/\"]}]},{\"@type\":\"ImageObject\",\"inLanguage\":\"fr-CA\",\"@id\":\"https:\\\/\\\/cssdn.gouv.qc.ca\\\/bac\\\/a-propos\\\/notre-equipe\\\/#primaryimage\",\"url\":\"https:\\\/\\\/stage.cssdn.gouv.qc.ca\\\/wp-content\\\/uploads\\\/2022\\\/08\\\/Seawire-Hero-06.jpg\",\"contentUrl\":\"https:\\\/\\\/stage.cssdn.gouv.qc.ca\\\/wp-content\\\/uploads\\\/2022\\\/08\\\/Seawire-Hero-06.jpg\"},{\"@type\":\"BreadcrumbList\",\"@id\":\"https:\\\/\\\/cssdn.gouv.qc.ca\\\/bac\\\/a-propos\\\/notre-equipe\\\/#breadcrumb\",\"itemListElement\":[{\"@type\":\"ListItem\",\"position\":1,\"name\":\"Accueil\",\"item\":\"https:\\\/\\\/cssdn.gouv.qc.ca\\\/bac\\\/\"},{\"@type\":\"ListItem\",\"position\":2,\"name\":\"\u00c0 propos\",\"item\":\"https:\\\/\\\/cssdn.gouv.qc.ca\\\/bac\\\/a-propos\\\/\"},{\"@type\":\"ListItem\",\"position\":3,\"name\":\"Notre \u00e9quipe\"}]},{\"@type\":\"WebSite\",\"@id\":\"https:\\\/\\\/cssdn.gouv.qc.ca\\\/bac\\\/#website\",\"url\":\"https:\\\/\\\/cssdn.gouv.qc.ca\\\/bac\\\/\",\"name\":\"\u00c9cole du Bac\",\"description\":\"Un site des centres de services scolaires des Navigateurs\",\"publisher\":{\"@id\":\"https:\\\/\\\/cssdn.gouv.qc.ca\\\/bac\\\/#organization\"},\"potentialAction\":[{\"@type\":\"SearchAction\",\"target\":{\"@type\":\"EntryPoint\",\"urlTemplate\":\"https:\\\/\\\/cssdn.gouv.qc.ca\\\/bac\\\/?s={search_term_string}\"},\"query-input\":{\"@type\":\"PropertyValueSpecification\",\"valueRequired\":true,\"valueName\":\"search_term_string\"}}],\"inLanguage\":\"fr-CA\"},{\"@type\":\"Organization\",\"@id\":\"https:\\\/\\\/cssdn.gouv.qc.ca\\\/bac\\\/#organization\",\"name\":\"\u00c9cole du Bac\",\"url\":\"https:\\\/\\\/cssdn.gouv.qc.ca\\\/bac\\\/\",\"logo\":{\"@type\":\"ImageObject\",\"inLanguage\":\"fr-CA\",\"@id\":\"https:\\\/\\\/cssdn.gouv.qc.ca\\\/bac\\\/#\\\/schema\\\/logo\\\/image\\\/\",\"url\":\"https:\\\/\\\/cssdn.gouv.qc.ca\\\/bac\\\/wp-content\\\/uploads\\\/sites\\\/18\\\/2023\\\/01\\\/logo_quebec.svg\",\"contentUrl\":\"https:\\\/\\\/cssdn.gouv.qc.ca\\\/bac\\\/wp-content\\\/uploads\\\/sites\\\/18\\\/2023\\\/01\\\/logo_quebec.svg\",\"width\":188,\"height\":41,\"caption\":\"\u00c9cole du Bac\"},\"image\":{\"@id\":\"https:\\\/\\\/cssdn.gouv.qc.ca\\\/bac\\\/#\\\/schema\\\/logo\\\/image\\\/\"},\"sameAs\":[\"https:\\\/\\\/www.facebook.com\\\/ecoledubac\"]}]}<\/script>\n<!-- \/ Yoast SEO plugin. -->","yoast_head_json":{"title":"- \u00c9cole du Bac","robots":{"index":"index","follow":"follow","max-snippet":"max-snippet:-1","max-image-preview":"max-image-preview:large","max-video-preview":"max-video-preview:-1"},"canonical":"https:\/\/cssdn.gouv.qc.ca\/bac\/a-propos\/notre-equipe\/","og_locale":"fr_CA","og_type":"article","og_title":"- \u00c9cole du Bac","og_description":"DIRECTION D&rsquo;\u00c9COLE ET SOUTIEN Myl\u00e8ne Laverdi\u00e8re B\u00e9langer, directrice Simon Dussault, directeur&nbsp;adjoint Marie-Christine Cliche, secr\u00e9taire Jessika Cyr, secr\u00e9taire d&rsquo;\u00e9cole Marie-Jos\u00e9e Lapointe, technicienne en service de garde (responsable) Florence Genety, classe principale du service de garde PERSONNEL ENSEIGNANT Pr\u00e9scolaire 4 ans M\u00e9lanie Ruel Pr\u00e9scolaire 5 ans Isabelle Lacroutz Myriam Aubin Catherine Tessier Andr\u00e9anne Bouffard Val\u00e9rie Boucher 1re [&hellip;]","og_url":"https:\/\/cssdn.gouv.qc.ca\/bac\/a-propos\/notre-equipe\/","og_site_name":"\u00c9cole du Bac","article_publisher":"https:\/\/www.facebook.com\/ecoledubac","article_modified_time":"2025-08-27T15:53:34+00:00","twitter_card":"summary_large_image","twitter_misc":{"Estimation du temps de lecture":"2 minutes"},"schema":{"@context":"https:\/\/schema.org","@graph":[{"@type":"WebPage","@id":"https:\/\/cssdn.gouv.qc.ca\/bac\/a-propos\/notre-equipe\/","url":"https:\/\/cssdn.gouv.qc.ca\/bac\/a-propos\/notre-equipe\/","name":"- \u00c9cole du Bac","isPartOf":{"@id":"https:\/\/cssdn.gouv.qc.ca\/bac\/#website"},"primaryImageOfPage":{"@id":"https:\/\/cssdn.gouv.qc.ca\/bac\/a-propos\/notre-equipe\/#primaryimage"},"image":{"@id":"https:\/\/cssdn.gouv.qc.ca\/bac\/a-propos\/notre-equipe\/#primaryimage"},"thumbnailUrl":"https:\/\/stage.cssdn.gouv.qc.ca\/wp-content\/uploads\/2022\/08\/Seawire-Hero-06.jpg","datePublished":"2022-11-08T21:07:54+00:00","dateModified":"2025-08-27T15:53:34+00:00","breadcrumb":{"@id":"https:\/\/cssdn.gouv.qc.ca\/bac\/a-propos\/notre-equipe\/#breadcrumb"},"inLanguage":"fr-CA","potentialAction":[{"@type":"ReadAction","target":["https:\/\/cssdn.gouv.qc.ca\/bac\/a-propos\/notre-equipe\/"]}]},{"@type":"ImageObject","inLanguage":"fr-CA","@id":"https:\/\/cssdn.gouv.qc.ca\/bac\/a-propos\/notre-equipe\/#primaryimage","url":"https:\/\/stage.cssdn.gouv.qc.ca\/wp-content\/uploads\/2022\/08\/Seawire-Hero-06.jpg","contentUrl":"https:\/\/stage.cssdn.gouv.qc.ca\/wp-content\/uploads\/2022\/08\/Seawire-Hero-06.jpg"},{"@type":"BreadcrumbList","@id":"https:\/\/cssdn.gouv.qc.ca\/bac\/a-propos\/notre-equipe\/#breadcrumb","itemListElement":[{"@type":"ListItem","position":1,"name":"Accueil","item":"https:\/\/cssdn.gouv.qc.ca\/bac\/"},{"@type":"ListItem","position":2,"name":"\u00c0 propos","item":"https:\/\/cssdn.gouv.qc.ca\/bac\/a-propos\/"},{"@type":"ListItem","position":3,"name":"Notre \u00e9quipe"}]},{"@type":"WebSite","@id":"https:\/\/cssdn.gouv.qc.ca\/bac\/#website","url":"https:\/\/cssdn.gouv.qc.ca\/bac\/","name":"\u00c9cole du Bac","description":"Un site des centres de services scolaires des Navigateurs","publisher":{"@id":"https:\/\/cssdn.gouv.qc.ca\/bac\/#organization"},"potentialAction":[{"@type":"SearchAction","target":{"@type":"EntryPoint","urlTemplate":"https:\/\/cssdn.gouv.qc.ca\/bac\/?s={search_term_string}"},"query-input":{"@type":"PropertyValueSpecification","valueRequired":true,"valueName":"search_term_string"}}],"inLanguage":"fr-CA"},{"@type":"Organization","@id":"https:\/\/cssdn.gouv.qc.ca\/bac\/#organization","name":"\u00c9cole du Bac","url":"https:\/\/cssdn.gouv.qc.ca\/bac\/","logo":{"@type":"ImageObject","inLanguage":"fr-CA","@id":"https:\/\/cssdn.gouv.qc.ca\/bac\/#\/schema\/logo\/image\/","url":"https:\/\/cssdn.gouv.qc.ca\/bac\/wp-content\/uploads\/sites\/18\/2023\/01\/logo_quebec.svg","contentUrl":"https:\/\/cssdn.gouv.qc.ca\/bac\/wp-content\/uploads\/sites\/18\/2023\/01\/logo_quebec.svg","width":188,"height":41,"caption":"\u00c9cole du Bac"},"image":{"@id":"https:\/\/cssdn.gouv.qc.ca\/bac\/#\/schema\/logo\/image\/"},"sameAs":["https:\/\/www.facebook.com\/ecoledubac"]}]}},"publishpress_future_action":{"enabled":false,"date":"2026-04-25 16:32:04","action":"change-status","newStatus":"draft","terms":[],"taxonomy":"category","extraData":[]},"publishpress_future_workflow_manual_trigger":{"enabledWorkflows":[]},"_links":{"self":[{"href":"https:\/\/cssdn.gouv.qc.ca\/bac\/wp-json\/wp\/v2\/pages\/9","targetHints":{"allow":["GET"]}}],"collection":[{"href":"https:\/\/cssdn.gouv.qc.ca\/bac\/wp-json\/wp\/v2\/pages"}],"about":[{"href":"https:\/\/cssdn.gouv.qc.ca\/bac\/wp-json\/wp\/v2\/types\/page"}],"author":[{"embeddable":true,"href":"https:\/\/cssdn.gouv.qc.ca\/bac\/wp-json\/wp\/v2\/users\/1"}],"replies":[{"embeddable":true,"href":"https:\/\/cssdn.gouv.qc.ca\/bac\/wp-json\/wp\/v2\/comments?post=9"}],"version-history":[{"count":0,"href":"https:\/\/cssdn.gouv.qc.ca\/bac\/wp-json\/wp\/v2\/pages\/9\/revisions"}],"up":[{"embeddable":true,"href":"https:\/\/cssdn.gouv.qc.ca\/bac\/wp-json\/wp\/v2\/pages\/6"}],"wp:attachment":[{"href":"https:\/\/cssdn.gouv.qc.ca\/bac\/wp-json\/wp\/v2\/media?parent=9"}],"wp:term":[{"taxonomy":"category","embeddable":true,"href":"https:\/\/cssdn.gouv.qc.ca\/bac\/wp-json\/wp\/v2\/categories?post=9"},{"taxonomy":"post_tag","embeddable":true,"href":"https:\/\/cssdn.gouv.qc.ca\/bac\/wp-json\/wp\/v2\/tags?post=9"}],"curies":[{"name":"wp","href":"https:\/\/api.w.org\/{rel}","templated":true}]}}