
{"id":17,"date":"2022-11-08T16:17:58","date_gmt":"2022-11-08T21:17:58","guid":{"rendered":"https:\/\/cssdn.gouv.qc.ca\/beaurivage\/information\/services-a-leleve\/"},"modified":"2026-01-13T10:08:32","modified_gmt":"2026-01-13T15:08:32","slug":"services-a-leleve","status":"publish","type":"page","link":"https:\/\/cssdn.gouv.qc.ca\/beaurivage\/information\/services-a-leleve\/","title":{"rendered":"Services \u00e0 l&rsquo;\u00e9l\u00e8ve"},"content":{"rendered":"\n<div class=\"wp-block-cover alignfull is-light is-style-title-banner\"><img decoding=\"async\" class=\"wp-block-cover__image-background wp-image-111 lazyload\" alt=\"\" data-src=\"https:\/\/cssdn.gouv.qc.ca\/wp-content\/uploads\/2022\/08\/Seawire-Hero-06.jpg\" data-object-fit=\"cover\" src=\"data:image\/svg+xml;base64,PHN2ZyB3aWR0aD0iMSIgaGVpZ2h0PSIxIiB4bWxucz0iaHR0cDovL3d3dy53My5vcmcvMjAwMC9zdmciPjwvc3ZnPg==\" \/><span aria-hidden=\"true\" class=\"wp-block-cover__background has-primary-background-color has-background-dim\"><\/span><div class=\"wp-block-cover__inner-container\"><h3 class=\"wp-block-post-title\">Services \u00e0 l&rsquo;\u00e9l\u00e8ve<\/h3><\/div><\/div>\n\n\n\n<div class=\"wp-block-group alignfull has-padding-y-large has-secondary-background-color has-background\"><div class=\"yoast-breadcrumbs alignwide \"><span class=\"breadcrumbs\"><a href=\"https:\/\/cssdn.gouv.qc.ca\/beaurivage\/\" class=\"breadcrumbs__element\">Accueil<\/a> <span class=\"breadcrumbs__separator\">\n        <svg class=\"icon icon-breadcrumb__separator\"><use xlink:href=\"#icon-breadcrumb__separator\"><\/use><\/svg>\n    <\/span> <a href=\"https:\/\/cssdn.gouv.qc.ca\/beaurivage\/information\/\" class=\"breadcrumbs__element\">Information<\/a> <span class=\"breadcrumbs__separator\">\n        <svg class=\"icon icon-breadcrumb__separator\"><use xlink:href=\"#icon-breadcrumb__separator\"><\/use><\/svg>\n    <\/span> <span class=\"breadcrumbs__element breadcrumbs__element-current\">Services \u00e0 l&rsquo;\u00e9l\u00e8ve<\/span><\/span><\/div><\/div>\n\n\n\n<p class=\"has-white-color has-grey-40-background-color has-text-color has-background has-link-color wp-elements-7f376150ee146eb972b5da88d0127b63 wp-block-paragraph\">INFIRMI\u00c8RE  EN SANT\u00c9 SCOLAIRE<\/p>\n\n\n\n<figure class=\"wp-block-image size-large is-resized\"><img decoding=\"async\" width=\"792\" height=\"1024\" data-src=\"https:\/\/cssdn.gouv.qc.ca\/beaurivage\/wp-content\/uploads\/sites\/66\/2025\/08\/affiche-Infirmiere_secondaire-CHRISTINE-LECLERC-sans-QR-002-1-792x1024.jpg\" alt=\"\" class=\"wp-image-1123 lazyload\" style=\"--smush-placeholder-width: 792px; --smush-placeholder-aspect-ratio: 792\/1024;width:493px;height:auto\" data-srcset=\"https:\/\/cssdn.gouv.qc.ca\/beaurivage\/wp-content\/uploads\/sites\/66\/2025\/08\/affiche-Infirmiere_secondaire-CHRISTINE-LECLERC-sans-QR-002-1-792x1024.jpg 792w, https:\/\/cssdn.gouv.qc.ca\/beaurivage\/wp-content\/uploads\/sites\/66\/2025\/08\/affiche-Infirmiere_secondaire-CHRISTINE-LECLERC-sans-QR-002-1-232x300.jpg 232w, https:\/\/cssdn.gouv.qc.ca\/beaurivage\/wp-content\/uploads\/sites\/66\/2025\/08\/affiche-Infirmiere_secondaire-CHRISTINE-LECLERC-sans-QR-002-1-768x994.jpg 768w, https:\/\/cssdn.gouv.qc.ca\/beaurivage\/wp-content\/uploads\/sites\/66\/2025\/08\/affiche-Infirmiere_secondaire-CHRISTINE-LECLERC-sans-QR-002-1-1187x1536.jpg 1187w, https:\/\/cssdn.gouv.qc.ca\/beaurivage\/wp-content\/uploads\/sites\/66\/2025\/08\/affiche-Infirmiere_secondaire-CHRISTINE-LECLERC-sans-QR-002-1.jpg 1318w\" data-sizes=\"(max-width: 792px) 100vw, 792px\" src=\"data:image\/svg+xml;base64,PHN2ZyB3aWR0aD0iMSIgaGVpZ2h0PSIxIiB4bWxucz0iaHR0cDovL3d3dy53My5vcmcvMjAwMC9zdmciPjwvc3ZnPg==\" \/><\/figure>\n\n\n\n<p class=\"wp-block-paragraph\">Pour prendre rendez-vous: <a href=\"https:\/\/can01.safelinks.protection.outlook.com\/?url=http%3A%2F%2Fcalendly.com%2Fleclercc1&amp;data=05%7C02%7Cveronique.dumas%40cssdn.gouv.qc.ca%7C81dbdebdb5ae4321da4308ddd9b05700%7C116b0fe7428e49b58982f9c63799268d%7C0%7C0%7C638906073816094943%7CUnknown%7CTWFpbGZsb3d8eyJFbXB0eU1hcGkiOnRydWUsIlYiOiIwLjAuMDAwMCIsIlAiOiJXaW4zMiIsIkFOIjoiTWFpbCIsIldUIjoyfQ%3D%3D%7C0%7C%7C%7C&amp;sdata=IHsheHTsc8BrQrwikZOdWjcYkMZac3ge05I6L2%2BFGEA%3D&amp;reserved=0\">calendly.com\/leclerc1<\/a><a href=\"https:\/\/can01.safelinks.protection.outlook.com\/?url=http%3A%2F%2Fcalendly.com%2Fleclercc1&amp;data=05%7C02%7Cveronique.dumas%40cssdn.gouv.qc.ca%7C81dbdebdb5ae4321da4308ddd9b05700%7C116b0fe7428e49b58982f9c63799268d%7C0%7C0%7C638906073816112115%7CUnknown%7CTWFpbGZsb3d8eyJFbXB0eU1hcGkiOnRydWUsIlYiOiIwLjAuMDAwMCIsIlAiOiJXaW4zMiIsIkFOIjoiTWFpbCIsIldUIjoyfQ%3D%3D%7C0%7C%7C%7C&amp;sdata=TCLOFHDOM8H66jUg55%2BqYoajynTA0qaFn0Qt7AuvwmE%3D&amp;reserved=0\">&nbsp;<\/a><\/p>\n\n\n\n<p class=\"wp-block-paragraph\"><\/p>\n\n\n\n<p class=\"has-white-color has-grey-40-background-color has-text-color has-background has-link-color wp-elements-2b973a19a46627693d749d42f672d013 wp-block-paragraph\">PERSONNES-RESSOURCES<\/p>\n\n\n\n<div class=\"wp-block-file\"><a id=\"wp-block-file--media-273fd408-446a-4d92-92aa-b342f70b0f6d\" href=\"https:\/\/cssdn.gouv.qc.ca\/beaurivage\/wp-content\/uploads\/sites\/66\/2025\/11\/personnes-ressources.pdf\">Affiche des personnes-ressources ESB 25-26<\/a><a href=\"https:\/\/cssdn.gouv.qc.ca\/beaurivage\/wp-content\/uploads\/sites\/66\/2025\/11\/personnes-ressources.pdf\" class=\"wp-block-file__button wp-element-button\" download aria-describedby=\"wp-block-file--media-273fd408-446a-4d92-92aa-b342f70b0f6d\">Download<\/a><\/div>\n","protected":false},"excerpt":{"rendered":"<p>INFIRMI\u00c8RE EN SANT\u00c9 SCOLAIRE Pour prendre rendez-vous: calendly.com\/leclerc1&nbsp; PERSONNES-RESSOURCES<\/p>\n","protected":false},"author":1,"featured_media":0,"parent":14,"menu_order":0,"comment_status":"closed","ping_status":"closed","template":"","meta":{"_acf_changed":false,"_crdt_document":"","inline_featured_image":false,"footnotes":""},"categories":[],"tags":[],"class_list":["post-17","page","type-page","status-publish","hentry"],"acf":[],"yoast_head":"<!-- This site is optimized with the Yoast SEO plugin v27.3 - https:\/\/yoast.com\/product\/yoast-seo-wordpress\/ -->\n<title>Services \u00e0 l&#039;\u00e9l\u00e8ve - \u00c9cole Beaurivage<\/title>\n<meta name=\"robots\" content=\"index, follow, max-snippet:-1, max-image-preview:large, max-video-preview:-1\" \/>\n<link rel=\"canonical\" href=\"https:\/\/cssdn.gouv.qc.ca\/beaurivage\/information\/services-a-leleve\/\" \/>\n<meta property=\"og:locale\" content=\"fr_CA\" \/>\n<meta property=\"og:type\" content=\"article\" \/>\n<meta property=\"og:title\" content=\"Services \u00e0 l&#039;\u00e9l\u00e8ve - \u00c9cole Beaurivage\" \/>\n<meta property=\"og:description\" content=\"INFIRMI\u00c8RE EN SANT\u00c9 SCOLAIRE Pour prendre rendez-vous: calendly.com\/leclerc1&nbsp; PERSONNES-RESSOURCES\" \/>\n<meta property=\"og:url\" content=\"https:\/\/cssdn.gouv.qc.ca\/beaurivage\/information\/services-a-leleve\/\" \/>\n<meta property=\"og:site_name\" content=\"\u00c9cole Beaurivage\" \/>\n<meta property=\"article:publisher\" content=\"https:\/\/www.facebook.com\/esbeaurivage\" \/>\n<meta property=\"article:modified_time\" content=\"2026-01-13T15:08:32+00:00\" \/>\n<meta name=\"twitter:card\" content=\"summary_large_image\" \/>\n<meta name=\"twitter:site\" content=\"@CSSNavigateurs\" \/>\n<meta name=\"twitter:label1\" content=\"Estimation du temps de lecture\" \/>\n\t<meta name=\"twitter:data1\" content=\"1 minute\" \/>\n<script type=\"application\/ld+json\" class=\"yoast-schema-graph\">{\"@context\":\"https:\\\/\\\/schema.org\",\"@graph\":[{\"@type\":\"WebPage\",\"@id\":\"https:\\\/\\\/cssdn.gouv.qc.ca\\\/beaurivage\\\/information\\\/services-a-leleve\\\/\",\"url\":\"https:\\\/\\\/cssdn.gouv.qc.ca\\\/beaurivage\\\/information\\\/services-a-leleve\\\/\",\"name\":\"Services \u00e0 l'\u00e9l\u00e8ve - \u00c9cole Beaurivage\",\"isPartOf\":{\"@id\":\"https:\\\/\\\/cssdn.gouv.qc.ca\\\/beaurivage\\\/#website\"},\"primaryImageOfPage\":{\"@id\":\"https:\\\/\\\/cssdn.gouv.qc.ca\\\/beaurivage\\\/information\\\/services-a-leleve\\\/#primaryimage\"},\"image\":{\"@id\":\"https:\\\/\\\/cssdn.gouv.qc.ca\\\/beaurivage\\\/information\\\/services-a-leleve\\\/#primaryimage\"},\"thumbnailUrl\":\"https:\\\/\\\/cssdn.gouv.qc.ca\\\/wp-content\\\/uploads\\\/2022\\\/08\\\/Seawire-Hero-06.jpg\",\"datePublished\":\"2022-11-08T21:17:58+00:00\",\"dateModified\":\"2026-01-13T15:08:32+00:00\",\"breadcrumb\":{\"@id\":\"https:\\\/\\\/cssdn.gouv.qc.ca\\\/beaurivage\\\/information\\\/services-a-leleve\\\/#breadcrumb\"},\"inLanguage\":\"fr-CA\",\"potentialAction\":[{\"@type\":\"ReadAction\",\"target\":[\"https:\\\/\\\/cssdn.gouv.qc.ca\\\/beaurivage\\\/information\\\/services-a-leleve\\\/\"]}]},{\"@type\":\"ImageObject\",\"inLanguage\":\"fr-CA\",\"@id\":\"https:\\\/\\\/cssdn.gouv.qc.ca\\\/beaurivage\\\/information\\\/services-a-leleve\\\/#primaryimage\",\"url\":\"https:\\\/\\\/cssdn.gouv.qc.ca\\\/wp-content\\\/uploads\\\/2022\\\/08\\\/Seawire-Hero-06.jpg\",\"contentUrl\":\"https:\\\/\\\/cssdn.gouv.qc.ca\\\/wp-content\\\/uploads\\\/2022\\\/08\\\/Seawire-Hero-06.jpg\"},{\"@type\":\"BreadcrumbList\",\"@id\":\"https:\\\/\\\/cssdn.gouv.qc.ca\\\/beaurivage\\\/information\\\/services-a-leleve\\\/#breadcrumb\",\"itemListElement\":[{\"@type\":\"ListItem\",\"position\":1,\"name\":\"Accueil\",\"item\":\"https:\\\/\\\/cssdn.gouv.qc.ca\\\/beaurivage\\\/\"},{\"@type\":\"ListItem\",\"position\":2,\"name\":\"Information\",\"item\":\"https:\\\/\\\/cssdn.gouv.qc.ca\\\/beaurivage\\\/information\\\/\"},{\"@type\":\"ListItem\",\"position\":3,\"name\":\"Services \u00e0 l&rsquo;\u00e9l\u00e8ve\"}]},{\"@type\":\"WebSite\",\"@id\":\"https:\\\/\\\/cssdn.gouv.qc.ca\\\/beaurivage\\\/#website\",\"url\":\"https:\\\/\\\/cssdn.gouv.qc.ca\\\/beaurivage\\\/\",\"name\":\"\u00c9cole Beaurivage\",\"description\":\"Un site des centres de services scolaires des Navigateurs\",\"publisher\":{\"@id\":\"https:\\\/\\\/cssdn.gouv.qc.ca\\\/beaurivage\\\/#organization\"},\"potentialAction\":[{\"@type\":\"SearchAction\",\"target\":{\"@type\":\"EntryPoint\",\"urlTemplate\":\"https:\\\/\\\/cssdn.gouv.qc.ca\\\/beaurivage\\\/?s={search_term_string}\"},\"query-input\":{\"@type\":\"PropertyValueSpecification\",\"valueRequired\":true,\"valueName\":\"search_term_string\"}}],\"inLanguage\":\"fr-CA\"},{\"@type\":\"Organization\",\"@id\":\"https:\\\/\\\/cssdn.gouv.qc.ca\\\/beaurivage\\\/#organization\",\"name\":\"\u00c9cole Beaurivage\",\"url\":\"https:\\\/\\\/cssdn.gouv.qc.ca\\\/beaurivage\\\/\",\"logo\":{\"@type\":\"ImageObject\",\"inLanguage\":\"fr-CA\",\"@id\":\"https:\\\/\\\/cssdn.gouv.qc.ca\\\/beaurivage\\\/#\\\/schema\\\/logo\\\/image\\\/\",\"url\":\"https:\\\/\\\/cssdn.gouv.qc.ca\\\/beaurivage\\\/wp-content\\\/uploads\\\/sites\\\/66\\\/2023\\\/01\\\/logo_quebec.svg\",\"contentUrl\":\"https:\\\/\\\/cssdn.gouv.qc.ca\\\/beaurivage\\\/wp-content\\\/uploads\\\/sites\\\/66\\\/2023\\\/01\\\/logo_quebec.svg\",\"width\":188,\"height\":41,\"caption\":\"\u00c9cole Beaurivage\"},\"image\":{\"@id\":\"https:\\\/\\\/cssdn.gouv.qc.ca\\\/beaurivage\\\/#\\\/schema\\\/logo\\\/image\\\/\"},\"sameAs\":[\"https:\\\/\\\/www.facebook.com\\\/esbeaurivage\",\"https:\\\/\\\/x.com\\\/CSSNavigateurs\",\"https:\\\/\\\/www.instagram.com\\\/cssnavigateurs\\\/\",\"https:\\\/\\\/www.youtube.com\\\/channel\\\/UCHbNBehije70JBzCIVT82bQ\",\"https:\\\/\\\/www.linkedin.com\\\/company\\\/cssdn\"]}]}<\/script>\n<!-- \/ Yoast SEO plugin. -->","yoast_head_json":{"title":"Services \u00e0 l'\u00e9l\u00e8ve - \u00c9cole Beaurivage","robots":{"index":"index","follow":"follow","max-snippet":"max-snippet:-1","max-image-preview":"max-image-preview:large","max-video-preview":"max-video-preview:-1"},"canonical":"https:\/\/cssdn.gouv.qc.ca\/beaurivage\/information\/services-a-leleve\/","og_locale":"fr_CA","og_type":"article","og_title":"Services \u00e0 l'\u00e9l\u00e8ve - \u00c9cole Beaurivage","og_description":"INFIRMI\u00c8RE EN SANT\u00c9 SCOLAIRE Pour prendre rendez-vous: calendly.com\/leclerc1&nbsp; PERSONNES-RESSOURCES","og_url":"https:\/\/cssdn.gouv.qc.ca\/beaurivage\/information\/services-a-leleve\/","og_site_name":"\u00c9cole Beaurivage","article_publisher":"https:\/\/www.facebook.com\/esbeaurivage","article_modified_time":"2026-01-13T15:08:32+00:00","twitter_card":"summary_large_image","twitter_site":"@CSSNavigateurs","twitter_misc":{"Estimation du temps de lecture":"1 minute"},"schema":{"@context":"https:\/\/schema.org","@graph":[{"@type":"WebPage","@id":"https:\/\/cssdn.gouv.qc.ca\/beaurivage\/information\/services-a-leleve\/","url":"https:\/\/cssdn.gouv.qc.ca\/beaurivage\/information\/services-a-leleve\/","name":"Services \u00e0 l'\u00e9l\u00e8ve - \u00c9cole Beaurivage","isPartOf":{"@id":"https:\/\/cssdn.gouv.qc.ca\/beaurivage\/#website"},"primaryImageOfPage":{"@id":"https:\/\/cssdn.gouv.qc.ca\/beaurivage\/information\/services-a-leleve\/#primaryimage"},"image":{"@id":"https:\/\/cssdn.gouv.qc.ca\/beaurivage\/information\/services-a-leleve\/#primaryimage"},"thumbnailUrl":"https:\/\/cssdn.gouv.qc.ca\/wp-content\/uploads\/2022\/08\/Seawire-Hero-06.jpg","datePublished":"2022-11-08T21:17:58+00:00","dateModified":"2026-01-13T15:08:32+00:00","breadcrumb":{"@id":"https:\/\/cssdn.gouv.qc.ca\/beaurivage\/information\/services-a-leleve\/#breadcrumb"},"inLanguage":"fr-CA","potentialAction":[{"@type":"ReadAction","target":["https:\/\/cssdn.gouv.qc.ca\/beaurivage\/information\/services-a-leleve\/"]}]},{"@type":"ImageObject","inLanguage":"fr-CA","@id":"https:\/\/cssdn.gouv.qc.ca\/beaurivage\/information\/services-a-leleve\/#primaryimage","url":"https:\/\/cssdn.gouv.qc.ca\/wp-content\/uploads\/2022\/08\/Seawire-Hero-06.jpg","contentUrl":"https:\/\/cssdn.gouv.qc.ca\/wp-content\/uploads\/2022\/08\/Seawire-Hero-06.jpg"},{"@type":"BreadcrumbList","@id":"https:\/\/cssdn.gouv.qc.ca\/beaurivage\/information\/services-a-leleve\/#breadcrumb","itemListElement":[{"@type":"ListItem","position":1,"name":"Accueil","item":"https:\/\/cssdn.gouv.qc.ca\/beaurivage\/"},{"@type":"ListItem","position":2,"name":"Information","item":"https:\/\/cssdn.gouv.qc.ca\/beaurivage\/information\/"},{"@type":"ListItem","position":3,"name":"Services \u00e0 l&rsquo;\u00e9l\u00e8ve"}]},{"@type":"WebSite","@id":"https:\/\/cssdn.gouv.qc.ca\/beaurivage\/#website","url":"https:\/\/cssdn.gouv.qc.ca\/beaurivage\/","name":"\u00c9cole Beaurivage","description":"Un site des centres de services scolaires des Navigateurs","publisher":{"@id":"https:\/\/cssdn.gouv.qc.ca\/beaurivage\/#organization"},"potentialAction":[{"@type":"SearchAction","target":{"@type":"EntryPoint","urlTemplate":"https:\/\/cssdn.gouv.qc.ca\/beaurivage\/?s={search_term_string}"},"query-input":{"@type":"PropertyValueSpecification","valueRequired":true,"valueName":"search_term_string"}}],"inLanguage":"fr-CA"},{"@type":"Organization","@id":"https:\/\/cssdn.gouv.qc.ca\/beaurivage\/#organization","name":"\u00c9cole Beaurivage","url":"https:\/\/cssdn.gouv.qc.ca\/beaurivage\/","logo":{"@type":"ImageObject","inLanguage":"fr-CA","@id":"https:\/\/cssdn.gouv.qc.ca\/beaurivage\/#\/schema\/logo\/image\/","url":"https:\/\/cssdn.gouv.qc.ca\/beaurivage\/wp-content\/uploads\/sites\/66\/2023\/01\/logo_quebec.svg","contentUrl":"https:\/\/cssdn.gouv.qc.ca\/beaurivage\/wp-content\/uploads\/sites\/66\/2023\/01\/logo_quebec.svg","width":188,"height":41,"caption":"\u00c9cole Beaurivage"},"image":{"@id":"https:\/\/cssdn.gouv.qc.ca\/beaurivage\/#\/schema\/logo\/image\/"},"sameAs":["https:\/\/www.facebook.com\/esbeaurivage","https:\/\/x.com\/CSSNavigateurs","https:\/\/www.instagram.com\/cssnavigateurs\/","https:\/\/www.youtube.com\/channel\/UCHbNBehije70JBzCIVT82bQ","https:\/\/www.linkedin.com\/company\/cssdn"]}]}},"publishpress_future_action":{"enabled":false,"date":"2026-04-17 07:09:51","action":"change-status","newStatus":"draft","terms":[],"taxonomy":"category","extraData":[]},"publishpress_future_workflow_manual_trigger":{"enabledWorkflows":[]},"_links":{"self":[{"href":"https:\/\/cssdn.gouv.qc.ca\/beaurivage\/wp-json\/wp\/v2\/pages\/17","targetHints":{"allow":["GET"]}}],"collection":[{"href":"https:\/\/cssdn.gouv.qc.ca\/beaurivage\/wp-json\/wp\/v2\/pages"}],"about":[{"href":"https:\/\/cssdn.gouv.qc.ca\/beaurivage\/wp-json\/wp\/v2\/types\/page"}],"author":[{"embeddable":true,"href":"https:\/\/cssdn.gouv.qc.ca\/beaurivage\/wp-json\/wp\/v2\/users\/1"}],"replies":[{"embeddable":true,"href":"https:\/\/cssdn.gouv.qc.ca\/beaurivage\/wp-json\/wp\/v2\/comments?post=17"}],"version-history":[{"count":0,"href":"https:\/\/cssdn.gouv.qc.ca\/beaurivage\/wp-json\/wp\/v2\/pages\/17\/revisions"}],"up":[{"embeddable":true,"href":"https:\/\/cssdn.gouv.qc.ca\/beaurivage\/wp-json\/wp\/v2\/pages\/14"}],"wp:attachment":[{"href":"https:\/\/cssdn.gouv.qc.ca\/beaurivage\/wp-json\/wp\/v2\/media?parent=17"}],"wp:term":[{"taxonomy":"category","embeddable":true,"href":"https:\/\/cssdn.gouv.qc.ca\/beaurivage\/wp-json\/wp\/v2\/categories?post=17"},{"taxonomy":"post_tag","embeddable":true,"href":"https:\/\/cssdn.gouv.qc.ca\/beaurivage\/wp-json\/wp\/v2\/tags?post=17"}],"curies":[{"name":"wp","href":"https:\/\/api.w.org\/{rel}","templated":true}]}}