
{"id":20,"date":"2022-11-08T16:17:59","date_gmt":"2022-11-08T21:17:59","guid":{"rendered":"https:\/\/cssdn.gouv.qc.ca\/beaurivage\/vie-scolaire\/conseil-etudiant\/"},"modified":"2026-04-01T10:04:04","modified_gmt":"2026-04-01T14:04:04","slug":"conseil-etudiant","status":"publish","type":"page","link":"https:\/\/cssdn.gouv.qc.ca\/beaurivage\/vie-scolaire\/conseil-etudiant\/","title":{"rendered":"Conseil \u00e9tudiant"},"content":{"rendered":"\n<div class=\"wp-block-cover alignfull is-light is-style-title-banner\"><img decoding=\"async\" class=\"wp-block-cover__image-background wp-image-111 lazyload\" alt=\"\" data-src=\"https:\/\/cssdn.gouv.qc.ca\/wp-content\/uploads\/2022\/08\/Seawire-Hero-06.jpg\" data-object-fit=\"cover\" src=\"data:image\/svg+xml;base64,PHN2ZyB3aWR0aD0iMSIgaGVpZ2h0PSIxIiB4bWxucz0iaHR0cDovL3d3dy53My5vcmcvMjAwMC9zdmciPjwvc3ZnPg==\" \/><span aria-hidden=\"true\" class=\"wp-block-cover__background has-primary-background-color has-background-dim\"><\/span><div class=\"wp-block-cover__inner-container\"><h3 class=\"wp-block-post-title\">Conseil \u00e9tudiant<\/h3><\/div><\/div>\n\n\n\n<div class=\"wp-block-group alignfull has-padding-y-large has-secondary-background-color has-background\"><div class=\"yoast-breadcrumbs alignwide \"><span class=\"breadcrumbs\"><a href=\"https:\/\/cssdn.gouv.qc.ca\/beaurivage\/\" class=\"breadcrumbs__element\">Accueil<\/a> <span class=\"breadcrumbs__separator\">\n        <svg class=\"icon icon-breadcrumb__separator\"><use xlink:href=\"#icon-breadcrumb__separator\"><\/use><\/svg>\n    <\/span> <a href=\"https:\/\/cssdn.gouv.qc.ca\/beaurivage\/vie-scolaire\/\" class=\"breadcrumbs__element\">Vie scolaire<\/a> <span class=\"breadcrumbs__separator\">\n        <svg class=\"icon icon-breadcrumb__separator\"><use xlink:href=\"#icon-breadcrumb__separator\"><\/use><\/svg>\n    <\/span> <span class=\"breadcrumbs__element breadcrumbs__element-current\">Conseil \u00e9tudiant<\/span><\/span><\/div><\/div>\n\n\n\n<h4 class=\"wp-block-heading\">Vie \u00e9tudiante<\/h4>\n\n\n\n<p class=\"wp-block-paragraph\">Le conseil \u00e9tudiant est form\u00e9 d\u2019\u00e9l\u00e8ves de diff\u00e9rents degr\u00e9s. Il contribue \u00e0 rendre la vie \u00e0 l\u2019\u00e9cole plus dynamique. <\/p>\n\n\n\n<p class=\"wp-block-paragraph\">Tout au long de l\u2019ann\u00e9e, diff\u00e9rentes activit\u00e9s sont organis\u00e9es selon diff\u00e9rents th\u00e8mes : Halloween, No\u00ebl, St-Valentin, journ\u00e9e country, etc.<\/p>\n\n\n\n<div class=\"wp-block-file\"><a id=\"wp-block-file--media-f5bcef49-c856-4b9b-b64a-b6fd057227e0\" href=\"https:\/\/cssdn.gouv.qc.ca\/beaurivage\/wp-content\/uploads\/sites\/66\/2026\/04\/Avril-2026-1-1.png\">Calendrier &#8211; Vie \u00e9tudiante &#8211; Avril 2026<\/a><a href=\"https:\/\/cssdn.gouv.qc.ca\/beaurivage\/wp-content\/uploads\/sites\/66\/2026\/04\/Avril-2026-1-1.png\" class=\"wp-block-file__button wp-element-button\" download aria-describedby=\"wp-block-file--media-f5bcef49-c856-4b9b-b64a-b6fd057227e0\">Download<\/a><\/div>\n\n\n\n<div class=\"wp-block-file\"><a id=\"wp-block-file--media-62974984-28aa-4489-a1a8-61d4dbf81a55\" href=\"https:\/\/cssdn.gouv.qc.ca\/beaurivage\/wp-content\/uploads\/sites\/66\/2026\/04\/Mars-2026-1-1.png\">Calendrier &#8211; Vie \u00e9tudiante &#8211; Mars 2026<\/a><a href=\"https:\/\/cssdn.gouv.qc.ca\/beaurivage\/wp-content\/uploads\/sites\/66\/2026\/04\/Mars-2026-1-1.png\" class=\"wp-block-file__button wp-element-button\" download aria-describedby=\"wp-block-file--media-62974984-28aa-4489-a1a8-61d4dbf81a55\">Download<\/a><\/div>\n\n\n\n<div class=\"wp-block-file\"><a id=\"wp-block-file--media-d434a611-d3d3-4e72-93f3-1d9466528ca9\" href=\"https:\/\/cssdn.gouv.qc.ca\/beaurivage\/wp-content\/uploads\/sites\/66\/2026\/04\/Fevrier-2026-1.png\">Calendrier &#8211; Vie \u00e9tudiante &#8211; F\u00e9vrier 2026<\/a><a href=\"https:\/\/cssdn.gouv.qc.ca\/beaurivage\/wp-content\/uploads\/sites\/66\/2026\/04\/Fevrier-2026-1.png\" class=\"wp-block-file__button wp-element-button\" download aria-describedby=\"wp-block-file--media-d434a611-d3d3-4e72-93f3-1d9466528ca9\">Download<\/a><\/div>\n\n\n\n<div class=\"wp-block-file\"><a id=\"wp-block-file--media-504a4cf3-8d23-4711-99f8-7ae82576ad19\" href=\"https:\/\/cssdn.gouv.qc.ca\/beaurivage\/wp-content\/uploads\/sites\/66\/2026\/01\/Janvier-2026-4.png\">Calendrier &#8211; Vie \u00e9tudiante &#8211; Janvier 2026<\/a><a href=\"https:\/\/cssdn.gouv.qc.ca\/beaurivage\/wp-content\/uploads\/sites\/66\/2026\/01\/Janvier-2026-4.png\" class=\"wp-block-file__button wp-element-button\" download aria-describedby=\"wp-block-file--media-504a4cf3-8d23-4711-99f8-7ae82576ad19\">Download<\/a><\/div>\n\n\n\n<div style=\" flex-wrap: wrap;\" class=\"is-content-justification-center wp-block-group\">\n<h2 class=\"wp-block-heading has-text-align-center\">Membres du conseil \u00e9tudiant 2025-2026<\/h2>\n<\/div>\n\n\n\n<p class=\"has-text-align-center wp-block-paragraph\"><\/p>\n\n\n\n<figure class=\"wp-block-image aligncenter size-full\"><img decoding=\"async\" width=\"669\" height=\"805\" data-src=\"https:\/\/cssdn.gouv.qc.ca\/beaurivage\/wp-content\/uploads\/sites\/66\/2025\/11\/Conseil-etudiant-2025-2026.jpg\" alt=\"\" class=\"wp-image-1244 lazyload\" data-srcset=\"https:\/\/cssdn.gouv.qc.ca\/beaurivage\/wp-content\/uploads\/sites\/66\/2025\/11\/Conseil-etudiant-2025-2026.jpg 669w, https:\/\/cssdn.gouv.qc.ca\/beaurivage\/wp-content\/uploads\/sites\/66\/2025\/11\/Conseil-etudiant-2025-2026-249x300.jpg 249w\" data-sizes=\"(max-width: 669px) 100vw, 669px\" src=\"data:image\/svg+xml;base64,PHN2ZyB3aWR0aD0iMSIgaGVpZ2h0PSIxIiB4bWxucz0iaHR0cDovL3d3dy53My5vcmcvMjAwMC9zdmciPjwvc3ZnPg==\" style=\"--smush-placeholder-width: 669px; --smush-placeholder-aspect-ratio: 669\/805;\" \/><\/figure>\n","protected":false},"excerpt":{"rendered":"<p>Vie \u00e9tudiante Le conseil \u00e9tudiant est form\u00e9 d\u2019\u00e9l\u00e8ves de diff\u00e9rents degr\u00e9s. Il contribue \u00e0 rendre la vie \u00e0 l\u2019\u00e9cole plus dynamique. Tout au long de l\u2019ann\u00e9e, diff\u00e9rentes activit\u00e9s sont organis\u00e9es selon diff\u00e9rents th\u00e8mes : Halloween, No\u00ebl, St-Valentin, journ\u00e9e country, etc. Membres du conseil \u00e9tudiant 2025-2026<\/p>\n","protected":false},"author":1,"featured_media":0,"parent":18,"menu_order":0,"comment_status":"closed","ping_status":"closed","template":"","meta":{"_acf_changed":false,"_crdt_document":"","inline_featured_image":false,"footnotes":""},"categories":[],"tags":[],"class_list":["post-20","page","type-page","status-publish","hentry"],"acf":[],"yoast_head":"<!-- This site is optimized with the Yoast SEO plugin v27.4 - https:\/\/yoast.com\/product\/yoast-seo-wordpress\/ -->\n<title>Conseil \u00e9tudiant - \u00c9cole Beaurivage<\/title>\n<meta name=\"robots\" content=\"index, follow, max-snippet:-1, max-image-preview:large, max-video-preview:-1\" \/>\n<link rel=\"canonical\" href=\"https:\/\/cssdn.gouv.qc.ca\/beaurivage\/vie-scolaire\/conseil-etudiant\/\" \/>\n<meta property=\"og:locale\" content=\"fr_CA\" \/>\n<meta property=\"og:type\" content=\"article\" \/>\n<meta property=\"og:title\" content=\"Conseil \u00e9tudiant - \u00c9cole Beaurivage\" \/>\n<meta property=\"og:description\" content=\"Vie \u00e9tudiante Le conseil \u00e9tudiant est form\u00e9 d\u2019\u00e9l\u00e8ves de diff\u00e9rents degr\u00e9s. Il contribue \u00e0 rendre la vie \u00e0 l\u2019\u00e9cole plus dynamique. Tout au long de l\u2019ann\u00e9e, diff\u00e9rentes activit\u00e9s sont organis\u00e9es selon diff\u00e9rents th\u00e8mes : Halloween, No\u00ebl, St-Valentin, journ\u00e9e country, etc. Membres du conseil \u00e9tudiant 2025-2026\" \/>\n<meta property=\"og:url\" content=\"https:\/\/cssdn.gouv.qc.ca\/beaurivage\/vie-scolaire\/conseil-etudiant\/\" \/>\n<meta property=\"og:site_name\" content=\"\u00c9cole Beaurivage\" \/>\n<meta property=\"article:publisher\" content=\"https:\/\/www.facebook.com\/esbeaurivage\" \/>\n<meta property=\"article:modified_time\" content=\"2026-04-01T14:04:04+00:00\" \/>\n<meta name=\"twitter:card\" content=\"summary_large_image\" \/>\n<meta name=\"twitter:site\" content=\"@CSSNavigateurs\" \/>\n<meta name=\"twitter:label1\" content=\"Estimation du temps de lecture\" \/>\n\t<meta name=\"twitter:data1\" content=\"1 minute\" \/>\n<script type=\"application\/ld+json\" class=\"yoast-schema-graph\">{\"@context\":\"https:\\\/\\\/schema.org\",\"@graph\":[{\"@type\":\"WebPage\",\"@id\":\"https:\\\/\\\/cssdn.gouv.qc.ca\\\/beaurivage\\\/vie-scolaire\\\/conseil-etudiant\\\/\",\"url\":\"https:\\\/\\\/cssdn.gouv.qc.ca\\\/beaurivage\\\/vie-scolaire\\\/conseil-etudiant\\\/\",\"name\":\"Conseil \u00e9tudiant - \u00c9cole Beaurivage\",\"isPartOf\":{\"@id\":\"https:\\\/\\\/cssdn.gouv.qc.ca\\\/beaurivage\\\/#website\"},\"primaryImageOfPage\":{\"@id\":\"https:\\\/\\\/cssdn.gouv.qc.ca\\\/beaurivage\\\/vie-scolaire\\\/conseil-etudiant\\\/#primaryimage\"},\"image\":{\"@id\":\"https:\\\/\\\/cssdn.gouv.qc.ca\\\/beaurivage\\\/vie-scolaire\\\/conseil-etudiant\\\/#primaryimage\"},\"thumbnailUrl\":\"https:\\\/\\\/cssdn.gouv.qc.ca\\\/wp-content\\\/uploads\\\/2022\\\/08\\\/Seawire-Hero-06.jpg\",\"datePublished\":\"2022-11-08T21:17:59+00:00\",\"dateModified\":\"2026-04-01T14:04:04+00:00\",\"breadcrumb\":{\"@id\":\"https:\\\/\\\/cssdn.gouv.qc.ca\\\/beaurivage\\\/vie-scolaire\\\/conseil-etudiant\\\/#breadcrumb\"},\"inLanguage\":\"fr-CA\",\"potentialAction\":[{\"@type\":\"ReadAction\",\"target\":[\"https:\\\/\\\/cssdn.gouv.qc.ca\\\/beaurivage\\\/vie-scolaire\\\/conseil-etudiant\\\/\"]}]},{\"@type\":\"ImageObject\",\"inLanguage\":\"fr-CA\",\"@id\":\"https:\\\/\\\/cssdn.gouv.qc.ca\\\/beaurivage\\\/vie-scolaire\\\/conseil-etudiant\\\/#primaryimage\",\"url\":\"https:\\\/\\\/cssdn.gouv.qc.ca\\\/wp-content\\\/uploads\\\/2022\\\/08\\\/Seawire-Hero-06.jpg\",\"contentUrl\":\"https:\\\/\\\/cssdn.gouv.qc.ca\\\/wp-content\\\/uploads\\\/2022\\\/08\\\/Seawire-Hero-06.jpg\"},{\"@type\":\"BreadcrumbList\",\"@id\":\"https:\\\/\\\/cssdn.gouv.qc.ca\\\/beaurivage\\\/vie-scolaire\\\/conseil-etudiant\\\/#breadcrumb\",\"itemListElement\":[{\"@type\":\"ListItem\",\"position\":1,\"name\":\"Accueil\",\"item\":\"https:\\\/\\\/cssdn.gouv.qc.ca\\\/beaurivage\\\/\"},{\"@type\":\"ListItem\",\"position\":2,\"name\":\"Vie scolaire\",\"item\":\"https:\\\/\\\/cssdn.gouv.qc.ca\\\/beaurivage\\\/vie-scolaire\\\/\"},{\"@type\":\"ListItem\",\"position\":3,\"name\":\"Conseil \u00e9tudiant\"}]},{\"@type\":\"WebSite\",\"@id\":\"https:\\\/\\\/cssdn.gouv.qc.ca\\\/beaurivage\\\/#website\",\"url\":\"https:\\\/\\\/cssdn.gouv.qc.ca\\\/beaurivage\\\/\",\"name\":\"\u00c9cole Beaurivage\",\"description\":\"Un site des centres de services scolaires des Navigateurs\",\"publisher\":{\"@id\":\"https:\\\/\\\/cssdn.gouv.qc.ca\\\/beaurivage\\\/#organization\"},\"potentialAction\":[{\"@type\":\"SearchAction\",\"target\":{\"@type\":\"EntryPoint\",\"urlTemplate\":\"https:\\\/\\\/cssdn.gouv.qc.ca\\\/beaurivage\\\/?s={search_term_string}\"},\"query-input\":{\"@type\":\"PropertyValueSpecification\",\"valueRequired\":true,\"valueName\":\"search_term_string\"}}],\"inLanguage\":\"fr-CA\"},{\"@type\":\"Organization\",\"@id\":\"https:\\\/\\\/cssdn.gouv.qc.ca\\\/beaurivage\\\/#organization\",\"name\":\"\u00c9cole Beaurivage\",\"url\":\"https:\\\/\\\/cssdn.gouv.qc.ca\\\/beaurivage\\\/\",\"logo\":{\"@type\":\"ImageObject\",\"inLanguage\":\"fr-CA\",\"@id\":\"https:\\\/\\\/cssdn.gouv.qc.ca\\\/beaurivage\\\/#\\\/schema\\\/logo\\\/image\\\/\",\"url\":\"https:\\\/\\\/cssdn.gouv.qc.ca\\\/beaurivage\\\/wp-content\\\/uploads\\\/sites\\\/66\\\/2023\\\/01\\\/logo_quebec.svg\",\"contentUrl\":\"https:\\\/\\\/cssdn.gouv.qc.ca\\\/beaurivage\\\/wp-content\\\/uploads\\\/sites\\\/66\\\/2023\\\/01\\\/logo_quebec.svg\",\"width\":188,\"height\":41,\"caption\":\"\u00c9cole Beaurivage\"},\"image\":{\"@id\":\"https:\\\/\\\/cssdn.gouv.qc.ca\\\/beaurivage\\\/#\\\/schema\\\/logo\\\/image\\\/\"},\"sameAs\":[\"https:\\\/\\\/www.facebook.com\\\/esbeaurivage\",\"https:\\\/\\\/x.com\\\/CSSNavigateurs\",\"https:\\\/\\\/www.instagram.com\\\/cssnavigateurs\\\/\",\"https:\\\/\\\/www.youtube.com\\\/channel\\\/UCHbNBehije70JBzCIVT82bQ\",\"https:\\\/\\\/www.linkedin.com\\\/company\\\/cssdn\"]}]}<\/script>\n<!-- \/ Yoast SEO plugin. -->","yoast_head_json":{"title":"Conseil \u00e9tudiant - \u00c9cole Beaurivage","robots":{"index":"index","follow":"follow","max-snippet":"max-snippet:-1","max-image-preview":"max-image-preview:large","max-video-preview":"max-video-preview:-1"},"canonical":"https:\/\/cssdn.gouv.qc.ca\/beaurivage\/vie-scolaire\/conseil-etudiant\/","og_locale":"fr_CA","og_type":"article","og_title":"Conseil \u00e9tudiant - \u00c9cole Beaurivage","og_description":"Vie \u00e9tudiante Le conseil \u00e9tudiant est form\u00e9 d\u2019\u00e9l\u00e8ves de diff\u00e9rents degr\u00e9s. Il contribue \u00e0 rendre la vie \u00e0 l\u2019\u00e9cole plus dynamique. Tout au long de l\u2019ann\u00e9e, diff\u00e9rentes activit\u00e9s sont organis\u00e9es selon diff\u00e9rents th\u00e8mes : Halloween, No\u00ebl, St-Valentin, journ\u00e9e country, etc. Membres du conseil \u00e9tudiant 2025-2026","og_url":"https:\/\/cssdn.gouv.qc.ca\/beaurivage\/vie-scolaire\/conseil-etudiant\/","og_site_name":"\u00c9cole Beaurivage","article_publisher":"https:\/\/www.facebook.com\/esbeaurivage","article_modified_time":"2026-04-01T14:04:04+00:00","twitter_card":"summary_large_image","twitter_site":"@CSSNavigateurs","twitter_misc":{"Estimation du temps de lecture":"1 minute"},"schema":{"@context":"https:\/\/schema.org","@graph":[{"@type":"WebPage","@id":"https:\/\/cssdn.gouv.qc.ca\/beaurivage\/vie-scolaire\/conseil-etudiant\/","url":"https:\/\/cssdn.gouv.qc.ca\/beaurivage\/vie-scolaire\/conseil-etudiant\/","name":"Conseil \u00e9tudiant - \u00c9cole Beaurivage","isPartOf":{"@id":"https:\/\/cssdn.gouv.qc.ca\/beaurivage\/#website"},"primaryImageOfPage":{"@id":"https:\/\/cssdn.gouv.qc.ca\/beaurivage\/vie-scolaire\/conseil-etudiant\/#primaryimage"},"image":{"@id":"https:\/\/cssdn.gouv.qc.ca\/beaurivage\/vie-scolaire\/conseil-etudiant\/#primaryimage"},"thumbnailUrl":"https:\/\/cssdn.gouv.qc.ca\/wp-content\/uploads\/2022\/08\/Seawire-Hero-06.jpg","datePublished":"2022-11-08T21:17:59+00:00","dateModified":"2026-04-01T14:04:04+00:00","breadcrumb":{"@id":"https:\/\/cssdn.gouv.qc.ca\/beaurivage\/vie-scolaire\/conseil-etudiant\/#breadcrumb"},"inLanguage":"fr-CA","potentialAction":[{"@type":"ReadAction","target":["https:\/\/cssdn.gouv.qc.ca\/beaurivage\/vie-scolaire\/conseil-etudiant\/"]}]},{"@type":"ImageObject","inLanguage":"fr-CA","@id":"https:\/\/cssdn.gouv.qc.ca\/beaurivage\/vie-scolaire\/conseil-etudiant\/#primaryimage","url":"https:\/\/cssdn.gouv.qc.ca\/wp-content\/uploads\/2022\/08\/Seawire-Hero-06.jpg","contentUrl":"https:\/\/cssdn.gouv.qc.ca\/wp-content\/uploads\/2022\/08\/Seawire-Hero-06.jpg"},{"@type":"BreadcrumbList","@id":"https:\/\/cssdn.gouv.qc.ca\/beaurivage\/vie-scolaire\/conseil-etudiant\/#breadcrumb","itemListElement":[{"@type":"ListItem","position":1,"name":"Accueil","item":"https:\/\/cssdn.gouv.qc.ca\/beaurivage\/"},{"@type":"ListItem","position":2,"name":"Vie scolaire","item":"https:\/\/cssdn.gouv.qc.ca\/beaurivage\/vie-scolaire\/"},{"@type":"ListItem","position":3,"name":"Conseil \u00e9tudiant"}]},{"@type":"WebSite","@id":"https:\/\/cssdn.gouv.qc.ca\/beaurivage\/#website","url":"https:\/\/cssdn.gouv.qc.ca\/beaurivage\/","name":"\u00c9cole Beaurivage","description":"Un site des centres de services scolaires des Navigateurs","publisher":{"@id":"https:\/\/cssdn.gouv.qc.ca\/beaurivage\/#organization"},"potentialAction":[{"@type":"SearchAction","target":{"@type":"EntryPoint","urlTemplate":"https:\/\/cssdn.gouv.qc.ca\/beaurivage\/?s={search_term_string}"},"query-input":{"@type":"PropertyValueSpecification","valueRequired":true,"valueName":"search_term_string"}}],"inLanguage":"fr-CA"},{"@type":"Organization","@id":"https:\/\/cssdn.gouv.qc.ca\/beaurivage\/#organization","name":"\u00c9cole Beaurivage","url":"https:\/\/cssdn.gouv.qc.ca\/beaurivage\/","logo":{"@type":"ImageObject","inLanguage":"fr-CA","@id":"https:\/\/cssdn.gouv.qc.ca\/beaurivage\/#\/schema\/logo\/image\/","url":"https:\/\/cssdn.gouv.qc.ca\/beaurivage\/wp-content\/uploads\/sites\/66\/2023\/01\/logo_quebec.svg","contentUrl":"https:\/\/cssdn.gouv.qc.ca\/beaurivage\/wp-content\/uploads\/sites\/66\/2023\/01\/logo_quebec.svg","width":188,"height":41,"caption":"\u00c9cole Beaurivage"},"image":{"@id":"https:\/\/cssdn.gouv.qc.ca\/beaurivage\/#\/schema\/logo\/image\/"},"sameAs":["https:\/\/www.facebook.com\/esbeaurivage","https:\/\/x.com\/CSSNavigateurs","https:\/\/www.instagram.com\/cssnavigateurs\/","https:\/\/www.youtube.com\/channel\/UCHbNBehije70JBzCIVT82bQ","https:\/\/www.linkedin.com\/company\/cssdn"]}]}},"publishpress_future_action":{"enabled":false,"date":"2026-04-23 04:56:13","action":"change-status","newStatus":"draft","terms":[],"taxonomy":"category","extraData":[]},"publishpress_future_workflow_manual_trigger":{"enabledWorkflows":[]},"_links":{"self":[{"href":"https:\/\/cssdn.gouv.qc.ca\/beaurivage\/wp-json\/wp\/v2\/pages\/20","targetHints":{"allow":["GET"]}}],"collection":[{"href":"https:\/\/cssdn.gouv.qc.ca\/beaurivage\/wp-json\/wp\/v2\/pages"}],"about":[{"href":"https:\/\/cssdn.gouv.qc.ca\/beaurivage\/wp-json\/wp\/v2\/types\/page"}],"author":[{"embeddable":true,"href":"https:\/\/cssdn.gouv.qc.ca\/beaurivage\/wp-json\/wp\/v2\/users\/1"}],"replies":[{"embeddable":true,"href":"https:\/\/cssdn.gouv.qc.ca\/beaurivage\/wp-json\/wp\/v2\/comments?post=20"}],"version-history":[{"count":0,"href":"https:\/\/cssdn.gouv.qc.ca\/beaurivage\/wp-json\/wp\/v2\/pages\/20\/revisions"}],"up":[{"embeddable":true,"href":"https:\/\/cssdn.gouv.qc.ca\/beaurivage\/wp-json\/wp\/v2\/pages\/18"}],"wp:attachment":[{"href":"https:\/\/cssdn.gouv.qc.ca\/beaurivage\/wp-json\/wp\/v2\/media?parent=20"}],"wp:term":[{"taxonomy":"category","embeddable":true,"href":"https:\/\/cssdn.gouv.qc.ca\/beaurivage\/wp-json\/wp\/v2\/categories?post=20"},{"taxonomy":"post_tag","embeddable":true,"href":"https:\/\/cssdn.gouv.qc.ca\/beaurivage\/wp-json\/wp\/v2\/tags?post=20"}],"curies":[{"name":"wp","href":"https:\/\/api.w.org\/{rel}","templated":true}]}}