
{"id":687,"date":"2023-10-25T08:32:53","date_gmt":"2023-10-25T12:32:53","guid":{"rendered":"https:\/\/cssdn.gouv.qc.ca\/beaurivage\/?page_id=687"},"modified":"2025-10-01T14:20:26","modified_gmt":"2025-10-01T18:20:26","slug":"preinscription-2024-2025","status":"publish","type":"page","link":"https:\/\/cssdn.gouv.qc.ca\/beaurivage\/preinscription-2024-2025\/","title":{"rendered":"Pr\u00e9inscription 2026-2027"},"content":{"rendered":"\n<div class=\"wp-block-cover alignfull is-light is-style-title-banner\"><img decoding=\"async\" class=\"wp-block-cover__image-background wp-image-111 lazyload\" alt=\"\" data-src=\"https:\/\/stage.cssdn.gouv.qc.ca\/wp-content\/uploads\/2022\/08\/Seawire-Hero-06.jpg\" data-object-fit=\"cover\" src=\"data:image\/svg+xml;base64,PHN2ZyB3aWR0aD0iMSIgaGVpZ2h0PSIxIiB4bWxucz0iaHR0cDovL3d3dy53My5vcmcvMjAwMC9zdmciPjwvc3ZnPg==\" \/><span aria-hidden=\"true\" class=\"wp-block-cover__background has-primary-background-color has-background-dim\"><\/span><div class=\"wp-block-cover__inner-container\"><h3 class=\"wp-block-post-title\">Pr\u00e9inscription 2026-2027<\/h3><\/div><\/div>\n\n\n\n<div class=\"wp-block-group alignfull has-padding-y-large has-secondary-background-color has-background\"><div class=\"yoast-breadcrumbs alignwide \"><span class=\"breadcrumbs\"><a href=\"https:\/\/cssdn.gouv.qc.ca\/beaurivage\/\" class=\"breadcrumbs__element\">Accueil<\/a> <span class=\"breadcrumbs__separator\">\n        <svg class=\"icon icon-breadcrumb__separator\"><use xlink:href=\"#icon-breadcrumb__separator\"><\/use><\/svg>\n    <\/span> <span class=\"breadcrumbs__element breadcrumbs__element-current\">Pr\u00e9inscription 2026-2027<\/span><\/span><\/div><\/div>\n\n\n\n\n\n<h2 class=\"wp-block-heading\">D\u00e9but des pr\u00e9inscriptions LCI : 8 octobre 2025<\/h2>\n\n\n\n<p class=\"wp-block-paragraph\"><strong>Pr\u00e9inscription 2026-2027 : Secondaire 1<\/strong><\/p>\n\n\n\n<p class=\"wp-block-paragraph\">Du 8 octobre au 24 octobre 2025.<\/p>\n\n\n\n<p class=\"wp-block-paragraph\">Tu d\u00e9sires soumettre ta candidature pour le programme LCI, tu dois remplir le <a href=\"https:\/\/forms.office.com\/r\/vEgwdPwc4B\">formulaire de pr\u00e9inscription<\/a>.<\/p>\n\n\n\n<p class=\"wp-block-paragraph\">Tu devras nous faire parvenir ton bulletin de 5<sup>e<\/sup> ann\u00e9e ainsi qu\u2019une courte vid\u00e9o qui nous permettra de mieux te conna\u00eetre :<\/p>\n\n\n\n<p class=\"wp-block-paragraph\">Pr\u00e9sente-toi (nom, \u00e9cole fr\u00e9quent\u00e9e en 6<sup>e<\/sup> ann\u00e9e, tes qualit\u00e9s, ta personnalit\u00e9, ton comportement \u00e0 l\u2019\u00e9cole, ce qui te distingue, ton int\u00e9r\u00eat pour l\u2019apprentissage des langues, de la culture internationale, ton implication sociale, tes activit\u00e9s, etc.);<\/p>\n\n\n\n<p class=\"wp-block-paragraph\">Explique les raisons qui te poussent \u00e0 vouloir t\u2019inscrire au programme LCI;<\/p>\n\n\n\n<p class=\"wp-block-paragraph\">Dur\u00e9e maximum de 5 min.<\/p>\n\n\n\n<p class=\"wp-block-paragraph\"><br><strong>Important de bien nomm\u00e9 ta vid\u00e9o avec ton nom et pr\u00e9nom.&nbsp;<\/strong><br><\/p>\n\n\n\n<p class=\"wp-block-paragraph\"><strong>Voici la proc\u00e9dure pour le d\u00e9p\u00f4t du bulletin et de la vid\u00e9o&nbsp;:<\/strong><\/p>\n\n\n\n<ul class=\"wp-block-list\">\n<li>Connecte-toi \u00e0 <strong><a href=\"https:\/\/forms.office.com\/r\/7i16D6UXie\">Google Classroom<\/a><\/strong>\n<ul class=\"wp-block-list\">\n<li>Tu peux utiliser ton adresse courriel du CSSDN ou une adresse GMAIL personnelle.<\/li>\n<\/ul>\n<\/li>\n\n\n\n<li>Clique sur l\u2019ic\u00f4ne : <strong>Cr\u00e9er ou rejoindre un cours<\/strong><\/li>\n\n\n\n<li>S\u00e9lectionne <strong>Rejoindre un cours<\/strong><\/li>\n\n\n\n<li>Dans l\u2019encadr\u00e9 code de cours, inscrire le code suivant\u00a0: evq6qtef<\/li>\n\n\n\n<li>Clique sur <strong>Travaux et devoirs <\/strong>et ensuite sur le devoir <strong>Vid\u00e9o de pr\u00e9sentation et bulletin de 5<sup>e<\/sup> ann\u00e9e<\/strong><\/li>\n\n\n\n<li>Pour d\u00e9poser les fichiers, tu dois choisir <strong>+ Ajouter ou cr\u00e9er<\/strong>\n<ul class=\"wp-block-list\">\n<li><span style=\"text-indent: -2em;font-size: inherit;color: var(--color--text);font-family: var(--font-family--text)\">S\u00e9lectionne le type de fichier<\/span><\/li>\n\n\n\n<li>Tu auras deux fichiers \u00e0 remettre (vid\u00e9o et bulletin)<\/li>\n<\/ul>\n<\/li>\n\n\n\n<li>N\u2019oublie pas de cliquer sur <strong>Rendre le devoir<\/strong><\/li>\n<\/ul>\n\n\n\n<p class=\"wp-block-paragraph\">Si tu n\u2019es pas en mesure de d\u00e9poser les documents demand\u00e9s dans le Classroom, car tu ne fr\u00e9quentes pas notre centre de services scolaire, envoie le tout \u00e0 <a href=\"mailto:bergeronj6@cssdn.gouv.qc.ca\">bergeronj6@cssdn.gouv.qc.ca<\/a><\/p>\n\n\n\n<p class=\"wp-block-paragraph\"><\/p>\n","protected":false},"excerpt":{"rendered":"<p>D\u00e9but des pr\u00e9inscriptions LCI : 8 octobre 2025 Pr\u00e9inscription 2026-2027 : Secondaire 1 Du 8 octobre au 24 octobre 2025. Tu d\u00e9sires soumettre ta candidature pour le programme LCI, tu dois remplir le formulaire de pr\u00e9inscription. Tu devras nous faire parvenir ton bulletin de 5e ann\u00e9e ainsi qu\u2019une courte vid\u00e9o qui nous permettra de mieux [&hellip;]<\/p>\n","protected":false},"author":1,"featured_media":0,"parent":0,"menu_order":35,"comment_status":"closed","ping_status":"closed","template":"","meta":{"_acf_changed":false,"_crdt_document":"","inline_featured_image":false,"footnotes":""},"categories":[],"tags":[],"class_list":["post-687","page","type-page","status-publish","hentry"],"acf":[],"yoast_head":"<!-- This site is optimized with the Yoast SEO plugin v27.3 - https:\/\/yoast.com\/product\/yoast-seo-wordpress\/ -->\n<title>Pr\u00e9inscription 2026-2027 - \u00c9cole Beaurivage<\/title>\n<meta name=\"robots\" content=\"index, follow, max-snippet:-1, max-image-preview:large, max-video-preview:-1\" \/>\n<link rel=\"canonical\" href=\"https:\/\/cssdn.gouv.qc.ca\/beaurivage\/preinscription-2024-2025\/\" \/>\n<meta property=\"og:locale\" content=\"fr_CA\" \/>\n<meta property=\"og:type\" content=\"article\" \/>\n<meta property=\"og:title\" content=\"Pr\u00e9inscription 2026-2027 - \u00c9cole Beaurivage\" \/>\n<meta property=\"og:description\" content=\"D\u00e9but des pr\u00e9inscriptions LCI : 8 octobre 2025 Pr\u00e9inscription 2026-2027 : Secondaire 1 Du 8 octobre au 24 octobre 2025. Tu d\u00e9sires soumettre ta candidature pour le programme LCI, tu dois remplir le formulaire de pr\u00e9inscription. Tu devras nous faire parvenir ton bulletin de 5e ann\u00e9e ainsi qu\u2019une courte vid\u00e9o qui nous permettra de mieux [&hellip;]\" \/>\n<meta property=\"og:url\" content=\"https:\/\/cssdn.gouv.qc.ca\/beaurivage\/preinscription-2024-2025\/\" \/>\n<meta property=\"og:site_name\" content=\"\u00c9cole Beaurivage\" \/>\n<meta property=\"article:publisher\" content=\"https:\/\/www.facebook.com\/esbeaurivage\" \/>\n<meta property=\"article:modified_time\" content=\"2025-10-01T18:20:26+00:00\" \/>\n<meta name=\"twitter:card\" content=\"summary_large_image\" \/>\n<meta name=\"twitter:site\" content=\"@CSSNavigateurs\" \/>\n<meta name=\"twitter:label1\" content=\"Estimation du temps de lecture\" \/>\n\t<meta name=\"twitter:data1\" content=\"2 minutes\" \/>\n<script type=\"application\/ld+json\" class=\"yoast-schema-graph\">{\"@context\":\"https:\\\/\\\/schema.org\",\"@graph\":[{\"@type\":\"WebPage\",\"@id\":\"https:\\\/\\\/cssdn.gouv.qc.ca\\\/beaurivage\\\/preinscription-2024-2025\\\/\",\"url\":\"https:\\\/\\\/cssdn.gouv.qc.ca\\\/beaurivage\\\/preinscription-2024-2025\\\/\",\"name\":\"Pr\u00e9inscription 2026-2027 - \u00c9cole Beaurivage\",\"isPartOf\":{\"@id\":\"https:\\\/\\\/cssdn.gouv.qc.ca\\\/beaurivage\\\/#website\"},\"primaryImageOfPage\":{\"@id\":\"https:\\\/\\\/cssdn.gouv.qc.ca\\\/beaurivage\\\/preinscription-2024-2025\\\/#primaryimage\"},\"image\":{\"@id\":\"https:\\\/\\\/cssdn.gouv.qc.ca\\\/beaurivage\\\/preinscription-2024-2025\\\/#primaryimage\"},\"thumbnailUrl\":\"https:\\\/\\\/stage.cssdn.gouv.qc.ca\\\/wp-content\\\/uploads\\\/2022\\\/08\\\/Seawire-Hero-06.jpg\",\"datePublished\":\"2023-10-25T12:32:53+00:00\",\"dateModified\":\"2025-10-01T18:20:26+00:00\",\"breadcrumb\":{\"@id\":\"https:\\\/\\\/cssdn.gouv.qc.ca\\\/beaurivage\\\/preinscription-2024-2025\\\/#breadcrumb\"},\"inLanguage\":\"fr-CA\",\"potentialAction\":[{\"@type\":\"ReadAction\",\"target\":[\"https:\\\/\\\/cssdn.gouv.qc.ca\\\/beaurivage\\\/preinscription-2024-2025\\\/\"]}]},{\"@type\":\"ImageObject\",\"inLanguage\":\"fr-CA\",\"@id\":\"https:\\\/\\\/cssdn.gouv.qc.ca\\\/beaurivage\\\/preinscription-2024-2025\\\/#primaryimage\",\"url\":\"https:\\\/\\\/stage.cssdn.gouv.qc.ca\\\/wp-content\\\/uploads\\\/2022\\\/08\\\/Seawire-Hero-06.jpg\",\"contentUrl\":\"https:\\\/\\\/stage.cssdn.gouv.qc.ca\\\/wp-content\\\/uploads\\\/2022\\\/08\\\/Seawire-Hero-06.jpg\"},{\"@type\":\"BreadcrumbList\",\"@id\":\"https:\\\/\\\/cssdn.gouv.qc.ca\\\/beaurivage\\\/preinscription-2024-2025\\\/#breadcrumb\",\"itemListElement\":[{\"@type\":\"ListItem\",\"position\":1,\"name\":\"Accueil\",\"item\":\"https:\\\/\\\/cssdn.gouv.qc.ca\\\/beaurivage\\\/\"},{\"@type\":\"ListItem\",\"position\":2,\"name\":\"Pr\u00e9inscription 2026-2027\"}]},{\"@type\":\"WebSite\",\"@id\":\"https:\\\/\\\/cssdn.gouv.qc.ca\\\/beaurivage\\\/#website\",\"url\":\"https:\\\/\\\/cssdn.gouv.qc.ca\\\/beaurivage\\\/\",\"name\":\"\u00c9cole Beaurivage\",\"description\":\"Un site des centres de services scolaires des Navigateurs\",\"publisher\":{\"@id\":\"https:\\\/\\\/cssdn.gouv.qc.ca\\\/beaurivage\\\/#organization\"},\"potentialAction\":[{\"@type\":\"SearchAction\",\"target\":{\"@type\":\"EntryPoint\",\"urlTemplate\":\"https:\\\/\\\/cssdn.gouv.qc.ca\\\/beaurivage\\\/?s={search_term_string}\"},\"query-input\":{\"@type\":\"PropertyValueSpecification\",\"valueRequired\":true,\"valueName\":\"search_term_string\"}}],\"inLanguage\":\"fr-CA\"},{\"@type\":\"Organization\",\"@id\":\"https:\\\/\\\/cssdn.gouv.qc.ca\\\/beaurivage\\\/#organization\",\"name\":\"\u00c9cole Beaurivage\",\"url\":\"https:\\\/\\\/cssdn.gouv.qc.ca\\\/beaurivage\\\/\",\"logo\":{\"@type\":\"ImageObject\",\"inLanguage\":\"fr-CA\",\"@id\":\"https:\\\/\\\/cssdn.gouv.qc.ca\\\/beaurivage\\\/#\\\/schema\\\/logo\\\/image\\\/\",\"url\":\"https:\\\/\\\/cssdn.gouv.qc.ca\\\/beaurivage\\\/wp-content\\\/uploads\\\/sites\\\/66\\\/2023\\\/01\\\/logo_quebec.svg\",\"contentUrl\":\"https:\\\/\\\/cssdn.gouv.qc.ca\\\/beaurivage\\\/wp-content\\\/uploads\\\/sites\\\/66\\\/2023\\\/01\\\/logo_quebec.svg\",\"width\":188,\"height\":41,\"caption\":\"\u00c9cole Beaurivage\"},\"image\":{\"@id\":\"https:\\\/\\\/cssdn.gouv.qc.ca\\\/beaurivage\\\/#\\\/schema\\\/logo\\\/image\\\/\"},\"sameAs\":[\"https:\\\/\\\/www.facebook.com\\\/esbeaurivage\",\"https:\\\/\\\/x.com\\\/CSSNavigateurs\",\"https:\\\/\\\/www.instagram.com\\\/cssnavigateurs\\\/\",\"https:\\\/\\\/www.youtube.com\\\/channel\\\/UCHbNBehije70JBzCIVT82bQ\",\"https:\\\/\\\/www.linkedin.com\\\/company\\\/cssdn\"]}]}<\/script>\n<!-- \/ Yoast SEO plugin. -->","yoast_head_json":{"title":"Pr\u00e9inscription 2026-2027 - \u00c9cole Beaurivage","robots":{"index":"index","follow":"follow","max-snippet":"max-snippet:-1","max-image-preview":"max-image-preview:large","max-video-preview":"max-video-preview:-1"},"canonical":"https:\/\/cssdn.gouv.qc.ca\/beaurivage\/preinscription-2024-2025\/","og_locale":"fr_CA","og_type":"article","og_title":"Pr\u00e9inscription 2026-2027 - \u00c9cole Beaurivage","og_description":"D\u00e9but des pr\u00e9inscriptions LCI : 8 octobre 2025 Pr\u00e9inscription 2026-2027 : Secondaire 1 Du 8 octobre au 24 octobre 2025. Tu d\u00e9sires soumettre ta candidature pour le programme LCI, tu dois remplir le formulaire de pr\u00e9inscription. Tu devras nous faire parvenir ton bulletin de 5e ann\u00e9e ainsi qu\u2019une courte vid\u00e9o qui nous permettra de mieux [&hellip;]","og_url":"https:\/\/cssdn.gouv.qc.ca\/beaurivage\/preinscription-2024-2025\/","og_site_name":"\u00c9cole Beaurivage","article_publisher":"https:\/\/www.facebook.com\/esbeaurivage","article_modified_time":"2025-10-01T18:20:26+00:00","twitter_card":"summary_large_image","twitter_site":"@CSSNavigateurs","twitter_misc":{"Estimation du temps de lecture":"2 minutes"},"schema":{"@context":"https:\/\/schema.org","@graph":[{"@type":"WebPage","@id":"https:\/\/cssdn.gouv.qc.ca\/beaurivage\/preinscription-2024-2025\/","url":"https:\/\/cssdn.gouv.qc.ca\/beaurivage\/preinscription-2024-2025\/","name":"Pr\u00e9inscription 2026-2027 - \u00c9cole Beaurivage","isPartOf":{"@id":"https:\/\/cssdn.gouv.qc.ca\/beaurivage\/#website"},"primaryImageOfPage":{"@id":"https:\/\/cssdn.gouv.qc.ca\/beaurivage\/preinscription-2024-2025\/#primaryimage"},"image":{"@id":"https:\/\/cssdn.gouv.qc.ca\/beaurivage\/preinscription-2024-2025\/#primaryimage"},"thumbnailUrl":"https:\/\/stage.cssdn.gouv.qc.ca\/wp-content\/uploads\/2022\/08\/Seawire-Hero-06.jpg","datePublished":"2023-10-25T12:32:53+00:00","dateModified":"2025-10-01T18:20:26+00:00","breadcrumb":{"@id":"https:\/\/cssdn.gouv.qc.ca\/beaurivage\/preinscription-2024-2025\/#breadcrumb"},"inLanguage":"fr-CA","potentialAction":[{"@type":"ReadAction","target":["https:\/\/cssdn.gouv.qc.ca\/beaurivage\/preinscription-2024-2025\/"]}]},{"@type":"ImageObject","inLanguage":"fr-CA","@id":"https:\/\/cssdn.gouv.qc.ca\/beaurivage\/preinscription-2024-2025\/#primaryimage","url":"https:\/\/stage.cssdn.gouv.qc.ca\/wp-content\/uploads\/2022\/08\/Seawire-Hero-06.jpg","contentUrl":"https:\/\/stage.cssdn.gouv.qc.ca\/wp-content\/uploads\/2022\/08\/Seawire-Hero-06.jpg"},{"@type":"BreadcrumbList","@id":"https:\/\/cssdn.gouv.qc.ca\/beaurivage\/preinscription-2024-2025\/#breadcrumb","itemListElement":[{"@type":"ListItem","position":1,"name":"Accueil","item":"https:\/\/cssdn.gouv.qc.ca\/beaurivage\/"},{"@type":"ListItem","position":2,"name":"Pr\u00e9inscription 2026-2027"}]},{"@type":"WebSite","@id":"https:\/\/cssdn.gouv.qc.ca\/beaurivage\/#website","url":"https:\/\/cssdn.gouv.qc.ca\/beaurivage\/","name":"\u00c9cole Beaurivage","description":"Un site des centres de services scolaires des Navigateurs","publisher":{"@id":"https:\/\/cssdn.gouv.qc.ca\/beaurivage\/#organization"},"potentialAction":[{"@type":"SearchAction","target":{"@type":"EntryPoint","urlTemplate":"https:\/\/cssdn.gouv.qc.ca\/beaurivage\/?s={search_term_string}"},"query-input":{"@type":"PropertyValueSpecification","valueRequired":true,"valueName":"search_term_string"}}],"inLanguage":"fr-CA"},{"@type":"Organization","@id":"https:\/\/cssdn.gouv.qc.ca\/beaurivage\/#organization","name":"\u00c9cole Beaurivage","url":"https:\/\/cssdn.gouv.qc.ca\/beaurivage\/","logo":{"@type":"ImageObject","inLanguage":"fr-CA","@id":"https:\/\/cssdn.gouv.qc.ca\/beaurivage\/#\/schema\/logo\/image\/","url":"https:\/\/cssdn.gouv.qc.ca\/beaurivage\/wp-content\/uploads\/sites\/66\/2023\/01\/logo_quebec.svg","contentUrl":"https:\/\/cssdn.gouv.qc.ca\/beaurivage\/wp-content\/uploads\/sites\/66\/2023\/01\/logo_quebec.svg","width":188,"height":41,"caption":"\u00c9cole Beaurivage"},"image":{"@id":"https:\/\/cssdn.gouv.qc.ca\/beaurivage\/#\/schema\/logo\/image\/"},"sameAs":["https:\/\/www.facebook.com\/esbeaurivage","https:\/\/x.com\/CSSNavigateurs","https:\/\/www.instagram.com\/cssnavigateurs\/","https:\/\/www.youtube.com\/channel\/UCHbNBehije70JBzCIVT82bQ","https:\/\/www.linkedin.com\/company\/cssdn"]}]}},"publishpress_future_action":{"enabled":false,"date":"2026-04-10 18:52:11","action":"change-status","newStatus":"draft","terms":[],"taxonomy":"category","extraData":[]},"publishpress_future_workflow_manual_trigger":{"enabledWorkflows":[]},"_links":{"self":[{"href":"https:\/\/cssdn.gouv.qc.ca\/beaurivage\/wp-json\/wp\/v2\/pages\/687","targetHints":{"allow":["GET"]}}],"collection":[{"href":"https:\/\/cssdn.gouv.qc.ca\/beaurivage\/wp-json\/wp\/v2\/pages"}],"about":[{"href":"https:\/\/cssdn.gouv.qc.ca\/beaurivage\/wp-json\/wp\/v2\/types\/page"}],"author":[{"embeddable":true,"href":"https:\/\/cssdn.gouv.qc.ca\/beaurivage\/wp-json\/wp\/v2\/users\/1"}],"replies":[{"embeddable":true,"href":"https:\/\/cssdn.gouv.qc.ca\/beaurivage\/wp-json\/wp\/v2\/comments?post=687"}],"version-history":[{"count":0,"href":"https:\/\/cssdn.gouv.qc.ca\/beaurivage\/wp-json\/wp\/v2\/pages\/687\/revisions"}],"wp:attachment":[{"href":"https:\/\/cssdn.gouv.qc.ca\/beaurivage\/wp-json\/wp\/v2\/media?parent=687"}],"wp:term":[{"taxonomy":"category","embeddable":true,"href":"https:\/\/cssdn.gouv.qc.ca\/beaurivage\/wp-json\/wp\/v2\/categories?post=687"},{"taxonomy":"post_tag","embeddable":true,"href":"https:\/\/cssdn.gouv.qc.ca\/beaurivage\/wp-json\/wp\/v2\/tags?post=687"}],"curies":[{"name":"wp","href":"https:\/\/api.w.org\/{rel}","templated":true}]}}