
{"id":732,"date":"2023-11-06T11:24:05","date_gmt":"2023-11-06T16:24:05","guid":{"rendered":"https:\/\/cssdn.gouv.qc.ca\/beaurivage\/?page_id=732"},"modified":"2025-11-19T11:38:45","modified_gmt":"2025-11-19T16:38:45","slug":"recuperation-23-24","status":"publish","type":"page","link":"https:\/\/cssdn.gouv.qc.ca\/beaurivage\/information\/recuperation-23-24\/","title":{"rendered":"R\u00e9cup\u00e9rations 25-26"},"content":{"rendered":"\n<div class=\"wp-block-cover alignfull is-light is-style-title-banner\"><img decoding=\"async\" class=\"wp-block-cover__image-background wp-image-111 lazyload\" alt=\"\" data-src=\"https:\/\/stage.cssdn.gouv.qc.ca\/wp-content\/uploads\/2022\/08\/Seawire-Hero-06.jpg\" data-object-fit=\"cover\" src=\"data:image\/svg+xml;base64,PHN2ZyB3aWR0aD0iMSIgaGVpZ2h0PSIxIiB4bWxucz0iaHR0cDovL3d3dy53My5vcmcvMjAwMC9zdmciPjwvc3ZnPg==\" \/><span aria-hidden=\"true\" class=\"wp-block-cover__background has-primary-background-color has-background-dim\"><\/span><div class=\"wp-block-cover__inner-container\"><h3 class=\"wp-block-post-title\">R\u00e9cup\u00e9rations 25-26<\/h3><\/div><\/div>\n\n\n\n<p class=\"wp-block-paragraph\">Vous trouverez plus bas, les p\u00e9riodes de r\u00e9cup\u00e9ration regroup\u00e9es par mati\u00e8re. <\/p>\n\n\n\n<p class=\"wp-block-paragraph\">Pour certaines mati\u00e8res, les r\u00e9cup\u00e9rations sont annonc\u00e9es ponctuellement par l&rsquo;enseignant.<\/p>\n\n\n\n<p class=\"wp-block-paragraph\">La biblioth\u00e8que, les gymnases, la salle de musculation, le studio et le local de musique sont ouverts \u00e0 tous les midis.<\/p>\n\n\n\n<div class=\"wp-block-file\"><a id=\"wp-block-file--media-0008c4a9-abeb-4f6a-85c7-72a87a5223da\" href=\"https:\/\/cssdn.gouv.qc.ca\/beaurivage\/wp-content\/uploads\/sites\/66\/2025\/09\/Midi-math.pdf\">Midi-math<\/a><a href=\"https:\/\/cssdn.gouv.qc.ca\/beaurivage\/wp-content\/uploads\/sites\/66\/2025\/09\/Midi-math.pdf\" class=\"wp-block-file__button wp-element-button\" download aria-describedby=\"wp-block-file--media-0008c4a9-abeb-4f6a-85c7-72a87a5223da\">Download<\/a><\/div>\n\n\n\n<div class=\"wp-block-file\"><a id=\"wp-block-file--media-b00c74e2-9f12-4ef9-847a-5618a6369bd8\" href=\"https:\/\/cssdn.gouv.qc.ca\/beaurivage\/wp-content\/uploads\/sites\/66\/2025\/09\/Recuperation-autre-math.pdf\">Autres r\u00e9cup\u00e9rations math\u00e9matique<\/a><a href=\"https:\/\/cssdn.gouv.qc.ca\/beaurivage\/wp-content\/uploads\/sites\/66\/2025\/09\/Recuperation-autre-math.pdf\" class=\"wp-block-file__button wp-element-button\" download aria-describedby=\"wp-block-file--media-b00c74e2-9f12-4ef9-847a-5618a6369bd8\">Download<\/a><\/div>\n\n\n\n<div class=\"wp-block-file\"><a id=\"wp-block-file--media-74ec0b34-7520-4105-9484-fef9024551c6\" href=\"https:\/\/cssdn.gouv.qc.ca\/beaurivage\/wp-content\/uploads\/sites\/66\/2025\/10\/4e-sec.-recup.-2025-2026.pdf\">Fran\u00e7ais 4e secondaire<\/a><a href=\"https:\/\/cssdn.gouv.qc.ca\/beaurivage\/wp-content\/uploads\/sites\/66\/2025\/10\/4e-sec.-recup.-2025-2026.pdf\" class=\"wp-block-file__button wp-element-button\" download aria-describedby=\"wp-block-file--media-74ec0b34-7520-4105-9484-fef9024551c6\">Download<\/a><\/div>\n\n\n\n<div class=\"wp-block-file\"><a id=\"wp-block-file--media-51739f69-d762-4618-b44e-a5db9bc7ad02\" href=\"https:\/\/cssdn.gouv.qc.ca\/beaurivage\/wp-content\/uploads\/sites\/66\/2025\/10\/5e-sec.-recup.-2025-2026.pdf\">Fran\u00e7ais 5e secondaire<\/a><a href=\"https:\/\/cssdn.gouv.qc.ca\/beaurivage\/wp-content\/uploads\/sites\/66\/2025\/10\/5e-sec.-recup.-2025-2026.pdf\" class=\"wp-block-file__button wp-element-button\" download aria-describedby=\"wp-block-file--media-51739f69-d762-4618-b44e-a5db9bc7ad02\">Download<\/a><\/div>\n\n\n\n<div class=\"wp-block-file\"><a id=\"wp-block-file--media-545c66c8-ed1c-4de2-80fa-98aa78886f25\" href=\"https:\/\/cssdn.gouv.qc.ca\/beaurivage\/wp-content\/uploads\/sites\/66\/2025\/09\/Recuperation-sciences.pdf\">Sciences<\/a><a href=\"https:\/\/cssdn.gouv.qc.ca\/beaurivage\/wp-content\/uploads\/sites\/66\/2025\/09\/Recuperation-sciences.pdf\" class=\"wp-block-file__button wp-element-button\" download aria-describedby=\"wp-block-file--media-545c66c8-ed1c-4de2-80fa-98aa78886f25\">Download<\/a><\/div>\n\n\n\n<div class=\"wp-block-file\"><a id=\"wp-block-file--media-198e8686-313f-4657-8d8f-85dd264739e6\" href=\"https:\/\/cssdn.gouv.qc.ca\/beaurivage\/wp-content\/uploads\/sites\/66\/2025\/09\/Arts-Plastiques.pdf\">Arts Plastiques<\/a><a href=\"https:\/\/cssdn.gouv.qc.ca\/beaurivage\/wp-content\/uploads\/sites\/66\/2025\/09\/Arts-Plastiques.pdf\" class=\"wp-block-file__button wp-element-button\" download aria-describedby=\"wp-block-file--media-198e8686-313f-4657-8d8f-85dd264739e6\">Download<\/a><\/div>\n\n\n\n<div class=\"wp-block-file\"><a id=\"wp-block-file--media-ebe99e80-e6db-4cc1-bb5c-1e887ac02647\" href=\"https:\/\/cssdn.gouv.qc.ca\/beaurivage\/wp-content\/uploads\/sites\/66\/2025\/10\/recuperation-danse.pdf\">Danse<\/a><a href=\"https:\/\/cssdn.gouv.qc.ca\/beaurivage\/wp-content\/uploads\/sites\/66\/2025\/10\/recuperation-danse.pdf\" class=\"wp-block-file__button wp-element-button\" download aria-describedby=\"wp-block-file--media-ebe99e80-e6db-4cc1-bb5c-1e887ac02647\">Download<\/a><\/div>\n\n\n\n<div class=\"wp-block-file\"><a id=\"wp-block-file--media-e8f92cb0-c4fc-49b1-9f3c-25193d58ae60\" href=\"https:\/\/cssdn.gouv.qc.ca\/beaurivage\/wp-content\/uploads\/sites\/66\/2025\/09\/2.jpeg\">SOIR\u00c9E-DANSE<\/a><a href=\"https:\/\/cssdn.gouv.qc.ca\/beaurivage\/wp-content\/uploads\/sites\/66\/2025\/09\/2.jpeg\" class=\"wp-block-file__button wp-element-button\" download aria-describedby=\"wp-block-file--media-e8f92cb0-c4fc-49b1-9f3c-25193d58ae60\">Download<\/a><\/div>\n\n\n\n<div class=\"wp-block-file\"><a id=\"wp-block-file--media-82adbc8e-24ea-41f1-9c97-7fd5d2ae0e8e\" href=\"https:\/\/cssdn.gouv.qc.ca\/beaurivage\/wp-content\/uploads\/sites\/66\/2025\/11\/Horaire-des-recuperations-Univers-social-2e-cycle.pdf\">Univers social &#8211; 2e cycle<\/a><a href=\"https:\/\/cssdn.gouv.qc.ca\/beaurivage\/wp-content\/uploads\/sites\/66\/2025\/11\/Horaire-des-recuperations-Univers-social-2e-cycle.pdf\" class=\"wp-block-file__button wp-element-button\" download aria-describedby=\"wp-block-file--media-82adbc8e-24ea-41f1-9c97-7fd5d2ae0e8e\">Download<\/a><\/div>\n\n\n\n<div class=\"wp-block-file\"><a id=\"wp-block-file--media-4ff942bc-4f4f-495b-99dc-20f577aab578\" href=\"https:\/\/cssdn.gouv.qc.ca\/beaurivage\/wp-content\/uploads\/sites\/66\/2025\/10\/Horairerecuperation25-26-sec1.pdf\">Horairer\u00e9cup\u00e9ration25-26-sec1<\/a><a href=\"https:\/\/cssdn.gouv.qc.ca\/beaurivage\/wp-content\/uploads\/sites\/66\/2025\/10\/Horairerecuperation25-26-sec1.pdf\" class=\"wp-block-file__button wp-element-button\" download aria-describedby=\"wp-block-file--media-4ff942bc-4f4f-495b-99dc-20f577aab578\">Download<\/a><\/div>\n\n\n\n<div class=\"wp-block-file\"><a id=\"wp-block-file--media-2a790ed8-42a7-4a1f-a4cf-8b4a3ecb1a84\" href=\"https:\/\/cssdn.gouv.qc.ca\/beaurivage\/wp-content\/uploads\/sites\/66\/2025\/10\/Horairerecuperation25-26-sec2.pdf\">Horairer\u00e9cup\u00e9ration25-26-sec2<\/a><a href=\"https:\/\/cssdn.gouv.qc.ca\/beaurivage\/wp-content\/uploads\/sites\/66\/2025\/10\/Horairerecuperation25-26-sec2.pdf\" class=\"wp-block-file__button wp-element-button\" download aria-describedby=\"wp-block-file--media-2a790ed8-42a7-4a1f-a4cf-8b4a3ecb1a84\">Download<\/a><\/div>\n\n\n\n<div class=\"wp-block-file\"><a id=\"wp-block-file--media-d62de02a-8086-4e74-a923-0f389a5b583a\" href=\"https:\/\/cssdn.gouv.qc.ca\/beaurivage\/wp-content\/uploads\/sites\/66\/2025\/10\/Horairerecuperation25-26-sec3.pdf\">Horairer\u00e9cup\u00e9ration25-26-sec3<\/a><a href=\"https:\/\/cssdn.gouv.qc.ca\/beaurivage\/wp-content\/uploads\/sites\/66\/2025\/10\/Horairerecuperation25-26-sec3.pdf\" class=\"wp-block-file__button wp-element-button\" download aria-describedby=\"wp-block-file--media-d62de02a-8086-4e74-a923-0f389a5b583a\">Download<\/a><\/div>\n\n\n\n<div class=\"wp-block-file\"><a id=\"wp-block-file--media-8d496f34-3e09-40be-b964-a534ce9172c1\" href=\"https:\/\/cssdn.gouv.qc.ca\/beaurivage\/wp-content\/uploads\/sites\/66\/2025\/11\/Horairerecuperation25-26-sec4.pdf\">Horairer\u00e9cup\u00e9ration25-26-sec4<\/a><a href=\"https:\/\/cssdn.gouv.qc.ca\/beaurivage\/wp-content\/uploads\/sites\/66\/2025\/11\/Horairerecuperation25-26-sec4.pdf\" class=\"wp-block-file__button wp-element-button\" download aria-describedby=\"wp-block-file--media-8d496f34-3e09-40be-b964-a534ce9172c1\">Download<\/a><\/div>\n","protected":false},"excerpt":{"rendered":"<p>Vous trouverez plus bas, les p\u00e9riodes de r\u00e9cup\u00e9ration regroup\u00e9es par mati\u00e8re. Pour certaines mati\u00e8res, les r\u00e9cup\u00e9rations sont annonc\u00e9es ponctuellement par l&rsquo;enseignant. La biblioth\u00e8que, les gymnases, la salle de musculation, le studio et le local de musique sont ouverts \u00e0 tous les midis.<\/p>\n","protected":false},"author":103,"featured_media":0,"parent":14,"menu_order":0,"comment_status":"closed","ping_status":"closed","template":"","meta":{"_acf_changed":false,"_crdt_document":"","inline_featured_image":false,"footnotes":""},"categories":[],"tags":[],"class_list":["post-732","page","type-page","status-publish","hentry"],"acf":[],"yoast_head":"<!-- This site is optimized with the Yoast SEO plugin v27.3 - https:\/\/yoast.com\/product\/yoast-seo-wordpress\/ -->\n<title>R\u00e9cup\u00e9rations 25-26 - \u00c9cole Beaurivage<\/title>\n<meta name=\"robots\" content=\"index, follow, max-snippet:-1, max-image-preview:large, max-video-preview:-1\" \/>\n<link rel=\"canonical\" href=\"https:\/\/cssdn.gouv.qc.ca\/beaurivage\/information\/recuperation-23-24\/\" \/>\n<meta property=\"og:locale\" content=\"fr_CA\" \/>\n<meta property=\"og:type\" content=\"article\" \/>\n<meta property=\"og:title\" content=\"R\u00e9cup\u00e9rations 25-26 - \u00c9cole Beaurivage\" \/>\n<meta property=\"og:description\" content=\"Vous trouverez plus bas, les p\u00e9riodes de r\u00e9cup\u00e9ration regroup\u00e9es par mati\u00e8re. Pour certaines mati\u00e8res, les r\u00e9cup\u00e9rations sont annonc\u00e9es ponctuellement par l&rsquo;enseignant. La biblioth\u00e8que, les gymnases, la salle de musculation, le studio et le local de musique sont ouverts \u00e0 tous les midis.\" \/>\n<meta property=\"og:url\" content=\"https:\/\/cssdn.gouv.qc.ca\/beaurivage\/information\/recuperation-23-24\/\" \/>\n<meta property=\"og:site_name\" content=\"\u00c9cole Beaurivage\" \/>\n<meta property=\"article:publisher\" content=\"https:\/\/www.facebook.com\/esbeaurivage\" \/>\n<meta property=\"article:modified_time\" content=\"2025-11-19T16:38:45+00:00\" \/>\n<meta name=\"twitter:card\" content=\"summary_large_image\" \/>\n<meta name=\"twitter:site\" content=\"@CSSNavigateurs\" \/>\n<meta name=\"twitter:label1\" content=\"Estimation du temps de lecture\" \/>\n\t<meta name=\"twitter:data1\" content=\"1 minute\" \/>\n<script type=\"application\/ld+json\" class=\"yoast-schema-graph\">{\"@context\":\"https:\\\/\\\/schema.org\",\"@graph\":[{\"@type\":\"WebPage\",\"@id\":\"https:\\\/\\\/cssdn.gouv.qc.ca\\\/beaurivage\\\/information\\\/recuperation-23-24\\\/\",\"url\":\"https:\\\/\\\/cssdn.gouv.qc.ca\\\/beaurivage\\\/information\\\/recuperation-23-24\\\/\",\"name\":\"R\u00e9cup\u00e9rations 25-26 - \u00c9cole Beaurivage\",\"isPartOf\":{\"@id\":\"https:\\\/\\\/cssdn.gouv.qc.ca\\\/beaurivage\\\/#website\"},\"primaryImageOfPage\":{\"@id\":\"https:\\\/\\\/cssdn.gouv.qc.ca\\\/beaurivage\\\/information\\\/recuperation-23-24\\\/#primaryimage\"},\"image\":{\"@id\":\"https:\\\/\\\/cssdn.gouv.qc.ca\\\/beaurivage\\\/information\\\/recuperation-23-24\\\/#primaryimage\"},\"thumbnailUrl\":\"https:\\\/\\\/stage.cssdn.gouv.qc.ca\\\/wp-content\\\/uploads\\\/2022\\\/08\\\/Seawire-Hero-06.jpg\",\"datePublished\":\"2023-11-06T16:24:05+00:00\",\"dateModified\":\"2025-11-19T16:38:45+00:00\",\"breadcrumb\":{\"@id\":\"https:\\\/\\\/cssdn.gouv.qc.ca\\\/beaurivage\\\/information\\\/recuperation-23-24\\\/#breadcrumb\"},\"inLanguage\":\"fr-CA\",\"potentialAction\":[{\"@type\":\"ReadAction\",\"target\":[\"https:\\\/\\\/cssdn.gouv.qc.ca\\\/beaurivage\\\/information\\\/recuperation-23-24\\\/\"]}]},{\"@type\":\"ImageObject\",\"inLanguage\":\"fr-CA\",\"@id\":\"https:\\\/\\\/cssdn.gouv.qc.ca\\\/beaurivage\\\/information\\\/recuperation-23-24\\\/#primaryimage\",\"url\":\"https:\\\/\\\/stage.cssdn.gouv.qc.ca\\\/wp-content\\\/uploads\\\/2022\\\/08\\\/Seawire-Hero-06.jpg\",\"contentUrl\":\"https:\\\/\\\/stage.cssdn.gouv.qc.ca\\\/wp-content\\\/uploads\\\/2022\\\/08\\\/Seawire-Hero-06.jpg\"},{\"@type\":\"BreadcrumbList\",\"@id\":\"https:\\\/\\\/cssdn.gouv.qc.ca\\\/beaurivage\\\/information\\\/recuperation-23-24\\\/#breadcrumb\",\"itemListElement\":[{\"@type\":\"ListItem\",\"position\":1,\"name\":\"Accueil\",\"item\":\"https:\\\/\\\/cssdn.gouv.qc.ca\\\/beaurivage\\\/\"},{\"@type\":\"ListItem\",\"position\":2,\"name\":\"Information\",\"item\":\"https:\\\/\\\/cssdn.gouv.qc.ca\\\/beaurivage\\\/information\\\/\"},{\"@type\":\"ListItem\",\"position\":3,\"name\":\"R\u00e9cup\u00e9rations 25-26\"}]},{\"@type\":\"WebSite\",\"@id\":\"https:\\\/\\\/cssdn.gouv.qc.ca\\\/beaurivage\\\/#website\",\"url\":\"https:\\\/\\\/cssdn.gouv.qc.ca\\\/beaurivage\\\/\",\"name\":\"\u00c9cole Beaurivage\",\"description\":\"Un site des centres de services scolaires des Navigateurs\",\"publisher\":{\"@id\":\"https:\\\/\\\/cssdn.gouv.qc.ca\\\/beaurivage\\\/#organization\"},\"potentialAction\":[{\"@type\":\"SearchAction\",\"target\":{\"@type\":\"EntryPoint\",\"urlTemplate\":\"https:\\\/\\\/cssdn.gouv.qc.ca\\\/beaurivage\\\/?s={search_term_string}\"},\"query-input\":{\"@type\":\"PropertyValueSpecification\",\"valueRequired\":true,\"valueName\":\"search_term_string\"}}],\"inLanguage\":\"fr-CA\"},{\"@type\":\"Organization\",\"@id\":\"https:\\\/\\\/cssdn.gouv.qc.ca\\\/beaurivage\\\/#organization\",\"name\":\"\u00c9cole Beaurivage\",\"url\":\"https:\\\/\\\/cssdn.gouv.qc.ca\\\/beaurivage\\\/\",\"logo\":{\"@type\":\"ImageObject\",\"inLanguage\":\"fr-CA\",\"@id\":\"https:\\\/\\\/cssdn.gouv.qc.ca\\\/beaurivage\\\/#\\\/schema\\\/logo\\\/image\\\/\",\"url\":\"https:\\\/\\\/cssdn.gouv.qc.ca\\\/beaurivage\\\/wp-content\\\/uploads\\\/sites\\\/66\\\/2023\\\/01\\\/logo_quebec.svg\",\"contentUrl\":\"https:\\\/\\\/cssdn.gouv.qc.ca\\\/beaurivage\\\/wp-content\\\/uploads\\\/sites\\\/66\\\/2023\\\/01\\\/logo_quebec.svg\",\"width\":188,\"height\":41,\"caption\":\"\u00c9cole Beaurivage\"},\"image\":{\"@id\":\"https:\\\/\\\/cssdn.gouv.qc.ca\\\/beaurivage\\\/#\\\/schema\\\/logo\\\/image\\\/\"},\"sameAs\":[\"https:\\\/\\\/www.facebook.com\\\/esbeaurivage\",\"https:\\\/\\\/x.com\\\/CSSNavigateurs\",\"https:\\\/\\\/www.instagram.com\\\/cssnavigateurs\\\/\",\"https:\\\/\\\/www.youtube.com\\\/channel\\\/UCHbNBehije70JBzCIVT82bQ\",\"https:\\\/\\\/www.linkedin.com\\\/company\\\/cssdn\"]}]}<\/script>\n<!-- \/ Yoast SEO plugin. -->","yoast_head_json":{"title":"R\u00e9cup\u00e9rations 25-26 - \u00c9cole Beaurivage","robots":{"index":"index","follow":"follow","max-snippet":"max-snippet:-1","max-image-preview":"max-image-preview:large","max-video-preview":"max-video-preview:-1"},"canonical":"https:\/\/cssdn.gouv.qc.ca\/beaurivage\/information\/recuperation-23-24\/","og_locale":"fr_CA","og_type":"article","og_title":"R\u00e9cup\u00e9rations 25-26 - \u00c9cole Beaurivage","og_description":"Vous trouverez plus bas, les p\u00e9riodes de r\u00e9cup\u00e9ration regroup\u00e9es par mati\u00e8re. Pour certaines mati\u00e8res, les r\u00e9cup\u00e9rations sont annonc\u00e9es ponctuellement par l&rsquo;enseignant. La biblioth\u00e8que, les gymnases, la salle de musculation, le studio et le local de musique sont ouverts \u00e0 tous les midis.","og_url":"https:\/\/cssdn.gouv.qc.ca\/beaurivage\/information\/recuperation-23-24\/","og_site_name":"\u00c9cole Beaurivage","article_publisher":"https:\/\/www.facebook.com\/esbeaurivage","article_modified_time":"2025-11-19T16:38:45+00:00","twitter_card":"summary_large_image","twitter_site":"@CSSNavigateurs","twitter_misc":{"Estimation du temps de lecture":"1 minute"},"schema":{"@context":"https:\/\/schema.org","@graph":[{"@type":"WebPage","@id":"https:\/\/cssdn.gouv.qc.ca\/beaurivage\/information\/recuperation-23-24\/","url":"https:\/\/cssdn.gouv.qc.ca\/beaurivage\/information\/recuperation-23-24\/","name":"R\u00e9cup\u00e9rations 25-26 - \u00c9cole Beaurivage","isPartOf":{"@id":"https:\/\/cssdn.gouv.qc.ca\/beaurivage\/#website"},"primaryImageOfPage":{"@id":"https:\/\/cssdn.gouv.qc.ca\/beaurivage\/information\/recuperation-23-24\/#primaryimage"},"image":{"@id":"https:\/\/cssdn.gouv.qc.ca\/beaurivage\/information\/recuperation-23-24\/#primaryimage"},"thumbnailUrl":"https:\/\/stage.cssdn.gouv.qc.ca\/wp-content\/uploads\/2022\/08\/Seawire-Hero-06.jpg","datePublished":"2023-11-06T16:24:05+00:00","dateModified":"2025-11-19T16:38:45+00:00","breadcrumb":{"@id":"https:\/\/cssdn.gouv.qc.ca\/beaurivage\/information\/recuperation-23-24\/#breadcrumb"},"inLanguage":"fr-CA","potentialAction":[{"@type":"ReadAction","target":["https:\/\/cssdn.gouv.qc.ca\/beaurivage\/information\/recuperation-23-24\/"]}]},{"@type":"ImageObject","inLanguage":"fr-CA","@id":"https:\/\/cssdn.gouv.qc.ca\/beaurivage\/information\/recuperation-23-24\/#primaryimage","url":"https:\/\/stage.cssdn.gouv.qc.ca\/wp-content\/uploads\/2022\/08\/Seawire-Hero-06.jpg","contentUrl":"https:\/\/stage.cssdn.gouv.qc.ca\/wp-content\/uploads\/2022\/08\/Seawire-Hero-06.jpg"},{"@type":"BreadcrumbList","@id":"https:\/\/cssdn.gouv.qc.ca\/beaurivage\/information\/recuperation-23-24\/#breadcrumb","itemListElement":[{"@type":"ListItem","position":1,"name":"Accueil","item":"https:\/\/cssdn.gouv.qc.ca\/beaurivage\/"},{"@type":"ListItem","position":2,"name":"Information","item":"https:\/\/cssdn.gouv.qc.ca\/beaurivage\/information\/"},{"@type":"ListItem","position":3,"name":"R\u00e9cup\u00e9rations 25-26"}]},{"@type":"WebSite","@id":"https:\/\/cssdn.gouv.qc.ca\/beaurivage\/#website","url":"https:\/\/cssdn.gouv.qc.ca\/beaurivage\/","name":"\u00c9cole Beaurivage","description":"Un site des centres de services scolaires des Navigateurs","publisher":{"@id":"https:\/\/cssdn.gouv.qc.ca\/beaurivage\/#organization"},"potentialAction":[{"@type":"SearchAction","target":{"@type":"EntryPoint","urlTemplate":"https:\/\/cssdn.gouv.qc.ca\/beaurivage\/?s={search_term_string}"},"query-input":{"@type":"PropertyValueSpecification","valueRequired":true,"valueName":"search_term_string"}}],"inLanguage":"fr-CA"},{"@type":"Organization","@id":"https:\/\/cssdn.gouv.qc.ca\/beaurivage\/#organization","name":"\u00c9cole Beaurivage","url":"https:\/\/cssdn.gouv.qc.ca\/beaurivage\/","logo":{"@type":"ImageObject","inLanguage":"fr-CA","@id":"https:\/\/cssdn.gouv.qc.ca\/beaurivage\/#\/schema\/logo\/image\/","url":"https:\/\/cssdn.gouv.qc.ca\/beaurivage\/wp-content\/uploads\/sites\/66\/2023\/01\/logo_quebec.svg","contentUrl":"https:\/\/cssdn.gouv.qc.ca\/beaurivage\/wp-content\/uploads\/sites\/66\/2023\/01\/logo_quebec.svg","width":188,"height":41,"caption":"\u00c9cole Beaurivage"},"image":{"@id":"https:\/\/cssdn.gouv.qc.ca\/beaurivage\/#\/schema\/logo\/image\/"},"sameAs":["https:\/\/www.facebook.com\/esbeaurivage","https:\/\/x.com\/CSSNavigateurs","https:\/\/www.instagram.com\/cssnavigateurs\/","https:\/\/www.youtube.com\/channel\/UCHbNBehije70JBzCIVT82bQ","https:\/\/www.linkedin.com\/company\/cssdn"]}]}},"publishpress_future_action":{"enabled":false,"date":"2026-04-11 18:36:25","action":"change-status","newStatus":"draft","terms":[],"taxonomy":"category","extraData":[]},"publishpress_future_workflow_manual_trigger":{"enabledWorkflows":[]},"_links":{"self":[{"href":"https:\/\/cssdn.gouv.qc.ca\/beaurivage\/wp-json\/wp\/v2\/pages\/732","targetHints":{"allow":["GET"]}}],"collection":[{"href":"https:\/\/cssdn.gouv.qc.ca\/beaurivage\/wp-json\/wp\/v2\/pages"}],"about":[{"href":"https:\/\/cssdn.gouv.qc.ca\/beaurivage\/wp-json\/wp\/v2\/types\/page"}],"author":[{"embeddable":true,"href":"https:\/\/cssdn.gouv.qc.ca\/beaurivage\/wp-json\/wp\/v2\/users\/103"}],"replies":[{"embeddable":true,"href":"https:\/\/cssdn.gouv.qc.ca\/beaurivage\/wp-json\/wp\/v2\/comments?post=732"}],"version-history":[{"count":0,"href":"https:\/\/cssdn.gouv.qc.ca\/beaurivage\/wp-json\/wp\/v2\/pages\/732\/revisions"}],"up":[{"embeddable":true,"href":"https:\/\/cssdn.gouv.qc.ca\/beaurivage\/wp-json\/wp\/v2\/pages\/14"}],"wp:attachment":[{"href":"https:\/\/cssdn.gouv.qc.ca\/beaurivage\/wp-json\/wp\/v2\/media?parent=732"}],"wp:term":[{"taxonomy":"category","embeddable":true,"href":"https:\/\/cssdn.gouv.qc.ca\/beaurivage\/wp-json\/wp\/v2\/categories?post=732"},{"taxonomy":"post_tag","embeddable":true,"href":"https:\/\/cssdn.gouv.qc.ca\/beaurivage\/wp-json\/wp\/v2\/tags?post=732"}],"curies":[{"name":"wp","href":"https:\/\/api.w.org\/{rel}","templated":true}]}}