
{"id":11,"date":"2022-11-08T16:07:54","date_gmt":"2022-11-08T21:07:54","guid":{"rendered":"https:\/\/cssdn.gouv.qc.ca\/belleaugagnon\/a-propos\/documentation-et-rapport-annuel\/"},"modified":"2025-11-25T13:48:34","modified_gmt":"2025-11-25T18:48:34","slug":"documentation-et-rapport-annuel","status":"publish","type":"page","link":"https:\/\/cssdn.gouv.qc.ca\/belleaugagnon\/a-propos\/documentation-et-rapport-annuel\/","title":{"rendered":"Documentation officielle"},"content":{"rendered":"\n<div class=\"wp-block-cover alignfull is-light is-style-title-banner\"><img decoding=\"async\" class=\"wp-block-cover__image-background wp-image-111 lazyload\" alt=\"\" data-src=\"https:\/\/stage.cssdn.gouv.qc.ca\/wp-content\/uploads\/2022\/08\/Seawire-Hero-06.jpg\" data-object-fit=\"cover\" src=\"data:image\/svg+xml;base64,PHN2ZyB3aWR0aD0iMSIgaGVpZ2h0PSIxIiB4bWxucz0iaHR0cDovL3d3dy53My5vcmcvMjAwMC9zdmciPjwvc3ZnPg==\" \/><span aria-hidden=\"true\" class=\"wp-block-cover__background has-primary-background-color has-background-dim\"><\/span><div class=\"wp-block-cover__inner-container\"><h3 class=\"wp-block-post-title\">Documentation officielle<\/h3><\/div><\/div>\n\n\n\n<div class=\"wp-block-group alignfull has-padding-y-large has-secondary-background-color has-background\"><div class=\"yoast-breadcrumbs alignwide \"><span class=\"breadcrumbs\"><a href=\"https:\/\/cssdn.gouv.qc.ca\/belleaugagnon\/\" class=\"breadcrumbs__element\">Accueil<\/a> <span class=\"breadcrumbs__separator\">\n        <svg class=\"icon icon-breadcrumb__separator\"><use xlink:href=\"#icon-breadcrumb__separator\"><\/use><\/svg>\n    <\/span> <a href=\"https:\/\/cssdn.gouv.qc.ca\/belleaugagnon\/a-propos\/\" class=\"breadcrumbs__element\">\u00c0 propos<\/a> <span class=\"breadcrumbs__separator\">\n        <svg class=\"icon icon-breadcrumb__separator\"><use xlink:href=\"#icon-breadcrumb__separator\"><\/use><\/svg>\n    <\/span> <span class=\"breadcrumbs__element breadcrumbs__element-current\">Documentation officielle<\/span><\/span><\/div><\/div>\n\n\n\n<h1 class=\"wp-block-heading\">Projet \u00e9ducatif<\/h1>\n\n\n\n<div class=\"wp-block-file\"><a id=\"wp-block-file--media-0754f515-e1cf-4944-a2a2-2ad513fd6fa9\" href=\"https:\/\/cssdn.gouv.qc.ca\/belleaugagnon\/wp-content\/uploads\/sites\/41\/2025\/02\/Projet-educatif-Belleau-Gagnon-2023-2027-1.pdf\">Projet \u00e9ducatif 2023-2027<\/a><a href=\"https:\/\/cssdn.gouv.qc.ca\/belleaugagnon\/wp-content\/uploads\/sites\/41\/2025\/02\/Projet-educatif-Belleau-Gagnon-2023-2027-1.pdf\" class=\"wp-block-file__button wp-element-button\" download aria-describedby=\"wp-block-file--media-0754f515-e1cf-4944-a2a2-2ad513fd6fa9\">T\u00e9l\u00e9charger<\/a><\/div>\n\n\n\n<div class=\"wp-block-file\"><a id=\"wp-block-file--media-5f4460bf-f7ac-4480-bd09-aec59bf6df99\" href=\"https:\/\/cssdn.gouv.qc.ca\/belleaugagnon\/wp-content\/uploads\/sites\/41\/2023\/03\/BelleauGagnon-PE-19-22.pdf\" target=\"_blank\" rel=\"noreferrer noopener\">Projet \u00e9ducatif 2019-2022<\/a><\/div>\n\n\n\n<h2 class=\"wp-block-heading\">Redditions de comptes du projet \u00e9ducatif<\/h2>\n\n\n\n<div class=\"wp-block-file\"><a id=\"wp-block-file--media-ff4d1225-27fd-4ba1-bcf5-47d9794daf4f\" href=\"https:\/\/cssdn.gouv.qc.ca\/belleaugagnon\/wp-content\/uploads\/sites\/41\/2023\/12\/26_belleau-gagnon.pdf\">2022-2023<\/a><a href=\"https:\/\/cssdn.gouv.qc.ca\/belleaugagnon\/wp-content\/uploads\/sites\/41\/2023\/12\/26_belleau-gagnon.pdf\" class=\"wp-block-file__button wp-element-button\" download aria-describedby=\"wp-block-file--media-ff4d1225-27fd-4ba1-bcf5-47d9794daf4f\">T\u00e9l\u00e9charger<\/a><\/div>\n\n\n\n<div class=\"wp-block-file\"><a id=\"wp-block-file--media-f3cdfbb2-b484-4a7b-a2c4-c23e6a3f95ec\" href=\"https:\/\/cssdn.gouv.qc.ca\/belleaugagnon\/wp-content\/uploads\/sites\/41\/2023\/03\/2021-2022_rcpe-belleau-gagnon.pdf\" target=\"_blank\" rel=\"noreferrer noopener\">2021-2022<\/a><\/div>\n\n\n\n<div class=\"wp-block-file\"><a id=\"wp-block-file--media-092dbb1f-1c6a-495e-a4bb-f521e03a6dbb\" href=\"https:\/\/cssdn.gouv.qc.ca\/belleaugagnon\/wp-content\/uploads\/sites\/41\/2023\/03\/RCPE_Belleau-Gagnon_2020-2021.pdf\" target=\"_blank\" rel=\"noreferrer noopener\">2020-2021<\/a><\/div>\n\n\n\n<div class=\"wp-block-file\"><a id=\"wp-block-file--media-667489b5-264e-4e85-8626-e146537b24e2\" href=\"https:\/\/cssdn.gouv.qc.ca\/belleaugagnon\/wp-content\/uploads\/sites\/41\/2023\/03\/46-ra-belleau_gagnon-19-20-v31.pdf\" target=\"_blank\" rel=\"noreferrer noopener\">2019-2020<\/a><\/div>\n\n\n\n<div class=\"wp-block-file\"><a id=\"wp-block-file--media-d0cc87a8-04a7-49d3-acc4-9650933d89cc\" href=\"https:\/\/cssdn.gouv.qc.ca\/belleaugagnon\/wp-content\/uploads\/sites\/41\/2023\/03\/ra_belleaugagnon1819.pdf\" target=\"_blank\" rel=\"noreferrer noopener\">2018-2019<\/a><\/div>\n\n\n\n<div class=\"wp-block-file\"><a id=\"wp-block-file--media-7ae1738e-5363-44cb-ae22-5684a8e3865e\" href=\"https:\/\/cssdn.gouv.qc.ca\/belleaugagnon\/wp-content\/uploads\/sites\/41\/2023\/03\/ra_belleaugagnon1718.pdf\" target=\"_blank\" rel=\"noreferrer noopener\">2017-2018<\/a><\/div>\n\n\n\n<h3 class=\"wp-block-heading\">Rapport annuel de gestion du conseil d\u2019\u00e9tablissement<\/h3>\n\n\n\n<h2 class=\"wp-block-heading\"><strong>Plan de lutte contre la violence et l\u2019intimidation \u00e0 l\u2019\u00e9cole<\/strong><\/h2>\n\n\n\n<div class=\"wp-block-file\"><a id=\"wp-block-file--media-ed4b67dd-b92b-443e-a2b0-4aa4d8323199\" href=\"https:\/\/cssdn.gouv.qc.ca\/belleaugagnon\/wp-content\/uploads\/sites\/41\/2025\/11\/Plan-de-lutte-2025-2026.pdf\">Plan de lutte 2025-2026<\/a><a href=\"https:\/\/cssdn.gouv.qc.ca\/belleaugagnon\/wp-content\/uploads\/sites\/41\/2025\/11\/Plan-de-lutte-2025-2026.pdf\" class=\"wp-block-file__button wp-element-button\" download aria-describedby=\"wp-block-file--media-ed4b67dd-b92b-443e-a2b0-4aa4d8323199\">Download<\/a><\/div>\n\n\n\n<h3 class=\"wp-block-heading\">Code de vie<\/h3>\n\n\n\n<div class=\"wp-block-file\"><a id=\"wp-block-file--media-4154a0e7-2bbd-4d60-9845-5b2e7180a757\" href=\"https:\/\/cssdn.gouv.qc.ca\/belleaugagnon\/wp-content\/uploads\/sites\/41\/2025\/06\/Agenda-Belleau-Gagnon-25-26-Code-de-vie.pdf\">Agenda Belleau-Gagnon 25-26 &#8211; Code de vie<\/a><a href=\"https:\/\/cssdn.gouv.qc.ca\/belleaugagnon\/wp-content\/uploads\/sites\/41\/2025\/06\/Agenda-Belleau-Gagnon-25-26-Code-de-vie.pdf\" class=\"wp-block-file__button wp-element-button\" download aria-describedby=\"wp-block-file--media-4154a0e7-2bbd-4d60-9845-5b2e7180a757\">Download<\/a><\/div>\n\n\n\n<h3 class=\"wp-block-heading\">Document explicatif aux parents et aux \u00e9l\u00e8ves<\/h3>\n","protected":false},"excerpt":{"rendered":"<p>Projet \u00e9ducatif Redditions de comptes du projet \u00e9ducatif Rapport annuel de gestion du conseil d\u2019\u00e9tablissement Plan de lutte contre la violence et l\u2019intimidation \u00e0 l\u2019\u00e9cole Code de vie Document explicatif aux parents et aux \u00e9l\u00e8ves<\/p>\n","protected":false},"author":1,"featured_media":0,"parent":6,"menu_order":0,"comment_status":"closed","ping_status":"closed","template":"","meta":{"_acf_changed":false,"_crdt_document":"","inline_featured_image":false,"footnotes":""},"categories":[],"tags":[],"class_list":["post-11","page","type-page","status-publish","hentry"],"acf":[],"yoast_head":"<!-- This site is optimized with the Yoast SEO plugin v27.3 - https:\/\/yoast.com\/product\/yoast-seo-wordpress\/ -->\n<title>Documentation officielle - \u00c9cole Belleau, Gagnon<\/title>\n<meta name=\"robots\" content=\"index, follow, max-snippet:-1, max-image-preview:large, max-video-preview:-1\" \/>\n<link rel=\"canonical\" href=\"https:\/\/cssdn.gouv.qc.ca\/belleaugagnon\/a-propos\/documentation-et-rapport-annuel\/\" \/>\n<meta property=\"og:locale\" content=\"fr_CA\" \/>\n<meta property=\"og:type\" content=\"article\" \/>\n<meta property=\"og:title\" content=\"Documentation officielle - \u00c9cole Belleau, Gagnon\" \/>\n<meta property=\"og:description\" content=\"Projet \u00e9ducatif Redditions de comptes du projet \u00e9ducatif Rapport annuel de gestion du conseil d\u2019\u00e9tablissement Plan de lutte contre la violence et l\u2019intimidation \u00e0 l\u2019\u00e9cole Code de vie Document explicatif aux parents et aux \u00e9l\u00e8ves\" \/>\n<meta property=\"og:url\" content=\"https:\/\/cssdn.gouv.qc.ca\/belleaugagnon\/a-propos\/documentation-et-rapport-annuel\/\" \/>\n<meta property=\"og:site_name\" content=\"\u00c9cole Belleau, Gagnon\" \/>\n<meta property=\"article:publisher\" content=\"https:\/\/www.facebook.com\/profile.php?id=100076456800743\" \/>\n<meta property=\"article:modified_time\" content=\"2025-11-25T18:48:34+00:00\" \/>\n<meta name=\"twitter:card\" content=\"summary_large_image\" \/>\n<meta name=\"twitter:label1\" content=\"Estimation du temps de lecture\" \/>\n\t<meta name=\"twitter:data1\" content=\"1 minute\" \/>\n<script type=\"application\/ld+json\" class=\"yoast-schema-graph\">{\"@context\":\"https:\\\/\\\/schema.org\",\"@graph\":[{\"@type\":\"WebPage\",\"@id\":\"https:\\\/\\\/cssdn.gouv.qc.ca\\\/belleaugagnon\\\/a-propos\\\/documentation-et-rapport-annuel\\\/\",\"url\":\"https:\\\/\\\/cssdn.gouv.qc.ca\\\/belleaugagnon\\\/a-propos\\\/documentation-et-rapport-annuel\\\/\",\"name\":\"Documentation officielle - \u00c9cole Belleau, Gagnon\",\"isPartOf\":{\"@id\":\"https:\\\/\\\/cssdn.gouv.qc.ca\\\/belleaugagnon\\\/#website\"},\"primaryImageOfPage\":{\"@id\":\"https:\\\/\\\/cssdn.gouv.qc.ca\\\/belleaugagnon\\\/a-propos\\\/documentation-et-rapport-annuel\\\/#primaryimage\"},\"image\":{\"@id\":\"https:\\\/\\\/cssdn.gouv.qc.ca\\\/belleaugagnon\\\/a-propos\\\/documentation-et-rapport-annuel\\\/#primaryimage\"},\"thumbnailUrl\":\"https:\\\/\\\/stage.cssdn.gouv.qc.ca\\\/wp-content\\\/uploads\\\/2022\\\/08\\\/Seawire-Hero-06.jpg\",\"datePublished\":\"2022-11-08T21:07:54+00:00\",\"dateModified\":\"2025-11-25T18:48:34+00:00\",\"breadcrumb\":{\"@id\":\"https:\\\/\\\/cssdn.gouv.qc.ca\\\/belleaugagnon\\\/a-propos\\\/documentation-et-rapport-annuel\\\/#breadcrumb\"},\"inLanguage\":\"fr-CA\",\"potentialAction\":[{\"@type\":\"ReadAction\",\"target\":[\"https:\\\/\\\/cssdn.gouv.qc.ca\\\/belleaugagnon\\\/a-propos\\\/documentation-et-rapport-annuel\\\/\"]}]},{\"@type\":\"ImageObject\",\"inLanguage\":\"fr-CA\",\"@id\":\"https:\\\/\\\/cssdn.gouv.qc.ca\\\/belleaugagnon\\\/a-propos\\\/documentation-et-rapport-annuel\\\/#primaryimage\",\"url\":\"https:\\\/\\\/stage.cssdn.gouv.qc.ca\\\/wp-content\\\/uploads\\\/2022\\\/08\\\/Seawire-Hero-06.jpg\",\"contentUrl\":\"https:\\\/\\\/stage.cssdn.gouv.qc.ca\\\/wp-content\\\/uploads\\\/2022\\\/08\\\/Seawire-Hero-06.jpg\"},{\"@type\":\"BreadcrumbList\",\"@id\":\"https:\\\/\\\/cssdn.gouv.qc.ca\\\/belleaugagnon\\\/a-propos\\\/documentation-et-rapport-annuel\\\/#breadcrumb\",\"itemListElement\":[{\"@type\":\"ListItem\",\"position\":1,\"name\":\"Accueil\",\"item\":\"https:\\\/\\\/cssdn.gouv.qc.ca\\\/belleaugagnon\\\/\"},{\"@type\":\"ListItem\",\"position\":2,\"name\":\"\u00c0 propos\",\"item\":\"https:\\\/\\\/cssdn.gouv.qc.ca\\\/belleaugagnon\\\/a-propos\\\/\"},{\"@type\":\"ListItem\",\"position\":3,\"name\":\"Documentation officielle\"}]},{\"@type\":\"WebSite\",\"@id\":\"https:\\\/\\\/cssdn.gouv.qc.ca\\\/belleaugagnon\\\/#website\",\"url\":\"https:\\\/\\\/cssdn.gouv.qc.ca\\\/belleaugagnon\\\/\",\"name\":\"\u00c9cole Belleau, Gagnon\",\"description\":\"Un site des centres de services scolaires des Navigateurs\",\"publisher\":{\"@id\":\"https:\\\/\\\/cssdn.gouv.qc.ca\\\/belleaugagnon\\\/#organization\"},\"potentialAction\":[{\"@type\":\"SearchAction\",\"target\":{\"@type\":\"EntryPoint\",\"urlTemplate\":\"https:\\\/\\\/cssdn.gouv.qc.ca\\\/belleaugagnon\\\/?s={search_term_string}\"},\"query-input\":{\"@type\":\"PropertyValueSpecification\",\"valueRequired\":true,\"valueName\":\"search_term_string\"}}],\"inLanguage\":\"fr-CA\"},{\"@type\":\"Organization\",\"@id\":\"https:\\\/\\\/cssdn.gouv.qc.ca\\\/belleaugagnon\\\/#organization\",\"name\":\"\u00c9cole Belleau, Gagnon\",\"url\":\"https:\\\/\\\/cssdn.gouv.qc.ca\\\/belleaugagnon\\\/\",\"logo\":{\"@type\":\"ImageObject\",\"inLanguage\":\"fr-CA\",\"@id\":\"https:\\\/\\\/cssdn.gouv.qc.ca\\\/belleaugagnon\\\/#\\\/schema\\\/logo\\\/image\\\/\",\"url\":\"https:\\\/\\\/cssdn.gouv.qc.ca\\\/belleaugagnon\\\/wp-content\\\/uploads\\\/sites\\\/41\\\/2023\\\/01\\\/logo_quebec.svg\",\"contentUrl\":\"https:\\\/\\\/cssdn.gouv.qc.ca\\\/belleaugagnon\\\/wp-content\\\/uploads\\\/sites\\\/41\\\/2023\\\/01\\\/logo_quebec.svg\",\"width\":188,\"height\":41,\"caption\":\"\u00c9cole Belleau, Gagnon\"},\"image\":{\"@id\":\"https:\\\/\\\/cssdn.gouv.qc.ca\\\/belleaugagnon\\\/#\\\/schema\\\/logo\\\/image\\\/\"},\"sameAs\":[\"https:\\\/\\\/www.facebook.com\\\/profile.php?id=100076456800743\"]}]}<\/script>\n<!-- \/ Yoast SEO plugin. -->","yoast_head_json":{"title":"Documentation officielle - \u00c9cole Belleau, Gagnon","robots":{"index":"index","follow":"follow","max-snippet":"max-snippet:-1","max-image-preview":"max-image-preview:large","max-video-preview":"max-video-preview:-1"},"canonical":"https:\/\/cssdn.gouv.qc.ca\/belleaugagnon\/a-propos\/documentation-et-rapport-annuel\/","og_locale":"fr_CA","og_type":"article","og_title":"Documentation officielle - \u00c9cole Belleau, Gagnon","og_description":"Projet \u00e9ducatif Redditions de comptes du projet \u00e9ducatif Rapport annuel de gestion du conseil d\u2019\u00e9tablissement Plan de lutte contre la violence et l\u2019intimidation \u00e0 l\u2019\u00e9cole Code de vie Document explicatif aux parents et aux \u00e9l\u00e8ves","og_url":"https:\/\/cssdn.gouv.qc.ca\/belleaugagnon\/a-propos\/documentation-et-rapport-annuel\/","og_site_name":"\u00c9cole Belleau, Gagnon","article_publisher":"https:\/\/www.facebook.com\/profile.php?id=100076456800743","article_modified_time":"2025-11-25T18:48:34+00:00","twitter_card":"summary_large_image","twitter_misc":{"Estimation du temps de lecture":"1 minute"},"schema":{"@context":"https:\/\/schema.org","@graph":[{"@type":"WebPage","@id":"https:\/\/cssdn.gouv.qc.ca\/belleaugagnon\/a-propos\/documentation-et-rapport-annuel\/","url":"https:\/\/cssdn.gouv.qc.ca\/belleaugagnon\/a-propos\/documentation-et-rapport-annuel\/","name":"Documentation officielle - \u00c9cole Belleau, Gagnon","isPartOf":{"@id":"https:\/\/cssdn.gouv.qc.ca\/belleaugagnon\/#website"},"primaryImageOfPage":{"@id":"https:\/\/cssdn.gouv.qc.ca\/belleaugagnon\/a-propos\/documentation-et-rapport-annuel\/#primaryimage"},"image":{"@id":"https:\/\/cssdn.gouv.qc.ca\/belleaugagnon\/a-propos\/documentation-et-rapport-annuel\/#primaryimage"},"thumbnailUrl":"https:\/\/stage.cssdn.gouv.qc.ca\/wp-content\/uploads\/2022\/08\/Seawire-Hero-06.jpg","datePublished":"2022-11-08T21:07:54+00:00","dateModified":"2025-11-25T18:48:34+00:00","breadcrumb":{"@id":"https:\/\/cssdn.gouv.qc.ca\/belleaugagnon\/a-propos\/documentation-et-rapport-annuel\/#breadcrumb"},"inLanguage":"fr-CA","potentialAction":[{"@type":"ReadAction","target":["https:\/\/cssdn.gouv.qc.ca\/belleaugagnon\/a-propos\/documentation-et-rapport-annuel\/"]}]},{"@type":"ImageObject","inLanguage":"fr-CA","@id":"https:\/\/cssdn.gouv.qc.ca\/belleaugagnon\/a-propos\/documentation-et-rapport-annuel\/#primaryimage","url":"https:\/\/stage.cssdn.gouv.qc.ca\/wp-content\/uploads\/2022\/08\/Seawire-Hero-06.jpg","contentUrl":"https:\/\/stage.cssdn.gouv.qc.ca\/wp-content\/uploads\/2022\/08\/Seawire-Hero-06.jpg"},{"@type":"BreadcrumbList","@id":"https:\/\/cssdn.gouv.qc.ca\/belleaugagnon\/a-propos\/documentation-et-rapport-annuel\/#breadcrumb","itemListElement":[{"@type":"ListItem","position":1,"name":"Accueil","item":"https:\/\/cssdn.gouv.qc.ca\/belleaugagnon\/"},{"@type":"ListItem","position":2,"name":"\u00c0 propos","item":"https:\/\/cssdn.gouv.qc.ca\/belleaugagnon\/a-propos\/"},{"@type":"ListItem","position":3,"name":"Documentation officielle"}]},{"@type":"WebSite","@id":"https:\/\/cssdn.gouv.qc.ca\/belleaugagnon\/#website","url":"https:\/\/cssdn.gouv.qc.ca\/belleaugagnon\/","name":"\u00c9cole Belleau, Gagnon","description":"Un site des centres de services scolaires des Navigateurs","publisher":{"@id":"https:\/\/cssdn.gouv.qc.ca\/belleaugagnon\/#organization"},"potentialAction":[{"@type":"SearchAction","target":{"@type":"EntryPoint","urlTemplate":"https:\/\/cssdn.gouv.qc.ca\/belleaugagnon\/?s={search_term_string}"},"query-input":{"@type":"PropertyValueSpecification","valueRequired":true,"valueName":"search_term_string"}}],"inLanguage":"fr-CA"},{"@type":"Organization","@id":"https:\/\/cssdn.gouv.qc.ca\/belleaugagnon\/#organization","name":"\u00c9cole Belleau, Gagnon","url":"https:\/\/cssdn.gouv.qc.ca\/belleaugagnon\/","logo":{"@type":"ImageObject","inLanguage":"fr-CA","@id":"https:\/\/cssdn.gouv.qc.ca\/belleaugagnon\/#\/schema\/logo\/image\/","url":"https:\/\/cssdn.gouv.qc.ca\/belleaugagnon\/wp-content\/uploads\/sites\/41\/2023\/01\/logo_quebec.svg","contentUrl":"https:\/\/cssdn.gouv.qc.ca\/belleaugagnon\/wp-content\/uploads\/sites\/41\/2023\/01\/logo_quebec.svg","width":188,"height":41,"caption":"\u00c9cole Belleau, Gagnon"},"image":{"@id":"https:\/\/cssdn.gouv.qc.ca\/belleaugagnon\/#\/schema\/logo\/image\/"},"sameAs":["https:\/\/www.facebook.com\/profile.php?id=100076456800743"]}]}},"publishpress_future_action":{"enabled":false,"date":"2026-04-13 11:33:23","action":"change-status","newStatus":"draft","terms":[],"taxonomy":"category","extraData":[]},"publishpress_future_workflow_manual_trigger":{"enabledWorkflows":[]},"_links":{"self":[{"href":"https:\/\/cssdn.gouv.qc.ca\/belleaugagnon\/wp-json\/wp\/v2\/pages\/11","targetHints":{"allow":["GET"]}}],"collection":[{"href":"https:\/\/cssdn.gouv.qc.ca\/belleaugagnon\/wp-json\/wp\/v2\/pages"}],"about":[{"href":"https:\/\/cssdn.gouv.qc.ca\/belleaugagnon\/wp-json\/wp\/v2\/types\/page"}],"author":[{"embeddable":true,"href":"https:\/\/cssdn.gouv.qc.ca\/belleaugagnon\/wp-json\/wp\/v2\/users\/1"}],"replies":[{"embeddable":true,"href":"https:\/\/cssdn.gouv.qc.ca\/belleaugagnon\/wp-json\/wp\/v2\/comments?post=11"}],"version-history":[{"count":0,"href":"https:\/\/cssdn.gouv.qc.ca\/belleaugagnon\/wp-json\/wp\/v2\/pages\/11\/revisions"}],"up":[{"embeddable":true,"href":"https:\/\/cssdn.gouv.qc.ca\/belleaugagnon\/wp-json\/wp\/v2\/pages\/6"}],"wp:attachment":[{"href":"https:\/\/cssdn.gouv.qc.ca\/belleaugagnon\/wp-json\/wp\/v2\/media?parent=11"}],"wp:term":[{"taxonomy":"category","embeddable":true,"href":"https:\/\/cssdn.gouv.qc.ca\/belleaugagnon\/wp-json\/wp\/v2\/categories?post=11"},{"taxonomy":"post_tag","embeddable":true,"href":"https:\/\/cssdn.gouv.qc.ca\/belleaugagnon\/wp-json\/wp\/v2\/tags?post=11"}],"curies":[{"name":"wp","href":"https:\/\/api.w.org\/{rel}","templated":true}]}}