
{"id":15,"date":"2022-11-08T16:07:56","date_gmt":"2022-11-08T21:07:56","guid":{"rendered":"https:\/\/cssdn.gouv.qc.ca\/belleaugagnon\/informations-aux-parents\/info-parents\/"},"modified":"2025-11-17T09:23:13","modified_gmt":"2025-11-17T14:23:13","slug":"info-parents","status":"publish","type":"page","link":"https:\/\/cssdn.gouv.qc.ca\/belleaugagnon\/informations-aux-parents\/info-parents\/","title":{"rendered":"Info-parents"},"content":{"rendered":"\n<div class=\"wp-block-cover alignfull is-light is-style-title-banner\"><img decoding=\"async\" class=\"wp-block-cover__image-background wp-image-111 lazyload\" alt=\"\" data-src=\"https:\/\/cssdn.gouv.qc.ca\/wp-content\/uploads\/2022\/08\/Seawire-Hero-06.jpg\" data-object-fit=\"cover\" src=\"data:image\/svg+xml;base64,PHN2ZyB3aWR0aD0iMSIgaGVpZ2h0PSIxIiB4bWxucz0iaHR0cDovL3d3dy53My5vcmcvMjAwMC9zdmciPjwvc3ZnPg==\" \/><span aria-hidden=\"true\" class=\"wp-block-cover__background has-primary-background-color has-background-dim\"><\/span><div class=\"wp-block-cover__inner-container\"><h3 class=\"wp-block-post-title\">Info-parents<\/h3><\/div><\/div>\n\n\n\n<div class=\"wp-block-group alignfull has-padding-y-large has-secondary-background-color has-background\"><div class=\"yoast-breadcrumbs alignwide \"><span class=\"breadcrumbs\"><a href=\"https:\/\/cssdn.gouv.qc.ca\/belleaugagnon\/\" class=\"breadcrumbs__element\">Accueil<\/a> <span class=\"breadcrumbs__separator\">\n        <svg class=\"icon icon-breadcrumb__separator\"><use xlink:href=\"#icon-breadcrumb__separator\"><\/use><\/svg>\n    <\/span> <a href=\"https:\/\/cssdn.gouv.qc.ca\/belleaugagnon\/informations-aux-parents\/\" class=\"breadcrumbs__element\">Informations aux parents<\/a> <span class=\"breadcrumbs__separator\">\n        <svg class=\"icon icon-breadcrumb__separator\"><use xlink:href=\"#icon-breadcrumb__separator\"><\/use><\/svg>\n    <\/span> <span class=\"breadcrumbs__element breadcrumbs__element-current\">Info-parents<\/span><\/span><\/div><\/div>\n\n\n\n<div data-wp-interactive=\"core\/file\" class=\"wp-block-file\"><object data-wp-bind--hidden=\"!state.hasPdfPreview\" hidden class=\"wp-block-file__embed\" data=\"https:\/\/cssdn.gouv.qc.ca\/belleaugagnon\/wp-content\/uploads\/sites\/41\/2025\/06\/Agenda-Belleau-Gagnon-25-26-Code-de-vie.pdf\" type=\"application\/pdf\" style=\"width:100%;height:600px\" aria-label=\"Contenu incorpor\u00e9 Agenda Belleau-Gagnon 25-26 - Code de vie.\"><\/object><a id=\"wp-block-file--media-97a95e29-7462-4f03-a053-810ddae7e0b2\" href=\"https:\/\/cssdn.gouv.qc.ca\/belleaugagnon\/wp-content\/uploads\/sites\/41\/2025\/06\/Agenda-Belleau-Gagnon-25-26-Code-de-vie.pdf\">Agenda Belleau-Gagnon 25-26 &#8211; Code de vie<\/a><a href=\"https:\/\/cssdn.gouv.qc.ca\/belleaugagnon\/wp-content\/uploads\/sites\/41\/2025\/06\/Agenda-Belleau-Gagnon-25-26-Code-de-vie.pdf\" class=\"wp-block-file__button wp-element-button\" download aria-describedby=\"wp-block-file--media-97a95e29-7462-4f03-a053-810ddae7e0b2\">T\u00e9l\u00e9charger<\/a><\/div>\n\n\n\n<div data-wp-interactive=\"core\/file\" class=\"wp-block-file\"><object data-wp-bind--hidden=\"!state.hasPdfPreview\" hidden class=\"wp-block-file__embed\" data=\"https:\/\/cssdn.gouv.qc.ca\/belleaugagnon\/wp-content\/uploads\/sites\/41\/2025\/11\/Plan-de-lutte-2025-2026.pdf\" type=\"application\/pdf\" style=\"width:100%;height:600px\" aria-label=\"Contenu incorpor\u00e9 Plan de lutte 2025-2026.\"><\/object><a id=\"wp-block-file--media-dcad4ac8-b260-4364-b1a5-c567161d89d9\" href=\"https:\/\/cssdn.gouv.qc.ca\/belleaugagnon\/wp-content\/uploads\/sites\/41\/2025\/11\/Plan-de-lutte-2025-2026.pdf\">Plan de lutte 2025-2026<\/a><a href=\"https:\/\/cssdn.gouv.qc.ca\/belleaugagnon\/wp-content\/uploads\/sites\/41\/2025\/11\/Plan-de-lutte-2025-2026.pdf\" class=\"wp-block-file__button wp-element-button\" download aria-describedby=\"wp-block-file--media-dcad4ac8-b260-4364-b1a5-c567161d89d9\">Download<\/a><\/div>\n\n\n\n<div data-wp-interactive=\"core\/file\" class=\"wp-block-file\"><object data-wp-bind--hidden=\"!state.hasPdfPreview\" hidden class=\"wp-block-file__embed\" data=\"https:\/\/cssdn.gouv.qc.ca\/belleaugagnon\/wp-content\/uploads\/sites\/41\/2025\/10\/Plan-de-lutte-Resume-2025.pdf\" type=\"application\/pdf\" style=\"width:100%;height:600px\" aria-label=\"Contenu incorpor\u00e9 Plan de lutte-R\u00e9sum\u00e9 2025.\"><\/object><a id=\"wp-block-file--media-c133b748-4815-47f7-bc47-29ae831820d8\" href=\"https:\/\/cssdn.gouv.qc.ca\/belleaugagnon\/wp-content\/uploads\/sites\/41\/2025\/10\/Plan-de-lutte-Resume-2025.pdf\">Plan de lutte-R\u00e9sum\u00e9 2025<\/a><a href=\"https:\/\/cssdn.gouv.qc.ca\/belleaugagnon\/wp-content\/uploads\/sites\/41\/2025\/10\/Plan-de-lutte-Resume-2025.pdf\" class=\"wp-block-file__button wp-element-button\" download aria-describedby=\"wp-block-file--media-c133b748-4815-47f7-bc47-29ae831820d8\">Download<\/a><\/div>\n\n\n\n<div data-wp-interactive=\"core\/file\" class=\"wp-block-file\"><object data-wp-bind--hidden=\"!state.hasPdfPreview\" hidden class=\"wp-block-file__embed\" data=\"https:\/\/cssdn.gouv.qc.ca\/belleaugagnon\/wp-content\/uploads\/sites\/41\/2025\/11\/PRESCO-Normes-et-modalites-2025-2026-1.pdf\" type=\"application\/pdf\" style=\"width:100%;height:600px\" aria-label=\"Contenu incorpor\u00e9 PRESCO Normes et modalite\u0301s 2025-2026.\"><\/object><a id=\"wp-block-file--media-7cc2834b-d723-4e6b-8cf8-36b76aee46c0\" href=\"https:\/\/cssdn.gouv.qc.ca\/belleaugagnon\/wp-content\/uploads\/sites\/41\/2025\/11\/PRESCO-Normes-et-modalites-2025-2026-1.pdf\">PRESCO Normes et modalite\u0301s 2025-2026<\/a><a href=\"https:\/\/cssdn.gouv.qc.ca\/belleaugagnon\/wp-content\/uploads\/sites\/41\/2025\/11\/PRESCO-Normes-et-modalites-2025-2026-1.pdf\" class=\"wp-block-file__button wp-element-button\" download aria-describedby=\"wp-block-file--media-7cc2834b-d723-4e6b-8cf8-36b76aee46c0\">Download<\/a><\/div>\n\n\n\n<div data-wp-interactive=\"core\/file\" class=\"wp-block-file\"><object data-wp-bind--hidden=\"!state.hasPdfPreview\" hidden class=\"wp-block-file__embed\" data=\"https:\/\/cssdn.gouv.qc.ca\/belleaugagnon\/wp-content\/uploads\/sites\/41\/2025\/11\/1ere-annee.pdf\" type=\"application\/pdf\" style=\"width:100%;height:600px\" aria-label=\"Contenu incorpor\u00e9 1\u00e8re ann\u00e9e.\"><\/object><a id=\"wp-block-file--media-5b0b6343-635d-4d3a-bc6c-e4adf4393415\" href=\"https:\/\/cssdn.gouv.qc.ca\/belleaugagnon\/wp-content\/uploads\/sites\/41\/2025\/11\/1ere-annee.pdf\">1\u00e8re ann\u00e9e<\/a><a href=\"https:\/\/cssdn.gouv.qc.ca\/belleaugagnon\/wp-content\/uploads\/sites\/41\/2025\/11\/1ere-annee.pdf\" class=\"wp-block-file__button wp-element-button\" download aria-describedby=\"wp-block-file--media-5b0b6343-635d-4d3a-bc6c-e4adf4393415\">Download<\/a><\/div>\n\n\n\n<div data-wp-interactive=\"core\/file\" class=\"wp-block-file\"><object data-wp-bind--hidden=\"!state.hasPdfPreview\" hidden class=\"wp-block-file__embed\" data=\"https:\/\/cssdn.gouv.qc.ca\/belleaugagnon\/wp-content\/uploads\/sites\/41\/2025\/11\/2eme-annee.pdf\" type=\"application\/pdf\" style=\"width:100%;height:600px\" aria-label=\"Contenu incorpor\u00e9 2\u00e8me ann\u00e9e.\"><\/object><a id=\"wp-block-file--media-4c83baeb-bcb6-43e2-b96d-c126080a968c\" href=\"https:\/\/cssdn.gouv.qc.ca\/belleaugagnon\/wp-content\/uploads\/sites\/41\/2025\/11\/2eme-annee.pdf\">2\u00e8me ann\u00e9e<\/a><a href=\"https:\/\/cssdn.gouv.qc.ca\/belleaugagnon\/wp-content\/uploads\/sites\/41\/2025\/11\/2eme-annee.pdf\" class=\"wp-block-file__button wp-element-button\" download aria-describedby=\"wp-block-file--media-4c83baeb-bcb6-43e2-b96d-c126080a968c\">Download<\/a><\/div>\n\n\n\n<div data-wp-interactive=\"core\/file\" class=\"wp-block-file\"><object data-wp-bind--hidden=\"!state.hasPdfPreview\" hidden class=\"wp-block-file__embed\" data=\"https:\/\/cssdn.gouv.qc.ca\/belleaugagnon\/wp-content\/uploads\/sites\/41\/2025\/11\/3eme-annee.pdf\" type=\"application\/pdf\" style=\"width:100%;height:600px\" aria-label=\"Contenu incorpor\u00e9 3\u00e8me ann\u00e9e.\"><\/object><a id=\"wp-block-file--media-96314f98-0344-4c43-8848-087b00d483ad\" href=\"https:\/\/cssdn.gouv.qc.ca\/belleaugagnon\/wp-content\/uploads\/sites\/41\/2025\/11\/3eme-annee.pdf\">3\u00e8me ann\u00e9e<\/a><a href=\"https:\/\/cssdn.gouv.qc.ca\/belleaugagnon\/wp-content\/uploads\/sites\/41\/2025\/11\/3eme-annee.pdf\" class=\"wp-block-file__button wp-element-button\" download aria-describedby=\"wp-block-file--media-96314f98-0344-4c43-8848-087b00d483ad\">Download<\/a><\/div>\n\n\n\n<div data-wp-interactive=\"core\/file\" class=\"wp-block-file\"><object data-wp-bind--hidden=\"!state.hasPdfPreview\" hidden class=\"wp-block-file__embed\" data=\"https:\/\/cssdn.gouv.qc.ca\/belleaugagnon\/wp-content\/uploads\/sites\/41\/2025\/11\/4e-annee-Normes-et-modalites-2025-2026-1.pdf\" type=\"application\/pdf\" style=\"width:100%;height:600px\" aria-label=\"Contenu incorpor\u00e9 4e ann\u00e9e Normes et modalit\u00e9s 2025-2026.\"><\/object><a id=\"wp-block-file--media-e287522c-8085-4da3-9487-470b43936fab\" href=\"https:\/\/cssdn.gouv.qc.ca\/belleaugagnon\/wp-content\/uploads\/sites\/41\/2025\/11\/4e-annee-Normes-et-modalites-2025-2026-1.pdf\">4e ann\u00e9e Normes et modalit\u00e9s 2025-2026<\/a><a href=\"https:\/\/cssdn.gouv.qc.ca\/belleaugagnon\/wp-content\/uploads\/sites\/41\/2025\/11\/4e-annee-Normes-et-modalites-2025-2026-1.pdf\" class=\"wp-block-file__button wp-element-button\" download aria-describedby=\"wp-block-file--media-e287522c-8085-4da3-9487-470b43936fab\">Download<\/a><\/div>\n\n\n\n<div data-wp-interactive=\"core\/file\" class=\"wp-block-file\"><object data-wp-bind--hidden=\"!state.hasPdfPreview\" hidden class=\"wp-block-file__embed\" data=\"https:\/\/cssdn.gouv.qc.ca\/belleaugagnon\/wp-content\/uploads\/sites\/41\/2025\/11\/5e-annee-Normes-et-modalites-2025-2026-1.pdf\" type=\"application\/pdf\" style=\"width:100%;height:600px\" aria-label=\"Contenu incorpor\u00e9 5e ann\u00e9e Normes et modalit\u00e9s 2025-2026.\"><\/object><a id=\"wp-block-file--media-77ce6e16-8d1e-4eef-bed6-c66148278185\" href=\"https:\/\/cssdn.gouv.qc.ca\/belleaugagnon\/wp-content\/uploads\/sites\/41\/2025\/11\/5e-annee-Normes-et-modalites-2025-2026-1.pdf\">5e ann\u00e9e Normes et modalit\u00e9s 2025-2026<\/a><a href=\"https:\/\/cssdn.gouv.qc.ca\/belleaugagnon\/wp-content\/uploads\/sites\/41\/2025\/11\/5e-annee-Normes-et-modalites-2025-2026-1.pdf\" class=\"wp-block-file__button wp-element-button\" download aria-describedby=\"wp-block-file--media-77ce6e16-8d1e-4eef-bed6-c66148278185\">Download<\/a><\/div>\n\n\n\n<div data-wp-interactive=\"core\/file\" class=\"wp-block-file\"><object data-wp-bind--hidden=\"!state.hasPdfPreview\" hidden class=\"wp-block-file__embed\" data=\"https:\/\/cssdn.gouv.qc.ca\/belleaugagnon\/wp-content\/uploads\/sites\/41\/2025\/11\/6e-annee-603-ANGLAIS-BONIFIE-Normes-et-modalites-2025-2026-1.pdf\" type=\"application\/pdf\" style=\"width:100%;height:600px\" aria-label=\"Contenu incorpor\u00e9 6e ann\u00e9e 603 ANGLAIS BONIFI\u00c9 Normes et modalit\u00e9s 2025-2026.\"><\/object><a id=\"wp-block-file--media-c846c97a-0df5-4b1e-9f2c-693eecd81689\" href=\"https:\/\/cssdn.gouv.qc.ca\/belleaugagnon\/wp-content\/uploads\/sites\/41\/2025\/11\/6e-annee-603-ANGLAIS-BONIFIE-Normes-et-modalites-2025-2026-1.pdf\">6e ann\u00e9e 603 ANGLAIS BONIFI\u00c9 Normes et modalit\u00e9s 2025-2026<\/a><a href=\"https:\/\/cssdn.gouv.qc.ca\/belleaugagnon\/wp-content\/uploads\/sites\/41\/2025\/11\/6e-annee-603-ANGLAIS-BONIFIE-Normes-et-modalites-2025-2026-1.pdf\" class=\"wp-block-file__button wp-element-button\" download aria-describedby=\"wp-block-file--media-c846c97a-0df5-4b1e-9f2c-693eecd81689\">Download<\/a><\/div>\n\n\n\n<div data-wp-interactive=\"core\/file\" class=\"wp-block-file\"><object data-wp-bind--hidden=\"!state.hasPdfPreview\" hidden class=\"wp-block-file__embed\" data=\"https:\/\/cssdn.gouv.qc.ca\/belleaugagnon\/wp-content\/uploads\/sites\/41\/2025\/11\/5e-560-et-6e-650-ANGLAIS-BONIFIE-Normes-et-modalites-2025-2026-1.pdf\" type=\"application\/pdf\" style=\"width:100%;height:600px\" aria-label=\"Contenu incorpor\u00e9 5e 560 et 6e 650  ANGLAIS BONIFI\u00c9 Normes et modalit\u00e9s 2025-2026.\"><\/object><a id=\"wp-block-file--media-38f35cf3-e831-4df2-b112-cc4af85f0e42\" href=\"https:\/\/cssdn.gouv.qc.ca\/belleaugagnon\/wp-content\/uploads\/sites\/41\/2025\/11\/5e-560-et-6e-650-ANGLAIS-BONIFIE-Normes-et-modalites-2025-2026-1.pdf\">5e 560 et 6e 650  ANGLAIS BONIFI\u00c9 Normes et modalit\u00e9s 2025-2026<\/a><a href=\"https:\/\/cssdn.gouv.qc.ca\/belleaugagnon\/wp-content\/uploads\/sites\/41\/2025\/11\/5e-560-et-6e-650-ANGLAIS-BONIFIE-Normes-et-modalites-2025-2026-1.pdf\" class=\"wp-block-file__button wp-element-button\" download aria-describedby=\"wp-block-file--media-38f35cf3-e831-4df2-b112-cc4af85f0e42\">Download<\/a><\/div>\n\n\n\n<div data-wp-interactive=\"core\/file\" class=\"wp-block-file\"><object data-wp-bind--hidden=\"!state.hasPdfPreview\" hidden class=\"wp-block-file__embed\" data=\"https:\/\/cssdn.gouv.qc.ca\/belleaugagnon\/wp-content\/uploads\/sites\/41\/2025\/11\/6e-annee-ANGLAIS-INTENSIF-Normes-et-modalites-2025-2026-1.pdf\" type=\"application\/pdf\" style=\"width:100%;height:600px\" aria-label=\"Contenu incorpor\u00e9 6e ann\u00e9e ANGLAIS INTENSIF Normes et modalit\u00e9s 2025-2026.\"><\/object><a id=\"wp-block-file--media-566241a5-ad17-402c-bd10-951c6ab34e3d\" href=\"https:\/\/cssdn.gouv.qc.ca\/belleaugagnon\/wp-content\/uploads\/sites\/41\/2025\/11\/6e-annee-ANGLAIS-INTENSIF-Normes-et-modalites-2025-2026-1.pdf\">6e ann\u00e9e ANGLAIS INTENSIF Normes et modalit\u00e9s 2025-2026<\/a><a href=\"https:\/\/cssdn.gouv.qc.ca\/belleaugagnon\/wp-content\/uploads\/sites\/41\/2025\/11\/6e-annee-ANGLAIS-INTENSIF-Normes-et-modalites-2025-2026-1.pdf\" class=\"wp-block-file__button wp-element-button\" download aria-describedby=\"wp-block-file--media-566241a5-ad17-402c-bd10-951c6ab34e3d\">Download<\/a><\/div>\n\n\n\n<h4 class=\"wp-block-heading\"><a href=\"https:\/\/cssdn.gouv.qc.ca\/parents-et-eleves\/outils-pour-les-parents\/\">Site CSSDN &#8211; Outils pour les parents<\/a><\/h4>\n\n\n\n<p class=\"wp-block-paragraph\"><a href=\"https:\/\/cqjdc.org\/\">CQJDC &#8211; Comit\u00e9 qu\u00e9b\u00e9cois pour les jeunes en difficult\u00e9 de comportement : ressources par rapport \u00e0 l\u2019intimidation<\/a><\/p>\n\n\n\n<p class=\"wp-block-paragraph\"><\/p>\n\n\n\n<p class=\"wp-block-paragraph\"><\/p>\n","protected":false},"excerpt":{"rendered":"<p>Site CSSDN &#8211; Outils pour les parents CQJDC &#8211; Comit\u00e9 qu\u00e9b\u00e9cois pour les jeunes en difficult\u00e9 de comportement : ressources par rapport \u00e0 l\u2019intimidation<\/p>\n","protected":false},"author":1,"featured_media":0,"parent":13,"menu_order":0,"comment_status":"closed","ping_status":"closed","template":"","meta":{"_acf_changed":false,"_crdt_document":"","inline_featured_image":false,"footnotes":""},"categories":[],"tags":[],"class_list":["post-15","page","type-page","status-publish","hentry"],"acf":[],"yoast_head":"<!-- This site is optimized with the Yoast SEO plugin v27.3 - https:\/\/yoast.com\/product\/yoast-seo-wordpress\/ -->\n<title>Info-parents - \u00c9cole Belleau, Gagnon<\/title>\n<meta name=\"robots\" content=\"index, follow, max-snippet:-1, max-image-preview:large, max-video-preview:-1\" \/>\n<link rel=\"canonical\" href=\"https:\/\/cssdn.gouv.qc.ca\/belleaugagnon\/informations-aux-parents\/info-parents\/\" \/>\n<meta property=\"og:locale\" content=\"fr_CA\" \/>\n<meta property=\"og:type\" content=\"article\" \/>\n<meta property=\"og:title\" content=\"Info-parents - \u00c9cole Belleau, Gagnon\" \/>\n<meta property=\"og:description\" content=\"Site CSSDN &#8211; Outils pour les parents CQJDC &#8211; Comit\u00e9 qu\u00e9b\u00e9cois pour les jeunes en difficult\u00e9 de comportement : ressources par rapport \u00e0 l\u2019intimidation\" \/>\n<meta property=\"og:url\" content=\"https:\/\/cssdn.gouv.qc.ca\/belleaugagnon\/informations-aux-parents\/info-parents\/\" \/>\n<meta property=\"og:site_name\" content=\"\u00c9cole Belleau, Gagnon\" \/>\n<meta property=\"article:publisher\" content=\"https:\/\/www.facebook.com\/profile.php?id=100076456800743\" \/>\n<meta property=\"article:modified_time\" content=\"2025-11-17T14:23:13+00:00\" \/>\n<meta name=\"twitter:card\" content=\"summary_large_image\" \/>\n<meta name=\"twitter:label1\" content=\"Estimation du temps de lecture\" \/>\n\t<meta name=\"twitter:data1\" content=\"1 minute\" \/>\n<script type=\"application\/ld+json\" class=\"yoast-schema-graph\">{\"@context\":\"https:\\\/\\\/schema.org\",\"@graph\":[{\"@type\":\"WebPage\",\"@id\":\"https:\\\/\\\/cssdn.gouv.qc.ca\\\/belleaugagnon\\\/informations-aux-parents\\\/info-parents\\\/\",\"url\":\"https:\\\/\\\/cssdn.gouv.qc.ca\\\/belleaugagnon\\\/informations-aux-parents\\\/info-parents\\\/\",\"name\":\"Info-parents - \u00c9cole Belleau, Gagnon\",\"isPartOf\":{\"@id\":\"https:\\\/\\\/cssdn.gouv.qc.ca\\\/belleaugagnon\\\/#website\"},\"primaryImageOfPage\":{\"@id\":\"https:\\\/\\\/cssdn.gouv.qc.ca\\\/belleaugagnon\\\/informations-aux-parents\\\/info-parents\\\/#primaryimage\"},\"image\":{\"@id\":\"https:\\\/\\\/cssdn.gouv.qc.ca\\\/belleaugagnon\\\/informations-aux-parents\\\/info-parents\\\/#primaryimage\"},\"thumbnailUrl\":\"https:\\\/\\\/cssdn.gouv.qc.ca\\\/wp-content\\\/uploads\\\/2022\\\/08\\\/Seawire-Hero-06.jpg\",\"datePublished\":\"2022-11-08T21:07:56+00:00\",\"dateModified\":\"2025-11-17T14:23:13+00:00\",\"breadcrumb\":{\"@id\":\"https:\\\/\\\/cssdn.gouv.qc.ca\\\/belleaugagnon\\\/informations-aux-parents\\\/info-parents\\\/#breadcrumb\"},\"inLanguage\":\"fr-CA\",\"potentialAction\":[{\"@type\":\"ReadAction\",\"target\":[\"https:\\\/\\\/cssdn.gouv.qc.ca\\\/belleaugagnon\\\/informations-aux-parents\\\/info-parents\\\/\"]}]},{\"@type\":\"ImageObject\",\"inLanguage\":\"fr-CA\",\"@id\":\"https:\\\/\\\/cssdn.gouv.qc.ca\\\/belleaugagnon\\\/informations-aux-parents\\\/info-parents\\\/#primaryimage\",\"url\":\"https:\\\/\\\/cssdn.gouv.qc.ca\\\/wp-content\\\/uploads\\\/2022\\\/08\\\/Seawire-Hero-06.jpg\",\"contentUrl\":\"https:\\\/\\\/cssdn.gouv.qc.ca\\\/wp-content\\\/uploads\\\/2022\\\/08\\\/Seawire-Hero-06.jpg\"},{\"@type\":\"BreadcrumbList\",\"@id\":\"https:\\\/\\\/cssdn.gouv.qc.ca\\\/belleaugagnon\\\/informations-aux-parents\\\/info-parents\\\/#breadcrumb\",\"itemListElement\":[{\"@type\":\"ListItem\",\"position\":1,\"name\":\"Accueil\",\"item\":\"https:\\\/\\\/cssdn.gouv.qc.ca\\\/belleaugagnon\\\/\"},{\"@type\":\"ListItem\",\"position\":2,\"name\":\"Informations aux parents\",\"item\":\"https:\\\/\\\/cssdn.gouv.qc.ca\\\/belleaugagnon\\\/informations-aux-parents\\\/\"},{\"@type\":\"ListItem\",\"position\":3,\"name\":\"Info-parents\"}]},{\"@type\":\"WebSite\",\"@id\":\"https:\\\/\\\/cssdn.gouv.qc.ca\\\/belleaugagnon\\\/#website\",\"url\":\"https:\\\/\\\/cssdn.gouv.qc.ca\\\/belleaugagnon\\\/\",\"name\":\"\u00c9cole Belleau, Gagnon\",\"description\":\"Un site des centres de services scolaires des Navigateurs\",\"publisher\":{\"@id\":\"https:\\\/\\\/cssdn.gouv.qc.ca\\\/belleaugagnon\\\/#organization\"},\"potentialAction\":[{\"@type\":\"SearchAction\",\"target\":{\"@type\":\"EntryPoint\",\"urlTemplate\":\"https:\\\/\\\/cssdn.gouv.qc.ca\\\/belleaugagnon\\\/?s={search_term_string}\"},\"query-input\":{\"@type\":\"PropertyValueSpecification\",\"valueRequired\":true,\"valueName\":\"search_term_string\"}}],\"inLanguage\":\"fr-CA\"},{\"@type\":\"Organization\",\"@id\":\"https:\\\/\\\/cssdn.gouv.qc.ca\\\/belleaugagnon\\\/#organization\",\"name\":\"\u00c9cole Belleau, Gagnon\",\"url\":\"https:\\\/\\\/cssdn.gouv.qc.ca\\\/belleaugagnon\\\/\",\"logo\":{\"@type\":\"ImageObject\",\"inLanguage\":\"fr-CA\",\"@id\":\"https:\\\/\\\/cssdn.gouv.qc.ca\\\/belleaugagnon\\\/#\\\/schema\\\/logo\\\/image\\\/\",\"url\":\"https:\\\/\\\/cssdn.gouv.qc.ca\\\/belleaugagnon\\\/wp-content\\\/uploads\\\/sites\\\/41\\\/2023\\\/01\\\/logo_quebec.svg\",\"contentUrl\":\"https:\\\/\\\/cssdn.gouv.qc.ca\\\/belleaugagnon\\\/wp-content\\\/uploads\\\/sites\\\/41\\\/2023\\\/01\\\/logo_quebec.svg\",\"width\":188,\"height\":41,\"caption\":\"\u00c9cole Belleau, Gagnon\"},\"image\":{\"@id\":\"https:\\\/\\\/cssdn.gouv.qc.ca\\\/belleaugagnon\\\/#\\\/schema\\\/logo\\\/image\\\/\"},\"sameAs\":[\"https:\\\/\\\/www.facebook.com\\\/profile.php?id=100076456800743\"]}]}<\/script>\n<!-- \/ Yoast SEO plugin. -->","yoast_head_json":{"title":"Info-parents - \u00c9cole Belleau, Gagnon","robots":{"index":"index","follow":"follow","max-snippet":"max-snippet:-1","max-image-preview":"max-image-preview:large","max-video-preview":"max-video-preview:-1"},"canonical":"https:\/\/cssdn.gouv.qc.ca\/belleaugagnon\/informations-aux-parents\/info-parents\/","og_locale":"fr_CA","og_type":"article","og_title":"Info-parents - \u00c9cole Belleau, Gagnon","og_description":"Site CSSDN &#8211; Outils pour les parents CQJDC &#8211; Comit\u00e9 qu\u00e9b\u00e9cois pour les jeunes en difficult\u00e9 de comportement : ressources par rapport \u00e0 l\u2019intimidation","og_url":"https:\/\/cssdn.gouv.qc.ca\/belleaugagnon\/informations-aux-parents\/info-parents\/","og_site_name":"\u00c9cole Belleau, Gagnon","article_publisher":"https:\/\/www.facebook.com\/profile.php?id=100076456800743","article_modified_time":"2025-11-17T14:23:13+00:00","twitter_card":"summary_large_image","twitter_misc":{"Estimation du temps de lecture":"1 minute"},"schema":{"@context":"https:\/\/schema.org","@graph":[{"@type":"WebPage","@id":"https:\/\/cssdn.gouv.qc.ca\/belleaugagnon\/informations-aux-parents\/info-parents\/","url":"https:\/\/cssdn.gouv.qc.ca\/belleaugagnon\/informations-aux-parents\/info-parents\/","name":"Info-parents - \u00c9cole Belleau, Gagnon","isPartOf":{"@id":"https:\/\/cssdn.gouv.qc.ca\/belleaugagnon\/#website"},"primaryImageOfPage":{"@id":"https:\/\/cssdn.gouv.qc.ca\/belleaugagnon\/informations-aux-parents\/info-parents\/#primaryimage"},"image":{"@id":"https:\/\/cssdn.gouv.qc.ca\/belleaugagnon\/informations-aux-parents\/info-parents\/#primaryimage"},"thumbnailUrl":"https:\/\/cssdn.gouv.qc.ca\/wp-content\/uploads\/2022\/08\/Seawire-Hero-06.jpg","datePublished":"2022-11-08T21:07:56+00:00","dateModified":"2025-11-17T14:23:13+00:00","breadcrumb":{"@id":"https:\/\/cssdn.gouv.qc.ca\/belleaugagnon\/informations-aux-parents\/info-parents\/#breadcrumb"},"inLanguage":"fr-CA","potentialAction":[{"@type":"ReadAction","target":["https:\/\/cssdn.gouv.qc.ca\/belleaugagnon\/informations-aux-parents\/info-parents\/"]}]},{"@type":"ImageObject","inLanguage":"fr-CA","@id":"https:\/\/cssdn.gouv.qc.ca\/belleaugagnon\/informations-aux-parents\/info-parents\/#primaryimage","url":"https:\/\/cssdn.gouv.qc.ca\/wp-content\/uploads\/2022\/08\/Seawire-Hero-06.jpg","contentUrl":"https:\/\/cssdn.gouv.qc.ca\/wp-content\/uploads\/2022\/08\/Seawire-Hero-06.jpg"},{"@type":"BreadcrumbList","@id":"https:\/\/cssdn.gouv.qc.ca\/belleaugagnon\/informations-aux-parents\/info-parents\/#breadcrumb","itemListElement":[{"@type":"ListItem","position":1,"name":"Accueil","item":"https:\/\/cssdn.gouv.qc.ca\/belleaugagnon\/"},{"@type":"ListItem","position":2,"name":"Informations aux parents","item":"https:\/\/cssdn.gouv.qc.ca\/belleaugagnon\/informations-aux-parents\/"},{"@type":"ListItem","position":3,"name":"Info-parents"}]},{"@type":"WebSite","@id":"https:\/\/cssdn.gouv.qc.ca\/belleaugagnon\/#website","url":"https:\/\/cssdn.gouv.qc.ca\/belleaugagnon\/","name":"\u00c9cole Belleau, Gagnon","description":"Un site des centres de services scolaires des Navigateurs","publisher":{"@id":"https:\/\/cssdn.gouv.qc.ca\/belleaugagnon\/#organization"},"potentialAction":[{"@type":"SearchAction","target":{"@type":"EntryPoint","urlTemplate":"https:\/\/cssdn.gouv.qc.ca\/belleaugagnon\/?s={search_term_string}"},"query-input":{"@type":"PropertyValueSpecification","valueRequired":true,"valueName":"search_term_string"}}],"inLanguage":"fr-CA"},{"@type":"Organization","@id":"https:\/\/cssdn.gouv.qc.ca\/belleaugagnon\/#organization","name":"\u00c9cole Belleau, Gagnon","url":"https:\/\/cssdn.gouv.qc.ca\/belleaugagnon\/","logo":{"@type":"ImageObject","inLanguage":"fr-CA","@id":"https:\/\/cssdn.gouv.qc.ca\/belleaugagnon\/#\/schema\/logo\/image\/","url":"https:\/\/cssdn.gouv.qc.ca\/belleaugagnon\/wp-content\/uploads\/sites\/41\/2023\/01\/logo_quebec.svg","contentUrl":"https:\/\/cssdn.gouv.qc.ca\/belleaugagnon\/wp-content\/uploads\/sites\/41\/2023\/01\/logo_quebec.svg","width":188,"height":41,"caption":"\u00c9cole Belleau, Gagnon"},"image":{"@id":"https:\/\/cssdn.gouv.qc.ca\/belleaugagnon\/#\/schema\/logo\/image\/"},"sameAs":["https:\/\/www.facebook.com\/profile.php?id=100076456800743"]}]}},"publishpress_future_action":{"enabled":false,"date":"2026-04-21 15:48:22","action":"change-status","newStatus":"draft","terms":[],"taxonomy":"category","extraData":[]},"publishpress_future_workflow_manual_trigger":{"enabledWorkflows":[]},"_links":{"self":[{"href":"https:\/\/cssdn.gouv.qc.ca\/belleaugagnon\/wp-json\/wp\/v2\/pages\/15","targetHints":{"allow":["GET"]}}],"collection":[{"href":"https:\/\/cssdn.gouv.qc.ca\/belleaugagnon\/wp-json\/wp\/v2\/pages"}],"about":[{"href":"https:\/\/cssdn.gouv.qc.ca\/belleaugagnon\/wp-json\/wp\/v2\/types\/page"}],"author":[{"embeddable":true,"href":"https:\/\/cssdn.gouv.qc.ca\/belleaugagnon\/wp-json\/wp\/v2\/users\/1"}],"replies":[{"embeddable":true,"href":"https:\/\/cssdn.gouv.qc.ca\/belleaugagnon\/wp-json\/wp\/v2\/comments?post=15"}],"version-history":[{"count":0,"href":"https:\/\/cssdn.gouv.qc.ca\/belleaugagnon\/wp-json\/wp\/v2\/pages\/15\/revisions"}],"up":[{"embeddable":true,"href":"https:\/\/cssdn.gouv.qc.ca\/belleaugagnon\/wp-json\/wp\/v2\/pages\/13"}],"wp:attachment":[{"href":"https:\/\/cssdn.gouv.qc.ca\/belleaugagnon\/wp-json\/wp\/v2\/media?parent=15"}],"wp:term":[{"taxonomy":"category","embeddable":true,"href":"https:\/\/cssdn.gouv.qc.ca\/belleaugagnon\/wp-json\/wp\/v2\/categories?post=15"},{"taxonomy":"post_tag","embeddable":true,"href":"https:\/\/cssdn.gouv.qc.ca\/belleaugagnon\/wp-json\/wp\/v2\/tags?post=15"}],"curies":[{"name":"wp","href":"https:\/\/api.w.org\/{rel}","templated":true}]}}