
{"id":16,"date":"2022-11-08T16:07:56","date_gmt":"2022-11-08T21:07:56","guid":{"rendered":"https:\/\/cssdn.gouv.qc.ca\/belleaugagnon\/service-de-garde\/"},"modified":"2025-10-14T14:57:35","modified_gmt":"2025-10-14T18:57:35","slug":"service-de-garde","status":"publish","type":"page","link":"https:\/\/cssdn.gouv.qc.ca\/belleaugagnon\/service-de-garde\/","title":{"rendered":"Service de garde"},"content":{"rendered":"\n<div class=\"wp-block-cover alignfull is-light is-style-title-banner\"><img decoding=\"async\" class=\"wp-block-cover__image-background wp-image-111 lazyload\" alt=\"\" data-src=\"https:\/\/cssdn.gouv.qc.ca\/wp-content\/uploads\/2022\/08\/Seawire-Hero-06.jpg\" data-object-fit=\"cover\" src=\"data:image\/svg+xml;base64,PHN2ZyB3aWR0aD0iMSIgaGVpZ2h0PSIxIiB4bWxucz0iaHR0cDovL3d3dy53My5vcmcvMjAwMC9zdmciPjwvc3ZnPg==\" \/><span aria-hidden=\"true\" class=\"wp-block-cover__background has-primary-background-color has-background-dim\"><\/span><div class=\"wp-block-cover__inner-container\"><h3 class=\"wp-block-post-title\">Service de garde<\/h3><\/div><\/div>\n\n\n\n<div class=\"wp-block-group alignfull has-padding-y-large has-secondary-background-color has-background\"><div class=\"yoast-breadcrumbs alignwide \"><span class=\"breadcrumbs\"><a href=\"https:\/\/cssdn.gouv.qc.ca\/belleaugagnon\/\" class=\"breadcrumbs__element\">Accueil<\/a> <span class=\"breadcrumbs__separator\">\n        <svg class=\"icon icon-breadcrumb__separator\"><use xlink:href=\"#icon-breadcrumb__separator\"><\/use><\/svg>\n    <\/span> <span class=\"breadcrumbs__element breadcrumbs__element-current\">Service de garde<\/span><\/span><\/div><\/div>\n\n\n\n<h2 class=\"wp-block-heading\"><a href=\"https:\/\/view.genially.com\/6852f9a2efd4b157d07b84e0\/presentation-presentation-cahier-decole\">Programme d&rsquo;activit\u00e9s de notre service de garde<\/a><\/h2>\n\n\n\n<h5 class=\"wp-block-heading\">Horaire du service de garde<\/h5>\n\n\n\n<h6 class=\"wp-block-heading\">Jours de classe :<\/h6>\n\n\n\n<p class=\"wp-block-paragraph\">7h \u00e0 7h45<\/p>\n\n\n\n<p class=\"wp-block-paragraph\">11h15&nbsp;\u00e0 12h35<\/p>\n\n\n\n<p class=\"wp-block-paragraph\">13h57 \u00e0 17h50 (pour le pr\u00e9scolaire)<\/p>\n\n\n\n<p class=\"wp-block-paragraph\">15h05 \u00e0 17h50 (pour le primaire)<\/p>\n\n\n\n<h6 class=\"wp-block-heading\">Journ\u00e9es p\u00e9dagogiques :<\/h6>\n\n\n\n<p class=\"wp-block-paragraph\">7h \u00e0 17h50<\/p>\n\n\n\n<h5 class=\"wp-block-heading\">R\u00e9gie interne<\/h5>\n\n\n\n<div data-wp-interactive=\"core\/file\" class=\"wp-block-file\"><object data-wp-bind--hidden=\"!state.hasPdfPreview\" hidden class=\"wp-block-file__embed\" data=\"https:\/\/cssdn.gouv.qc.ca\/belleaugagnon\/wp-content\/uploads\/sites\/41\/2025\/09\/Regie-interne-SDG-Belleau-Gagnon-2025-2026-adopte-par-le-CE-23-septembre-2025.pdf\" type=\"application\/pdf\" style=\"width:100%;height:600px\" aria-label=\"Contenu incorpor\u00e9 R\u00e9gie interne-SDG-Belleau-Gagnon 2025-2026 adopt\u00e9 par le C\u00c9 23 septembre 2025.\"><\/object><a id=\"wp-block-file--media-c27a538a-04e1-4255-af51-f057b0dfbe9c\" href=\"https:\/\/cssdn.gouv.qc.ca\/belleaugagnon\/wp-content\/uploads\/sites\/41\/2025\/09\/Regie-interne-SDG-Belleau-Gagnon-2025-2026-adopte-par-le-CE-23-septembre-2025.pdf\">R\u00e9gie interne-SDG-Belleau-Gagnon 2025-2026 adopt\u00e9 par le C\u00c9 23 septembre 2025<\/a><a href=\"https:\/\/cssdn.gouv.qc.ca\/belleaugagnon\/wp-content\/uploads\/sites\/41\/2025\/09\/Regie-interne-SDG-Belleau-Gagnon-2025-2026-adopte-par-le-CE-23-septembre-2025.pdf\" class=\"wp-block-file__button wp-element-button\" download aria-describedby=\"wp-block-file--media-c27a538a-04e1-4255-af51-f057b0dfbe9c\">Download<\/a><\/div>\n\n\n\n<div data-wp-interactive=\"core\/file\" class=\"wp-block-file\"><object data-wp-bind--hidden=\"!state.hasPdfPreview\" hidden class=\"wp-block-file__embed\" data=\"https:\/\/cssdn.gouv.qc.ca\/belleaugagnon\/wp-content\/uploads\/sites\/41\/2024\/10\/Regie-interne_Belleau-Gagnon-2024-2025.pdf\" type=\"application\/pdf\" style=\"width:100%;height:600px\" aria-label=\"Contenu incorpor\u00e9 R\u00e9gie interne-SDG-Belleau-Gagnon 2024-2025.\"><\/object><a id=\"wp-block-file--media-438a02a2-e9cc-4cdc-a2b2-de8ee5687725\" href=\"https:\/\/cssdn.gouv.qc.ca\/belleaugagnon\/wp-content\/uploads\/sites\/41\/2024\/10\/Regie-interne_Belleau-Gagnon-2024-2025.pdf\">R\u00e9gie interne-SDG-Belleau-Gagnon 2024-2025<\/a><a href=\"https:\/\/cssdn.gouv.qc.ca\/belleaugagnon\/wp-content\/uploads\/sites\/41\/2024\/10\/Regie-interne_Belleau-Gagnon-2024-2025.pdf\" class=\"wp-block-file__button wp-element-button\" download aria-describedby=\"wp-block-file--media-438a02a2-e9cc-4cdc-a2b2-de8ee5687725\">T\u00e9l\u00e9charger<\/a><\/div>\n\n\n\n<p class=\"wp-block-paragraph\"><\/p>\n","protected":false},"excerpt":{"rendered":"<p>Programme d&rsquo;activit\u00e9s de notre service de garde Horaire du service de garde Jours de classe : 7h \u00e0 7h45 11h15&nbsp;\u00e0 12h35 13h57 \u00e0 17h50 (pour le pr\u00e9scolaire) 15h05 \u00e0 17h50 (pour le primaire) Journ\u00e9es p\u00e9dagogiques : 7h \u00e0 17h50 R\u00e9gie interne<\/p>\n","protected":false},"author":1,"featured_media":0,"parent":0,"menu_order":40,"comment_status":"closed","ping_status":"closed","template":"","meta":{"_acf_changed":false,"_crdt_document":"","inline_featured_image":false,"footnotes":""},"categories":[],"tags":[],"class_list":["post-16","page","type-page","status-publish","hentry"],"acf":[],"yoast_head":"<!-- This site is optimized with the Yoast SEO plugin v27.3 - https:\/\/yoast.com\/product\/yoast-seo-wordpress\/ -->\n<title>Service de garde - \u00c9cole Belleau, Gagnon<\/title>\n<meta name=\"robots\" content=\"index, follow, max-snippet:-1, max-image-preview:large, max-video-preview:-1\" \/>\n<link rel=\"canonical\" href=\"https:\/\/cssdn.gouv.qc.ca\/belleaugagnon\/service-de-garde\/\" \/>\n<meta property=\"og:locale\" content=\"fr_CA\" \/>\n<meta property=\"og:type\" content=\"article\" \/>\n<meta property=\"og:title\" content=\"Service de garde - \u00c9cole Belleau, Gagnon\" \/>\n<meta property=\"og:description\" content=\"Programme d&rsquo;activit\u00e9s de notre service de garde Horaire du service de garde Jours de classe : 7h \u00e0 7h45 11h15&nbsp;\u00e0 12h35 13h57 \u00e0 17h50 (pour le pr\u00e9scolaire) 15h05 \u00e0 17h50 (pour le primaire) Journ\u00e9es p\u00e9dagogiques : 7h \u00e0 17h50 R\u00e9gie interne\" \/>\n<meta property=\"og:url\" content=\"https:\/\/cssdn.gouv.qc.ca\/belleaugagnon\/service-de-garde\/\" \/>\n<meta property=\"og:site_name\" content=\"\u00c9cole Belleau, Gagnon\" \/>\n<meta property=\"article:publisher\" content=\"https:\/\/www.facebook.com\/profile.php?id=100076456800743\" \/>\n<meta property=\"article:modified_time\" content=\"2025-10-14T18:57:35+00:00\" \/>\n<meta name=\"twitter:card\" content=\"summary_large_image\" \/>\n<meta name=\"twitter:label1\" content=\"Estimation du temps de lecture\" \/>\n\t<meta name=\"twitter:data1\" content=\"1 minute\" \/>\n<script type=\"application\/ld+json\" class=\"yoast-schema-graph\">{\"@context\":\"https:\\\/\\\/schema.org\",\"@graph\":[{\"@type\":\"WebPage\",\"@id\":\"https:\\\/\\\/cssdn.gouv.qc.ca\\\/belleaugagnon\\\/service-de-garde\\\/\",\"url\":\"https:\\\/\\\/cssdn.gouv.qc.ca\\\/belleaugagnon\\\/service-de-garde\\\/\",\"name\":\"Service de garde - \u00c9cole Belleau, Gagnon\",\"isPartOf\":{\"@id\":\"https:\\\/\\\/cssdn.gouv.qc.ca\\\/belleaugagnon\\\/#website\"},\"primaryImageOfPage\":{\"@id\":\"https:\\\/\\\/cssdn.gouv.qc.ca\\\/belleaugagnon\\\/service-de-garde\\\/#primaryimage\"},\"image\":{\"@id\":\"https:\\\/\\\/cssdn.gouv.qc.ca\\\/belleaugagnon\\\/service-de-garde\\\/#primaryimage\"},\"thumbnailUrl\":\"https:\\\/\\\/cssdn.gouv.qc.ca\\\/wp-content\\\/uploads\\\/2022\\\/08\\\/Seawire-Hero-06.jpg\",\"datePublished\":\"2022-11-08T21:07:56+00:00\",\"dateModified\":\"2025-10-14T18:57:35+00:00\",\"breadcrumb\":{\"@id\":\"https:\\\/\\\/cssdn.gouv.qc.ca\\\/belleaugagnon\\\/service-de-garde\\\/#breadcrumb\"},\"inLanguage\":\"fr-CA\",\"potentialAction\":[{\"@type\":\"ReadAction\",\"target\":[\"https:\\\/\\\/cssdn.gouv.qc.ca\\\/belleaugagnon\\\/service-de-garde\\\/\"]}]},{\"@type\":\"ImageObject\",\"inLanguage\":\"fr-CA\",\"@id\":\"https:\\\/\\\/cssdn.gouv.qc.ca\\\/belleaugagnon\\\/service-de-garde\\\/#primaryimage\",\"url\":\"https:\\\/\\\/cssdn.gouv.qc.ca\\\/wp-content\\\/uploads\\\/2022\\\/08\\\/Seawire-Hero-06.jpg\",\"contentUrl\":\"https:\\\/\\\/cssdn.gouv.qc.ca\\\/wp-content\\\/uploads\\\/2022\\\/08\\\/Seawire-Hero-06.jpg\"},{\"@type\":\"BreadcrumbList\",\"@id\":\"https:\\\/\\\/cssdn.gouv.qc.ca\\\/belleaugagnon\\\/service-de-garde\\\/#breadcrumb\",\"itemListElement\":[{\"@type\":\"ListItem\",\"position\":1,\"name\":\"Accueil\",\"item\":\"https:\\\/\\\/cssdn.gouv.qc.ca\\\/belleaugagnon\\\/\"},{\"@type\":\"ListItem\",\"position\":2,\"name\":\"Service de garde\"}]},{\"@type\":\"WebSite\",\"@id\":\"https:\\\/\\\/cssdn.gouv.qc.ca\\\/belleaugagnon\\\/#website\",\"url\":\"https:\\\/\\\/cssdn.gouv.qc.ca\\\/belleaugagnon\\\/\",\"name\":\"\u00c9cole Belleau, Gagnon\",\"description\":\"Un site des centres de services scolaires des Navigateurs\",\"publisher\":{\"@id\":\"https:\\\/\\\/cssdn.gouv.qc.ca\\\/belleaugagnon\\\/#organization\"},\"potentialAction\":[{\"@type\":\"SearchAction\",\"target\":{\"@type\":\"EntryPoint\",\"urlTemplate\":\"https:\\\/\\\/cssdn.gouv.qc.ca\\\/belleaugagnon\\\/?s={search_term_string}\"},\"query-input\":{\"@type\":\"PropertyValueSpecification\",\"valueRequired\":true,\"valueName\":\"search_term_string\"}}],\"inLanguage\":\"fr-CA\"},{\"@type\":\"Organization\",\"@id\":\"https:\\\/\\\/cssdn.gouv.qc.ca\\\/belleaugagnon\\\/#organization\",\"name\":\"\u00c9cole Belleau, Gagnon\",\"url\":\"https:\\\/\\\/cssdn.gouv.qc.ca\\\/belleaugagnon\\\/\",\"logo\":{\"@type\":\"ImageObject\",\"inLanguage\":\"fr-CA\",\"@id\":\"https:\\\/\\\/cssdn.gouv.qc.ca\\\/belleaugagnon\\\/#\\\/schema\\\/logo\\\/image\\\/\",\"url\":\"https:\\\/\\\/cssdn.gouv.qc.ca\\\/belleaugagnon\\\/wp-content\\\/uploads\\\/sites\\\/41\\\/2023\\\/01\\\/logo_quebec.svg\",\"contentUrl\":\"https:\\\/\\\/cssdn.gouv.qc.ca\\\/belleaugagnon\\\/wp-content\\\/uploads\\\/sites\\\/41\\\/2023\\\/01\\\/logo_quebec.svg\",\"width\":188,\"height\":41,\"caption\":\"\u00c9cole Belleau, Gagnon\"},\"image\":{\"@id\":\"https:\\\/\\\/cssdn.gouv.qc.ca\\\/belleaugagnon\\\/#\\\/schema\\\/logo\\\/image\\\/\"},\"sameAs\":[\"https:\\\/\\\/www.facebook.com\\\/profile.php?id=100076456800743\"]}]}<\/script>\n<!-- \/ Yoast SEO plugin. -->","yoast_head_json":{"title":"Service de garde - \u00c9cole Belleau, Gagnon","robots":{"index":"index","follow":"follow","max-snippet":"max-snippet:-1","max-image-preview":"max-image-preview:large","max-video-preview":"max-video-preview:-1"},"canonical":"https:\/\/cssdn.gouv.qc.ca\/belleaugagnon\/service-de-garde\/","og_locale":"fr_CA","og_type":"article","og_title":"Service de garde - \u00c9cole Belleau, Gagnon","og_description":"Programme d&rsquo;activit\u00e9s de notre service de garde Horaire du service de garde Jours de classe : 7h \u00e0 7h45 11h15&nbsp;\u00e0 12h35 13h57 \u00e0 17h50 (pour le pr\u00e9scolaire) 15h05 \u00e0 17h50 (pour le primaire) Journ\u00e9es p\u00e9dagogiques : 7h \u00e0 17h50 R\u00e9gie interne","og_url":"https:\/\/cssdn.gouv.qc.ca\/belleaugagnon\/service-de-garde\/","og_site_name":"\u00c9cole Belleau, Gagnon","article_publisher":"https:\/\/www.facebook.com\/profile.php?id=100076456800743","article_modified_time":"2025-10-14T18:57:35+00:00","twitter_card":"summary_large_image","twitter_misc":{"Estimation du temps de lecture":"1 minute"},"schema":{"@context":"https:\/\/schema.org","@graph":[{"@type":"WebPage","@id":"https:\/\/cssdn.gouv.qc.ca\/belleaugagnon\/service-de-garde\/","url":"https:\/\/cssdn.gouv.qc.ca\/belleaugagnon\/service-de-garde\/","name":"Service de garde - \u00c9cole Belleau, Gagnon","isPartOf":{"@id":"https:\/\/cssdn.gouv.qc.ca\/belleaugagnon\/#website"},"primaryImageOfPage":{"@id":"https:\/\/cssdn.gouv.qc.ca\/belleaugagnon\/service-de-garde\/#primaryimage"},"image":{"@id":"https:\/\/cssdn.gouv.qc.ca\/belleaugagnon\/service-de-garde\/#primaryimage"},"thumbnailUrl":"https:\/\/cssdn.gouv.qc.ca\/wp-content\/uploads\/2022\/08\/Seawire-Hero-06.jpg","datePublished":"2022-11-08T21:07:56+00:00","dateModified":"2025-10-14T18:57:35+00:00","breadcrumb":{"@id":"https:\/\/cssdn.gouv.qc.ca\/belleaugagnon\/service-de-garde\/#breadcrumb"},"inLanguage":"fr-CA","potentialAction":[{"@type":"ReadAction","target":["https:\/\/cssdn.gouv.qc.ca\/belleaugagnon\/service-de-garde\/"]}]},{"@type":"ImageObject","inLanguage":"fr-CA","@id":"https:\/\/cssdn.gouv.qc.ca\/belleaugagnon\/service-de-garde\/#primaryimage","url":"https:\/\/cssdn.gouv.qc.ca\/wp-content\/uploads\/2022\/08\/Seawire-Hero-06.jpg","contentUrl":"https:\/\/cssdn.gouv.qc.ca\/wp-content\/uploads\/2022\/08\/Seawire-Hero-06.jpg"},{"@type":"BreadcrumbList","@id":"https:\/\/cssdn.gouv.qc.ca\/belleaugagnon\/service-de-garde\/#breadcrumb","itemListElement":[{"@type":"ListItem","position":1,"name":"Accueil","item":"https:\/\/cssdn.gouv.qc.ca\/belleaugagnon\/"},{"@type":"ListItem","position":2,"name":"Service de garde"}]},{"@type":"WebSite","@id":"https:\/\/cssdn.gouv.qc.ca\/belleaugagnon\/#website","url":"https:\/\/cssdn.gouv.qc.ca\/belleaugagnon\/","name":"\u00c9cole Belleau, Gagnon","description":"Un site des centres de services scolaires des Navigateurs","publisher":{"@id":"https:\/\/cssdn.gouv.qc.ca\/belleaugagnon\/#organization"},"potentialAction":[{"@type":"SearchAction","target":{"@type":"EntryPoint","urlTemplate":"https:\/\/cssdn.gouv.qc.ca\/belleaugagnon\/?s={search_term_string}"},"query-input":{"@type":"PropertyValueSpecification","valueRequired":true,"valueName":"search_term_string"}}],"inLanguage":"fr-CA"},{"@type":"Organization","@id":"https:\/\/cssdn.gouv.qc.ca\/belleaugagnon\/#organization","name":"\u00c9cole Belleau, Gagnon","url":"https:\/\/cssdn.gouv.qc.ca\/belleaugagnon\/","logo":{"@type":"ImageObject","inLanguage":"fr-CA","@id":"https:\/\/cssdn.gouv.qc.ca\/belleaugagnon\/#\/schema\/logo\/image\/","url":"https:\/\/cssdn.gouv.qc.ca\/belleaugagnon\/wp-content\/uploads\/sites\/41\/2023\/01\/logo_quebec.svg","contentUrl":"https:\/\/cssdn.gouv.qc.ca\/belleaugagnon\/wp-content\/uploads\/sites\/41\/2023\/01\/logo_quebec.svg","width":188,"height":41,"caption":"\u00c9cole Belleau, Gagnon"},"image":{"@id":"https:\/\/cssdn.gouv.qc.ca\/belleaugagnon\/#\/schema\/logo\/image\/"},"sameAs":["https:\/\/www.facebook.com\/profile.php?id=100076456800743"]}]}},"publishpress_future_action":{"enabled":false,"date":"2026-04-22 04:04:40","action":"change-status","newStatus":"draft","terms":[],"taxonomy":"category","extraData":[]},"publishpress_future_workflow_manual_trigger":{"enabledWorkflows":[]},"_links":{"self":[{"href":"https:\/\/cssdn.gouv.qc.ca\/belleaugagnon\/wp-json\/wp\/v2\/pages\/16","targetHints":{"allow":["GET"]}}],"collection":[{"href":"https:\/\/cssdn.gouv.qc.ca\/belleaugagnon\/wp-json\/wp\/v2\/pages"}],"about":[{"href":"https:\/\/cssdn.gouv.qc.ca\/belleaugagnon\/wp-json\/wp\/v2\/types\/page"}],"author":[{"embeddable":true,"href":"https:\/\/cssdn.gouv.qc.ca\/belleaugagnon\/wp-json\/wp\/v2\/users\/1"}],"replies":[{"embeddable":true,"href":"https:\/\/cssdn.gouv.qc.ca\/belleaugagnon\/wp-json\/wp\/v2\/comments?post=16"}],"version-history":[{"count":0,"href":"https:\/\/cssdn.gouv.qc.ca\/belleaugagnon\/wp-json\/wp\/v2\/pages\/16\/revisions"}],"wp:attachment":[{"href":"https:\/\/cssdn.gouv.qc.ca\/belleaugagnon\/wp-json\/wp\/v2\/media?parent=16"}],"wp:term":[{"taxonomy":"category","embeddable":true,"href":"https:\/\/cssdn.gouv.qc.ca\/belleaugagnon\/wp-json\/wp\/v2\/categories?post=16"},{"taxonomy":"post_tag","embeddable":true,"href":"https:\/\/cssdn.gouv.qc.ca\/belleaugagnon\/wp-json\/wp\/v2\/tags?post=16"}],"curies":[{"name":"wp","href":"https:\/\/api.w.org\/{rel}","templated":true}]}}