
{"id":18,"date":"2022-11-08T16:07:56","date_gmt":"2022-11-08T21:07:56","guid":{"rendered":"https:\/\/cssdn.gouv.qc.ca\/belleaugagnon\/nous-joindre\/"},"modified":"2025-08-19T10:04:02","modified_gmt":"2025-08-19T14:04:02","slug":"nous-joindre","status":"publish","type":"page","link":"https:\/\/cssdn.gouv.qc.ca\/belleaugagnon\/nous-joindre\/","title":{"rendered":"Nous joindre"},"content":{"rendered":"\n<div class=\"wp-block-cover alignfull is-light is-style-title-banner\"><img decoding=\"async\" class=\"wp-block-cover__image-background wp-image-111 lazyload\" alt=\"\" data-src=\"https:\/\/cssdn.gouv.qc.ca\/wp-content\/uploads\/2022\/08\/Seawire-Hero-06.jpg\" data-object-fit=\"cover\" src=\"data:image\/svg+xml;base64,PHN2ZyB3aWR0aD0iMSIgaGVpZ2h0PSIxIiB4bWxucz0iaHR0cDovL3d3dy53My5vcmcvMjAwMC9zdmciPjwvc3ZnPg==\" \/><span aria-hidden=\"true\" class=\"wp-block-cover__background has-primary-background-color has-background-dim\"><\/span><div class=\"wp-block-cover__inner-container\"><h3 class=\"wp-block-post-title\">Nous joindre<\/h3><\/div><\/div>\n\n\n\n<div class=\"wp-block-group alignfull has-padding-y-large has-secondary-background-color has-background\"><div class=\"yoast-breadcrumbs alignwide \"><span class=\"breadcrumbs\"><a href=\"https:\/\/cssdn.gouv.qc.ca\/belleaugagnon\/\" class=\"breadcrumbs__element\">Accueil<\/a> <span class=\"breadcrumbs__separator\">\n        <svg class=\"icon icon-breadcrumb__separator\"><use xlink:href=\"#icon-breadcrumb__separator\"><\/use><\/svg>\n    <\/span> <span class=\"breadcrumbs__element breadcrumbs__element-current\">Nous joindre<\/span><\/span><\/div><\/div>\n\n\n\n<p class=\"wp-block-paragraph\"><strong>\u00c9cole Belleau<\/strong><br>418 834-2465, poste 63100<br>T\u00e9l\u00e9c. : 418 882-0231<\/p>\n\n\n\n<p class=\"wp-block-paragraph\"><br>121, rue Belleau<br>Saint-Henri (Qu\u00e9bec) G0R 3E0<br>belleau@cssdn.gouv.qc.ca<\/p>\n\n\n\n<p class=\"wp-block-paragraph\"><br>Primaire \u2013 2<sup>e<\/sup> \u00e0 6<sup>e<\/sup> ann\u00e9e :<br><br>7 h 50 &#8211; 11 h 15<br>et 12 h 40 &#8211; 15 h 05<\/p>\n\n\n\n<p class=\"wp-block-paragraph\"><strong>\u00c9cole Gagnon<\/strong><br>418 834-2468, poste 63200<br>T\u00e9l\u00e9c. : 418 882-6062<\/p>\n\n\n\n<p class=\"wp-block-paragraph\"><br>117, rue Belleau<br>Saint-Henri (Qu\u00e9bec) G0R 3E0<br>gagnon@cssdn.gouv.qc.ca<br><\/p>\n\n\n\n<p class=\"wp-block-paragraph\">Pr\u00e9scolaire :<br>7 h 50 &#8211; 11 h 15<br>12 h 40 &#8211; 13 h 57<\/p>\n\n\n\n<p class=\"wp-block-paragraph\"><br>Primaire \u2013 1<sup>re<\/sup> et 2<sup>e<\/sup> :<br><br>7 h 50 &#8211; 11 h 15<br>12 h 40 &#8211; 15 h 05<\/p>\n\n\n\n<p class=\"wp-block-paragraph\"><\/p>\n","protected":false},"excerpt":{"rendered":"<p>\u00c9cole Belleau418 834-2465, poste 63100T\u00e9l\u00e9c. : 418 882-0231 121, rue BelleauSaint-Henri (Qu\u00e9bec) G0R 3E0belleau@cssdn.gouv.qc.ca Primaire \u2013 2e \u00e0 6e ann\u00e9e : 7 h 50 &#8211; 11 h 15et 12 h 40 &#8211; 15 h 05 \u00c9cole Gagnon418 834-2468, poste 63200T\u00e9l\u00e9c. : 418 882-6062 117, rue BelleauSaint-Henri (Qu\u00e9bec) G0R 3E0gagnon@cssdn.gouv.qc.ca Pr\u00e9scolaire :7 h 50 &#8211; 11 [&hellip;]<\/p>\n","protected":false},"author":1,"featured_media":0,"parent":0,"menu_order":60,"comment_status":"closed","ping_status":"closed","template":"","meta":{"_acf_changed":false,"_crdt_document":"","inline_featured_image":false,"footnotes":""},"categories":[],"tags":[],"class_list":["post-18","page","type-page","status-publish","hentry"],"acf":[],"yoast_head":"<!-- This site is optimized with the Yoast SEO plugin v27.4 - https:\/\/yoast.com\/product\/yoast-seo-wordpress\/ -->\n<title>Nous joindre - \u00c9cole Belleau, Gagnon<\/title>\n<meta name=\"robots\" content=\"index, follow, max-snippet:-1, max-image-preview:large, max-video-preview:-1\" \/>\n<link rel=\"canonical\" href=\"https:\/\/cssdn.gouv.qc.ca\/belleaugagnon\/nous-joindre\/\" \/>\n<meta property=\"og:locale\" content=\"fr_CA\" \/>\n<meta property=\"og:type\" content=\"article\" \/>\n<meta property=\"og:title\" content=\"Nous joindre - \u00c9cole Belleau, Gagnon\" \/>\n<meta property=\"og:description\" content=\"\u00c9cole Belleau418 834-2465, poste 63100T\u00e9l\u00e9c. : 418 882-0231 121, rue BelleauSaint-Henri (Qu\u00e9bec) G0R 3E0belleau@cssdn.gouv.qc.ca Primaire \u2013 2e \u00e0 6e ann\u00e9e : 7 h 50 &#8211; 11 h 15et 12 h 40 &#8211; 15 h 05 \u00c9cole Gagnon418 834-2468, poste 63200T\u00e9l\u00e9c. : 418 882-6062 117, rue BelleauSaint-Henri (Qu\u00e9bec) G0R 3E0gagnon@cssdn.gouv.qc.ca Pr\u00e9scolaire :7 h 50 &#8211; 11 [&hellip;]\" \/>\n<meta property=\"og:url\" content=\"https:\/\/cssdn.gouv.qc.ca\/belleaugagnon\/nous-joindre\/\" \/>\n<meta property=\"og:site_name\" content=\"\u00c9cole Belleau, Gagnon\" \/>\n<meta property=\"article:publisher\" content=\"https:\/\/www.facebook.com\/profile.php?id=100076456800743\" \/>\n<meta property=\"article:modified_time\" content=\"2025-08-19T14:04:02+00:00\" \/>\n<meta name=\"twitter:card\" content=\"summary_large_image\" \/>\n<meta name=\"twitter:label1\" content=\"Estimation du temps de lecture\" \/>\n\t<meta name=\"twitter:data1\" content=\"1 minute\" \/>\n<script type=\"application\/ld+json\" class=\"yoast-schema-graph\">{\"@context\":\"https:\\\/\\\/schema.org\",\"@graph\":[{\"@type\":\"WebPage\",\"@id\":\"https:\\\/\\\/cssdn.gouv.qc.ca\\\/belleaugagnon\\\/nous-joindre\\\/\",\"url\":\"https:\\\/\\\/cssdn.gouv.qc.ca\\\/belleaugagnon\\\/nous-joindre\\\/\",\"name\":\"Nous joindre - \u00c9cole Belleau, Gagnon\",\"isPartOf\":{\"@id\":\"https:\\\/\\\/cssdn.gouv.qc.ca\\\/belleaugagnon\\\/#website\"},\"primaryImageOfPage\":{\"@id\":\"https:\\\/\\\/cssdn.gouv.qc.ca\\\/belleaugagnon\\\/nous-joindre\\\/#primaryimage\"},\"image\":{\"@id\":\"https:\\\/\\\/cssdn.gouv.qc.ca\\\/belleaugagnon\\\/nous-joindre\\\/#primaryimage\"},\"thumbnailUrl\":\"https:\\\/\\\/cssdn.gouv.qc.ca\\\/wp-content\\\/uploads\\\/2022\\\/08\\\/Seawire-Hero-06.jpg\",\"datePublished\":\"2022-11-08T21:07:56+00:00\",\"dateModified\":\"2025-08-19T14:04:02+00:00\",\"breadcrumb\":{\"@id\":\"https:\\\/\\\/cssdn.gouv.qc.ca\\\/belleaugagnon\\\/nous-joindre\\\/#breadcrumb\"},\"inLanguage\":\"fr-CA\",\"potentialAction\":[{\"@type\":\"ReadAction\",\"target\":[\"https:\\\/\\\/cssdn.gouv.qc.ca\\\/belleaugagnon\\\/nous-joindre\\\/\"]}]},{\"@type\":\"ImageObject\",\"inLanguage\":\"fr-CA\",\"@id\":\"https:\\\/\\\/cssdn.gouv.qc.ca\\\/belleaugagnon\\\/nous-joindre\\\/#primaryimage\",\"url\":\"https:\\\/\\\/cssdn.gouv.qc.ca\\\/wp-content\\\/uploads\\\/2022\\\/08\\\/Seawire-Hero-06.jpg\",\"contentUrl\":\"https:\\\/\\\/cssdn.gouv.qc.ca\\\/wp-content\\\/uploads\\\/2022\\\/08\\\/Seawire-Hero-06.jpg\"},{\"@type\":\"BreadcrumbList\",\"@id\":\"https:\\\/\\\/cssdn.gouv.qc.ca\\\/belleaugagnon\\\/nous-joindre\\\/#breadcrumb\",\"itemListElement\":[{\"@type\":\"ListItem\",\"position\":1,\"name\":\"Accueil\",\"item\":\"https:\\\/\\\/cssdn.gouv.qc.ca\\\/belleaugagnon\\\/\"},{\"@type\":\"ListItem\",\"position\":2,\"name\":\"Nous joindre\"}]},{\"@type\":\"WebSite\",\"@id\":\"https:\\\/\\\/cssdn.gouv.qc.ca\\\/belleaugagnon\\\/#website\",\"url\":\"https:\\\/\\\/cssdn.gouv.qc.ca\\\/belleaugagnon\\\/\",\"name\":\"\u00c9cole Belleau, Gagnon\",\"description\":\"Un site des centres de services scolaires des Navigateurs\",\"publisher\":{\"@id\":\"https:\\\/\\\/cssdn.gouv.qc.ca\\\/belleaugagnon\\\/#organization\"},\"potentialAction\":[{\"@type\":\"SearchAction\",\"target\":{\"@type\":\"EntryPoint\",\"urlTemplate\":\"https:\\\/\\\/cssdn.gouv.qc.ca\\\/belleaugagnon\\\/?s={search_term_string}\"},\"query-input\":{\"@type\":\"PropertyValueSpecification\",\"valueRequired\":true,\"valueName\":\"search_term_string\"}}],\"inLanguage\":\"fr-CA\"},{\"@type\":\"Organization\",\"@id\":\"https:\\\/\\\/cssdn.gouv.qc.ca\\\/belleaugagnon\\\/#organization\",\"name\":\"\u00c9cole Belleau, Gagnon\",\"url\":\"https:\\\/\\\/cssdn.gouv.qc.ca\\\/belleaugagnon\\\/\",\"logo\":{\"@type\":\"ImageObject\",\"inLanguage\":\"fr-CA\",\"@id\":\"https:\\\/\\\/cssdn.gouv.qc.ca\\\/belleaugagnon\\\/#\\\/schema\\\/logo\\\/image\\\/\",\"url\":\"https:\\\/\\\/cssdn.gouv.qc.ca\\\/belleaugagnon\\\/wp-content\\\/uploads\\\/sites\\\/41\\\/2023\\\/01\\\/logo_quebec.svg\",\"contentUrl\":\"https:\\\/\\\/cssdn.gouv.qc.ca\\\/belleaugagnon\\\/wp-content\\\/uploads\\\/sites\\\/41\\\/2023\\\/01\\\/logo_quebec.svg\",\"width\":188,\"height\":41,\"caption\":\"\u00c9cole Belleau, Gagnon\"},\"image\":{\"@id\":\"https:\\\/\\\/cssdn.gouv.qc.ca\\\/belleaugagnon\\\/#\\\/schema\\\/logo\\\/image\\\/\"},\"sameAs\":[\"https:\\\/\\\/www.facebook.com\\\/profile.php?id=100076456800743\"]}]}<\/script>\n<!-- \/ Yoast SEO plugin. -->","yoast_head_json":{"title":"Nous joindre - \u00c9cole Belleau, Gagnon","robots":{"index":"index","follow":"follow","max-snippet":"max-snippet:-1","max-image-preview":"max-image-preview:large","max-video-preview":"max-video-preview:-1"},"canonical":"https:\/\/cssdn.gouv.qc.ca\/belleaugagnon\/nous-joindre\/","og_locale":"fr_CA","og_type":"article","og_title":"Nous joindre - \u00c9cole Belleau, Gagnon","og_description":"\u00c9cole Belleau418 834-2465, poste 63100T\u00e9l\u00e9c. : 418 882-0231 121, rue BelleauSaint-Henri (Qu\u00e9bec) G0R 3E0belleau@cssdn.gouv.qc.ca Primaire \u2013 2e \u00e0 6e ann\u00e9e : 7 h 50 &#8211; 11 h 15et 12 h 40 &#8211; 15 h 05 \u00c9cole Gagnon418 834-2468, poste 63200T\u00e9l\u00e9c. : 418 882-6062 117, rue BelleauSaint-Henri (Qu\u00e9bec) G0R 3E0gagnon@cssdn.gouv.qc.ca Pr\u00e9scolaire :7 h 50 &#8211; 11 [&hellip;]","og_url":"https:\/\/cssdn.gouv.qc.ca\/belleaugagnon\/nous-joindre\/","og_site_name":"\u00c9cole Belleau, Gagnon","article_publisher":"https:\/\/www.facebook.com\/profile.php?id=100076456800743","article_modified_time":"2025-08-19T14:04:02+00:00","twitter_card":"summary_large_image","twitter_misc":{"Estimation du temps de lecture":"1 minute"},"schema":{"@context":"https:\/\/schema.org","@graph":[{"@type":"WebPage","@id":"https:\/\/cssdn.gouv.qc.ca\/belleaugagnon\/nous-joindre\/","url":"https:\/\/cssdn.gouv.qc.ca\/belleaugagnon\/nous-joindre\/","name":"Nous joindre - \u00c9cole Belleau, Gagnon","isPartOf":{"@id":"https:\/\/cssdn.gouv.qc.ca\/belleaugagnon\/#website"},"primaryImageOfPage":{"@id":"https:\/\/cssdn.gouv.qc.ca\/belleaugagnon\/nous-joindre\/#primaryimage"},"image":{"@id":"https:\/\/cssdn.gouv.qc.ca\/belleaugagnon\/nous-joindre\/#primaryimage"},"thumbnailUrl":"https:\/\/cssdn.gouv.qc.ca\/wp-content\/uploads\/2022\/08\/Seawire-Hero-06.jpg","datePublished":"2022-11-08T21:07:56+00:00","dateModified":"2025-08-19T14:04:02+00:00","breadcrumb":{"@id":"https:\/\/cssdn.gouv.qc.ca\/belleaugagnon\/nous-joindre\/#breadcrumb"},"inLanguage":"fr-CA","potentialAction":[{"@type":"ReadAction","target":["https:\/\/cssdn.gouv.qc.ca\/belleaugagnon\/nous-joindre\/"]}]},{"@type":"ImageObject","inLanguage":"fr-CA","@id":"https:\/\/cssdn.gouv.qc.ca\/belleaugagnon\/nous-joindre\/#primaryimage","url":"https:\/\/cssdn.gouv.qc.ca\/wp-content\/uploads\/2022\/08\/Seawire-Hero-06.jpg","contentUrl":"https:\/\/cssdn.gouv.qc.ca\/wp-content\/uploads\/2022\/08\/Seawire-Hero-06.jpg"},{"@type":"BreadcrumbList","@id":"https:\/\/cssdn.gouv.qc.ca\/belleaugagnon\/nous-joindre\/#breadcrumb","itemListElement":[{"@type":"ListItem","position":1,"name":"Accueil","item":"https:\/\/cssdn.gouv.qc.ca\/belleaugagnon\/"},{"@type":"ListItem","position":2,"name":"Nous joindre"}]},{"@type":"WebSite","@id":"https:\/\/cssdn.gouv.qc.ca\/belleaugagnon\/#website","url":"https:\/\/cssdn.gouv.qc.ca\/belleaugagnon\/","name":"\u00c9cole Belleau, Gagnon","description":"Un site des centres de services scolaires des Navigateurs","publisher":{"@id":"https:\/\/cssdn.gouv.qc.ca\/belleaugagnon\/#organization"},"potentialAction":[{"@type":"SearchAction","target":{"@type":"EntryPoint","urlTemplate":"https:\/\/cssdn.gouv.qc.ca\/belleaugagnon\/?s={search_term_string}"},"query-input":{"@type":"PropertyValueSpecification","valueRequired":true,"valueName":"search_term_string"}}],"inLanguage":"fr-CA"},{"@type":"Organization","@id":"https:\/\/cssdn.gouv.qc.ca\/belleaugagnon\/#organization","name":"\u00c9cole Belleau, Gagnon","url":"https:\/\/cssdn.gouv.qc.ca\/belleaugagnon\/","logo":{"@type":"ImageObject","inLanguage":"fr-CA","@id":"https:\/\/cssdn.gouv.qc.ca\/belleaugagnon\/#\/schema\/logo\/image\/","url":"https:\/\/cssdn.gouv.qc.ca\/belleaugagnon\/wp-content\/uploads\/sites\/41\/2023\/01\/logo_quebec.svg","contentUrl":"https:\/\/cssdn.gouv.qc.ca\/belleaugagnon\/wp-content\/uploads\/sites\/41\/2023\/01\/logo_quebec.svg","width":188,"height":41,"caption":"\u00c9cole Belleau, Gagnon"},"image":{"@id":"https:\/\/cssdn.gouv.qc.ca\/belleaugagnon\/#\/schema\/logo\/image\/"},"sameAs":["https:\/\/www.facebook.com\/profile.php?id=100076456800743"]}]}},"publishpress_future_action":{"enabled":false,"date":"2026-04-25 15:20:18","action":"change-status","newStatus":"draft","terms":[],"taxonomy":"category","extraData":[]},"publishpress_future_workflow_manual_trigger":{"enabledWorkflows":[]},"_links":{"self":[{"href":"https:\/\/cssdn.gouv.qc.ca\/belleaugagnon\/wp-json\/wp\/v2\/pages\/18","targetHints":{"allow":["GET"]}}],"collection":[{"href":"https:\/\/cssdn.gouv.qc.ca\/belleaugagnon\/wp-json\/wp\/v2\/pages"}],"about":[{"href":"https:\/\/cssdn.gouv.qc.ca\/belleaugagnon\/wp-json\/wp\/v2\/types\/page"}],"author":[{"embeddable":true,"href":"https:\/\/cssdn.gouv.qc.ca\/belleaugagnon\/wp-json\/wp\/v2\/users\/1"}],"replies":[{"embeddable":true,"href":"https:\/\/cssdn.gouv.qc.ca\/belleaugagnon\/wp-json\/wp\/v2\/comments?post=18"}],"version-history":[{"count":0,"href":"https:\/\/cssdn.gouv.qc.ca\/belleaugagnon\/wp-json\/wp\/v2\/pages\/18\/revisions"}],"wp:attachment":[{"href":"https:\/\/cssdn.gouv.qc.ca\/belleaugagnon\/wp-json\/wp\/v2\/media?parent=18"}],"wp:term":[{"taxonomy":"category","embeddable":true,"href":"https:\/\/cssdn.gouv.qc.ca\/belleaugagnon\/wp-json\/wp\/v2\/categories?post=18"},{"taxonomy":"post_tag","embeddable":true,"href":"https:\/\/cssdn.gouv.qc.ca\/belleaugagnon\/wp-json\/wp\/v2\/tags?post=18"}],"curies":[{"name":"wp","href":"https:\/\/api.w.org\/{rel}","templated":true}]}}