
{"id":9,"date":"2022-11-08T16:07:54","date_gmt":"2022-11-08T21:07:54","guid":{"rendered":"https:\/\/cssdn.gouv.qc.ca\/belleaugagnon\/a-propos\/notre-equipe\/"},"modified":"2026-01-26T13:45:28","modified_gmt":"2026-01-26T18:45:28","slug":"notre-equipe","status":"publish","type":"page","link":"https:\/\/cssdn.gouv.qc.ca\/belleaugagnon\/a-propos\/notre-equipe\/","title":{"rendered":"Notre \u00e9quipe"},"content":{"rendered":"\n<div class=\"wp-block-cover alignfull is-light is-style-title-banner\"><img decoding=\"async\" class=\"wp-block-cover__image-background wp-image-111 lazyload\" alt=\"\" data-src=\"https:\/\/cssdn.gouv.qc.ca\/wp-content\/uploads\/2022\/08\/Seawire-Hero-06.jpg\" data-object-fit=\"cover\" src=\"data:image\/svg+xml;base64,PHN2ZyB3aWR0aD0iMSIgaGVpZ2h0PSIxIiB4bWxucz0iaHR0cDovL3d3dy53My5vcmcvMjAwMC9zdmciPjwvc3ZnPg==\" \/><span aria-hidden=\"true\" class=\"wp-block-cover__background has-primary-background-color has-background-dim\"><\/span><div class=\"wp-block-cover__inner-container\"><h3 class=\"wp-block-post-title\">Notre \u00e9quipe<\/h3><\/div><\/div>\n\n\n\n<div class=\"wp-block-group alignfull has-padding-y-large has-secondary-background-color has-background\"><div class=\"yoast-breadcrumbs alignwide \"><span class=\"breadcrumbs\"><a href=\"https:\/\/cssdn.gouv.qc.ca\/belleaugagnon\/\" class=\"breadcrumbs__element\">Accueil<\/a> <span class=\"breadcrumbs__separator\">\n        <svg class=\"icon icon-breadcrumb__separator\"><use xlink:href=\"#icon-breadcrumb__separator\"><\/use><\/svg>\n    <\/span> <a href=\"https:\/\/cssdn.gouv.qc.ca\/belleaugagnon\/a-propos\/\" class=\"breadcrumbs__element\">\u00c0 propos<\/a> <span class=\"breadcrumbs__separator\">\n        <svg class=\"icon icon-breadcrumb__separator\"><use xlink:href=\"#icon-breadcrumb__separator\"><\/use><\/svg>\n    <\/span> <span class=\"breadcrumbs__element breadcrumbs__element-current\">Notre \u00e9quipe<\/span><\/span><\/div><\/div>\n\n\n\n<h3 class=\"wp-block-heading\">Notre personnel pour l&rsquo;ann\u00e9e 2025-2026<\/h3>\n\n\n\n<h5 class=\"wp-block-heading\">Le personnel administratif :<\/h5>\n\n\n\n<p class=\"wp-block-paragraph\"><em>Direction<\/em>&nbsp;:<\/p>\n\n\n\n<ul class=\"wp-block-list\">\n<li>Madame Isabelle C\u00f4t\u00e9, directrice<\/li>\n\n\n\n<li>Monsieur Djika Mondonga, directeur adjoint<\/li>\n<\/ul>\n\n\n\n<p class=\"wp-block-paragraph\"><em>Secr\u00e9tariat<\/em>&nbsp;:<\/p>\n\n\n\n<ul class=\"wp-block-list\">\n<li>Madame Val\u00e9rie Bolduc, secr\u00e9taire pavillon Belleau<\/li>\n\n\n\n<li>Madame Karine Lalibert\u00e9, secr\u00e9taire pavillon Gagnon<\/li>\n<\/ul>\n\n\n\n<h5 class=\"wp-block-heading\">Le personnel enseignant :<\/h5>\n\n\n\n<p class=\"wp-block-paragraph\"><em>Pr\u00e9scolaire<\/em>&nbsp;(5 ans) :<\/p>\n\n\n\n<ul class=\"wp-block-list\">\n<li>Madame Claudie Brown<\/li>\n\n\n\n<li>Madame Nancy Lescarbeau<\/li>\n\n\n\n<li>Madame Chantal Bouffard<\/li>\n\n\n\n<li>Madame Anne-Marie Ouellet<\/li>\n\n\n\n<li>Madame Marie-\u00c8ve Lessard<\/li>\n<\/ul>\n\n\n\n<p class=\"wp-block-paragraph\"><em>1re ann\u00e9e<\/em>&nbsp;:<\/p>\n\n\n\n<ul class=\"wp-block-list\">\n<li>Madame Rapha\u00eblle Audet<\/li>\n\n\n\n<li>Madame Myriann Moore<\/li>\n\n\n\n<li>Madame Catherine Lafrance<\/li>\n\n\n\n<li>Madame Caroline L\u00e9ger<\/li>\n<\/ul>\n\n\n\n<p class=\"wp-block-paragraph\"><em>2e ann\u00e9e<\/em>&nbsp;:<\/p>\n\n\n\n<ul class=\"wp-block-list\">\n<li>Madame Nancy Nadeau&nbsp; <\/li>\n\n\n\n<li>Madame Justine Baillargeon<\/li>\n\n\n\n<li>Madame Joanie Bussi\u00e8res&nbsp;<\/li>\n\n\n\n<li>Madame Genevi\u00e8ve Couture <\/li>\n<\/ul>\n\n\n\n<p class=\"wp-block-paragraph\"><em>3e ann\u00e9e&nbsp;<\/em>:<\/p>\n\n\n\n<ul class=\"wp-block-list\">\n<li>Monsieur Sylvain Coulombe<\/li>\n\n\n\n<li>Madame Sylvie Guillemette&nbsp;<\/li>\n\n\n\n<li>Madame Chantal Dutil<\/li>\n\n\n\n<li>Madame Nancy Grenier<\/li>\n<\/ul>\n\n\n\n<p class=\"wp-block-paragraph\"><em>4e ann\u00e9e<\/em>&nbsp;:<\/p>\n\n\n\n<ul class=\"wp-block-list\">\n<li>Madame Suzanne Rioux<\/li>\n\n\n\n<li>Madame V\u00e9ronique Dub\u00e9<\/li>\n\n\n\n<li>Madame Jessyka Lord<\/li>\n\n\n\n<li>Madame Vicky Marcoux\/Madame \u00c8ve-Marie Pelletier<\/li>\n<\/ul>\n\n\n\n<p class=\"wp-block-paragraph\"><em>5e ann\u00e9e<\/em>&nbsp;:<\/p>\n\n\n\n<ul class=\"wp-block-list\">\n<li>Madame Lee Ann Plourde<\/li>\n\n\n\n<li>Guylaine Desmeules<\/li>\n\n\n\n<li>Camille Courty<\/li>\n<\/ul>\n\n\n\n<p class=\"wp-block-paragraph\"><em>6e ann\u00e9e<\/em> (anglais enrichi) :<\/p>\n\n\n\n<ul class=\"wp-block-list\">\n<li>Madame Isabelle Rousseau (classe multi 5e et 6e)<\/li>\n\n\n\n<li>Madame Cindy Fontaine<\/li>\n\n\n\n<li>Madame Rachel Gagnon (anglais)<\/li>\n<\/ul>\n\n\n\n<p class=\"wp-block-paragraph\">6e ann\u00e9e&nbsp;(anglais intensif) :<\/p>\n\n\n\n<ul class=\"wp-block-list\">\n<li>Monsieur Alain Gagn\u00e9&nbsp;(fran\u00e7ais\/maths)&nbsp;<\/li>\n\n\n\n<li>Monsieur Patrick Cloutier (anglais)<\/li>\n<\/ul>\n\n\n\n<p class=\"wp-block-paragraph\"><em>Enseignants en compl\u00e9ment de t\u00e2ches :<\/em><\/p>\n\n\n\n<ul class=\"wp-block-list\">\n<li>Madame Anne Lincourt<\/li>\n\n\n\n<li>Madame Johannie Ouellet<\/li>\n<\/ul>\n\n\n\n<p class=\"wp-block-paragraph\"><em>Anglais<\/em>&nbsp;:<\/p>\n\n\n\n<ul class=\"wp-block-list\">\n<li>Madame Rachel Gagnon<\/li>\n\n\n\n<li>Madame Justine Bouchard<\/li>\n<\/ul>\n\n\n\n<p class=\"wp-block-paragraph\"><em>Musique<\/em>&nbsp;:<\/p>\n\n\n\n<ul class=\"wp-block-list\">\n<li>Madame Caroline Simpson&nbsp;&nbsp;<strong>&nbsp;<a href=\"http:\/\/carolinesimpson446.wix.com\/musique\">http:\/\/carolinesimpson446.wix.com\/musique<\/a><\/strong><\/li>\n\n\n\n<li>Julie Gosselin<\/li>\n<\/ul>\n\n\n\n<p class=\"wp-block-paragraph\"><em>\u00c9ducation physique<\/em>&nbsp;:<\/p>\n\n\n\n<ul class=\"wp-block-list\">\n<li>Madame Anne-Marie Filteau (Pavillon Belleau)<\/li>\n\n\n\n<li>Monsieur Marc-Andr\u00e9 Dugas (Pavillon Belleau)<\/li>\n\n\n\n<li>Madame Maude Brochu (Pavillon Gagnon)<\/li>\n<\/ul>\n\n\n\n<h5 class=\"wp-block-heading\">Le personnel&nbsp;professionnel :<\/h5>\n\n\n\n<p class=\"wp-block-paragraph\"><em>Orthop\u00e9dagogie<\/em>&nbsp;:<\/p>\n\n\n\n<ul class=\"wp-block-list\">\n<li>Madame Jessy L\u00e9vesque, orthop\u00e9dagogue<\/li>\n\n\n\n<li>Madame Marie-Philippe Sudrau, orthop\u00e9dagogue<\/li>\n\n\n\n<li>Madame Mireille Bernier, ortho-enseignante<\/li>\n<\/ul>\n\n\n\n<p class=\"wp-block-paragraph\"><em>Psycho\u00e9ducation<\/em>&nbsp;:<\/p>\n\n\n\n<ul class=\"wp-block-list\">\n<li>Madame Laurie Leclerc<\/li>\n<\/ul>\n\n\n\n<p class=\"wp-block-paragraph\"><em>Orthophonie<\/em>&nbsp;:<\/p>\n\n\n\n<ul class=\"wp-block-list\">\n<li>Madame V\u00e9ronique Veilleux<\/li>\n<\/ul>\n\n\n\n<p class=\"wp-block-paragraph\"><em>Ergoth\u00e9rapie&nbsp;<\/em>:<\/p>\n\n\n\n<ul class=\"wp-block-list\">\n<li>Madame Marie-Jos\u00e9e Champagne<\/li>\n<\/ul>\n\n\n\n<p class=\"wp-block-paragraph\"><em>Animation de la vie spirituelle et communautaire (AVSEC) :<\/em><\/p>\n\n\n\n<ul class=\"wp-block-list\">\n<li>Madame Julie Tremblay<\/li>\n<\/ul>\n\n\n\n<h5 class=\"wp-block-heading\">Le personnel&nbsp;technique :<\/h5>\n\n\n\n<p class=\"wp-block-paragraph\"><em>\u00c9ducation sp\u00e9cialis\u00e9e<\/em>&nbsp;:<\/p>\n\n\n\n<ul class=\"wp-block-list\">\n<li>Madame Audr\u00e9e Gagn\u00e9 (pavillon Gagnon)<\/li>\n\n\n\n<li>Madame Isabelle Nadeau (pavillon Gagnon)<\/li>\n\n\n\n<li>Madame Lysanne Lalibert\u00e9 (pavillon&nbsp;Gagnon)<\/li>\n\n\n\n<li>Madame Annie Routhier (pavillon Gagnon)<\/li>\n\n\n\n<li>Madame Marie-Mich\u00e8le Blais&nbsp;(pavillon&nbsp;Belleau)<\/li>\n\n\n\n<li>Madame Marie-Pier Boutin (pavillon Belleau)<\/li>\n\n\n\n<li>Madame Nadia Grimard-Ouellet (pavillon Belleau)<\/li>\n\n\n\n<li>Madame Florence Thibaudeau (pavillon Belleau)<\/li>\n\n\n\n<li>Madame Joanie Chouinard (pavillon Belleau)<\/li>\n\n\n\n<li>Madame Christine Lemieux (pr\u00e9pos\u00e9e aux \u00e9l\u00e8ves handicap\u00e9s &#8211; PEH)<\/li>\n<\/ul>\n\n\n\n<h5 class=\"wp-block-heading\">Le personnel&nbsp;du service de garde :<\/h5>\n\n\n\n<p class=\"wp-block-paragraph\"><strong><em>Technicienne responsable<\/em>&nbsp;:<\/strong><\/p>\n\n\n\n<ul class=\"wp-block-list\">\n<li>Madame Jessica Brouard<\/li>\n<\/ul>\n\n\n\n<p class=\"wp-block-paragraph\"><em><strong>Classe principale :&nbsp;<\/strong><\/em><\/p>\n\n\n\n<ul class=\"wp-block-list\">\n<li>Marl\u00e8ne Leclerc<\/li>\n<\/ul>\n\n\n\n<p class=\"wp-block-paragraph\"><strong><em>\u00c9ducatrices<\/em>&nbsp;en service de garde pavillon Gagnon<\/strong><\/p>\n\n\n\n<ul class=\"wp-block-list\">\n<li>Madame&nbsp;Camille Beaulieu<\/li>\n\n\n\n<li>Madame&nbsp;France Bellerose<\/li>\n\n\n\n<li>Madame&nbsp;M\u00e9lanie Bouchard<\/li>\n\n\n\n<li>Madame&nbsp;Julie Boucher<\/li>\n\n\n\n<li>Madame Brigitte Bolduc<\/li>\n\n\n\n<li>Madame Lyne Fournier<\/li>\n\n\n\n<li>Madame France Labrecque<\/li>\n\n\n\n<li>Madame Line Laflamme<\/li>\n\n\n\n<li>Madame Sandra Laprise<\/li>\n\n\n\n<li>Madame Chantal Morneau<\/li>\n\n\n\n<li>Madame Marjorie Moreault<\/li>\n\n\n\n<li>Madame Marina Picard<\/li>\n\n\n\n<li>Madame Kelly Poulin Dubois<\/li>\n\n\n\n<li>Madame Guylaine Roy<\/li>\n<\/ul>\n\n\n\n<h6 class=\"wp-block-heading\"><em><strong>\u00c9ducatrices en service de garde pavillon Belleau<\/strong><\/em><\/h6>\n\n\n\n<ul class=\"wp-block-list\">\n<li>Madame Am\u00e9lie Lacasse<\/li>\n\n\n\n<li>Madame Lucie Beaudoin<\/li>\n\n\n\n<li>Madame Fany Boulianne<\/li>\n\n\n\n<li>Madame St\u00e9phanie Boulianne<\/li>\n\n\n\n<li>Madame \u00c8ve Cantin<\/li>\n\n\n\n<li>Madame Kar\u00e8ne Couture<\/li>\n\n\n\n<li>Madame Vanessa Ducharme<\/li>\n\n\n\n<li>Madame Genevi\u00e8ve Dumont<\/li>\n\n\n\n<li>Madame H\u00e9l\u00e8ne Dutil<\/li>\n\n\n\n<li>Madame Lise Fontaine<\/li>\n\n\n\n<li>Madame Patricia Lecours<\/li>\n\n\n\n<li>Madame Lucie Martin<\/li>\n\n\n\n<li>Madame Jessie Quirion<\/li>\n\n\n\n<li>Madame St\u00e9phanie Rouillard<\/li>\n\n\n\n<li>Madame Jeanne-Mance Tremblay<\/li>\n\n\n\n<li>Madame \u00c9my Chabot<\/li>\n<\/ul>\n\n\n\n<h5 class=\"wp-block-heading\">Le personnel&nbsp;d&rsquo;entretien :<\/h5>\n\n\n\n<p class=\"wp-block-paragraph\"><em>Conciergerie<\/em>&nbsp;(Entretien Frontenac) :<\/p>\n\n\n\n<ul class=\"wp-block-list\">\n<li>Monsieur Dave et Monsieur Jerry, pavillon Belleau<\/li>\n\n\n\n<li>Madame&nbsp;Annie Carrier, pavillon Gagnon<\/li>\n<\/ul>\n\n\n\n<p class=\"wp-block-paragraph\"><em>Entretien des&nbsp;\u00e9coles (CSSDN) :<\/em><\/p>\n\n\n\n<ul class=\"wp-block-list\">\n<li><em>\u200b<\/em>Madame Claudette L\u00e9tourneau, ouvri\u00e8re d&rsquo;entretien<\/li>\n<\/ul>\n\n\n\n<p class=\"wp-block-paragraph\"><em>Entretien du parc informatique (CSDN) :<\/em><\/p>\n\n\n\n<ul class=\"wp-block-list\">\n<li>Monsieur Marc-Andr\u00e9 Bouffard, technicien en informatique<\/li>\n<\/ul>\n","protected":false},"excerpt":{"rendered":"<p>Notre personnel pour l&rsquo;ann\u00e9e 2025-2026 Le personnel administratif : Direction&nbsp;: Secr\u00e9tariat&nbsp;: Le personnel enseignant : Pr\u00e9scolaire&nbsp;(5 ans) : 1re ann\u00e9e&nbsp;: 2e ann\u00e9e&nbsp;: 3e ann\u00e9e&nbsp;: 4e ann\u00e9e&nbsp;: 5e ann\u00e9e&nbsp;: 6e ann\u00e9e (anglais enrichi) : 6e ann\u00e9e&nbsp;(anglais intensif) : Enseignants en compl\u00e9ment de t\u00e2ches : Anglais&nbsp;: Musique&nbsp;: \u00c9ducation physique&nbsp;: Le personnel&nbsp;professionnel : Orthop\u00e9dagogie&nbsp;: Psycho\u00e9ducation&nbsp;: Orthophonie&nbsp;: Ergoth\u00e9rapie&nbsp;: Animation [&hellip;]<\/p>\n","protected":false},"author":1,"featured_media":0,"parent":6,"menu_order":0,"comment_status":"closed","ping_status":"closed","template":"","meta":{"_acf_changed":false,"_crdt_document":"","inline_featured_image":false,"footnotes":""},"categories":[],"tags":[],"class_list":["post-9","page","type-page","status-publish","hentry"],"acf":[],"yoast_head":"<!-- This site is optimized with the Yoast SEO plugin v27.3 - https:\/\/yoast.com\/product\/yoast-seo-wordpress\/ -->\n<title>Notre \u00e9quipe - \u00c9cole Belleau, Gagnon<\/title>\n<meta name=\"robots\" content=\"index, follow, max-snippet:-1, max-image-preview:large, max-video-preview:-1\" \/>\n<link rel=\"canonical\" href=\"https:\/\/cssdn.gouv.qc.ca\/belleaugagnon\/a-propos\/notre-equipe\/\" \/>\n<meta property=\"og:locale\" content=\"fr_CA\" \/>\n<meta property=\"og:type\" content=\"article\" \/>\n<meta property=\"og:title\" content=\"Notre \u00e9quipe - \u00c9cole Belleau, Gagnon\" \/>\n<meta property=\"og:description\" content=\"Notre personnel pour l&rsquo;ann\u00e9e 2025-2026 Le personnel administratif : Direction&nbsp;: Secr\u00e9tariat&nbsp;: Le personnel enseignant : Pr\u00e9scolaire&nbsp;(5 ans) : 1re ann\u00e9e&nbsp;: 2e ann\u00e9e&nbsp;: 3e ann\u00e9e&nbsp;: 4e ann\u00e9e&nbsp;: 5e ann\u00e9e&nbsp;: 6e ann\u00e9e (anglais enrichi) : 6e ann\u00e9e&nbsp;(anglais intensif) : Enseignants en compl\u00e9ment de t\u00e2ches : Anglais&nbsp;: Musique&nbsp;: \u00c9ducation physique&nbsp;: Le personnel&nbsp;professionnel : Orthop\u00e9dagogie&nbsp;: Psycho\u00e9ducation&nbsp;: Orthophonie&nbsp;: Ergoth\u00e9rapie&nbsp;: Animation [&hellip;]\" \/>\n<meta property=\"og:url\" content=\"https:\/\/cssdn.gouv.qc.ca\/belleaugagnon\/a-propos\/notre-equipe\/\" \/>\n<meta property=\"og:site_name\" content=\"\u00c9cole Belleau, Gagnon\" \/>\n<meta property=\"article:publisher\" content=\"https:\/\/www.facebook.com\/profile.php?id=100076456800743\" \/>\n<meta property=\"article:modified_time\" content=\"2026-01-26T18:45:28+00:00\" \/>\n<meta name=\"twitter:card\" content=\"summary_large_image\" \/>\n<meta name=\"twitter:label1\" content=\"Estimation du temps de lecture\" \/>\n\t<meta name=\"twitter:data1\" content=\"3 minutes\" \/>\n<script type=\"application\/ld+json\" class=\"yoast-schema-graph\">{\"@context\":\"https:\\\/\\\/schema.org\",\"@graph\":[{\"@type\":\"WebPage\",\"@id\":\"https:\\\/\\\/cssdn.gouv.qc.ca\\\/belleaugagnon\\\/a-propos\\\/notre-equipe\\\/\",\"url\":\"https:\\\/\\\/cssdn.gouv.qc.ca\\\/belleaugagnon\\\/a-propos\\\/notre-equipe\\\/\",\"name\":\"Notre \u00e9quipe - \u00c9cole Belleau, Gagnon\",\"isPartOf\":{\"@id\":\"https:\\\/\\\/cssdn.gouv.qc.ca\\\/belleaugagnon\\\/#website\"},\"primaryImageOfPage\":{\"@id\":\"https:\\\/\\\/cssdn.gouv.qc.ca\\\/belleaugagnon\\\/a-propos\\\/notre-equipe\\\/#primaryimage\"},\"image\":{\"@id\":\"https:\\\/\\\/cssdn.gouv.qc.ca\\\/belleaugagnon\\\/a-propos\\\/notre-equipe\\\/#primaryimage\"},\"thumbnailUrl\":\"https:\\\/\\\/cssdn.gouv.qc.ca\\\/wp-content\\\/uploads\\\/2022\\\/08\\\/Seawire-Hero-06.jpg\",\"datePublished\":\"2022-11-08T21:07:54+00:00\",\"dateModified\":\"2026-01-26T18:45:28+00:00\",\"breadcrumb\":{\"@id\":\"https:\\\/\\\/cssdn.gouv.qc.ca\\\/belleaugagnon\\\/a-propos\\\/notre-equipe\\\/#breadcrumb\"},\"inLanguage\":\"fr-CA\",\"potentialAction\":[{\"@type\":\"ReadAction\",\"target\":[\"https:\\\/\\\/cssdn.gouv.qc.ca\\\/belleaugagnon\\\/a-propos\\\/notre-equipe\\\/\"]}]},{\"@type\":\"ImageObject\",\"inLanguage\":\"fr-CA\",\"@id\":\"https:\\\/\\\/cssdn.gouv.qc.ca\\\/belleaugagnon\\\/a-propos\\\/notre-equipe\\\/#primaryimage\",\"url\":\"https:\\\/\\\/cssdn.gouv.qc.ca\\\/wp-content\\\/uploads\\\/2022\\\/08\\\/Seawire-Hero-06.jpg\",\"contentUrl\":\"https:\\\/\\\/cssdn.gouv.qc.ca\\\/wp-content\\\/uploads\\\/2022\\\/08\\\/Seawire-Hero-06.jpg\"},{\"@type\":\"BreadcrumbList\",\"@id\":\"https:\\\/\\\/cssdn.gouv.qc.ca\\\/belleaugagnon\\\/a-propos\\\/notre-equipe\\\/#breadcrumb\",\"itemListElement\":[{\"@type\":\"ListItem\",\"position\":1,\"name\":\"Accueil\",\"item\":\"https:\\\/\\\/cssdn.gouv.qc.ca\\\/belleaugagnon\\\/\"},{\"@type\":\"ListItem\",\"position\":2,\"name\":\"\u00c0 propos\",\"item\":\"https:\\\/\\\/cssdn.gouv.qc.ca\\\/belleaugagnon\\\/a-propos\\\/\"},{\"@type\":\"ListItem\",\"position\":3,\"name\":\"Notre \u00e9quipe\"}]},{\"@type\":\"WebSite\",\"@id\":\"https:\\\/\\\/cssdn.gouv.qc.ca\\\/belleaugagnon\\\/#website\",\"url\":\"https:\\\/\\\/cssdn.gouv.qc.ca\\\/belleaugagnon\\\/\",\"name\":\"\u00c9cole Belleau, Gagnon\",\"description\":\"Un site des centres de services scolaires des Navigateurs\",\"publisher\":{\"@id\":\"https:\\\/\\\/cssdn.gouv.qc.ca\\\/belleaugagnon\\\/#organization\"},\"potentialAction\":[{\"@type\":\"SearchAction\",\"target\":{\"@type\":\"EntryPoint\",\"urlTemplate\":\"https:\\\/\\\/cssdn.gouv.qc.ca\\\/belleaugagnon\\\/?s={search_term_string}\"},\"query-input\":{\"@type\":\"PropertyValueSpecification\",\"valueRequired\":true,\"valueName\":\"search_term_string\"}}],\"inLanguage\":\"fr-CA\"},{\"@type\":\"Organization\",\"@id\":\"https:\\\/\\\/cssdn.gouv.qc.ca\\\/belleaugagnon\\\/#organization\",\"name\":\"\u00c9cole Belleau, Gagnon\",\"url\":\"https:\\\/\\\/cssdn.gouv.qc.ca\\\/belleaugagnon\\\/\",\"logo\":{\"@type\":\"ImageObject\",\"inLanguage\":\"fr-CA\",\"@id\":\"https:\\\/\\\/cssdn.gouv.qc.ca\\\/belleaugagnon\\\/#\\\/schema\\\/logo\\\/image\\\/\",\"url\":\"https:\\\/\\\/cssdn.gouv.qc.ca\\\/belleaugagnon\\\/wp-content\\\/uploads\\\/sites\\\/41\\\/2023\\\/01\\\/logo_quebec.svg\",\"contentUrl\":\"https:\\\/\\\/cssdn.gouv.qc.ca\\\/belleaugagnon\\\/wp-content\\\/uploads\\\/sites\\\/41\\\/2023\\\/01\\\/logo_quebec.svg\",\"width\":188,\"height\":41,\"caption\":\"\u00c9cole Belleau, Gagnon\"},\"image\":{\"@id\":\"https:\\\/\\\/cssdn.gouv.qc.ca\\\/belleaugagnon\\\/#\\\/schema\\\/logo\\\/image\\\/\"},\"sameAs\":[\"https:\\\/\\\/www.facebook.com\\\/profile.php?id=100076456800743\"]}]}<\/script>\n<!-- \/ Yoast SEO plugin. -->","yoast_head_json":{"title":"Notre \u00e9quipe - \u00c9cole Belleau, Gagnon","robots":{"index":"index","follow":"follow","max-snippet":"max-snippet:-1","max-image-preview":"max-image-preview:large","max-video-preview":"max-video-preview:-1"},"canonical":"https:\/\/cssdn.gouv.qc.ca\/belleaugagnon\/a-propos\/notre-equipe\/","og_locale":"fr_CA","og_type":"article","og_title":"Notre \u00e9quipe - \u00c9cole Belleau, Gagnon","og_description":"Notre personnel pour l&rsquo;ann\u00e9e 2025-2026 Le personnel administratif : Direction&nbsp;: Secr\u00e9tariat&nbsp;: Le personnel enseignant : Pr\u00e9scolaire&nbsp;(5 ans) : 1re ann\u00e9e&nbsp;: 2e ann\u00e9e&nbsp;: 3e ann\u00e9e&nbsp;: 4e ann\u00e9e&nbsp;: 5e ann\u00e9e&nbsp;: 6e ann\u00e9e (anglais enrichi) : 6e ann\u00e9e&nbsp;(anglais intensif) : Enseignants en compl\u00e9ment de t\u00e2ches : Anglais&nbsp;: Musique&nbsp;: \u00c9ducation physique&nbsp;: Le personnel&nbsp;professionnel : Orthop\u00e9dagogie&nbsp;: Psycho\u00e9ducation&nbsp;: Orthophonie&nbsp;: Ergoth\u00e9rapie&nbsp;: Animation [&hellip;]","og_url":"https:\/\/cssdn.gouv.qc.ca\/belleaugagnon\/a-propos\/notre-equipe\/","og_site_name":"\u00c9cole Belleau, Gagnon","article_publisher":"https:\/\/www.facebook.com\/profile.php?id=100076456800743","article_modified_time":"2026-01-26T18:45:28+00:00","twitter_card":"summary_large_image","twitter_misc":{"Estimation du temps de lecture":"3 minutes"},"schema":{"@context":"https:\/\/schema.org","@graph":[{"@type":"WebPage","@id":"https:\/\/cssdn.gouv.qc.ca\/belleaugagnon\/a-propos\/notre-equipe\/","url":"https:\/\/cssdn.gouv.qc.ca\/belleaugagnon\/a-propos\/notre-equipe\/","name":"Notre \u00e9quipe - \u00c9cole Belleau, Gagnon","isPartOf":{"@id":"https:\/\/cssdn.gouv.qc.ca\/belleaugagnon\/#website"},"primaryImageOfPage":{"@id":"https:\/\/cssdn.gouv.qc.ca\/belleaugagnon\/a-propos\/notre-equipe\/#primaryimage"},"image":{"@id":"https:\/\/cssdn.gouv.qc.ca\/belleaugagnon\/a-propos\/notre-equipe\/#primaryimage"},"thumbnailUrl":"https:\/\/cssdn.gouv.qc.ca\/wp-content\/uploads\/2022\/08\/Seawire-Hero-06.jpg","datePublished":"2022-11-08T21:07:54+00:00","dateModified":"2026-01-26T18:45:28+00:00","breadcrumb":{"@id":"https:\/\/cssdn.gouv.qc.ca\/belleaugagnon\/a-propos\/notre-equipe\/#breadcrumb"},"inLanguage":"fr-CA","potentialAction":[{"@type":"ReadAction","target":["https:\/\/cssdn.gouv.qc.ca\/belleaugagnon\/a-propos\/notre-equipe\/"]}]},{"@type":"ImageObject","inLanguage":"fr-CA","@id":"https:\/\/cssdn.gouv.qc.ca\/belleaugagnon\/a-propos\/notre-equipe\/#primaryimage","url":"https:\/\/cssdn.gouv.qc.ca\/wp-content\/uploads\/2022\/08\/Seawire-Hero-06.jpg","contentUrl":"https:\/\/cssdn.gouv.qc.ca\/wp-content\/uploads\/2022\/08\/Seawire-Hero-06.jpg"},{"@type":"BreadcrumbList","@id":"https:\/\/cssdn.gouv.qc.ca\/belleaugagnon\/a-propos\/notre-equipe\/#breadcrumb","itemListElement":[{"@type":"ListItem","position":1,"name":"Accueil","item":"https:\/\/cssdn.gouv.qc.ca\/belleaugagnon\/"},{"@type":"ListItem","position":2,"name":"\u00c0 propos","item":"https:\/\/cssdn.gouv.qc.ca\/belleaugagnon\/a-propos\/"},{"@type":"ListItem","position":3,"name":"Notre \u00e9quipe"}]},{"@type":"WebSite","@id":"https:\/\/cssdn.gouv.qc.ca\/belleaugagnon\/#website","url":"https:\/\/cssdn.gouv.qc.ca\/belleaugagnon\/","name":"\u00c9cole Belleau, Gagnon","description":"Un site des centres de services scolaires des Navigateurs","publisher":{"@id":"https:\/\/cssdn.gouv.qc.ca\/belleaugagnon\/#organization"},"potentialAction":[{"@type":"SearchAction","target":{"@type":"EntryPoint","urlTemplate":"https:\/\/cssdn.gouv.qc.ca\/belleaugagnon\/?s={search_term_string}"},"query-input":{"@type":"PropertyValueSpecification","valueRequired":true,"valueName":"search_term_string"}}],"inLanguage":"fr-CA"},{"@type":"Organization","@id":"https:\/\/cssdn.gouv.qc.ca\/belleaugagnon\/#organization","name":"\u00c9cole Belleau, Gagnon","url":"https:\/\/cssdn.gouv.qc.ca\/belleaugagnon\/","logo":{"@type":"ImageObject","inLanguage":"fr-CA","@id":"https:\/\/cssdn.gouv.qc.ca\/belleaugagnon\/#\/schema\/logo\/image\/","url":"https:\/\/cssdn.gouv.qc.ca\/belleaugagnon\/wp-content\/uploads\/sites\/41\/2023\/01\/logo_quebec.svg","contentUrl":"https:\/\/cssdn.gouv.qc.ca\/belleaugagnon\/wp-content\/uploads\/sites\/41\/2023\/01\/logo_quebec.svg","width":188,"height":41,"caption":"\u00c9cole Belleau, Gagnon"},"image":{"@id":"https:\/\/cssdn.gouv.qc.ca\/belleaugagnon\/#\/schema\/logo\/image\/"},"sameAs":["https:\/\/www.facebook.com\/profile.php?id=100076456800743"]}]}},"publishpress_future_action":{"enabled":false,"date":"2026-04-22 00:51:28","action":"change-status","newStatus":"draft","terms":[],"taxonomy":"category","extraData":[]},"publishpress_future_workflow_manual_trigger":{"enabledWorkflows":[]},"_links":{"self":[{"href":"https:\/\/cssdn.gouv.qc.ca\/belleaugagnon\/wp-json\/wp\/v2\/pages\/9","targetHints":{"allow":["GET"]}}],"collection":[{"href":"https:\/\/cssdn.gouv.qc.ca\/belleaugagnon\/wp-json\/wp\/v2\/pages"}],"about":[{"href":"https:\/\/cssdn.gouv.qc.ca\/belleaugagnon\/wp-json\/wp\/v2\/types\/page"}],"author":[{"embeddable":true,"href":"https:\/\/cssdn.gouv.qc.ca\/belleaugagnon\/wp-json\/wp\/v2\/users\/1"}],"replies":[{"embeddable":true,"href":"https:\/\/cssdn.gouv.qc.ca\/belleaugagnon\/wp-json\/wp\/v2\/comments?post=9"}],"version-history":[{"count":0,"href":"https:\/\/cssdn.gouv.qc.ca\/belleaugagnon\/wp-json\/wp\/v2\/pages\/9\/revisions"}],"up":[{"embeddable":true,"href":"https:\/\/cssdn.gouv.qc.ca\/belleaugagnon\/wp-json\/wp\/v2\/pages\/6"}],"wp:attachment":[{"href":"https:\/\/cssdn.gouv.qc.ca\/belleaugagnon\/wp-json\/wp\/v2\/media?parent=9"}],"wp:term":[{"taxonomy":"category","embeddable":true,"href":"https:\/\/cssdn.gouv.qc.ca\/belleaugagnon\/wp-json\/wp\/v2\/categories?post=9"},{"taxonomy":"post_tag","embeddable":true,"href":"https:\/\/cssdn.gouv.qc.ca\/belleaugagnon\/wp-json\/wp\/v2\/tags?post=9"}],"curies":[{"name":"wp","href":"https:\/\/api.w.org\/{rel}","templated":true}]}}