
{"id":16,"date":"2022-11-08T16:07:56","date_gmt":"2022-11-08T21:07:56","guid":{"rendered":"https:\/\/cssdn.gouv.qc.ca\/caravelle\/service-de-garde\/"},"modified":"2025-09-18T12:11:16","modified_gmt":"2025-09-18T16:11:16","slug":"service-de-garde","status":"publish","type":"page","link":"https:\/\/cssdn.gouv.qc.ca\/caravelle\/service-de-garde\/","title":{"rendered":"Service de garde"},"content":{"rendered":"\n<div class=\"wp-block-cover alignfull is-light is-style-title-banner\"><img decoding=\"async\" width=\"1920\" height=\"537\" class=\"wp-block-cover__image-background wp-image-68 lazyload\" alt=\"\" data-src=\"https:\/\/cssdn.gouv.qc.ca\/caravelle\/wp-content\/uploads\/sites\/20\/2022\/11\/Seawire-Hero-06-min.png\" data-object-fit=\"cover\" data-srcset=\"https:\/\/cssdn.gouv.qc.ca\/caravelle\/wp-content\/uploads\/sites\/20\/2022\/11\/Seawire-Hero-06-min.png 1920w, https:\/\/cssdn.gouv.qc.ca\/caravelle\/wp-content\/uploads\/sites\/20\/2022\/11\/Seawire-Hero-06-min-300x84.png 300w, https:\/\/cssdn.gouv.qc.ca\/caravelle\/wp-content\/uploads\/sites\/20\/2022\/11\/Seawire-Hero-06-min-1024x286.png 1024w, https:\/\/cssdn.gouv.qc.ca\/caravelle\/wp-content\/uploads\/sites\/20\/2022\/11\/Seawire-Hero-06-min-768x215.png 768w, https:\/\/cssdn.gouv.qc.ca\/caravelle\/wp-content\/uploads\/sites\/20\/2022\/11\/Seawire-Hero-06-min-1536x430.png 1536w\" data-sizes=\"(max-width: 1920px) 100vw, 1920px\" src=\"data:image\/svg+xml;base64,PHN2ZyB3aWR0aD0iMSIgaGVpZ2h0PSIxIiB4bWxucz0iaHR0cDovL3d3dy53My5vcmcvMjAwMC9zdmciPjwvc3ZnPg==\" style=\"--smush-placeholder-width: 1920px; --smush-placeholder-aspect-ratio: 1920\/537;\" \/><span aria-hidden=\"true\" class=\"wp-block-cover__background has-primary-background-color has-background-dim\"><\/span><div class=\"wp-block-cover__inner-container\"><h3 class=\"wp-block-post-title\">Service de garde<\/h3><\/div><\/div>\n\n\n\n<div class=\"wp-block-group alignfull has-padding-y-large has-secondary-background-color has-background\"><div class=\"yoast-breadcrumbs alignwide \"><span class=\"breadcrumbs\"><a href=\"https:\/\/cssdn.gouv.qc.ca\/caravelle\/\" class=\"breadcrumbs__element\">Accueil<\/a> <span class=\"breadcrumbs__separator\">\n        <svg class=\"icon icon-breadcrumb__separator\"><use xlink:href=\"#icon-breadcrumb__separator\"><\/use><\/svg>\n    <\/span> <span class=\"breadcrumbs__element breadcrumbs__element-current\">Service de garde<\/span><\/span><\/div><\/div>\n\n\n\n<h3 class=\"wp-block-heading\">R\u00e9gie interne<\/h3>\n\n\n\n<div class=\"wp-block-file\"><a id=\"wp-block-file--media-a461e62c-595e-40ec-872b-3f38eb949cd1\" href=\"https:\/\/cssdn.gouv.qc.ca\/caravelle\/wp-content\/uploads\/sites\/20\/2025\/09\/Regles-de-regie-interne-2025-2026docx.pdf\">R\u00e8gles de r\u00e9gie interne 2025-2026docx<\/a><a href=\"https:\/\/cssdn.gouv.qc.ca\/caravelle\/wp-content\/uploads\/sites\/20\/2025\/09\/Regles-de-regie-interne-2025-2026docx.pdf\" class=\"wp-block-file__button wp-element-button\" download aria-describedby=\"wp-block-file--media-a461e62c-595e-40ec-872b-3f38eb949cd1\">T\u00e9l\u00e9charger<\/a><\/div>\n\n\n\n<h3 class=\"wp-block-heading\">Journ\u00e9es p\u00e9dagogiques<\/h3>\n\n\n\n<p class=\"wp-block-paragraph\"><strong>Bonjour, nous vous invitons \u00e0 cliquer sur le lien suivant afin de consulter la liste des activit\u00e9s pour les journ\u00e9es p\u00e9dagogiques de l&rsquo;ann\u00e9e 2024-2025<\/strong><\/p>\n\n\n\n<div class=\"wp-block-file\"><a id=\"wp-block-file--media-2bba69c7-eab7-438d-ad8a-7348a7c28f56\" href=\"https:\/\/cssdn.gouv.qc.ca\/caravelle\/wp-content\/uploads\/sites\/20\/2025\/09\/Journees-pedagogiques-2025-2026tableau.presentation-.pdf\">Journ\u00e9es p\u00e9dagogiques 2025-2026tableau.pr\u00e9sentation &#8211;<\/a><a href=\"https:\/\/cssdn.gouv.qc.ca\/caravelle\/wp-content\/uploads\/sites\/20\/2025\/09\/Journees-pedagogiques-2025-2026tableau.presentation-.pdf\" class=\"wp-block-file__button wp-element-button\" download aria-describedby=\"wp-block-file--media-2bba69c7-eab7-438d-ad8a-7348a7c28f56\">T\u00e9l\u00e9charger<\/a><\/div>\n\n\n\n<h3 class=\"wp-block-heading\">Programme d&rsquo;activit\u00e9s<\/h3>\n\n\n\n<div class=\"wp-block-media-text is-stacked-on-mobile\"><figure class=\"wp-block-media-text__media\"><\/figure><div class=\"wp-block-media-text__content\">\n<p class=\"wp-block-paragraph\"><\/p>\n\n\n\n<figure class=\"wp-block-embed is-type-wp-embed is-provider-genially wp-block-embed-genially\"><div class=\"wp-block-embed__wrapper\">\n<iframe class=\"wp-embedded-content lazyload\" sandbox=\"allow-scripts\" security=\"restricted\" title=\"Pr\u00e9sentation cahier d&#039;\u00e9cole\" frameborder='0' width='1200' height='675' data-src='https:\/\/view.genially.com\/6841e7e8da7365b8a8dd0e1e#?secret=G3XTg7t5Zk' data-secret='G3XTg7t5Zk' scrolling='yes' src=\"data:image\/svg+xml;base64,PHN2ZyB3aWR0aD0iMSIgaGVpZ2h0PSIxIiB4bWxucz0iaHR0cDovL3d3dy53My5vcmcvMjAwMC9zdmciPjwvc3ZnPg==\" data-load-mode=\"1\"><\/iframe>\n<\/div><\/figure>\n<\/div><\/div>\n\n\n\n<h3 class=\"wp-block-heading\">Projet \u00e9ducatif<\/h3>\n\n\n\n<p class=\"wp-block-paragraph\"><\/p>\n","protected":false},"excerpt":{"rendered":"<p>R\u00e9gie interne Journ\u00e9es p\u00e9dagogiques Bonjour, nous vous invitons \u00e0 cliquer sur le lien suivant afin de consulter la liste des activit\u00e9s pour les journ\u00e9es p\u00e9dagogiques de l&rsquo;ann\u00e9e 2024-2025 Programme d&rsquo;activit\u00e9s Projet \u00e9ducatif<\/p>\n","protected":false},"author":1,"featured_media":0,"parent":0,"menu_order":40,"comment_status":"closed","ping_status":"closed","template":"","meta":{"_acf_changed":false,"_crdt_document":"","inline_featured_image":false,"footnotes":""},"categories":[],"tags":[],"class_list":["post-16","page","type-page","status-publish","hentry"],"acf":[],"yoast_head":"<!-- This site is optimized with the Yoast SEO plugin v27.3 - https:\/\/yoast.com\/product\/yoast-seo-wordpress\/ -->\n<title>Service de garde - \u00c9cole de la Caravelle<\/title>\n<meta name=\"robots\" content=\"index, follow, max-snippet:-1, max-image-preview:large, max-video-preview:-1\" \/>\n<link rel=\"canonical\" href=\"https:\/\/cssdn.gouv.qc.ca\/caravelle\/service-de-garde\/\" \/>\n<meta property=\"og:locale\" content=\"fr_CA\" \/>\n<meta property=\"og:type\" content=\"article\" \/>\n<meta property=\"og:title\" content=\"Service de garde - \u00c9cole de la Caravelle\" \/>\n<meta property=\"og:description\" content=\"R\u00e9gie interne Journ\u00e9es p\u00e9dagogiques Bonjour, nous vous invitons \u00e0 cliquer sur le lien suivant afin de consulter la liste des activit\u00e9s pour les journ\u00e9es p\u00e9dagogiques de l&rsquo;ann\u00e9e 2024-2025 Programme d&rsquo;activit\u00e9s Projet \u00e9ducatif\" \/>\n<meta property=\"og:url\" content=\"https:\/\/cssdn.gouv.qc.ca\/caravelle\/service-de-garde\/\" \/>\n<meta property=\"og:site_name\" content=\"\u00c9cole de la Caravelle\" \/>\n<meta property=\"article:publisher\" content=\"https:\/\/www.facebook.com\/ecolecaravelle\" \/>\n<meta property=\"article:modified_time\" content=\"2025-09-18T16:11:16+00:00\" \/>\n<meta property=\"og:image\" content=\"https:\/\/cssdn.gouv.qc.ca\/caravelle\/wp-content\/uploads\/sites\/20\/2022\/11\/Seawire-Hero-06-min.png\" \/>\n\t<meta property=\"og:image:width\" content=\"1920\" \/>\n\t<meta property=\"og:image:height\" content=\"537\" \/>\n\t<meta property=\"og:image:type\" content=\"image\/png\" \/>\n<meta name=\"twitter:card\" content=\"summary_large_image\" \/>\n<meta name=\"twitter:label1\" content=\"Estimation du temps de lecture\" \/>\n\t<meta name=\"twitter:data1\" content=\"1 minute\" \/>\n<script type=\"application\/ld+json\" class=\"yoast-schema-graph\">{\"@context\":\"https:\\\/\\\/schema.org\",\"@graph\":[{\"@type\":\"WebPage\",\"@id\":\"https:\\\/\\\/cssdn.gouv.qc.ca\\\/caravelle\\\/service-de-garde\\\/\",\"url\":\"https:\\\/\\\/cssdn.gouv.qc.ca\\\/caravelle\\\/service-de-garde\\\/\",\"name\":\"Service de garde - \u00c9cole de la Caravelle\",\"isPartOf\":{\"@id\":\"https:\\\/\\\/cssdn.gouv.qc.ca\\\/caravelle\\\/#website\"},\"primaryImageOfPage\":{\"@id\":\"https:\\\/\\\/cssdn.gouv.qc.ca\\\/caravelle\\\/service-de-garde\\\/#primaryimage\"},\"image\":{\"@id\":\"https:\\\/\\\/cssdn.gouv.qc.ca\\\/caravelle\\\/service-de-garde\\\/#primaryimage\"},\"thumbnailUrl\":\"https:\\\/\\\/cssdn.gouv.qc.ca\\\/caravelle\\\/wp-content\\\/uploads\\\/sites\\\/20\\\/2022\\\/11\\\/Seawire-Hero-06-min.png\",\"datePublished\":\"2022-11-08T21:07:56+00:00\",\"dateModified\":\"2025-09-18T16:11:16+00:00\",\"breadcrumb\":{\"@id\":\"https:\\\/\\\/cssdn.gouv.qc.ca\\\/caravelle\\\/service-de-garde\\\/#breadcrumb\"},\"inLanguage\":\"fr-CA\",\"potentialAction\":[{\"@type\":\"ReadAction\",\"target\":[\"https:\\\/\\\/cssdn.gouv.qc.ca\\\/caravelle\\\/service-de-garde\\\/\"]}]},{\"@type\":\"ImageObject\",\"inLanguage\":\"fr-CA\",\"@id\":\"https:\\\/\\\/cssdn.gouv.qc.ca\\\/caravelle\\\/service-de-garde\\\/#primaryimage\",\"url\":\"https:\\\/\\\/cssdn.gouv.qc.ca\\\/caravelle\\\/wp-content\\\/uploads\\\/sites\\\/20\\\/2022\\\/11\\\/Seawire-Hero-06-min.png\",\"contentUrl\":\"https:\\\/\\\/cssdn.gouv.qc.ca\\\/caravelle\\\/wp-content\\\/uploads\\\/sites\\\/20\\\/2022\\\/11\\\/Seawire-Hero-06-min.png\",\"width\":1920,\"height\":537},{\"@type\":\"BreadcrumbList\",\"@id\":\"https:\\\/\\\/cssdn.gouv.qc.ca\\\/caravelle\\\/service-de-garde\\\/#breadcrumb\",\"itemListElement\":[{\"@type\":\"ListItem\",\"position\":1,\"name\":\"Accueil\",\"item\":\"https:\\\/\\\/cssdn.gouv.qc.ca\\\/caravelle\\\/\"},{\"@type\":\"ListItem\",\"position\":2,\"name\":\"Service de garde\"}]},{\"@type\":\"WebSite\",\"@id\":\"https:\\\/\\\/cssdn.gouv.qc.ca\\\/caravelle\\\/#website\",\"url\":\"https:\\\/\\\/cssdn.gouv.qc.ca\\\/caravelle\\\/\",\"name\":\"\u00c9cole de la Caravelle\",\"description\":\"Un site du Centre de services scolaire des Navigateurs\",\"publisher\":{\"@id\":\"https:\\\/\\\/cssdn.gouv.qc.ca\\\/caravelle\\\/#organization\"},\"potentialAction\":[{\"@type\":\"SearchAction\",\"target\":{\"@type\":\"EntryPoint\",\"urlTemplate\":\"https:\\\/\\\/cssdn.gouv.qc.ca\\\/caravelle\\\/?s={search_term_string}\"},\"query-input\":{\"@type\":\"PropertyValueSpecification\",\"valueRequired\":true,\"valueName\":\"search_term_string\"}}],\"inLanguage\":\"fr-CA\"},{\"@type\":\"Organization\",\"@id\":\"https:\\\/\\\/cssdn.gouv.qc.ca\\\/caravelle\\\/#organization\",\"name\":\"\u00c9cole de la Caravelle\",\"url\":\"https:\\\/\\\/cssdn.gouv.qc.ca\\\/caravelle\\\/\",\"logo\":{\"@type\":\"ImageObject\",\"inLanguage\":\"fr-CA\",\"@id\":\"https:\\\/\\\/cssdn.gouv.qc.ca\\\/caravelle\\\/#\\\/schema\\\/logo\\\/image\\\/\",\"url\":\"https:\\\/\\\/cssdn.gouv.qc.ca\\\/caravelle\\\/wp-content\\\/uploads\\\/sites\\\/20\\\/2023\\\/01\\\/logo_quebec.svg\",\"contentUrl\":\"https:\\\/\\\/cssdn.gouv.qc.ca\\\/caravelle\\\/wp-content\\\/uploads\\\/sites\\\/20\\\/2023\\\/01\\\/logo_quebec.svg\",\"width\":188,\"height\":41,\"caption\":\"\u00c9cole de la Caravelle\"},\"image\":{\"@id\":\"https:\\\/\\\/cssdn.gouv.qc.ca\\\/caravelle\\\/#\\\/schema\\\/logo\\\/image\\\/\"},\"sameAs\":[\"https:\\\/\\\/www.facebook.com\\\/ecolecaravelle\"]}]}<\/script>\n<!-- \/ Yoast SEO plugin. -->","yoast_head_json":{"title":"Service de garde - \u00c9cole de la Caravelle","robots":{"index":"index","follow":"follow","max-snippet":"max-snippet:-1","max-image-preview":"max-image-preview:large","max-video-preview":"max-video-preview:-1"},"canonical":"https:\/\/cssdn.gouv.qc.ca\/caravelle\/service-de-garde\/","og_locale":"fr_CA","og_type":"article","og_title":"Service de garde - \u00c9cole de la Caravelle","og_description":"R\u00e9gie interne Journ\u00e9es p\u00e9dagogiques Bonjour, nous vous invitons \u00e0 cliquer sur le lien suivant afin de consulter la liste des activit\u00e9s pour les journ\u00e9es p\u00e9dagogiques de l&rsquo;ann\u00e9e 2024-2025 Programme d&rsquo;activit\u00e9s Projet \u00e9ducatif","og_url":"https:\/\/cssdn.gouv.qc.ca\/caravelle\/service-de-garde\/","og_site_name":"\u00c9cole de la Caravelle","article_publisher":"https:\/\/www.facebook.com\/ecolecaravelle","article_modified_time":"2025-09-18T16:11:16+00:00","og_image":[{"width":1920,"height":537,"url":"https:\/\/cssdn.gouv.qc.ca\/caravelle\/wp-content\/uploads\/sites\/20\/2022\/11\/Seawire-Hero-06-min.png","type":"image\/png"}],"twitter_card":"summary_large_image","twitter_misc":{"Estimation du temps de lecture":"1 minute"},"schema":{"@context":"https:\/\/schema.org","@graph":[{"@type":"WebPage","@id":"https:\/\/cssdn.gouv.qc.ca\/caravelle\/service-de-garde\/","url":"https:\/\/cssdn.gouv.qc.ca\/caravelle\/service-de-garde\/","name":"Service de garde - \u00c9cole de la Caravelle","isPartOf":{"@id":"https:\/\/cssdn.gouv.qc.ca\/caravelle\/#website"},"primaryImageOfPage":{"@id":"https:\/\/cssdn.gouv.qc.ca\/caravelle\/service-de-garde\/#primaryimage"},"image":{"@id":"https:\/\/cssdn.gouv.qc.ca\/caravelle\/service-de-garde\/#primaryimage"},"thumbnailUrl":"https:\/\/cssdn.gouv.qc.ca\/caravelle\/wp-content\/uploads\/sites\/20\/2022\/11\/Seawire-Hero-06-min.png","datePublished":"2022-11-08T21:07:56+00:00","dateModified":"2025-09-18T16:11:16+00:00","breadcrumb":{"@id":"https:\/\/cssdn.gouv.qc.ca\/caravelle\/service-de-garde\/#breadcrumb"},"inLanguage":"fr-CA","potentialAction":[{"@type":"ReadAction","target":["https:\/\/cssdn.gouv.qc.ca\/caravelle\/service-de-garde\/"]}]},{"@type":"ImageObject","inLanguage":"fr-CA","@id":"https:\/\/cssdn.gouv.qc.ca\/caravelle\/service-de-garde\/#primaryimage","url":"https:\/\/cssdn.gouv.qc.ca\/caravelle\/wp-content\/uploads\/sites\/20\/2022\/11\/Seawire-Hero-06-min.png","contentUrl":"https:\/\/cssdn.gouv.qc.ca\/caravelle\/wp-content\/uploads\/sites\/20\/2022\/11\/Seawire-Hero-06-min.png","width":1920,"height":537},{"@type":"BreadcrumbList","@id":"https:\/\/cssdn.gouv.qc.ca\/caravelle\/service-de-garde\/#breadcrumb","itemListElement":[{"@type":"ListItem","position":1,"name":"Accueil","item":"https:\/\/cssdn.gouv.qc.ca\/caravelle\/"},{"@type":"ListItem","position":2,"name":"Service de garde"}]},{"@type":"WebSite","@id":"https:\/\/cssdn.gouv.qc.ca\/caravelle\/#website","url":"https:\/\/cssdn.gouv.qc.ca\/caravelle\/","name":"\u00c9cole de la Caravelle","description":"Un site du Centre de services scolaire des Navigateurs","publisher":{"@id":"https:\/\/cssdn.gouv.qc.ca\/caravelle\/#organization"},"potentialAction":[{"@type":"SearchAction","target":{"@type":"EntryPoint","urlTemplate":"https:\/\/cssdn.gouv.qc.ca\/caravelle\/?s={search_term_string}"},"query-input":{"@type":"PropertyValueSpecification","valueRequired":true,"valueName":"search_term_string"}}],"inLanguage":"fr-CA"},{"@type":"Organization","@id":"https:\/\/cssdn.gouv.qc.ca\/caravelle\/#organization","name":"\u00c9cole de la Caravelle","url":"https:\/\/cssdn.gouv.qc.ca\/caravelle\/","logo":{"@type":"ImageObject","inLanguage":"fr-CA","@id":"https:\/\/cssdn.gouv.qc.ca\/caravelle\/#\/schema\/logo\/image\/","url":"https:\/\/cssdn.gouv.qc.ca\/caravelle\/wp-content\/uploads\/sites\/20\/2023\/01\/logo_quebec.svg","contentUrl":"https:\/\/cssdn.gouv.qc.ca\/caravelle\/wp-content\/uploads\/sites\/20\/2023\/01\/logo_quebec.svg","width":188,"height":41,"caption":"\u00c9cole de la Caravelle"},"image":{"@id":"https:\/\/cssdn.gouv.qc.ca\/caravelle\/#\/schema\/logo\/image\/"},"sameAs":["https:\/\/www.facebook.com\/ecolecaravelle"]}]}},"publishpress_future_action":{"enabled":false,"date":"2026-04-17 15:41:01","action":"change-status","newStatus":"draft","terms":[],"taxonomy":"category","extraData":[]},"publishpress_future_workflow_manual_trigger":{"enabledWorkflows":[]},"_links":{"self":[{"href":"https:\/\/cssdn.gouv.qc.ca\/caravelle\/wp-json\/wp\/v2\/pages\/16","targetHints":{"allow":["GET"]}}],"collection":[{"href":"https:\/\/cssdn.gouv.qc.ca\/caravelle\/wp-json\/wp\/v2\/pages"}],"about":[{"href":"https:\/\/cssdn.gouv.qc.ca\/caravelle\/wp-json\/wp\/v2\/types\/page"}],"author":[{"embeddable":true,"href":"https:\/\/cssdn.gouv.qc.ca\/caravelle\/wp-json\/wp\/v2\/users\/1"}],"replies":[{"embeddable":true,"href":"https:\/\/cssdn.gouv.qc.ca\/caravelle\/wp-json\/wp\/v2\/comments?post=16"}],"version-history":[{"count":0,"href":"https:\/\/cssdn.gouv.qc.ca\/caravelle\/wp-json\/wp\/v2\/pages\/16\/revisions"}],"wp:attachment":[{"href":"https:\/\/cssdn.gouv.qc.ca\/caravelle\/wp-json\/wp\/v2\/media?parent=16"}],"wp:term":[{"taxonomy":"category","embeddable":true,"href":"https:\/\/cssdn.gouv.qc.ca\/caravelle\/wp-json\/wp\/v2\/categories?post=16"},{"taxonomy":"post_tag","embeddable":true,"href":"https:\/\/cssdn.gouv.qc.ca\/caravelle\/wp-json\/wp\/v2\/tags?post=16"}],"curies":[{"name":"wp","href":"https:\/\/api.w.org\/{rel}","templated":true}]}}