
{"id":10,"date":"2022-11-08T16:07:54","date_gmt":"2022-11-08T21:07:54","guid":{"rendered":"https:\/\/cssdn.gouv.qc.ca\/cfernavigateurs\/a-propos\/conseil-detablissement\/"},"modified":"2025-03-31T13:09:37","modified_gmt":"2025-03-31T17:09:37","slug":"cfer-navigateurs","status":"publish","type":"page","link":"https:\/\/cssdn.gouv.qc.ca\/cfer\/a-propos\/cfer-navigateurs\/","title":{"rendered":"Le CFER des Navigateurs"},"content":{"rendered":"\n<div class=\"wp-block-cover alignfull is-style-title-banner\"><span aria-hidden=\"true\" class=\"wp-block-cover__background has-primary-background-color has-background-dim\"><\/span><img decoding=\"async\" width=\"1500\" height=\"762\" class=\"wp-block-cover__image-background wp-image-348 lazyload\" alt=\"Centre de formation en entreprise et r\u00e9cup\u00e9ration (CFER) des Navigateurs\" data-src=\"https:\/\/cssdn.gouv.qc.ca\/cfernavigateurs\/wp-content\/uploads\/sites\/85\/2024\/11\/centre-formation-entreprise-recuperation-navigateurs_accueil.png\" data-object-fit=\"cover\" data-srcset=\"https:\/\/cssdn.gouv.qc.ca\/cfer\/wp-content\/uploads\/sites\/85\/2024\/11\/centre-formation-entreprise-recuperation-navigateurs_accueil.png 1500w, https:\/\/cssdn.gouv.qc.ca\/cfer\/wp-content\/uploads\/sites\/85\/2024\/11\/centre-formation-entreprise-recuperation-navigateurs_accueil-300x152.png 300w, https:\/\/cssdn.gouv.qc.ca\/cfer\/wp-content\/uploads\/sites\/85\/2024\/11\/centre-formation-entreprise-recuperation-navigateurs_accueil-1024x520.png 1024w, https:\/\/cssdn.gouv.qc.ca\/cfer\/wp-content\/uploads\/sites\/85\/2024\/11\/centre-formation-entreprise-recuperation-navigateurs_accueil-768x390.png 768w\" data-sizes=\"(max-width: 1500px) 100vw, 1500px\" src=\"data:image\/svg+xml;base64,PHN2ZyB3aWR0aD0iMSIgaGVpZ2h0PSIxIiB4bWxucz0iaHR0cDovL3d3dy53My5vcmcvMjAwMC9zdmciPjwvc3ZnPg==\" style=\"--smush-placeholder-width: 1500px; --smush-placeholder-aspect-ratio: 1500\/762;\" \/><div class=\"wp-block-cover__inner-container\"><h3 class=\"wp-block-post-title\">Le CFER des Navigateurs<\/h3><\/div><\/div>\n\n\n\n<div class=\"wp-block-group alignfull has-padding-y-large has-secondary-background-color has-background\"><div class=\"yoast-breadcrumbs alignwide \"><span class=\"breadcrumbs\"><a href=\"https:\/\/cssdn.gouv.qc.ca\/cfer\/\" class=\"breadcrumbs__element\">Accueil<\/a> <span class=\"breadcrumbs__separator\">\n        <svg class=\"icon icon-breadcrumb__separator\"><use xlink:href=\"#icon-breadcrumb__separator\"><\/use><\/svg>\n    <\/span> <a href=\"https:\/\/cssdn.gouv.qc.ca\/cfer\/a-propos\/\" class=\"breadcrumbs__element\">\u00c0 propos<\/a> <span class=\"breadcrumbs__separator\">\n        <svg class=\"icon icon-breadcrumb__separator\"><use xlink:href=\"#icon-breadcrumb__separator\"><\/use><\/svg>\n    <\/span> <span class=\"breadcrumbs__element breadcrumbs__element-current\">Le CFER des Navigateurs<\/span><\/span><\/div><\/div>\n\n\n\n<h2 class=\"wp-block-heading\">Notre Philosophie<\/h2>\n\n\n\n<blockquote class=\"wp-block-quote\">\n<p class=\"wp-block-paragraph\">R\u00e9ussir, une marche \u00e0 la fois<\/p>\n<cite>Paule Breton, fondatrice du centre de formation en entreprise et r\u00e9cup\u00e9ration (CFER) des Navigateurs<\/cite><\/blockquote>\n\n\n\n<p class=\"wp-block-paragraph\">Depuis 2007, notre \u00e9cole est fi\u00e8re d&rsquo;accompagner des jeunes de 15 \u00e0 18 ans, en difficult\u00e9 d&rsquo;apprentissage, dans leur parcours de formation.<\/p>\n\n\n\n<p class=\"wp-block-paragraph\">Forts d&rsquo;une exp\u00e9rience en tant qu&rsquo;\u00e9ducatrices et \u00e9ducateurs, notre personnel enseignant a d\u00e9velopp\u00e9 une philosophie qui a prouv\u00e9 son succ\u00e8s au fil des ans. Au travers d&rsquo;une approche p\u00e9dagogique unique, gr\u00e2ce \u00e0 laquelle les \u00e9l\u00e8ves se sentent respect\u00e9s, appr\u00e9ci\u00e9s et consid\u00e9r\u00e9s, nous cr\u00e9ons une exp\u00e9rience stimulante et collaborative pour tout le monde.<\/p>\n\n\n\n<p class=\"wp-block-paragraph\">Notre \u00e9quipe, jeune et&nbsp;dynamique, s&rsquo;active \u00e0 r\u00e9pondre aux besoins scolaires, sociaux et orientant de chaque jeune&nbsp;afin qu&rsquo;il&nbsp;atteigne&nbsp;une carri\u00e8re \u00e0 sa mesure. &nbsp;Tout au long de leur formation chez nous, les \u00e9l\u00e8ves sont&nbsp;amen\u00e9s \u00e0 r\u00e9fl\u00e9chir sur leur avenir professionnel et aux divers moyens d&rsquo;y parvenir. Nos plateaux de formation leur donnent une exp\u00e9rience concr\u00e8te de diverses r\u00e9alit\u00e9s du monde du travail. Cette opportunit\u00e9&nbsp;les aide \u00e0 mieux d\u00e9finir ce qu&rsquo;ils recherchent dans leur futur emploi. Au centre de formation en entreprise et r\u00e9cup\u00e9ration (CFER) des Navigateurs, nous avons \u00e0 c\u0153ur que chaque jeune trouve&nbsp;SA&nbsp;voie et exploite&nbsp;SES&nbsp;forces.<\/p>\n\n\n\n<figure class=\"wp-block-embed is-type-video is-provider-youtube wp-block-embed-youtube wp-embed-aspect-16-9 wp-has-aspect-ratio\"><div class=\"wp-block-embed__wrapper\">\n<iframe title=\"Pr\u00e9sentation du centre de formation en entreprise et r\u00e9cup\u00e9ration (CFER) des Navigateurs\" width=\"500\" height=\"281\" data-src=\"https:\/\/www.youtube.com\/embed\/AE_VUNT-ZnI?feature=oembed\" frameborder=\"0\" allow=\"accelerometer; autoplay; clipboard-write; encrypted-media; gyroscope; picture-in-picture; web-share\" referrerpolicy=\"strict-origin-when-cross-origin\" allowfullscreen src=\"data:image\/svg+xml;base64,PHN2ZyB3aWR0aD0iMSIgaGVpZ2h0PSIxIiB4bWxucz0iaHR0cDovL3d3dy53My5vcmcvMjAwMC9zdmciPjwvc3ZnPg==\" class=\"lazyload\" data-load-mode=\"1\"><\/iframe>\n<\/div><\/figure>\n\n\n\n<div style=\"height:30px\" aria-hidden=\"true\" class=\"wp-block-spacer\"><\/div>\n\n\n\n<div class=\"wp-block-buttons\">\n<div class=\"wp-block-button\"><a class=\"wp-block-button__link wp-element-button\" href=\"https:\/\/tours.perspectives360.ca\/CSSDN\/CFER\/index.html\" target=\"_blank\" rel=\"noreferrer noopener\">Visite virtuelle du CFER des Navigateurs<\/a><\/div>\n<\/div>\n\n\n\n<h2 class=\"wp-block-heading\">La formation au centre de formation en entreprise et r\u00e9cup\u00e9ration (CFER) des Navigateurs<\/h2>\n\n\n\n<p class=\"wp-block-paragraph\">Par une approche unique et une formation scolaire diversifi\u00e9e, le cursus offert au CFER des Navigateurs comporte trois grandes cat\u00e9gories de cours.<\/p>\n\n\n\n<h3 class=\"wp-block-heading\">Un volet acad\u00e9mique<\/h3>\n\n\n\n<p class=\"wp-block-paragraph\">La maquette de cours int\u00e8gre les mati\u00e8res suivantes&nbsp;:<\/p>\n\n\n\n<ul class=\"wp-block-list\">\n<li>Fran\u00e7ais<\/li>\n\n\n\n<li>Math\u00e9matiques<\/li>\n\n\n\n<li>Anglais<\/li>\n\n\n\n<li>Exp\u00e9rimentations technologiques et scientifiques<\/li>\n\n\n\n<li>G\u00e9ographie<\/li>\n\n\n\n<li>Histoire et \u00e9ducation \u00e0 la citoyennet\u00e9<\/li>\n\n\n\n<li>Autonomie et participation sociale<\/li>\n\n\n\n<li>\u00c9ducation physique et \u00e0 la sant\u00e9<\/li>\n<\/ul>\n\n\n\n<h3 class=\"wp-block-heading\">Un volet pratique<\/h3>\n\n\n\n<p class=\"wp-block-paragraph\">Par une approche centr\u00e9e sur l\u2019exp\u00e9rientiel \u00e0 l\u2019int\u00e9rieur de l\u2019\u00e9cole afin de pr\u00e9parer les \u00e9l\u00e8ves \u00e0 aller vers les entreprises externes et le march\u00e9 du travail, cette partie du curriculum englobe les cours suivants&nbsp;:<\/p>\n\n\n\n<ul class=\"wp-block-list\">\n<li>Pr\u00e9paration au march\u00e9 du travail<\/li>\n\n\n\n<li>Sensibilisation au monde du travail<\/li>\n<\/ul>\n\n\n\n<p class=\"wp-block-paragraph\">D\u2019autres formations offertes :<\/p>\n\n\n\n<ul class=\"wp-block-list\">\n<li>Conduite de chariot \u00e9l\u00e9vateur<\/li>\n\n\n\n<li>ASP construction<\/li>\n\n\n\n<li>Syst\u00e8me d\u2019information sur&nbsp;les mati\u00e8res dangereuses utilis\u00e9es au travail&nbsp;(SIMDUT)<\/li>\n\n\n\n<li>Formation hygi\u00e8ne et salubrit\u00e9<\/li>\n\n\n\n<li>Formation sur le d\u00e9placement s\u00e9curitaire des personnes (PDSP)<\/li>\n\n\n\n<li>Formation secourisme en milieu de travail<\/li>\n<\/ul>\n\n\n\n<h3 class=\"wp-block-heading\">Un volet qui vise l&rsquo;insertion professionnelle<\/h3>\n\n\n\n<p class=\"wp-block-paragraph\">Par une multitude d&rsquo;activit\u00e9s, l&rsquo;\u00e9l\u00e8ve est amen\u00e9 \u00e0 mieux se conna\u00eetre et \u00e0 d\u00e9velopper des attitudes et aptitudes en lien avec le march\u00e9 de l&#8217;emploi. Divers stages sont propos\u00e9s : &nbsp;<\/p>\n\n\n\n<ul class=\"wp-block-list\">\n<li>1<sup>re<\/sup> et 2<sup>e<\/sup> ann\u00e9es&nbsp;: stages dans les entreprises du CFER des Navigateurs<\/li>\n\n\n\n<li>3<sup>e<\/sup> ann\u00e9e&nbsp;: stage externe<\/li>\n<\/ul>\n\n\n\n<p class=\"wp-block-paragraph\">Plusieurs jeunes b\u00e9n\u00e9ficient \u00e9galement de stages d&rsquo;observation directement en milieu de travail durant les trois ann\u00e9es de leur formation.<\/p>\n\n\n\n<figure class=\"wp-block-image size-large\"><img decoding=\"async\" width=\"1024\" height=\"681\" data-src=\"https:\/\/cssdn.gouv.qc.ca\/cfernavigateurs\/wp-content\/uploads\/sites\/85\/2024\/11\/centre-formation-entreprise-recuperation-navigateurs_bell-01-1024x681.jpg\" alt=\"Entreprise du centre de formation en entreprise et r\u00e9cup\u00e9ration (CFER) des Navigateurs - Tri des mati\u00e8res recyclables de Bell Canada\" class=\"wp-image-355 lazyload\" data-srcset=\"https:\/\/cssdn.gouv.qc.ca\/cfer\/wp-content\/uploads\/sites\/85\/2024\/11\/centre-formation-entreprise-recuperation-navigateurs_bell-01-1024x681.jpg 1024w, https:\/\/cssdn.gouv.qc.ca\/cfer\/wp-content\/uploads\/sites\/85\/2024\/11\/centre-formation-entreprise-recuperation-navigateurs_bell-01-300x200.jpg 300w, https:\/\/cssdn.gouv.qc.ca\/cfer\/wp-content\/uploads\/sites\/85\/2024\/11\/centre-formation-entreprise-recuperation-navigateurs_bell-01-768x511.jpg 768w, https:\/\/cssdn.gouv.qc.ca\/cfer\/wp-content\/uploads\/sites\/85\/2024\/11\/centre-formation-entreprise-recuperation-navigateurs_bell-01.jpg 1500w\" data-sizes=\"(max-width: 1024px) 100vw, 1024px\" src=\"data:image\/svg+xml;base64,PHN2ZyB3aWR0aD0iMSIgaGVpZ2h0PSIxIiB4bWxucz0iaHR0cDovL3d3dy53My5vcmcvMjAwMC9zdmciPjwvc3ZnPg==\" style=\"--smush-placeholder-width: 1024px; --smush-placeholder-aspect-ratio: 1024\/681;\" \/><figcaption class=\"wp-element-caption\"><em>Entreprise du tri des mati\u00e8res recyclables de Bell Canada<\/em><\/figcaption><\/figure>\n\n\n\n<div class=\"wp-block-buttons\">\n<div class=\"wp-block-button\"><a class=\"wp-block-button__link wp-element-button\" href=\"https:\/\/cssdn.gouv.qc.ca\/cfernavigateurs\/ecole-entreprise\/nos-entreprises\/\" target=\"_blank\" rel=\"noreferrer noopener\">D\u00e9couvrir nos entreprises<\/a><\/div>\n\n\n\n<div class=\"wp-block-button\"><a class=\"wp-block-button__link wp-element-button\" href=\"https:\/\/cssdn.gouv.qc.ca\/cfernavigateurs\/ecole-entreprise\/programme-institutionnel\/\" target=\"_blank\" rel=\"noreferrer noopener\">Voir le programme institutionnel<\/a><\/div>\n<\/div>\n\n\n\n<h2 class=\"wp-block-heading\">\u200b Une certification reconnue<\/h2>\n\n\n\n<p class=\"wp-block-paragraph\">Dans le cadre du parcours de formation ax\u00e9e sur l&#8217;emploi, le programme offert au centre de formation en entreprise et r\u00e9cup\u00e9ration (CFER) des Navigateurs, <strong>d&rsquo;une dur\u00e9e de trois ans<\/strong>, <strong>permet d&rsquo;obtenir&nbsp;simultan\u00e9ment deux certifications<\/strong> :<\/p>\n\n\n\n<ul class=\"wp-block-list\">\n<li>le certificat de Formation \u00e0 un m\u00e9tier semi-sp\u00e9cialis\u00e9 ou Formation pr\u00e9paratoire \u00e0 l&#8217;emploi&nbsp;(commune \u00e0 tous les programmes de formation ax\u00e9s sur l&#8217;emploi) ;<br>&nbsp;<\/li>\n\n\n\n<li>le certificat de Formation en entreprise et r\u00e9cup\u00e9ration (unique&nbsp;aux \u00e9coles affili\u00e9es au r\u00e9seau des CFER du Qu\u00e9bec).<\/li>\n<\/ul>\n\n\n\n<p class=\"wp-block-paragraph\">Par la suite, l&rsquo;\u00e9l\u00e8ve peut int\u00e9grer le march\u00e9 de l&#8217;emploi ou poursuivre \u00e0 la formation g\u00e9n\u00e9rale des adultes ou de la formation professionnelle.<\/p>\n\n\n\n<p class=\"wp-block-paragraph\">Il est important de noter que les deux certifications indiqu\u00e9es plus haut&nbsp;proviennent et&nbsp;sont reconnues par le gouvernement du Qu\u00e9bec&nbsp;comme \u200bdes certifications de fin&nbsp;d&rsquo;\u00e9tudes. De plus, plusieurs entreprises de la r\u00e9gion priorisent d\u00e9sormais l&#8217;embauche de jeunes ayant la certification de Formation en entreprise et r\u00e9cup\u00e9ration.<\/p>\n\n\n\n<div class=\"wp-block-buttons\">\n<div class=\"wp-block-button\"><a class=\"wp-block-button__link wp-element-button\" href=\"https:\/\/www.quebec.ca\/education\/formations-metier-semi-specialise\/jeunes\" target=\"_blank\" rel=\"noreferrer noopener\">En savoir plus<\/a><\/div>\n<\/div>\n","protected":false},"excerpt":{"rendered":"<p>Notre Philosophie R\u00e9ussir, une marche \u00e0 la fois Paule Breton, fondatrice du centre de formation en entreprise et r\u00e9cup\u00e9ration (CFER) des Navigateurs Depuis 2007, notre \u00e9cole est fi\u00e8re d&rsquo;accompagner des jeunes de 15 \u00e0 18 ans, en difficult\u00e9 d&rsquo;apprentissage, dans leur parcours de formation. Forts d&rsquo;une exp\u00e9rience en tant qu&rsquo;\u00e9ducatrices et \u00e9ducateurs, notre personnel enseignant [&hellip;]<\/p>\n","protected":false},"author":21,"featured_media":414,"parent":6,"menu_order":1,"comment_status":"closed","ping_status":"closed","template":"","meta":{"_acf_changed":false,"_crdt_document":"","inline_featured_image":false,"footnotes":""},"categories":[],"tags":[],"class_list":["post-10","page","type-page","status-publish","has-post-thumbnail","hentry"],"acf":[],"yoast_head":"<!-- This site is optimized with the Yoast SEO plugin v27.4 - https:\/\/yoast.com\/product\/yoast-seo-wordpress\/ -->\n<title>Le CFER des Navigateurs - Centre de formation en entreprise et r\u00e9cup\u00e9ration (CFER) des Navigateurs<\/title>\n<meta name=\"description\" content=\"D\u00e9couvrez le centre de formation en entreprise et r\u00e9cup\u00e9ration (CFER) des Navigateurs : sa mission, ses formations, etc.\" \/>\n<meta name=\"robots\" content=\"index, follow, max-snippet:-1, max-image-preview:large, max-video-preview:-1\" \/>\n<link rel=\"canonical\" href=\"https:\/\/cssdn.gouv.qc.ca\/cfer\/a-propos\/cfer-navigateurs\/\" \/>\n<meta property=\"og:locale\" content=\"fr_CA\" \/>\n<meta property=\"og:type\" content=\"article\" \/>\n<meta property=\"og:title\" content=\"Le CFER des Navigateurs - Centre de formation en entreprise et r\u00e9cup\u00e9ration (CFER) des Navigateurs\" \/>\n<meta property=\"og:description\" content=\"D\u00e9couvrez le centre de formation en entreprise et r\u00e9cup\u00e9ration (CFER) des Navigateurs : sa mission, ses formations, etc.\" \/>\n<meta property=\"og:url\" content=\"https:\/\/cssdn.gouv.qc.ca\/cfer\/a-propos\/cfer-navigateurs\/\" \/>\n<meta property=\"og:site_name\" content=\"Centre de formation en entreprise et r\u00e9cup\u00e9ration (CFER) des Navigateurs\" \/>\n<meta property=\"article:publisher\" content=\"https:\/\/www.facebook.com\/cferdesnavigateurs\" \/>\n<meta property=\"article:modified_time\" content=\"2025-03-31T17:09:37+00:00\" \/>\n<meta property=\"og:image\" content=\"https:\/\/cssdn.gouv.qc.ca\/cfer\/wp-content\/uploads\/sites\/85\/2024\/11\/centre-formation-entreprise-recuperation-navigateurs_mission-vision-valeurs.jpg\" \/>\n\t<meta property=\"og:image:width\" content=\"1699\" \/>\n\t<meta property=\"og:image:height\" content=\"902\" \/>\n\t<meta property=\"og:image:type\" content=\"image\/jpeg\" \/>\n<meta name=\"twitter:card\" content=\"summary_large_image\" \/>\n<meta name=\"twitter:site\" content=\"@CSSNavigateurs\" \/>\n<meta name=\"twitter:label1\" content=\"Estimation du temps de lecture\" \/>\n\t<meta name=\"twitter:data1\" content=\"4 minutes\" \/>\n<script type=\"application\/ld+json\" class=\"yoast-schema-graph\">{\"@context\":\"https:\\\/\\\/schema.org\",\"@graph\":[{\"@type\":\"WebPage\",\"@id\":\"https:\\\/\\\/cssdn.gouv.qc.ca\\\/cfer\\\/a-propos\\\/cfer-navigateurs\\\/\",\"url\":\"https:\\\/\\\/cssdn.gouv.qc.ca\\\/cfer\\\/a-propos\\\/cfer-navigateurs\\\/\",\"name\":\"Le CFER des Navigateurs - Centre de formation en entreprise et r\u00e9cup\u00e9ration (CFER) des Navigateurs\",\"isPartOf\":{\"@id\":\"https:\\\/\\\/cssdn.gouv.qc.ca\\\/cfer\\\/#website\"},\"primaryImageOfPage\":{\"@id\":\"https:\\\/\\\/cssdn.gouv.qc.ca\\\/cfer\\\/a-propos\\\/cfer-navigateurs\\\/#primaryimage\"},\"image\":{\"@id\":\"https:\\\/\\\/cssdn.gouv.qc.ca\\\/cfer\\\/a-propos\\\/cfer-navigateurs\\\/#primaryimage\"},\"thumbnailUrl\":\"https:\\\/\\\/cssdn.gouv.qc.ca\\\/cfer\\\/wp-content\\\/uploads\\\/sites\\\/85\\\/2024\\\/11\\\/centre-formation-entreprise-recuperation-navigateurs_mission-vision-valeurs.jpg\",\"datePublished\":\"2022-11-08T21:07:54+00:00\",\"dateModified\":\"2025-03-31T17:09:37+00:00\",\"description\":\"D\u00e9couvrez le centre de formation en entreprise et r\u00e9cup\u00e9ration (CFER) des Navigateurs : sa mission, ses formations, etc.\",\"breadcrumb\":{\"@id\":\"https:\\\/\\\/cssdn.gouv.qc.ca\\\/cfer\\\/a-propos\\\/cfer-navigateurs\\\/#breadcrumb\"},\"inLanguage\":\"fr-CA\",\"potentialAction\":[{\"@type\":\"ReadAction\",\"target\":[\"https:\\\/\\\/cssdn.gouv.qc.ca\\\/cfer\\\/a-propos\\\/cfer-navigateurs\\\/\"]}]},{\"@type\":\"ImageObject\",\"inLanguage\":\"fr-CA\",\"@id\":\"https:\\\/\\\/cssdn.gouv.qc.ca\\\/cfer\\\/a-propos\\\/cfer-navigateurs\\\/#primaryimage\",\"url\":\"https:\\\/\\\/cssdn.gouv.qc.ca\\\/cfer\\\/wp-content\\\/uploads\\\/sites\\\/85\\\/2024\\\/11\\\/centre-formation-entreprise-recuperation-navigateurs_mission-vision-valeurs.jpg\",\"contentUrl\":\"https:\\\/\\\/cssdn.gouv.qc.ca\\\/cfer\\\/wp-content\\\/uploads\\\/sites\\\/85\\\/2024\\\/11\\\/centre-formation-entreprise-recuperation-navigateurs_mission-vision-valeurs.jpg\",\"width\":1699,\"height\":902,\"caption\":\"Centre de formation en entreprise et r\u00e9cup\u00e9ration (CFER) des Navigateurs - \u00c9tablissement\"},{\"@type\":\"BreadcrumbList\",\"@id\":\"https:\\\/\\\/cssdn.gouv.qc.ca\\\/cfer\\\/a-propos\\\/cfer-navigateurs\\\/#breadcrumb\",\"itemListElement\":[{\"@type\":\"ListItem\",\"position\":1,\"name\":\"Accueil\",\"item\":\"https:\\\/\\\/cssdn.gouv.qc.ca\\\/cfer\\\/\"},{\"@type\":\"ListItem\",\"position\":2,\"name\":\"\u00c0 propos\",\"item\":\"https:\\\/\\\/cssdn.gouv.qc.ca\\\/cfer\\\/a-propos\\\/\"},{\"@type\":\"ListItem\",\"position\":3,\"name\":\"Le CFER des Navigateurs\"}]},{\"@type\":\"WebSite\",\"@id\":\"https:\\\/\\\/cssdn.gouv.qc.ca\\\/cfer\\\/#website\",\"url\":\"https:\\\/\\\/cssdn.gouv.qc.ca\\\/cfer\\\/\",\"name\":\"Centre de formation en entreprise et r\u00e9cup\u00e9ration (CFER) des Navigateurs\",\"description\":\"Un site des centres de services scolaires des Navigateurs\",\"publisher\":{\"@id\":\"https:\\\/\\\/cssdn.gouv.qc.ca\\\/cfer\\\/#organization\"},\"potentialAction\":[{\"@type\":\"SearchAction\",\"target\":{\"@type\":\"EntryPoint\",\"urlTemplate\":\"https:\\\/\\\/cssdn.gouv.qc.ca\\\/cfer\\\/?s={search_term_string}\"},\"query-input\":{\"@type\":\"PropertyValueSpecification\",\"valueRequired\":true,\"valueName\":\"search_term_string\"}}],\"inLanguage\":\"fr-CA\"},{\"@type\":\"Organization\",\"@id\":\"https:\\\/\\\/cssdn.gouv.qc.ca\\\/cfer\\\/#organization\",\"name\":\"Centre de formation en entreprise et r\u00e9cup\u00e9ration (CFER) des Navigateurs\",\"url\":\"https:\\\/\\\/cssdn.gouv.qc.ca\\\/cfer\\\/\",\"logo\":{\"@type\":\"ImageObject\",\"inLanguage\":\"fr-CA\",\"@id\":\"https:\\\/\\\/cssdn.gouv.qc.ca\\\/cfer\\\/#\\\/schema\\\/logo\\\/image\\\/\",\"url\":\"https:\\\/\\\/cssdn.gouv.qc.ca\\\/cfernavigateurs\\\/wp-content\\\/uploads\\\/sites\\\/85\\\/2024\\\/11\\\/centre-formation-entreprise-recuperation-navigateurs_logo.jpg\",\"contentUrl\":\"https:\\\/\\\/cssdn.gouv.qc.ca\\\/cfernavigateurs\\\/wp-content\\\/uploads\\\/sites\\\/85\\\/2024\\\/11\\\/centre-formation-entreprise-recuperation-navigateurs_logo.jpg\",\"width\":1800,\"height\":600,\"caption\":\"Centre de formation en entreprise et r\u00e9cup\u00e9ration (CFER) des Navigateurs\"},\"image\":{\"@id\":\"https:\\\/\\\/cssdn.gouv.qc.ca\\\/cfer\\\/#\\\/schema\\\/logo\\\/image\\\/\"},\"sameAs\":[\"https:\\\/\\\/www.facebook.com\\\/cferdesnavigateurs\",\"https:\\\/\\\/x.com\\\/CSSNavigateurs\",\"https:\\\/\\\/www.instagram.com\\\/cssnavigateurs\\\/\",\"https:\\\/\\\/www.youtube.com\\\/channel\\\/UCHbNBehije70JBzCIVT82bQ\",\"https:\\\/\\\/www.linkedin.com\\\/company\\\/centre-services-scolaire-navigateurs\"]}]}<\/script>\n<!-- \/ Yoast SEO plugin. -->","yoast_head_json":{"title":"Le CFER des Navigateurs - Centre de formation en entreprise et r\u00e9cup\u00e9ration (CFER) des Navigateurs","description":"D\u00e9couvrez le centre de formation en entreprise et r\u00e9cup\u00e9ration (CFER) des Navigateurs : sa mission, ses formations, etc.","robots":{"index":"index","follow":"follow","max-snippet":"max-snippet:-1","max-image-preview":"max-image-preview:large","max-video-preview":"max-video-preview:-1"},"canonical":"https:\/\/cssdn.gouv.qc.ca\/cfer\/a-propos\/cfer-navigateurs\/","og_locale":"fr_CA","og_type":"article","og_title":"Le CFER des Navigateurs - Centre de formation en entreprise et r\u00e9cup\u00e9ration (CFER) des Navigateurs","og_description":"D\u00e9couvrez le centre de formation en entreprise et r\u00e9cup\u00e9ration (CFER) des Navigateurs : sa mission, ses formations, etc.","og_url":"https:\/\/cssdn.gouv.qc.ca\/cfer\/a-propos\/cfer-navigateurs\/","og_site_name":"Centre de formation en entreprise et r\u00e9cup\u00e9ration (CFER) des Navigateurs","article_publisher":"https:\/\/www.facebook.com\/cferdesnavigateurs","article_modified_time":"2025-03-31T17:09:37+00:00","og_image":[{"width":1699,"height":902,"url":"https:\/\/cssdn.gouv.qc.ca\/cfer\/wp-content\/uploads\/sites\/85\/2024\/11\/centre-formation-entreprise-recuperation-navigateurs_mission-vision-valeurs.jpg","type":"image\/jpeg"}],"twitter_card":"summary_large_image","twitter_site":"@CSSNavigateurs","twitter_misc":{"Estimation du temps de lecture":"4 minutes"},"schema":{"@context":"https:\/\/schema.org","@graph":[{"@type":"WebPage","@id":"https:\/\/cssdn.gouv.qc.ca\/cfer\/a-propos\/cfer-navigateurs\/","url":"https:\/\/cssdn.gouv.qc.ca\/cfer\/a-propos\/cfer-navigateurs\/","name":"Le CFER des Navigateurs - Centre de formation en entreprise et r\u00e9cup\u00e9ration (CFER) des Navigateurs","isPartOf":{"@id":"https:\/\/cssdn.gouv.qc.ca\/cfer\/#website"},"primaryImageOfPage":{"@id":"https:\/\/cssdn.gouv.qc.ca\/cfer\/a-propos\/cfer-navigateurs\/#primaryimage"},"image":{"@id":"https:\/\/cssdn.gouv.qc.ca\/cfer\/a-propos\/cfer-navigateurs\/#primaryimage"},"thumbnailUrl":"https:\/\/cssdn.gouv.qc.ca\/cfer\/wp-content\/uploads\/sites\/85\/2024\/11\/centre-formation-entreprise-recuperation-navigateurs_mission-vision-valeurs.jpg","datePublished":"2022-11-08T21:07:54+00:00","dateModified":"2025-03-31T17:09:37+00:00","description":"D\u00e9couvrez le centre de formation en entreprise et r\u00e9cup\u00e9ration (CFER) des Navigateurs : sa mission, ses formations, etc.","breadcrumb":{"@id":"https:\/\/cssdn.gouv.qc.ca\/cfer\/a-propos\/cfer-navigateurs\/#breadcrumb"},"inLanguage":"fr-CA","potentialAction":[{"@type":"ReadAction","target":["https:\/\/cssdn.gouv.qc.ca\/cfer\/a-propos\/cfer-navigateurs\/"]}]},{"@type":"ImageObject","inLanguage":"fr-CA","@id":"https:\/\/cssdn.gouv.qc.ca\/cfer\/a-propos\/cfer-navigateurs\/#primaryimage","url":"https:\/\/cssdn.gouv.qc.ca\/cfer\/wp-content\/uploads\/sites\/85\/2024\/11\/centre-formation-entreprise-recuperation-navigateurs_mission-vision-valeurs.jpg","contentUrl":"https:\/\/cssdn.gouv.qc.ca\/cfer\/wp-content\/uploads\/sites\/85\/2024\/11\/centre-formation-entreprise-recuperation-navigateurs_mission-vision-valeurs.jpg","width":1699,"height":902,"caption":"Centre de formation en entreprise et r\u00e9cup\u00e9ration (CFER) des Navigateurs - \u00c9tablissement"},{"@type":"BreadcrumbList","@id":"https:\/\/cssdn.gouv.qc.ca\/cfer\/a-propos\/cfer-navigateurs\/#breadcrumb","itemListElement":[{"@type":"ListItem","position":1,"name":"Accueil","item":"https:\/\/cssdn.gouv.qc.ca\/cfer\/"},{"@type":"ListItem","position":2,"name":"\u00c0 propos","item":"https:\/\/cssdn.gouv.qc.ca\/cfer\/a-propos\/"},{"@type":"ListItem","position":3,"name":"Le CFER des Navigateurs"}]},{"@type":"WebSite","@id":"https:\/\/cssdn.gouv.qc.ca\/cfer\/#website","url":"https:\/\/cssdn.gouv.qc.ca\/cfer\/","name":"Centre de formation en entreprise et r\u00e9cup\u00e9ration (CFER) des Navigateurs","description":"Un site des centres de services scolaires des Navigateurs","publisher":{"@id":"https:\/\/cssdn.gouv.qc.ca\/cfer\/#organization"},"potentialAction":[{"@type":"SearchAction","target":{"@type":"EntryPoint","urlTemplate":"https:\/\/cssdn.gouv.qc.ca\/cfer\/?s={search_term_string}"},"query-input":{"@type":"PropertyValueSpecification","valueRequired":true,"valueName":"search_term_string"}}],"inLanguage":"fr-CA"},{"@type":"Organization","@id":"https:\/\/cssdn.gouv.qc.ca\/cfer\/#organization","name":"Centre de formation en entreprise et r\u00e9cup\u00e9ration (CFER) des Navigateurs","url":"https:\/\/cssdn.gouv.qc.ca\/cfer\/","logo":{"@type":"ImageObject","inLanguage":"fr-CA","@id":"https:\/\/cssdn.gouv.qc.ca\/cfer\/#\/schema\/logo\/image\/","url":"https:\/\/cssdn.gouv.qc.ca\/cfernavigateurs\/wp-content\/uploads\/sites\/85\/2024\/11\/centre-formation-entreprise-recuperation-navigateurs_logo.jpg","contentUrl":"https:\/\/cssdn.gouv.qc.ca\/cfernavigateurs\/wp-content\/uploads\/sites\/85\/2024\/11\/centre-formation-entreprise-recuperation-navigateurs_logo.jpg","width":1800,"height":600,"caption":"Centre de formation en entreprise et r\u00e9cup\u00e9ration (CFER) des Navigateurs"},"image":{"@id":"https:\/\/cssdn.gouv.qc.ca\/cfer\/#\/schema\/logo\/image\/"},"sameAs":["https:\/\/www.facebook.com\/cferdesnavigateurs","https:\/\/x.com\/CSSNavigateurs","https:\/\/www.instagram.com\/cssnavigateurs\/","https:\/\/www.youtube.com\/channel\/UCHbNBehije70JBzCIVT82bQ","https:\/\/www.linkedin.com\/company\/centre-services-scolaire-navigateurs"]}]}},"publishpress_future_action":{"enabled":false,"date":"2026-04-23 18:35:16","action":"change-status","newStatus":"draft","terms":[],"taxonomy":"category","extraData":[]},"publishpress_future_workflow_manual_trigger":{"enabledWorkflows":[]},"_links":{"self":[{"href":"https:\/\/cssdn.gouv.qc.ca\/cfer\/wp-json\/wp\/v2\/pages\/10","targetHints":{"allow":["GET"]}}],"collection":[{"href":"https:\/\/cssdn.gouv.qc.ca\/cfer\/wp-json\/wp\/v2\/pages"}],"about":[{"href":"https:\/\/cssdn.gouv.qc.ca\/cfer\/wp-json\/wp\/v2\/types\/page"}],"author":[{"embeddable":true,"href":"https:\/\/cssdn.gouv.qc.ca\/cfer\/wp-json\/wp\/v2\/users\/21"}],"replies":[{"embeddable":true,"href":"https:\/\/cssdn.gouv.qc.ca\/cfer\/wp-json\/wp\/v2\/comments?post=10"}],"version-history":[{"count":0,"href":"https:\/\/cssdn.gouv.qc.ca\/cfer\/wp-json\/wp\/v2\/pages\/10\/revisions"}],"up":[{"embeddable":true,"href":"https:\/\/cssdn.gouv.qc.ca\/cfer\/wp-json\/wp\/v2\/pages\/6"}],"wp:featuredmedia":[{"embeddable":true,"href":"https:\/\/cssdn.gouv.qc.ca\/cfer\/wp-json\/wp\/v2\/media\/414"}],"wp:attachment":[{"href":"https:\/\/cssdn.gouv.qc.ca\/cfer\/wp-json\/wp\/v2\/media?parent=10"}],"wp:term":[{"taxonomy":"category","embeddable":true,"href":"https:\/\/cssdn.gouv.qc.ca\/cfer\/wp-json\/wp\/v2\/categories?post=10"},{"taxonomy":"post_tag","embeddable":true,"href":"https:\/\/cssdn.gouv.qc.ca\/cfer\/wp-json\/wp\/v2\/tags?post=10"}],"curies":[{"name":"wp","href":"https:\/\/api.w.org\/{rel}","templated":true}]}}