
{"id":174,"date":"2024-11-06T11:46:16","date_gmt":"2024-11-06T16:46:16","guid":{"rendered":"https:\/\/cssdn.gouv.qc.ca\/cfernavigateurs\/?page_id=174"},"modified":"2025-10-29T16:14:08","modified_gmt":"2025-10-29T20:14:08","slug":"conseil-detablissement","status":"publish","type":"page","link":"https:\/\/cssdn.gouv.qc.ca\/cfer\/a-propos\/conseil-detablissement\/","title":{"rendered":"Conseil d&rsquo;\u00e9tablissement"},"content":{"rendered":"\n<div class=\"wp-block-cover alignfull is-style-title-banner\"><img decoding=\"async\" width=\"1500\" height=\"762\" class=\"wp-block-cover__image-background wp-image-348 lazyload\" alt=\"Centre de formation en entreprise et r\u00e9cup\u00e9ration (CFER) des Navigateurs\" data-src=\"https:\/\/cssdn.gouv.qc.ca\/cfernavigateurs\/wp-content\/uploads\/sites\/85\/2024\/11\/centre-formation-entreprise-recuperation-navigateurs_accueil.png\" data-object-fit=\"cover\" data-srcset=\"https:\/\/cssdn.gouv.qc.ca\/cfer\/wp-content\/uploads\/sites\/85\/2024\/11\/centre-formation-entreprise-recuperation-navigateurs_accueil.png 1500w, https:\/\/cssdn.gouv.qc.ca\/cfer\/wp-content\/uploads\/sites\/85\/2024\/11\/centre-formation-entreprise-recuperation-navigateurs_accueil-300x152.png 300w, https:\/\/cssdn.gouv.qc.ca\/cfer\/wp-content\/uploads\/sites\/85\/2024\/11\/centre-formation-entreprise-recuperation-navigateurs_accueil-1024x520.png 1024w, https:\/\/cssdn.gouv.qc.ca\/cfer\/wp-content\/uploads\/sites\/85\/2024\/11\/centre-formation-entreprise-recuperation-navigateurs_accueil-768x390.png 768w\" data-sizes=\"(max-width: 1500px) 100vw, 1500px\" src=\"data:image\/svg+xml;base64,PHN2ZyB3aWR0aD0iMSIgaGVpZ2h0PSIxIiB4bWxucz0iaHR0cDovL3d3dy53My5vcmcvMjAwMC9zdmciPjwvc3ZnPg==\" style=\"--smush-placeholder-width: 1500px; --smush-placeholder-aspect-ratio: 1500\/762;\" \/><span aria-hidden=\"true\" class=\"wp-block-cover__background has-primary-background-color has-background-dim\"><\/span><div class=\"wp-block-cover__inner-container\"><h3 class=\"wp-block-post-title\">Conseil d&rsquo;\u00e9tablissement<\/h3><\/div><\/div>\n\n\n\n<div class=\"wp-block-group alignfull has-padding-y-large has-secondary-background-color has-background\"><div class=\"yoast-breadcrumbs alignwide \"><span class=\"breadcrumbs\"><a href=\"https:\/\/cssdn.gouv.qc.ca\/cfer\/\" class=\"breadcrumbs__element\">Accueil<\/a> <span class=\"breadcrumbs__separator\">\n        <svg class=\"icon icon-breadcrumb__separator\"><use xlink:href=\"#icon-breadcrumb__separator\"><\/use><\/svg>\n    <\/span> <a href=\"https:\/\/cssdn.gouv.qc.ca\/cfer\/a-propos\/\" class=\"breadcrumbs__element\">\u00c0 propos<\/a> <span class=\"breadcrumbs__separator\">\n        <svg class=\"icon icon-breadcrumb__separator\"><use xlink:href=\"#icon-breadcrumb__separator\"><\/use><\/svg>\n    <\/span> <span class=\"breadcrumbs__element breadcrumbs__element-current\">Conseil d&rsquo;\u00e9tablissement<\/span><\/span><\/div><\/div>\n\n\n\n<h2 class=\"wp-block-heading\">Conseil d\u2019\u00e9tablissement du centre de formation en entreprise et r\u00e9cup\u00e9ration (CFER) des Navigateurs pour l\u2019ann\u00e9e scolaire 2024-2025<\/h2>\n\n\n\n<h3 class=\"wp-block-heading\">Membres du conseil d\u2019\u00e9tablissement <\/h3>\n\n\n\n<p class=\"wp-block-paragraph\"><strong>Direction&nbsp;<\/strong><\/p>\n\n\n\n<ul class=\"wp-block-list\">\n<li>Sonia B\u00e9dard<\/li>\n\n\n\n<li>Robert Giroux<\/li>\n<\/ul>\n\n\n\n<p class=\"wp-block-paragraph\"><strong>Parents<\/strong><\/p>\n\n\n\n<ul class=\"wp-block-list\">\n<li>M\u00e9lanie Bouchard<\/li>\n\n\n\n<li>Suzie Thiboutot <\/li>\n\n\n\n<li>Karine B\u00e9gin<\/li>\n\n\n\n<li>Christine Tremblay <\/li>\n\n\n\n<li>Christine Mercier &#8211; Substitut<\/li>\n<\/ul>\n\n\n\n<p class=\"wp-block-paragraph\"><strong>Personnel enseignant<\/strong><\/p>\n\n\n\n<ul class=\"wp-block-list\">\n<li>Jos\u00e9e Doucet<\/li>\n\n\n\n<li>Claudie Ferland<\/li>\n\n\n\n<li>Sabrina Roberge<\/li>\n<\/ul>\n\n\n\n<p class=\"wp-block-paragraph\"><strong>Personnel professionnel<\/strong><\/p>\n\n\n\n<ul class=\"wp-block-list\">\n<li>St\u00e9phanie Chabot<\/li>\n<\/ul>\n\n\n\n<p class=\"wp-block-paragraph\"><strong>Membre de la communaut\u00e9<\/strong><\/p>\n\n\n\n<ul class=\"wp-block-list\">\n<li>Jennifer Chabot<\/li>\n<\/ul>\n\n\n\n<h3 class=\"wp-block-heading\">Calendrier des rencontres <\/h3>\n\n\n\n<p class=\"wp-block-paragraph\">Toutes les rencontres se d\u00e9roulent en pr\u00e9sentiel, au CFER des Navigateurs, \u00e0 19 h, au local F-13.<\/p>\n\n\n\n<ul class=\"wp-block-list\">\n<li>24 septembre 2025<\/li>\n\n\n\n<li>3 d\u00e9cembre 2025<\/li>\n\n\n\n<li>28 janvier 2026<\/li>\n\n\n\n<li>15 avril 2026<\/li>\n\n\n\n<li>10 juin 2026<\/li>\n<\/ul>\n\n\n\n<p class=\"wp-block-paragraph\"><\/p>\n\n\n\n<ul class=\"wp-block-list\">\n<li>11 juin 2025<\/li>\n\n\n\n<li>16 avril 2025\n<ul class=\"wp-block-list\">\n<li><a href=\"https:\/\/cssdn.gouv.qc.ca\/cfer\/wp-content\/uploads\/sites\/85\/2025\/06\/PV-16-avr.-25.pdf\">proc\u00e8s-verbal<\/a><\/li>\n<\/ul>\n<\/li>\n\n\n\n<li>29 janvier 2025\n<ul class=\"wp-block-list\">\n<li><a href=\"https:\/\/cssdn.gouv.qc.ca\/cfernavigateurs\/wp-content\/uploads\/sites\/85\/2025\/04\/PV-29-jan.-25.pdf\" data-type=\"attachment\" data-id=\"530\">proc\u00e8s-verbal<\/a><\/li>\n<\/ul>\n<\/li>\n\n\n\n<li>4 d\u00e9cembre 2024\n<ul class=\"wp-block-list\">\n<li><a href=\"https:\/\/cssdn.gouv.qc.ca\/cfernavigateurs\/wp-content\/uploads\/sites\/85\/2024\/12\/cfer-conseil-etablissement-odj-4dec24.pdf\" target=\"_blank\" rel=\"noreferrer noopener\">ordre du jour<\/a><\/li>\n\n\n\n<li><a href=\"https:\/\/cssdn.gouv.qc.ca\/cfernavigateurs\/wp-content\/uploads\/sites\/85\/2025\/02\/PV-4-dec.-24.pdf\">proc\u00e8s-verbal<\/a><\/li>\n<\/ul>\n<\/li>\n\n\n\n<li>25 septembre 2024\n<ul class=\"wp-block-list\">\n<li><a href=\"https:\/\/cssdn.gouv.qc.ca\/cfernavigateurs\/wp-content\/uploads\/sites\/85\/2024\/12\/cfer-conseil-etablissement-odj-25sept24.pdf\" target=\"_blank\" rel=\"noreferrer noopener\">ordre du jour<\/a><\/li>\n\n\n\n<li><a href=\"https:\/\/cssdn.gouv.qc.ca\/cfernavigateurs\/wp-content\/uploads\/sites\/85\/2024\/12\/cfer-conseil-etablissement-pv-25sept24.pdf\" target=\"_blank\" rel=\"noreferrer noopener\">proc\u00e8s-verbal<\/a><\/li>\n<\/ul>\n<\/li>\n\n\n\n<li>12 juin 2024\n<ul class=\"wp-block-list\">\n<li><a href=\"https:\/\/cssdn.gouv.qc.ca\/cfernavigateurs\/wp-content\/uploads\/sites\/85\/2025\/02\/PV-12-juin-24.pdf\">proc\u00e8s-verbal<\/a><\/li>\n<\/ul>\n<\/li>\n<\/ul>\n\n\n\n<div class=\"act-collapsible\">\n<h2 class=\"wp-block-heading act-collapsible__heading\">2023-2024<\/h2>\n\n\n\n<div class=\"act-collapsible__content\"><div class=\"act-collapsible__content-inner\">\n<ul class=\"wp-block-list\">\n<li><a href=\"https:\/\/cssdn.gouv.qc.ca\/cfernavigateurs\/wp-content\/uploads\/sites\/85\/2024\/11\/cfer-conseil-etablissement-rapport-annuel-gestion-2023-2024.pdf\">Rapport annuel de gestion du conseil d\u2019\u00e9tablissement<\/a><\/li>\n\n\n\n<li><a href=\"https:\/\/cssdn.gouv.qc.ca\/cfernavigateurs\/wp-content\/uploads\/sites\/85\/2024\/11\/cfer-proces-verbal-conseil-etablissement-17avr24.pdf\" target=\"_blank\" rel=\"noreferrer noopener\">Proc\u00e8s-verbal du 17 avril 2024<\/a><\/li>\n\n\n\n<li><a href=\"https:\/\/cssdn.gouv.qc.ca\/cfernavigateurs\/wp-content\/uploads\/sites\/85\/2024\/11\/cfer-proces-verbal-conseil-etablissement-31jan24.pdf\" target=\"_blank\" rel=\"noreferrer noopener\">Proc\u00e8s-verbal du 31 janvier 2024<\/a><\/li>\n\n\n\n<li><a href=\"https:\/\/cssdn.gouv.qc.ca\/cfernavigateurs\/wp-content\/uploads\/sites\/85\/2024\/11\/cfer-proces-verbal-conseil-etablissement-6dec23.pdf\" target=\"_blank\" rel=\"noreferrer noopener\">Proc\u00e8s-verbal du 6 d\u00e9cembre 2023<\/a><\/li>\n<\/ul>\n<\/div><\/div>\n<\/div>\n\n\n","protected":false},"excerpt":{"rendered":"<p>Conseil d\u2019\u00e9tablissement du centre de formation en entreprise et r\u00e9cup\u00e9ration (CFER) des Navigateurs pour l\u2019ann\u00e9e scolaire 2024-2025 Membres du conseil d\u2019\u00e9tablissement Direction&nbsp; Parents Personnel enseignant Personnel professionnel Membre de la communaut\u00e9 Calendrier des rencontres Toutes les rencontres se d\u00e9roulent en pr\u00e9sentiel, au CFER des Navigateurs, \u00e0 19 h, au local F-13.<\/p>\n","protected":false},"author":21,"featured_media":0,"parent":6,"menu_order":7,"comment_status":"closed","ping_status":"closed","template":"","meta":{"_acf_changed":false,"_crdt_document":"","inline_featured_image":false,"footnotes":""},"categories":[],"tags":[],"class_list":["post-174","page","type-page","status-publish","hentry"],"acf":[],"yoast_head":"<!-- This site is optimized with the Yoast SEO plugin v27.4 - https:\/\/yoast.com\/product\/yoast-seo-wordpress\/ -->\n<title>Conseil d&#039;\u00e9tablissement - Centre de formation en entreprise et r\u00e9cup\u00e9ration (CFER) des Navigateurs<\/title>\n<meta name=\"description\" content=\"Toutes les informations sur le conseil d\u2019\u00e9tablissement du centre de formation en entreprise et r\u00e9cup\u00e9ration (CFER) des Navigateurs.\" \/>\n<meta name=\"robots\" content=\"index, follow, max-snippet:-1, max-image-preview:large, max-video-preview:-1\" \/>\n<link rel=\"canonical\" href=\"https:\/\/cssdn.gouv.qc.ca\/cfer\/a-propos\/conseil-detablissement\/\" \/>\n<meta property=\"og:locale\" content=\"fr_CA\" \/>\n<meta property=\"og:type\" content=\"article\" \/>\n<meta property=\"og:title\" content=\"Conseil d&#039;\u00e9tablissement - Centre de formation en entreprise et r\u00e9cup\u00e9ration (CFER) des Navigateurs\" \/>\n<meta property=\"og:description\" content=\"Toutes les informations sur le conseil d\u2019\u00e9tablissement du centre de formation en entreprise et r\u00e9cup\u00e9ration (CFER) des Navigateurs.\" \/>\n<meta property=\"og:url\" content=\"https:\/\/cssdn.gouv.qc.ca\/cfer\/a-propos\/conseil-detablissement\/\" \/>\n<meta property=\"og:site_name\" content=\"Centre de formation en entreprise et r\u00e9cup\u00e9ration (CFER) des Navigateurs\" \/>\n<meta property=\"article:publisher\" content=\"https:\/\/www.facebook.com\/cferdesnavigateurs\" \/>\n<meta property=\"article:modified_time\" content=\"2025-10-29T20:14:08+00:00\" \/>\n<meta property=\"og:image\" content=\"https:\/\/cssdn.gouv.qc.ca\/cfer\/wp-content\/uploads\/sites\/85\/2024\/11\/centre-formation-entreprise-recuperation-navigateurs_accueil.png\" \/>\n\t<meta property=\"og:image:width\" content=\"1500\" \/>\n\t<meta property=\"og:image:height\" content=\"762\" \/>\n\t<meta property=\"og:image:type\" content=\"image\/png\" \/>\n<meta name=\"twitter:card\" content=\"summary_large_image\" \/>\n<meta name=\"twitter:site\" content=\"@CSSNavigateurs\" \/>\n<meta name=\"twitter:label1\" content=\"Estimation du temps de lecture\" \/>\n\t<meta name=\"twitter:data1\" content=\"1 minute\" \/>\n<script type=\"application\/ld+json\" class=\"yoast-schema-graph\">{\"@context\":\"https:\\\/\\\/schema.org\",\"@graph\":[{\"@type\":\"WebPage\",\"@id\":\"https:\\\/\\\/cssdn.gouv.qc.ca\\\/cfer\\\/a-propos\\\/conseil-detablissement\\\/\",\"url\":\"https:\\\/\\\/cssdn.gouv.qc.ca\\\/cfer\\\/a-propos\\\/conseil-detablissement\\\/\",\"name\":\"Conseil d'\u00e9tablissement - Centre de formation en entreprise et r\u00e9cup\u00e9ration (CFER) des Navigateurs\",\"isPartOf\":{\"@id\":\"https:\\\/\\\/cssdn.gouv.qc.ca\\\/cfer\\\/#website\"},\"primaryImageOfPage\":{\"@id\":\"https:\\\/\\\/cssdn.gouv.qc.ca\\\/cfer\\\/a-propos\\\/conseil-detablissement\\\/#primaryimage\"},\"image\":{\"@id\":\"https:\\\/\\\/cssdn.gouv.qc.ca\\\/cfer\\\/a-propos\\\/conseil-detablissement\\\/#primaryimage\"},\"thumbnailUrl\":\"https:\\\/\\\/cssdn.gouv.qc.ca\\\/cfernavigateurs\\\/wp-content\\\/uploads\\\/sites\\\/85\\\/2024\\\/11\\\/centre-formation-entreprise-recuperation-navigateurs_accueil.png\",\"datePublished\":\"2024-11-06T16:46:16+00:00\",\"dateModified\":\"2025-10-29T20:14:08+00:00\",\"description\":\"Toutes les informations sur le conseil d\u2019\u00e9tablissement du centre de formation en entreprise et r\u00e9cup\u00e9ration (CFER) des Navigateurs.\",\"breadcrumb\":{\"@id\":\"https:\\\/\\\/cssdn.gouv.qc.ca\\\/cfer\\\/a-propos\\\/conseil-detablissement\\\/#breadcrumb\"},\"inLanguage\":\"fr-CA\",\"potentialAction\":[{\"@type\":\"ReadAction\",\"target\":[\"https:\\\/\\\/cssdn.gouv.qc.ca\\\/cfer\\\/a-propos\\\/conseil-detablissement\\\/\"]}]},{\"@type\":\"ImageObject\",\"inLanguage\":\"fr-CA\",\"@id\":\"https:\\\/\\\/cssdn.gouv.qc.ca\\\/cfer\\\/a-propos\\\/conseil-detablissement\\\/#primaryimage\",\"url\":\"https:\\\/\\\/cssdn.gouv.qc.ca\\\/cfer\\\/wp-content\\\/uploads\\\/sites\\\/85\\\/2024\\\/11\\\/centre-formation-entreprise-recuperation-navigateurs_accueil.png\",\"contentUrl\":\"https:\\\/\\\/cssdn.gouv.qc.ca\\\/cfer\\\/wp-content\\\/uploads\\\/sites\\\/85\\\/2024\\\/11\\\/centre-formation-entreprise-recuperation-navigateurs_accueil.png\",\"width\":1500,\"height\":762,\"caption\":\"Centre de formation en entreprise et r\u00e9cup\u00e9ration (CFER) des Navigateurs\"},{\"@type\":\"BreadcrumbList\",\"@id\":\"https:\\\/\\\/cssdn.gouv.qc.ca\\\/cfer\\\/a-propos\\\/conseil-detablissement\\\/#breadcrumb\",\"itemListElement\":[{\"@type\":\"ListItem\",\"position\":1,\"name\":\"Accueil\",\"item\":\"https:\\\/\\\/cssdn.gouv.qc.ca\\\/cfer\\\/\"},{\"@type\":\"ListItem\",\"position\":2,\"name\":\"\u00c0 propos\",\"item\":\"https:\\\/\\\/cssdn.gouv.qc.ca\\\/cfer\\\/a-propos\\\/\"},{\"@type\":\"ListItem\",\"position\":3,\"name\":\"Conseil d&rsquo;\u00e9tablissement\"}]},{\"@type\":\"WebSite\",\"@id\":\"https:\\\/\\\/cssdn.gouv.qc.ca\\\/cfer\\\/#website\",\"url\":\"https:\\\/\\\/cssdn.gouv.qc.ca\\\/cfer\\\/\",\"name\":\"Centre de formation en entreprise et r\u00e9cup\u00e9ration (CFER) des Navigateurs\",\"description\":\"Un site des centres de services scolaires des Navigateurs\",\"publisher\":{\"@id\":\"https:\\\/\\\/cssdn.gouv.qc.ca\\\/cfer\\\/#organization\"},\"potentialAction\":[{\"@type\":\"SearchAction\",\"target\":{\"@type\":\"EntryPoint\",\"urlTemplate\":\"https:\\\/\\\/cssdn.gouv.qc.ca\\\/cfer\\\/?s={search_term_string}\"},\"query-input\":{\"@type\":\"PropertyValueSpecification\",\"valueRequired\":true,\"valueName\":\"search_term_string\"}}],\"inLanguage\":\"fr-CA\"},{\"@type\":\"Organization\",\"@id\":\"https:\\\/\\\/cssdn.gouv.qc.ca\\\/cfer\\\/#organization\",\"name\":\"Centre de formation en entreprise et r\u00e9cup\u00e9ration (CFER) des Navigateurs\",\"url\":\"https:\\\/\\\/cssdn.gouv.qc.ca\\\/cfer\\\/\",\"logo\":{\"@type\":\"ImageObject\",\"inLanguage\":\"fr-CA\",\"@id\":\"https:\\\/\\\/cssdn.gouv.qc.ca\\\/cfer\\\/#\\\/schema\\\/logo\\\/image\\\/\",\"url\":\"https:\\\/\\\/cssdn.gouv.qc.ca\\\/cfernavigateurs\\\/wp-content\\\/uploads\\\/sites\\\/85\\\/2024\\\/11\\\/centre-formation-entreprise-recuperation-navigateurs_logo.jpg\",\"contentUrl\":\"https:\\\/\\\/cssdn.gouv.qc.ca\\\/cfernavigateurs\\\/wp-content\\\/uploads\\\/sites\\\/85\\\/2024\\\/11\\\/centre-formation-entreprise-recuperation-navigateurs_logo.jpg\",\"width\":1800,\"height\":600,\"caption\":\"Centre de formation en entreprise et r\u00e9cup\u00e9ration (CFER) des Navigateurs\"},\"image\":{\"@id\":\"https:\\\/\\\/cssdn.gouv.qc.ca\\\/cfer\\\/#\\\/schema\\\/logo\\\/image\\\/\"},\"sameAs\":[\"https:\\\/\\\/www.facebook.com\\\/cferdesnavigateurs\",\"https:\\\/\\\/x.com\\\/CSSNavigateurs\",\"https:\\\/\\\/www.instagram.com\\\/cssnavigateurs\\\/\",\"https:\\\/\\\/www.youtube.com\\\/channel\\\/UCHbNBehije70JBzCIVT82bQ\",\"https:\\\/\\\/www.linkedin.com\\\/company\\\/centre-services-scolaire-navigateurs\"]}]}<\/script>\n<!-- \/ Yoast SEO plugin. -->","yoast_head_json":{"title":"Conseil d'\u00e9tablissement - Centre de formation en entreprise et r\u00e9cup\u00e9ration (CFER) des Navigateurs","description":"Toutes les informations sur le conseil d\u2019\u00e9tablissement du centre de formation en entreprise et r\u00e9cup\u00e9ration (CFER) des Navigateurs.","robots":{"index":"index","follow":"follow","max-snippet":"max-snippet:-1","max-image-preview":"max-image-preview:large","max-video-preview":"max-video-preview:-1"},"canonical":"https:\/\/cssdn.gouv.qc.ca\/cfer\/a-propos\/conseil-detablissement\/","og_locale":"fr_CA","og_type":"article","og_title":"Conseil d'\u00e9tablissement - Centre de formation en entreprise et r\u00e9cup\u00e9ration (CFER) des Navigateurs","og_description":"Toutes les informations sur le conseil d\u2019\u00e9tablissement du centre de formation en entreprise et r\u00e9cup\u00e9ration (CFER) des Navigateurs.","og_url":"https:\/\/cssdn.gouv.qc.ca\/cfer\/a-propos\/conseil-detablissement\/","og_site_name":"Centre de formation en entreprise et r\u00e9cup\u00e9ration (CFER) des Navigateurs","article_publisher":"https:\/\/www.facebook.com\/cferdesnavigateurs","article_modified_time":"2025-10-29T20:14:08+00:00","og_image":[{"width":1500,"height":762,"url":"https:\/\/cssdn.gouv.qc.ca\/cfer\/wp-content\/uploads\/sites\/85\/2024\/11\/centre-formation-entreprise-recuperation-navigateurs_accueil.png","type":"image\/png"}],"twitter_card":"summary_large_image","twitter_site":"@CSSNavigateurs","twitter_misc":{"Estimation du temps de lecture":"1 minute"},"schema":{"@context":"https:\/\/schema.org","@graph":[{"@type":"WebPage","@id":"https:\/\/cssdn.gouv.qc.ca\/cfer\/a-propos\/conseil-detablissement\/","url":"https:\/\/cssdn.gouv.qc.ca\/cfer\/a-propos\/conseil-detablissement\/","name":"Conseil d'\u00e9tablissement - Centre de formation en entreprise et r\u00e9cup\u00e9ration (CFER) des Navigateurs","isPartOf":{"@id":"https:\/\/cssdn.gouv.qc.ca\/cfer\/#website"},"primaryImageOfPage":{"@id":"https:\/\/cssdn.gouv.qc.ca\/cfer\/a-propos\/conseil-detablissement\/#primaryimage"},"image":{"@id":"https:\/\/cssdn.gouv.qc.ca\/cfer\/a-propos\/conseil-detablissement\/#primaryimage"},"thumbnailUrl":"https:\/\/cssdn.gouv.qc.ca\/cfernavigateurs\/wp-content\/uploads\/sites\/85\/2024\/11\/centre-formation-entreprise-recuperation-navigateurs_accueil.png","datePublished":"2024-11-06T16:46:16+00:00","dateModified":"2025-10-29T20:14:08+00:00","description":"Toutes les informations sur le conseil d\u2019\u00e9tablissement du centre de formation en entreprise et r\u00e9cup\u00e9ration (CFER) des Navigateurs.","breadcrumb":{"@id":"https:\/\/cssdn.gouv.qc.ca\/cfer\/a-propos\/conseil-detablissement\/#breadcrumb"},"inLanguage":"fr-CA","potentialAction":[{"@type":"ReadAction","target":["https:\/\/cssdn.gouv.qc.ca\/cfer\/a-propos\/conseil-detablissement\/"]}]},{"@type":"ImageObject","inLanguage":"fr-CA","@id":"https:\/\/cssdn.gouv.qc.ca\/cfer\/a-propos\/conseil-detablissement\/#primaryimage","url":"https:\/\/cssdn.gouv.qc.ca\/cfer\/wp-content\/uploads\/sites\/85\/2024\/11\/centre-formation-entreprise-recuperation-navigateurs_accueil.png","contentUrl":"https:\/\/cssdn.gouv.qc.ca\/cfer\/wp-content\/uploads\/sites\/85\/2024\/11\/centre-formation-entreprise-recuperation-navigateurs_accueil.png","width":1500,"height":762,"caption":"Centre de formation en entreprise et r\u00e9cup\u00e9ration (CFER) des Navigateurs"},{"@type":"BreadcrumbList","@id":"https:\/\/cssdn.gouv.qc.ca\/cfer\/a-propos\/conseil-detablissement\/#breadcrumb","itemListElement":[{"@type":"ListItem","position":1,"name":"Accueil","item":"https:\/\/cssdn.gouv.qc.ca\/cfer\/"},{"@type":"ListItem","position":2,"name":"\u00c0 propos","item":"https:\/\/cssdn.gouv.qc.ca\/cfer\/a-propos\/"},{"@type":"ListItem","position":3,"name":"Conseil d&rsquo;\u00e9tablissement"}]},{"@type":"WebSite","@id":"https:\/\/cssdn.gouv.qc.ca\/cfer\/#website","url":"https:\/\/cssdn.gouv.qc.ca\/cfer\/","name":"Centre de formation en entreprise et r\u00e9cup\u00e9ration (CFER) des Navigateurs","description":"Un site des centres de services scolaires des Navigateurs","publisher":{"@id":"https:\/\/cssdn.gouv.qc.ca\/cfer\/#organization"},"potentialAction":[{"@type":"SearchAction","target":{"@type":"EntryPoint","urlTemplate":"https:\/\/cssdn.gouv.qc.ca\/cfer\/?s={search_term_string}"},"query-input":{"@type":"PropertyValueSpecification","valueRequired":true,"valueName":"search_term_string"}}],"inLanguage":"fr-CA"},{"@type":"Organization","@id":"https:\/\/cssdn.gouv.qc.ca\/cfer\/#organization","name":"Centre de formation en entreprise et r\u00e9cup\u00e9ration (CFER) des Navigateurs","url":"https:\/\/cssdn.gouv.qc.ca\/cfer\/","logo":{"@type":"ImageObject","inLanguage":"fr-CA","@id":"https:\/\/cssdn.gouv.qc.ca\/cfer\/#\/schema\/logo\/image\/","url":"https:\/\/cssdn.gouv.qc.ca\/cfernavigateurs\/wp-content\/uploads\/sites\/85\/2024\/11\/centre-formation-entreprise-recuperation-navigateurs_logo.jpg","contentUrl":"https:\/\/cssdn.gouv.qc.ca\/cfernavigateurs\/wp-content\/uploads\/sites\/85\/2024\/11\/centre-formation-entreprise-recuperation-navigateurs_logo.jpg","width":1800,"height":600,"caption":"Centre de formation en entreprise et r\u00e9cup\u00e9ration (CFER) des Navigateurs"},"image":{"@id":"https:\/\/cssdn.gouv.qc.ca\/cfer\/#\/schema\/logo\/image\/"},"sameAs":["https:\/\/www.facebook.com\/cferdesnavigateurs","https:\/\/x.com\/CSSNavigateurs","https:\/\/www.instagram.com\/cssnavigateurs\/","https:\/\/www.youtube.com\/channel\/UCHbNBehije70JBzCIVT82bQ","https:\/\/www.linkedin.com\/company\/centre-services-scolaire-navigateurs"]}]}},"publishpress_future_action":{"enabled":false,"date":"2026-04-27 04:58:54","action":"change-status","newStatus":"draft","terms":[],"taxonomy":"category","extraData":[]},"publishpress_future_workflow_manual_trigger":{"enabledWorkflows":[]},"_links":{"self":[{"href":"https:\/\/cssdn.gouv.qc.ca\/cfer\/wp-json\/wp\/v2\/pages\/174","targetHints":{"allow":["GET"]}}],"collection":[{"href":"https:\/\/cssdn.gouv.qc.ca\/cfer\/wp-json\/wp\/v2\/pages"}],"about":[{"href":"https:\/\/cssdn.gouv.qc.ca\/cfer\/wp-json\/wp\/v2\/types\/page"}],"author":[{"embeddable":true,"href":"https:\/\/cssdn.gouv.qc.ca\/cfer\/wp-json\/wp\/v2\/users\/21"}],"replies":[{"embeddable":true,"href":"https:\/\/cssdn.gouv.qc.ca\/cfer\/wp-json\/wp\/v2\/comments?post=174"}],"version-history":[{"count":0,"href":"https:\/\/cssdn.gouv.qc.ca\/cfer\/wp-json\/wp\/v2\/pages\/174\/revisions"}],"up":[{"embeddable":true,"href":"https:\/\/cssdn.gouv.qc.ca\/cfer\/wp-json\/wp\/v2\/pages\/6"}],"wp:attachment":[{"href":"https:\/\/cssdn.gouv.qc.ca\/cfer\/wp-json\/wp\/v2\/media?parent=174"}],"wp:term":[{"taxonomy":"category","embeddable":true,"href":"https:\/\/cssdn.gouv.qc.ca\/cfer\/wp-json\/wp\/v2\/categories?post=174"},{"taxonomy":"post_tag","embeddable":true,"href":"https:\/\/cssdn.gouv.qc.ca\/cfer\/wp-json\/wp\/v2\/tags?post=174"}],"curies":[{"name":"wp","href":"https:\/\/api.w.org\/{rel}","templated":true}]}}