
{"id":181,"date":"2024-11-06T11:51:39","date_gmt":"2024-11-06T16:51:39","guid":{"rendered":"https:\/\/cssdn.gouv.qc.ca\/cfernavigateurs\/?page_id=181"},"modified":"2024-11-08T10:06:37","modified_gmt":"2024-11-08T15:06:37","slug":"ecole-entreprise","status":"publish","type":"page","link":"https:\/\/cssdn.gouv.qc.ca\/cfer\/ecole-entreprise\/","title":{"rendered":"\u00c9cole-entreprise"},"content":{"rendered":"\n<div class=\"wp-block-cover alignfull is-light is-style-title-banner\"><span aria-hidden=\"true\" class=\"wp-block-cover__background has-primary-background-color has-background-dim\"><\/span><div class=\"wp-block-cover__inner-container\"><h3 class=\"wp-block-post-title\">\u00c9cole-entreprise<\/h3><\/div><\/div>\n\n\n\n<div class=\"wp-block-group alignfull has-padding-y-large has-secondary-background-color has-background\"><div class=\"yoast-breadcrumbs alignwide \"><span class=\"breadcrumbs\"><a href=\"https:\/\/cssdn.gouv.qc.ca\/cfer\/\" class=\"breadcrumbs__element\">Accueil<\/a> <span class=\"breadcrumbs__separator\">\n        <svg class=\"icon icon-breadcrumb__separator\"><use xlink:href=\"#icon-breadcrumb__separator\"><\/use><\/svg>\n    <\/span> <span class=\"breadcrumbs__element breadcrumbs__element-current\">\u00c9cole-entreprise<\/span><\/span><\/div><\/div>\n\n\n\n<p class=\"wp-block-paragraph\"><\/p>\n","protected":false},"excerpt":{"rendered":"","protected":false},"author":21,"featured_media":0,"parent":0,"menu_order":51,"comment_status":"closed","ping_status":"closed","template":"","meta":{"_acf_changed":false,"_crdt_document":"","inline_featured_image":false,"footnotes":""},"categories":[],"tags":[],"class_list":["post-181","page","type-page","status-publish","hentry"],"acf":[],"yoast_head":"<!-- This site is optimized with the Yoast SEO plugin v27.3 - https:\/\/yoast.com\/product\/yoast-seo-wordpress\/ -->\n<title>\u00c9cole-entreprise - Centre de formation en entreprise et r\u00e9cup\u00e9ration (CFER) des Navigateurs<\/title>\n<meta name=\"robots\" content=\"index, follow, max-snippet:-1, max-image-preview:large, max-video-preview:-1\" \/>\n<link rel=\"canonical\" href=\"https:\/\/cssdn.gouv.qc.ca\/cfer\/ecole-entreprise\/\" \/>\n<meta property=\"og:locale\" content=\"fr_CA\" \/>\n<meta property=\"og:type\" content=\"article\" \/>\n<meta property=\"og:title\" content=\"\u00c9cole-entreprise - Centre de formation en entreprise et r\u00e9cup\u00e9ration (CFER) des Navigateurs\" \/>\n<meta property=\"og:url\" content=\"https:\/\/cssdn.gouv.qc.ca\/cfer\/ecole-entreprise\/\" \/>\n<meta property=\"og:site_name\" content=\"Centre de formation en entreprise et r\u00e9cup\u00e9ration (CFER) des Navigateurs\" \/>\n<meta property=\"article:publisher\" content=\"https:\/\/www.facebook.com\/cferdesnavigateurs\" \/>\n<meta property=\"article:modified_time\" content=\"2024-11-08T15:06:37+00:00\" \/>\n<meta name=\"twitter:card\" content=\"summary_large_image\" \/>\n<meta name=\"twitter:site\" content=\"@CSSNavigateurs\" \/>\n<script type=\"application\/ld+json\" class=\"yoast-schema-graph\">{\"@context\":\"https:\\\/\\\/schema.org\",\"@graph\":[{\"@type\":\"WebPage\",\"@id\":\"https:\\\/\\\/cssdn.gouv.qc.ca\\\/cfer\\\/ecole-entreprise\\\/\",\"url\":\"https:\\\/\\\/cssdn.gouv.qc.ca\\\/cfer\\\/ecole-entreprise\\\/\",\"name\":\"\u00c9cole-entreprise - Centre de formation en entreprise et r\u00e9cup\u00e9ration (CFER) des Navigateurs\",\"isPartOf\":{\"@id\":\"https:\\\/\\\/cssdn.gouv.qc.ca\\\/cfer\\\/#website\"},\"datePublished\":\"2024-11-06T16:51:39+00:00\",\"dateModified\":\"2024-11-08T15:06:37+00:00\",\"breadcrumb\":{\"@id\":\"https:\\\/\\\/cssdn.gouv.qc.ca\\\/cfer\\\/ecole-entreprise\\\/#breadcrumb\"},\"inLanguage\":\"fr-CA\",\"potentialAction\":[{\"@type\":\"ReadAction\",\"target\":[\"https:\\\/\\\/cssdn.gouv.qc.ca\\\/cfer\\\/ecole-entreprise\\\/\"]}]},{\"@type\":\"BreadcrumbList\",\"@id\":\"https:\\\/\\\/cssdn.gouv.qc.ca\\\/cfer\\\/ecole-entreprise\\\/#breadcrumb\",\"itemListElement\":[{\"@type\":\"ListItem\",\"position\":1,\"name\":\"Accueil\",\"item\":\"https:\\\/\\\/cssdn.gouv.qc.ca\\\/cfer\\\/\"},{\"@type\":\"ListItem\",\"position\":2,\"name\":\"\u00c9cole-entreprise\"}]},{\"@type\":\"WebSite\",\"@id\":\"https:\\\/\\\/cssdn.gouv.qc.ca\\\/cfer\\\/#website\",\"url\":\"https:\\\/\\\/cssdn.gouv.qc.ca\\\/cfer\\\/\",\"name\":\"Centre de formation en entreprise et r\u00e9cup\u00e9ration (CFER) des Navigateurs\",\"description\":\"Un site des centres de services scolaires des Navigateurs\",\"publisher\":{\"@id\":\"https:\\\/\\\/cssdn.gouv.qc.ca\\\/cfer\\\/#organization\"},\"potentialAction\":[{\"@type\":\"SearchAction\",\"target\":{\"@type\":\"EntryPoint\",\"urlTemplate\":\"https:\\\/\\\/cssdn.gouv.qc.ca\\\/cfer\\\/?s={search_term_string}\"},\"query-input\":{\"@type\":\"PropertyValueSpecification\",\"valueRequired\":true,\"valueName\":\"search_term_string\"}}],\"inLanguage\":\"fr-CA\"},{\"@type\":\"Organization\",\"@id\":\"https:\\\/\\\/cssdn.gouv.qc.ca\\\/cfer\\\/#organization\",\"name\":\"Centre de formation en entreprise et r\u00e9cup\u00e9ration (CFER) des Navigateurs\",\"url\":\"https:\\\/\\\/cssdn.gouv.qc.ca\\\/cfer\\\/\",\"logo\":{\"@type\":\"ImageObject\",\"inLanguage\":\"fr-CA\",\"@id\":\"https:\\\/\\\/cssdn.gouv.qc.ca\\\/cfer\\\/#\\\/schema\\\/logo\\\/image\\\/\",\"url\":\"https:\\\/\\\/cssdn.gouv.qc.ca\\\/cfernavigateurs\\\/wp-content\\\/uploads\\\/sites\\\/85\\\/2024\\\/11\\\/centre-formation-entreprise-recuperation-navigateurs_logo.jpg\",\"contentUrl\":\"https:\\\/\\\/cssdn.gouv.qc.ca\\\/cfernavigateurs\\\/wp-content\\\/uploads\\\/sites\\\/85\\\/2024\\\/11\\\/centre-formation-entreprise-recuperation-navigateurs_logo.jpg\",\"width\":1800,\"height\":600,\"caption\":\"Centre de formation en entreprise et r\u00e9cup\u00e9ration (CFER) des Navigateurs\"},\"image\":{\"@id\":\"https:\\\/\\\/cssdn.gouv.qc.ca\\\/cfer\\\/#\\\/schema\\\/logo\\\/image\\\/\"},\"sameAs\":[\"https:\\\/\\\/www.facebook.com\\\/cferdesnavigateurs\",\"https:\\\/\\\/x.com\\\/CSSNavigateurs\",\"https:\\\/\\\/www.instagram.com\\\/cssnavigateurs\\\/\",\"https:\\\/\\\/www.youtube.com\\\/channel\\\/UCHbNBehije70JBzCIVT82bQ\",\"https:\\\/\\\/www.linkedin.com\\\/company\\\/centre-services-scolaire-navigateurs\"]}]}<\/script>\n<!-- \/ Yoast SEO plugin. -->","yoast_head_json":{"title":"\u00c9cole-entreprise - Centre de formation en entreprise et r\u00e9cup\u00e9ration (CFER) des Navigateurs","robots":{"index":"index","follow":"follow","max-snippet":"max-snippet:-1","max-image-preview":"max-image-preview:large","max-video-preview":"max-video-preview:-1"},"canonical":"https:\/\/cssdn.gouv.qc.ca\/cfer\/ecole-entreprise\/","og_locale":"fr_CA","og_type":"article","og_title":"\u00c9cole-entreprise - Centre de formation en entreprise et r\u00e9cup\u00e9ration (CFER) des Navigateurs","og_url":"https:\/\/cssdn.gouv.qc.ca\/cfer\/ecole-entreprise\/","og_site_name":"Centre de formation en entreprise et r\u00e9cup\u00e9ration (CFER) des Navigateurs","article_publisher":"https:\/\/www.facebook.com\/cferdesnavigateurs","article_modified_time":"2024-11-08T15:06:37+00:00","twitter_card":"summary_large_image","twitter_site":"@CSSNavigateurs","schema":{"@context":"https:\/\/schema.org","@graph":[{"@type":"WebPage","@id":"https:\/\/cssdn.gouv.qc.ca\/cfer\/ecole-entreprise\/","url":"https:\/\/cssdn.gouv.qc.ca\/cfer\/ecole-entreprise\/","name":"\u00c9cole-entreprise - Centre de formation en entreprise et r\u00e9cup\u00e9ration (CFER) des Navigateurs","isPartOf":{"@id":"https:\/\/cssdn.gouv.qc.ca\/cfer\/#website"},"datePublished":"2024-11-06T16:51:39+00:00","dateModified":"2024-11-08T15:06:37+00:00","breadcrumb":{"@id":"https:\/\/cssdn.gouv.qc.ca\/cfer\/ecole-entreprise\/#breadcrumb"},"inLanguage":"fr-CA","potentialAction":[{"@type":"ReadAction","target":["https:\/\/cssdn.gouv.qc.ca\/cfer\/ecole-entreprise\/"]}]},{"@type":"BreadcrumbList","@id":"https:\/\/cssdn.gouv.qc.ca\/cfer\/ecole-entreprise\/#breadcrumb","itemListElement":[{"@type":"ListItem","position":1,"name":"Accueil","item":"https:\/\/cssdn.gouv.qc.ca\/cfer\/"},{"@type":"ListItem","position":2,"name":"\u00c9cole-entreprise"}]},{"@type":"WebSite","@id":"https:\/\/cssdn.gouv.qc.ca\/cfer\/#website","url":"https:\/\/cssdn.gouv.qc.ca\/cfer\/","name":"Centre de formation en entreprise et r\u00e9cup\u00e9ration (CFER) des Navigateurs","description":"Un site des centres de services scolaires des Navigateurs","publisher":{"@id":"https:\/\/cssdn.gouv.qc.ca\/cfer\/#organization"},"potentialAction":[{"@type":"SearchAction","target":{"@type":"EntryPoint","urlTemplate":"https:\/\/cssdn.gouv.qc.ca\/cfer\/?s={search_term_string}"},"query-input":{"@type":"PropertyValueSpecification","valueRequired":true,"valueName":"search_term_string"}}],"inLanguage":"fr-CA"},{"@type":"Organization","@id":"https:\/\/cssdn.gouv.qc.ca\/cfer\/#organization","name":"Centre de formation en entreprise et r\u00e9cup\u00e9ration (CFER) des Navigateurs","url":"https:\/\/cssdn.gouv.qc.ca\/cfer\/","logo":{"@type":"ImageObject","inLanguage":"fr-CA","@id":"https:\/\/cssdn.gouv.qc.ca\/cfer\/#\/schema\/logo\/image\/","url":"https:\/\/cssdn.gouv.qc.ca\/cfernavigateurs\/wp-content\/uploads\/sites\/85\/2024\/11\/centre-formation-entreprise-recuperation-navigateurs_logo.jpg","contentUrl":"https:\/\/cssdn.gouv.qc.ca\/cfernavigateurs\/wp-content\/uploads\/sites\/85\/2024\/11\/centre-formation-entreprise-recuperation-navigateurs_logo.jpg","width":1800,"height":600,"caption":"Centre de formation en entreprise et r\u00e9cup\u00e9ration (CFER) des Navigateurs"},"image":{"@id":"https:\/\/cssdn.gouv.qc.ca\/cfer\/#\/schema\/logo\/image\/"},"sameAs":["https:\/\/www.facebook.com\/cferdesnavigateurs","https:\/\/x.com\/CSSNavigateurs","https:\/\/www.instagram.com\/cssnavigateurs\/","https:\/\/www.youtube.com\/channel\/UCHbNBehije70JBzCIVT82bQ","https:\/\/www.linkedin.com\/company\/centre-services-scolaire-navigateurs"]}]}},"publishpress_future_action":{"enabled":false,"date":"2026-04-22 06:46:15","action":"change-status","newStatus":"draft","terms":[],"taxonomy":"category","extraData":[]},"publishpress_future_workflow_manual_trigger":{"enabledWorkflows":[]},"_links":{"self":[{"href":"https:\/\/cssdn.gouv.qc.ca\/cfer\/wp-json\/wp\/v2\/pages\/181","targetHints":{"allow":["GET"]}}],"collection":[{"href":"https:\/\/cssdn.gouv.qc.ca\/cfer\/wp-json\/wp\/v2\/pages"}],"about":[{"href":"https:\/\/cssdn.gouv.qc.ca\/cfer\/wp-json\/wp\/v2\/types\/page"}],"author":[{"embeddable":true,"href":"https:\/\/cssdn.gouv.qc.ca\/cfer\/wp-json\/wp\/v2\/users\/21"}],"replies":[{"embeddable":true,"href":"https:\/\/cssdn.gouv.qc.ca\/cfer\/wp-json\/wp\/v2\/comments?post=181"}],"version-history":[{"count":0,"href":"https:\/\/cssdn.gouv.qc.ca\/cfer\/wp-json\/wp\/v2\/pages\/181\/revisions"}],"wp:attachment":[{"href":"https:\/\/cssdn.gouv.qc.ca\/cfer\/wp-json\/wp\/v2\/media?parent=181"}],"wp:term":[{"taxonomy":"category","embeddable":true,"href":"https:\/\/cssdn.gouv.qc.ca\/cfer\/wp-json\/wp\/v2\/categories?post=181"},{"taxonomy":"post_tag","embeddable":true,"href":"https:\/\/cssdn.gouv.qc.ca\/cfer\/wp-json\/wp\/v2\/tags?post=181"}],"curies":[{"name":"wp","href":"https:\/\/api.w.org\/{rel}","templated":true}]}}