
{"id":7,"date":"2022-11-08T16:07:53","date_gmt":"2022-11-08T21:07:53","guid":{"rendered":"https:\/\/cssdn.gouv.qc.ca\/cfernavigateurs\/a-propos\/mission-vision-valeurs\/"},"modified":"2024-12-18T10:19:39","modified_gmt":"2024-12-18T15:19:39","slug":"equipe","status":"publish","type":"page","link":"https:\/\/cssdn.gouv.qc.ca\/cfer\/a-propos\/equipe\/","title":{"rendered":"Notre \u00e9quipe"},"content":{"rendered":"\n<div class=\"wp-block-cover alignfull is-style-title-banner\"><span aria-hidden=\"true\" class=\"wp-block-cover__background has-background-dim\"><\/span><img decoding=\"async\" width=\"2048\" height=\"1536\" class=\"wp-block-cover__image-background wp-image-204 lazyload\" alt=\"Toute l'\u00e9quipe du centre de formation en entreprise et r\u00e9cup\u00e9ration (CFER) des Navigateurs\" data-src=\"https:\/\/cssdn.gouv.qc.ca\/cfernavigateurs\/wp-content\/uploads\/sites\/85\/2024\/11\/equipe-centre-formation-entreprise-recuperation-navigateurs.jpg\" style=\"--smush-placeholder-width: 2048px; --smush-placeholder-aspect-ratio: 2048\/1536;object-position:39% 38%\" data-object-fit=\"cover\" data-object-position=\"39% 38%\" data-srcset=\"https:\/\/cssdn.gouv.qc.ca\/cfer\/wp-content\/uploads\/sites\/85\/2024\/11\/equipe-centre-formation-entreprise-recuperation-navigateurs.jpg 2048w, https:\/\/cssdn.gouv.qc.ca\/cfer\/wp-content\/uploads\/sites\/85\/2024\/11\/equipe-centre-formation-entreprise-recuperation-navigateurs-300x225.jpg 300w, https:\/\/cssdn.gouv.qc.ca\/cfer\/wp-content\/uploads\/sites\/85\/2024\/11\/equipe-centre-formation-entreprise-recuperation-navigateurs-1024x768.jpg 1024w, https:\/\/cssdn.gouv.qc.ca\/cfer\/wp-content\/uploads\/sites\/85\/2024\/11\/equipe-centre-formation-entreprise-recuperation-navigateurs-768x576.jpg 768w, https:\/\/cssdn.gouv.qc.ca\/cfer\/wp-content\/uploads\/sites\/85\/2024\/11\/equipe-centre-formation-entreprise-recuperation-navigateurs-1536x1152.jpg 1536w\" data-sizes=\"(max-width: 2048px) 100vw, 2048px\" src=\"data:image\/svg+xml;base64,PHN2ZyB3aWR0aD0iMSIgaGVpZ2h0PSIxIiB4bWxucz0iaHR0cDovL3d3dy53My5vcmcvMjAwMC9zdmciPjwvc3ZnPg==\" \/><div class=\"wp-block-cover__inner-container\"><h3 class=\"wp-block-post-title\">Notre \u00e9quipe<\/h3><\/div><\/div>\n\n\n\n<div class=\"wp-block-group alignfull has-padding-y-large has-secondary-background-color has-background\"><div class=\"yoast-breadcrumbs alignwide \"><span class=\"breadcrumbs\"><a href=\"https:\/\/cssdn.gouv.qc.ca\/cfer\/\" class=\"breadcrumbs__element\">Accueil<\/a> <span class=\"breadcrumbs__separator\">\n        <svg class=\"icon icon-breadcrumb__separator\"><use xlink:href=\"#icon-breadcrumb__separator\"><\/use><\/svg>\n    <\/span> <a href=\"https:\/\/cssdn.gouv.qc.ca\/cfer\/a-propos\/\" class=\"breadcrumbs__element\">\u00c0 propos<\/a> <span class=\"breadcrumbs__separator\">\n        <svg class=\"icon icon-breadcrumb__separator\"><use xlink:href=\"#icon-breadcrumb__separator\"><\/use><\/svg>\n    <\/span> <span class=\"breadcrumbs__element breadcrumbs__element-current\">Notre \u00e9quipe<\/span><\/span><\/div><\/div>\n\n\n\n<p class=\"wp-block-paragraph\">\u200bNos \u00e9quipes ont \u00e0 c\u0153ur le bien-\u00eatre des \u00e9l\u00e8ves dans toutes les facettes de leur vie. Nous sommes \u00e0 pied d&rsquo;\u0153uvre afin de les aider \u00e0 trouver leurs outils et leurs forces afin qu\u2019ils puissent se d\u00e9couvrir dans toutes les facettes de leur vie.<\/p>\n\n\n\n<figure class=\"wp-block-image size-large\"><img decoding=\"async\" width=\"1024\" height=\"768\" data-src=\"https:\/\/cssdn.gouv.qc.ca\/cfernavigateurs\/wp-content\/uploads\/sites\/85\/2024\/11\/equipe-centre-formation-entreprise-recuperation-navigateurs-1024x768.jpg\" alt=\"Toute l'\u00e9quipe du centre de formation en entreprise et r\u00e9cup\u00e9ration (CFER) des Navigateurs\" class=\"wp-image-204 lazyload\" data-srcset=\"https:\/\/cssdn.gouv.qc.ca\/cfer\/wp-content\/uploads\/sites\/85\/2024\/11\/equipe-centre-formation-entreprise-recuperation-navigateurs-1024x768.jpg 1024w, https:\/\/cssdn.gouv.qc.ca\/cfer\/wp-content\/uploads\/sites\/85\/2024\/11\/equipe-centre-formation-entreprise-recuperation-navigateurs-300x225.jpg 300w, https:\/\/cssdn.gouv.qc.ca\/cfer\/wp-content\/uploads\/sites\/85\/2024\/11\/equipe-centre-formation-entreprise-recuperation-navigateurs-768x576.jpg 768w, https:\/\/cssdn.gouv.qc.ca\/cfer\/wp-content\/uploads\/sites\/85\/2024\/11\/equipe-centre-formation-entreprise-recuperation-navigateurs-1536x1152.jpg 1536w, https:\/\/cssdn.gouv.qc.ca\/cfer\/wp-content\/uploads\/sites\/85\/2024\/11\/equipe-centre-formation-entreprise-recuperation-navigateurs.jpg 2048w\" data-sizes=\"(max-width: 1024px) 100vw, 1024px\" src=\"data:image\/svg+xml;base64,PHN2ZyB3aWR0aD0iMSIgaGVpZ2h0PSIxIiB4bWxucz0iaHR0cDovL3d3dy53My5vcmcvMjAwMC9zdmciPjwvc3ZnPg==\" style=\"--smush-placeholder-width: 1024px; --smush-placeholder-aspect-ratio: 1024\/768;\" \/><\/figure>\n\n\n\n<h2 class=\"wp-block-heading\"><strong>Pour nous joindre <\/strong><\/h2>\n\n\n\n<p class=\"wp-block-paragraph\"><strong>Centre de formation en entreprise et r\u00e9cup\u00e9ration (CFER) des Navigateurs<\/strong><\/p>\n\n\n\n<p class=\"wp-block-paragraph\">3724 avenue des \u00c9glises<br>L\u00e9vis (Qu\u00e9bec) G6X 1X4<\/p>\n\n\n\n<p class=\"wp-block-paragraph\">T\u00e9l\u00e9phone : 418 834-2489 poste 22801<br>T\u00e9l\u00e9copieur : 418 832-5326<br>Adresse courriel :&nbsp;<a href=\"mailto:cfer@cssdn.gouv.qc.ca\">cfer@cssdn.gouv.qc.ca<\/a><\/p>\n\n\n\n<p class=\"wp-block-paragraph\"><strong>Horaire de l\u2019\u00e9cole<\/strong><br>9 h 20 \u00e0 12 h 15<br>13 h 30 \u00e0 16 h 15<\/p>\n\n\n\n<h2 class=\"wp-block-heading\"><strong>Administration<\/strong>&nbsp;&#8211; Poste 22801<\/h2>\n\n\n\n<p class=\"wp-block-paragraph\"><strong>Directrice<\/strong><br>Sonia B\u00e9dard<\/p>\n\n\n\n<p class=\"wp-block-paragraph\"><strong>Directeur-adjoint&nbsp;<\/strong><br>Robert Giroux<\/p>\n\n\n\n<p class=\"wp-block-paragraph\"><strong>Agente de bureau<\/strong><br>Gnima Sambou<\/p>\n\n\n\n<p class=\"wp-block-paragraph\"><strong>Surveillante d\u2019\u00e9l\u00e8ves<\/strong><br>Kathleen Bri\u00e8re<\/p>\n\n\n\n<p class=\"wp-block-paragraph\"><strong>Conseill\u00e8re d&rsquo;orientation<\/strong><br>St\u00e9phanie Chabot<\/p>\n\n\n\n<p class=\"wp-block-paragraph\"><strong>Psycho\u00e9ducatrice<\/strong><br>Fannie Robert<\/p>\n\n\n\n<p class=\"wp-block-paragraph\"><strong>Infirmi\u00e8re<\/strong><br>Nadia Jean<\/p>\n\n\n\n<h2 class=\"wp-block-heading\"><strong>\u00c9quipe enseignante<\/strong>&nbsp;&#8211; Poste 22854<\/h2>\n\n\n\n<h3 class=\"wp-block-heading\">Enseignants CFER 1<\/h3>\n\n\n\n<p class=\"wp-block-paragraph\"><strong>Groupe A<\/strong><br>El\u00e9na B\u00e9langer<br>Jean-Fran\u00e7ois Jacques<br>Paul Maheux<br>Jessica Vachon, T.E.S.<\/p>\n\n\n\n<p class=\"wp-block-paragraph\"><strong>Groupe B<\/strong><br>Jos\u00e9e Doucet<br>Nicolas G\u00e9rardin<br>William Olivier Rodrigue<br>Marie-Claude Paradis, T.E.S.<\/p>\n\n\n\n<h3 class=\"wp-block-heading\">Enseignants CFER 2<\/h3>\n\n\n\n<p class=\"wp-block-paragraph\">Jean-Fran\u00e7ois Labb\u00e9<br>Sarah Jeanne Labossi\u00e8re <br>Anne-Marie No\u00ebl<br>Fr\u00e9d\u00e9rique Ouimet<br>Sabrina Roberge<br>Val\u00e9rie Moreau, T.E.S.<\/p>\n\n\n\n<h3 class=\"wp-block-heading\">Enseignants CFER 3\/ FMS<\/h3>\n\n\n\n<p class=\"wp-block-paragraph\">Claudie Ferland<br>Louis-\u00c9tienne Fr\u00e9chette <br>Malorie Hamel<br>Myriam Leblond<br>Z\u00e9nobie Roy, T.E.S.<\/p>\n\n\n\n<p class=\"wp-block-paragraph\">\u200b<\/p>\n","protected":false},"excerpt":{"rendered":"<p>\u200bNos \u00e9quipes ont \u00e0 c\u0153ur le bien-\u00eatre des \u00e9l\u00e8ves dans toutes les facettes de leur vie. Nous sommes \u00e0 pied d&rsquo;\u0153uvre afin de les aider \u00e0 trouver leurs outils et leurs forces afin qu\u2019ils puissent se d\u00e9couvrir dans toutes les facettes de leur vie. Pour nous joindre Centre de formation en entreprise et r\u00e9cup\u00e9ration (CFER) [&hellip;]<\/p>\n","protected":false},"author":21,"featured_media":0,"parent":6,"menu_order":5,"comment_status":"closed","ping_status":"closed","template":"","meta":{"_acf_changed":false,"_crdt_document":"","inline_featured_image":false,"footnotes":""},"categories":[],"tags":[],"class_list":["post-7","page","type-page","status-publish","hentry"],"acf":[],"yoast_head":"<!-- This site is optimized with the Yoast SEO plugin v27.5 - https:\/\/yoast.com\/product\/yoast-seo-wordpress\/ -->\n<title>Notre \u00e9quipe - Centre de formation en entreprise et r\u00e9cup\u00e9ration (CFER) des Navigateurs<\/title>\n<meta name=\"description\" content=\"D\u00e9couvrez toutes les \u00e9quipes du centre de formation en entreprise et r\u00e9cup\u00e9ration (CFER) des Navigateurs.\" \/>\n<meta name=\"robots\" content=\"index, follow, max-snippet:-1, max-image-preview:large, max-video-preview:-1\" \/>\n<link rel=\"canonical\" href=\"https:\/\/cssdn.gouv.qc.ca\/cfer\/a-propos\/equipe\/\" \/>\n<meta property=\"og:locale\" content=\"fr_CA\" \/>\n<meta property=\"og:type\" content=\"article\" \/>\n<meta property=\"og:title\" content=\"Notre \u00e9quipe - Centre de formation en entreprise et r\u00e9cup\u00e9ration (CFER) des Navigateurs\" \/>\n<meta property=\"og:description\" content=\"D\u00e9couvrez toutes les \u00e9quipes du centre de formation en entreprise et r\u00e9cup\u00e9ration (CFER) des Navigateurs.\" \/>\n<meta property=\"og:url\" content=\"https:\/\/cssdn.gouv.qc.ca\/cfer\/a-propos\/equipe\/\" \/>\n<meta property=\"og:site_name\" content=\"Centre de formation en entreprise et r\u00e9cup\u00e9ration (CFER) des Navigateurs\" \/>\n<meta property=\"article:publisher\" content=\"https:\/\/www.facebook.com\/cferdesnavigateurs\" \/>\n<meta property=\"article:modified_time\" content=\"2024-12-18T15:19:39+00:00\" \/>\n<meta property=\"og:image\" content=\"https:\/\/cssdn.gouv.qc.ca\/cfernavigateurs\/wp-content\/uploads\/sites\/85\/2024\/11\/equipe-centre-formation-entreprise-recuperation-navigateurs.jpg\" \/>\n<meta name=\"twitter:card\" content=\"summary_large_image\" \/>\n<meta name=\"twitter:site\" content=\"@CSSNavigateurs\" \/>\n<meta name=\"twitter:label1\" content=\"Estimation du temps de lecture\" \/>\n\t<meta name=\"twitter:data1\" content=\"2 minutes\" \/>\n<script type=\"application\/ld+json\" class=\"yoast-schema-graph\">{\"@context\":\"https:\\\/\\\/schema.org\",\"@graph\":[{\"@type\":\"WebPage\",\"@id\":\"https:\\\/\\\/cssdn.gouv.qc.ca\\\/cfer\\\/a-propos\\\/equipe\\\/\",\"url\":\"https:\\\/\\\/cssdn.gouv.qc.ca\\\/cfer\\\/a-propos\\\/equipe\\\/\",\"name\":\"Notre \u00e9quipe - Centre de formation en entreprise et r\u00e9cup\u00e9ration (CFER) des Navigateurs\",\"isPartOf\":{\"@id\":\"https:\\\/\\\/cssdn.gouv.qc.ca\\\/cfer\\\/#website\"},\"primaryImageOfPage\":{\"@id\":\"https:\\\/\\\/cssdn.gouv.qc.ca\\\/cfer\\\/a-propos\\\/equipe\\\/#primaryimage\"},\"image\":{\"@id\":\"https:\\\/\\\/cssdn.gouv.qc.ca\\\/cfer\\\/a-propos\\\/equipe\\\/#primaryimage\"},\"thumbnailUrl\":\"https:\\\/\\\/cssdn.gouv.qc.ca\\\/cfernavigateurs\\\/wp-content\\\/uploads\\\/sites\\\/85\\\/2024\\\/11\\\/equipe-centre-formation-entreprise-recuperation-navigateurs.jpg\",\"datePublished\":\"2022-11-08T21:07:53+00:00\",\"dateModified\":\"2024-12-18T15:19:39+00:00\",\"description\":\"D\u00e9couvrez toutes les \u00e9quipes du centre de formation en entreprise et r\u00e9cup\u00e9ration (CFER) des Navigateurs.\",\"breadcrumb\":{\"@id\":\"https:\\\/\\\/cssdn.gouv.qc.ca\\\/cfer\\\/a-propos\\\/equipe\\\/#breadcrumb\"},\"inLanguage\":\"fr-CA\",\"potentialAction\":[{\"@type\":\"ReadAction\",\"target\":[\"https:\\\/\\\/cssdn.gouv.qc.ca\\\/cfer\\\/a-propos\\\/equipe\\\/\"]}]},{\"@type\":\"ImageObject\",\"inLanguage\":\"fr-CA\",\"@id\":\"https:\\\/\\\/cssdn.gouv.qc.ca\\\/cfer\\\/a-propos\\\/equipe\\\/#primaryimage\",\"url\":\"https:\\\/\\\/cssdn.gouv.qc.ca\\\/cfer\\\/wp-content\\\/uploads\\\/sites\\\/85\\\/2024\\\/11\\\/equipe-centre-formation-entreprise-recuperation-navigateurs.jpg\",\"contentUrl\":\"https:\\\/\\\/cssdn.gouv.qc.ca\\\/cfer\\\/wp-content\\\/uploads\\\/sites\\\/85\\\/2024\\\/11\\\/equipe-centre-formation-entreprise-recuperation-navigateurs.jpg\",\"width\":2048,\"height\":1536,\"caption\":\"Toute l'\u00e9quipe du centre de formation en entreprise et r\u00e9cup\u00e9ration (CFER) des Navigateurs\"},{\"@type\":\"BreadcrumbList\",\"@id\":\"https:\\\/\\\/cssdn.gouv.qc.ca\\\/cfer\\\/a-propos\\\/equipe\\\/#breadcrumb\",\"itemListElement\":[{\"@type\":\"ListItem\",\"position\":1,\"name\":\"Accueil\",\"item\":\"https:\\\/\\\/cssdn.gouv.qc.ca\\\/cfer\\\/\"},{\"@type\":\"ListItem\",\"position\":2,\"name\":\"\u00c0 propos\",\"item\":\"https:\\\/\\\/cssdn.gouv.qc.ca\\\/cfer\\\/a-propos\\\/\"},{\"@type\":\"ListItem\",\"position\":3,\"name\":\"Notre \u00e9quipe\"}]},{\"@type\":\"WebSite\",\"@id\":\"https:\\\/\\\/cssdn.gouv.qc.ca\\\/cfer\\\/#website\",\"url\":\"https:\\\/\\\/cssdn.gouv.qc.ca\\\/cfer\\\/\",\"name\":\"Centre de formation en entreprise et r\u00e9cup\u00e9ration (CFER) des Navigateurs\",\"description\":\"Un site des centres de services scolaires des Navigateurs\",\"publisher\":{\"@id\":\"https:\\\/\\\/cssdn.gouv.qc.ca\\\/cfer\\\/#organization\"},\"potentialAction\":[{\"@type\":\"SearchAction\",\"target\":{\"@type\":\"EntryPoint\",\"urlTemplate\":\"https:\\\/\\\/cssdn.gouv.qc.ca\\\/cfer\\\/?s={search_term_string}\"},\"query-input\":{\"@type\":\"PropertyValueSpecification\",\"valueRequired\":true,\"valueName\":\"search_term_string\"}}],\"inLanguage\":\"fr-CA\"},{\"@type\":\"Organization\",\"@id\":\"https:\\\/\\\/cssdn.gouv.qc.ca\\\/cfer\\\/#organization\",\"name\":\"Centre de formation en entreprise et r\u00e9cup\u00e9ration (CFER) des Navigateurs\",\"url\":\"https:\\\/\\\/cssdn.gouv.qc.ca\\\/cfer\\\/\",\"logo\":{\"@type\":\"ImageObject\",\"inLanguage\":\"fr-CA\",\"@id\":\"https:\\\/\\\/cssdn.gouv.qc.ca\\\/cfer\\\/#\\\/schema\\\/logo\\\/image\\\/\",\"url\":\"https:\\\/\\\/cssdn.gouv.qc.ca\\\/cfernavigateurs\\\/wp-content\\\/uploads\\\/sites\\\/85\\\/2024\\\/11\\\/centre-formation-entreprise-recuperation-navigateurs_logo.jpg\",\"contentUrl\":\"https:\\\/\\\/cssdn.gouv.qc.ca\\\/cfernavigateurs\\\/wp-content\\\/uploads\\\/sites\\\/85\\\/2024\\\/11\\\/centre-formation-entreprise-recuperation-navigateurs_logo.jpg\",\"width\":1800,\"height\":600,\"caption\":\"Centre de formation en entreprise et r\u00e9cup\u00e9ration (CFER) des Navigateurs\"},\"image\":{\"@id\":\"https:\\\/\\\/cssdn.gouv.qc.ca\\\/cfer\\\/#\\\/schema\\\/logo\\\/image\\\/\"},\"sameAs\":[\"https:\\\/\\\/www.facebook.com\\\/cferdesnavigateurs\",\"https:\\\/\\\/x.com\\\/CSSNavigateurs\",\"https:\\\/\\\/www.instagram.com\\\/cssnavigateurs\\\/\",\"https:\\\/\\\/www.youtube.com\\\/channel\\\/UCHbNBehije70JBzCIVT82bQ\",\"https:\\\/\\\/www.linkedin.com\\\/company\\\/centre-services-scolaire-navigateurs\"]}]}<\/script>\n<!-- \/ Yoast SEO plugin. -->","yoast_head_json":{"title":"Notre \u00e9quipe - Centre de formation en entreprise et r\u00e9cup\u00e9ration (CFER) des Navigateurs","description":"D\u00e9couvrez toutes les \u00e9quipes du centre de formation en entreprise et r\u00e9cup\u00e9ration (CFER) des Navigateurs.","robots":{"index":"index","follow":"follow","max-snippet":"max-snippet:-1","max-image-preview":"max-image-preview:large","max-video-preview":"max-video-preview:-1"},"canonical":"https:\/\/cssdn.gouv.qc.ca\/cfer\/a-propos\/equipe\/","og_locale":"fr_CA","og_type":"article","og_title":"Notre \u00e9quipe - Centre de formation en entreprise et r\u00e9cup\u00e9ration (CFER) des Navigateurs","og_description":"D\u00e9couvrez toutes les \u00e9quipes du centre de formation en entreprise et r\u00e9cup\u00e9ration (CFER) des Navigateurs.","og_url":"https:\/\/cssdn.gouv.qc.ca\/cfer\/a-propos\/equipe\/","og_site_name":"Centre de formation en entreprise et r\u00e9cup\u00e9ration (CFER) des Navigateurs","article_publisher":"https:\/\/www.facebook.com\/cferdesnavigateurs","article_modified_time":"2024-12-18T15:19:39+00:00","og_image":[{"url":"https:\/\/cssdn.gouv.qc.ca\/cfernavigateurs\/wp-content\/uploads\/sites\/85\/2024\/11\/equipe-centre-formation-entreprise-recuperation-navigateurs.jpg","type":"","width":"","height":""}],"twitter_card":"summary_large_image","twitter_site":"@CSSNavigateurs","twitter_misc":{"Estimation du temps de lecture":"2 minutes"},"schema":{"@context":"https:\/\/schema.org","@graph":[{"@type":"WebPage","@id":"https:\/\/cssdn.gouv.qc.ca\/cfer\/a-propos\/equipe\/","url":"https:\/\/cssdn.gouv.qc.ca\/cfer\/a-propos\/equipe\/","name":"Notre \u00e9quipe - Centre de formation en entreprise et r\u00e9cup\u00e9ration (CFER) des Navigateurs","isPartOf":{"@id":"https:\/\/cssdn.gouv.qc.ca\/cfer\/#website"},"primaryImageOfPage":{"@id":"https:\/\/cssdn.gouv.qc.ca\/cfer\/a-propos\/equipe\/#primaryimage"},"image":{"@id":"https:\/\/cssdn.gouv.qc.ca\/cfer\/a-propos\/equipe\/#primaryimage"},"thumbnailUrl":"https:\/\/cssdn.gouv.qc.ca\/cfernavigateurs\/wp-content\/uploads\/sites\/85\/2024\/11\/equipe-centre-formation-entreprise-recuperation-navigateurs.jpg","datePublished":"2022-11-08T21:07:53+00:00","dateModified":"2024-12-18T15:19:39+00:00","description":"D\u00e9couvrez toutes les \u00e9quipes du centre de formation en entreprise et r\u00e9cup\u00e9ration (CFER) des Navigateurs.","breadcrumb":{"@id":"https:\/\/cssdn.gouv.qc.ca\/cfer\/a-propos\/equipe\/#breadcrumb"},"inLanguage":"fr-CA","potentialAction":[{"@type":"ReadAction","target":["https:\/\/cssdn.gouv.qc.ca\/cfer\/a-propos\/equipe\/"]}]},{"@type":"ImageObject","inLanguage":"fr-CA","@id":"https:\/\/cssdn.gouv.qc.ca\/cfer\/a-propos\/equipe\/#primaryimage","url":"https:\/\/cssdn.gouv.qc.ca\/cfer\/wp-content\/uploads\/sites\/85\/2024\/11\/equipe-centre-formation-entreprise-recuperation-navigateurs.jpg","contentUrl":"https:\/\/cssdn.gouv.qc.ca\/cfer\/wp-content\/uploads\/sites\/85\/2024\/11\/equipe-centre-formation-entreprise-recuperation-navigateurs.jpg","width":2048,"height":1536,"caption":"Toute l'\u00e9quipe du centre de formation en entreprise et r\u00e9cup\u00e9ration (CFER) des Navigateurs"},{"@type":"BreadcrumbList","@id":"https:\/\/cssdn.gouv.qc.ca\/cfer\/a-propos\/equipe\/#breadcrumb","itemListElement":[{"@type":"ListItem","position":1,"name":"Accueil","item":"https:\/\/cssdn.gouv.qc.ca\/cfer\/"},{"@type":"ListItem","position":2,"name":"\u00c0 propos","item":"https:\/\/cssdn.gouv.qc.ca\/cfer\/a-propos\/"},{"@type":"ListItem","position":3,"name":"Notre \u00e9quipe"}]},{"@type":"WebSite","@id":"https:\/\/cssdn.gouv.qc.ca\/cfer\/#website","url":"https:\/\/cssdn.gouv.qc.ca\/cfer\/","name":"Centre de formation en entreprise et r\u00e9cup\u00e9ration (CFER) des Navigateurs","description":"Un site des centres de services scolaires des Navigateurs","publisher":{"@id":"https:\/\/cssdn.gouv.qc.ca\/cfer\/#organization"},"potentialAction":[{"@type":"SearchAction","target":{"@type":"EntryPoint","urlTemplate":"https:\/\/cssdn.gouv.qc.ca\/cfer\/?s={search_term_string}"},"query-input":{"@type":"PropertyValueSpecification","valueRequired":true,"valueName":"search_term_string"}}],"inLanguage":"fr-CA"},{"@type":"Organization","@id":"https:\/\/cssdn.gouv.qc.ca\/cfer\/#organization","name":"Centre de formation en entreprise et r\u00e9cup\u00e9ration (CFER) des Navigateurs","url":"https:\/\/cssdn.gouv.qc.ca\/cfer\/","logo":{"@type":"ImageObject","inLanguage":"fr-CA","@id":"https:\/\/cssdn.gouv.qc.ca\/cfer\/#\/schema\/logo\/image\/","url":"https:\/\/cssdn.gouv.qc.ca\/cfernavigateurs\/wp-content\/uploads\/sites\/85\/2024\/11\/centre-formation-entreprise-recuperation-navigateurs_logo.jpg","contentUrl":"https:\/\/cssdn.gouv.qc.ca\/cfernavigateurs\/wp-content\/uploads\/sites\/85\/2024\/11\/centre-formation-entreprise-recuperation-navigateurs_logo.jpg","width":1800,"height":600,"caption":"Centre de formation en entreprise et r\u00e9cup\u00e9ration (CFER) des Navigateurs"},"image":{"@id":"https:\/\/cssdn.gouv.qc.ca\/cfer\/#\/schema\/logo\/image\/"},"sameAs":["https:\/\/www.facebook.com\/cferdesnavigateurs","https:\/\/x.com\/CSSNavigateurs","https:\/\/www.instagram.com\/cssnavigateurs\/","https:\/\/www.youtube.com\/channel\/UCHbNBehije70JBzCIVT82bQ","https:\/\/www.linkedin.com\/company\/centre-services-scolaire-navigateurs"]}]}},"publishpress_future_action":{"enabled":false,"date":"2026-05-09 19:52:09","action":"change-status","newStatus":"draft","terms":[],"taxonomy":"category","extraData":[]},"publishpress_future_workflow_manual_trigger":{"enabledWorkflows":[]},"_links":{"self":[{"href":"https:\/\/cssdn.gouv.qc.ca\/cfer\/wp-json\/wp\/v2\/pages\/7","targetHints":{"allow":["GET"]}}],"collection":[{"href":"https:\/\/cssdn.gouv.qc.ca\/cfer\/wp-json\/wp\/v2\/pages"}],"about":[{"href":"https:\/\/cssdn.gouv.qc.ca\/cfer\/wp-json\/wp\/v2\/types\/page"}],"author":[{"embeddable":true,"href":"https:\/\/cssdn.gouv.qc.ca\/cfer\/wp-json\/wp\/v2\/users\/21"}],"replies":[{"embeddable":true,"href":"https:\/\/cssdn.gouv.qc.ca\/cfer\/wp-json\/wp\/v2\/comments?post=7"}],"version-history":[{"count":0,"href":"https:\/\/cssdn.gouv.qc.ca\/cfer\/wp-json\/wp\/v2\/pages\/7\/revisions"}],"up":[{"embeddable":true,"href":"https:\/\/cssdn.gouv.qc.ca\/cfer\/wp-json\/wp\/v2\/pages\/6"}],"wp:attachment":[{"href":"https:\/\/cssdn.gouv.qc.ca\/cfer\/wp-json\/wp\/v2\/media?parent=7"}],"wp:term":[{"taxonomy":"category","embeddable":true,"href":"https:\/\/cssdn.gouv.qc.ca\/cfer\/wp-json\/wp\/v2\/categories?post=7"},{"taxonomy":"post_tag","embeddable":true,"href":"https:\/\/cssdn.gouv.qc.ca\/cfer\/wp-json\/wp\/v2\/tags?post=7"}],"curies":[{"name":"wp","href":"https:\/\/api.w.org\/{rel}","templated":true}]}}