
{"id":8,"date":"2022-11-08T16:07:54","date_gmt":"2022-11-08T21:07:54","guid":{"rendered":"https:\/\/cssdn.gouv.qc.ca\/cfernavigateurs\/a-propos\/horaire-et-calendrier\/"},"modified":"2025-10-28T11:59:09","modified_gmt":"2025-10-28T15:59:09","slug":"projet-educatif","status":"publish","type":"page","link":"https:\/\/cssdn.gouv.qc.ca\/cfer\/a-propos\/projet-educatif\/","title":{"rendered":"Documentation officielle"},"content":{"rendered":"\n<div class=\"wp-block-cover alignfull is-style-title-banner\"><img decoding=\"async\" width=\"1500\" height=\"762\" class=\"wp-block-cover__image-background wp-image-348 lazyload\" alt=\"Centre de formation en entreprise et r\u00e9cup\u00e9ration (CFER) des Navigateurs\" data-src=\"https:\/\/cssdn.gouv.qc.ca\/cfernavigateurs\/wp-content\/uploads\/sites\/85\/2024\/11\/centre-formation-entreprise-recuperation-navigateurs_accueil.png\" data-object-fit=\"cover\" data-srcset=\"https:\/\/cssdn.gouv.qc.ca\/cfer\/wp-content\/uploads\/sites\/85\/2024\/11\/centre-formation-entreprise-recuperation-navigateurs_accueil.png 1500w, https:\/\/cssdn.gouv.qc.ca\/cfer\/wp-content\/uploads\/sites\/85\/2024\/11\/centre-formation-entreprise-recuperation-navigateurs_accueil-300x152.png 300w, https:\/\/cssdn.gouv.qc.ca\/cfer\/wp-content\/uploads\/sites\/85\/2024\/11\/centre-formation-entreprise-recuperation-navigateurs_accueil-1024x520.png 1024w, https:\/\/cssdn.gouv.qc.ca\/cfer\/wp-content\/uploads\/sites\/85\/2024\/11\/centre-formation-entreprise-recuperation-navigateurs_accueil-768x390.png 768w\" data-sizes=\"(max-width: 1500px) 100vw, 1500px\" src=\"data:image\/svg+xml;base64,PHN2ZyB3aWR0aD0iMSIgaGVpZ2h0PSIxIiB4bWxucz0iaHR0cDovL3d3dy53My5vcmcvMjAwMC9zdmciPjwvc3ZnPg==\" style=\"--smush-placeholder-width: 1500px; --smush-placeholder-aspect-ratio: 1500\/762;\" \/><span aria-hidden=\"true\" class=\"wp-block-cover__background has-primary-background-color has-background-dim\"><\/span><div class=\"wp-block-cover__inner-container\"><h3 class=\"wp-block-post-title\">Documentation officielle<\/h3><\/div><\/div>\n\n\n\n<div class=\"wp-block-group alignfull has-padding-y-large has-secondary-background-color has-background\"><div class=\"yoast-breadcrumbs alignwide \"><span class=\"breadcrumbs\"><a href=\"https:\/\/cssdn.gouv.qc.ca\/cfer\/\" class=\"breadcrumbs__element\">Accueil<\/a> <span class=\"breadcrumbs__separator\">\n        <svg class=\"icon icon-breadcrumb__separator\"><use xlink:href=\"#icon-breadcrumb__separator\"><\/use><\/svg>\n    <\/span> <a href=\"https:\/\/cssdn.gouv.qc.ca\/cfer\/a-propos\/\" class=\"breadcrumbs__element\">\u00c0 propos<\/a> <span class=\"breadcrumbs__separator\">\n        <svg class=\"icon icon-breadcrumb__separator\"><use xlink:href=\"#icon-breadcrumb__separator\"><\/use><\/svg>\n    <\/span> <span class=\"breadcrumbs__element breadcrumbs__element-current\">Documentation officielle<\/span><\/span><\/div><\/div>\n\n\n\n<h1 class=\"wp-block-heading\">Projet \u00e9ducatif<\/h1>\n\n\n\n<p class=\"wp-block-paragraph\">Le projet \u00e9ducatif est un outil strat\u00e9gique permettant de d\u00e9finir et de faire conna\u00eetre \u00e0 la communaut\u00e9 \u00e9ducative d&rsquo;un \u00e9tablissement d&rsquo;enseignement des orientations, des priorit\u00e9s d&rsquo;action et les r\u00e9sultats attendus pour assurer la r\u00e9ussite \u00e9ducative de tous les \u00e9l\u00e8ves, jeunes et adultes. <\/p>\n\n\n\n<p class=\"wp-block-paragraph\">Il est \u00e9labor\u00e9 en fonction des caract\u00e9ristiques et des besoins des \u00e9l\u00e8ves qui fr\u00e9quentent l&rsquo;\u00e9tablissement d&rsquo;enseignement ainsi que des attentes formul\u00e9es par le milieu au regard de l&rsquo;\u00e9ducation. <\/p>\n\n\n\n<p class=\"wp-block-paragraph\">R\u00e9sultat d&rsquo;un consensus, il est con\u00e7u et mis en \u0153uvre en faisant appel \u00e0 la collaboration des diff\u00e9rents acteurs int\u00e9ress\u00e9s par l&rsquo;\u00e9cole et la r\u00e9ussite \u00e9ducative : les \u00e9l\u00e8ves, les parents et le personnel de l&rsquo;\u00e9tablissement ainsi que les membres de la communaut\u00e9 et du centre de services scolaire.<\/p>\n\n\n\n<p class=\"wp-block-paragraph\"><strong>D\u00e9couvrez notre projet \u00e9ducatif!<\/strong><\/p>\n\n\n\n<div class=\"wp-block-file\"><a id=\"wp-block-file--media-004616dc-01d1-446d-8e4e-6f2d694ddf32\" href=\"https:\/\/cssdn.gouv.qc.ca\/cfernavigateurs\/wp-content\/uploads\/sites\/85\/2024\/11\/cfer-projet-educatif-2023-2027.pdf\" target=\"_blank\" rel=\"noreferrer noopener\">Projet \u00e9ducatif 2023-2027 du centre de formation en entreprise et r\u00e9cup\u00e9ration (CFER) des Navigateurs<\/a><a href=\"https:\/\/cssdn.gouv.qc.ca\/cfernavigateurs\/wp-content\/uploads\/sites\/85\/2024\/11\/cfer-projet-educatif-2023-2027.pdf\" class=\"wp-block-file__button wp-element-button\" download aria-describedby=\"wp-block-file--media-004616dc-01d1-446d-8e4e-6f2d694ddf32\">T\u00e9l\u00e9charger<\/a><\/div>\n\n\n\n<h2 class=\"wp-block-heading\">Reddition de compte Projet \u00e9ducatif<\/h2>\n\n\n\n\n\n<h2 class=\"wp-block-heading\">Rapport annuel de gestion du conseil d\u2019\u00e9tablissement<\/h2>\n\n\n\n<div class=\"wp-block-file\"><a id=\"wp-block-file--media-4d397a80-0e44-4070-94f2-7fa0854dc1ac\" href=\"https:\/\/cssdn.gouv.qc.ca\/cfer\/wp-content\/uploads\/sites\/85\/2025\/07\/Rapport-annuel-CFER-2023-24-version-corrigee-1.pdf\">Rapport-annuel CFER 2023-24 version corrig\u00e9e 1<\/a><a href=\"https:\/\/cssdn.gouv.qc.ca\/cfer\/wp-content\/uploads\/sites\/85\/2025\/07\/Rapport-annuel-CFER-2023-24-version-corrigee-1.pdf\" class=\"wp-block-file__button wp-element-button\" download aria-describedby=\"wp-block-file--media-4d397a80-0e44-4070-94f2-7fa0854dc1ac\">T\u00e9l\u00e9charger<\/a><\/div>\n\n\n\n<h2 class=\"wp-block-heading\">Programme institutionnel 2024-2025<\/h2>\n\n\n\n<div class=\"wp-block-file\"><a id=\"wp-block-file--media-d4ad82ea-c7a5-41ee-80ff-329a0493474c\" href=\"https:\/\/cssdn.gouv.qc.ca\/cfer\/wp-content\/uploads\/sites\/85\/2025\/07\/PROGRAMME-INSTITUTIONNEL-24-25.pdf\">PROGRAMME INSTITUTIONNEL 24-25<\/a><a href=\"https:\/\/cssdn.gouv.qc.ca\/cfer\/wp-content\/uploads\/sites\/85\/2025\/07\/PROGRAMME-INSTITUTIONNEL-24-25.pdf\" class=\"wp-block-file__button wp-element-button\" download aria-describedby=\"wp-block-file--media-d4ad82ea-c7a5-41ee-80ff-329a0493474c\">T\u00e9l\u00e9charger<\/a><\/div>\n\n\n\n<h2 class=\"wp-block-heading\">Plans d&rsquo;action<\/h2>\n\n\n\n<div class=\"wp-block-file\"><a id=\"wp-block-file--media-cc390354-e646-4d97-81ca-fac0c0b7be66\" href=\"https:\/\/cssdn.gouv.qc.ca\/cfernavigateurs\/wp-content\/uploads\/sites\/85\/2024\/12\/cfer-plan-action-climat-positif.pdf\" target=\"_blank\" rel=\"noreferrer noopener\">Plan d&rsquo;action pour climat positif au centre de formation en entreprise et r\u00e9cup\u00e9ration des Navigateurs<\/a><a href=\"https:\/\/cssdn.gouv.qc.ca\/cfernavigateurs\/wp-content\/uploads\/sites\/85\/2024\/12\/cfer-plan-action-climat-positif.pdf\" class=\"wp-block-file__button wp-element-button\" download aria-describedby=\"wp-block-file--media-cc390354-e646-4d97-81ca-fac0c0b7be66\">T\u00e9l\u00e9charger<\/a><\/div>\n\n\n\n<div class=\"wp-block-file\"><a id=\"wp-block-file--media-6f744d1c-21bb-4a17-a6ff-e35439fcc9a8\" href=\"https:\/\/cssdn.gouv.qc.ca\/cfer\/wp-content\/uploads\/sites\/85\/2025\/07\/Evaluation-annuelle_CFER-1.pdf\" target=\"_blank\" rel=\"noreferrer noopener\">\u00c9valuation annuelle du plan d&rsquo;action 2024-25<\/a><a href=\"https:\/\/cssdn.gouv.qc.ca\/cfer\/wp-content\/uploads\/sites\/85\/2025\/07\/Evaluation-annuelle_CFER-1.pdf\" class=\"wp-block-file__button wp-element-button\" download aria-describedby=\"wp-block-file--media-6f744d1c-21bb-4a17-a6ff-e35439fcc9a8\">T\u00e9l\u00e9charger<\/a><\/div>\n\n\n\n<h1 class=\"wp-block-heading\"><strong>Plan de lutte contre la violence et l\u2019intimidation \u00e0 l\u2019\u00e9cole<\/strong><\/h1>\n\n\n\n<div class=\"wp-block-file\"><a id=\"wp-block-file--media-48f2d1b5-c4ad-4bd1-ab86-4772c1cbcd5b\" href=\"https:\/\/cssdn.gouv.qc.ca\/cfer\/wp-content\/uploads\/sites\/85\/2025\/07\/228-CFER-Plan-de-lutte2024-2025-1.pdf\">Plan d&rsquo;action pour un climat positif qui favorise la s\u00e9curit\u00e9 et le bien-\u00eatre de tous 2024-25<\/a><a href=\"https:\/\/cssdn.gouv.qc.ca\/cfer\/wp-content\/uploads\/sites\/85\/2025\/07\/228-CFER-Plan-de-lutte2024-2025-1.pdf\" class=\"wp-block-file__button wp-element-button\" download aria-describedby=\"wp-block-file--media-48f2d1b5-c4ad-4bd1-ab86-4772c1cbcd5b\">T\u00e9l\u00e9charger<\/a><\/div>\n\n\n\n<h2 class=\"wp-block-heading\">Code de vie<\/h2>\n\n\n\n<div class=\"wp-block-file\"><a id=\"wp-block-file--media-c7606789-c0bb-42e6-814c-688645d4421f\" href=\"https:\/\/cssdn.gouv.qc.ca\/cfer\/wp-content\/uploads\/sites\/85\/2025\/07\/Reglements-de-lecole-2025-2026.pdf\">R\u00e8glements de l&rsquo;\u00e9cole 2025-2026<\/a><a href=\"https:\/\/cssdn.gouv.qc.ca\/cfer\/wp-content\/uploads\/sites\/85\/2025\/07\/Reglements-de-lecole-2025-2026.pdf\" class=\"wp-block-file__button wp-element-button\" download aria-describedby=\"wp-block-file--media-c7606789-c0bb-42e6-814c-688645d4421f\">T\u00e9l\u00e9charger<\/a><\/div>\n\n\n\n<h2 class=\"wp-block-heading\">Document explicatif aux parents et aux \u00e9l\u00e8ves<\/h2>\n\n\n\n<p class=\"wp-block-paragraph\"><\/p>\n","protected":false},"excerpt":{"rendered":"<p>Projet \u00e9ducatif Le projet \u00e9ducatif est un outil strat\u00e9gique permettant de d\u00e9finir et de faire conna\u00eetre \u00e0 la communaut\u00e9 \u00e9ducative d&rsquo;un \u00e9tablissement d&rsquo;enseignement des orientations, des priorit\u00e9s d&rsquo;action et les r\u00e9sultats attendus pour assurer la r\u00e9ussite \u00e9ducative de tous les \u00e9l\u00e8ves, jeunes et adultes. Il est \u00e9labor\u00e9 en fonction des caract\u00e9ristiques et des besoins des [&hellip;]<\/p>\n","protected":false},"author":21,"featured_media":0,"parent":6,"menu_order":3,"comment_status":"closed","ping_status":"closed","template":"","meta":{"_acf_changed":false,"_crdt_document":"","inline_featured_image":false,"footnotes":""},"categories":[],"tags":[],"class_list":["post-8","page","type-page","status-publish","hentry"],"acf":[],"yoast_head":"<!-- This site is optimized with the Yoast SEO plugin v27.4 - https:\/\/yoast.com\/product\/yoast-seo-wordpress\/ -->\n<title>Documentation officielle - Centre de formation en entreprise et r\u00e9cup\u00e9ration (CFER) des Navigateurs<\/title>\n<meta name=\"description\" content=\"D\u00e9couvrez le projet \u00e9ducatif du centre de formation en entreprise et r\u00e9cup\u00e9ration (CFER) des Navigateurs.\" \/>\n<meta name=\"robots\" content=\"index, follow, max-snippet:-1, max-image-preview:large, max-video-preview:-1\" \/>\n<link rel=\"canonical\" href=\"https:\/\/cssdn.gouv.qc.ca\/cfer\/a-propos\/projet-educatif\/\" \/>\n<meta property=\"og:locale\" content=\"fr_CA\" \/>\n<meta property=\"og:type\" content=\"article\" \/>\n<meta property=\"og:title\" content=\"Documentation officielle - Centre de formation en entreprise et r\u00e9cup\u00e9ration (CFER) des Navigateurs\" \/>\n<meta property=\"og:description\" content=\"D\u00e9couvrez le projet \u00e9ducatif du centre de formation en entreprise et r\u00e9cup\u00e9ration (CFER) des Navigateurs.\" \/>\n<meta property=\"og:url\" content=\"https:\/\/cssdn.gouv.qc.ca\/cfer\/a-propos\/projet-educatif\/\" \/>\n<meta property=\"og:site_name\" content=\"Centre de formation en entreprise et r\u00e9cup\u00e9ration (CFER) des Navigateurs\" \/>\n<meta property=\"article:publisher\" content=\"https:\/\/www.facebook.com\/cferdesnavigateurs\" \/>\n<meta property=\"article:modified_time\" content=\"2025-10-28T15:59:09+00:00\" \/>\n<meta property=\"og:image\" content=\"https:\/\/cssdn.gouv.qc.ca\/cfer\/wp-content\/uploads\/sites\/85\/2024\/11\/centre-formation-entreprise-recuperation-navigateurs_accueil.png\" \/>\n\t<meta property=\"og:image:width\" content=\"1500\" \/>\n\t<meta property=\"og:image:height\" content=\"762\" \/>\n\t<meta property=\"og:image:type\" content=\"image\/png\" \/>\n<meta name=\"twitter:card\" content=\"summary_large_image\" \/>\n<meta name=\"twitter:site\" content=\"@CSSNavigateurs\" \/>\n<meta name=\"twitter:label1\" content=\"Estimation du temps de lecture\" \/>\n\t<meta name=\"twitter:data1\" content=\"2 minutes\" \/>\n<script type=\"application\/ld+json\" class=\"yoast-schema-graph\">{\"@context\":\"https:\\\/\\\/schema.org\",\"@graph\":[{\"@type\":\"WebPage\",\"@id\":\"https:\\\/\\\/cssdn.gouv.qc.ca\\\/cfer\\\/a-propos\\\/projet-educatif\\\/\",\"url\":\"https:\\\/\\\/cssdn.gouv.qc.ca\\\/cfer\\\/a-propos\\\/projet-educatif\\\/\",\"name\":\"Documentation officielle - Centre de formation en entreprise et r\u00e9cup\u00e9ration (CFER) des Navigateurs\",\"isPartOf\":{\"@id\":\"https:\\\/\\\/cssdn.gouv.qc.ca\\\/cfer\\\/#website\"},\"primaryImageOfPage\":{\"@id\":\"https:\\\/\\\/cssdn.gouv.qc.ca\\\/cfer\\\/a-propos\\\/projet-educatif\\\/#primaryimage\"},\"image\":{\"@id\":\"https:\\\/\\\/cssdn.gouv.qc.ca\\\/cfer\\\/a-propos\\\/projet-educatif\\\/#primaryimage\"},\"thumbnailUrl\":\"https:\\\/\\\/cssdn.gouv.qc.ca\\\/cfernavigateurs\\\/wp-content\\\/uploads\\\/sites\\\/85\\\/2024\\\/11\\\/centre-formation-entreprise-recuperation-navigateurs_accueil.png\",\"datePublished\":\"2022-11-08T21:07:54+00:00\",\"dateModified\":\"2025-10-28T15:59:09+00:00\",\"description\":\"D\u00e9couvrez le projet \u00e9ducatif du centre de formation en entreprise et r\u00e9cup\u00e9ration (CFER) des Navigateurs.\",\"breadcrumb\":{\"@id\":\"https:\\\/\\\/cssdn.gouv.qc.ca\\\/cfer\\\/a-propos\\\/projet-educatif\\\/#breadcrumb\"},\"inLanguage\":\"fr-CA\",\"potentialAction\":[{\"@type\":\"ReadAction\",\"target\":[\"https:\\\/\\\/cssdn.gouv.qc.ca\\\/cfer\\\/a-propos\\\/projet-educatif\\\/\"]}]},{\"@type\":\"ImageObject\",\"inLanguage\":\"fr-CA\",\"@id\":\"https:\\\/\\\/cssdn.gouv.qc.ca\\\/cfer\\\/a-propos\\\/projet-educatif\\\/#primaryimage\",\"url\":\"https:\\\/\\\/cssdn.gouv.qc.ca\\\/cfer\\\/wp-content\\\/uploads\\\/sites\\\/85\\\/2024\\\/11\\\/centre-formation-entreprise-recuperation-navigateurs_accueil.png\",\"contentUrl\":\"https:\\\/\\\/cssdn.gouv.qc.ca\\\/cfer\\\/wp-content\\\/uploads\\\/sites\\\/85\\\/2024\\\/11\\\/centre-formation-entreprise-recuperation-navigateurs_accueil.png\",\"width\":1500,\"height\":762,\"caption\":\"Centre de formation en entreprise et r\u00e9cup\u00e9ration (CFER) des Navigateurs\"},{\"@type\":\"BreadcrumbList\",\"@id\":\"https:\\\/\\\/cssdn.gouv.qc.ca\\\/cfer\\\/a-propos\\\/projet-educatif\\\/#breadcrumb\",\"itemListElement\":[{\"@type\":\"ListItem\",\"position\":1,\"name\":\"Accueil\",\"item\":\"https:\\\/\\\/cssdn.gouv.qc.ca\\\/cfer\\\/\"},{\"@type\":\"ListItem\",\"position\":2,\"name\":\"\u00c0 propos\",\"item\":\"https:\\\/\\\/cssdn.gouv.qc.ca\\\/cfer\\\/a-propos\\\/\"},{\"@type\":\"ListItem\",\"position\":3,\"name\":\"Documentation officielle\"}]},{\"@type\":\"WebSite\",\"@id\":\"https:\\\/\\\/cssdn.gouv.qc.ca\\\/cfer\\\/#website\",\"url\":\"https:\\\/\\\/cssdn.gouv.qc.ca\\\/cfer\\\/\",\"name\":\"Centre de formation en entreprise et r\u00e9cup\u00e9ration (CFER) des Navigateurs\",\"description\":\"Un site des centres de services scolaires des Navigateurs\",\"publisher\":{\"@id\":\"https:\\\/\\\/cssdn.gouv.qc.ca\\\/cfer\\\/#organization\"},\"potentialAction\":[{\"@type\":\"SearchAction\",\"target\":{\"@type\":\"EntryPoint\",\"urlTemplate\":\"https:\\\/\\\/cssdn.gouv.qc.ca\\\/cfer\\\/?s={search_term_string}\"},\"query-input\":{\"@type\":\"PropertyValueSpecification\",\"valueRequired\":true,\"valueName\":\"search_term_string\"}}],\"inLanguage\":\"fr-CA\"},{\"@type\":\"Organization\",\"@id\":\"https:\\\/\\\/cssdn.gouv.qc.ca\\\/cfer\\\/#organization\",\"name\":\"Centre de formation en entreprise et r\u00e9cup\u00e9ration (CFER) des Navigateurs\",\"url\":\"https:\\\/\\\/cssdn.gouv.qc.ca\\\/cfer\\\/\",\"logo\":{\"@type\":\"ImageObject\",\"inLanguage\":\"fr-CA\",\"@id\":\"https:\\\/\\\/cssdn.gouv.qc.ca\\\/cfer\\\/#\\\/schema\\\/logo\\\/image\\\/\",\"url\":\"https:\\\/\\\/cssdn.gouv.qc.ca\\\/cfernavigateurs\\\/wp-content\\\/uploads\\\/sites\\\/85\\\/2024\\\/11\\\/centre-formation-entreprise-recuperation-navigateurs_logo.jpg\",\"contentUrl\":\"https:\\\/\\\/cssdn.gouv.qc.ca\\\/cfernavigateurs\\\/wp-content\\\/uploads\\\/sites\\\/85\\\/2024\\\/11\\\/centre-formation-entreprise-recuperation-navigateurs_logo.jpg\",\"width\":1800,\"height\":600,\"caption\":\"Centre de formation en entreprise et r\u00e9cup\u00e9ration (CFER) des Navigateurs\"},\"image\":{\"@id\":\"https:\\\/\\\/cssdn.gouv.qc.ca\\\/cfer\\\/#\\\/schema\\\/logo\\\/image\\\/\"},\"sameAs\":[\"https:\\\/\\\/www.facebook.com\\\/cferdesnavigateurs\",\"https:\\\/\\\/x.com\\\/CSSNavigateurs\",\"https:\\\/\\\/www.instagram.com\\\/cssnavigateurs\\\/\",\"https:\\\/\\\/www.youtube.com\\\/channel\\\/UCHbNBehije70JBzCIVT82bQ\",\"https:\\\/\\\/www.linkedin.com\\\/company\\\/centre-services-scolaire-navigateurs\"]}]}<\/script>\n<!-- \/ Yoast SEO plugin. -->","yoast_head_json":{"title":"Documentation officielle - Centre de formation en entreprise et r\u00e9cup\u00e9ration (CFER) des Navigateurs","description":"D\u00e9couvrez le projet \u00e9ducatif du centre de formation en entreprise et r\u00e9cup\u00e9ration (CFER) des Navigateurs.","robots":{"index":"index","follow":"follow","max-snippet":"max-snippet:-1","max-image-preview":"max-image-preview:large","max-video-preview":"max-video-preview:-1"},"canonical":"https:\/\/cssdn.gouv.qc.ca\/cfer\/a-propos\/projet-educatif\/","og_locale":"fr_CA","og_type":"article","og_title":"Documentation officielle - Centre de formation en entreprise et r\u00e9cup\u00e9ration (CFER) des Navigateurs","og_description":"D\u00e9couvrez le projet \u00e9ducatif du centre de formation en entreprise et r\u00e9cup\u00e9ration (CFER) des Navigateurs.","og_url":"https:\/\/cssdn.gouv.qc.ca\/cfer\/a-propos\/projet-educatif\/","og_site_name":"Centre de formation en entreprise et r\u00e9cup\u00e9ration (CFER) des Navigateurs","article_publisher":"https:\/\/www.facebook.com\/cferdesnavigateurs","article_modified_time":"2025-10-28T15:59:09+00:00","og_image":[{"width":1500,"height":762,"url":"https:\/\/cssdn.gouv.qc.ca\/cfer\/wp-content\/uploads\/sites\/85\/2024\/11\/centre-formation-entreprise-recuperation-navigateurs_accueil.png","type":"image\/png"}],"twitter_card":"summary_large_image","twitter_site":"@CSSNavigateurs","twitter_misc":{"Estimation du temps de lecture":"2 minutes"},"schema":{"@context":"https:\/\/schema.org","@graph":[{"@type":"WebPage","@id":"https:\/\/cssdn.gouv.qc.ca\/cfer\/a-propos\/projet-educatif\/","url":"https:\/\/cssdn.gouv.qc.ca\/cfer\/a-propos\/projet-educatif\/","name":"Documentation officielle - Centre de formation en entreprise et r\u00e9cup\u00e9ration (CFER) des Navigateurs","isPartOf":{"@id":"https:\/\/cssdn.gouv.qc.ca\/cfer\/#website"},"primaryImageOfPage":{"@id":"https:\/\/cssdn.gouv.qc.ca\/cfer\/a-propos\/projet-educatif\/#primaryimage"},"image":{"@id":"https:\/\/cssdn.gouv.qc.ca\/cfer\/a-propos\/projet-educatif\/#primaryimage"},"thumbnailUrl":"https:\/\/cssdn.gouv.qc.ca\/cfernavigateurs\/wp-content\/uploads\/sites\/85\/2024\/11\/centre-formation-entreprise-recuperation-navigateurs_accueil.png","datePublished":"2022-11-08T21:07:54+00:00","dateModified":"2025-10-28T15:59:09+00:00","description":"D\u00e9couvrez le projet \u00e9ducatif du centre de formation en entreprise et r\u00e9cup\u00e9ration (CFER) des Navigateurs.","breadcrumb":{"@id":"https:\/\/cssdn.gouv.qc.ca\/cfer\/a-propos\/projet-educatif\/#breadcrumb"},"inLanguage":"fr-CA","potentialAction":[{"@type":"ReadAction","target":["https:\/\/cssdn.gouv.qc.ca\/cfer\/a-propos\/projet-educatif\/"]}]},{"@type":"ImageObject","inLanguage":"fr-CA","@id":"https:\/\/cssdn.gouv.qc.ca\/cfer\/a-propos\/projet-educatif\/#primaryimage","url":"https:\/\/cssdn.gouv.qc.ca\/cfer\/wp-content\/uploads\/sites\/85\/2024\/11\/centre-formation-entreprise-recuperation-navigateurs_accueil.png","contentUrl":"https:\/\/cssdn.gouv.qc.ca\/cfer\/wp-content\/uploads\/sites\/85\/2024\/11\/centre-formation-entreprise-recuperation-navigateurs_accueil.png","width":1500,"height":762,"caption":"Centre de formation en entreprise et r\u00e9cup\u00e9ration (CFER) des Navigateurs"},{"@type":"BreadcrumbList","@id":"https:\/\/cssdn.gouv.qc.ca\/cfer\/a-propos\/projet-educatif\/#breadcrumb","itemListElement":[{"@type":"ListItem","position":1,"name":"Accueil","item":"https:\/\/cssdn.gouv.qc.ca\/cfer\/"},{"@type":"ListItem","position":2,"name":"\u00c0 propos","item":"https:\/\/cssdn.gouv.qc.ca\/cfer\/a-propos\/"},{"@type":"ListItem","position":3,"name":"Documentation officielle"}]},{"@type":"WebSite","@id":"https:\/\/cssdn.gouv.qc.ca\/cfer\/#website","url":"https:\/\/cssdn.gouv.qc.ca\/cfer\/","name":"Centre de formation en entreprise et r\u00e9cup\u00e9ration (CFER) des Navigateurs","description":"Un site des centres de services scolaires des Navigateurs","publisher":{"@id":"https:\/\/cssdn.gouv.qc.ca\/cfer\/#organization"},"potentialAction":[{"@type":"SearchAction","target":{"@type":"EntryPoint","urlTemplate":"https:\/\/cssdn.gouv.qc.ca\/cfer\/?s={search_term_string}"},"query-input":{"@type":"PropertyValueSpecification","valueRequired":true,"valueName":"search_term_string"}}],"inLanguage":"fr-CA"},{"@type":"Organization","@id":"https:\/\/cssdn.gouv.qc.ca\/cfer\/#organization","name":"Centre de formation en entreprise et r\u00e9cup\u00e9ration (CFER) des Navigateurs","url":"https:\/\/cssdn.gouv.qc.ca\/cfer\/","logo":{"@type":"ImageObject","inLanguage":"fr-CA","@id":"https:\/\/cssdn.gouv.qc.ca\/cfer\/#\/schema\/logo\/image\/","url":"https:\/\/cssdn.gouv.qc.ca\/cfernavigateurs\/wp-content\/uploads\/sites\/85\/2024\/11\/centre-formation-entreprise-recuperation-navigateurs_logo.jpg","contentUrl":"https:\/\/cssdn.gouv.qc.ca\/cfernavigateurs\/wp-content\/uploads\/sites\/85\/2024\/11\/centre-formation-entreprise-recuperation-navigateurs_logo.jpg","width":1800,"height":600,"caption":"Centre de formation en entreprise et r\u00e9cup\u00e9ration (CFER) des Navigateurs"},"image":{"@id":"https:\/\/cssdn.gouv.qc.ca\/cfer\/#\/schema\/logo\/image\/"},"sameAs":["https:\/\/www.facebook.com\/cferdesnavigateurs","https:\/\/x.com\/CSSNavigateurs","https:\/\/www.instagram.com\/cssnavigateurs\/","https:\/\/www.youtube.com\/channel\/UCHbNBehije70JBzCIVT82bQ","https:\/\/www.linkedin.com\/company\/centre-services-scolaire-navigateurs"]}]}},"publishpress_future_action":{"enabled":false,"date":"2026-04-28 04:56:50","action":"change-status","newStatus":"draft","terms":[],"taxonomy":"category","extraData":[]},"publishpress_future_workflow_manual_trigger":{"enabledWorkflows":[]},"_links":{"self":[{"href":"https:\/\/cssdn.gouv.qc.ca\/cfer\/wp-json\/wp\/v2\/pages\/8","targetHints":{"allow":["GET"]}}],"collection":[{"href":"https:\/\/cssdn.gouv.qc.ca\/cfer\/wp-json\/wp\/v2\/pages"}],"about":[{"href":"https:\/\/cssdn.gouv.qc.ca\/cfer\/wp-json\/wp\/v2\/types\/page"}],"author":[{"embeddable":true,"href":"https:\/\/cssdn.gouv.qc.ca\/cfer\/wp-json\/wp\/v2\/users\/21"}],"replies":[{"embeddable":true,"href":"https:\/\/cssdn.gouv.qc.ca\/cfer\/wp-json\/wp\/v2\/comments?post=8"}],"version-history":[{"count":0,"href":"https:\/\/cssdn.gouv.qc.ca\/cfer\/wp-json\/wp\/v2\/pages\/8\/revisions"}],"up":[{"embeddable":true,"href":"https:\/\/cssdn.gouv.qc.ca\/cfer\/wp-json\/wp\/v2\/pages\/6"}],"wp:attachment":[{"href":"https:\/\/cssdn.gouv.qc.ca\/cfer\/wp-json\/wp\/v2\/media?parent=8"}],"wp:term":[{"taxonomy":"category","embeddable":true,"href":"https:\/\/cssdn.gouv.qc.ca\/cfer\/wp-json\/wp\/v2\/categories?post=8"},{"taxonomy":"post_tag","embeddable":true,"href":"https:\/\/cssdn.gouv.qc.ca\/cfer\/wp-json\/wp\/v2\/tags?post=8"}],"curies":[{"name":"wp","href":"https:\/\/api.w.org\/{rel}","templated":true}]}}