
{"id":16,"date":"2022-11-08T16:07:56","date_gmt":"2022-11-08T21:07:56","guid":{"rendered":"https:\/\/cssdn.gouv.qc.ca\/chanterelle\/service-de-garde\/"},"modified":"2025-09-15T14:31:16","modified_gmt":"2025-09-15T18:31:16","slug":"service-de-garde","status":"publish","type":"page","link":"https:\/\/cssdn.gouv.qc.ca\/chanterelle\/service-de-garde\/","title":{"rendered":"Service de garde"},"content":{"rendered":"\n<div class=\"wp-block-cover alignfull is-light is-style-title-banner\"><img decoding=\"async\" class=\"wp-block-cover__image-background wp-image-111 lazyload\" alt=\"\" data-src=\"https:\/\/cssdn.gouv.qc.ca\/wp-content\/uploads\/2022\/08\/Seawire-Hero-06.jpg\" data-object-fit=\"cover\" src=\"data:image\/svg+xml;base64,PHN2ZyB3aWR0aD0iMSIgaGVpZ2h0PSIxIiB4bWxucz0iaHR0cDovL3d3dy53My5vcmcvMjAwMC9zdmciPjwvc3ZnPg==\" \/><span aria-hidden=\"true\" class=\"wp-block-cover__background has-background-dim\"><\/span><div class=\"wp-block-cover__inner-container\"><h3 class=\"wp-block-post-title\">Service de garde<\/h3><\/div><\/div>\n\n\n\n<div class=\"wp-block-group alignfull has-padding-y-large has-secondary-background-color has-background\"><div class=\"yoast-breadcrumbs alignwide \"><span class=\"breadcrumbs\"><a href=\"https:\/\/cssdn.gouv.qc.ca\/chanterelle\/\" class=\"breadcrumbs__element\">Accueil<\/a> <span class=\"breadcrumbs__separator\">\n        <svg class=\"icon icon-breadcrumb__separator\"><use xlink:href=\"#icon-breadcrumb__separator\"><\/use><\/svg>\n    <\/span> <span class=\"breadcrumbs__element breadcrumbs__element-current\">Service de garde<\/span><\/span><\/div><\/div>\n\n\n\n<figure class=\"wp-block-image size-medium is-resized\"><img decoding=\"async\" width=\"300\" height=\"211\" data-src=\"https:\/\/cssdn.gouv.qc.ca\/chanterelle\/wp-content\/uploads\/sites\/21\/2022\/12\/chanterelle-couleur-haute-res-300x211.jpg\" alt=\"\" class=\"wp-image-108 lazyload\" style=\"--smush-placeholder-width: 300px; --smush-placeholder-aspect-ratio: 300\/211;width:123px;height:87px\" data-srcset=\"https:\/\/cssdn.gouv.qc.ca\/chanterelle\/wp-content\/uploads\/sites\/21\/2022\/12\/chanterelle-couleur-haute-res-300x211.jpg 300w, https:\/\/cssdn.gouv.qc.ca\/chanterelle\/wp-content\/uploads\/sites\/21\/2022\/12\/chanterelle-couleur-haute-res.jpg 697w\" data-sizes=\"(max-width: 300px) 100vw, 300px\" src=\"data:image\/svg+xml;base64,PHN2ZyB3aWR0aD0iMSIgaGVpZ2h0PSIxIiB4bWxucz0iaHR0cDovL3d3dy53My5vcmcvMjAwMC9zdmciPjwvc3ZnPg==\" \/><\/figure>\n\n\n\n<div class=\"wp-block-media-text alignwide is-stacked-on-mobile is-style-rounded\"><figure class=\"wp-block-media-text__media\"><img decoding=\"async\" width=\"300\" height=\"142\" data-src=\"https:\/\/cssdn.gouv.qc.ca\/chanterelle\/wp-content\/uploads\/sites\/21\/2022\/11\/Frame-26-300x142.jpg\" alt=\"\" class=\"wp-image-51 size-full lazyload\" data-srcset=\"https:\/\/cssdn.gouv.qc.ca\/chanterelle\/wp-content\/uploads\/sites\/21\/2022\/11\/Frame-26-300x142.jpg 300w, https:\/\/cssdn.gouv.qc.ca\/chanterelle\/wp-content\/uploads\/sites\/21\/2022\/11\/Frame-26-1024x486.jpg 1024w, https:\/\/cssdn.gouv.qc.ca\/chanterelle\/wp-content\/uploads\/sites\/21\/2022\/11\/Frame-26-768x365.jpg 768w, https:\/\/cssdn.gouv.qc.ca\/chanterelle\/wp-content\/uploads\/sites\/21\/2022\/11\/Frame-26.jpg 1059w\" data-sizes=\"(max-width: 300px) 100vw, 300px\" src=\"data:image\/svg+xml;base64,PHN2ZyB3aWR0aD0iMSIgaGVpZ2h0PSIxIiB4bWxucz0iaHR0cDovL3d3dy53My5vcmcvMjAwMC9zdmciPjwvc3ZnPg==\" style=\"--smush-placeholder-width: 300px; --smush-placeholder-aspect-ratio: 300\/142;\" \/><\/figure><div class=\"wp-block-media-text__content\">\n<h2 class=\"wp-block-heading\">Service de garde<\/h2>\n<\/div><\/div>\n\n\n\n<div class=\"act-collapsible\">\n<h2 class=\"wp-block-heading act-collapsible__heading\">Horaire<\/h2>\n\n\n\n<div class=\"act-collapsible__content\"><div class=\"act-collapsible__content-inner\">\n<p class=\"wp-block-paragraph\"><strong><u>HEURES D&rsquo;OUVERTURE<\/u><\/strong><\/p>\n\n\n\n<p class=\"wp-block-paragraph\"><strong>Service de garde<\/strong><strong>&nbsp;:<\/strong><\/p>\n\n\n\n<ul class=\"wp-block-list\">\n<li><strong>MATIN&nbsp;&nbsp; &nbsp;&nbsp; 7 h&nbsp;&nbsp;00&nbsp;&nbsp;&nbsp;\u00e0 &nbsp;&nbsp; 7 h 50<\/strong><\/li>\n\n\n\n<li><strong>MIDI<\/strong>&nbsp;&nbsp;&nbsp;&nbsp;&nbsp;&nbsp;&nbsp;&nbsp;&nbsp;<strong>11 h 20 &nbsp; \u00e0&nbsp;&nbsp;&nbsp;<\/strong><strong>12 h 40&nbsp;<\/strong><\/li>\n\n\n\n<li><strong>SOIR&nbsp;<\/strong>&nbsp;&nbsp;&nbsp;&nbsp;&nbsp;&nbsp;&nbsp;<strong>15 h&nbsp;10 &nbsp; \u00e0&nbsp; &nbsp;18 h&nbsp;00<\/strong><\/li>\n<\/ul>\n\n\n\n<p class=\"wp-block-paragraph\"><strong>P\u00e9riode pr\u00e9scolaire :<\/strong><strong>\u200b<\/strong><\/p>\n\n\n\n<ul class=\"wp-block-list\">\n<li><strong>MATIN&nbsp; &nbsp; 7 h 00&nbsp; &nbsp;\u00e0&nbsp; &nbsp;7 h 50<\/strong><strong>\u200b<\/strong><\/li>\n\n\n\n<li><strong>MIDI&nbsp; &nbsp; &nbsp; 11 h00&nbsp; &nbsp;\u00e0&nbsp; &nbsp;12 h 40<\/strong><\/li>\n\n\n\n<li><strong>SURVEILLANCE AVANT AUTOBUS&nbsp; &nbsp; &nbsp; 14 h 12 &nbsp; \u00e0&nbsp;&nbsp;&nbsp; 15 h 10<\/strong><\/li>\n\n\n\n<li><strong>SOIR&nbsp; &nbsp; &nbsp;15 h10&nbsp; &nbsp;\u00e0&nbsp; &nbsp;18 h 00<\/strong><\/li>\n<\/ul>\n\n\n\n<p class=\"wp-block-paragraph\"><strong>Pour les journ\u00e9es p\u00e9dagogiques<\/strong>&nbsp;:<\/p>\n\n\n\n<ul class=\"wp-block-list\">\n<li><strong>&nbsp;&nbsp;&nbsp; 7 h 00&nbsp;&nbsp; \u00e0&nbsp;&nbsp; 18 h 00<\/strong><\/li>\n<\/ul>\n\n\n\n<p class=\"wp-block-paragraph\"><strong>Jours f\u00e9ri\u00e9s :<\/strong><\/p>\n\n\n\n<p class=\"wp-block-paragraph\"><strong>&#8211; ferm\u00e9 &#8211;<\/strong><\/p>\n<\/div><\/div>\n<\/div>\n\n\n\n<div class=\"act-collapsible\">\n<h2 class=\"wp-block-heading act-collapsible__heading\">Journ\u00e9es p\u00e9dagogiques<\/h2>\n\n\n\n<div class=\"act-collapsible__content\"><div class=\"act-collapsible__content-inner\">\n<p class=\"wp-block-paragraph\">L&rsquo;horaire du service de garde lors des journ\u00e9es p\u00e9dagogiques est de 7 h \u00e0 18 h. Les frais de garde sont de 12,50 $ par jour&nbsp;excluant&nbsp;les frais de sorties.&nbsp;<\/p>\n\n\n\n<p class=\"wp-block-paragraph\">Pour les journ\u00e9es p\u00e9dagogiques, tous les parents re\u00e7oivent la description des activit\u00e9s avec le formulaire d&rsquo;inscription \u00e0 retourner pour la date indiqu\u00e9e sur celui-ci. Lorsque l&rsquo;enfant est inscrit, le montant de la journ\u00e9e n&rsquo;est pas remboursable.<\/p>\n\n\n\n<p class=\"wp-block-paragraph\">Le service de garde est ferm\u00e9 lors des derni\u00e8res journ\u00e9es p\u00e9dagogiques du mois de juin afin d&rsquo;\u00e9valuer l&rsquo;ann\u00e9e, ainsi que les deux premi\u00e8res journ\u00e9es p\u00e9dagogiques de l&rsquo;ann\u00e9e, c&rsquo;est \u00e0 dire \u00e0 la fin du mois d&rsquo;ao\u00fbt et ce, afin de planifier la nouvelle ann\u00e9e. Aucuns frais ne seront factur\u00e9s pour ces journ\u00e9es.<\/p>\n\n\n\n<p class=\"wp-block-paragraph\">Vous trouverez, ci-dessous, la programmation des journ\u00e9es p\u00e9dagogiques :<strong><a href=\"https:\/\/web.cssdn.gouv.qc.ca\/sites\/default\/files\/u232\/copie_papier_journees_pedagogiques_septembre_2017_a_janvier_2018.pdf\">\u200b<\/a>\u200b<\/strong><\/p>\n\n\n\n<div class=\"wp-block-file\"><a id=\"wp-block-file--media-45753edc-26d8-4a5d-a2c4-dde68a9a9884\" href=\"https:\/\/cssdn.gouv.qc.ca\/chanterelle\/wp-content\/uploads\/sites\/21\/2025\/08\/Programmation-journees-pedagogiques-2025-2026.pdf\">Programmation journ\u00e9es p\u00e9dagogiques 2025-2026<\/a><a href=\"https:\/\/cssdn.gouv.qc.ca\/chanterelle\/wp-content\/uploads\/sites\/21\/2025\/08\/Programmation-journees-pedagogiques-2025-2026.pdf\" class=\"wp-block-file__button wp-element-button\" download aria-describedby=\"wp-block-file--media-45753edc-26d8-4a5d-a2c4-dde68a9a9884\">T\u00e9l\u00e9charger<\/a><\/div>\n<\/div><\/div>\n<\/div>\n\n\n\n<div class=\"act-collapsible\">\n<h2 class=\"wp-block-heading act-collapsible__heading\">Notre personnel<\/h2>\n\n\n\n<div class=\"act-collapsible__content\"><div class=\"act-collapsible__content-inner\">\n<h5 class=\"wp-block-heading\"><strong>Technicienne du service de garde<\/strong><\/h5>\n\n\n\n<ul class=\"wp-block-list\">\n<li>Isabelle Montminy<\/li>\n<\/ul>\n\n\n\n<h5 class=\"wp-block-heading\"><strong>Classe principale<\/strong><\/h5>\n\n\n\n<ul class=\"wp-block-list\">\n<li>Annie Bilodeau<\/li>\n<\/ul>\n\n\n\n<h5 class=\"wp-block-heading\"><strong>\u00c9ducateurs &#8211; \u00c9ducatrices<\/strong><\/h5>\n\n\n\n<ul class=\"wp-block-list\">\n<li>Lynda B\u00e9dard<\/li>\n\n\n\n<li>Samantha Bois<\/li>\n\n\n\n<li>Linda Demers<\/li>\n\n\n\n<li>Patricia McDonald<\/li>\n\n\n\n<li>Lucie Gingras<\/li>\n\n\n\n<li>Nancy Houde<\/li>\n\n\n\n<li>Mathilde Huot<\/li>\n\n\n\n<li>Sylvie Bergeron<\/li>\n\n\n\n<li>Suzy Lafrance<\/li>\n\n\n\n<li>Manon Colbert<\/li>\n\n\n\n<li>Mireille Lemieux<\/li>\n\n\n\n<li>Erika Marceau<\/li>\n\n\n\n<li>Christophe Maurel<\/li>\n\n\n\n<li>Katia Michaud<\/li>\n\n\n\n<li>Chantale Robitaille<\/li>\n\n\n\n<li>Nancy Rochon<\/li>\n\n\n\n<li>H\u00e9l\u00e8ne Sirois<\/li>\n\n\n\n<li>M\u00e9lanie C\u00f4t\u00e9<\/li>\n\n\n\n<li>Inna Kanonirova<\/li>\n\n\n\n<li>Cindy Baribeau<\/li>\n<\/ul>\n<\/div><\/div>\n<\/div>\n\n\n\n<div class=\"act-collapsible\">\n<h2 class=\"wp-block-heading act-collapsible__heading\">Programme d&rsquo;activit\u00e9s<\/h2>\n\n\n\n<div class=\"act-collapsible__content\"><div class=\"act-collapsible__content-inner\">\n<h5 class=\"wp-block-heading\"><strong><a href=\"https:\/\/can01.safelinks.protection.outlook.com\/?url=https%3A%2F%2Fview.genially.com%2F6841b04fb1bc8940be050cad%2Fpresentation-presentation-cahier-decole&amp;data=05%7C02%7Cchanterelle%40cssdn.gouv.qc.ca%7C61fa78231b254bca0ac808ddd388bc6e%7C116b0fe7428e49b58982f9c63799268d%7C0%7C0%7C638899306438962109%7CUnknown%7CTWFpbGZsb3d8eyJFbXB0eU1hcGkiOnRydWUsIlYiOiIwLjAuMDAwMCIsIlAiOiJXaW4zMiIsIkFOIjoiTWFpbCIsIldUIjoyfQ%3D%3D%7C0%7C%7C%7C&amp;sdata=gStrNYIw3mzw8UhfENWxp%2BE7YBuHEx0hfv8Ztnlc6pk%3D&amp;reserved=0\">Programme d&rsquo;activit\u00e9s<\/a><\/strong><\/h5>\n\n\n\n<h5 class=\"wp-block-heading\"><strong>R\u00e8gles de fonctionnement.<\/strong><\/h5>\n\n\n\n<div class=\"wp-block-file\"><a id=\"wp-block-file--media-11e68e55-12f3-4e04-93e7-934cab6f2b3f\" href=\"https:\/\/cssdn.gouv.qc.ca\/chanterelle\/wp-content\/uploads\/sites\/21\/2025\/07\/Regles-de-fonctionnement-2025-2026.pdf\">R\u00e8gles de fonctionnement 2025-2026<\/a><a href=\"https:\/\/cssdn.gouv.qc.ca\/chanterelle\/wp-content\/uploads\/sites\/21\/2025\/07\/Regles-de-fonctionnement-2025-2026.pdf\" class=\"wp-block-file__button wp-element-button\" download aria-describedby=\"wp-block-file--media-11e68e55-12f3-4e04-93e7-934cab6f2b3f\">T\u00e9l\u00e9charger<\/a><\/div>\n<\/div><\/div>\n<\/div>\n\n\n\n<div class=\"act-collapsible\">\n<h2 class=\"wp-block-heading act-collapsible__heading\">Semaine de rel\u00e2che<\/h2>\n\n\n\n<div class=\"act-collapsible__content\"><div class=\"act-collapsible__content-inner\">\n<p class=\"wp-block-paragraph\">Le formulaire d&rsquo;inscription (google form en ligne) est toujours disponible \u00e0 partir du mois d\u00e9cembre et la date limite est fin janvier.<\/p>\n\n\n\n<p class=\"wp-block-paragraph\"><a href=\"https:\/\/forms.gle\/kPtA4hCu9FZnKTiK6\">https:\/\/forms.gle\/kPtA4hCu9FZnKTiK6<\/a><\/p>\n<\/div><\/div>\n<\/div>\n\n\n\n<div class=\"act-collapsible\">\n<h2 class=\"wp-block-heading act-collapsible__heading\">P\u00e9riode de travaux scolaire<\/h2>\n\n\n\n<div class=\"act-collapsible__content\"><div class=\"act-collapsible__content-inner\">\n<p class=\"wp-block-paragraph\">Le service de garde est tenu d\u2019offrir une p\u00e9riode de travaux scolaires sans frais additionnels. Une p\u00e9riode de 30 minutes est allou\u00e9e aux le\u00e7ons un soir par semaine. Un formulaire d\u2019inscription est remis aux \u00e9l\u00e8ves de la 2e \u00e0 la 4e ann\u00e9e en d\u00e9but d\u2019ann\u00e9e scolaire. Il est \u00e0 noter que le personnel n\u2019agit qu\u2019\u00e0 titre de surveillant.<\/p>\n\n\n\n<div class=\"wp-block-file\"><a id=\"wp-block-file--media-2e1b217e-9e2b-41f2-af7b-4fa6af003f65\" href=\"https:\/\/cssdn.gouv.qc.ca\/chanterelle\/wp-content\/uploads\/sites\/21\/2025\/08\/Inscription-aux-lecons-25-26.pdf\">Inscription aux le\u00e7ons 25-26<\/a><a href=\"https:\/\/cssdn.gouv.qc.ca\/chanterelle\/wp-content\/uploads\/sites\/21\/2025\/08\/Inscription-aux-lecons-25-26.pdf\" class=\"wp-block-file__button wp-element-button\" download aria-describedby=\"wp-block-file--media-2e1b217e-9e2b-41f2-af7b-4fa6af003f65\">T\u00e9l\u00e9charger<\/a><\/div>\n<\/div><\/div>\n<\/div>\n\n\n\n<div class=\"act-collapsible\">\n<h2 class=\"wp-block-heading act-collapsible__heading\">Temp\u00eate<\/h2>\n\n\n\n<div class=\"act-collapsible__content\"><div class=\"act-collapsible__content-inner\">\n<div class=\"wp-block-file\"><a id=\"wp-block-file--media-ed59c071-3833-4ed2-9f41-fa5ff53ff408\" href=\"https:\/\/cssdn.gouv.qc.ca\/chanterelle\/wp-content\/uploads\/sites\/21\/2023\/01\/fermeture.pdf\" target=\"_blank\" rel=\"noreferrer noopener\">fermeture<\/a><\/div>\n\n\n\n<ol start=\"1\" style=\"list-style-type:1\" class=\"wp-block-list\">\n<li><strong>T<\/strong><strong>emp\u00eate ou situation climatique importante<\/strong><\/li>\n<\/ol>\n\n\n\n<p class=\"wp-block-paragraph\">Il s&rsquo;agit d&rsquo;une temp\u00eate de neige, de verglas ou autre situation climatique d&rsquo;importance. Il peut \u00e9galement s\u2019agir d\u2019une situation particuli\u00e8re (trouble \u00e9lectrique, d\u00e9g\u00e2ts d\u2019eau, etc.) nous obligeant \u00e0 fermer l\u2019\u00e9tablissement. Les services de garde sont alors ferm\u00e9s. Un cr\u00e9dit des frais de garde sera appliqu\u00e9.<\/p>\n\n\n\n<p class=\"wp-block-paragraph\">ou<\/p>\n\n\n\n<p class=\"wp-block-paragraph\">FERMETURE PR\u00c9VENTIVE<\/p>\n\n\n\n<p class=\"wp-block-paragraph\">Il s&rsquo;agit d&rsquo;une fermeture des \u00e9coles pour les \u00e9l\u00e8ves. La fermeture pr\u00e9ventive pourra s&rsquo;appliquer lorsqu&rsquo;une temp\u00eate est annonc\u00e9e, mais pas encore d\u00e9but\u00e9e. Les services de garde sont alors ouverts et re\u00e7oivent les \u00e9l\u00e8ves selon l\u2019horaire et la tarification d\u2019une journ\u00e9e p\u00e9dagogique. Les frais de garde seront de 10,00$.<\/p>\n\n\n\n<p class=\"wp-block-paragraph\">Les \u00e9l\u00e8ves seront admis jusqu\u2019\u00e0 9h00.<\/p>\n\n\n\n<p class=\"wp-block-paragraph\"><strong><em>&nbsp;&nbsp;&nbsp; *Fermeture de l\u2019\u00e9cole en cours de journ\u00e9e&nbsp;:<\/em><\/strong><\/p>\n\n\n\n<p class=\"wp-block-paragraph\"><em>&nbsp;&nbsp;&nbsp;&nbsp;&nbsp;Si, exceptionnellement, nous devions fermer en cours de journ\u00e9e, vous en serez avis\u00e9s, mais le service de garde demeurera ouvert&nbsp;&nbsp;<\/em><\/p>\n\n\n\n<p class=\"wp-block-paragraph\"><em>&nbsp;&nbsp;&nbsp;&nbsp;&nbsp;jusqu\u2019au d\u00e9part de dernier enfant.<\/em><\/p>\n<\/div><\/div>\n<\/div>\n\n\n\n<div class=\"act-collapsible\">\n<h2 class=\"wp-block-heading act-collapsible__heading\">Formulaires<\/h2>\n\n\n\n<div class=\"act-collapsible__content\"><div class=\"act-collapsible__content-inner\">\n<div class=\"wp-block-file\"><a id=\"wp-block-file--media-c99f1313-0212-45e7-849b-7c6642917611\" href=\"https:\/\/cssdn.gouv.qc.ca\/chanterelle\/wp-content\/uploads\/sites\/21\/2023\/01\/Autorisation-depart-pied.pdf\" target=\"_blank\" rel=\"noreferrer noopener\">Autorisation d\u00e9part pied<\/a><\/div>\n\n\n\n<div class=\"wp-block-file\"><a id=\"wp-block-file--media-dfd3b07d-e05e-4cb8-a361-3c5108b4cf59\" href=\"https:\/\/cssdn.gouv.qc.ca\/chanterelle\/wp-content\/uploads\/sites\/21\/2023\/01\/Autorisation-personne-tierce-1.pdf\" target=\"_blank\" rel=\"noreferrer noopener\">Autorisation personne tierce <\/a><\/div>\n\n\n\n<div class=\"wp-block-file\"><a id=\"wp-block-file--media-21b5be87-ef89-45a0-ab0c-c6ab08b70444\" href=\"https:\/\/cssdn.gouv.qc.ca\/chanterelle\/wp-content\/uploads\/sites\/21\/2023\/01\/changement-de-frequentation.pdf\" target=\"_blank\" rel=\"noreferrer noopener\">changement de fr\u00e9quentation<\/a><\/div>\n\n\n\n<div class=\"wp-block-file\"><a id=\"wp-block-file--media-9cee2a22-e7c0-479c-a26a-9abbc5d6edd2\" href=\"https:\/\/cssdn.gouv.qc.ca\/chanterelle\/wp-content\/uploads\/sites\/21\/2023\/01\/Retard-apres-18h00.pdf\" target=\"_blank\" rel=\"noreferrer noopener\">Retard apr\u00e8s 18h00<\/a><\/div>\n\n\n\n<div class=\"wp-block-file\"><a id=\"wp-block-file--media-006d1209-ea6e-423a-91d0-15f0c9e5b104\" href=\"https:\/\/cssdn.gouv.qc.ca\/chanterelle\/wp-content\/uploads\/sites\/21\/2025\/08\/Formulaire-dinscription-SDG-25-26-1.pdf\">Formulaire d&rsquo;inscription SDG 25-26<\/a><a href=\"https:\/\/cssdn.gouv.qc.ca\/chanterelle\/wp-content\/uploads\/sites\/21\/2025\/08\/Formulaire-dinscription-SDG-25-26-1.pdf\" class=\"wp-block-file__button wp-element-button\" download aria-describedby=\"wp-block-file--media-006d1209-ea6e-423a-91d0-15f0c9e5b104\">T\u00e9l\u00e9charger<\/a><\/div>\n<\/div><\/div>\n<\/div>\n\n\n\n<p class=\"wp-block-paragraph\"><\/p>\n","protected":false},"excerpt":{"rendered":"<p>Service de garde<\/p>\n","protected":false},"author":1,"featured_media":0,"parent":0,"menu_order":40,"comment_status":"closed","ping_status":"closed","template":"","meta":{"_acf_changed":false,"_crdt_document":"","inline_featured_image":false,"footnotes":""},"categories":[],"tags":[],"class_list":["post-16","page","type-page","status-publish","hentry"],"acf":[],"yoast_head":"<!-- This site is optimized with the Yoast SEO plugin v27.4 - https:\/\/yoast.com\/product\/yoast-seo-wordpress\/ -->\n<title>Service de garde - \u00c9cole de la Chanterelle<\/title>\n<meta name=\"robots\" content=\"index, follow, max-snippet:-1, max-image-preview:large, max-video-preview:-1\" \/>\n<link rel=\"canonical\" href=\"https:\/\/cssdn.gouv.qc.ca\/chanterelle\/service-de-garde\/\" \/>\n<meta property=\"og:locale\" content=\"fr_CA\" \/>\n<meta property=\"og:type\" content=\"article\" \/>\n<meta property=\"og:title\" content=\"Service de garde - \u00c9cole de la Chanterelle\" \/>\n<meta property=\"og:description\" content=\"Service de garde\" \/>\n<meta property=\"og:url\" content=\"https:\/\/cssdn.gouv.qc.ca\/chanterelle\/service-de-garde\/\" \/>\n<meta property=\"og:site_name\" content=\"\u00c9cole de la Chanterelle\" \/>\n<meta property=\"article:publisher\" content=\"https:\/\/www.facebook.com\/CSSNavigateurs\/\" \/>\n<meta property=\"article:modified_time\" content=\"2025-09-15T18:31:16+00:00\" \/>\n<meta name=\"twitter:card\" content=\"summary_large_image\" \/>\n<meta name=\"twitter:label1\" content=\"Estimation du temps de lecture\" \/>\n\t<meta name=\"twitter:data1\" content=\"4 minutes\" \/>\n<script type=\"application\/ld+json\" class=\"yoast-schema-graph\">{\"@context\":\"https:\\\/\\\/schema.org\",\"@graph\":[{\"@type\":\"WebPage\",\"@id\":\"https:\\\/\\\/cssdn.gouv.qc.ca\\\/chanterelle\\\/service-de-garde\\\/\",\"url\":\"https:\\\/\\\/cssdn.gouv.qc.ca\\\/chanterelle\\\/service-de-garde\\\/\",\"name\":\"Service de garde - \u00c9cole de la Chanterelle\",\"isPartOf\":{\"@id\":\"https:\\\/\\\/cssdn.gouv.qc.ca\\\/chanterelle\\\/#website\"},\"primaryImageOfPage\":{\"@id\":\"https:\\\/\\\/cssdn.gouv.qc.ca\\\/chanterelle\\\/service-de-garde\\\/#primaryimage\"},\"image\":{\"@id\":\"https:\\\/\\\/cssdn.gouv.qc.ca\\\/chanterelle\\\/service-de-garde\\\/#primaryimage\"},\"thumbnailUrl\":\"https:\\\/\\\/cssdn.gouv.qc.ca\\\/wp-content\\\/uploads\\\/2022\\\/08\\\/Seawire-Hero-06.jpg\",\"datePublished\":\"2022-11-08T21:07:56+00:00\",\"dateModified\":\"2025-09-15T18:31:16+00:00\",\"breadcrumb\":{\"@id\":\"https:\\\/\\\/cssdn.gouv.qc.ca\\\/chanterelle\\\/service-de-garde\\\/#breadcrumb\"},\"inLanguage\":\"fr-CA\",\"potentialAction\":[{\"@type\":\"ReadAction\",\"target\":[\"https:\\\/\\\/cssdn.gouv.qc.ca\\\/chanterelle\\\/service-de-garde\\\/\"]}]},{\"@type\":\"ImageObject\",\"inLanguage\":\"fr-CA\",\"@id\":\"https:\\\/\\\/cssdn.gouv.qc.ca\\\/chanterelle\\\/service-de-garde\\\/#primaryimage\",\"url\":\"https:\\\/\\\/cssdn.gouv.qc.ca\\\/wp-content\\\/uploads\\\/2022\\\/08\\\/Seawire-Hero-06.jpg\",\"contentUrl\":\"https:\\\/\\\/cssdn.gouv.qc.ca\\\/wp-content\\\/uploads\\\/2022\\\/08\\\/Seawire-Hero-06.jpg\"},{\"@type\":\"BreadcrumbList\",\"@id\":\"https:\\\/\\\/cssdn.gouv.qc.ca\\\/chanterelle\\\/service-de-garde\\\/#breadcrumb\",\"itemListElement\":[{\"@type\":\"ListItem\",\"position\":1,\"name\":\"Accueil\",\"item\":\"https:\\\/\\\/cssdn.gouv.qc.ca\\\/chanterelle\\\/\"},{\"@type\":\"ListItem\",\"position\":2,\"name\":\"Service de garde\"}]},{\"@type\":\"WebSite\",\"@id\":\"https:\\\/\\\/cssdn.gouv.qc.ca\\\/chanterelle\\\/#website\",\"url\":\"https:\\\/\\\/cssdn.gouv.qc.ca\\\/chanterelle\\\/\",\"name\":\"\u00c9cole de la Chanterelle\",\"description\":\"Un site des centres de services scolaires des Navigateurs\",\"publisher\":{\"@id\":\"https:\\\/\\\/cssdn.gouv.qc.ca\\\/chanterelle\\\/#organization\"},\"potentialAction\":[{\"@type\":\"SearchAction\",\"target\":{\"@type\":\"EntryPoint\",\"urlTemplate\":\"https:\\\/\\\/cssdn.gouv.qc.ca\\\/chanterelle\\\/?s={search_term_string}\"},\"query-input\":{\"@type\":\"PropertyValueSpecification\",\"valueRequired\":true,\"valueName\":\"search_term_string\"}}],\"inLanguage\":\"fr-CA\"},{\"@type\":\"Organization\",\"@id\":\"https:\\\/\\\/cssdn.gouv.qc.ca\\\/chanterelle\\\/#organization\",\"name\":\"\u00c9cole de la Chanterelle\",\"url\":\"https:\\\/\\\/cssdn.gouv.qc.ca\\\/chanterelle\\\/\",\"logo\":{\"@type\":\"ImageObject\",\"inLanguage\":\"fr-CA\",\"@id\":\"https:\\\/\\\/cssdn.gouv.qc.ca\\\/chanterelle\\\/#\\\/schema\\\/logo\\\/image\\\/\",\"url\":\"https:\\\/\\\/cssdn.gouv.qc.ca\\\/chanterelle\\\/wp-content\\\/uploads\\\/sites\\\/21\\\/2023\\\/01\\\/logo_quebec.svg\",\"contentUrl\":\"https:\\\/\\\/cssdn.gouv.qc.ca\\\/chanterelle\\\/wp-content\\\/uploads\\\/sites\\\/21\\\/2023\\\/01\\\/logo_quebec.svg\",\"width\":188,\"height\":41,\"caption\":\"\u00c9cole de la Chanterelle\"},\"image\":{\"@id\":\"https:\\\/\\\/cssdn.gouv.qc.ca\\\/chanterelle\\\/#\\\/schema\\\/logo\\\/image\\\/\"},\"sameAs\":[\"https:\\\/\\\/www.facebook.com\\\/CSSNavigateurs\\\/\"]}]}<\/script>\n<!-- \/ Yoast SEO plugin. -->","yoast_head_json":{"title":"Service de garde - \u00c9cole de la Chanterelle","robots":{"index":"index","follow":"follow","max-snippet":"max-snippet:-1","max-image-preview":"max-image-preview:large","max-video-preview":"max-video-preview:-1"},"canonical":"https:\/\/cssdn.gouv.qc.ca\/chanterelle\/service-de-garde\/","og_locale":"fr_CA","og_type":"article","og_title":"Service de garde - \u00c9cole de la Chanterelle","og_description":"Service de garde","og_url":"https:\/\/cssdn.gouv.qc.ca\/chanterelle\/service-de-garde\/","og_site_name":"\u00c9cole de la Chanterelle","article_publisher":"https:\/\/www.facebook.com\/CSSNavigateurs\/","article_modified_time":"2025-09-15T18:31:16+00:00","twitter_card":"summary_large_image","twitter_misc":{"Estimation du temps de lecture":"4 minutes"},"schema":{"@context":"https:\/\/schema.org","@graph":[{"@type":"WebPage","@id":"https:\/\/cssdn.gouv.qc.ca\/chanterelle\/service-de-garde\/","url":"https:\/\/cssdn.gouv.qc.ca\/chanterelle\/service-de-garde\/","name":"Service de garde - \u00c9cole de la Chanterelle","isPartOf":{"@id":"https:\/\/cssdn.gouv.qc.ca\/chanterelle\/#website"},"primaryImageOfPage":{"@id":"https:\/\/cssdn.gouv.qc.ca\/chanterelle\/service-de-garde\/#primaryimage"},"image":{"@id":"https:\/\/cssdn.gouv.qc.ca\/chanterelle\/service-de-garde\/#primaryimage"},"thumbnailUrl":"https:\/\/cssdn.gouv.qc.ca\/wp-content\/uploads\/2022\/08\/Seawire-Hero-06.jpg","datePublished":"2022-11-08T21:07:56+00:00","dateModified":"2025-09-15T18:31:16+00:00","breadcrumb":{"@id":"https:\/\/cssdn.gouv.qc.ca\/chanterelle\/service-de-garde\/#breadcrumb"},"inLanguage":"fr-CA","potentialAction":[{"@type":"ReadAction","target":["https:\/\/cssdn.gouv.qc.ca\/chanterelle\/service-de-garde\/"]}]},{"@type":"ImageObject","inLanguage":"fr-CA","@id":"https:\/\/cssdn.gouv.qc.ca\/chanterelle\/service-de-garde\/#primaryimage","url":"https:\/\/cssdn.gouv.qc.ca\/wp-content\/uploads\/2022\/08\/Seawire-Hero-06.jpg","contentUrl":"https:\/\/cssdn.gouv.qc.ca\/wp-content\/uploads\/2022\/08\/Seawire-Hero-06.jpg"},{"@type":"BreadcrumbList","@id":"https:\/\/cssdn.gouv.qc.ca\/chanterelle\/service-de-garde\/#breadcrumb","itemListElement":[{"@type":"ListItem","position":1,"name":"Accueil","item":"https:\/\/cssdn.gouv.qc.ca\/chanterelle\/"},{"@type":"ListItem","position":2,"name":"Service de garde"}]},{"@type":"WebSite","@id":"https:\/\/cssdn.gouv.qc.ca\/chanterelle\/#website","url":"https:\/\/cssdn.gouv.qc.ca\/chanterelle\/","name":"\u00c9cole de la Chanterelle","description":"Un site des centres de services scolaires des Navigateurs","publisher":{"@id":"https:\/\/cssdn.gouv.qc.ca\/chanterelle\/#organization"},"potentialAction":[{"@type":"SearchAction","target":{"@type":"EntryPoint","urlTemplate":"https:\/\/cssdn.gouv.qc.ca\/chanterelle\/?s={search_term_string}"},"query-input":{"@type":"PropertyValueSpecification","valueRequired":true,"valueName":"search_term_string"}}],"inLanguage":"fr-CA"},{"@type":"Organization","@id":"https:\/\/cssdn.gouv.qc.ca\/chanterelle\/#organization","name":"\u00c9cole de la Chanterelle","url":"https:\/\/cssdn.gouv.qc.ca\/chanterelle\/","logo":{"@type":"ImageObject","inLanguage":"fr-CA","@id":"https:\/\/cssdn.gouv.qc.ca\/chanterelle\/#\/schema\/logo\/image\/","url":"https:\/\/cssdn.gouv.qc.ca\/chanterelle\/wp-content\/uploads\/sites\/21\/2023\/01\/logo_quebec.svg","contentUrl":"https:\/\/cssdn.gouv.qc.ca\/chanterelle\/wp-content\/uploads\/sites\/21\/2023\/01\/logo_quebec.svg","width":188,"height":41,"caption":"\u00c9cole de la Chanterelle"},"image":{"@id":"https:\/\/cssdn.gouv.qc.ca\/chanterelle\/#\/schema\/logo\/image\/"},"sameAs":["https:\/\/www.facebook.com\/CSSNavigateurs\/"]}]}},"publishpress_future_action":{"enabled":false,"date":"2026-04-25 18:30:21","action":"change-status","newStatus":"draft","terms":[],"taxonomy":"category","extraData":[]},"publishpress_future_workflow_manual_trigger":{"enabledWorkflows":[]},"_links":{"self":[{"href":"https:\/\/cssdn.gouv.qc.ca\/chanterelle\/wp-json\/wp\/v2\/pages\/16","targetHints":{"allow":["GET"]}}],"collection":[{"href":"https:\/\/cssdn.gouv.qc.ca\/chanterelle\/wp-json\/wp\/v2\/pages"}],"about":[{"href":"https:\/\/cssdn.gouv.qc.ca\/chanterelle\/wp-json\/wp\/v2\/types\/page"}],"author":[{"embeddable":true,"href":"https:\/\/cssdn.gouv.qc.ca\/chanterelle\/wp-json\/wp\/v2\/users\/1"}],"replies":[{"embeddable":true,"href":"https:\/\/cssdn.gouv.qc.ca\/chanterelle\/wp-json\/wp\/v2\/comments?post=16"}],"version-history":[{"count":0,"href":"https:\/\/cssdn.gouv.qc.ca\/chanterelle\/wp-json\/wp\/v2\/pages\/16\/revisions"}],"wp:attachment":[{"href":"https:\/\/cssdn.gouv.qc.ca\/chanterelle\/wp-json\/wp\/v2\/media?parent=16"}],"wp:term":[{"taxonomy":"category","embeddable":true,"href":"https:\/\/cssdn.gouv.qc.ca\/chanterelle\/wp-json\/wp\/v2\/categories?post=16"},{"taxonomy":"post_tag","embeddable":true,"href":"https:\/\/cssdn.gouv.qc.ca\/chanterelle\/wp-json\/wp\/v2\/tags?post=16"}],"curies":[{"name":"wp","href":"https:\/\/api.w.org\/{rel}","templated":true}]}}