
{"id":9,"date":"2022-11-08T16:07:54","date_gmt":"2022-11-08T21:07:54","guid":{"rendered":"https:\/\/cssdn.gouv.qc.ca\/chanterelle\/a-propos\/notre-equipe\/"},"modified":"2025-11-25T13:05:56","modified_gmt":"2025-11-25T18:05:56","slug":"notre-equipe","status":"publish","type":"page","link":"https:\/\/cssdn.gouv.qc.ca\/chanterelle\/a-propos\/notre-equipe\/","title":{"rendered":"Notre \u00e9quipe"},"content":{"rendered":"\n<div class=\"wp-block-cover alignfull is-light is-style-title-banner\"><img decoding=\"async\" width=\"1920\" height=\"537\" class=\"wp-block-cover__image-background wp-image-68 lazyload\" alt=\"\" data-src=\"https:\/\/cssdn.gouv.qc.ca\/chanterelle\/wp-content\/uploads\/sites\/21\/2022\/11\/Seawire-Hero-06-min.png\" data-object-fit=\"cover\" data-srcset=\"https:\/\/cssdn.gouv.qc.ca\/chanterelle\/wp-content\/uploads\/sites\/21\/2022\/11\/Seawire-Hero-06-min.png 1920w, https:\/\/cssdn.gouv.qc.ca\/chanterelle\/wp-content\/uploads\/sites\/21\/2022\/11\/Seawire-Hero-06-min-300x84.png 300w, https:\/\/cssdn.gouv.qc.ca\/chanterelle\/wp-content\/uploads\/sites\/21\/2022\/11\/Seawire-Hero-06-min-1024x286.png 1024w, https:\/\/cssdn.gouv.qc.ca\/chanterelle\/wp-content\/uploads\/sites\/21\/2022\/11\/Seawire-Hero-06-min-768x215.png 768w, https:\/\/cssdn.gouv.qc.ca\/chanterelle\/wp-content\/uploads\/sites\/21\/2022\/11\/Seawire-Hero-06-min-1536x430.png 1536w\" data-sizes=\"(max-width: 1920px) 100vw, 1920px\" src=\"data:image\/svg+xml;base64,PHN2ZyB3aWR0aD0iMSIgaGVpZ2h0PSIxIiB4bWxucz0iaHR0cDovL3d3dy53My5vcmcvMjAwMC9zdmciPjwvc3ZnPg==\" style=\"--smush-placeholder-width: 1920px; --smush-placeholder-aspect-ratio: 1920\/537;\" \/><span aria-hidden=\"true\" class=\"wp-block-cover__background has-background-dim\"><\/span><div class=\"wp-block-cover__inner-container\"><h2 class=\"wp-block-post-title\">Notre \u00e9quipe<\/h2><\/div><\/div>\n\n\n\n<div class=\"wp-block-group alignfull\">\n<div class=\"wp-block-group alignfull has-padding-y-large has-secondary-background-color has-background\"><div class=\"yoast-breadcrumbs alignwide \"><span class=\"breadcrumbs\"><a href=\"https:\/\/cssdn.gouv.qc.ca\/chanterelle\/\" class=\"breadcrumbs__element\">Accueil<\/a> <span class=\"breadcrumbs__separator\">\n        <svg class=\"icon icon-breadcrumb__separator\"><use xlink:href=\"#icon-breadcrumb__separator\"><\/use><\/svg>\n    <\/span> <a href=\"https:\/\/cssdn.gouv.qc.ca\/chanterelle\/a-propos\/\" class=\"breadcrumbs__element\">\u00c0 propos<\/a> <span class=\"breadcrumbs__separator\">\n        <svg class=\"icon icon-breadcrumb__separator\"><use xlink:href=\"#icon-breadcrumb__separator\"><\/use><\/svg>\n    <\/span> <span class=\"breadcrumbs__element breadcrumbs__element-current\">Notre \u00e9quipe<\/span><\/span><\/div><\/div>\n<\/div>\n\n\n\n<p class=\"has-primary-color has-text-color wp-block-paragraph\">Notre personnel<\/p>\n\n\n\n<p class=\"wp-block-paragraph\">L&rsquo;\u00e9cole est dirig\u00e9e par Mme Sherley Bernier. Le personnel dynamique, \u00e0 l&rsquo;aff\u00fbt de tout ce qui pourrait am\u00e9liorer la qualit\u00e9 de l&rsquo;enseignement, se pr\u00e9occupe de la r\u00e9ussite de tous les \u00e9l\u00e8ves, et ce, au rythme de chacun.<\/p>\n\n\n\n<h5 class=\"wp-block-heading\"><strong>Direction d&rsquo;\u00e9cole et personnel de soutien<\/strong><\/h5>\n\n\n\n<ul class=\"wp-block-list\">\n<li>Sherley Bernier, directrice<\/li>\n\n\n\n<li>Julie Baron, secr\u00e9taire d&rsquo;\u00e9cole<\/li>\n\n\n\n<li>Cindy Baribeau, secr\u00e9taire<\/li>\n<\/ul>\n\n\n\n<h5 class=\"wp-block-heading\"><strong>Personnel enseignant<\/strong><\/h5>\n\n\n\n<h6 class=\"wp-block-heading\"><strong>Pr\u00e9scolaire :<\/strong><\/h6>\n\n\n\n<ul class=\"wp-block-list\">\n<li>Val\u00e9rie Rodrigue<\/li>\n\n\n\n<li>Cammy V\u00e9zina<\/li>\n\n\n\n<li>Genevi\u00e8ve Nadeau<\/li>\n\n\n\n<li>Julie Th\u00e9berge<\/li>\n\n\n\n<li>Marie-Pier Sirois &#8211; Lauriane Dubord<\/li>\n<\/ul>\n\n\n\n<h6 class=\"wp-block-heading\">&nbsp;<strong>1<sup>re&nbsp;<\/sup>ann\u00e9e<\/strong><\/h6>\n\n\n\n<ul class=\"wp-block-list\">\n<li>Nancy Marceau<\/li>\n\n\n\n<li>Justine Lauzi\u00e8re-Desrochers<\/li>\n\n\n\n<li>Genevi\u00e8ve Boivin<\/li>\n\n\n\n<li>Val\u00e9rie Moisan<\/li>\n<\/ul>\n\n\n\n<h6 class=\"wp-block-heading\"><strong>2<sup>e&nbsp;<\/sup>&nbsp;ann\u00e9e<\/strong><\/h6>\n\n\n\n<ul class=\"wp-block-list\">\n<li>Suzie Tremblay<\/li>\n\n\n\n<li>Nathalie Ferland<\/li>\n\n\n\n<li>Annie Lamontagne<\/li>\n<\/ul>\n\n\n\n<p class=\"wp-block-paragraph\"><strong>1<sup>re<\/sup>\/2<sup>e<\/sup> ann\u00e9e<\/strong><\/p>\n\n\n\n<ul class=\"wp-block-list\">\n<li>Karine Boutet<\/li>\n<\/ul>\n\n\n\n<h6 class=\"wp-block-heading\"><strong>3<sup>e<\/sup>&nbsp;ann\u00e9e<\/strong><\/h6>\n\n\n\n<ul class=\"wp-block-list\">\n<li>Laurence Gobeil<\/li>\n\n\n\n<li>Caroline Carrier<\/li>\n\n\n\n<li>Gabrielle Roy<\/li>\n<\/ul>\n\n\n\n<h6 class=\"wp-block-heading\"><strong>4<sup>e<\/sup>&nbsp;ann\u00e9e<\/strong><\/h6>\n\n\n\n<ul class=\"wp-block-list\">\n<li>\u00c9milie Girard<\/li>\n\n\n\n<li>Genevi\u00e8ve Beaulieu<\/li>\n\n\n\n<li>Anabel Tremblay-Boudreault<\/li>\n\n\n\n<li>Annie-Pier Chabot<\/li>\n<\/ul>\n\n\n\n<h2 class=\"wp-block-heading\">&nbsp;&nbsp;<strong>Compl\u00e9ments de t\u00e2che<\/strong><\/h2>\n\n\n\n<ul class=\"wp-block-list\">\n<li>St\u00e9phanie Bolduc-Crustin<\/li>\n\n\n\n<li>Marie-Chantal Fortin<\/li>\n\n\n\n<li>Cindy Boudreau<\/li>\n<\/ul>\n\n\n\n<p class=\"wp-block-paragraph\"><\/p>\n\n\n\n<h5 class=\"wp-block-heading\"><strong>Enseignants sp\u00e9cialistes<\/strong><\/h5>\n\n\n\n<ul class=\"wp-block-list\">\n<li>Jos\u00e9e Robertson, enseignante en anglais<\/li>\n\n\n\n<li>Myl\u00e8ne Dionne, enseignante en musique<\/li>\n\n\n\n<li>Marie-Pier Leclerc Th\u00e9rien, enseignante en musique<\/li>\n\n\n\n<li>France Olivier, enseignante en \u00e9ducation physique<\/li>\n\n\n\n<li>Maxime Gagnon, enseignant en \u00e9ducation physique\u200b<\/li>\n<\/ul>\n\n\n\n<h5 class=\"wp-block-heading\"><strong>Les services compl\u00e9mentaires et particuliers<\/strong><\/h5>\n\n\n\n<ul class=\"wp-block-list\">\n<li>Mah\u00e9e L\u00e9tourneau, Infirmi\u00e8re<\/li>\n\n\n\n<li>Marie-Michelle Raymond, orthop\u00e9dagogue<\/li>\n\n\n\n<li>Carolanne Cloutier, orthop\u00e9dagogue<\/li>\n\n\n\n<li>Ren\u00e9e Lessard, Orthophoniste<\/li>\n\n\n\n<li>Sarah-Kim Lapointe Bouffard, Orthophoniste<\/li>\n\n\n\n<li>Caroline Cossette, agente de r\u00e9adaptation<\/li>\n\n\n\n<li>V\u00e9ronique Landry, \u00e9ducatrice sp\u00e9cialis\u00e9e<\/li>\n\n\n\n<li>Audrey-Ann Alain, \u00e9ducatrice sp\u00e9cialis\u00e9e<\/li>\n\n\n\n<li>Am\u00e9lie Macameau, \u00e9ducatrice sp\u00e9cialis\u00e9e<\/li>\n\n\n\n<li>Emmanuelle Picard-Blais, \u00e9ducatrice sp\u00e9cialis\u00e9e<\/li>\n\n\n\n<li>Jessica Bouchard, \u00e9ducatrice sp\u00e9cialis\u00e9e<\/li>\n\n\n\n<li>Marie-Pier Emond, \u00e9ducatrice sp\u00e9cialis\u00e9e<\/li>\n\n\n\n<li>Jacinthe Corriveau, PEH<\/li>\n\n\n\n<li>Angie Bouchard, psychologue<\/li>\n\n\n\n<li>M\u00e9lanie Par\u00e9, ergoth\u00e9rapeute<\/li>\n\n\n\n<li>Justine Poulin, ergoth\u00e9rapeute<\/li>\n<\/ul>\n\n\n\n<h5 class=\"wp-block-heading\"><strong>Le service d&rsquo;entretien<\/strong><\/h5>\n\n\n\n<ul class=\"wp-block-list\">\n<li>Nathal C\u00f4t\u00e9, concierge de jour<\/li>\n\n\n\n<li>Yves Carrier, ouvrier de soir<\/li>\n<\/ul>\n\n\n\n<h2 class=\"wp-block-heading\">\u200b\u200b<\/h2>\n","protected":false},"excerpt":{"rendered":"<p>Notre personnel L&rsquo;\u00e9cole est dirig\u00e9e par Mme Sherley Bernier. Le personnel dynamique, \u00e0 l&rsquo;aff\u00fbt de tout ce qui pourrait am\u00e9liorer la qualit\u00e9 de l&rsquo;enseignement, se pr\u00e9occupe de la r\u00e9ussite de tous les \u00e9l\u00e8ves, et ce, au rythme de chacun. Direction d&rsquo;\u00e9cole et personnel de soutien Personnel enseignant Pr\u00e9scolaire : &nbsp;1re&nbsp;ann\u00e9e 2e&nbsp;&nbsp;ann\u00e9e 1re\/2e ann\u00e9e 3e&nbsp;ann\u00e9e 4e&nbsp;ann\u00e9e [&hellip;]<\/p>\n","protected":false},"author":1,"featured_media":0,"parent":6,"menu_order":1,"comment_status":"closed","ping_status":"closed","template":"","meta":{"_acf_changed":false,"_crdt_document":"","inline_featured_image":false,"footnotes":""},"categories":[],"tags":[],"class_list":["post-9","page","type-page","status-publish","hentry"],"acf":[],"yoast_head":"<!-- This site is optimized with the Yoast SEO plugin v27.4 - https:\/\/yoast.com\/product\/yoast-seo-wordpress\/ -->\n<title>Notre \u00e9quipe - \u00c9cole de la Chanterelle<\/title>\n<meta name=\"robots\" content=\"index, follow, max-snippet:-1, max-image-preview:large, max-video-preview:-1\" \/>\n<link rel=\"canonical\" href=\"https:\/\/cssdn.gouv.qc.ca\/chanterelle\/a-propos\/notre-equipe\/\" \/>\n<meta property=\"og:locale\" content=\"fr_CA\" \/>\n<meta property=\"og:type\" content=\"article\" \/>\n<meta property=\"og:title\" content=\"Notre \u00e9quipe - \u00c9cole de la Chanterelle\" \/>\n<meta property=\"og:description\" content=\"Notre personnel L&rsquo;\u00e9cole est dirig\u00e9e par Mme Sherley Bernier. Le personnel dynamique, \u00e0 l&rsquo;aff\u00fbt de tout ce qui pourrait am\u00e9liorer la qualit\u00e9 de l&rsquo;enseignement, se pr\u00e9occupe de la r\u00e9ussite de tous les \u00e9l\u00e8ves, et ce, au rythme de chacun. Direction d&rsquo;\u00e9cole et personnel de soutien Personnel enseignant Pr\u00e9scolaire : &nbsp;1re&nbsp;ann\u00e9e 2e&nbsp;&nbsp;ann\u00e9e 1re\/2e ann\u00e9e 3e&nbsp;ann\u00e9e 4e&nbsp;ann\u00e9e [&hellip;]\" \/>\n<meta property=\"og:url\" content=\"https:\/\/cssdn.gouv.qc.ca\/chanterelle\/a-propos\/notre-equipe\/\" \/>\n<meta property=\"og:site_name\" content=\"\u00c9cole de la Chanterelle\" \/>\n<meta property=\"article:publisher\" content=\"https:\/\/www.facebook.com\/CSSNavigateurs\/\" \/>\n<meta property=\"article:modified_time\" content=\"2025-11-25T18:05:56+00:00\" \/>\n<meta property=\"og:image\" content=\"https:\/\/cssdn.gouv.qc.ca\/chanterelle\/wp-content\/uploads\/sites\/21\/2022\/11\/Seawire-Hero-06-min.png\" \/>\n\t<meta property=\"og:image:width\" content=\"1920\" \/>\n\t<meta property=\"og:image:height\" content=\"537\" \/>\n\t<meta property=\"og:image:type\" content=\"image\/png\" \/>\n<meta name=\"twitter:card\" content=\"summary_large_image\" \/>\n<meta name=\"twitter:label1\" content=\"Estimation du temps de lecture\" \/>\n\t<meta name=\"twitter:data1\" content=\"2 minutes\" \/>\n<script type=\"application\/ld+json\" class=\"yoast-schema-graph\">{\"@context\":\"https:\\\/\\\/schema.org\",\"@graph\":[{\"@type\":\"WebPage\",\"@id\":\"https:\\\/\\\/cssdn.gouv.qc.ca\\\/chanterelle\\\/a-propos\\\/notre-equipe\\\/\",\"url\":\"https:\\\/\\\/cssdn.gouv.qc.ca\\\/chanterelle\\\/a-propos\\\/notre-equipe\\\/\",\"name\":\"Notre \u00e9quipe - \u00c9cole de la Chanterelle\",\"isPartOf\":{\"@id\":\"https:\\\/\\\/cssdn.gouv.qc.ca\\\/chanterelle\\\/#website\"},\"primaryImageOfPage\":{\"@id\":\"https:\\\/\\\/cssdn.gouv.qc.ca\\\/chanterelle\\\/a-propos\\\/notre-equipe\\\/#primaryimage\"},\"image\":{\"@id\":\"https:\\\/\\\/cssdn.gouv.qc.ca\\\/chanterelle\\\/a-propos\\\/notre-equipe\\\/#primaryimage\"},\"thumbnailUrl\":\"https:\\\/\\\/cssdn.gouv.qc.ca\\\/chanterelle\\\/wp-content\\\/uploads\\\/sites\\\/21\\\/2022\\\/11\\\/Seawire-Hero-06-min.png\",\"datePublished\":\"2022-11-08T21:07:54+00:00\",\"dateModified\":\"2025-11-25T18:05:56+00:00\",\"breadcrumb\":{\"@id\":\"https:\\\/\\\/cssdn.gouv.qc.ca\\\/chanterelle\\\/a-propos\\\/notre-equipe\\\/#breadcrumb\"},\"inLanguage\":\"fr-CA\",\"potentialAction\":[{\"@type\":\"ReadAction\",\"target\":[\"https:\\\/\\\/cssdn.gouv.qc.ca\\\/chanterelle\\\/a-propos\\\/notre-equipe\\\/\"]}]},{\"@type\":\"ImageObject\",\"inLanguage\":\"fr-CA\",\"@id\":\"https:\\\/\\\/cssdn.gouv.qc.ca\\\/chanterelle\\\/a-propos\\\/notre-equipe\\\/#primaryimage\",\"url\":\"https:\\\/\\\/cssdn.gouv.qc.ca\\\/chanterelle\\\/wp-content\\\/uploads\\\/sites\\\/21\\\/2022\\\/11\\\/Seawire-Hero-06-min.png\",\"contentUrl\":\"https:\\\/\\\/cssdn.gouv.qc.ca\\\/chanterelle\\\/wp-content\\\/uploads\\\/sites\\\/21\\\/2022\\\/11\\\/Seawire-Hero-06-min.png\",\"width\":1920,\"height\":537},{\"@type\":\"BreadcrumbList\",\"@id\":\"https:\\\/\\\/cssdn.gouv.qc.ca\\\/chanterelle\\\/a-propos\\\/notre-equipe\\\/#breadcrumb\",\"itemListElement\":[{\"@type\":\"ListItem\",\"position\":1,\"name\":\"Accueil\",\"item\":\"https:\\\/\\\/cssdn.gouv.qc.ca\\\/chanterelle\\\/\"},{\"@type\":\"ListItem\",\"position\":2,\"name\":\"\u00c0 propos\",\"item\":\"https:\\\/\\\/cssdn.gouv.qc.ca\\\/chanterelle\\\/a-propos\\\/\"},{\"@type\":\"ListItem\",\"position\":3,\"name\":\"Notre \u00e9quipe\"}]},{\"@type\":\"WebSite\",\"@id\":\"https:\\\/\\\/cssdn.gouv.qc.ca\\\/chanterelle\\\/#website\",\"url\":\"https:\\\/\\\/cssdn.gouv.qc.ca\\\/chanterelle\\\/\",\"name\":\"\u00c9cole de la Chanterelle\",\"description\":\"Un site des centres de services scolaires des Navigateurs\",\"publisher\":{\"@id\":\"https:\\\/\\\/cssdn.gouv.qc.ca\\\/chanterelle\\\/#organization\"},\"potentialAction\":[{\"@type\":\"SearchAction\",\"target\":{\"@type\":\"EntryPoint\",\"urlTemplate\":\"https:\\\/\\\/cssdn.gouv.qc.ca\\\/chanterelle\\\/?s={search_term_string}\"},\"query-input\":{\"@type\":\"PropertyValueSpecification\",\"valueRequired\":true,\"valueName\":\"search_term_string\"}}],\"inLanguage\":\"fr-CA\"},{\"@type\":\"Organization\",\"@id\":\"https:\\\/\\\/cssdn.gouv.qc.ca\\\/chanterelle\\\/#organization\",\"name\":\"\u00c9cole de la Chanterelle\",\"url\":\"https:\\\/\\\/cssdn.gouv.qc.ca\\\/chanterelle\\\/\",\"logo\":{\"@type\":\"ImageObject\",\"inLanguage\":\"fr-CA\",\"@id\":\"https:\\\/\\\/cssdn.gouv.qc.ca\\\/chanterelle\\\/#\\\/schema\\\/logo\\\/image\\\/\",\"url\":\"https:\\\/\\\/cssdn.gouv.qc.ca\\\/chanterelle\\\/wp-content\\\/uploads\\\/sites\\\/21\\\/2023\\\/01\\\/logo_quebec.svg\",\"contentUrl\":\"https:\\\/\\\/cssdn.gouv.qc.ca\\\/chanterelle\\\/wp-content\\\/uploads\\\/sites\\\/21\\\/2023\\\/01\\\/logo_quebec.svg\",\"width\":188,\"height\":41,\"caption\":\"\u00c9cole de la Chanterelle\"},\"image\":{\"@id\":\"https:\\\/\\\/cssdn.gouv.qc.ca\\\/chanterelle\\\/#\\\/schema\\\/logo\\\/image\\\/\"},\"sameAs\":[\"https:\\\/\\\/www.facebook.com\\\/CSSNavigateurs\\\/\"]}]}<\/script>\n<!-- \/ Yoast SEO plugin. -->","yoast_head_json":{"title":"Notre \u00e9quipe - \u00c9cole de la Chanterelle","robots":{"index":"index","follow":"follow","max-snippet":"max-snippet:-1","max-image-preview":"max-image-preview:large","max-video-preview":"max-video-preview:-1"},"canonical":"https:\/\/cssdn.gouv.qc.ca\/chanterelle\/a-propos\/notre-equipe\/","og_locale":"fr_CA","og_type":"article","og_title":"Notre \u00e9quipe - \u00c9cole de la Chanterelle","og_description":"Notre personnel L&rsquo;\u00e9cole est dirig\u00e9e par Mme Sherley Bernier. Le personnel dynamique, \u00e0 l&rsquo;aff\u00fbt de tout ce qui pourrait am\u00e9liorer la qualit\u00e9 de l&rsquo;enseignement, se pr\u00e9occupe de la r\u00e9ussite de tous les \u00e9l\u00e8ves, et ce, au rythme de chacun. Direction d&rsquo;\u00e9cole et personnel de soutien Personnel enseignant Pr\u00e9scolaire : &nbsp;1re&nbsp;ann\u00e9e 2e&nbsp;&nbsp;ann\u00e9e 1re\/2e ann\u00e9e 3e&nbsp;ann\u00e9e 4e&nbsp;ann\u00e9e [&hellip;]","og_url":"https:\/\/cssdn.gouv.qc.ca\/chanterelle\/a-propos\/notre-equipe\/","og_site_name":"\u00c9cole de la Chanterelle","article_publisher":"https:\/\/www.facebook.com\/CSSNavigateurs\/","article_modified_time":"2025-11-25T18:05:56+00:00","og_image":[{"width":1920,"height":537,"url":"https:\/\/cssdn.gouv.qc.ca\/chanterelle\/wp-content\/uploads\/sites\/21\/2022\/11\/Seawire-Hero-06-min.png","type":"image\/png"}],"twitter_card":"summary_large_image","twitter_misc":{"Estimation du temps de lecture":"2 minutes"},"schema":{"@context":"https:\/\/schema.org","@graph":[{"@type":"WebPage","@id":"https:\/\/cssdn.gouv.qc.ca\/chanterelle\/a-propos\/notre-equipe\/","url":"https:\/\/cssdn.gouv.qc.ca\/chanterelle\/a-propos\/notre-equipe\/","name":"Notre \u00e9quipe - \u00c9cole de la Chanterelle","isPartOf":{"@id":"https:\/\/cssdn.gouv.qc.ca\/chanterelle\/#website"},"primaryImageOfPage":{"@id":"https:\/\/cssdn.gouv.qc.ca\/chanterelle\/a-propos\/notre-equipe\/#primaryimage"},"image":{"@id":"https:\/\/cssdn.gouv.qc.ca\/chanterelle\/a-propos\/notre-equipe\/#primaryimage"},"thumbnailUrl":"https:\/\/cssdn.gouv.qc.ca\/chanterelle\/wp-content\/uploads\/sites\/21\/2022\/11\/Seawire-Hero-06-min.png","datePublished":"2022-11-08T21:07:54+00:00","dateModified":"2025-11-25T18:05:56+00:00","breadcrumb":{"@id":"https:\/\/cssdn.gouv.qc.ca\/chanterelle\/a-propos\/notre-equipe\/#breadcrumb"},"inLanguage":"fr-CA","potentialAction":[{"@type":"ReadAction","target":["https:\/\/cssdn.gouv.qc.ca\/chanterelle\/a-propos\/notre-equipe\/"]}]},{"@type":"ImageObject","inLanguage":"fr-CA","@id":"https:\/\/cssdn.gouv.qc.ca\/chanterelle\/a-propos\/notre-equipe\/#primaryimage","url":"https:\/\/cssdn.gouv.qc.ca\/chanterelle\/wp-content\/uploads\/sites\/21\/2022\/11\/Seawire-Hero-06-min.png","contentUrl":"https:\/\/cssdn.gouv.qc.ca\/chanterelle\/wp-content\/uploads\/sites\/21\/2022\/11\/Seawire-Hero-06-min.png","width":1920,"height":537},{"@type":"BreadcrumbList","@id":"https:\/\/cssdn.gouv.qc.ca\/chanterelle\/a-propos\/notre-equipe\/#breadcrumb","itemListElement":[{"@type":"ListItem","position":1,"name":"Accueil","item":"https:\/\/cssdn.gouv.qc.ca\/chanterelle\/"},{"@type":"ListItem","position":2,"name":"\u00c0 propos","item":"https:\/\/cssdn.gouv.qc.ca\/chanterelle\/a-propos\/"},{"@type":"ListItem","position":3,"name":"Notre \u00e9quipe"}]},{"@type":"WebSite","@id":"https:\/\/cssdn.gouv.qc.ca\/chanterelle\/#website","url":"https:\/\/cssdn.gouv.qc.ca\/chanterelle\/","name":"\u00c9cole de la Chanterelle","description":"Un site des centres de services scolaires des Navigateurs","publisher":{"@id":"https:\/\/cssdn.gouv.qc.ca\/chanterelle\/#organization"},"potentialAction":[{"@type":"SearchAction","target":{"@type":"EntryPoint","urlTemplate":"https:\/\/cssdn.gouv.qc.ca\/chanterelle\/?s={search_term_string}"},"query-input":{"@type":"PropertyValueSpecification","valueRequired":true,"valueName":"search_term_string"}}],"inLanguage":"fr-CA"},{"@type":"Organization","@id":"https:\/\/cssdn.gouv.qc.ca\/chanterelle\/#organization","name":"\u00c9cole de la Chanterelle","url":"https:\/\/cssdn.gouv.qc.ca\/chanterelle\/","logo":{"@type":"ImageObject","inLanguage":"fr-CA","@id":"https:\/\/cssdn.gouv.qc.ca\/chanterelle\/#\/schema\/logo\/image\/","url":"https:\/\/cssdn.gouv.qc.ca\/chanterelle\/wp-content\/uploads\/sites\/21\/2023\/01\/logo_quebec.svg","contentUrl":"https:\/\/cssdn.gouv.qc.ca\/chanterelle\/wp-content\/uploads\/sites\/21\/2023\/01\/logo_quebec.svg","width":188,"height":41,"caption":"\u00c9cole de la Chanterelle"},"image":{"@id":"https:\/\/cssdn.gouv.qc.ca\/chanterelle\/#\/schema\/logo\/image\/"},"sameAs":["https:\/\/www.facebook.com\/CSSNavigateurs\/"]}]}},"publishpress_future_action":{"enabled":false,"date":"2026-04-29 18:43:28","action":"change-status","newStatus":"draft","terms":[],"taxonomy":"category","extraData":[]},"publishpress_future_workflow_manual_trigger":{"enabledWorkflows":[]},"_links":{"self":[{"href":"https:\/\/cssdn.gouv.qc.ca\/chanterelle\/wp-json\/wp\/v2\/pages\/9","targetHints":{"allow":["GET"]}}],"collection":[{"href":"https:\/\/cssdn.gouv.qc.ca\/chanterelle\/wp-json\/wp\/v2\/pages"}],"about":[{"href":"https:\/\/cssdn.gouv.qc.ca\/chanterelle\/wp-json\/wp\/v2\/types\/page"}],"author":[{"embeddable":true,"href":"https:\/\/cssdn.gouv.qc.ca\/chanterelle\/wp-json\/wp\/v2\/users\/1"}],"replies":[{"embeddable":true,"href":"https:\/\/cssdn.gouv.qc.ca\/chanterelle\/wp-json\/wp\/v2\/comments?post=9"}],"version-history":[{"count":0,"href":"https:\/\/cssdn.gouv.qc.ca\/chanterelle\/wp-json\/wp\/v2\/pages\/9\/revisions"}],"up":[{"embeddable":true,"href":"https:\/\/cssdn.gouv.qc.ca\/chanterelle\/wp-json\/wp\/v2\/pages\/6"}],"wp:attachment":[{"href":"https:\/\/cssdn.gouv.qc.ca\/chanterelle\/wp-json\/wp\/v2\/media?parent=9"}],"wp:term":[{"taxonomy":"category","embeddable":true,"href":"https:\/\/cssdn.gouv.qc.ca\/chanterelle\/wp-json\/wp\/v2\/categories?post=9"},{"taxonomy":"post_tag","embeddable":true,"href":"https:\/\/cssdn.gouv.qc.ca\/chanterelle\/wp-json\/wp\/v2\/tags?post=9"}],"curies":[{"name":"wp","href":"https:\/\/api.w.org\/{rel}","templated":true}]}}