
{"id":10,"date":"2022-11-08T16:07:54","date_gmt":"2022-11-08T21:07:54","guid":{"rendered":"https:\/\/cssdn.gouv.qc.ca\/charlesrodriguepixels\/a-propos\/conseil-detablissement\/"},"modified":"2025-11-03T20:22:35","modified_gmt":"2025-11-04T01:22:35","slug":"conseil-detablissement","status":"publish","type":"page","link":"https:\/\/cssdn.gouv.qc.ca\/charlesrodriguepixels\/a-propos\/conseil-detablissement\/","title":{"rendered":"Conseil d&rsquo;\u00e9tablissement"},"content":{"rendered":"\n<div class=\"wp-block-cover alignfull is-light is-style-title-banner\"><img decoding=\"async\" class=\"wp-block-cover__image-background wp-image-111 lazyload\" alt=\"\" data-src=\"https:\/\/cssdn.gouv.qc.ca\/wp-content\/uploads\/2022\/08\/Seawire-Hero-06.jpg\" data-object-fit=\"cover\" src=\"data:image\/svg+xml;base64,PHN2ZyB3aWR0aD0iMSIgaGVpZ2h0PSIxIiB4bWxucz0iaHR0cDovL3d3dy53My5vcmcvMjAwMC9zdmciPjwvc3ZnPg==\" \/><span aria-hidden=\"true\" class=\"wp-block-cover__background has-primary-background-color has-background-dim\"><\/span><div class=\"wp-block-cover__inner-container\"><h3 class=\"wp-block-post-title\">Conseil d&rsquo;\u00e9tablissement<\/h3><\/div><\/div>\n\n\n\n<div class=\"wp-block-group alignfull has-padding-y-large has-secondary-background-color has-background\"><div class=\"yoast-breadcrumbs alignwide \"><span class=\"breadcrumbs\"><a href=\"https:\/\/cssdn.gouv.qc.ca\/charlesrodriguepixels\/\" class=\"breadcrumbs__element\">Accueil<\/a> <span class=\"breadcrumbs__separator\">\n        <svg class=\"icon icon-breadcrumb__separator\"><use xlink:href=\"#icon-breadcrumb__separator\"><\/use><\/svg>\n    <\/span> <a href=\"https:\/\/cssdn.gouv.qc.ca\/charlesrodriguepixels\/a-propos\/\" class=\"breadcrumbs__element\">\u00c0 propos<\/a> <span class=\"breadcrumbs__separator\">\n        <svg class=\"icon icon-breadcrumb__separator\"><use xlink:href=\"#icon-breadcrumb__separator\"><\/use><\/svg>\n    <\/span> <span class=\"breadcrumbs__element breadcrumbs__element-current\">Conseil d&rsquo;\u00e9tablissement<\/span><\/span><\/div><\/div>\n\n\n\n<p class=\"has-heading-2-font-size wp-block-paragraph\">MEMBRES DU CONSEIL D&rsquo;\u00c9TABLISSEMENT 2025-2026<\/p>\n\n\n\n<h4 class=\"wp-block-heading\">Repr\u00e9sentants des parents<\/h4>\n\n\n\n<ul class=\"wp-block-list\">\n<li>Isabelle Darisse&nbsp;(pr\u00e9sidente)<\/li>\n\n\n\n<li>Larissa Roy (vice-pr\u00e9sidente)<\/li>\n\n\n\n<li>Pascale Bourdages<\/li>\n\n\n\n<li>Marie-\u00c8ve Fortier<\/li>\n\n\n\n<li>Priscilla Garant<\/li>\n\n\n\n<li>Said Snane<\/li>\n\n\n\n<li>Pierre-Olivier Thivierge (substitut)<\/li>\n\n\n\n<li>Priscilla Girard (substitut)<\/li>\n<\/ul>\n\n\n\n<h4 class=\"wp-block-heading\">Repr\u00e9sentantes des enseignants<\/h4>\n\n\n\n<ul class=\"wp-block-list\">\n<li>Marie-Pierre Labrie<\/li>\n\n\n\n<li>Marie-Pierre Marceau<\/li>\n\n\n\n<li>Marie-\u00c8ve Francoeur<\/li>\n<\/ul>\n\n\n\n<h4 class=\"wp-block-heading\">Repr\u00e9sentantes du personnel professionnel<\/h4>\n\n\n\n<ul class=\"wp-block-list\">\n<li>Bianca Poulin<\/li>\n<\/ul>\n\n\n\n<h4 class=\"wp-block-heading\">Repr\u00e9sentante du personnel de soutien<\/h4>\n\n\n\n<ul class=\"wp-block-list\">\n<li>Francis B\u00e9dard<\/li>\n<\/ul>\n\n\n\n<h4 class=\"wp-block-heading\">Repr\u00e9sentantes de la direction<\/h4>\n\n\n\n<ul class=\"wp-block-list\">\n<li>Marianne Rioux<\/li>\n\n\n\n<li>L\u00e9andre Racine \u00c9thier (directrice adjointe)<\/li>\n\n\n\n<li>Marie-France Lessard (directrice adjointe)<\/li>\n<\/ul>\n\n\n\n<h4 class=\"wp-block-heading\">Repr\u00e9sentante de la communaut\u00e9<\/h4>\n\n\n\n<ul class=\"wp-block-list\">\n<li>Sandra Renaud, directrice de la Maison de la Famille<\/li>\n<\/ul>\n\n\n\n<p class=\"has-heading-2-font-size wp-block-paragraph\">CALENDRIERS DES RENCONTRES 2025-2026<\/p>\n\n\n\n<p class=\"wp-block-paragraph\"><strong>*&nbsp;&nbsp;Les s\u00e9ances du conseil d&rsquo;\u00e9tablissement sont publiques, il est possible d&rsquo;y assister. Vous n&rsquo;avez qu&rsquo;\u00e0 signifier votre int\u00e9r\u00eat \u00e0 Mme L\u00e9andre Racine \u00c9thier \u00e0 l&rsquo;adresse suivante:&nbsp;<a href=\"mailto:racineethierl@cssdn.gouv.qc.ca\">racineethierl@cssdn.gouv.qc.ca<\/a>&nbsp;<\/strong><\/p>\n\n\n\n<ul class=\"wp-block-list\">\n<li>24 septembre 2025<\/li>\n\n\n\n<li>22 octobre 2025<\/li>\n\n\n\n<li>25 novembre 2025<\/li>\n\n\n\n<li>21 janvier 2026<\/li>\n\n\n\n<li>18 mars 2026<\/li>\n\n\n\n<li>6 mai 2026<\/li>\n\n\n\n<li>28 mai 2026 (\u00e0 confirmer)<\/li>\n\n\n\n<li>3 juin 2026<\/li>\n<\/ul>\n\n\n\n<p class=\"has-heading-2-font-size wp-block-paragraph\">RAPPORTS ANNUELS<\/p>\n\n\n\n<ul class=\"wp-block-list\">\n<li>Rapport annuel 2024-2025 (\u00e0 venir)<\/li>\n<\/ul>\n\n\n<nav class=\"align act-quick-links\">\n    <ul class=\"act-quick-links__wrapper\">\n            <\/ul>\n<\/nav>\n\n\n\n<p class=\"has-heading-2-font-size wp-block-paragraph\">ORDRES DU JOUR ET PROC\u00c8S-VERBAUX<\/p>\n\n\n\n<p class=\"wp-block-paragraph\"><strong>Ann\u00e9e 2025-2026<\/strong><\/p>\n\n\n\n<ul class=\"wp-block-list\">\n<li>Assembl\u00e9e g\u00e9n\u00e9rale des parents:<\/li>\n\n\n\n<li>Assembl\u00e9e extraordinaire du 11 septembre: <a href=\"https:\/\/cssdn.gouv.qc.ca\/charlesrodriguepixels\/wp-content\/uploads\/sites\/37\/2025\/11\/2025-09-11-ODJ-CE-seance-extraordinaire.pdf\">Ordre du jour<\/a> et <a href=\"https:\/\/cssdn.gouv.qc.ca\/charlesrodriguepixels\/wp-content\/uploads\/sites\/37\/2025\/11\/2025-09-11-PV-CE-seance-extraordinaire.pdf\">Proc\u00e8s-verbal<\/a><\/li>\n\n\n\n<li>Rencontre du 24 septembre 2025: <a href=\"https:\/\/cssdn.gouv.qc.ca\/charlesrodriguepixels\/wp-content\/uploads\/sites\/37\/2025\/11\/2025-09-24-ODJ-CE.pdf\">Ordre du jour <\/a>et <a href=\"https:\/\/cssdn.gouv.qc.ca\/charlesrodriguepixels\/wp-content\/uploads\/sites\/37\/2025\/11\/2025-09-24-PV-CE-CANEVAS-003.pdf\">Proc\u00e8s-verbal<\/a><\/li>\n\n\n\n<li>Rencontre du 22 octobre 2025: <a href=\"https:\/\/cssdn.gouv.qc.ca\/charlesrodriguepixels\/wp-content\/uploads\/sites\/37\/2025\/11\/2025-10-22-ODJ-CE.pdf\">Ordre du jour<\/a> et Proc\u00e8s-verbal<\/li>\n\n\n\n<li>Rencontre du 25 novembre 2025: Ordre du jour et Proc\u00e8s-verbal<\/li>\n\n\n\n<li>Rencontre du 21 janvier 2026: Ordre du jour et Proc\u00e8s-verbal<\/li>\n\n\n\n<li>Rencontre du 18 mars 2026: Ordre du jour et Proc\u00e8s-verbal<\/li>\n\n\n\n<li>Rencontre du 6 mai 2026: Ordre du jour et Proc\u00e8s-verbal<\/li>\n\n\n\n<li>Rencontre du 3 juin 2026: Ordre du jour et Proc\u00e8s-verbal<\/li>\n<\/ul>\n\n\n\n<p class=\"wp-block-paragraph\"><strong>Ann\u00e9e 2024-2025<\/strong><\/p>\n\n\n\n<ul class=\"wp-block-list\">\n<li>Rencontre du 25 septembre 2024: <a href=\"https:\/\/cssdn.gouv.qc.ca\/charlesrodriguepixels\/wp-content\/uploads\/sites\/37\/2025\/03\/2024-09-25-ODJ-CE.pdf\">Ordre du jour<\/a> et <a href=\"https:\/\/cssdn.gouv.qc.ca\/charlesrodriguepixels\/wp-content\/uploads\/sites\/37\/2025\/03\/2024-09-25-PV-CE.pdf\">Proc\u00e8s-verbal<\/a><\/li>\n\n\n\n<li>Rencontre du 23 octobre 2024: <a href=\"https:\/\/cssdn.gouv.qc.ca\/charlesrodriguepixels\/wp-content\/uploads\/sites\/37\/2025\/03\/2024-10-23-ODJ-CE.pdf\">Ordre du jour<\/a> et <a href=\"https:\/\/cssdn.gouv.qc.ca\/charlesrodriguepixels\/wp-content\/uploads\/sites\/37\/2025\/03\/2024-11-06-PV-CE.pdf\">Proc\u00e8s-verbal<\/a><\/li>\n\n\n\n<li>Rencontre du 20 novembre 2024: <a href=\"https:\/\/cssdn.gouv.qc.ca\/charlesrodriguepixels\/wp-content\/uploads\/sites\/37\/2025\/03\/2024-11-20-ODJ-CE.pdf\">Ordre du jour<\/a> et <a href=\"https:\/\/cssdn.gouv.qc.ca\/charlesrodriguepixels\/wp-content\/uploads\/sites\/37\/2025\/03\/2024-11-20-PV-CE.pdf\">Proc\u00e8s-verbal<\/a><\/li>\n\n\n\n<li>Rencontre du 29 janvier 2025: <a href=\"https:\/\/cssdn.gouv.qc.ca\/charlesrodriguepixels\/wp-content\/uploads\/sites\/37\/2025\/03\/2025-01-29-ODJ-CE.pdf\">Ordre du jour<\/a> et <a href=\"https:\/\/cssdn.gouv.qc.ca\/charlesrodriguepixels\/wp-content\/uploads\/sites\/37\/2025\/03\/2025-01-29-PV-CE.pdf\">Proc\u00e8s-verbal<\/a><\/li>\n\n\n\n<li>Rencontre du 12 mars 2025: <a href=\"https:\/\/cssdn.gouv.qc.ca\/charlesrodriguepixels\/wp-content\/uploads\/sites\/37\/2025\/03\/2025-03-12-ODJ-CE-1.pdf\">Ordre du jour<\/a> et <a href=\"https:\/\/cssdn.gouv.qc.ca\/charlesrodriguepixels\/wp-content\/uploads\/sites\/37\/2025\/05\/2025-03-12-PV-CE.pdf\">Proc\u00e8s-verbal<\/a><\/li>\n\n\n\n<li>Rencontre du 7 mai 2025: Ordre du jour et Proc\u00e8s-verbal<\/li>\n\n\n\n<li>Rencontre du 11 juin 2025: <a href=\"https:\/\/cssdn.gouv.qc.ca\/charlesrodriguepixels\/wp-content\/uploads\/sites\/37\/2025\/11\/2025-06-11-ODJ-CE.pdf\">Ordre du jour<\/a> et <a href=\"https:\/\/cssdn.gouv.qc.ca\/charlesrodriguepixels\/wp-content\/uploads\/sites\/37\/2025\/11\/2025-06-11-PV-CE.pdf\">Proc\u00e8s-verbal<\/a><\/li>\n<\/ul>\n\n\n\n<p class=\"wp-block-paragraph\"><\/p>\n","protected":false},"excerpt":{"rendered":"<p>MEMBRES DU CONSEIL D&rsquo;\u00c9TABLISSEMENT 2025-2026 Repr\u00e9sentants des parents Repr\u00e9sentantes des enseignants Repr\u00e9sentantes du personnel professionnel Repr\u00e9sentante du personnel de soutien Repr\u00e9sentantes de la direction Repr\u00e9sentante de la communaut\u00e9 CALENDRIERS DES RENCONTRES 2025-2026 *&nbsp;&nbsp;Les s\u00e9ances du conseil d&rsquo;\u00e9tablissement sont publiques, il est possible d&rsquo;y assister. Vous n&rsquo;avez qu&rsquo;\u00e0 signifier votre int\u00e9r\u00eat \u00e0 Mme L\u00e9andre Racine \u00c9thier [&hellip;]<\/p>\n","protected":false},"author":1,"featured_media":0,"parent":6,"menu_order":0,"comment_status":"closed","ping_status":"closed","template":"","meta":{"_acf_changed":false,"_crdt_document":"","inline_featured_image":false,"footnotes":""},"categories":[],"tags":[],"class_list":["post-10","page","type-page","status-publish","hentry"],"acf":[],"yoast_head":"<!-- This site is optimized with the Yoast SEO plugin v27.3 - https:\/\/yoast.com\/product\/yoast-seo-wordpress\/ -->\n<title>Conseil d&#039;\u00e9tablissement - \u00c9cole Charles-Rodrigue, des\u00a0Pixels<\/title>\n<meta name=\"robots\" content=\"index, follow, max-snippet:-1, max-image-preview:large, max-video-preview:-1\" \/>\n<link rel=\"canonical\" href=\"https:\/\/cssdn.gouv.qc.ca\/charlesrodriguepixels\/a-propos\/conseil-detablissement\/\" \/>\n<meta property=\"og:locale\" content=\"fr_CA\" \/>\n<meta property=\"og:type\" content=\"article\" \/>\n<meta property=\"og:title\" content=\"Conseil d&#039;\u00e9tablissement - \u00c9cole Charles-Rodrigue, des\u00a0Pixels\" \/>\n<meta property=\"og:description\" content=\"MEMBRES DU CONSEIL D&rsquo;\u00c9TABLISSEMENT 2025-2026 Repr\u00e9sentants des parents Repr\u00e9sentantes des enseignants Repr\u00e9sentantes du personnel professionnel Repr\u00e9sentante du personnel de soutien Repr\u00e9sentantes de la direction Repr\u00e9sentante de la communaut\u00e9 CALENDRIERS DES RENCONTRES 2025-2026 *&nbsp;&nbsp;Les s\u00e9ances du conseil d&rsquo;\u00e9tablissement sont publiques, il est possible d&rsquo;y assister. Vous n&rsquo;avez qu&rsquo;\u00e0 signifier votre int\u00e9r\u00eat \u00e0 Mme L\u00e9andre Racine \u00c9thier [&hellip;]\" \/>\n<meta property=\"og:url\" content=\"https:\/\/cssdn.gouv.qc.ca\/charlesrodriguepixels\/a-propos\/conseil-detablissement\/\" \/>\n<meta property=\"og:site_name\" content=\"\u00c9cole Charles-Rodrigue, des\u00a0Pixels\" \/>\n<meta property=\"article:publisher\" content=\"https:\/\/www.facebook.com\/ecolecharlesrodrigue\" \/>\n<meta property=\"article:modified_time\" content=\"2025-11-04T01:22:35+00:00\" \/>\n<meta name=\"twitter:card\" content=\"summary_large_image\" \/>\n<meta name=\"twitter:label1\" content=\"Estimation du temps de lecture\" \/>\n\t<meta name=\"twitter:data1\" content=\"2 minutes\" \/>\n<script type=\"application\/ld+json\" class=\"yoast-schema-graph\">{\"@context\":\"https:\\\/\\\/schema.org\",\"@graph\":[{\"@type\":\"WebPage\",\"@id\":\"https:\\\/\\\/cssdn.gouv.qc.ca\\\/charlesrodriguepixels\\\/a-propos\\\/conseil-detablissement\\\/\",\"url\":\"https:\\\/\\\/cssdn.gouv.qc.ca\\\/charlesrodriguepixels\\\/a-propos\\\/conseil-detablissement\\\/\",\"name\":\"Conseil d'\u00e9tablissement - \u00c9cole Charles-Rodrigue, des\u00a0Pixels\",\"isPartOf\":{\"@id\":\"https:\\\/\\\/cssdn.gouv.qc.ca\\\/charlesrodriguepixels\\\/#website\"},\"primaryImageOfPage\":{\"@id\":\"https:\\\/\\\/cssdn.gouv.qc.ca\\\/charlesrodriguepixels\\\/a-propos\\\/conseil-detablissement\\\/#primaryimage\"},\"image\":{\"@id\":\"https:\\\/\\\/cssdn.gouv.qc.ca\\\/charlesrodriguepixels\\\/a-propos\\\/conseil-detablissement\\\/#primaryimage\"},\"thumbnailUrl\":\"https:\\\/\\\/cssdn.gouv.qc.ca\\\/wp-content\\\/uploads\\\/2022\\\/08\\\/Seawire-Hero-06.jpg\",\"datePublished\":\"2022-11-08T21:07:54+00:00\",\"dateModified\":\"2025-11-04T01:22:35+00:00\",\"breadcrumb\":{\"@id\":\"https:\\\/\\\/cssdn.gouv.qc.ca\\\/charlesrodriguepixels\\\/a-propos\\\/conseil-detablissement\\\/#breadcrumb\"},\"inLanguage\":\"fr-CA\",\"potentialAction\":[{\"@type\":\"ReadAction\",\"target\":[\"https:\\\/\\\/cssdn.gouv.qc.ca\\\/charlesrodriguepixels\\\/a-propos\\\/conseil-detablissement\\\/\"]}]},{\"@type\":\"ImageObject\",\"inLanguage\":\"fr-CA\",\"@id\":\"https:\\\/\\\/cssdn.gouv.qc.ca\\\/charlesrodriguepixels\\\/a-propos\\\/conseil-detablissement\\\/#primaryimage\",\"url\":\"https:\\\/\\\/cssdn.gouv.qc.ca\\\/wp-content\\\/uploads\\\/2022\\\/08\\\/Seawire-Hero-06.jpg\",\"contentUrl\":\"https:\\\/\\\/cssdn.gouv.qc.ca\\\/wp-content\\\/uploads\\\/2022\\\/08\\\/Seawire-Hero-06.jpg\"},{\"@type\":\"BreadcrumbList\",\"@id\":\"https:\\\/\\\/cssdn.gouv.qc.ca\\\/charlesrodriguepixels\\\/a-propos\\\/conseil-detablissement\\\/#breadcrumb\",\"itemListElement\":[{\"@type\":\"ListItem\",\"position\":1,\"name\":\"Accueil\",\"item\":\"https:\\\/\\\/cssdn.gouv.qc.ca\\\/charlesrodriguepixels\\\/\"},{\"@type\":\"ListItem\",\"position\":2,\"name\":\"\u00c0 propos\",\"item\":\"https:\\\/\\\/cssdn.gouv.qc.ca\\\/charlesrodriguepixels\\\/a-propos\\\/\"},{\"@type\":\"ListItem\",\"position\":3,\"name\":\"Conseil d&rsquo;\u00e9tablissement\"}]},{\"@type\":\"WebSite\",\"@id\":\"https:\\\/\\\/cssdn.gouv.qc.ca\\\/charlesrodriguepixels\\\/#website\",\"url\":\"https:\\\/\\\/cssdn.gouv.qc.ca\\\/charlesrodriguepixels\\\/\",\"name\":\"\u00c9cole Charles-Rodrigue, des\u00a0Pixels\",\"description\":\"Un site des centres de services scolaires des Navigateurs\",\"publisher\":{\"@id\":\"https:\\\/\\\/cssdn.gouv.qc.ca\\\/charlesrodriguepixels\\\/#organization\"},\"potentialAction\":[{\"@type\":\"SearchAction\",\"target\":{\"@type\":\"EntryPoint\",\"urlTemplate\":\"https:\\\/\\\/cssdn.gouv.qc.ca\\\/charlesrodriguepixels\\\/?s={search_term_string}\"},\"query-input\":{\"@type\":\"PropertyValueSpecification\",\"valueRequired\":true,\"valueName\":\"search_term_string\"}}],\"inLanguage\":\"fr-CA\"},{\"@type\":\"Organization\",\"@id\":\"https:\\\/\\\/cssdn.gouv.qc.ca\\\/charlesrodriguepixels\\\/#organization\",\"name\":\"\u00c9cole Charles-Rodrigue, des\u00a0Pixels\",\"url\":\"https:\\\/\\\/cssdn.gouv.qc.ca\\\/charlesrodriguepixels\\\/\",\"logo\":{\"@type\":\"ImageObject\",\"inLanguage\":\"fr-CA\",\"@id\":\"https:\\\/\\\/cssdn.gouv.qc.ca\\\/charlesrodriguepixels\\\/#\\\/schema\\\/logo\\\/image\\\/\",\"url\":\"https:\\\/\\\/cssdn.gouv.qc.ca\\\/charlesrodriguepixels\\\/wp-content\\\/uploads\\\/sites\\\/37\\\/2023\\\/01\\\/logo_quebec.svg\",\"contentUrl\":\"https:\\\/\\\/cssdn.gouv.qc.ca\\\/charlesrodriguepixels\\\/wp-content\\\/uploads\\\/sites\\\/37\\\/2023\\\/01\\\/logo_quebec.svg\",\"width\":188,\"height\":41,\"caption\":\"\u00c9cole Charles-Rodrigue, des\u00a0Pixels\"},\"image\":{\"@id\":\"https:\\\/\\\/cssdn.gouv.qc.ca\\\/charlesrodriguepixels\\\/#\\\/schema\\\/logo\\\/image\\\/\"},\"sameAs\":[\"https:\\\/\\\/www.facebook.com\\\/ecolecharlesrodrigue\"]}]}<\/script>\n<!-- \/ Yoast SEO plugin. -->","yoast_head_json":{"title":"Conseil d'\u00e9tablissement - \u00c9cole Charles-Rodrigue, des\u00a0Pixels","robots":{"index":"index","follow":"follow","max-snippet":"max-snippet:-1","max-image-preview":"max-image-preview:large","max-video-preview":"max-video-preview:-1"},"canonical":"https:\/\/cssdn.gouv.qc.ca\/charlesrodriguepixels\/a-propos\/conseil-detablissement\/","og_locale":"fr_CA","og_type":"article","og_title":"Conseil d'\u00e9tablissement - \u00c9cole Charles-Rodrigue, des\u00a0Pixels","og_description":"MEMBRES DU CONSEIL D&rsquo;\u00c9TABLISSEMENT 2025-2026 Repr\u00e9sentants des parents Repr\u00e9sentantes des enseignants Repr\u00e9sentantes du personnel professionnel Repr\u00e9sentante du personnel de soutien Repr\u00e9sentantes de la direction Repr\u00e9sentante de la communaut\u00e9 CALENDRIERS DES RENCONTRES 2025-2026 *&nbsp;&nbsp;Les s\u00e9ances du conseil d&rsquo;\u00e9tablissement sont publiques, il est possible d&rsquo;y assister. Vous n&rsquo;avez qu&rsquo;\u00e0 signifier votre int\u00e9r\u00eat \u00e0 Mme L\u00e9andre Racine \u00c9thier [&hellip;]","og_url":"https:\/\/cssdn.gouv.qc.ca\/charlesrodriguepixels\/a-propos\/conseil-detablissement\/","og_site_name":"\u00c9cole Charles-Rodrigue, des\u00a0Pixels","article_publisher":"https:\/\/www.facebook.com\/ecolecharlesrodrigue","article_modified_time":"2025-11-04T01:22:35+00:00","twitter_card":"summary_large_image","twitter_misc":{"Estimation du temps de lecture":"2 minutes"},"schema":{"@context":"https:\/\/schema.org","@graph":[{"@type":"WebPage","@id":"https:\/\/cssdn.gouv.qc.ca\/charlesrodriguepixels\/a-propos\/conseil-detablissement\/","url":"https:\/\/cssdn.gouv.qc.ca\/charlesrodriguepixels\/a-propos\/conseil-detablissement\/","name":"Conseil d'\u00e9tablissement - \u00c9cole Charles-Rodrigue, des\u00a0Pixels","isPartOf":{"@id":"https:\/\/cssdn.gouv.qc.ca\/charlesrodriguepixels\/#website"},"primaryImageOfPage":{"@id":"https:\/\/cssdn.gouv.qc.ca\/charlesrodriguepixels\/a-propos\/conseil-detablissement\/#primaryimage"},"image":{"@id":"https:\/\/cssdn.gouv.qc.ca\/charlesrodriguepixels\/a-propos\/conseil-detablissement\/#primaryimage"},"thumbnailUrl":"https:\/\/cssdn.gouv.qc.ca\/wp-content\/uploads\/2022\/08\/Seawire-Hero-06.jpg","datePublished":"2022-11-08T21:07:54+00:00","dateModified":"2025-11-04T01:22:35+00:00","breadcrumb":{"@id":"https:\/\/cssdn.gouv.qc.ca\/charlesrodriguepixels\/a-propos\/conseil-detablissement\/#breadcrumb"},"inLanguage":"fr-CA","potentialAction":[{"@type":"ReadAction","target":["https:\/\/cssdn.gouv.qc.ca\/charlesrodriguepixels\/a-propos\/conseil-detablissement\/"]}]},{"@type":"ImageObject","inLanguage":"fr-CA","@id":"https:\/\/cssdn.gouv.qc.ca\/charlesrodriguepixels\/a-propos\/conseil-detablissement\/#primaryimage","url":"https:\/\/cssdn.gouv.qc.ca\/wp-content\/uploads\/2022\/08\/Seawire-Hero-06.jpg","contentUrl":"https:\/\/cssdn.gouv.qc.ca\/wp-content\/uploads\/2022\/08\/Seawire-Hero-06.jpg"},{"@type":"BreadcrumbList","@id":"https:\/\/cssdn.gouv.qc.ca\/charlesrodriguepixels\/a-propos\/conseil-detablissement\/#breadcrumb","itemListElement":[{"@type":"ListItem","position":1,"name":"Accueil","item":"https:\/\/cssdn.gouv.qc.ca\/charlesrodriguepixels\/"},{"@type":"ListItem","position":2,"name":"\u00c0 propos","item":"https:\/\/cssdn.gouv.qc.ca\/charlesrodriguepixels\/a-propos\/"},{"@type":"ListItem","position":3,"name":"Conseil d&rsquo;\u00e9tablissement"}]},{"@type":"WebSite","@id":"https:\/\/cssdn.gouv.qc.ca\/charlesrodriguepixels\/#website","url":"https:\/\/cssdn.gouv.qc.ca\/charlesrodriguepixels\/","name":"\u00c9cole Charles-Rodrigue, des\u00a0Pixels","description":"Un site des centres de services scolaires des Navigateurs","publisher":{"@id":"https:\/\/cssdn.gouv.qc.ca\/charlesrodriguepixels\/#organization"},"potentialAction":[{"@type":"SearchAction","target":{"@type":"EntryPoint","urlTemplate":"https:\/\/cssdn.gouv.qc.ca\/charlesrodriguepixels\/?s={search_term_string}"},"query-input":{"@type":"PropertyValueSpecification","valueRequired":true,"valueName":"search_term_string"}}],"inLanguage":"fr-CA"},{"@type":"Organization","@id":"https:\/\/cssdn.gouv.qc.ca\/charlesrodriguepixels\/#organization","name":"\u00c9cole Charles-Rodrigue, des\u00a0Pixels","url":"https:\/\/cssdn.gouv.qc.ca\/charlesrodriguepixels\/","logo":{"@type":"ImageObject","inLanguage":"fr-CA","@id":"https:\/\/cssdn.gouv.qc.ca\/charlesrodriguepixels\/#\/schema\/logo\/image\/","url":"https:\/\/cssdn.gouv.qc.ca\/charlesrodriguepixels\/wp-content\/uploads\/sites\/37\/2023\/01\/logo_quebec.svg","contentUrl":"https:\/\/cssdn.gouv.qc.ca\/charlesrodriguepixels\/wp-content\/uploads\/sites\/37\/2023\/01\/logo_quebec.svg","width":188,"height":41,"caption":"\u00c9cole Charles-Rodrigue, des\u00a0Pixels"},"image":{"@id":"https:\/\/cssdn.gouv.qc.ca\/charlesrodriguepixels\/#\/schema\/logo\/image\/"},"sameAs":["https:\/\/www.facebook.com\/ecolecharlesrodrigue"]}]}},"publishpress_future_action":{"enabled":false,"date":"2026-04-12 17:00:06","action":"change-status","newStatus":"draft","terms":[],"taxonomy":"category","extraData":[]},"publishpress_future_workflow_manual_trigger":{"enabledWorkflows":[]},"_links":{"self":[{"href":"https:\/\/cssdn.gouv.qc.ca\/charlesrodriguepixels\/wp-json\/wp\/v2\/pages\/10","targetHints":{"allow":["GET"]}}],"collection":[{"href":"https:\/\/cssdn.gouv.qc.ca\/charlesrodriguepixels\/wp-json\/wp\/v2\/pages"}],"about":[{"href":"https:\/\/cssdn.gouv.qc.ca\/charlesrodriguepixels\/wp-json\/wp\/v2\/types\/page"}],"author":[{"embeddable":true,"href":"https:\/\/cssdn.gouv.qc.ca\/charlesrodriguepixels\/wp-json\/wp\/v2\/users\/1"}],"replies":[{"embeddable":true,"href":"https:\/\/cssdn.gouv.qc.ca\/charlesrodriguepixels\/wp-json\/wp\/v2\/comments?post=10"}],"version-history":[{"count":0,"href":"https:\/\/cssdn.gouv.qc.ca\/charlesrodriguepixels\/wp-json\/wp\/v2\/pages\/10\/revisions"}],"up":[{"embeddable":true,"href":"https:\/\/cssdn.gouv.qc.ca\/charlesrodriguepixels\/wp-json\/wp\/v2\/pages\/6"}],"wp:attachment":[{"href":"https:\/\/cssdn.gouv.qc.ca\/charlesrodriguepixels\/wp-json\/wp\/v2\/media?parent=10"}],"wp:term":[{"taxonomy":"category","embeddable":true,"href":"https:\/\/cssdn.gouv.qc.ca\/charlesrodriguepixels\/wp-json\/wp\/v2\/categories?post=10"},{"taxonomy":"post_tag","embeddable":true,"href":"https:\/\/cssdn.gouv.qc.ca\/charlesrodriguepixels\/wp-json\/wp\/v2\/tags?post=10"}],"curies":[{"name":"wp","href":"https:\/\/api.w.org\/{rel}","templated":true}]}}