
{"id":14,"date":"2022-11-08T16:07:55","date_gmt":"2022-11-08T21:07:55","guid":{"rendered":"https:\/\/cssdn.gouv.qc.ca\/charlesrodriguepixels\/informations-aux-parents\/renseignements-generaux\/"},"modified":"2026-03-17T14:52:05","modified_gmt":"2026-03-17T18:52:05","slug":"renseignements-generaux","status":"publish","type":"page","link":"https:\/\/cssdn.gouv.qc.ca\/charlesrodriguepixels\/service-de-garde\/renseignements-generaux\/","title":{"rendered":"Renseignements g\u00e9n\u00e9raux"},"content":{"rendered":"\n<div class=\"wp-block-cover alignfull is-light is-style-title-banner\"><img decoding=\"async\" class=\"wp-block-cover__image-background wp-image-111 lazyload\" alt=\"\" data-src=\"https:\/\/cssdn.gouv.qc.ca\/wp-content\/uploads\/2022\/08\/Seawire-Hero-06.jpg\" data-object-fit=\"cover\" src=\"data:image\/svg+xml;base64,PHN2ZyB3aWR0aD0iMSIgaGVpZ2h0PSIxIiB4bWxucz0iaHR0cDovL3d3dy53My5vcmcvMjAwMC9zdmciPjwvc3ZnPg==\" \/><span aria-hidden=\"true\" class=\"wp-block-cover__background has-primary-background-color has-background-dim\"><\/span><div class=\"wp-block-cover__inner-container\"><h3 class=\"wp-block-post-title\">Renseignements g\u00e9n\u00e9raux<\/h3><\/div><\/div>\n\n\n\n<div class=\"wp-block-group alignfull has-padding-y-large has-secondary-background-color has-background\"><div class=\"yoast-breadcrumbs alignwide \"><span class=\"breadcrumbs\"><a href=\"https:\/\/cssdn.gouv.qc.ca\/charlesrodriguepixels\/\" class=\"breadcrumbs__element\">Accueil<\/a> <span class=\"breadcrumbs__separator\">\n        <svg class=\"icon icon-breadcrumb__separator\"><use xlink:href=\"#icon-breadcrumb__separator\"><\/use><\/svg>\n    <\/span> <a href=\"https:\/\/cssdn.gouv.qc.ca\/charlesrodriguepixels\/service-de-garde\/\" class=\"breadcrumbs__element\">Service de garde<\/a> <span class=\"breadcrumbs__separator\">\n        <svg class=\"icon icon-breadcrumb__separator\"><use xlink:href=\"#icon-breadcrumb__separator\"><\/use><\/svg>\n    <\/span> <span class=\"breadcrumbs__element breadcrumbs__element-current\">Renseignements g\u00e9n\u00e9raux<\/span><\/span><\/div><\/div>\n\n\n\n<p class=\"wp-block-paragraph\"><br>Voici un lien vers un <a href=\"https:\/\/view.genially.com\/6851c0364280266246f41e7b\/presentation-presentation-cahier-decole\">Genially <\/a>contenant des informations sur:<br>&#8211; Encadrement l\u00e9gal<br>&#8211; Qui sommes-nous ?<br>&#8211; Nos valeurs<br>&#8211; Nos orientations<br>&#8211; Notre approche \u00e9ducative<br>&#8211; Notre m\u00e9thodologie d&rsquo;intervention<br>&#8211; Les besoins de l&rsquo;\u00e9l\u00e8ve<br>&#8211; L&rsquo;organisation du temps et des lieux<br>&#8211; L&rsquo;horaire type d&rsquo;une journ\u00e9e au service de garde<br>&#8211; La p\u00e9riode du midi et les repas<br>&#8211; Les outils de planification<br>&#8211; La planification d&rsquo;activit\u00e9s<br>&#8211; Les cat\u00e9gories d&rsquo;activit\u00e9s<br>&#8211; La diversit\u00e9 des activit\u00e9s propos\u00e9es<br>&#8211; Les regroupements d&rsquo;\u00e9l\u00e8ves<\/p>\n\n\n\n<p class=\"wp-block-paragraph\"><\/p>\n\n\n\n<p class=\"wp-block-paragraph\">Le service de garde de l&rsquo;\u00e9cole Charles-Rodrigue s&rsquo;adresse \u00e0 tous les enfants qui fr\u00e9quentent l&rsquo;\u00e9cole, de la maternelle \u00e0 la 4e ann\u00e9e ainsi que les \u00e9l\u00e8ves de 5e\u00a0et 6e\u00a0ann\u00e9e qui fr\u00e9quentent l&rsquo;\u00e9cole des Pixels, sur la rue Pie X, tout pr\u00e8s de l&rsquo;\u00e9cole Charles Rodrigue. Nous accueillons les \u00e9l\u00e8ves en dehors des heures r\u00e9guli\u00e8res de classe et pendant les journ\u00e9es p\u00e9dagogiques. Au total, nous avons plus de 500\u00a0\u00e9l\u00e8ves qui fr\u00e9quentent le service de garde \u00e0 l\u2019une ou l\u2019autre de nos p\u00e9riodes.<\/p>\n\n\n\n<p class=\"wp-block-paragraph\">Le service de garde pour les \u00e9l\u00e8ves fr\u00e9quentant l&rsquo;\u00e9cole des&nbsp;Pixels se passe&nbsp;le midi \u00e0 Pixels et \u00e0 tous les autres moments (matin,soir,journ\u00e9es p\u00e9dagogiques) \u00e0 l&rsquo;\u00e9cole Charles-Rodrigue. Pour la s\u00e9curit\u00e9 de nos usagers, le d\u00e9placement des \u00e9l\u00e8ves d&rsquo;une \u00e9cole \u00e0 l&rsquo;autre se fait en autobus scolaire.<\/p>\n\n\n\n<p class=\"wp-block-paragraph\">Pour voir le document complet pr\u00e9sentant les r\u00e8glements g\u00e9n\u00e9raux du service de garde pour l&rsquo;ann\u00e9e 2025-2026, cliquez&nbsp;ici (lien \u00e0 venir).<\/p>\n\n\n\n<h4 class=\"wp-block-heading\">Mission du service de garde<\/h4>\n\n\n\n<p class=\"wp-block-paragraph\">La mission \u00e9ducative de notre service de garde est de participer \u00e0 l&rsquo;\u00e9ducation sociale de votre enfant tout en lui offrant des activit\u00e9s cr\u00e9atives et amusantes.<\/p>\n\n\n\n<p class=\"wp-block-paragraph\">Nous v\u00e9hiculons le respect, la pers\u00e9v\u00e9rence,l&rsquo;entraide et le sentiment d&rsquo;appartenance dans nos gestes, nos paroles, nos activit\u00e9s et dans notre fa\u00e7on d&rsquo;intervenir.<\/p>\n\n\n\n<p class=\"wp-block-paragraph\">Notre service de garde est un service compl\u00e9mentaire \u00e0 l&rsquo;\u00e9cole, actif dans son projet \u00e9ducatif.&nbsp; Nous travaillons chaque jour en \u00e9troite collaboration avec l&rsquo;ensemble des intervenants de l&rsquo;\u00e9cole.<\/p>\n\n\n\n<h4 class=\"wp-block-heading\">Heures d&rsquo;ouverture et tarifs<\/h4>\n\n\n\n<p class=\"wp-block-paragraph\">Les heures d&rsquo;ouverture du service de garde sont :<\/p>\n\n\n\n<ul class=\"wp-block-list\">\n<li>Matin : 6h45 \u00e0 8h15, co\u00fbt 4,25$<\/li>\n\n\n\n<li>Midi (pr\u00e9scolaire): 11h37&nbsp;\u00e0 13h10, co\u00fbt 4,25$<\/li>\n\n\n\n<li>Midi (primaire Charles-Rodrigue): 11h40&nbsp;\u00e0 13h10, co\u00fbt 4,25$<\/li>\n\n\n\n<li>Midi (primaire Pixels): 11h45&nbsp;\u00e0 13h15, co\u00fbt 4,25$<\/li>\n\n\n\n<li>P\u00e9riode pour les \u00e9l\u00e8ves de maternelle : 14h45&nbsp;\u00e0 15h35, co\u00fbt 2,25$&nbsp; (Ce tarif s&rsquo;applique si votre enfant n&rsquo;utilise pas la p\u00e9riode du soir ou s&rsquo;il n&rsquo;utilise pas le service du transport en fin de journ\u00e9e.)&nbsp;<\/li>\n\n\n\n<li>Soir : 15h35 \u00e0 18h00, co\u00fbt 6,50$<\/li>\n\n\n\n<li>R\u00e9gulier : place \u00e0 contribution r\u00e9duite, co\u00fbt 8,95&nbsp;$ par jour<\/li>\n\n\n\n<li>Journ\u00e9e p\u00e9dagogique : de 6h45 \u00e0 18h00, co\u00fbt 14,60$ + frais de l&rsquo;activit\u00e9<\/li>\n\n\n\n<li>Journ\u00e9e de temp\u00eate : de 7h30 \u00e0 18h00, co\u00fbt 14,60$<\/li>\n<\/ul>\n\n\n\n<p class=\"wp-block-paragraph\">Un re\u00e7u pour l&rsquo;imp\u00f4t&nbsp;est \u00e9mis une fois par ann\u00e9e.<\/p>\n\n\n\n<p class=\"has-heading-4-font-size wp-block-paragraph\">Pour nous joindre<\/p>\n\n\n\n<p class=\"wp-block-paragraph\">Mme Chantal Cournoyer&nbsp;est la responsable du service de garde. &nbsp;Voici le num\u00e9ro de t\u00e9l\u00e9phone pour la joindre : 418-838-8571 #62040 ainsi que l&rsquo;adresse courriel :&nbsp;<a href=\"mailto:service-garde.charles-rodrigue@csnavigateurs.qc.ca\">service-garde.charles-rodrigue@cssdn.gouv.qc.ca<\/a><\/p>\n\n\n\n<p class=\"wp-block-paragraph\">Mme Marie-H\u00e9l\u00e8ne Bernard et Patricia Capellini&nbsp;sont les \u00e9ducatrices classe principale du service de garde. Voici le num\u00e9ro de t\u00e9l\u00e9phone pour les joindre : 418-838-8571 #62042 ainsi que leur adresse courriel :&nbsp;<a href=\"mailto:Marie-Helene.Bernard@cssdn.gouv.qc.ca\">Marie-Helene.Bernard@cssdn.gouv.qc.ca<\/a>,  <a href=\"mailto:Patricia.Cappellini@csnavigateurs.qc.ca\">Patricia.Cappellini@cssdn.gouv.qc.ca<\/a><\/p>\n\n\n\n<p class=\"wp-block-paragraph\"><\/p>\n","protected":false},"excerpt":{"rendered":"<p>Voici un lien vers un Genially contenant des informations sur:&#8211; Encadrement l\u00e9gal&#8211; Qui sommes-nous ?&#8211; Nos valeurs&#8211; Nos orientations&#8211; Notre approche \u00e9ducative&#8211; Notre m\u00e9thodologie d&rsquo;intervention&#8211; Les besoins de l&rsquo;\u00e9l\u00e8ve&#8211; L&rsquo;organisation du temps et des lieux&#8211; L&rsquo;horaire type d&rsquo;une journ\u00e9e au service de garde&#8211; La p\u00e9riode du midi et les repas&#8211; Les outils de planification&#8211; La [&hellip;]<\/p>\n","protected":false},"author":1,"featured_media":0,"parent":16,"menu_order":0,"comment_status":"closed","ping_status":"closed","template":"","meta":{"_acf_changed":false,"_crdt_document":"","inline_featured_image":false,"footnotes":""},"categories":[],"tags":[],"class_list":["post-14","page","type-page","status-publish","hentry"],"acf":[],"yoast_head":"<!-- This site is optimized with the Yoast SEO plugin v27.3 - https:\/\/yoast.com\/product\/yoast-seo-wordpress\/ -->\n<title>Renseignements g\u00e9n\u00e9raux - \u00c9cole Charles-Rodrigue, des\u00a0Pixels<\/title>\n<meta name=\"robots\" content=\"index, follow, max-snippet:-1, max-image-preview:large, max-video-preview:-1\" \/>\n<link rel=\"canonical\" href=\"https:\/\/cssdn.gouv.qc.ca\/charlesrodriguepixels\/service-de-garde\/renseignements-generaux\/\" \/>\n<meta property=\"og:locale\" content=\"fr_CA\" \/>\n<meta property=\"og:type\" content=\"article\" \/>\n<meta property=\"og:title\" content=\"Renseignements g\u00e9n\u00e9raux - \u00c9cole Charles-Rodrigue, des\u00a0Pixels\" \/>\n<meta property=\"og:description\" content=\"Voici un lien vers un Genially contenant des informations sur:&#8211; Encadrement l\u00e9gal&#8211; Qui sommes-nous ?&#8211; Nos valeurs&#8211; Nos orientations&#8211; Notre approche \u00e9ducative&#8211; Notre m\u00e9thodologie d&rsquo;intervention&#8211; Les besoins de l&rsquo;\u00e9l\u00e8ve&#8211; L&rsquo;organisation du temps et des lieux&#8211; L&rsquo;horaire type d&rsquo;une journ\u00e9e au service de garde&#8211; La p\u00e9riode du midi et les repas&#8211; Les outils de planification&#8211; La [&hellip;]\" \/>\n<meta property=\"og:url\" content=\"https:\/\/cssdn.gouv.qc.ca\/charlesrodriguepixels\/service-de-garde\/renseignements-generaux\/\" \/>\n<meta property=\"og:site_name\" content=\"\u00c9cole Charles-Rodrigue, des\u00a0Pixels\" \/>\n<meta property=\"article:publisher\" content=\"https:\/\/www.facebook.com\/ecolecharlesrodrigue\" \/>\n<meta property=\"article:modified_time\" content=\"2026-03-17T18:52:05+00:00\" \/>\n<meta name=\"twitter:card\" content=\"summary_large_image\" \/>\n<meta name=\"twitter:label1\" content=\"Estimation du temps de lecture\" \/>\n\t<meta name=\"twitter:data1\" content=\"3 minutes\" \/>\n<script type=\"application\/ld+json\" class=\"yoast-schema-graph\">{\"@context\":\"https:\\\/\\\/schema.org\",\"@graph\":[{\"@type\":\"WebPage\",\"@id\":\"https:\\\/\\\/cssdn.gouv.qc.ca\\\/charlesrodriguepixels\\\/service-de-garde\\\/renseignements-generaux\\\/\",\"url\":\"https:\\\/\\\/cssdn.gouv.qc.ca\\\/charlesrodriguepixels\\\/service-de-garde\\\/renseignements-generaux\\\/\",\"name\":\"Renseignements g\u00e9n\u00e9raux - \u00c9cole Charles-Rodrigue, des\u00a0Pixels\",\"isPartOf\":{\"@id\":\"https:\\\/\\\/cssdn.gouv.qc.ca\\\/charlesrodriguepixels\\\/#website\"},\"primaryImageOfPage\":{\"@id\":\"https:\\\/\\\/cssdn.gouv.qc.ca\\\/charlesrodriguepixels\\\/service-de-garde\\\/renseignements-generaux\\\/#primaryimage\"},\"image\":{\"@id\":\"https:\\\/\\\/cssdn.gouv.qc.ca\\\/charlesrodriguepixels\\\/service-de-garde\\\/renseignements-generaux\\\/#primaryimage\"},\"thumbnailUrl\":\"https:\\\/\\\/cssdn.gouv.qc.ca\\\/wp-content\\\/uploads\\\/2022\\\/08\\\/Seawire-Hero-06.jpg\",\"datePublished\":\"2022-11-08T21:07:55+00:00\",\"dateModified\":\"2026-03-17T18:52:05+00:00\",\"breadcrumb\":{\"@id\":\"https:\\\/\\\/cssdn.gouv.qc.ca\\\/charlesrodriguepixels\\\/service-de-garde\\\/renseignements-generaux\\\/#breadcrumb\"},\"inLanguage\":\"fr-CA\",\"potentialAction\":[{\"@type\":\"ReadAction\",\"target\":[\"https:\\\/\\\/cssdn.gouv.qc.ca\\\/charlesrodriguepixels\\\/service-de-garde\\\/renseignements-generaux\\\/\"]}]},{\"@type\":\"ImageObject\",\"inLanguage\":\"fr-CA\",\"@id\":\"https:\\\/\\\/cssdn.gouv.qc.ca\\\/charlesrodriguepixels\\\/service-de-garde\\\/renseignements-generaux\\\/#primaryimage\",\"url\":\"https:\\\/\\\/cssdn.gouv.qc.ca\\\/wp-content\\\/uploads\\\/2022\\\/08\\\/Seawire-Hero-06.jpg\",\"contentUrl\":\"https:\\\/\\\/cssdn.gouv.qc.ca\\\/wp-content\\\/uploads\\\/2022\\\/08\\\/Seawire-Hero-06.jpg\"},{\"@type\":\"BreadcrumbList\",\"@id\":\"https:\\\/\\\/cssdn.gouv.qc.ca\\\/charlesrodriguepixels\\\/service-de-garde\\\/renseignements-generaux\\\/#breadcrumb\",\"itemListElement\":[{\"@type\":\"ListItem\",\"position\":1,\"name\":\"Accueil\",\"item\":\"https:\\\/\\\/cssdn.gouv.qc.ca\\\/charlesrodriguepixels\\\/\"},{\"@type\":\"ListItem\",\"position\":2,\"name\":\"Service de garde\",\"item\":\"https:\\\/\\\/cssdn.gouv.qc.ca\\\/charlesrodriguepixels\\\/service-de-garde\\\/\"},{\"@type\":\"ListItem\",\"position\":3,\"name\":\"Renseignements g\u00e9n\u00e9raux\"}]},{\"@type\":\"WebSite\",\"@id\":\"https:\\\/\\\/cssdn.gouv.qc.ca\\\/charlesrodriguepixels\\\/#website\",\"url\":\"https:\\\/\\\/cssdn.gouv.qc.ca\\\/charlesrodriguepixels\\\/\",\"name\":\"\u00c9cole Charles-Rodrigue, des\u00a0Pixels\",\"description\":\"Un site des centres de services scolaires des Navigateurs\",\"publisher\":{\"@id\":\"https:\\\/\\\/cssdn.gouv.qc.ca\\\/charlesrodriguepixels\\\/#organization\"},\"potentialAction\":[{\"@type\":\"SearchAction\",\"target\":{\"@type\":\"EntryPoint\",\"urlTemplate\":\"https:\\\/\\\/cssdn.gouv.qc.ca\\\/charlesrodriguepixels\\\/?s={search_term_string}\"},\"query-input\":{\"@type\":\"PropertyValueSpecification\",\"valueRequired\":true,\"valueName\":\"search_term_string\"}}],\"inLanguage\":\"fr-CA\"},{\"@type\":\"Organization\",\"@id\":\"https:\\\/\\\/cssdn.gouv.qc.ca\\\/charlesrodriguepixels\\\/#organization\",\"name\":\"\u00c9cole Charles-Rodrigue, des\u00a0Pixels\",\"url\":\"https:\\\/\\\/cssdn.gouv.qc.ca\\\/charlesrodriguepixels\\\/\",\"logo\":{\"@type\":\"ImageObject\",\"inLanguage\":\"fr-CA\",\"@id\":\"https:\\\/\\\/cssdn.gouv.qc.ca\\\/charlesrodriguepixels\\\/#\\\/schema\\\/logo\\\/image\\\/\",\"url\":\"https:\\\/\\\/cssdn.gouv.qc.ca\\\/charlesrodriguepixels\\\/wp-content\\\/uploads\\\/sites\\\/37\\\/2023\\\/01\\\/logo_quebec.svg\",\"contentUrl\":\"https:\\\/\\\/cssdn.gouv.qc.ca\\\/charlesrodriguepixels\\\/wp-content\\\/uploads\\\/sites\\\/37\\\/2023\\\/01\\\/logo_quebec.svg\",\"width\":188,\"height\":41,\"caption\":\"\u00c9cole Charles-Rodrigue, des\u00a0Pixels\"},\"image\":{\"@id\":\"https:\\\/\\\/cssdn.gouv.qc.ca\\\/charlesrodriguepixels\\\/#\\\/schema\\\/logo\\\/image\\\/\"},\"sameAs\":[\"https:\\\/\\\/www.facebook.com\\\/ecolecharlesrodrigue\"]}]}<\/script>\n<!-- \/ Yoast SEO plugin. -->","yoast_head_json":{"title":"Renseignements g\u00e9n\u00e9raux - \u00c9cole Charles-Rodrigue, des\u00a0Pixels","robots":{"index":"index","follow":"follow","max-snippet":"max-snippet:-1","max-image-preview":"max-image-preview:large","max-video-preview":"max-video-preview:-1"},"canonical":"https:\/\/cssdn.gouv.qc.ca\/charlesrodriguepixels\/service-de-garde\/renseignements-generaux\/","og_locale":"fr_CA","og_type":"article","og_title":"Renseignements g\u00e9n\u00e9raux - \u00c9cole Charles-Rodrigue, des\u00a0Pixels","og_description":"Voici un lien vers un Genially contenant des informations sur:&#8211; Encadrement l\u00e9gal&#8211; Qui sommes-nous ?&#8211; Nos valeurs&#8211; Nos orientations&#8211; Notre approche \u00e9ducative&#8211; Notre m\u00e9thodologie d&rsquo;intervention&#8211; Les besoins de l&rsquo;\u00e9l\u00e8ve&#8211; L&rsquo;organisation du temps et des lieux&#8211; L&rsquo;horaire type d&rsquo;une journ\u00e9e au service de garde&#8211; La p\u00e9riode du midi et les repas&#8211; Les outils de planification&#8211; La [&hellip;]","og_url":"https:\/\/cssdn.gouv.qc.ca\/charlesrodriguepixels\/service-de-garde\/renseignements-generaux\/","og_site_name":"\u00c9cole Charles-Rodrigue, des\u00a0Pixels","article_publisher":"https:\/\/www.facebook.com\/ecolecharlesrodrigue","article_modified_time":"2026-03-17T18:52:05+00:00","twitter_card":"summary_large_image","twitter_misc":{"Estimation du temps de lecture":"3 minutes"},"schema":{"@context":"https:\/\/schema.org","@graph":[{"@type":"WebPage","@id":"https:\/\/cssdn.gouv.qc.ca\/charlesrodriguepixels\/service-de-garde\/renseignements-generaux\/","url":"https:\/\/cssdn.gouv.qc.ca\/charlesrodriguepixels\/service-de-garde\/renseignements-generaux\/","name":"Renseignements g\u00e9n\u00e9raux - \u00c9cole Charles-Rodrigue, des\u00a0Pixels","isPartOf":{"@id":"https:\/\/cssdn.gouv.qc.ca\/charlesrodriguepixels\/#website"},"primaryImageOfPage":{"@id":"https:\/\/cssdn.gouv.qc.ca\/charlesrodriguepixels\/service-de-garde\/renseignements-generaux\/#primaryimage"},"image":{"@id":"https:\/\/cssdn.gouv.qc.ca\/charlesrodriguepixels\/service-de-garde\/renseignements-generaux\/#primaryimage"},"thumbnailUrl":"https:\/\/cssdn.gouv.qc.ca\/wp-content\/uploads\/2022\/08\/Seawire-Hero-06.jpg","datePublished":"2022-11-08T21:07:55+00:00","dateModified":"2026-03-17T18:52:05+00:00","breadcrumb":{"@id":"https:\/\/cssdn.gouv.qc.ca\/charlesrodriguepixels\/service-de-garde\/renseignements-generaux\/#breadcrumb"},"inLanguage":"fr-CA","potentialAction":[{"@type":"ReadAction","target":["https:\/\/cssdn.gouv.qc.ca\/charlesrodriguepixels\/service-de-garde\/renseignements-generaux\/"]}]},{"@type":"ImageObject","inLanguage":"fr-CA","@id":"https:\/\/cssdn.gouv.qc.ca\/charlesrodriguepixels\/service-de-garde\/renseignements-generaux\/#primaryimage","url":"https:\/\/cssdn.gouv.qc.ca\/wp-content\/uploads\/2022\/08\/Seawire-Hero-06.jpg","contentUrl":"https:\/\/cssdn.gouv.qc.ca\/wp-content\/uploads\/2022\/08\/Seawire-Hero-06.jpg"},{"@type":"BreadcrumbList","@id":"https:\/\/cssdn.gouv.qc.ca\/charlesrodriguepixels\/service-de-garde\/renseignements-generaux\/#breadcrumb","itemListElement":[{"@type":"ListItem","position":1,"name":"Accueil","item":"https:\/\/cssdn.gouv.qc.ca\/charlesrodriguepixels\/"},{"@type":"ListItem","position":2,"name":"Service de garde","item":"https:\/\/cssdn.gouv.qc.ca\/charlesrodriguepixels\/service-de-garde\/"},{"@type":"ListItem","position":3,"name":"Renseignements g\u00e9n\u00e9raux"}]},{"@type":"WebSite","@id":"https:\/\/cssdn.gouv.qc.ca\/charlesrodriguepixels\/#website","url":"https:\/\/cssdn.gouv.qc.ca\/charlesrodriguepixels\/","name":"\u00c9cole Charles-Rodrigue, des\u00a0Pixels","description":"Un site des centres de services scolaires des Navigateurs","publisher":{"@id":"https:\/\/cssdn.gouv.qc.ca\/charlesrodriguepixels\/#organization"},"potentialAction":[{"@type":"SearchAction","target":{"@type":"EntryPoint","urlTemplate":"https:\/\/cssdn.gouv.qc.ca\/charlesrodriguepixels\/?s={search_term_string}"},"query-input":{"@type":"PropertyValueSpecification","valueRequired":true,"valueName":"search_term_string"}}],"inLanguage":"fr-CA"},{"@type":"Organization","@id":"https:\/\/cssdn.gouv.qc.ca\/charlesrodriguepixels\/#organization","name":"\u00c9cole Charles-Rodrigue, des\u00a0Pixels","url":"https:\/\/cssdn.gouv.qc.ca\/charlesrodriguepixels\/","logo":{"@type":"ImageObject","inLanguage":"fr-CA","@id":"https:\/\/cssdn.gouv.qc.ca\/charlesrodriguepixels\/#\/schema\/logo\/image\/","url":"https:\/\/cssdn.gouv.qc.ca\/charlesrodriguepixels\/wp-content\/uploads\/sites\/37\/2023\/01\/logo_quebec.svg","contentUrl":"https:\/\/cssdn.gouv.qc.ca\/charlesrodriguepixels\/wp-content\/uploads\/sites\/37\/2023\/01\/logo_quebec.svg","width":188,"height":41,"caption":"\u00c9cole Charles-Rodrigue, des\u00a0Pixels"},"image":{"@id":"https:\/\/cssdn.gouv.qc.ca\/charlesrodriguepixels\/#\/schema\/logo\/image\/"},"sameAs":["https:\/\/www.facebook.com\/ecolecharlesrodrigue"]}]}},"publishpress_future_action":{"enabled":false,"date":"2026-04-19 08:43:50","action":"change-status","newStatus":"draft","terms":[],"taxonomy":"category","extraData":[]},"publishpress_future_workflow_manual_trigger":{"enabledWorkflows":[]},"_links":{"self":[{"href":"https:\/\/cssdn.gouv.qc.ca\/charlesrodriguepixels\/wp-json\/wp\/v2\/pages\/14","targetHints":{"allow":["GET"]}}],"collection":[{"href":"https:\/\/cssdn.gouv.qc.ca\/charlesrodriguepixels\/wp-json\/wp\/v2\/pages"}],"about":[{"href":"https:\/\/cssdn.gouv.qc.ca\/charlesrodriguepixels\/wp-json\/wp\/v2\/types\/page"}],"author":[{"embeddable":true,"href":"https:\/\/cssdn.gouv.qc.ca\/charlesrodriguepixels\/wp-json\/wp\/v2\/users\/1"}],"replies":[{"embeddable":true,"href":"https:\/\/cssdn.gouv.qc.ca\/charlesrodriguepixels\/wp-json\/wp\/v2\/comments?post=14"}],"version-history":[{"count":0,"href":"https:\/\/cssdn.gouv.qc.ca\/charlesrodriguepixels\/wp-json\/wp\/v2\/pages\/14\/revisions"}],"up":[{"embeddable":true,"href":"https:\/\/cssdn.gouv.qc.ca\/charlesrodriguepixels\/wp-json\/wp\/v2\/pages\/16"}],"wp:attachment":[{"href":"https:\/\/cssdn.gouv.qc.ca\/charlesrodriguepixels\/wp-json\/wp\/v2\/media?parent=14"}],"wp:term":[{"taxonomy":"category","embeddable":true,"href":"https:\/\/cssdn.gouv.qc.ca\/charlesrodriguepixels\/wp-json\/wp\/v2\/categories?post=14"},{"taxonomy":"post_tag","embeddable":true,"href":"https:\/\/cssdn.gouv.qc.ca\/charlesrodriguepixels\/wp-json\/wp\/v2\/tags?post=14"}],"curies":[{"name":"wp","href":"https:\/\/api.w.org\/{rel}","templated":true}]}}