
{"id":169,"date":"2023-01-06T14:47:51","date_gmt":"2023-01-06T19:47:51","guid":{"rendered":"https:\/\/cssdn.gouv.qc.ca\/charlesrodriguepixels\/?page_id=169"},"modified":"2025-11-03T20:27:54","modified_gmt":"2025-11-04T01:27:54","slug":"listes-de-fournitures-scolaires","status":"publish","type":"page","link":"https:\/\/cssdn.gouv.qc.ca\/charlesrodriguepixels\/informations-aux-parents\/listes-de-fournitures-scolaires\/","title":{"rendered":"Listes de fournitures scolaires"},"content":{"rendered":"\n<div class=\"wp-block-cover alignfull is-light is-style-title-banner\"><img decoding=\"async\" class=\"wp-block-cover__image-background wp-image-111 lazyload\" alt=\"\" data-src=\"https:\/\/cssdn.gouv.qc.ca\/wp-content\/uploads\/2022\/08\/Seawire-Hero-06.jpg\" data-object-fit=\"cover\" src=\"data:image\/svg+xml;base64,PHN2ZyB3aWR0aD0iMSIgaGVpZ2h0PSIxIiB4bWxucz0iaHR0cDovL3d3dy53My5vcmcvMjAwMC9zdmciPjwvc3ZnPg==\" \/><span aria-hidden=\"true\" class=\"wp-block-cover__background has-background-dim\"><\/span><div class=\"wp-block-cover__inner-container\"><h3 class=\"wp-block-post-title\">Listes de fournitures scolaires<\/h3><\/div><\/div>\n\n\n\n<div class=\"wp-block-group alignfull has-padding-y-large has-secondary-background-color has-background\"><div class=\"yoast-breadcrumbs alignwide \"><span class=\"breadcrumbs\"><a href=\"https:\/\/cssdn.gouv.qc.ca\/charlesrodriguepixels\/\" class=\"breadcrumbs__element\">Accueil<\/a> <span class=\"breadcrumbs__separator\">\n        <svg class=\"icon icon-breadcrumb__separator\"><use xlink:href=\"#icon-breadcrumb__separator\"><\/use><\/svg>\n    <\/span> <a href=\"https:\/\/cssdn.gouv.qc.ca\/charlesrodriguepixels\/informations-aux-parents\/\" class=\"breadcrumbs__element\">Informations aux parents<\/a> <span class=\"breadcrumbs__separator\">\n        <svg class=\"icon icon-breadcrumb__separator\"><use xlink:href=\"#icon-breadcrumb__separator\"><\/use><\/svg>\n    <\/span> <span class=\"breadcrumbs__element breadcrumbs__element-current\">Listes de fournitures scolaires<\/span><\/span><\/div><\/div>\n\n\n\n\n<p class=\"act-lead wp-block-paragraph\"><a href=\"https:\/\/cssdn.gouv.qc.ca\/charlesrodriguepixels\/wp-content\/uploads\/sites\/37\/2025\/11\/Fournitures_scolaires_presco_4-ans_2025-2026.pdf\">Liste de fournitures scolaires pour les \u00e9l\u00e8ves entrant au pr\u00e9scolaire 4 ans<\/a><br><br><a href=\"https:\/\/cssdn.gouv.qc.ca\/charlesrodriguepixels\/wp-content\/uploads\/sites\/37\/2025\/06\/Fournitures_scolaires_prescolaire-5-ans-2024-2025_Version-corrigee.pdf\">Liste de fournitures scolaires pour les \u00e9l\u00e8ves entrant au pr\u00e9scolaire 5 ans<\/a><br><br><a href=\"https:\/\/cssdn.gouv.qc.ca\/charlesrodriguepixels\/wp-content\/uploads\/sites\/37\/2025\/06\/Fournitures_scolaires_1re_annee_2025-2026-4.pdf\">Liste de fournitures scolaires pour les \u00e9l\u00e8ves entrant en 1<sup>re<\/sup>\u00a0ann\u00e9e<\/a><br><br><a href=\"https:\/\/cssdn.gouv.qc.ca\/charlesrodriguepixels\/wp-content\/uploads\/sites\/37\/2025\/06\/Fournitures_scolaires_2e_annee_2025-2026-1-1.pdf\">Liste de fournitures scolaires pour les \u00e9l\u00e8ves entrant en 2<sup>e<\/sup>\u00a0ann\u00e9e<\/a>\u00a0+\u00a0<a href=\"https:\/\/cssdn.gouv.qc.ca\/charlesrodriguepixels\/wp-content\/uploads\/sites\/37\/2025\/06\/Lettre-Materiel-2e-annee-1.pdf\">Pr\u00e9cisions concernant le mat\u00e9riel de 2<sup>e<\/sup> ann\u00e9e<\/a><br><br><a href=\"https:\/\/cssdn.gouv.qc.ca\/charlesrodriguepixels\/wp-content\/uploads\/sites\/37\/2025\/06\/Fournitures_scolaires_3e_annee_2025-2026.pdf\">Liste de fournitures scolaires pour les \u00e9l\u00e8ves entrant en 3<sup>e<\/sup>\u00a0ann\u00e9e<\/a><br><br><a href=\"https:\/\/cssdn.gouv.qc.ca\/charlesrodriguepixels\/wp-content\/uploads\/sites\/37\/2025\/06\/Fournitures_scolaires_4eannee-2024-2025.pdf\">Liste de fournitures scolaires pour les \u00e9l\u00e8ves entrant en 4<sup>e<\/sup>\u00a0ann\u00e9e<\/a><br><br><a href=\"https:\/\/cssdn.gouv.qc.ca\/charlesrodriguepixels\/wp-content\/uploads\/sites\/37\/2025\/06\/Fournitures_scolaires_5e_annee_2025-2026-modifie-14-avril-1.pdf\">Liste de fournitures scolaires pour les \u00e9l\u00e8ves entrant en 5<sup>e<\/sup>\u00a0ann\u00e9e<\/a><br><br><a href=\"https:\/\/cssdn.gouv.qc.ca\/charlesrodriguepixels\/wp-content\/uploads\/sites\/37\/2025\/06\/Fournitures_scolaires_6e_annee_2025-2026.pdf\">Liste de fournitures scolaires pour les \u00e9l\u00e8ves entrant en 6<sup>e<\/sup>\u00a0ann\u00e9e<\/a><br><br><a href=\"https:\/\/cssdn.gouv.qc.ca\/charlesrodriguepixels\/wp-content\/uploads\/sites\/37\/2025\/06\/Fournitures_scolaires_CISA_2025-2026-1.pdf\">Liste de fournitures scolaires pour les \u00e9l\u00e8ves entrant en CISA<\/a><br><br><a href=\"https:\/\/cssdn.gouv.qc.ca\/charlesrodriguepixels\/wp-content\/uploads\/sites\/37\/2025\/11\/CUBE_liste-fournitures-scolaires_25-26-1.pdf\">Liste de fournitures scolaires pour les \u00e9l\u00e8ves entrant en classe CUBE<\/a><br><br>Exemples en images de certaines fournitures scolaires pour vous aider \u00e0 vous y retrouver:\u00a0<a href=\"https:\/\/cssdn.gouv.qc.ca\/charlesrodriguepixels\/wp-content\/uploads\/sites\/37\/2023\/01\/listes_scolaires_en_images_1_1.pdf\" target=\"_blank\" rel=\"noreferrer noopener\">Fournitures scolaires en images<\/a><br><br><a href=\"https:\/\/cssdn.gouv.qc.ca\/charlesrodriguepixels\/wp-content\/uploads\/sites\/37\/2023\/01\/doc_des_chaussures_adequates_1_0.pdf\" target=\"_blank\" rel=\"noreferrer noopener\">M\u00e9mo d&rsquo;\u00e9ducation physique: pour choisir des chaussures ad\u00e9quates<\/a><br><\/p>\n\n","protected":false},"excerpt":{"rendered":"","protected":false},"author":23,"featured_media":0,"parent":13,"menu_order":0,"comment_status":"closed","ping_status":"closed","template":"","meta":{"_acf_changed":false,"_crdt_document":"","inline_featured_image":false,"footnotes":""},"categories":[],"tags":[],"class_list":["post-169","page","type-page","status-publish","hentry"],"acf":[],"yoast_head":"<!-- This site is optimized with the Yoast SEO plugin v27.4 - https:\/\/yoast.com\/product\/yoast-seo-wordpress\/ -->\n<title>Listes de fournitures scolaires - \u00c9cole Charles-Rodrigue, des\u00a0Pixels<\/title>\n<meta name=\"robots\" content=\"index, follow, max-snippet:-1, max-image-preview:large, max-video-preview:-1\" \/>\n<link rel=\"canonical\" href=\"https:\/\/cssdn.gouv.qc.ca\/charlesrodriguepixels\/informations-aux-parents\/listes-de-fournitures-scolaires\/\" \/>\n<meta property=\"og:locale\" content=\"fr_CA\" \/>\n<meta property=\"og:type\" content=\"article\" \/>\n<meta property=\"og:title\" content=\"Listes de fournitures scolaires - \u00c9cole Charles-Rodrigue, des\u00a0Pixels\" \/>\n<meta property=\"og:url\" content=\"https:\/\/cssdn.gouv.qc.ca\/charlesrodriguepixels\/informations-aux-parents\/listes-de-fournitures-scolaires\/\" \/>\n<meta property=\"og:site_name\" content=\"\u00c9cole Charles-Rodrigue, des\u00a0Pixels\" \/>\n<meta property=\"article:publisher\" content=\"https:\/\/www.facebook.com\/ecolecharlesrodrigue\" \/>\n<meta property=\"article:modified_time\" content=\"2025-11-04T01:27:54+00:00\" \/>\n<meta name=\"twitter:card\" content=\"summary_large_image\" \/>\n<meta name=\"twitter:label1\" content=\"Estimation du temps de lecture\" \/>\n\t<meta name=\"twitter:data1\" content=\"1 minute\" \/>\n<script type=\"application\/ld+json\" class=\"yoast-schema-graph\">{\"@context\":\"https:\\\/\\\/schema.org\",\"@graph\":[{\"@type\":\"WebPage\",\"@id\":\"https:\\\/\\\/cssdn.gouv.qc.ca\\\/charlesrodriguepixels\\\/informations-aux-parents\\\/listes-de-fournitures-scolaires\\\/\",\"url\":\"https:\\\/\\\/cssdn.gouv.qc.ca\\\/charlesrodriguepixels\\\/informations-aux-parents\\\/listes-de-fournitures-scolaires\\\/\",\"name\":\"Listes de fournitures scolaires - \u00c9cole Charles-Rodrigue, des\u00a0Pixels\",\"isPartOf\":{\"@id\":\"https:\\\/\\\/cssdn.gouv.qc.ca\\\/charlesrodriguepixels\\\/#website\"},\"primaryImageOfPage\":{\"@id\":\"https:\\\/\\\/cssdn.gouv.qc.ca\\\/charlesrodriguepixels\\\/informations-aux-parents\\\/listes-de-fournitures-scolaires\\\/#primaryimage\"},\"image\":{\"@id\":\"https:\\\/\\\/cssdn.gouv.qc.ca\\\/charlesrodriguepixels\\\/informations-aux-parents\\\/listes-de-fournitures-scolaires\\\/#primaryimage\"},\"thumbnailUrl\":\"https:\\\/\\\/cssdn.gouv.qc.ca\\\/wp-content\\\/uploads\\\/2022\\\/08\\\/Seawire-Hero-06.jpg\",\"datePublished\":\"2023-01-06T19:47:51+00:00\",\"dateModified\":\"2025-11-04T01:27:54+00:00\",\"breadcrumb\":{\"@id\":\"https:\\\/\\\/cssdn.gouv.qc.ca\\\/charlesrodriguepixels\\\/informations-aux-parents\\\/listes-de-fournitures-scolaires\\\/#breadcrumb\"},\"inLanguage\":\"fr-CA\",\"potentialAction\":[{\"@type\":\"ReadAction\",\"target\":[\"https:\\\/\\\/cssdn.gouv.qc.ca\\\/charlesrodriguepixels\\\/informations-aux-parents\\\/listes-de-fournitures-scolaires\\\/\"]}]},{\"@type\":\"ImageObject\",\"inLanguage\":\"fr-CA\",\"@id\":\"https:\\\/\\\/cssdn.gouv.qc.ca\\\/charlesrodriguepixels\\\/informations-aux-parents\\\/listes-de-fournitures-scolaires\\\/#primaryimage\",\"url\":\"https:\\\/\\\/cssdn.gouv.qc.ca\\\/wp-content\\\/uploads\\\/2022\\\/08\\\/Seawire-Hero-06.jpg\",\"contentUrl\":\"https:\\\/\\\/cssdn.gouv.qc.ca\\\/wp-content\\\/uploads\\\/2022\\\/08\\\/Seawire-Hero-06.jpg\"},{\"@type\":\"BreadcrumbList\",\"@id\":\"https:\\\/\\\/cssdn.gouv.qc.ca\\\/charlesrodriguepixels\\\/informations-aux-parents\\\/listes-de-fournitures-scolaires\\\/#breadcrumb\",\"itemListElement\":[{\"@type\":\"ListItem\",\"position\":1,\"name\":\"Accueil\",\"item\":\"https:\\\/\\\/cssdn.gouv.qc.ca\\\/charlesrodriguepixels\\\/\"},{\"@type\":\"ListItem\",\"position\":2,\"name\":\"Informations aux parents\",\"item\":\"https:\\\/\\\/cssdn.gouv.qc.ca\\\/charlesrodriguepixels\\\/informations-aux-parents\\\/\"},{\"@type\":\"ListItem\",\"position\":3,\"name\":\"Listes de fournitures scolaires\"}]},{\"@type\":\"WebSite\",\"@id\":\"https:\\\/\\\/cssdn.gouv.qc.ca\\\/charlesrodriguepixels\\\/#website\",\"url\":\"https:\\\/\\\/cssdn.gouv.qc.ca\\\/charlesrodriguepixels\\\/\",\"name\":\"\u00c9cole Charles-Rodrigue, des\u00a0Pixels\",\"description\":\"Un site des centres de services scolaires des Navigateurs\",\"publisher\":{\"@id\":\"https:\\\/\\\/cssdn.gouv.qc.ca\\\/charlesrodriguepixels\\\/#organization\"},\"potentialAction\":[{\"@type\":\"SearchAction\",\"target\":{\"@type\":\"EntryPoint\",\"urlTemplate\":\"https:\\\/\\\/cssdn.gouv.qc.ca\\\/charlesrodriguepixels\\\/?s={search_term_string}\"},\"query-input\":{\"@type\":\"PropertyValueSpecification\",\"valueRequired\":true,\"valueName\":\"search_term_string\"}}],\"inLanguage\":\"fr-CA\"},{\"@type\":\"Organization\",\"@id\":\"https:\\\/\\\/cssdn.gouv.qc.ca\\\/charlesrodriguepixels\\\/#organization\",\"name\":\"\u00c9cole Charles-Rodrigue, des\u00a0Pixels\",\"url\":\"https:\\\/\\\/cssdn.gouv.qc.ca\\\/charlesrodriguepixels\\\/\",\"logo\":{\"@type\":\"ImageObject\",\"inLanguage\":\"fr-CA\",\"@id\":\"https:\\\/\\\/cssdn.gouv.qc.ca\\\/charlesrodriguepixels\\\/#\\\/schema\\\/logo\\\/image\\\/\",\"url\":\"https:\\\/\\\/cssdn.gouv.qc.ca\\\/charlesrodriguepixels\\\/wp-content\\\/uploads\\\/sites\\\/37\\\/2023\\\/01\\\/logo_quebec.svg\",\"contentUrl\":\"https:\\\/\\\/cssdn.gouv.qc.ca\\\/charlesrodriguepixels\\\/wp-content\\\/uploads\\\/sites\\\/37\\\/2023\\\/01\\\/logo_quebec.svg\",\"width\":188,\"height\":41,\"caption\":\"\u00c9cole Charles-Rodrigue, des\u00a0Pixels\"},\"image\":{\"@id\":\"https:\\\/\\\/cssdn.gouv.qc.ca\\\/charlesrodriguepixels\\\/#\\\/schema\\\/logo\\\/image\\\/\"},\"sameAs\":[\"https:\\\/\\\/www.facebook.com\\\/ecolecharlesrodrigue\"]}]}<\/script>\n<!-- \/ Yoast SEO plugin. -->","yoast_head_json":{"title":"Listes de fournitures scolaires - \u00c9cole Charles-Rodrigue, des\u00a0Pixels","robots":{"index":"index","follow":"follow","max-snippet":"max-snippet:-1","max-image-preview":"max-image-preview:large","max-video-preview":"max-video-preview:-1"},"canonical":"https:\/\/cssdn.gouv.qc.ca\/charlesrodriguepixels\/informations-aux-parents\/listes-de-fournitures-scolaires\/","og_locale":"fr_CA","og_type":"article","og_title":"Listes de fournitures scolaires - \u00c9cole Charles-Rodrigue, des\u00a0Pixels","og_url":"https:\/\/cssdn.gouv.qc.ca\/charlesrodriguepixels\/informations-aux-parents\/listes-de-fournitures-scolaires\/","og_site_name":"\u00c9cole Charles-Rodrigue, des\u00a0Pixels","article_publisher":"https:\/\/www.facebook.com\/ecolecharlesrodrigue","article_modified_time":"2025-11-04T01:27:54+00:00","twitter_card":"summary_large_image","twitter_misc":{"Estimation du temps de lecture":"1 minute"},"schema":{"@context":"https:\/\/schema.org","@graph":[{"@type":"WebPage","@id":"https:\/\/cssdn.gouv.qc.ca\/charlesrodriguepixels\/informations-aux-parents\/listes-de-fournitures-scolaires\/","url":"https:\/\/cssdn.gouv.qc.ca\/charlesrodriguepixels\/informations-aux-parents\/listes-de-fournitures-scolaires\/","name":"Listes de fournitures scolaires - \u00c9cole Charles-Rodrigue, des\u00a0Pixels","isPartOf":{"@id":"https:\/\/cssdn.gouv.qc.ca\/charlesrodriguepixels\/#website"},"primaryImageOfPage":{"@id":"https:\/\/cssdn.gouv.qc.ca\/charlesrodriguepixels\/informations-aux-parents\/listes-de-fournitures-scolaires\/#primaryimage"},"image":{"@id":"https:\/\/cssdn.gouv.qc.ca\/charlesrodriguepixels\/informations-aux-parents\/listes-de-fournitures-scolaires\/#primaryimage"},"thumbnailUrl":"https:\/\/cssdn.gouv.qc.ca\/wp-content\/uploads\/2022\/08\/Seawire-Hero-06.jpg","datePublished":"2023-01-06T19:47:51+00:00","dateModified":"2025-11-04T01:27:54+00:00","breadcrumb":{"@id":"https:\/\/cssdn.gouv.qc.ca\/charlesrodriguepixels\/informations-aux-parents\/listes-de-fournitures-scolaires\/#breadcrumb"},"inLanguage":"fr-CA","potentialAction":[{"@type":"ReadAction","target":["https:\/\/cssdn.gouv.qc.ca\/charlesrodriguepixels\/informations-aux-parents\/listes-de-fournitures-scolaires\/"]}]},{"@type":"ImageObject","inLanguage":"fr-CA","@id":"https:\/\/cssdn.gouv.qc.ca\/charlesrodriguepixels\/informations-aux-parents\/listes-de-fournitures-scolaires\/#primaryimage","url":"https:\/\/cssdn.gouv.qc.ca\/wp-content\/uploads\/2022\/08\/Seawire-Hero-06.jpg","contentUrl":"https:\/\/cssdn.gouv.qc.ca\/wp-content\/uploads\/2022\/08\/Seawire-Hero-06.jpg"},{"@type":"BreadcrumbList","@id":"https:\/\/cssdn.gouv.qc.ca\/charlesrodriguepixels\/informations-aux-parents\/listes-de-fournitures-scolaires\/#breadcrumb","itemListElement":[{"@type":"ListItem","position":1,"name":"Accueil","item":"https:\/\/cssdn.gouv.qc.ca\/charlesrodriguepixels\/"},{"@type":"ListItem","position":2,"name":"Informations aux parents","item":"https:\/\/cssdn.gouv.qc.ca\/charlesrodriguepixels\/informations-aux-parents\/"},{"@type":"ListItem","position":3,"name":"Listes de fournitures scolaires"}]},{"@type":"WebSite","@id":"https:\/\/cssdn.gouv.qc.ca\/charlesrodriguepixels\/#website","url":"https:\/\/cssdn.gouv.qc.ca\/charlesrodriguepixels\/","name":"\u00c9cole Charles-Rodrigue, des\u00a0Pixels","description":"Un site des centres de services scolaires des Navigateurs","publisher":{"@id":"https:\/\/cssdn.gouv.qc.ca\/charlesrodriguepixels\/#organization"},"potentialAction":[{"@type":"SearchAction","target":{"@type":"EntryPoint","urlTemplate":"https:\/\/cssdn.gouv.qc.ca\/charlesrodriguepixels\/?s={search_term_string}"},"query-input":{"@type":"PropertyValueSpecification","valueRequired":true,"valueName":"search_term_string"}}],"inLanguage":"fr-CA"},{"@type":"Organization","@id":"https:\/\/cssdn.gouv.qc.ca\/charlesrodriguepixels\/#organization","name":"\u00c9cole Charles-Rodrigue, des\u00a0Pixels","url":"https:\/\/cssdn.gouv.qc.ca\/charlesrodriguepixels\/","logo":{"@type":"ImageObject","inLanguage":"fr-CA","@id":"https:\/\/cssdn.gouv.qc.ca\/charlesrodriguepixels\/#\/schema\/logo\/image\/","url":"https:\/\/cssdn.gouv.qc.ca\/charlesrodriguepixels\/wp-content\/uploads\/sites\/37\/2023\/01\/logo_quebec.svg","contentUrl":"https:\/\/cssdn.gouv.qc.ca\/charlesrodriguepixels\/wp-content\/uploads\/sites\/37\/2023\/01\/logo_quebec.svg","width":188,"height":41,"caption":"\u00c9cole Charles-Rodrigue, des\u00a0Pixels"},"image":{"@id":"https:\/\/cssdn.gouv.qc.ca\/charlesrodriguepixels\/#\/schema\/logo\/image\/"},"sameAs":["https:\/\/www.facebook.com\/ecolecharlesrodrigue"]}]}},"publishpress_future_action":{"enabled":false,"date":"2026-04-27 10:09:17","action":"change-status","newStatus":"draft","terms":[],"taxonomy":"category","extraData":[]},"publishpress_future_workflow_manual_trigger":{"enabledWorkflows":[]},"_links":{"self":[{"href":"https:\/\/cssdn.gouv.qc.ca\/charlesrodriguepixels\/wp-json\/wp\/v2\/pages\/169","targetHints":{"allow":["GET"]}}],"collection":[{"href":"https:\/\/cssdn.gouv.qc.ca\/charlesrodriguepixels\/wp-json\/wp\/v2\/pages"}],"about":[{"href":"https:\/\/cssdn.gouv.qc.ca\/charlesrodriguepixels\/wp-json\/wp\/v2\/types\/page"}],"author":[{"embeddable":true,"href":"https:\/\/cssdn.gouv.qc.ca\/charlesrodriguepixels\/wp-json\/wp\/v2\/users\/23"}],"replies":[{"embeddable":true,"href":"https:\/\/cssdn.gouv.qc.ca\/charlesrodriguepixels\/wp-json\/wp\/v2\/comments?post=169"}],"version-history":[{"count":0,"href":"https:\/\/cssdn.gouv.qc.ca\/charlesrodriguepixels\/wp-json\/wp\/v2\/pages\/169\/revisions"}],"up":[{"embeddable":true,"href":"https:\/\/cssdn.gouv.qc.ca\/charlesrodriguepixels\/wp-json\/wp\/v2\/pages\/13"}],"wp:attachment":[{"href":"https:\/\/cssdn.gouv.qc.ca\/charlesrodriguepixels\/wp-json\/wp\/v2\/media?parent=169"}],"wp:term":[{"taxonomy":"category","embeddable":true,"href":"https:\/\/cssdn.gouv.qc.ca\/charlesrodriguepixels\/wp-json\/wp\/v2\/categories?post=169"},{"taxonomy":"post_tag","embeddable":true,"href":"https:\/\/cssdn.gouv.qc.ca\/charlesrodriguepixels\/wp-json\/wp\/v2\/tags?post=169"}],"curies":[{"name":"wp","href":"https:\/\/api.w.org\/{rel}","templated":true}]}}