
{"id":18,"date":"2022-11-08T16:07:56","date_gmt":"2022-11-08T21:07:56","guid":{"rendered":"https:\/\/cssdn.gouv.qc.ca\/charlesrodriguepixels\/nous-joindre\/"},"modified":"2025-11-03T20:38:39","modified_gmt":"2025-11-04T01:38:39","slug":"nous-joindre","status":"publish","type":"page","link":"https:\/\/cssdn.gouv.qc.ca\/charlesrodriguepixels\/nous-joindre\/","title":{"rendered":"Nous joindre"},"content":{"rendered":"\n<div class=\"wp-block-cover alignfull is-light is-style-title-banner\"><img decoding=\"async\" class=\"wp-block-cover__image-background wp-image-111 lazyload\" alt=\"\" data-src=\"https:\/\/cssdn.gouv.qc.ca\/wp-content\/uploads\/2022\/08\/Seawire-Hero-06.jpg\" data-object-fit=\"cover\" src=\"data:image\/svg+xml;base64,PHN2ZyB3aWR0aD0iMSIgaGVpZ2h0PSIxIiB4bWxucz0iaHR0cDovL3d3dy53My5vcmcvMjAwMC9zdmciPjwvc3ZnPg==\" \/><span aria-hidden=\"true\" class=\"wp-block-cover__background has-primary-background-color has-background-dim\"><\/span><div class=\"wp-block-cover__inner-container\"><h3 class=\"wp-block-post-title\">Nous joindre<\/h3><\/div><\/div>\n\n\n\n<div class=\"wp-block-group alignfull has-padding-y-large has-secondary-background-color has-background\"><div class=\"yoast-breadcrumbs alignwide \"><span class=\"breadcrumbs\"><a href=\"https:\/\/cssdn.gouv.qc.ca\/charlesrodriguepixels\/\" class=\"breadcrumbs__element\">Accueil<\/a> <span class=\"breadcrumbs__separator\">\n        <svg class=\"icon icon-breadcrumb__separator\"><use xlink:href=\"#icon-breadcrumb__separator\"><\/use><\/svg>\n    <\/span> <span class=\"breadcrumbs__element breadcrumbs__element-current\">Nous joindre<\/span><\/span><\/div><\/div>\n\n\n\n<p class=\"wp-block-paragraph\">\u00c9COLE CHARLES-RODRIGUE&nbsp;<br>5485, rue Saint-Georges<br>L\u00e9vis (Qu\u00e9bec) G6V 4M7<\/p>\n\n\n\n<p class=\"wp-block-paragraph\">T\u00e9l\u00e9phone :&nbsp;418 838-8571&nbsp;(poste interne : 62000)<br>T\u00e9l\u00e9c. : 418 838-8304&nbsp;<br><a href=\"mailto:charles-rodrigue@csnavigateurs.qc.ca\">charles-rodrigue@csnavigateurs.qc.ca&nbsp;<\/a><\/p>\n\n\n\n<p class=\"wp-block-paragraph\">\u00c9COLE DES PIXELS&nbsp;<br>23, rue Pie-X<br>L\u00e9vis (Qu\u00e9bec) G6V 4W5<\/p>\n\n\n\n<p class=\"wp-block-paragraph\">T\u00e9l\u00e9phone :&nbsp;418 838-8435&nbsp;(poste interne : 62000)<br>T\u00e9l\u00e9c. : 418 838-8304&nbsp;<br><a href=\"mailto:charles-rodrigue@csnavigateurs.qc.ca\">pixels@csnavigateurs.qc.ca&nbsp;<\/a><\/p>\n\n\n\n<p class=\"wp-block-paragraph\">Site Internet : charlesrodrigue.csdn.qc.ca&nbsp;<br>Service de garde (poste) 62040&nbsp;<br><a href=\"mailto:service-garde.charles-rodrigue@csnavigateurs.qc.ca\">service-garde.charles-rodrigue@csnavigateurs.qc.ca&nbsp;<\/a><\/p>\n\n\n\n<hr class=\"wp-block-separator has-alpha-channel-opacity\" \/>\n\n\n\n<h4 class=\"wp-block-heading has-heading-3-font-size\">Pour rejoindre un membre du personnel<\/h4>\n\n\n\n<p class=\"wp-block-paragraph\"><strong>Direction :<\/strong>&nbsp;<\/p>\n\n\n\n<p class=\"wp-block-paragraph\">Marianne Rioux:&nbsp;<a href=\"mailto:riouxm6@cssdn.gouv.qc.ca\">riouxm6@cssdn.gouv.qc.ca<\/a><\/p>\n\n\n\n<p class=\"wp-block-paragraph\">L\u00e9andre Racine-\u00c9thier:&nbsp;<a href=\"mailto:racineethierl@cssdn.gouv.qc.ca\">racineethierl@cssdn.gouv.qc.ca<\/a><\/p>\n\n\n\n<p class=\"wp-block-paragraph\">Marie-France Lessard: <a href=\"mailto:lessardm9@cssdn.gouv.qc.ca\">lessardm9@cssdn.gouv.qc.ca<\/a><\/p>\n\n\n\n<div style=\"height:25px\" aria-hidden=\"true\" class=\"wp-block-spacer\"><\/div>\n\n\n\n<p class=\"wp-block-paragraph\"><strong>Secr\u00e9tariat :<\/strong>&nbsp;<\/p>\n\n\n\n<p class=\"wp-block-paragraph\"><a href=\"mailto:charles-rodrigue@cssdn.gouv.qc.ca\">charles-rodrigue@cssdn.gouv.qc.ca<\/a><br><\/p>\n\n\n\n<p class=\"wp-block-paragraph\"><strong>Service de garde :<\/strong>&nbsp;<\/p>\n\n\n\n<p class=\"wp-block-paragraph\"><a href=\"mailto:service-garde.charles-rodrigue@cssdn.gouv.qc.ca\">service-garde.charles-rodrigue@cssdn.gouv.qc.ca<\/a><\/p>\n\n\n\n<p class=\"wp-block-paragraph\"><\/p>\n","protected":false},"excerpt":{"rendered":"<p>\u00c9COLE CHARLES-RODRIGUE&nbsp;5485, rue Saint-GeorgesL\u00e9vis (Qu\u00e9bec) G6V 4M7 T\u00e9l\u00e9phone :&nbsp;418 838-8571&nbsp;(poste interne : 62000)T\u00e9l\u00e9c. : 418 838-8304&nbsp;charles-rodrigue@csnavigateurs.qc.ca&nbsp; \u00c9COLE DES PIXELS&nbsp;23, rue Pie-XL\u00e9vis (Qu\u00e9bec) G6V 4W5 T\u00e9l\u00e9phone :&nbsp;418 838-8435&nbsp;(poste interne : 62000)T\u00e9l\u00e9c. : 418 838-8304&nbsp;pixels@csnavigateurs.qc.ca&nbsp; Site Internet : charlesrodrigue.csdn.qc.ca&nbsp;Service de garde (poste) 62040&nbsp;service-garde.charles-rodrigue@csnavigateurs.qc.ca&nbsp; Pour rejoindre un membre du personnel Direction :&nbsp; Marianne Rioux:&nbsp;riouxm6@cssdn.gouv.qc.ca L\u00e9andre Racine-\u00c9thier:&nbsp;racineethierl@cssdn.gouv.qc.ca Marie-France Lessard: [&hellip;]<\/p>\n","protected":false},"author":1,"featured_media":0,"parent":0,"menu_order":60,"comment_status":"closed","ping_status":"closed","template":"","meta":{"_acf_changed":false,"_crdt_document":"","inline_featured_image":false,"footnotes":""},"categories":[],"tags":[],"class_list":["post-18","page","type-page","status-publish","hentry"],"acf":[],"yoast_head":"<!-- This site is optimized with the Yoast SEO plugin v27.4 - https:\/\/yoast.com\/product\/yoast-seo-wordpress\/ -->\n<title>Nous joindre - \u00c9cole Charles-Rodrigue, des\u00a0Pixels<\/title>\n<meta name=\"robots\" content=\"index, follow, max-snippet:-1, max-image-preview:large, max-video-preview:-1\" \/>\n<link rel=\"canonical\" href=\"https:\/\/cssdn.gouv.qc.ca\/charlesrodriguepixels\/nous-joindre\/\" \/>\n<meta property=\"og:locale\" content=\"fr_CA\" \/>\n<meta property=\"og:type\" content=\"article\" \/>\n<meta property=\"og:title\" content=\"Nous joindre - \u00c9cole Charles-Rodrigue, des\u00a0Pixels\" \/>\n<meta property=\"og:description\" content=\"\u00c9COLE CHARLES-RODRIGUE&nbsp;5485, rue Saint-GeorgesL\u00e9vis (Qu\u00e9bec) G6V 4M7 T\u00e9l\u00e9phone :&nbsp;418 838-8571&nbsp;(poste interne : 62000)T\u00e9l\u00e9c. : 418 838-8304&nbsp;charles-rodrigue@csnavigateurs.qc.ca&nbsp; \u00c9COLE DES PIXELS&nbsp;23, rue Pie-XL\u00e9vis (Qu\u00e9bec) G6V 4W5 T\u00e9l\u00e9phone :&nbsp;418 838-8435&nbsp;(poste interne : 62000)T\u00e9l\u00e9c. : 418 838-8304&nbsp;pixels@csnavigateurs.qc.ca&nbsp; Site Internet : charlesrodrigue.csdn.qc.ca&nbsp;Service de garde (poste) 62040&nbsp;service-garde.charles-rodrigue@csnavigateurs.qc.ca&nbsp; Pour rejoindre un membre du personnel Direction :&nbsp; Marianne Rioux:&nbsp;riouxm6@cssdn.gouv.qc.ca L\u00e9andre Racine-\u00c9thier:&nbsp;racineethierl@cssdn.gouv.qc.ca Marie-France Lessard: [&hellip;]\" \/>\n<meta property=\"og:url\" content=\"https:\/\/cssdn.gouv.qc.ca\/charlesrodriguepixels\/nous-joindre\/\" \/>\n<meta property=\"og:site_name\" content=\"\u00c9cole Charles-Rodrigue, des\u00a0Pixels\" \/>\n<meta property=\"article:publisher\" content=\"https:\/\/www.facebook.com\/ecolecharlesrodrigue\" \/>\n<meta property=\"article:modified_time\" content=\"2025-11-04T01:38:39+00:00\" \/>\n<meta name=\"twitter:card\" content=\"summary_large_image\" \/>\n<meta name=\"twitter:label1\" content=\"Estimation du temps de lecture\" \/>\n\t<meta name=\"twitter:data1\" content=\"1 minute\" \/>\n<script type=\"application\/ld+json\" class=\"yoast-schema-graph\">{\"@context\":\"https:\\\/\\\/schema.org\",\"@graph\":[{\"@type\":\"WebPage\",\"@id\":\"https:\\\/\\\/cssdn.gouv.qc.ca\\\/charlesrodriguepixels\\\/nous-joindre\\\/\",\"url\":\"https:\\\/\\\/cssdn.gouv.qc.ca\\\/charlesrodriguepixels\\\/nous-joindre\\\/\",\"name\":\"Nous joindre - \u00c9cole Charles-Rodrigue, des\u00a0Pixels\",\"isPartOf\":{\"@id\":\"https:\\\/\\\/cssdn.gouv.qc.ca\\\/charlesrodriguepixels\\\/#website\"},\"primaryImageOfPage\":{\"@id\":\"https:\\\/\\\/cssdn.gouv.qc.ca\\\/charlesrodriguepixels\\\/nous-joindre\\\/#primaryimage\"},\"image\":{\"@id\":\"https:\\\/\\\/cssdn.gouv.qc.ca\\\/charlesrodriguepixels\\\/nous-joindre\\\/#primaryimage\"},\"thumbnailUrl\":\"https:\\\/\\\/cssdn.gouv.qc.ca\\\/wp-content\\\/uploads\\\/2022\\\/08\\\/Seawire-Hero-06.jpg\",\"datePublished\":\"2022-11-08T21:07:56+00:00\",\"dateModified\":\"2025-11-04T01:38:39+00:00\",\"breadcrumb\":{\"@id\":\"https:\\\/\\\/cssdn.gouv.qc.ca\\\/charlesrodriguepixels\\\/nous-joindre\\\/#breadcrumb\"},\"inLanguage\":\"fr-CA\",\"potentialAction\":[{\"@type\":\"ReadAction\",\"target\":[\"https:\\\/\\\/cssdn.gouv.qc.ca\\\/charlesrodriguepixels\\\/nous-joindre\\\/\"]}]},{\"@type\":\"ImageObject\",\"inLanguage\":\"fr-CA\",\"@id\":\"https:\\\/\\\/cssdn.gouv.qc.ca\\\/charlesrodriguepixels\\\/nous-joindre\\\/#primaryimage\",\"url\":\"https:\\\/\\\/cssdn.gouv.qc.ca\\\/wp-content\\\/uploads\\\/2022\\\/08\\\/Seawire-Hero-06.jpg\",\"contentUrl\":\"https:\\\/\\\/cssdn.gouv.qc.ca\\\/wp-content\\\/uploads\\\/2022\\\/08\\\/Seawire-Hero-06.jpg\"},{\"@type\":\"BreadcrumbList\",\"@id\":\"https:\\\/\\\/cssdn.gouv.qc.ca\\\/charlesrodriguepixels\\\/nous-joindre\\\/#breadcrumb\",\"itemListElement\":[{\"@type\":\"ListItem\",\"position\":1,\"name\":\"Accueil\",\"item\":\"https:\\\/\\\/cssdn.gouv.qc.ca\\\/charlesrodriguepixels\\\/\"},{\"@type\":\"ListItem\",\"position\":2,\"name\":\"Nous joindre\"}]},{\"@type\":\"WebSite\",\"@id\":\"https:\\\/\\\/cssdn.gouv.qc.ca\\\/charlesrodriguepixels\\\/#website\",\"url\":\"https:\\\/\\\/cssdn.gouv.qc.ca\\\/charlesrodriguepixels\\\/\",\"name\":\"\u00c9cole Charles-Rodrigue, des\u00a0Pixels\",\"description\":\"Un site des centres de services scolaires des Navigateurs\",\"publisher\":{\"@id\":\"https:\\\/\\\/cssdn.gouv.qc.ca\\\/charlesrodriguepixels\\\/#organization\"},\"potentialAction\":[{\"@type\":\"SearchAction\",\"target\":{\"@type\":\"EntryPoint\",\"urlTemplate\":\"https:\\\/\\\/cssdn.gouv.qc.ca\\\/charlesrodriguepixels\\\/?s={search_term_string}\"},\"query-input\":{\"@type\":\"PropertyValueSpecification\",\"valueRequired\":true,\"valueName\":\"search_term_string\"}}],\"inLanguage\":\"fr-CA\"},{\"@type\":\"Organization\",\"@id\":\"https:\\\/\\\/cssdn.gouv.qc.ca\\\/charlesrodriguepixels\\\/#organization\",\"name\":\"\u00c9cole Charles-Rodrigue, des\u00a0Pixels\",\"url\":\"https:\\\/\\\/cssdn.gouv.qc.ca\\\/charlesrodriguepixels\\\/\",\"logo\":{\"@type\":\"ImageObject\",\"inLanguage\":\"fr-CA\",\"@id\":\"https:\\\/\\\/cssdn.gouv.qc.ca\\\/charlesrodriguepixels\\\/#\\\/schema\\\/logo\\\/image\\\/\",\"url\":\"https:\\\/\\\/cssdn.gouv.qc.ca\\\/charlesrodriguepixels\\\/wp-content\\\/uploads\\\/sites\\\/37\\\/2023\\\/01\\\/logo_quebec.svg\",\"contentUrl\":\"https:\\\/\\\/cssdn.gouv.qc.ca\\\/charlesrodriguepixels\\\/wp-content\\\/uploads\\\/sites\\\/37\\\/2023\\\/01\\\/logo_quebec.svg\",\"width\":188,\"height\":41,\"caption\":\"\u00c9cole Charles-Rodrigue, des\u00a0Pixels\"},\"image\":{\"@id\":\"https:\\\/\\\/cssdn.gouv.qc.ca\\\/charlesrodriguepixels\\\/#\\\/schema\\\/logo\\\/image\\\/\"},\"sameAs\":[\"https:\\\/\\\/www.facebook.com\\\/ecolecharlesrodrigue\"]}]}<\/script>\n<!-- \/ Yoast SEO plugin. -->","yoast_head_json":{"title":"Nous joindre - \u00c9cole Charles-Rodrigue, des\u00a0Pixels","robots":{"index":"index","follow":"follow","max-snippet":"max-snippet:-1","max-image-preview":"max-image-preview:large","max-video-preview":"max-video-preview:-1"},"canonical":"https:\/\/cssdn.gouv.qc.ca\/charlesrodriguepixels\/nous-joindre\/","og_locale":"fr_CA","og_type":"article","og_title":"Nous joindre - \u00c9cole Charles-Rodrigue, des\u00a0Pixels","og_description":"\u00c9COLE CHARLES-RODRIGUE&nbsp;5485, rue Saint-GeorgesL\u00e9vis (Qu\u00e9bec) G6V 4M7 T\u00e9l\u00e9phone :&nbsp;418 838-8571&nbsp;(poste interne : 62000)T\u00e9l\u00e9c. : 418 838-8304&nbsp;charles-rodrigue@csnavigateurs.qc.ca&nbsp; \u00c9COLE DES PIXELS&nbsp;23, rue Pie-XL\u00e9vis (Qu\u00e9bec) G6V 4W5 T\u00e9l\u00e9phone :&nbsp;418 838-8435&nbsp;(poste interne : 62000)T\u00e9l\u00e9c. : 418 838-8304&nbsp;pixels@csnavigateurs.qc.ca&nbsp; Site Internet : charlesrodrigue.csdn.qc.ca&nbsp;Service de garde (poste) 62040&nbsp;service-garde.charles-rodrigue@csnavigateurs.qc.ca&nbsp; Pour rejoindre un membre du personnel Direction :&nbsp; Marianne Rioux:&nbsp;riouxm6@cssdn.gouv.qc.ca L\u00e9andre Racine-\u00c9thier:&nbsp;racineethierl@cssdn.gouv.qc.ca Marie-France Lessard: [&hellip;]","og_url":"https:\/\/cssdn.gouv.qc.ca\/charlesrodriguepixels\/nous-joindre\/","og_site_name":"\u00c9cole Charles-Rodrigue, des\u00a0Pixels","article_publisher":"https:\/\/www.facebook.com\/ecolecharlesrodrigue","article_modified_time":"2025-11-04T01:38:39+00:00","twitter_card":"summary_large_image","twitter_misc":{"Estimation du temps de lecture":"1 minute"},"schema":{"@context":"https:\/\/schema.org","@graph":[{"@type":"WebPage","@id":"https:\/\/cssdn.gouv.qc.ca\/charlesrodriguepixels\/nous-joindre\/","url":"https:\/\/cssdn.gouv.qc.ca\/charlesrodriguepixels\/nous-joindre\/","name":"Nous joindre - \u00c9cole Charles-Rodrigue, des\u00a0Pixels","isPartOf":{"@id":"https:\/\/cssdn.gouv.qc.ca\/charlesrodriguepixels\/#website"},"primaryImageOfPage":{"@id":"https:\/\/cssdn.gouv.qc.ca\/charlesrodriguepixels\/nous-joindre\/#primaryimage"},"image":{"@id":"https:\/\/cssdn.gouv.qc.ca\/charlesrodriguepixels\/nous-joindre\/#primaryimage"},"thumbnailUrl":"https:\/\/cssdn.gouv.qc.ca\/wp-content\/uploads\/2022\/08\/Seawire-Hero-06.jpg","datePublished":"2022-11-08T21:07:56+00:00","dateModified":"2025-11-04T01:38:39+00:00","breadcrumb":{"@id":"https:\/\/cssdn.gouv.qc.ca\/charlesrodriguepixels\/nous-joindre\/#breadcrumb"},"inLanguage":"fr-CA","potentialAction":[{"@type":"ReadAction","target":["https:\/\/cssdn.gouv.qc.ca\/charlesrodriguepixels\/nous-joindre\/"]}]},{"@type":"ImageObject","inLanguage":"fr-CA","@id":"https:\/\/cssdn.gouv.qc.ca\/charlesrodriguepixels\/nous-joindre\/#primaryimage","url":"https:\/\/cssdn.gouv.qc.ca\/wp-content\/uploads\/2022\/08\/Seawire-Hero-06.jpg","contentUrl":"https:\/\/cssdn.gouv.qc.ca\/wp-content\/uploads\/2022\/08\/Seawire-Hero-06.jpg"},{"@type":"BreadcrumbList","@id":"https:\/\/cssdn.gouv.qc.ca\/charlesrodriguepixels\/nous-joindre\/#breadcrumb","itemListElement":[{"@type":"ListItem","position":1,"name":"Accueil","item":"https:\/\/cssdn.gouv.qc.ca\/charlesrodriguepixels\/"},{"@type":"ListItem","position":2,"name":"Nous joindre"}]},{"@type":"WebSite","@id":"https:\/\/cssdn.gouv.qc.ca\/charlesrodriguepixels\/#website","url":"https:\/\/cssdn.gouv.qc.ca\/charlesrodriguepixels\/","name":"\u00c9cole Charles-Rodrigue, des\u00a0Pixels","description":"Un site des centres de services scolaires des Navigateurs","publisher":{"@id":"https:\/\/cssdn.gouv.qc.ca\/charlesrodriguepixels\/#organization"},"potentialAction":[{"@type":"SearchAction","target":{"@type":"EntryPoint","urlTemplate":"https:\/\/cssdn.gouv.qc.ca\/charlesrodriguepixels\/?s={search_term_string}"},"query-input":{"@type":"PropertyValueSpecification","valueRequired":true,"valueName":"search_term_string"}}],"inLanguage":"fr-CA"},{"@type":"Organization","@id":"https:\/\/cssdn.gouv.qc.ca\/charlesrodriguepixels\/#organization","name":"\u00c9cole Charles-Rodrigue, des\u00a0Pixels","url":"https:\/\/cssdn.gouv.qc.ca\/charlesrodriguepixels\/","logo":{"@type":"ImageObject","inLanguage":"fr-CA","@id":"https:\/\/cssdn.gouv.qc.ca\/charlesrodriguepixels\/#\/schema\/logo\/image\/","url":"https:\/\/cssdn.gouv.qc.ca\/charlesrodriguepixels\/wp-content\/uploads\/sites\/37\/2023\/01\/logo_quebec.svg","contentUrl":"https:\/\/cssdn.gouv.qc.ca\/charlesrodriguepixels\/wp-content\/uploads\/sites\/37\/2023\/01\/logo_quebec.svg","width":188,"height":41,"caption":"\u00c9cole Charles-Rodrigue, des\u00a0Pixels"},"image":{"@id":"https:\/\/cssdn.gouv.qc.ca\/charlesrodriguepixels\/#\/schema\/logo\/image\/"},"sameAs":["https:\/\/www.facebook.com\/ecolecharlesrodrigue"]}]}},"publishpress_future_action":{"enabled":false,"date":"2026-04-25 15:37:43","action":"change-status","newStatus":"draft","terms":[],"taxonomy":"category","extraData":[]},"publishpress_future_workflow_manual_trigger":{"enabledWorkflows":[]},"_links":{"self":[{"href":"https:\/\/cssdn.gouv.qc.ca\/charlesrodriguepixels\/wp-json\/wp\/v2\/pages\/18","targetHints":{"allow":["GET"]}}],"collection":[{"href":"https:\/\/cssdn.gouv.qc.ca\/charlesrodriguepixels\/wp-json\/wp\/v2\/pages"}],"about":[{"href":"https:\/\/cssdn.gouv.qc.ca\/charlesrodriguepixels\/wp-json\/wp\/v2\/types\/page"}],"author":[{"embeddable":true,"href":"https:\/\/cssdn.gouv.qc.ca\/charlesrodriguepixels\/wp-json\/wp\/v2\/users\/1"}],"replies":[{"embeddable":true,"href":"https:\/\/cssdn.gouv.qc.ca\/charlesrodriguepixels\/wp-json\/wp\/v2\/comments?post=18"}],"version-history":[{"count":0,"href":"https:\/\/cssdn.gouv.qc.ca\/charlesrodriguepixels\/wp-json\/wp\/v2\/pages\/18\/revisions"}],"wp:attachment":[{"href":"https:\/\/cssdn.gouv.qc.ca\/charlesrodriguepixels\/wp-json\/wp\/v2\/media?parent=18"}],"wp:term":[{"taxonomy":"category","embeddable":true,"href":"https:\/\/cssdn.gouv.qc.ca\/charlesrodriguepixels\/wp-json\/wp\/v2\/categories?post=18"},{"taxonomy":"post_tag","embeddable":true,"href":"https:\/\/cssdn.gouv.qc.ca\/charlesrodriguepixels\/wp-json\/wp\/v2\/tags?post=18"}],"curies":[{"name":"wp","href":"https:\/\/api.w.org\/{rel}","templated":true}]}}