
{"id":183,"date":"2023-01-06T15:16:33","date_gmt":"2023-01-06T20:16:33","guid":{"rendered":"https:\/\/cssdn.gouv.qc.ca\/charlesrodriguepixels\/?page_id=183"},"modified":"2023-01-27T15:19:14","modified_gmt":"2023-01-27T20:19:14","slug":"education-a-la-sexualite","status":"publish","type":"page","link":"https:\/\/cssdn.gouv.qc.ca\/charlesrodriguepixels\/informations-aux-parents\/education-a-la-sexualite\/","title":{"rendered":"\u00c9ducation \u00e0 la sexualit\u00e9"},"content":{"rendered":"\n<div class=\"wp-block-cover alignfull is-style-title-banner\"><span aria-hidden=\"true\" class=\"wp-block-cover__background has-background-dim\"><\/span><img decoding=\"async\" width=\"1916\" height=\"561\" class=\"wp-block-cover__image-background wp-image-478 lazyload\" alt=\"\" data-src=\"https:\/\/cssdn.gouv.qc.ca\/charlesrodriguepixels\/wp-content\/uploads\/sites\/37\/2023\/01\/banniere3.png\" data-object-fit=\"cover\" data-srcset=\"https:\/\/cssdn.gouv.qc.ca\/charlesrodriguepixels\/wp-content\/uploads\/sites\/37\/2023\/01\/banniere3.png 1916w, https:\/\/cssdn.gouv.qc.ca\/charlesrodriguepixels\/wp-content\/uploads\/sites\/37\/2023\/01\/banniere3-300x88.png 300w, https:\/\/cssdn.gouv.qc.ca\/charlesrodriguepixels\/wp-content\/uploads\/sites\/37\/2023\/01\/banniere3-1024x300.png 1024w, https:\/\/cssdn.gouv.qc.ca\/charlesrodriguepixels\/wp-content\/uploads\/sites\/37\/2023\/01\/banniere3-768x225.png 768w, https:\/\/cssdn.gouv.qc.ca\/charlesrodriguepixels\/wp-content\/uploads\/sites\/37\/2023\/01\/banniere3-1536x450.png 1536w\" data-sizes=\"(max-width: 1916px) 100vw, 1916px\" src=\"data:image\/svg+xml;base64,PHN2ZyB3aWR0aD0iMSIgaGVpZ2h0PSIxIiB4bWxucz0iaHR0cDovL3d3dy53My5vcmcvMjAwMC9zdmciPjwvc3ZnPg==\" style=\"--smush-placeholder-width: 1916px; --smush-placeholder-aspect-ratio: 1916\/561;\" \/><div class=\"wp-block-cover__inner-container\"><h3 class=\"wp-block-post-title\">\u00c9ducation \u00e0 la sexualit\u00e9<\/h3><\/div><\/div>\n\n\n\n<div class=\"wp-block-group alignfull has-padding-y-large has-secondary-background-color has-background\"><div class=\"yoast-breadcrumbs alignwide \"><span class=\"breadcrumbs\"><a href=\"https:\/\/cssdn.gouv.qc.ca\/charlesrodriguepixels\/\" class=\"breadcrumbs__element\">Accueil<\/a> <span class=\"breadcrumbs__separator\">\n        <svg class=\"icon icon-breadcrumb__separator\"><use xlink:href=\"#icon-breadcrumb__separator\"><\/use><\/svg>\n    <\/span> <a href=\"https:\/\/cssdn.gouv.qc.ca\/charlesrodriguepixels\/informations-aux-parents\/\" class=\"breadcrumbs__element\">Informations aux parents<\/a> <span class=\"breadcrumbs__separator\">\n        <svg class=\"icon icon-breadcrumb__separator\"><use xlink:href=\"#icon-breadcrumb__separator\"><\/use><\/svg>\n    <\/span> <span class=\"breadcrumbs__element breadcrumbs__element-current\">\u00c9ducation \u00e0 la sexualit\u00e9<\/span><\/span><\/div><\/div>\n\n\n\n\n<p class=\"has-text-align-left act-lead wp-block-paragraph\"><strong>Information \u00e0 l&rsquo;intention d&rsquo;un parent d&rsquo;\u00e9l\u00e8ve:<\/strong><br><a href=\"https:\/\/cssdn.gouv.qc.ca\/charlesrodriguepixels\/wp-content\/uploads\/sites\/37\/2023\/01\/feuillet_aux_parents_sexualite_presco_csdn.pdf\" target=\"_blank\" rel=\"noreferrer noopener\">&#8211; du pr\u00e9scolaire<\/a><br><a href=\"https:\/\/cssdn.gouv.qc.ca\/charlesrodriguepixels\/wp-content\/uploads\/sites\/37\/2023\/01\/feuillet_parents_sexualite_primaire1.pdf\" target=\"_blank\" rel=\"noreferrer noopener\">&#8211; de 1<sup>e<\/sup> ann\u00e9e du primaire<\/a><br><a href=\"https:\/\/cssdn.gouv.qc.ca\/charlesrodriguepixels\/wp-content\/uploads\/sites\/37\/2023\/01\/feuillet_parents_sexualite_primaire2_1-1-2.pdf\" target=\"_blank\" rel=\"noreferrer noopener\">&#8211; de 2<sup>e<\/sup> ann\u00e9e du primaire<\/a><br><a href=\"https:\/\/cssdn.gouv.qc.ca\/charlesrodriguepixels\/wp-content\/uploads\/sites\/37\/2023\/01\/Sexualite3-1-2.pdf\" target=\"_blank\" rel=\"noreferrer noopener\">&#8211; de 3<sup>e<\/sup> ann\u00e9e du primaire<\/a><br><a href=\"https:\/\/cssdn.gouv.qc.ca\/charlesrodriguepixels\/wp-content\/uploads\/sites\/37\/2023\/01\/feuillet_parents_sexualite_primaire4.pdf\" target=\"_blank\" rel=\"noreferrer noopener\">&#8211; de 4<sup>e<\/sup>&nbsp;ann\u00e9e du primaire<\/a><br><a href=\"https:\/\/cssdn.gouv.qc.ca\/charlesrodriguepixels\/wp-content\/uploads\/sites\/37\/2023\/01\/feuillet_parents_sexualite_primaire5.pdf\" target=\"_blank\" rel=\"noreferrer noopener\">&#8211; de 5<sup>e<\/sup>&nbsp;ann\u00e9e du primaire<\/a><br><a href=\"https:\/\/cssdn.gouv.qc.ca\/charlesrodriguepixels\/wp-content\/uploads\/sites\/37\/2023\/01\/Feuillet_Parents_Sexualite_Primaire6.pdf\" target=\"_blank\" rel=\"noreferrer noopener\">&#8211; de 6<sup>e<\/sup>&nbsp;&nbsp;ann\u00e9e du primaire<\/a><br><br><br><a href=\"https:\/\/cssdn.gouv.qc.ca\/charlesrodriguepixels\/wp-content\/uploads\/sites\/37\/2023\/01\/educ-apprentissages-sexualite-tableausynthese_1.pdf\" target=\"_blank\" rel=\"noreferrer noopener\">Tableau synth\u00e8se des th\u00e8mes et r\u00e9sum\u00e9s des contenus en \u00e9ducation \u00e0 la sexualit\u00e9 pour chacun des niveaux<\/a><\/p>\n\n","protected":false},"excerpt":{"rendered":"","protected":false},"author":23,"featured_media":0,"parent":13,"menu_order":0,"comment_status":"closed","ping_status":"closed","template":"","meta":{"_acf_changed":false,"_crdt_document":"","inline_featured_image":false,"footnotes":""},"categories":[],"tags":[],"class_list":["post-183","page","type-page","status-publish","hentry"],"acf":[],"yoast_head":"<!-- This site is optimized with the Yoast SEO plugin v27.4 - https:\/\/yoast.com\/product\/yoast-seo-wordpress\/ -->\n<title>\u00c9ducation \u00e0 la sexualit\u00e9 - \u00c9cole Charles-Rodrigue, des\u00a0Pixels<\/title>\n<meta name=\"robots\" content=\"index, follow, max-snippet:-1, max-image-preview:large, max-video-preview:-1\" \/>\n<link rel=\"canonical\" href=\"https:\/\/cssdn.gouv.qc.ca\/charlesrodriguepixels\/informations-aux-parents\/education-a-la-sexualite\/\" \/>\n<meta property=\"og:locale\" content=\"fr_CA\" \/>\n<meta property=\"og:type\" content=\"article\" \/>\n<meta property=\"og:title\" content=\"\u00c9ducation \u00e0 la sexualit\u00e9 - \u00c9cole Charles-Rodrigue, des\u00a0Pixels\" \/>\n<meta property=\"og:url\" content=\"https:\/\/cssdn.gouv.qc.ca\/charlesrodriguepixels\/informations-aux-parents\/education-a-la-sexualite\/\" \/>\n<meta property=\"og:site_name\" content=\"\u00c9cole Charles-Rodrigue, des\u00a0Pixels\" \/>\n<meta property=\"article:publisher\" content=\"https:\/\/www.facebook.com\/ecolecharlesrodrigue\" \/>\n<meta property=\"article:modified_time\" content=\"2023-01-27T20:19:14+00:00\" \/>\n<meta property=\"og:image\" content=\"https:\/\/cssdn.gouv.qc.ca\/charlesrodriguepixels\/wp-content\/uploads\/sites\/37\/2023\/01\/banniere3.png\" \/>\n<meta name=\"twitter:card\" content=\"summary_large_image\" \/>\n<meta name=\"twitter:label1\" content=\"Estimation du temps de lecture\" \/>\n\t<meta name=\"twitter:data1\" content=\"1 minute\" \/>\n<script type=\"application\/ld+json\" class=\"yoast-schema-graph\">{\"@context\":\"https:\\\/\\\/schema.org\",\"@graph\":[{\"@type\":\"WebPage\",\"@id\":\"https:\\\/\\\/cssdn.gouv.qc.ca\\\/charlesrodriguepixels\\\/informations-aux-parents\\\/education-a-la-sexualite\\\/\",\"url\":\"https:\\\/\\\/cssdn.gouv.qc.ca\\\/charlesrodriguepixels\\\/informations-aux-parents\\\/education-a-la-sexualite\\\/\",\"name\":\"\u00c9ducation \u00e0 la sexualit\u00e9 - \u00c9cole Charles-Rodrigue, des\u00a0Pixels\",\"isPartOf\":{\"@id\":\"https:\\\/\\\/cssdn.gouv.qc.ca\\\/charlesrodriguepixels\\\/#website\"},\"primaryImageOfPage\":{\"@id\":\"https:\\\/\\\/cssdn.gouv.qc.ca\\\/charlesrodriguepixels\\\/informations-aux-parents\\\/education-a-la-sexualite\\\/#primaryimage\"},\"image\":{\"@id\":\"https:\\\/\\\/cssdn.gouv.qc.ca\\\/charlesrodriguepixels\\\/informations-aux-parents\\\/education-a-la-sexualite\\\/#primaryimage\"},\"thumbnailUrl\":\"https:\\\/\\\/cssdn.gouv.qc.ca\\\/charlesrodriguepixels\\\/wp-content\\\/uploads\\\/sites\\\/37\\\/2023\\\/01\\\/banniere3.png\",\"datePublished\":\"2023-01-06T20:16:33+00:00\",\"dateModified\":\"2023-01-27T20:19:14+00:00\",\"breadcrumb\":{\"@id\":\"https:\\\/\\\/cssdn.gouv.qc.ca\\\/charlesrodriguepixels\\\/informations-aux-parents\\\/education-a-la-sexualite\\\/#breadcrumb\"},\"inLanguage\":\"fr-CA\",\"potentialAction\":[{\"@type\":\"ReadAction\",\"target\":[\"https:\\\/\\\/cssdn.gouv.qc.ca\\\/charlesrodriguepixels\\\/informations-aux-parents\\\/education-a-la-sexualite\\\/\"]}]},{\"@type\":\"ImageObject\",\"inLanguage\":\"fr-CA\",\"@id\":\"https:\\\/\\\/cssdn.gouv.qc.ca\\\/charlesrodriguepixels\\\/informations-aux-parents\\\/education-a-la-sexualite\\\/#primaryimage\",\"url\":\"https:\\\/\\\/cssdn.gouv.qc.ca\\\/charlesrodriguepixels\\\/wp-content\\\/uploads\\\/sites\\\/37\\\/2023\\\/01\\\/banniere3.png\",\"contentUrl\":\"https:\\\/\\\/cssdn.gouv.qc.ca\\\/charlesrodriguepixels\\\/wp-content\\\/uploads\\\/sites\\\/37\\\/2023\\\/01\\\/banniere3.png\",\"width\":1916,\"height\":561},{\"@type\":\"BreadcrumbList\",\"@id\":\"https:\\\/\\\/cssdn.gouv.qc.ca\\\/charlesrodriguepixels\\\/informations-aux-parents\\\/education-a-la-sexualite\\\/#breadcrumb\",\"itemListElement\":[{\"@type\":\"ListItem\",\"position\":1,\"name\":\"Accueil\",\"item\":\"https:\\\/\\\/cssdn.gouv.qc.ca\\\/charlesrodriguepixels\\\/\"},{\"@type\":\"ListItem\",\"position\":2,\"name\":\"Informations aux parents\",\"item\":\"https:\\\/\\\/cssdn.gouv.qc.ca\\\/charlesrodriguepixels\\\/informations-aux-parents\\\/\"},{\"@type\":\"ListItem\",\"position\":3,\"name\":\"\u00c9ducation \u00e0 la sexualit\u00e9\"}]},{\"@type\":\"WebSite\",\"@id\":\"https:\\\/\\\/cssdn.gouv.qc.ca\\\/charlesrodriguepixels\\\/#website\",\"url\":\"https:\\\/\\\/cssdn.gouv.qc.ca\\\/charlesrodriguepixels\\\/\",\"name\":\"\u00c9cole Charles-Rodrigue, des\u00a0Pixels\",\"description\":\"Un site des centres de services scolaires des Navigateurs\",\"publisher\":{\"@id\":\"https:\\\/\\\/cssdn.gouv.qc.ca\\\/charlesrodriguepixels\\\/#organization\"},\"potentialAction\":[{\"@type\":\"SearchAction\",\"target\":{\"@type\":\"EntryPoint\",\"urlTemplate\":\"https:\\\/\\\/cssdn.gouv.qc.ca\\\/charlesrodriguepixels\\\/?s={search_term_string}\"},\"query-input\":{\"@type\":\"PropertyValueSpecification\",\"valueRequired\":true,\"valueName\":\"search_term_string\"}}],\"inLanguage\":\"fr-CA\"},{\"@type\":\"Organization\",\"@id\":\"https:\\\/\\\/cssdn.gouv.qc.ca\\\/charlesrodriguepixels\\\/#organization\",\"name\":\"\u00c9cole Charles-Rodrigue, des\u00a0Pixels\",\"url\":\"https:\\\/\\\/cssdn.gouv.qc.ca\\\/charlesrodriguepixels\\\/\",\"logo\":{\"@type\":\"ImageObject\",\"inLanguage\":\"fr-CA\",\"@id\":\"https:\\\/\\\/cssdn.gouv.qc.ca\\\/charlesrodriguepixels\\\/#\\\/schema\\\/logo\\\/image\\\/\",\"url\":\"https:\\\/\\\/cssdn.gouv.qc.ca\\\/charlesrodriguepixels\\\/wp-content\\\/uploads\\\/sites\\\/37\\\/2023\\\/01\\\/logo_quebec.svg\",\"contentUrl\":\"https:\\\/\\\/cssdn.gouv.qc.ca\\\/charlesrodriguepixels\\\/wp-content\\\/uploads\\\/sites\\\/37\\\/2023\\\/01\\\/logo_quebec.svg\",\"width\":188,\"height\":41,\"caption\":\"\u00c9cole Charles-Rodrigue, des\u00a0Pixels\"},\"image\":{\"@id\":\"https:\\\/\\\/cssdn.gouv.qc.ca\\\/charlesrodriguepixels\\\/#\\\/schema\\\/logo\\\/image\\\/\"},\"sameAs\":[\"https:\\\/\\\/www.facebook.com\\\/ecolecharlesrodrigue\"]}]}<\/script>\n<!-- \/ Yoast SEO plugin. -->","yoast_head_json":{"title":"\u00c9ducation \u00e0 la sexualit\u00e9 - \u00c9cole Charles-Rodrigue, des\u00a0Pixels","robots":{"index":"index","follow":"follow","max-snippet":"max-snippet:-1","max-image-preview":"max-image-preview:large","max-video-preview":"max-video-preview:-1"},"canonical":"https:\/\/cssdn.gouv.qc.ca\/charlesrodriguepixels\/informations-aux-parents\/education-a-la-sexualite\/","og_locale":"fr_CA","og_type":"article","og_title":"\u00c9ducation \u00e0 la sexualit\u00e9 - \u00c9cole Charles-Rodrigue, des\u00a0Pixels","og_url":"https:\/\/cssdn.gouv.qc.ca\/charlesrodriguepixels\/informations-aux-parents\/education-a-la-sexualite\/","og_site_name":"\u00c9cole Charles-Rodrigue, des\u00a0Pixels","article_publisher":"https:\/\/www.facebook.com\/ecolecharlesrodrigue","article_modified_time":"2023-01-27T20:19:14+00:00","og_image":[{"url":"https:\/\/cssdn.gouv.qc.ca\/charlesrodriguepixels\/wp-content\/uploads\/sites\/37\/2023\/01\/banniere3.png","type":"","width":"","height":""}],"twitter_card":"summary_large_image","twitter_misc":{"Estimation du temps de lecture":"1 minute"},"schema":{"@context":"https:\/\/schema.org","@graph":[{"@type":"WebPage","@id":"https:\/\/cssdn.gouv.qc.ca\/charlesrodriguepixels\/informations-aux-parents\/education-a-la-sexualite\/","url":"https:\/\/cssdn.gouv.qc.ca\/charlesrodriguepixels\/informations-aux-parents\/education-a-la-sexualite\/","name":"\u00c9ducation \u00e0 la sexualit\u00e9 - \u00c9cole Charles-Rodrigue, des\u00a0Pixels","isPartOf":{"@id":"https:\/\/cssdn.gouv.qc.ca\/charlesrodriguepixels\/#website"},"primaryImageOfPage":{"@id":"https:\/\/cssdn.gouv.qc.ca\/charlesrodriguepixels\/informations-aux-parents\/education-a-la-sexualite\/#primaryimage"},"image":{"@id":"https:\/\/cssdn.gouv.qc.ca\/charlesrodriguepixels\/informations-aux-parents\/education-a-la-sexualite\/#primaryimage"},"thumbnailUrl":"https:\/\/cssdn.gouv.qc.ca\/charlesrodriguepixels\/wp-content\/uploads\/sites\/37\/2023\/01\/banniere3.png","datePublished":"2023-01-06T20:16:33+00:00","dateModified":"2023-01-27T20:19:14+00:00","breadcrumb":{"@id":"https:\/\/cssdn.gouv.qc.ca\/charlesrodriguepixels\/informations-aux-parents\/education-a-la-sexualite\/#breadcrumb"},"inLanguage":"fr-CA","potentialAction":[{"@type":"ReadAction","target":["https:\/\/cssdn.gouv.qc.ca\/charlesrodriguepixels\/informations-aux-parents\/education-a-la-sexualite\/"]}]},{"@type":"ImageObject","inLanguage":"fr-CA","@id":"https:\/\/cssdn.gouv.qc.ca\/charlesrodriguepixels\/informations-aux-parents\/education-a-la-sexualite\/#primaryimage","url":"https:\/\/cssdn.gouv.qc.ca\/charlesrodriguepixels\/wp-content\/uploads\/sites\/37\/2023\/01\/banniere3.png","contentUrl":"https:\/\/cssdn.gouv.qc.ca\/charlesrodriguepixels\/wp-content\/uploads\/sites\/37\/2023\/01\/banniere3.png","width":1916,"height":561},{"@type":"BreadcrumbList","@id":"https:\/\/cssdn.gouv.qc.ca\/charlesrodriguepixels\/informations-aux-parents\/education-a-la-sexualite\/#breadcrumb","itemListElement":[{"@type":"ListItem","position":1,"name":"Accueil","item":"https:\/\/cssdn.gouv.qc.ca\/charlesrodriguepixels\/"},{"@type":"ListItem","position":2,"name":"Informations aux parents","item":"https:\/\/cssdn.gouv.qc.ca\/charlesrodriguepixels\/informations-aux-parents\/"},{"@type":"ListItem","position":3,"name":"\u00c9ducation \u00e0 la sexualit\u00e9"}]},{"@type":"WebSite","@id":"https:\/\/cssdn.gouv.qc.ca\/charlesrodriguepixels\/#website","url":"https:\/\/cssdn.gouv.qc.ca\/charlesrodriguepixels\/","name":"\u00c9cole Charles-Rodrigue, des\u00a0Pixels","description":"Un site des centres de services scolaires des Navigateurs","publisher":{"@id":"https:\/\/cssdn.gouv.qc.ca\/charlesrodriguepixels\/#organization"},"potentialAction":[{"@type":"SearchAction","target":{"@type":"EntryPoint","urlTemplate":"https:\/\/cssdn.gouv.qc.ca\/charlesrodriguepixels\/?s={search_term_string}"},"query-input":{"@type":"PropertyValueSpecification","valueRequired":true,"valueName":"search_term_string"}}],"inLanguage":"fr-CA"},{"@type":"Organization","@id":"https:\/\/cssdn.gouv.qc.ca\/charlesrodriguepixels\/#organization","name":"\u00c9cole Charles-Rodrigue, des\u00a0Pixels","url":"https:\/\/cssdn.gouv.qc.ca\/charlesrodriguepixels\/","logo":{"@type":"ImageObject","inLanguage":"fr-CA","@id":"https:\/\/cssdn.gouv.qc.ca\/charlesrodriguepixels\/#\/schema\/logo\/image\/","url":"https:\/\/cssdn.gouv.qc.ca\/charlesrodriguepixels\/wp-content\/uploads\/sites\/37\/2023\/01\/logo_quebec.svg","contentUrl":"https:\/\/cssdn.gouv.qc.ca\/charlesrodriguepixels\/wp-content\/uploads\/sites\/37\/2023\/01\/logo_quebec.svg","width":188,"height":41,"caption":"\u00c9cole Charles-Rodrigue, des\u00a0Pixels"},"image":{"@id":"https:\/\/cssdn.gouv.qc.ca\/charlesrodriguepixels\/#\/schema\/logo\/image\/"},"sameAs":["https:\/\/www.facebook.com\/ecolecharlesrodrigue"]}]}},"publishpress_future_action":{"enabled":false,"date":"2026-05-02 06:56:41","action":"change-status","newStatus":"draft","terms":[],"taxonomy":"category","extraData":[]},"publishpress_future_workflow_manual_trigger":{"enabledWorkflows":[]},"_links":{"self":[{"href":"https:\/\/cssdn.gouv.qc.ca\/charlesrodriguepixels\/wp-json\/wp\/v2\/pages\/183","targetHints":{"allow":["GET"]}}],"collection":[{"href":"https:\/\/cssdn.gouv.qc.ca\/charlesrodriguepixels\/wp-json\/wp\/v2\/pages"}],"about":[{"href":"https:\/\/cssdn.gouv.qc.ca\/charlesrodriguepixels\/wp-json\/wp\/v2\/types\/page"}],"author":[{"embeddable":true,"href":"https:\/\/cssdn.gouv.qc.ca\/charlesrodriguepixels\/wp-json\/wp\/v2\/users\/23"}],"replies":[{"embeddable":true,"href":"https:\/\/cssdn.gouv.qc.ca\/charlesrodriguepixels\/wp-json\/wp\/v2\/comments?post=183"}],"version-history":[{"count":0,"href":"https:\/\/cssdn.gouv.qc.ca\/charlesrodriguepixels\/wp-json\/wp\/v2\/pages\/183\/revisions"}],"up":[{"embeddable":true,"href":"https:\/\/cssdn.gouv.qc.ca\/charlesrodriguepixels\/wp-json\/wp\/v2\/pages\/13"}],"wp:attachment":[{"href":"https:\/\/cssdn.gouv.qc.ca\/charlesrodriguepixels\/wp-json\/wp\/v2\/media?parent=183"}],"wp:term":[{"taxonomy":"category","embeddable":true,"href":"https:\/\/cssdn.gouv.qc.ca\/charlesrodriguepixels\/wp-json\/wp\/v2\/categories?post=183"},{"taxonomy":"post_tag","embeddable":true,"href":"https:\/\/cssdn.gouv.qc.ca\/charlesrodriguepixels\/wp-json\/wp\/v2\/tags?post=183"}],"curies":[{"name":"wp","href":"https:\/\/api.w.org\/{rel}","templated":true}]}}