
{"id":192,"date":"2023-01-06T15:27:08","date_gmt":"2023-01-06T20:27:08","guid":{"rendered":"https:\/\/cssdn.gouv.qc.ca\/charlesrodriguepixels\/?page_id=192"},"modified":"2023-01-06T15:27:12","modified_gmt":"2023-01-06T20:27:12","slug":"organisme-de-participation-des-parents-opp","status":"publish","type":"page","link":"https:\/\/cssdn.gouv.qc.ca\/charlesrodriguepixels\/organisme-de-participation-des-parents-opp\/","title":{"rendered":"Organisme de participation des parents (OPP)"},"content":{"rendered":"\n<div class=\"wp-block-cover alignfull is-light is-style-title-banner\"><span aria-hidden=\"true\" class=\"wp-block-cover__background has-background-dim\"><\/span><img decoding=\"async\" class=\"wp-block-cover__image-background wp-image-111 lazyload\" alt=\"\" data-src=\"https:\/\/cssdn.gouv.qc.ca\/wp-content\/uploads\/2022\/08\/Seawire-Hero-06.jpg\" data-object-fit=\"cover\" src=\"data:image\/svg+xml;base64,PHN2ZyB3aWR0aD0iMSIgaGVpZ2h0PSIxIiB4bWxucz0iaHR0cDovL3d3dy53My5vcmcvMjAwMC9zdmciPjwvc3ZnPg==\" \/><div class=\"wp-block-cover__inner-container\"><h3 class=\"wp-block-post-title\">Organisme de participation des parents (OPP)<\/h3><\/div><\/div>\n\n\n\n<div class=\"wp-block-group alignfull has-padding-y-large has-secondary-background-color has-background\"><div class=\"yoast-breadcrumbs alignwide \"><span class=\"breadcrumbs\"><a href=\"https:\/\/cssdn.gouv.qc.ca\/charlesrodriguepixels\/\" class=\"breadcrumbs__element\">Accueil<\/a> <span class=\"breadcrumbs__separator\">\n        <svg class=\"icon icon-breadcrumb__separator\"><use xlink:href=\"#icon-breadcrumb__separator\"><\/use><\/svg>\n    <\/span> <span class=\"breadcrumbs__element breadcrumbs__element-current\">Organisme de participation des parents (OPP)<\/span><\/span><\/div><\/div>\n\n\n\n\n<p class=\"act-lead wp-block-paragraph\">L&rsquo;OPP Charles-Rodrigue regroupe des parents qui souhaitent participer \u00e0 la vie de l&rsquo;\u00e9cole en s&rsquo;impliquant selon leurs forces, int\u00e9r\u00eats et disponibilit\u00e9s.<br><br><strong>Leur mission:<\/strong><br>L&rsquo;objectif de ce groupe de parents est de faciliter l&rsquo;implication de ceux-ci dans la vie de l&rsquo;\u00e9cole en tant que b\u00e9n\u00e9voles, mais aussi d&rsquo;apporter un support au personnel dans l&rsquo;organisation et la mise en place d&rsquo;activit\u00e9s originales et \u00e0 l&rsquo;image des familles fr\u00e9quentant notre \u00e9tablissement !<br><br>N&rsquo;h\u00e9sitez pas \u00e0 visiter la page Facebook de l&rsquo;OPP Charles-Rodrigue:<br><a href=\"https:\/\/www.facebook.com\/oppcharlesro\/\">https:\/\/www.facebook.com\/oppcharlesro\/<\/a><\/p>\n\n","protected":false},"excerpt":{"rendered":"","protected":false},"author":23,"featured_media":0,"parent":0,"menu_order":0,"comment_status":"closed","ping_status":"closed","template":"","meta":{"_acf_changed":false,"_crdt_document":"","inline_featured_image":false,"footnotes":""},"categories":[],"tags":[],"class_list":["post-192","page","type-page","status-publish","hentry"],"acf":[],"yoast_head":"<!-- This site is optimized with the Yoast SEO plugin v27.4 - https:\/\/yoast.com\/product\/yoast-seo-wordpress\/ -->\n<title>Organisme de participation des parents (OPP) - \u00c9cole Charles-Rodrigue, des\u00a0Pixels<\/title>\n<meta name=\"robots\" content=\"index, follow, max-snippet:-1, max-image-preview:large, max-video-preview:-1\" \/>\n<link rel=\"canonical\" href=\"https:\/\/cssdn.gouv.qc.ca\/charlesrodriguepixels\/organisme-de-participation-des-parents-opp\/\" \/>\n<meta property=\"og:locale\" content=\"fr_CA\" \/>\n<meta property=\"og:type\" content=\"article\" \/>\n<meta property=\"og:title\" content=\"Organisme de participation des parents (OPP) - \u00c9cole Charles-Rodrigue, des\u00a0Pixels\" \/>\n<meta property=\"og:url\" content=\"https:\/\/cssdn.gouv.qc.ca\/charlesrodriguepixels\/organisme-de-participation-des-parents-opp\/\" \/>\n<meta property=\"og:site_name\" content=\"\u00c9cole Charles-Rodrigue, des\u00a0Pixels\" \/>\n<meta property=\"article:publisher\" content=\"https:\/\/www.facebook.com\/ecolecharlesrodrigue\" \/>\n<meta property=\"article:modified_time\" content=\"2023-01-06T20:27:12+00:00\" \/>\n<meta property=\"og:image\" content=\"https:\/\/cssdn.gouv.qc.ca\/wp-content\/uploads\/2022\/08\/Seawire-Hero-06.jpg\" \/>\n<meta name=\"twitter:card\" content=\"summary_large_image\" \/>\n<meta name=\"twitter:label1\" content=\"Estimation du temps de lecture\" \/>\n\t<meta name=\"twitter:data1\" content=\"1 minute\" \/>\n<script type=\"application\/ld+json\" class=\"yoast-schema-graph\">{\"@context\":\"https:\\\/\\\/schema.org\",\"@graph\":[{\"@type\":\"WebPage\",\"@id\":\"https:\\\/\\\/cssdn.gouv.qc.ca\\\/charlesrodriguepixels\\\/organisme-de-participation-des-parents-opp\\\/\",\"url\":\"https:\\\/\\\/cssdn.gouv.qc.ca\\\/charlesrodriguepixels\\\/organisme-de-participation-des-parents-opp\\\/\",\"name\":\"Organisme de participation des parents (OPP) - \u00c9cole Charles-Rodrigue, des\u00a0Pixels\",\"isPartOf\":{\"@id\":\"https:\\\/\\\/cssdn.gouv.qc.ca\\\/charlesrodriguepixels\\\/#website\"},\"primaryImageOfPage\":{\"@id\":\"https:\\\/\\\/cssdn.gouv.qc.ca\\\/charlesrodriguepixels\\\/organisme-de-participation-des-parents-opp\\\/#primaryimage\"},\"image\":{\"@id\":\"https:\\\/\\\/cssdn.gouv.qc.ca\\\/charlesrodriguepixels\\\/organisme-de-participation-des-parents-opp\\\/#primaryimage\"},\"thumbnailUrl\":\"https:\\\/\\\/cssdn.gouv.qc.ca\\\/wp-content\\\/uploads\\\/2022\\\/08\\\/Seawire-Hero-06.jpg\",\"datePublished\":\"2023-01-06T20:27:08+00:00\",\"dateModified\":\"2023-01-06T20:27:12+00:00\",\"breadcrumb\":{\"@id\":\"https:\\\/\\\/cssdn.gouv.qc.ca\\\/charlesrodriguepixels\\\/organisme-de-participation-des-parents-opp\\\/#breadcrumb\"},\"inLanguage\":\"fr-CA\",\"potentialAction\":[{\"@type\":\"ReadAction\",\"target\":[\"https:\\\/\\\/cssdn.gouv.qc.ca\\\/charlesrodriguepixels\\\/organisme-de-participation-des-parents-opp\\\/\"]}]},{\"@type\":\"ImageObject\",\"inLanguage\":\"fr-CA\",\"@id\":\"https:\\\/\\\/cssdn.gouv.qc.ca\\\/charlesrodriguepixels\\\/organisme-de-participation-des-parents-opp\\\/#primaryimage\",\"url\":\"https:\\\/\\\/cssdn.gouv.qc.ca\\\/wp-content\\\/uploads\\\/2022\\\/08\\\/Seawire-Hero-06.jpg\",\"contentUrl\":\"https:\\\/\\\/cssdn.gouv.qc.ca\\\/wp-content\\\/uploads\\\/2022\\\/08\\\/Seawire-Hero-06.jpg\"},{\"@type\":\"BreadcrumbList\",\"@id\":\"https:\\\/\\\/cssdn.gouv.qc.ca\\\/charlesrodriguepixels\\\/organisme-de-participation-des-parents-opp\\\/#breadcrumb\",\"itemListElement\":[{\"@type\":\"ListItem\",\"position\":1,\"name\":\"Accueil\",\"item\":\"https:\\\/\\\/cssdn.gouv.qc.ca\\\/charlesrodriguepixels\\\/\"},{\"@type\":\"ListItem\",\"position\":2,\"name\":\"Organisme de participation des parents (OPP)\"}]},{\"@type\":\"WebSite\",\"@id\":\"https:\\\/\\\/cssdn.gouv.qc.ca\\\/charlesrodriguepixels\\\/#website\",\"url\":\"https:\\\/\\\/cssdn.gouv.qc.ca\\\/charlesrodriguepixels\\\/\",\"name\":\"\u00c9cole Charles-Rodrigue, des\u00a0Pixels\",\"description\":\"Un site des centres de services scolaires des Navigateurs\",\"publisher\":{\"@id\":\"https:\\\/\\\/cssdn.gouv.qc.ca\\\/charlesrodriguepixels\\\/#organization\"},\"potentialAction\":[{\"@type\":\"SearchAction\",\"target\":{\"@type\":\"EntryPoint\",\"urlTemplate\":\"https:\\\/\\\/cssdn.gouv.qc.ca\\\/charlesrodriguepixels\\\/?s={search_term_string}\"},\"query-input\":{\"@type\":\"PropertyValueSpecification\",\"valueRequired\":true,\"valueName\":\"search_term_string\"}}],\"inLanguage\":\"fr-CA\"},{\"@type\":\"Organization\",\"@id\":\"https:\\\/\\\/cssdn.gouv.qc.ca\\\/charlesrodriguepixels\\\/#organization\",\"name\":\"\u00c9cole Charles-Rodrigue, des\u00a0Pixels\",\"url\":\"https:\\\/\\\/cssdn.gouv.qc.ca\\\/charlesrodriguepixels\\\/\",\"logo\":{\"@type\":\"ImageObject\",\"inLanguage\":\"fr-CA\",\"@id\":\"https:\\\/\\\/cssdn.gouv.qc.ca\\\/charlesrodriguepixels\\\/#\\\/schema\\\/logo\\\/image\\\/\",\"url\":\"https:\\\/\\\/cssdn.gouv.qc.ca\\\/charlesrodriguepixels\\\/wp-content\\\/uploads\\\/sites\\\/37\\\/2023\\\/01\\\/logo_quebec.svg\",\"contentUrl\":\"https:\\\/\\\/cssdn.gouv.qc.ca\\\/charlesrodriguepixels\\\/wp-content\\\/uploads\\\/sites\\\/37\\\/2023\\\/01\\\/logo_quebec.svg\",\"width\":188,\"height\":41,\"caption\":\"\u00c9cole Charles-Rodrigue, des\u00a0Pixels\"},\"image\":{\"@id\":\"https:\\\/\\\/cssdn.gouv.qc.ca\\\/charlesrodriguepixels\\\/#\\\/schema\\\/logo\\\/image\\\/\"},\"sameAs\":[\"https:\\\/\\\/www.facebook.com\\\/ecolecharlesrodrigue\"]}]}<\/script>\n<!-- \/ Yoast SEO plugin. -->","yoast_head_json":{"title":"Organisme de participation des parents (OPP) - \u00c9cole Charles-Rodrigue, des\u00a0Pixels","robots":{"index":"index","follow":"follow","max-snippet":"max-snippet:-1","max-image-preview":"max-image-preview:large","max-video-preview":"max-video-preview:-1"},"canonical":"https:\/\/cssdn.gouv.qc.ca\/charlesrodriguepixels\/organisme-de-participation-des-parents-opp\/","og_locale":"fr_CA","og_type":"article","og_title":"Organisme de participation des parents (OPP) - \u00c9cole Charles-Rodrigue, des\u00a0Pixels","og_url":"https:\/\/cssdn.gouv.qc.ca\/charlesrodriguepixels\/organisme-de-participation-des-parents-opp\/","og_site_name":"\u00c9cole Charles-Rodrigue, des\u00a0Pixels","article_publisher":"https:\/\/www.facebook.com\/ecolecharlesrodrigue","article_modified_time":"2023-01-06T20:27:12+00:00","og_image":[{"url":"https:\/\/cssdn.gouv.qc.ca\/wp-content\/uploads\/2022\/08\/Seawire-Hero-06.jpg","type":"","width":"","height":""}],"twitter_card":"summary_large_image","twitter_misc":{"Estimation du temps de lecture":"1 minute"},"schema":{"@context":"https:\/\/schema.org","@graph":[{"@type":"WebPage","@id":"https:\/\/cssdn.gouv.qc.ca\/charlesrodriguepixels\/organisme-de-participation-des-parents-opp\/","url":"https:\/\/cssdn.gouv.qc.ca\/charlesrodriguepixels\/organisme-de-participation-des-parents-opp\/","name":"Organisme de participation des parents (OPP) - \u00c9cole Charles-Rodrigue, des\u00a0Pixels","isPartOf":{"@id":"https:\/\/cssdn.gouv.qc.ca\/charlesrodriguepixels\/#website"},"primaryImageOfPage":{"@id":"https:\/\/cssdn.gouv.qc.ca\/charlesrodriguepixels\/organisme-de-participation-des-parents-opp\/#primaryimage"},"image":{"@id":"https:\/\/cssdn.gouv.qc.ca\/charlesrodriguepixels\/organisme-de-participation-des-parents-opp\/#primaryimage"},"thumbnailUrl":"https:\/\/cssdn.gouv.qc.ca\/wp-content\/uploads\/2022\/08\/Seawire-Hero-06.jpg","datePublished":"2023-01-06T20:27:08+00:00","dateModified":"2023-01-06T20:27:12+00:00","breadcrumb":{"@id":"https:\/\/cssdn.gouv.qc.ca\/charlesrodriguepixels\/organisme-de-participation-des-parents-opp\/#breadcrumb"},"inLanguage":"fr-CA","potentialAction":[{"@type":"ReadAction","target":["https:\/\/cssdn.gouv.qc.ca\/charlesrodriguepixels\/organisme-de-participation-des-parents-opp\/"]}]},{"@type":"ImageObject","inLanguage":"fr-CA","@id":"https:\/\/cssdn.gouv.qc.ca\/charlesrodriguepixels\/organisme-de-participation-des-parents-opp\/#primaryimage","url":"https:\/\/cssdn.gouv.qc.ca\/wp-content\/uploads\/2022\/08\/Seawire-Hero-06.jpg","contentUrl":"https:\/\/cssdn.gouv.qc.ca\/wp-content\/uploads\/2022\/08\/Seawire-Hero-06.jpg"},{"@type":"BreadcrumbList","@id":"https:\/\/cssdn.gouv.qc.ca\/charlesrodriguepixels\/organisme-de-participation-des-parents-opp\/#breadcrumb","itemListElement":[{"@type":"ListItem","position":1,"name":"Accueil","item":"https:\/\/cssdn.gouv.qc.ca\/charlesrodriguepixels\/"},{"@type":"ListItem","position":2,"name":"Organisme de participation des parents (OPP)"}]},{"@type":"WebSite","@id":"https:\/\/cssdn.gouv.qc.ca\/charlesrodriguepixels\/#website","url":"https:\/\/cssdn.gouv.qc.ca\/charlesrodriguepixels\/","name":"\u00c9cole Charles-Rodrigue, des\u00a0Pixels","description":"Un site des centres de services scolaires des Navigateurs","publisher":{"@id":"https:\/\/cssdn.gouv.qc.ca\/charlesrodriguepixels\/#organization"},"potentialAction":[{"@type":"SearchAction","target":{"@type":"EntryPoint","urlTemplate":"https:\/\/cssdn.gouv.qc.ca\/charlesrodriguepixels\/?s={search_term_string}"},"query-input":{"@type":"PropertyValueSpecification","valueRequired":true,"valueName":"search_term_string"}}],"inLanguage":"fr-CA"},{"@type":"Organization","@id":"https:\/\/cssdn.gouv.qc.ca\/charlesrodriguepixels\/#organization","name":"\u00c9cole Charles-Rodrigue, des\u00a0Pixels","url":"https:\/\/cssdn.gouv.qc.ca\/charlesrodriguepixels\/","logo":{"@type":"ImageObject","inLanguage":"fr-CA","@id":"https:\/\/cssdn.gouv.qc.ca\/charlesrodriguepixels\/#\/schema\/logo\/image\/","url":"https:\/\/cssdn.gouv.qc.ca\/charlesrodriguepixels\/wp-content\/uploads\/sites\/37\/2023\/01\/logo_quebec.svg","contentUrl":"https:\/\/cssdn.gouv.qc.ca\/charlesrodriguepixels\/wp-content\/uploads\/sites\/37\/2023\/01\/logo_quebec.svg","width":188,"height":41,"caption":"\u00c9cole Charles-Rodrigue, des\u00a0Pixels"},"image":{"@id":"https:\/\/cssdn.gouv.qc.ca\/charlesrodriguepixels\/#\/schema\/logo\/image\/"},"sameAs":["https:\/\/www.facebook.com\/ecolecharlesrodrigue"]}]}},"publishpress_future_action":{"enabled":false,"date":"2026-04-25 16:55:43","action":"change-status","newStatus":"draft","terms":[],"taxonomy":"category","extraData":[]},"publishpress_future_workflow_manual_trigger":{"enabledWorkflows":[]},"_links":{"self":[{"href":"https:\/\/cssdn.gouv.qc.ca\/charlesrodriguepixels\/wp-json\/wp\/v2\/pages\/192","targetHints":{"allow":["GET"]}}],"collection":[{"href":"https:\/\/cssdn.gouv.qc.ca\/charlesrodriguepixels\/wp-json\/wp\/v2\/pages"}],"about":[{"href":"https:\/\/cssdn.gouv.qc.ca\/charlesrodriguepixels\/wp-json\/wp\/v2\/types\/page"}],"author":[{"embeddable":true,"href":"https:\/\/cssdn.gouv.qc.ca\/charlesrodriguepixels\/wp-json\/wp\/v2\/users\/23"}],"replies":[{"embeddable":true,"href":"https:\/\/cssdn.gouv.qc.ca\/charlesrodriguepixels\/wp-json\/wp\/v2\/comments?post=192"}],"version-history":[{"count":0,"href":"https:\/\/cssdn.gouv.qc.ca\/charlesrodriguepixels\/wp-json\/wp\/v2\/pages\/192\/revisions"}],"wp:attachment":[{"href":"https:\/\/cssdn.gouv.qc.ca\/charlesrodriguepixels\/wp-json\/wp\/v2\/media?parent=192"}],"wp:term":[{"taxonomy":"category","embeddable":true,"href":"https:\/\/cssdn.gouv.qc.ca\/charlesrodriguepixels\/wp-json\/wp\/v2\/categories?post=192"},{"taxonomy":"post_tag","embeddable":true,"href":"https:\/\/cssdn.gouv.qc.ca\/charlesrodriguepixels\/wp-json\/wp\/v2\/tags?post=192"}],"curies":[{"name":"wp","href":"https:\/\/api.w.org\/{rel}","templated":true}]}}