
{"id":11,"date":"2022-11-08T16:07:54","date_gmt":"2022-11-08T21:07:54","guid":{"rendered":"https:\/\/cssdn.gouv.qc.ca\/chenebergefalaise\/a-propos\/documentation-et-rapport-annuel\/"},"modified":"2025-10-31T13:55:01","modified_gmt":"2025-10-31T17:55:01","slug":"documentation-et-rapport-annuel","status":"publish","type":"page","link":"https:\/\/cssdn.gouv.qc.ca\/chenebergefalaise\/a-propos\/documentation-et-rapport-annuel\/","title":{"rendered":"Documentation officielle"},"content":{"rendered":"\n<div class=\"wp-block-cover alignfull is-light is-style-title-banner\"><img decoding=\"async\" class=\"wp-block-cover__image-background wp-image-111 lazyload\" alt=\"\" data-src=\"https:\/\/stage.cssdn.gouv.qc.ca\/wp-content\/uploads\/2022\/08\/Seawire-Hero-06.jpg\" data-object-fit=\"cover\" src=\"data:image\/svg+xml;base64,PHN2ZyB3aWR0aD0iMSIgaGVpZ2h0PSIxIiB4bWxucz0iaHR0cDovL3d3dy53My5vcmcvMjAwMC9zdmciPjwvc3ZnPg==\" \/><span aria-hidden=\"true\" class=\"wp-block-cover__background has-primary-background-color has-background-dim\"><\/span><div class=\"wp-block-cover__inner-container\"><h3 class=\"wp-block-post-title\">Documentation officielle<\/h3><\/div><\/div>\n\n\n\n<div class=\"wp-block-group alignfull has-padding-y-large has-secondary-background-color has-background\"><div class=\"yoast-breadcrumbs alignwide \"><span class=\"breadcrumbs\"><a href=\"https:\/\/cssdn.gouv.qc.ca\/chenebergefalaise\/\" class=\"breadcrumbs__element\">Accueil<\/a> <span class=\"breadcrumbs__separator\">\n        <svg class=\"icon icon-breadcrumb__separator\"><use xlink:href=\"#icon-breadcrumb__separator\"><\/use><\/svg>\n    <\/span> <a href=\"https:\/\/cssdn.gouv.qc.ca\/chenebergefalaise\/a-propos\/\" class=\"breadcrumbs__element\">\u00c0 propos<\/a> <span class=\"breadcrumbs__separator\">\n        <svg class=\"icon icon-breadcrumb__separator\"><use xlink:href=\"#icon-breadcrumb__separator\"><\/use><\/svg>\n    <\/span> <span class=\"breadcrumbs__element breadcrumbs__element-current\">Documentation officielle<\/span><\/span><\/div><\/div>\n\n\n\n<h1 class=\"wp-block-heading\">Projet \u00e9ducatif<\/h1>\n\n\n\n<div class=\"wp-block-file\"><a id=\"wp-block-file--media-7be0c436-dfc6-4b9b-b3c2-5f46b55befae\" href=\"https:\/\/cssdn.gouv.qc.ca\/chenebergefalaise\/wp-content\/uploads\/sites\/23\/2024\/06\/Projet-educatif-2023-2027.pdf\">Projet \u00e9ducatif 2023-2027<\/a><a href=\"https:\/\/cssdn.gouv.qc.ca\/chenebergefalaise\/wp-content\/uploads\/sites\/23\/2024\/06\/Projet-educatif-2023-2027.pdf\" class=\"wp-block-file__button wp-element-button\" download aria-describedby=\"wp-block-file--media-7be0c436-dfc6-4b9b-b3c2-5f46b55befae\">T\u00e9l\u00e9charger<\/a><\/div>\n\n\n\n<h2 class=\"wp-block-heading\">Rapport annuel de gestion du conseil d\u2019\u00e9tablissement<\/h2>\n\n\n\n<h2 class=\"wp-block-heading\">Redditions de comptes du projet \u00e9ducatif<\/h2>\n\n\n\n<div class=\"wp-block-file\"><a id=\"wp-block-file--media-e789ea52-953a-40f1-bd34-bc782e23c166\" href=\"https:\/\/cssdn.gouv.qc.ca\/chenebergefalaise\/wp-content\/uploads\/sites\/23\/2025\/10\/RCPE_Primaire_2024-2025_Berge-Chene-et-Falaise.pdf\">RCP\u00c9_Primaire_2024-2025_Berge, Ch\u00eane et Falaise<\/a><a href=\"https:\/\/cssdn.gouv.qc.ca\/chenebergefalaise\/wp-content\/uploads\/sites\/23\/2025\/10\/RCPE_Primaire_2024-2025_Berge-Chene-et-Falaise.pdf\" class=\"wp-block-file__button wp-element-button\" download aria-describedby=\"wp-block-file--media-e789ea52-953a-40f1-bd34-bc782e23c166\">Download<\/a><\/div>\n\n\n\n<div class=\"wp-block-file\"><a id=\"wp-block-file--media-bc8367fb-192a-426c-9ed0-8a65774f99b3\" href=\"https:\/\/cssdn.gouv.qc.ca\/chenebergefalaise\/wp-content\/uploads\/sites\/23\/2023\/12\/18-BERGE-CHENE-FALAISE-22-23V3-1.pdf\">2022-2023<\/a><a href=\"https:\/\/cssdn.gouv.qc.ca\/chenebergefalaise\/wp-content\/uploads\/sites\/23\/2023\/12\/18-BERGE-CHENE-FALAISE-22-23V3-1.pdf\" class=\"wp-block-file__button wp-element-button\" download aria-describedby=\"wp-block-file--media-bc8367fb-192a-426c-9ed0-8a65774f99b3\">T\u00e9l\u00e9charger<\/a><\/div>\n\n\n\n<div class=\"wp-block-file\"><a id=\"wp-block-file--media-0ba0057a-1e52-40c6-b9e2-b55b5595a647\" href=\"https:\/\/cssdn.gouv.qc.ca\/chenebergefalaise\/wp-content\/uploads\/sites\/23\/2023\/02\/2021-2022_rcpe-berge_chene_falaise.pdf\" target=\"_blank\" rel=\"noreferrer noopener\">2021-2022<\/a><\/div>\n\n\n\n<div class=\"wp-block-file\"><a id=\"wp-block-file--media-477f9eaa-aab0-49f8-b30d-f3cf079b70ff\" href=\"https:\/\/cssdn.gouv.qc.ca\/chenebergefalaise\/wp-content\/uploads\/sites\/23\/2023\/02\/rcpe_berge-chene-falaise_2020-2021_v2.pdf\" target=\"_blank\" rel=\"noreferrer noopener\">2020-2021<\/a><\/div>\n\n\n\n<div class=\"wp-block-file\"><a id=\"wp-block-file--media-f8c0d0d9-cdee-4aff-8577-5a013e0dcd39\" href=\"https:\/\/cssdn.gouv.qc.ca\/chenebergefalaise\/wp-content\/uploads\/sites\/23\/2023\/02\/ra_berge-chene-falaise_2019-2020.pdf\" target=\"_blank\" rel=\"noreferrer noopener\">2019-2020<\/a><\/div>\n\n\n\n<div class=\"wp-block-file\"><a id=\"wp-block-file--media-6ae38175-6153-4316-91ae-35da102af18e\" href=\"https:\/\/cssdn.gouv.qc.ca\/chenebergefalaise\/wp-content\/uploads\/sites\/23\/2023\/02\/ra_chenebergefalaise1819.pdf\" target=\"_blank\" rel=\"noreferrer noopener\">2018-2019<\/a><\/div>\n\n\n\n<div class=\"wp-block-file\"><a id=\"wp-block-file--media-5d9ee9ee-064d-4b61-b6ee-58040b216ccf\" href=\"https:\/\/cssdn.gouv.qc.ca\/chenebergefalaise\/wp-content\/uploads\/sites\/23\/2023\/02\/ra-bergechenefalaise1718-v2.pdf\" target=\"_blank\" rel=\"noreferrer noopener\">2017-2018<\/a><\/div>\n\n\n\n<h1 class=\"wp-block-heading\">Plan de lutte contre la violence et l\u2019intimidation \u00e0 l\u2019\u00e9cole<\/h1>\n\n\n\n<div class=\"wp-block-file\"><a id=\"wp-block-file--media-761428dd-458d-47ca-9288-a82c4857a65f\" href=\"https:\/\/cssdn.gouv.qc.ca\/chenebergefalaise\/wp-content\/uploads\/sites\/23\/2025\/08\/Plan-de-lutte-2025-2026.pdf\">Plan de lutte 2025-2026<\/a><a href=\"https:\/\/cssdn.gouv.qc.ca\/chenebergefalaise\/wp-content\/uploads\/sites\/23\/2025\/08\/Plan-de-lutte-2025-2026.pdf\" class=\"wp-block-file__button wp-element-button\" download aria-describedby=\"wp-block-file--media-761428dd-458d-47ca-9288-a82c4857a65f\">T\u00e9l\u00e9charger<\/a><\/div>\n\n\n\n<div class=\"wp-block-file\"><a id=\"wp-block-file--media-894c2133-e645-475e-8a65-042e920b6a9e\" href=\"https:\/\/cssdn.gouv.qc.ca\/chenebergefalaise\/wp-content\/uploads\/sites\/23\/2025\/08\/Document-explicatif-plan-daction-2024-2025-aux-parents-et-aux-eleves-des-centres.pdf\">Document explicatif plan d&rsquo;action 2024-2025 aux  parents et aux \u00e9l\u00e8ves des centres<\/a><a href=\"https:\/\/cssdn.gouv.qc.ca\/chenebergefalaise\/wp-content\/uploads\/sites\/23\/2025\/08\/Document-explicatif-plan-daction-2024-2025-aux-parents-et-aux-eleves-des-centres.pdf\" class=\"wp-block-file__button wp-element-button\" download aria-describedby=\"wp-block-file--media-894c2133-e645-475e-8a65-042e920b6a9e\">T\u00e9l\u00e9charger<\/a><\/div>\n\n\n\n<h2 class=\"wp-block-heading\">Code de vie<\/h2>\n\n\n\n<h2 class=\"wp-block-heading\">Document explicatif aux parents et aux \u00e9l\u00e8ves<\/h2>\n","protected":false},"excerpt":{"rendered":"<p>Projet \u00e9ducatif Rapport annuel de gestion du conseil d\u2019\u00e9tablissement Redditions de comptes du projet \u00e9ducatif Plan de lutte contre la violence et l\u2019intimidation \u00e0 l\u2019\u00e9cole Code de vie Document explicatif aux parents et aux \u00e9l\u00e8ves<\/p>\n","protected":false},"author":1,"featured_media":0,"parent":6,"menu_order":0,"comment_status":"closed","ping_status":"closed","template":"","meta":{"_acf_changed":false,"_crdt_document":"","inline_featured_image":false,"footnotes":""},"categories":[],"tags":[],"class_list":["post-11","page","type-page","status-publish","hentry"],"acf":[],"yoast_head":"<!-- This site is optimized with the Yoast SEO plugin v27.5 - https:\/\/yoast.com\/product\/yoast-seo-wordpress\/ -->\n<title>Documentation officielle - \u00c9coles de la Berge, du Ch\u00eane, de la Falaise<\/title>\n<meta name=\"description\" content=\"Redditions de comptes du projet \u00e9ducatif des cinq derni\u00e8res ann\u00e9es pour l&#039;\u00c9cole du Ch\u00eane, de la Berge et de la Falaise.\" \/>\n<meta name=\"robots\" content=\"index, follow, max-snippet:-1, max-image-preview:large, max-video-preview:-1\" \/>\n<link rel=\"canonical\" href=\"https:\/\/cssdn.gouv.qc.ca\/chenebergefalaise\/a-propos\/documentation-et-rapport-annuel\/\" \/>\n<meta property=\"og:locale\" content=\"fr_CA\" \/>\n<meta property=\"og:type\" content=\"article\" \/>\n<meta property=\"og:title\" content=\"Documentation officielle - \u00c9coles de la Berge, du Ch\u00eane, de la Falaise\" \/>\n<meta property=\"og:description\" content=\"Redditions de comptes du projet \u00e9ducatif des cinq derni\u00e8res ann\u00e9es pour l&#039;\u00c9cole du Ch\u00eane, de la Berge et de la Falaise.\" \/>\n<meta property=\"og:url\" content=\"https:\/\/cssdn.gouv.qc.ca\/chenebergefalaise\/a-propos\/documentation-et-rapport-annuel\/\" \/>\n<meta property=\"og:site_name\" content=\"\u00c9coles de la Berge, du Ch\u00eane, de la Falaise\" \/>\n<meta property=\"article:publisher\" content=\"https:\/\/www.facebook.com\/bergechenefalaise\" \/>\n<meta property=\"article:modified_time\" content=\"2025-10-31T17:55:01+00:00\" \/>\n<meta name=\"twitter:card\" content=\"summary_large_image\" \/>\n<meta name=\"twitter:label1\" content=\"Estimation du temps de lecture\" \/>\n\t<meta name=\"twitter:data1\" content=\"1 minute\" \/>\n<script type=\"application\/ld+json\" class=\"yoast-schema-graph\">{\"@context\":\"https:\\\/\\\/schema.org\",\"@graph\":[{\"@type\":\"WebPage\",\"@id\":\"https:\\\/\\\/cssdn.gouv.qc.ca\\\/chenebergefalaise\\\/a-propos\\\/documentation-et-rapport-annuel\\\/\",\"url\":\"https:\\\/\\\/cssdn.gouv.qc.ca\\\/chenebergefalaise\\\/a-propos\\\/documentation-et-rapport-annuel\\\/\",\"name\":\"Documentation officielle - \u00c9coles de la Berge, du Ch\u00eane, de la Falaise\",\"isPartOf\":{\"@id\":\"https:\\\/\\\/cssdn.gouv.qc.ca\\\/chenebergefalaise\\\/#website\"},\"primaryImageOfPage\":{\"@id\":\"https:\\\/\\\/cssdn.gouv.qc.ca\\\/chenebergefalaise\\\/a-propos\\\/documentation-et-rapport-annuel\\\/#primaryimage\"},\"image\":{\"@id\":\"https:\\\/\\\/cssdn.gouv.qc.ca\\\/chenebergefalaise\\\/a-propos\\\/documentation-et-rapport-annuel\\\/#primaryimage\"},\"thumbnailUrl\":\"https:\\\/\\\/stage.cssdn.gouv.qc.ca\\\/wp-content\\\/uploads\\\/2022\\\/08\\\/Seawire-Hero-06.jpg\",\"datePublished\":\"2022-11-08T21:07:54+00:00\",\"dateModified\":\"2025-10-31T17:55:01+00:00\",\"description\":\"Redditions de comptes du projet \u00e9ducatif des cinq derni\u00e8res ann\u00e9es pour l'\u00c9cole du Ch\u00eane, de la Berge et de la Falaise.\",\"breadcrumb\":{\"@id\":\"https:\\\/\\\/cssdn.gouv.qc.ca\\\/chenebergefalaise\\\/a-propos\\\/documentation-et-rapport-annuel\\\/#breadcrumb\"},\"inLanguage\":\"fr-CA\",\"potentialAction\":[{\"@type\":\"ReadAction\",\"target\":[\"https:\\\/\\\/cssdn.gouv.qc.ca\\\/chenebergefalaise\\\/a-propos\\\/documentation-et-rapport-annuel\\\/\"]}]},{\"@type\":\"ImageObject\",\"inLanguage\":\"fr-CA\",\"@id\":\"https:\\\/\\\/cssdn.gouv.qc.ca\\\/chenebergefalaise\\\/a-propos\\\/documentation-et-rapport-annuel\\\/#primaryimage\",\"url\":\"https:\\\/\\\/stage.cssdn.gouv.qc.ca\\\/wp-content\\\/uploads\\\/2022\\\/08\\\/Seawire-Hero-06.jpg\",\"contentUrl\":\"https:\\\/\\\/stage.cssdn.gouv.qc.ca\\\/wp-content\\\/uploads\\\/2022\\\/08\\\/Seawire-Hero-06.jpg\"},{\"@type\":\"BreadcrumbList\",\"@id\":\"https:\\\/\\\/cssdn.gouv.qc.ca\\\/chenebergefalaise\\\/a-propos\\\/documentation-et-rapport-annuel\\\/#breadcrumb\",\"itemListElement\":[{\"@type\":\"ListItem\",\"position\":1,\"name\":\"Accueil\",\"item\":\"https:\\\/\\\/cssdn.gouv.qc.ca\\\/chenebergefalaise\\\/\"},{\"@type\":\"ListItem\",\"position\":2,\"name\":\"\u00c0 propos\",\"item\":\"https:\\\/\\\/cssdn.gouv.qc.ca\\\/chenebergefalaise\\\/a-propos\\\/\"},{\"@type\":\"ListItem\",\"position\":3,\"name\":\"Documentation officielle\"}]},{\"@type\":\"WebSite\",\"@id\":\"https:\\\/\\\/cssdn.gouv.qc.ca\\\/chenebergefalaise\\\/#website\",\"url\":\"https:\\\/\\\/cssdn.gouv.qc.ca\\\/chenebergefalaise\\\/\",\"name\":\"\u00c9coles de la Berge, du Ch\u00eane, de la Falaise\",\"description\":\"Un site des centres de services scolaires des Navigateurs\",\"publisher\":{\"@id\":\"https:\\\/\\\/cssdn.gouv.qc.ca\\\/chenebergefalaise\\\/#organization\"},\"potentialAction\":[{\"@type\":\"SearchAction\",\"target\":{\"@type\":\"EntryPoint\",\"urlTemplate\":\"https:\\\/\\\/cssdn.gouv.qc.ca\\\/chenebergefalaise\\\/?s={search_term_string}\"},\"query-input\":{\"@type\":\"PropertyValueSpecification\",\"valueRequired\":true,\"valueName\":\"search_term_string\"}}],\"inLanguage\":\"fr-CA\"},{\"@type\":\"Organization\",\"@id\":\"https:\\\/\\\/cssdn.gouv.qc.ca\\\/chenebergefalaise\\\/#organization\",\"name\":\"\u00c9coles de la Berge, du Ch\u00eane, de la Falaise\",\"url\":\"https:\\\/\\\/cssdn.gouv.qc.ca\\\/chenebergefalaise\\\/\",\"logo\":{\"@type\":\"ImageObject\",\"inLanguage\":\"fr-CA\",\"@id\":\"https:\\\/\\\/cssdn.gouv.qc.ca\\\/chenebergefalaise\\\/#\\\/schema\\\/logo\\\/image\\\/\",\"url\":\"https:\\\/\\\/cssdn.gouv.qc.ca\\\/chenebergefalaise\\\/wp-content\\\/uploads\\\/sites\\\/23\\\/2023\\\/01\\\/logo_quebec.svg\",\"contentUrl\":\"https:\\\/\\\/cssdn.gouv.qc.ca\\\/chenebergefalaise\\\/wp-content\\\/uploads\\\/sites\\\/23\\\/2023\\\/01\\\/logo_quebec.svg\",\"width\":188,\"height\":41,\"caption\":\"\u00c9coles de la Berge, du Ch\u00eane, de la Falaise\"},\"image\":{\"@id\":\"https:\\\/\\\/cssdn.gouv.qc.ca\\\/chenebergefalaise\\\/#\\\/schema\\\/logo\\\/image\\\/\"},\"sameAs\":[\"https:\\\/\\\/www.facebook.com\\\/bergechenefalaise\"]}]}<\/script>\n<!-- \/ Yoast SEO plugin. -->","yoast_head_json":{"title":"Documentation officielle - \u00c9coles de la Berge, du Ch\u00eane, de la Falaise","description":"Redditions de comptes du projet \u00e9ducatif des cinq derni\u00e8res ann\u00e9es pour l'\u00c9cole du Ch\u00eane, de la Berge et de la Falaise.","robots":{"index":"index","follow":"follow","max-snippet":"max-snippet:-1","max-image-preview":"max-image-preview:large","max-video-preview":"max-video-preview:-1"},"canonical":"https:\/\/cssdn.gouv.qc.ca\/chenebergefalaise\/a-propos\/documentation-et-rapport-annuel\/","og_locale":"fr_CA","og_type":"article","og_title":"Documentation officielle - \u00c9coles de la Berge, du Ch\u00eane, de la Falaise","og_description":"Redditions de comptes du projet \u00e9ducatif des cinq derni\u00e8res ann\u00e9es pour l'\u00c9cole du Ch\u00eane, de la Berge et de la Falaise.","og_url":"https:\/\/cssdn.gouv.qc.ca\/chenebergefalaise\/a-propos\/documentation-et-rapport-annuel\/","og_site_name":"\u00c9coles de la Berge, du Ch\u00eane, de la Falaise","article_publisher":"https:\/\/www.facebook.com\/bergechenefalaise","article_modified_time":"2025-10-31T17:55:01+00:00","twitter_card":"summary_large_image","twitter_misc":{"Estimation du temps de lecture":"1 minute"},"schema":{"@context":"https:\/\/schema.org","@graph":[{"@type":"WebPage","@id":"https:\/\/cssdn.gouv.qc.ca\/chenebergefalaise\/a-propos\/documentation-et-rapport-annuel\/","url":"https:\/\/cssdn.gouv.qc.ca\/chenebergefalaise\/a-propos\/documentation-et-rapport-annuel\/","name":"Documentation officielle - \u00c9coles de la Berge, du Ch\u00eane, de la Falaise","isPartOf":{"@id":"https:\/\/cssdn.gouv.qc.ca\/chenebergefalaise\/#website"},"primaryImageOfPage":{"@id":"https:\/\/cssdn.gouv.qc.ca\/chenebergefalaise\/a-propos\/documentation-et-rapport-annuel\/#primaryimage"},"image":{"@id":"https:\/\/cssdn.gouv.qc.ca\/chenebergefalaise\/a-propos\/documentation-et-rapport-annuel\/#primaryimage"},"thumbnailUrl":"https:\/\/stage.cssdn.gouv.qc.ca\/wp-content\/uploads\/2022\/08\/Seawire-Hero-06.jpg","datePublished":"2022-11-08T21:07:54+00:00","dateModified":"2025-10-31T17:55:01+00:00","description":"Redditions de comptes du projet \u00e9ducatif des cinq derni\u00e8res ann\u00e9es pour l'\u00c9cole du Ch\u00eane, de la Berge et de la Falaise.","breadcrumb":{"@id":"https:\/\/cssdn.gouv.qc.ca\/chenebergefalaise\/a-propos\/documentation-et-rapport-annuel\/#breadcrumb"},"inLanguage":"fr-CA","potentialAction":[{"@type":"ReadAction","target":["https:\/\/cssdn.gouv.qc.ca\/chenebergefalaise\/a-propos\/documentation-et-rapport-annuel\/"]}]},{"@type":"ImageObject","inLanguage":"fr-CA","@id":"https:\/\/cssdn.gouv.qc.ca\/chenebergefalaise\/a-propos\/documentation-et-rapport-annuel\/#primaryimage","url":"https:\/\/stage.cssdn.gouv.qc.ca\/wp-content\/uploads\/2022\/08\/Seawire-Hero-06.jpg","contentUrl":"https:\/\/stage.cssdn.gouv.qc.ca\/wp-content\/uploads\/2022\/08\/Seawire-Hero-06.jpg"},{"@type":"BreadcrumbList","@id":"https:\/\/cssdn.gouv.qc.ca\/chenebergefalaise\/a-propos\/documentation-et-rapport-annuel\/#breadcrumb","itemListElement":[{"@type":"ListItem","position":1,"name":"Accueil","item":"https:\/\/cssdn.gouv.qc.ca\/chenebergefalaise\/"},{"@type":"ListItem","position":2,"name":"\u00c0 propos","item":"https:\/\/cssdn.gouv.qc.ca\/chenebergefalaise\/a-propos\/"},{"@type":"ListItem","position":3,"name":"Documentation officielle"}]},{"@type":"WebSite","@id":"https:\/\/cssdn.gouv.qc.ca\/chenebergefalaise\/#website","url":"https:\/\/cssdn.gouv.qc.ca\/chenebergefalaise\/","name":"\u00c9coles de la Berge, du Ch\u00eane, de la Falaise","description":"Un site des centres de services scolaires des Navigateurs","publisher":{"@id":"https:\/\/cssdn.gouv.qc.ca\/chenebergefalaise\/#organization"},"potentialAction":[{"@type":"SearchAction","target":{"@type":"EntryPoint","urlTemplate":"https:\/\/cssdn.gouv.qc.ca\/chenebergefalaise\/?s={search_term_string}"},"query-input":{"@type":"PropertyValueSpecification","valueRequired":true,"valueName":"search_term_string"}}],"inLanguage":"fr-CA"},{"@type":"Organization","@id":"https:\/\/cssdn.gouv.qc.ca\/chenebergefalaise\/#organization","name":"\u00c9coles de la Berge, du Ch\u00eane, de la Falaise","url":"https:\/\/cssdn.gouv.qc.ca\/chenebergefalaise\/","logo":{"@type":"ImageObject","inLanguage":"fr-CA","@id":"https:\/\/cssdn.gouv.qc.ca\/chenebergefalaise\/#\/schema\/logo\/image\/","url":"https:\/\/cssdn.gouv.qc.ca\/chenebergefalaise\/wp-content\/uploads\/sites\/23\/2023\/01\/logo_quebec.svg","contentUrl":"https:\/\/cssdn.gouv.qc.ca\/chenebergefalaise\/wp-content\/uploads\/sites\/23\/2023\/01\/logo_quebec.svg","width":188,"height":41,"caption":"\u00c9coles de la Berge, du Ch\u00eane, de la Falaise"},"image":{"@id":"https:\/\/cssdn.gouv.qc.ca\/chenebergefalaise\/#\/schema\/logo\/image\/"},"sameAs":["https:\/\/www.facebook.com\/bergechenefalaise"]}]}},"publishpress_future_action":{"enabled":false,"date":"2026-05-09 16:37:15","action":"change-status","newStatus":"draft","terms":[],"taxonomy":"category","extraData":[]},"publishpress_future_workflow_manual_trigger":{"enabledWorkflows":[]},"_links":{"self":[{"href":"https:\/\/cssdn.gouv.qc.ca\/chenebergefalaise\/wp-json\/wp\/v2\/pages\/11","targetHints":{"allow":["GET"]}}],"collection":[{"href":"https:\/\/cssdn.gouv.qc.ca\/chenebergefalaise\/wp-json\/wp\/v2\/pages"}],"about":[{"href":"https:\/\/cssdn.gouv.qc.ca\/chenebergefalaise\/wp-json\/wp\/v2\/types\/page"}],"author":[{"embeddable":true,"href":"https:\/\/cssdn.gouv.qc.ca\/chenebergefalaise\/wp-json\/wp\/v2\/users\/1"}],"replies":[{"embeddable":true,"href":"https:\/\/cssdn.gouv.qc.ca\/chenebergefalaise\/wp-json\/wp\/v2\/comments?post=11"}],"version-history":[{"count":0,"href":"https:\/\/cssdn.gouv.qc.ca\/chenebergefalaise\/wp-json\/wp\/v2\/pages\/11\/revisions"}],"up":[{"embeddable":true,"href":"https:\/\/cssdn.gouv.qc.ca\/chenebergefalaise\/wp-json\/wp\/v2\/pages\/6"}],"wp:attachment":[{"href":"https:\/\/cssdn.gouv.qc.ca\/chenebergefalaise\/wp-json\/wp\/v2\/media?parent=11"}],"wp:term":[{"taxonomy":"category","embeddable":true,"href":"https:\/\/cssdn.gouv.qc.ca\/chenebergefalaise\/wp-json\/wp\/v2\/categories?post=11"},{"taxonomy":"post_tag","embeddable":true,"href":"https:\/\/cssdn.gouv.qc.ca\/chenebergefalaise\/wp-json\/wp\/v2\/tags?post=11"}],"curies":[{"name":"wp","href":"https:\/\/api.w.org\/{rel}","templated":true}]}}