
{"id":9,"date":"2022-11-08T16:07:54","date_gmt":"2022-11-08T21:07:54","guid":{"rendered":"https:\/\/cssdn.gouv.qc.ca\/chenebergefalaise\/a-propos\/notre-equipe\/"},"modified":"2025-10-23T09:32:31","modified_gmt":"2025-10-23T13:32:31","slug":"notre-equipe","status":"publish","type":"page","link":"https:\/\/cssdn.gouv.qc.ca\/chenebergefalaise\/a-propos\/notre-equipe\/","title":{"rendered":"Notre \u00e9quipe"},"content":{"rendered":"\n<div class=\"wp-block-cover alignfull is-light is-style-title-banner\"><img decoding=\"async\" class=\"wp-block-cover__image-background wp-image-111 lazyload\" alt=\"\" data-src=\"https:\/\/stage.cssdn.gouv.qc.ca\/wp-content\/uploads\/2022\/08\/Seawire-Hero-06.jpg\" data-object-fit=\"cover\" src=\"data:image\/svg+xml;base64,PHN2ZyB3aWR0aD0iMSIgaGVpZ2h0PSIxIiB4bWxucz0iaHR0cDovL3d3dy53My5vcmcvMjAwMC9zdmciPjwvc3ZnPg==\" \/><span aria-hidden=\"true\" class=\"wp-block-cover__background has-primary-background-color has-background-dim\"><\/span><div class=\"wp-block-cover__inner-container\"><h3 class=\"wp-block-post-title\">Notre \u00e9quipe<\/h3><\/div><\/div>\n\n\n\n<div class=\"wp-block-group alignfull has-padding-y-large has-secondary-background-color has-background\"><div class=\"yoast-breadcrumbs alignwide \"><span class=\"breadcrumbs\"><a href=\"https:\/\/cssdn.gouv.qc.ca\/chenebergefalaise\/\" class=\"breadcrumbs__element\">Accueil<\/a> <span class=\"breadcrumbs__separator\">\n        <svg class=\"icon icon-breadcrumb__separator\"><use xlink:href=\"#icon-breadcrumb__separator\"><\/use><\/svg>\n    <\/span> <a href=\"https:\/\/cssdn.gouv.qc.ca\/chenebergefalaise\/a-propos\/\" class=\"breadcrumbs__element\">\u00c0 propos<\/a> <span class=\"breadcrumbs__separator\">\n        <svg class=\"icon icon-breadcrumb__separator\"><use xlink:href=\"#icon-breadcrumb__separator\"><\/use><\/svg>\n    <\/span> <span class=\"breadcrumbs__element breadcrumbs__element-current\">Notre \u00e9quipe<\/span><\/span><\/div><\/div>\n\n\n\n<p class=\"has-text-align-left wp-block-paragraph\">Pour accompagner et guider les \u00e9l\u00e8ves, les membres du personnel s&rsquo;investissent totalement. Nous sommes convaincus que l&rsquo;\u00e9panouissement et la valorisation de chacun des \u00e9l\u00e8ves sont des \u00e9l\u00e9ments essentiels. Donc, nous encourageons fortement l&rsquo;attitude positive face au travail et l&rsquo;effort que les \u00e9l\u00e8ves doivent fournir lors de la r\u00e9alisation.<\/p>\n\n\n\n<p class=\"wp-block-paragraph\"><strong>Direction <\/strong>:&nbsp;Lysanne Bourguignon <br><br><strong>Secr\u00e9taire d&rsquo;\u00e9cole<\/strong> :&nbsp;\u00c9milie Joncas <\/p>\n\n\n\n<p class=\"wp-block-paragraph\"><strong>\u00c9cole de la Berge<\/strong><\/p>\n\n\n\n<p class=\"wp-block-paragraph\"><strong>Enseignants<\/strong><\/p>\n\n\n\n<ul class=\"wp-block-list\">\n<li><strong>Pr\u00e9scolaire 5 ans<\/strong>&nbsp;:&nbsp;V\u00e9ronique Dubois<\/li>\n\n\n\n<li><strong>1<sup>\u00e8re<\/sup>&nbsp;-2e ann\u00e9e&nbsp;<\/strong>: Julie Dostie<\/li>\n<\/ul>\n\n\n\n<p class=\"wp-block-paragraph\"><strong>Compl\u00e9ment de t\u00e2ches <\/strong><\/p>\n\n\n\n<ul class=\"wp-block-list\">\n<li>Ariane Savard <\/li>\n<\/ul>\n\n\n\n<p class=\"wp-block-paragraph\"><strong>\u200bProfessionnels<\/strong><\/p>\n\n\n\n<ul class=\"wp-block-list\">\n<li><strong>Orthop\u00e9dagogue&nbsp;<\/strong>: Val\u00e9rie Lambert<\/li>\n\n\n\n<li><strong>Orthophoniste&nbsp;:&nbsp;<\/strong>Am\u00e9lie Mercier <\/li>\n\n\n\n<li><strong>Psycho\u00e9ducatrice :<\/strong> Corinne Fecteau<\/li>\n\n\n\n<li><strong>Ergoth\u00e9rapeute r\u00e9seau&nbsp;<\/strong>: Gabrielle Dumont-L\u00e9vesque <\/li>\n<\/ul>\n\n\n\n<p class=\"wp-block-paragraph\"><strong>\u200bSurveillance du midi<\/strong><\/p>\n\n\n\n<ul class=\"wp-block-list\">\n<li>Marie-Pier Lemay (aide \u00e0 la classe)<\/li>\n\n\n\n<li>Christine Comeau<\/li>\n<\/ul>\n\n\n\n<p class=\"wp-block-paragraph\"><strong>\u200bService de garde municipal<\/strong><\/p>\n\n\n\n<ul class=\"wp-block-list\">\n<li>Jos\u00e9e Tousignant <\/li>\n<\/ul>\n\n\n\n<hr class=\"wp-block-separator has-alpha-channel-opacity\" \/>\n\n\n\n<p class=\"wp-block-paragraph\"><strong>\u00c9cole du Ch\u00eane<\/strong><\/p>\n\n\n\n<p class=\"wp-block-paragraph\"><strong>Enseignants<\/strong><\/p>\n\n\n\n<ul class=\"wp-block-list\">\n<li><strong>Pr\u00e9scolaire 4&nbsp;ans<\/strong>&nbsp;: Josiane Dubois <\/li>\n\n\n\n<li><strong>Pr\u00e9scolaire 5 ans<\/strong>&nbsp;:&nbsp;Sandra Daigle <\/li>\n\n\n\n<li><strong>1<sup>\u00e8re<\/sup>&nbsp;ann\u00e9e<\/strong>&nbsp;: Emmanuelle C\u00f4t\u00e9<\/li>\n\n\n\n<li><strong>2<sup>\u00e8me&nbsp;<\/sup>ann\u00e9e<\/strong>&nbsp;:&nbsp;Laurie St-Onge <\/li>\n\n\n\n<li><strong>3<sup>\u00e8me<\/sup>ann\u00e9e<\/strong>&nbsp;:&nbsp; Jessie Beaudin-Maloney ( Genevi\u00e8ve Martel en remplacement)<\/li>\n\n\n\n<li><strong>4<sup>\u00e8me<\/sup><\/strong> <strong>ann\u00e9e:<\/strong> Andr\u00e9anne Boivin <\/li>\n\n\n\n<li><strong>5<sup>\u00e8me<\/sup> ann\u00e9e <\/strong>: V\u00e9ronique Fortier <\/li>\n\n\n\n<li><strong>6<sup>\u00e8me<\/sup>&nbsp;ann\u00e9e&nbsp;<\/strong>:&nbsp;Val\u00e9rie Lemay<\/li>\n<\/ul>\n\n\n\n<p class=\"wp-block-paragraph\"><strong>Compl\u00e9ments de t\u00e2ches<\/strong><\/p>\n\n\n\n<ul class=\"wp-block-list\">\n<li>Sabrina Caron <\/li>\n\n\n\n<li>Ariane Savard <\/li>\n<\/ul>\n\n\n\n<p class=\"wp-block-paragraph\"><strong>\u00c9ducatrices sp\u00e9cialis\u00e9es<\/strong><\/p>\n\n\n\n<ul class=\"wp-block-list\">\n<li>Clara Daigle<\/li>\n\n\n\n<li>Doroth\u00e9e Roy<\/li>\n\n\n\n<li>Daphn\u00e9 Mercier <\/li>\n<\/ul>\n\n\n\n<p class=\"wp-block-paragraph\"><strong>Professionnels<\/strong><\/p>\n\n\n\n<ul class=\"wp-block-list\">\n<li><strong>Orthop\u00e9dagogue<\/strong>&nbsp;:&nbsp;Marie-Christine Bergeron-Laroche<\/li>\n\n\n\n<li><strong>Orthophoniste&nbsp;<\/strong>: Am\u00e9lie Mercier<\/li>\n\n\n\n<li><strong>Psycho\u00e9ducatrice: <\/strong>Corinne Fecteau<\/li>\n\n\n\n<li><strong>Ergoth\u00e9rapeute&nbsp;r\u00e9seau<\/strong>:&nbsp;Gabrielle Dumont-L\u00e9vesque<\/li>\n<\/ul>\n\n\n\n<p class=\"wp-block-paragraph\"><strong>Surveillance du midi<\/strong><\/p>\n\n\n\n<ul class=\"wp-block-list\">\n<li>Sylvie Bernier<\/li>\n\n\n\n<li>Cathy Dion<\/li>\n<\/ul>\n\n\n\n<p class=\"wp-block-paragraph\"><strong>Aide \u00e0 la classe<\/strong><\/p>\n\n\n\n<ul class=\"wp-block-list\">\n<li>\u00c9milie Leclerc <\/li>\n\n\n\n<li>Audrey H\u00e9roux Gagnon<\/li>\n<\/ul>\n\n\n\n<p class=\"wp-block-paragraph\"><strong>Service de garde municipal<\/strong><\/p>\n\n\n\n<ul class=\"wp-block-list\">\n<li>Val\u00e9rie Auger<\/li>\n\n\n\n<li>Doroth\u00e9e Roy<\/li>\n<\/ul>\n\n\n\n<hr class=\"wp-block-separator has-alpha-channel-opacity\" \/>\n\n\n\n<p class=\"wp-block-paragraph\"><strong>\u00c9cole de la Falaise<\/strong><\/p>\n\n\n\n<p class=\"wp-block-paragraph\"><strong>Enseignants<\/strong><\/p>\n\n\n\n<ul class=\"wp-block-list\">\n<li><strong>3e- 4e ann\u00e9e<\/strong>:&nbsp;Val\u00e9rie Guimond<\/li>\n\n\n\n<li><strong>5e ann\u00e9e:<\/strong> Audrey Beaulieu <\/li>\n\n\n\n<li><strong>6e ann\u00e9e<\/strong> : Fanny St-Onge <\/li>\n<\/ul>\n\n\n\n<p class=\"wp-block-paragraph\"><strong>Compl\u00e9ment de t\u00e2ches<\/strong><\/p>\n\n\n\n<ul class=\"wp-block-list\">\n<li>Ariane Savard <\/li>\n<\/ul>\n\n\n\n<p class=\"wp-block-paragraph\"><strong>\u00c9ducatrice sp\u00e9cialis\u00e9e<\/strong><\/p>\n\n\n\n<ul class=\"wp-block-list\">\n<li>Sophie Lafrance<\/li>\n<\/ul>\n\n\n\n<p class=\"wp-block-paragraph\"><strong>Professionnels<\/strong><\/p>\n\n\n\n<ul class=\"wp-block-list\">\n<li><strong>Orthop\u00e9dagogues&nbsp;<\/strong>: Val\u00e9rie Lambert <\/li>\n\n\n\n<li><strong>Orthophoniste&nbsp;<\/strong>:&nbsp;Am\u00e9lie Mercier <\/li>\n\n\n\n<li><strong>Psycho\u00e9ducatrice :<\/strong> Corinne Fecteau<\/li>\n\n\n\n<li><strong>Ergoth\u00e9rapeute r\u00e9seau<\/strong> : Gabrielle Dumont-L\u00e9vesque<\/li>\n<\/ul>\n\n\n\n<p class=\"wp-block-paragraph\"><strong>Surveillance du midi et aide \u00e0 la classe<\/strong><\/p>\n\n\n\n<ul class=\"wp-block-list\">\n<li>Jessica Leclerc<\/li>\n<\/ul>\n\n\n\n<hr class=\"wp-block-separator has-alpha-channel-opacity\" \/>\n\n\n\n<p class=\"wp-block-paragraph\"><strong>Membres du personnel pour les trois \u00e9coles<\/strong><\/p>\n\n\n\n<ul class=\"wp-block-list\">\n<li><strong>Anglais&nbsp;<\/strong>:&nbsp;Catherine V\u00e9zina<\/li>\n\n\n\n<li><strong>\u00c9ducation physique&nbsp;<\/strong>:&nbsp;J\u00e9r\u00f4me Desch\u00eanes<\/li>\n\n\n\n<li><strong>Art dramatique&nbsp;<\/strong>:&nbsp;Virginie Leclerc-Blanchet<\/li>\n\n\n\n<li><strong>Infirmi\u00e8re&nbsp;<\/strong>:&nbsp;M\u00e9lanie Ferland <\/li>\n\n\n\n<li><strong>Hygi\u00e9niste dentaire<\/strong>&nbsp;:&nbsp;St\u00e9phanie Poulin<\/li>\n\n\n\n<li><strong>AVSEC&nbsp;<\/strong>:&nbsp;Rosalie Gagn\u00e9<\/li>\n<\/ul>\n","protected":false},"excerpt":{"rendered":"<p>Pour accompagner et guider les \u00e9l\u00e8ves, les membres du personnel s&rsquo;investissent totalement. Nous sommes convaincus que l&rsquo;\u00e9panouissement et la valorisation de chacun des \u00e9l\u00e8ves sont des \u00e9l\u00e9ments essentiels. Donc, nous encourageons fortement l&rsquo;attitude positive face au travail et l&rsquo;effort que les \u00e9l\u00e8ves doivent fournir lors de la r\u00e9alisation. Direction :&nbsp;Lysanne Bourguignon Secr\u00e9taire d&rsquo;\u00e9cole :&nbsp;\u00c9milie Joncas [&hellip;]<\/p>\n","protected":false},"author":1,"featured_media":0,"parent":6,"menu_order":0,"comment_status":"closed","ping_status":"closed","template":"","meta":{"_acf_changed":false,"_crdt_document":"","inline_featured_image":false,"footnotes":""},"categories":[],"tags":[],"class_list":["post-9","page","type-page","status-publish","hentry"],"acf":[],"yoast_head":"<!-- This site is optimized with the Yoast SEO plugin v27.5 - https:\/\/yoast.com\/product\/yoast-seo-wordpress\/ -->\n<title>Notre \u00e9quipe - \u00c9coles de la Berge, du Ch\u00eane, de la Falaise<\/title>\n<meta name=\"robots\" content=\"index, follow, max-snippet:-1, max-image-preview:large, max-video-preview:-1\" \/>\n<link rel=\"canonical\" href=\"https:\/\/cssdn.gouv.qc.ca\/chenebergefalaise\/a-propos\/notre-equipe\/\" \/>\n<meta property=\"og:locale\" content=\"fr_CA\" \/>\n<meta property=\"og:type\" content=\"article\" \/>\n<meta property=\"og:title\" content=\"Notre \u00e9quipe - \u00c9coles de la Berge, du Ch\u00eane, de la Falaise\" \/>\n<meta property=\"og:description\" content=\"Pour accompagner et guider les \u00e9l\u00e8ves, les membres du personnel s&rsquo;investissent totalement. Nous sommes convaincus que l&rsquo;\u00e9panouissement et la valorisation de chacun des \u00e9l\u00e8ves sont des \u00e9l\u00e9ments essentiels. Donc, nous encourageons fortement l&rsquo;attitude positive face au travail et l&rsquo;effort que les \u00e9l\u00e8ves doivent fournir lors de la r\u00e9alisation. Direction :&nbsp;Lysanne Bourguignon Secr\u00e9taire d&rsquo;\u00e9cole :&nbsp;\u00c9milie Joncas [&hellip;]\" \/>\n<meta property=\"og:url\" content=\"https:\/\/cssdn.gouv.qc.ca\/chenebergefalaise\/a-propos\/notre-equipe\/\" \/>\n<meta property=\"og:site_name\" content=\"\u00c9coles de la Berge, du Ch\u00eane, de la Falaise\" \/>\n<meta property=\"article:publisher\" content=\"https:\/\/www.facebook.com\/bergechenefalaise\" \/>\n<meta property=\"article:modified_time\" content=\"2025-10-23T13:32:31+00:00\" \/>\n<meta name=\"twitter:card\" content=\"summary_large_image\" \/>\n<meta name=\"twitter:label1\" content=\"Estimation du temps de lecture\" \/>\n\t<meta name=\"twitter:data1\" content=\"2 minutes\" \/>\n<script type=\"application\/ld+json\" class=\"yoast-schema-graph\">{\"@context\":\"https:\\\/\\\/schema.org\",\"@graph\":[{\"@type\":\"WebPage\",\"@id\":\"https:\\\/\\\/cssdn.gouv.qc.ca\\\/chenebergefalaise\\\/a-propos\\\/notre-equipe\\\/\",\"url\":\"https:\\\/\\\/cssdn.gouv.qc.ca\\\/chenebergefalaise\\\/a-propos\\\/notre-equipe\\\/\",\"name\":\"Notre \u00e9quipe - \u00c9coles de la Berge, du Ch\u00eane, de la Falaise\",\"isPartOf\":{\"@id\":\"https:\\\/\\\/cssdn.gouv.qc.ca\\\/chenebergefalaise\\\/#website\"},\"primaryImageOfPage\":{\"@id\":\"https:\\\/\\\/cssdn.gouv.qc.ca\\\/chenebergefalaise\\\/a-propos\\\/notre-equipe\\\/#primaryimage\"},\"image\":{\"@id\":\"https:\\\/\\\/cssdn.gouv.qc.ca\\\/chenebergefalaise\\\/a-propos\\\/notre-equipe\\\/#primaryimage\"},\"thumbnailUrl\":\"https:\\\/\\\/stage.cssdn.gouv.qc.ca\\\/wp-content\\\/uploads\\\/2022\\\/08\\\/Seawire-Hero-06.jpg\",\"datePublished\":\"2022-11-08T21:07:54+00:00\",\"dateModified\":\"2025-10-23T13:32:31+00:00\",\"breadcrumb\":{\"@id\":\"https:\\\/\\\/cssdn.gouv.qc.ca\\\/chenebergefalaise\\\/a-propos\\\/notre-equipe\\\/#breadcrumb\"},\"inLanguage\":\"fr-CA\",\"potentialAction\":[{\"@type\":\"ReadAction\",\"target\":[\"https:\\\/\\\/cssdn.gouv.qc.ca\\\/chenebergefalaise\\\/a-propos\\\/notre-equipe\\\/\"]}]},{\"@type\":\"ImageObject\",\"inLanguage\":\"fr-CA\",\"@id\":\"https:\\\/\\\/cssdn.gouv.qc.ca\\\/chenebergefalaise\\\/a-propos\\\/notre-equipe\\\/#primaryimage\",\"url\":\"https:\\\/\\\/stage.cssdn.gouv.qc.ca\\\/wp-content\\\/uploads\\\/2022\\\/08\\\/Seawire-Hero-06.jpg\",\"contentUrl\":\"https:\\\/\\\/stage.cssdn.gouv.qc.ca\\\/wp-content\\\/uploads\\\/2022\\\/08\\\/Seawire-Hero-06.jpg\"},{\"@type\":\"BreadcrumbList\",\"@id\":\"https:\\\/\\\/cssdn.gouv.qc.ca\\\/chenebergefalaise\\\/a-propos\\\/notre-equipe\\\/#breadcrumb\",\"itemListElement\":[{\"@type\":\"ListItem\",\"position\":1,\"name\":\"Accueil\",\"item\":\"https:\\\/\\\/cssdn.gouv.qc.ca\\\/chenebergefalaise\\\/\"},{\"@type\":\"ListItem\",\"position\":2,\"name\":\"\u00c0 propos\",\"item\":\"https:\\\/\\\/cssdn.gouv.qc.ca\\\/chenebergefalaise\\\/a-propos\\\/\"},{\"@type\":\"ListItem\",\"position\":3,\"name\":\"Notre \u00e9quipe\"}]},{\"@type\":\"WebSite\",\"@id\":\"https:\\\/\\\/cssdn.gouv.qc.ca\\\/chenebergefalaise\\\/#website\",\"url\":\"https:\\\/\\\/cssdn.gouv.qc.ca\\\/chenebergefalaise\\\/\",\"name\":\"\u00c9coles de la Berge, du Ch\u00eane, de la Falaise\",\"description\":\"Un site des centres de services scolaires des Navigateurs\",\"publisher\":{\"@id\":\"https:\\\/\\\/cssdn.gouv.qc.ca\\\/chenebergefalaise\\\/#organization\"},\"potentialAction\":[{\"@type\":\"SearchAction\",\"target\":{\"@type\":\"EntryPoint\",\"urlTemplate\":\"https:\\\/\\\/cssdn.gouv.qc.ca\\\/chenebergefalaise\\\/?s={search_term_string}\"},\"query-input\":{\"@type\":\"PropertyValueSpecification\",\"valueRequired\":true,\"valueName\":\"search_term_string\"}}],\"inLanguage\":\"fr-CA\"},{\"@type\":\"Organization\",\"@id\":\"https:\\\/\\\/cssdn.gouv.qc.ca\\\/chenebergefalaise\\\/#organization\",\"name\":\"\u00c9coles de la Berge, du Ch\u00eane, de la Falaise\",\"url\":\"https:\\\/\\\/cssdn.gouv.qc.ca\\\/chenebergefalaise\\\/\",\"logo\":{\"@type\":\"ImageObject\",\"inLanguage\":\"fr-CA\",\"@id\":\"https:\\\/\\\/cssdn.gouv.qc.ca\\\/chenebergefalaise\\\/#\\\/schema\\\/logo\\\/image\\\/\",\"url\":\"https:\\\/\\\/cssdn.gouv.qc.ca\\\/chenebergefalaise\\\/wp-content\\\/uploads\\\/sites\\\/23\\\/2023\\\/01\\\/logo_quebec.svg\",\"contentUrl\":\"https:\\\/\\\/cssdn.gouv.qc.ca\\\/chenebergefalaise\\\/wp-content\\\/uploads\\\/sites\\\/23\\\/2023\\\/01\\\/logo_quebec.svg\",\"width\":188,\"height\":41,\"caption\":\"\u00c9coles de la Berge, du Ch\u00eane, de la Falaise\"},\"image\":{\"@id\":\"https:\\\/\\\/cssdn.gouv.qc.ca\\\/chenebergefalaise\\\/#\\\/schema\\\/logo\\\/image\\\/\"},\"sameAs\":[\"https:\\\/\\\/www.facebook.com\\\/bergechenefalaise\"]}]}<\/script>\n<!-- \/ Yoast SEO plugin. -->","yoast_head_json":{"title":"Notre \u00e9quipe - \u00c9coles de la Berge, du Ch\u00eane, de la Falaise","robots":{"index":"index","follow":"follow","max-snippet":"max-snippet:-1","max-image-preview":"max-image-preview:large","max-video-preview":"max-video-preview:-1"},"canonical":"https:\/\/cssdn.gouv.qc.ca\/chenebergefalaise\/a-propos\/notre-equipe\/","og_locale":"fr_CA","og_type":"article","og_title":"Notre \u00e9quipe - \u00c9coles de la Berge, du Ch\u00eane, de la Falaise","og_description":"Pour accompagner et guider les \u00e9l\u00e8ves, les membres du personnel s&rsquo;investissent totalement. Nous sommes convaincus que l&rsquo;\u00e9panouissement et la valorisation de chacun des \u00e9l\u00e8ves sont des \u00e9l\u00e9ments essentiels. Donc, nous encourageons fortement l&rsquo;attitude positive face au travail et l&rsquo;effort que les \u00e9l\u00e8ves doivent fournir lors de la r\u00e9alisation. Direction :&nbsp;Lysanne Bourguignon Secr\u00e9taire d&rsquo;\u00e9cole :&nbsp;\u00c9milie Joncas [&hellip;]","og_url":"https:\/\/cssdn.gouv.qc.ca\/chenebergefalaise\/a-propos\/notre-equipe\/","og_site_name":"\u00c9coles de la Berge, du Ch\u00eane, de la Falaise","article_publisher":"https:\/\/www.facebook.com\/bergechenefalaise","article_modified_time":"2025-10-23T13:32:31+00:00","twitter_card":"summary_large_image","twitter_misc":{"Estimation du temps de lecture":"2 minutes"},"schema":{"@context":"https:\/\/schema.org","@graph":[{"@type":"WebPage","@id":"https:\/\/cssdn.gouv.qc.ca\/chenebergefalaise\/a-propos\/notre-equipe\/","url":"https:\/\/cssdn.gouv.qc.ca\/chenebergefalaise\/a-propos\/notre-equipe\/","name":"Notre \u00e9quipe - \u00c9coles de la Berge, du Ch\u00eane, de la Falaise","isPartOf":{"@id":"https:\/\/cssdn.gouv.qc.ca\/chenebergefalaise\/#website"},"primaryImageOfPage":{"@id":"https:\/\/cssdn.gouv.qc.ca\/chenebergefalaise\/a-propos\/notre-equipe\/#primaryimage"},"image":{"@id":"https:\/\/cssdn.gouv.qc.ca\/chenebergefalaise\/a-propos\/notre-equipe\/#primaryimage"},"thumbnailUrl":"https:\/\/stage.cssdn.gouv.qc.ca\/wp-content\/uploads\/2022\/08\/Seawire-Hero-06.jpg","datePublished":"2022-11-08T21:07:54+00:00","dateModified":"2025-10-23T13:32:31+00:00","breadcrumb":{"@id":"https:\/\/cssdn.gouv.qc.ca\/chenebergefalaise\/a-propos\/notre-equipe\/#breadcrumb"},"inLanguage":"fr-CA","potentialAction":[{"@type":"ReadAction","target":["https:\/\/cssdn.gouv.qc.ca\/chenebergefalaise\/a-propos\/notre-equipe\/"]}]},{"@type":"ImageObject","inLanguage":"fr-CA","@id":"https:\/\/cssdn.gouv.qc.ca\/chenebergefalaise\/a-propos\/notre-equipe\/#primaryimage","url":"https:\/\/stage.cssdn.gouv.qc.ca\/wp-content\/uploads\/2022\/08\/Seawire-Hero-06.jpg","contentUrl":"https:\/\/stage.cssdn.gouv.qc.ca\/wp-content\/uploads\/2022\/08\/Seawire-Hero-06.jpg"},{"@type":"BreadcrumbList","@id":"https:\/\/cssdn.gouv.qc.ca\/chenebergefalaise\/a-propos\/notre-equipe\/#breadcrumb","itemListElement":[{"@type":"ListItem","position":1,"name":"Accueil","item":"https:\/\/cssdn.gouv.qc.ca\/chenebergefalaise\/"},{"@type":"ListItem","position":2,"name":"\u00c0 propos","item":"https:\/\/cssdn.gouv.qc.ca\/chenebergefalaise\/a-propos\/"},{"@type":"ListItem","position":3,"name":"Notre \u00e9quipe"}]},{"@type":"WebSite","@id":"https:\/\/cssdn.gouv.qc.ca\/chenebergefalaise\/#website","url":"https:\/\/cssdn.gouv.qc.ca\/chenebergefalaise\/","name":"\u00c9coles de la Berge, du Ch\u00eane, de la Falaise","description":"Un site des centres de services scolaires des Navigateurs","publisher":{"@id":"https:\/\/cssdn.gouv.qc.ca\/chenebergefalaise\/#organization"},"potentialAction":[{"@type":"SearchAction","target":{"@type":"EntryPoint","urlTemplate":"https:\/\/cssdn.gouv.qc.ca\/chenebergefalaise\/?s={search_term_string}"},"query-input":{"@type":"PropertyValueSpecification","valueRequired":true,"valueName":"search_term_string"}}],"inLanguage":"fr-CA"},{"@type":"Organization","@id":"https:\/\/cssdn.gouv.qc.ca\/chenebergefalaise\/#organization","name":"\u00c9coles de la Berge, du Ch\u00eane, de la Falaise","url":"https:\/\/cssdn.gouv.qc.ca\/chenebergefalaise\/","logo":{"@type":"ImageObject","inLanguage":"fr-CA","@id":"https:\/\/cssdn.gouv.qc.ca\/chenebergefalaise\/#\/schema\/logo\/image\/","url":"https:\/\/cssdn.gouv.qc.ca\/chenebergefalaise\/wp-content\/uploads\/sites\/23\/2023\/01\/logo_quebec.svg","contentUrl":"https:\/\/cssdn.gouv.qc.ca\/chenebergefalaise\/wp-content\/uploads\/sites\/23\/2023\/01\/logo_quebec.svg","width":188,"height":41,"caption":"\u00c9coles de la Berge, du Ch\u00eane, de la Falaise"},"image":{"@id":"https:\/\/cssdn.gouv.qc.ca\/chenebergefalaise\/#\/schema\/logo\/image\/"},"sameAs":["https:\/\/www.facebook.com\/bergechenefalaise"]}]}},"publishpress_future_action":{"enabled":false,"date":"2026-05-10 02:39:56","action":"change-status","newStatus":"draft","terms":[],"taxonomy":"category","extraData":[]},"publishpress_future_workflow_manual_trigger":{"enabledWorkflows":[]},"_links":{"self":[{"href":"https:\/\/cssdn.gouv.qc.ca\/chenebergefalaise\/wp-json\/wp\/v2\/pages\/9","targetHints":{"allow":["GET"]}}],"collection":[{"href":"https:\/\/cssdn.gouv.qc.ca\/chenebergefalaise\/wp-json\/wp\/v2\/pages"}],"about":[{"href":"https:\/\/cssdn.gouv.qc.ca\/chenebergefalaise\/wp-json\/wp\/v2\/types\/page"}],"author":[{"embeddable":true,"href":"https:\/\/cssdn.gouv.qc.ca\/chenebergefalaise\/wp-json\/wp\/v2\/users\/1"}],"replies":[{"embeddable":true,"href":"https:\/\/cssdn.gouv.qc.ca\/chenebergefalaise\/wp-json\/wp\/v2\/comments?post=9"}],"version-history":[{"count":0,"href":"https:\/\/cssdn.gouv.qc.ca\/chenebergefalaise\/wp-json\/wp\/v2\/pages\/9\/revisions"}],"up":[{"embeddable":true,"href":"https:\/\/cssdn.gouv.qc.ca\/chenebergefalaise\/wp-json\/wp\/v2\/pages\/6"}],"wp:attachment":[{"href":"https:\/\/cssdn.gouv.qc.ca\/chenebergefalaise\/wp-json\/wp\/v2\/media?parent=9"}],"wp:term":[{"taxonomy":"category","embeddable":true,"href":"https:\/\/cssdn.gouv.qc.ca\/chenebergefalaise\/wp-json\/wp\/v2\/categories?post=9"},{"taxonomy":"post_tag","embeddable":true,"href":"https:\/\/cssdn.gouv.qc.ca\/chenebergefalaise\/wp-json\/wp\/v2\/tags?post=9"}],"curies":[{"name":"wp","href":"https:\/\/api.w.org\/{rel}","templated":true}]}}