
{"id":10,"date":"2022-11-08T16:07:54","date_gmt":"2022-11-08T21:07:54","guid":{"rendered":"https:\/\/cssdn.gouv.qc.ca\/clairsoleil\/a-propos\/conseil-detablissement\/"},"modified":"2026-03-24T11:28:43","modified_gmt":"2026-03-24T15:28:43","slug":"conseil-detablissement","status":"publish","type":"page","link":"https:\/\/cssdn.gouv.qc.ca\/clairsoleil\/a-propos\/conseil-detablissement\/","title":{"rendered":"Conseil d&rsquo;\u00e9tablissement"},"content":{"rendered":"\n<div class=\"wp-block-cover alignfull is-light is-style-title-banner\"><img decoding=\"async\" class=\"wp-block-cover__image-background wp-image-111 lazyload\" alt=\"\" data-src=\"https:\/\/cssdn.gouv.qc.ca\/wp-content\/uploads\/2022\/08\/Seawire-Hero-06.jpg\" data-object-fit=\"cover\" src=\"data:image\/svg+xml;base64,PHN2ZyB3aWR0aD0iMSIgaGVpZ2h0PSIxIiB4bWxucz0iaHR0cDovL3d3dy53My5vcmcvMjAwMC9zdmciPjwvc3ZnPg==\" \/><span aria-hidden=\"true\" class=\"wp-block-cover__background has-primary-background-color has-background-dim\"><\/span><div class=\"wp-block-cover__inner-container\"><h3 class=\"wp-block-post-title\">Conseil d&rsquo;\u00e9tablissement<\/h3><\/div><\/div>\n\n\n\n<div class=\"wp-block-group alignfull has-padding-y-large has-secondary-background-color has-background\"><div class=\"yoast-breadcrumbs alignwide \"><span class=\"breadcrumbs\"><a href=\"https:\/\/cssdn.gouv.qc.ca\/clairsoleil\/\" class=\"breadcrumbs__element\">Accueil<\/a> <span class=\"breadcrumbs__separator\">\n        <svg class=\"icon icon-breadcrumb__separator\"><use xlink:href=\"#icon-breadcrumb__separator\"><\/use><\/svg>\n    <\/span> <a href=\"https:\/\/cssdn.gouv.qc.ca\/clairsoleil\/a-propos\/\" class=\"breadcrumbs__element\">\u00c0 propos<\/a> <span class=\"breadcrumbs__separator\">\n        <svg class=\"icon icon-breadcrumb__separator\"><use xlink:href=\"#icon-breadcrumb__separator\"><\/use><\/svg>\n    <\/span> <span class=\"breadcrumbs__element breadcrumbs__element-current\">Conseil d&rsquo;\u00e9tablissement<\/span><\/span><\/div><\/div>\n\n\n\n<h3 class=\"wp-block-heading\">Liste des membres<\/h3>\n\n\n\n<div class=\"wp-block-columns\">\n<div class=\"wp-block-column\" style=\"flex-basis:100%\">\n<figure class=\"wp-block-table is-style-regular\"><table><thead><tr><th>Nom, pr\u00e9nom<\/th><th>Poste<\/th><\/tr><\/thead><tbody><tr><td>L\u00e9tourneau, Manon<\/td><td>Pr\u00e9sidente du CE<br>Repr\u00e9sentante au CP (Comit\u00e9 de parents)<br>PARENT<\/td><\/tr><tr><td>Gagnon-Poliquin, Michelle<br><\/td><td>Vice-pr\u00e9sidente du CE<br>PARENT<\/td><\/tr><tr><td>Ren\u00e9, Louis-Charles<\/td><td>Secr\u00e9taire du CE<br>PARENT<\/td><\/tr><tr><td>Savoie, Jo\u00ebl<\/td><td>Repr\u00e9sentant au CP (Comit\u00e9 de parents)<br>PARENT<\/td><\/tr><tr><td>Grould, Lucie<\/td><td>Repr\u00e9sentante au CP (Comit\u00e9 de parents)<br>PARENT<\/td><\/tr><tr><td>M\u00e9thot, Marie-Ange<\/td><td>PARENT -substitut au Conseil d&rsquo;\u00e9tablissement<\/td><\/tr><tr><td>Fr\u00e8ve, M\u00e9lanie<\/td><td>Enseignante<\/td><\/tr><tr><td>Ferland, Myriam<\/td><td>Enseignante<\/td><\/tr><tr><td>Lavall\u00e9e, Marie-H\u00e9l\u00e8ne<\/td><td>Repr\u00e9sentante du SDG<\/td><\/tr><tr><td>Roy, Nancy<\/td><td>Directrice<\/td><\/tr><\/tbody><\/table><\/figure>\n<\/div>\n<\/div>\n\n\n\n<h3 class=\"wp-block-heading\">2025-2026<\/h3>\n\n\n\n<p class=\"wp-block-paragraph\"><\/p>\n\n\n\n<table style=\"width: 100%;border-collapse: collapse;border: 1px solid #ddd\">\n    <thead>\n        <tr style=\"background-color: #f2b705;color: #000\">\n            <th style=\"padding: 12px;text-align: left;border: 1px solid #ddd\" colspan=\"2\">CALENDRIER DES RENCONTRES<\/th>\n        <\/tr>\n    <\/thead>\n    <tbody>\n        <tr>\n            <td style=\"padding: 10px;border: 1px solid #ddd\">Mardi 10 septembre 2025<\/td>\n            <td style=\"padding: 10px;border: 1px solid #ddd\"><strong>AGA des parents<\/strong><\/td>\n        <\/tr>\n        <tr style=\"background-color: #f9f9f9\">\n            <td style=\"padding: 10px;border: 1px solid #ddd\">Mardi 14 octobre 2025<\/td>\n            <td style=\"padding: 10px;border: 1px solid #ddd\">19 h<\/td>\n        <\/tr>\n        <tr>\n            <td style=\"padding: 10px;border: 1px solid #ddd\">Lundi 1er d\u00e9cembre 2025<\/td>\n            <td style=\"padding: 10px;border: 1px solid #ddd\">19 h<\/td>\n        <\/tr>\n        <tr style=\"background-color: #f9f9f9\">\n            <td style=\"padding: 10px;border: 1px solid #ddd\">Lundi 2 f\u00e9vrier 2026<\/td>\n            <td style=\"padding: 10px;border: 1px solid #ddd\">19 h<\/td>\n        <\/tr>\n        <tr>\n            <td style=\"padding: 10px;border: 1px solid #ddd\">Mardi 24 mars 2026<\/td>\n            <td style=\"padding: 10px;border: 1px solid #ddd\">19 h<\/td>\n        <\/tr>\n        <tr style=\"background-color: #f9f9f9\">\n            <td style=\"padding: 10px;border: 1px solid #ddd\">Lundi 4 mai 2026<\/td>\n            <td style=\"padding: 10px;border: 1px solid #ddd\">19 h 15<\/td>\n        <\/tr>\n        <tr>\n            <td style=\"padding: 10px;border: 1px solid #ddd\">Mercredi 3 juin 2026<\/td>\n            <td style=\"padding: 10px;border: 1px solid #ddd\">19 h<\/td>\n        <\/tr>\n    <\/tbody>\n<\/table>\n\n\n\n<div class=\"act-collapsible\">\n<h2 class=\"wp-block-heading act-collapsible__heading\"><\/h2>\n\n\n\n<div class=\"act-collapsible__content\"><div class=\"act-collapsible__content-inner\">\n<p class=\"wp-block-paragraph\"><\/p>\n<\/div><\/div>\n<\/div>\n\n\n\n<div class=\"act-collapsible\">\n<h2 class=\"wp-block-heading act-collapsible__heading\">Proc\u00e8s-verbaux<\/h2>\n\n\n\n<div class=\"act-collapsible__content\"><div class=\"act-collapsible__content-inner\">\n<p class=\"wp-block-paragraph\"><strong>2025-2026<\/strong><\/p>\n\n\n\n<div data-wp-interactive=\"core\/file\" class=\"wp-block-file\"><object data-wp-bind--hidden=\"!state.hasPdfPreview\" hidden class=\"wp-block-file__embed\" data=\"https:\/\/cssdn.gouv.qc.ca\/clairsoleil\/wp-content\/uploads\/sites\/24\/2026\/03\/PV_CE-du-14-oct-2025-ss-signatures.pdf\" type=\"application\/pdf\" style=\"width:100%;height:600px\" aria-label=\"Contenu incorpor\u00e9 PV_CE du 14 oct 2025-ss signatures.\"><\/object><a id=\"wp-block-file--media-e555d0df-65f5-4ea3-9765-fda29dcafd48\" href=\"https:\/\/cssdn.gouv.qc.ca\/clairsoleil\/wp-content\/uploads\/sites\/24\/2026\/03\/PV_CE-du-14-oct-2025-ss-signatures.pdf\">PV_CE du 14 oct 2025-ss signatures<\/a><a href=\"https:\/\/cssdn.gouv.qc.ca\/clairsoleil\/wp-content\/uploads\/sites\/24\/2026\/03\/PV_CE-du-14-oct-2025-ss-signatures.pdf\" class=\"wp-block-file__button wp-element-button\" download aria-describedby=\"wp-block-file--media-e555d0df-65f5-4ea3-9765-fda29dcafd48\">Download<\/a><\/div>\n\n\n\n<p class=\"wp-block-paragraph\"><strong>2024-2025<\/strong><\/p>\n\n\n\n<div class=\"wp-block-file\"><a id=\"wp-block-file--media-05b7a899-8678-4fe6-8bf9-4e1dc1684634\" href=\"https:\/\/cssdn.gouv.qc.ca\/clairsoleil\/wp-content\/uploads\/sites\/24\/2025\/06\/PV-seance_4-CE-du-5-mai-2025-_projet.pdf\" target=\"_blank\" rel=\"noreferrer noopener\">5 mai 2025 <\/a><\/div>\n\n\n\n<div class=\"wp-block-file\"><a id=\"wp-block-file--media-9d7393a8-5cfe-432b-87aa-ee2beb99a4ba\" href=\"https:\/\/cssdn.gouv.qc.ca\/clairsoleil\/wp-content\/uploads\/sites\/24\/2025\/06\/PV_CE-du-24-mars-2025_projet-1.pdf\" target=\"_blank\" rel=\"noreferrer noopener\">24 mars 2025<\/a><\/div>\n\n\n\n<div class=\"wp-block-file\"><a id=\"wp-block-file--media-bc3593ec-a0e6-494f-bce9-127bdb8067aa\" href=\"https:\/\/cssdn.gouv.qc.ca\/clairsoleil\/wp-content\/uploads\/sites\/24\/2025\/03\/PV_CE-du-3-fevrier-2025_projet.pdf\" target=\"_blank\" rel=\"noreferrer noopener\">3 f\u00e9vrier 2025<\/a><\/div>\n\n\n\n<div class=\"wp-block-file\"><a id=\"wp-block-file--media-b096d4fb-d1a8-46b8-96f3-1fca03b1d2c8\" href=\"https:\/\/cssdn.gouv.qc.ca\/clairsoleil\/wp-content\/uploads\/sites\/24\/2025\/02\/PV_CE-du-10-dec-2024_projet2-1.pdf\" target=\"_blank\" rel=\"noreferrer noopener\">10 d\u00e9cembre 2024<\/a><\/div>\n\n\n\n<div class=\"wp-block-file\"><a id=\"wp-block-file--media-cdc7d146-98c8-42bb-9858-786d32d7a024\" href=\"https:\/\/cssdn.gouv.qc.ca\/clairsoleil\/wp-content\/uploads\/sites\/24\/2024\/12\/PV_CE-du-28-oct-2024_.pdf\" target=\"_blank\" rel=\"noreferrer noopener\">28 octobre 2024<\/a><\/div>\n\n\n\n<div class=\"wp-block-file\"><a id=\"wp-block-file--media-c9b2e8f6-1862-477c-8dfe-d055f72a143d\" href=\"https:\/\/cssdn.gouv.qc.ca\/clairsoleil\/wp-content\/uploads\/sites\/24\/2024\/12\/ODJ-AGA_10-sept-2024_.pdf\" target=\"_blank\" rel=\"noreferrer noopener\">10 septembre 2024<\/a><\/div>\n\n\n\n<p class=\"wp-block-paragraph\"><strong>2023-2024<\/strong><\/p>\n\n\n\n<div class=\"wp-block-file\"><a id=\"wp-block-file--media-0d08ca9d-9b10-4944-99a9-0ca158a7d14b\" href=\"https:\/\/cssdn.gouv.qc.ca\/clairsoleil\/wp-content\/uploads\/sites\/24\/2024\/12\/PV-seance_5-CE-du-12-juin-2024-_projet-2.pdf\" target=\"_blank\" rel=\"noreferrer noopener\">12 juin 2024<\/a><\/div>\n\n\n\n<div class=\"wp-block-file\"><a id=\"wp-block-file--media-7f52c000-48ee-43b1-91e5-c60a58085fa7\" href=\"https:\/\/cssdn.gouv.qc.ca\/clairsoleil\/wp-content\/uploads\/sites\/24\/2024\/12\/PV-seance_4-CE-du-7-mai-2024-_-4.pdf\" target=\"_blank\" rel=\"noreferrer noopener\">7 mai 2024 <\/a><\/div>\n\n\n\n<div class=\"wp-block-file\"><a id=\"wp-block-file--media-5e0ccfe0-8099-4673-8895-facedaed8149\" href=\"https:\/\/cssdn.gouv.qc.ca\/clairsoleil\/wp-content\/uploads\/sites\/24\/2024\/12\/PV-seance_3-CE-du-29-janv-2024_projet.pdf\" target=\"_blank\" rel=\"noreferrer noopener\">29 janv. 2024<\/a><\/div>\n\n\n\n<div class=\"wp-block-file\"><a id=\"wp-block-file--media-6c3c9365-766e-47ff-93db-5167f8f6a515\" href=\"https:\/\/cssdn.gouv.qc.ca\/clairsoleil\/wp-content\/uploads\/sites\/24\/2024\/12\/PV-seance_2-CE-du-19-dec-2023-_.pdf\" target=\"_blank\" rel=\"noreferrer noopener\">19 d\u00e9cembre 2023<\/a><\/div>\n\n\n\n<div class=\"wp-block-file\"><a id=\"wp-block-file--media-39b84a2d-d8f0-49c4-9184-eeaf20f9f15a\" href=\"https:\/\/cssdn.gouv.qc.ca\/clairsoleil\/wp-content\/uploads\/sites\/24\/2024\/12\/PV-seance_1-du-18-oct-2023_.pdf\" target=\"_blank\" rel=\"noreferrer noopener\">18 oct. 2023<\/a><\/div>\n\n\n\n<div class=\"wp-block-file\"><a id=\"wp-block-file--media-c95a0fd2-586f-47cc-8d01-4d768d064e6f\" href=\"https:\/\/cssdn.gouv.qc.ca\/clairsoleil\/wp-content\/uploads\/sites\/24\/2024\/12\/PV-AGA_12-sept-2023_.pdf\" target=\"_blank\" rel=\"noreferrer noopener\">12 septembre 2023<\/a><\/div>\n<\/div><\/div>\n<\/div>\n\n\n\n<h3 class=\"wp-block-heading\">Rapports annuels du conseil d&rsquo;\u00e9tablissement<\/h3>\n\n\n\n<p class=\"wp-block-paragraph\"><strong>Rapport annuel 2023-2024<\/strong><\/p>\n\n\n\n<div class=\"wp-block-file\"><a id=\"wp-block-file--media-e767bedc-f905-422c-a34b-1c4a8857f170\" href=\"https:\/\/cssdn.gouv.qc.ca\/clairsoleil\/wp-content\/uploads\/sites\/24\/2024\/12\/MEQ_Rapport-annuel-CE_2023-2024-1.pdf\" target=\"_blank\" rel=\"noreferrer noopener\">Rapport annuel du conseil d&rsquo;\u00e9tablissement<\/a><\/div>\n\n\n\n<p class=\"wp-block-paragraph\"><strong>Rapport annuel du CE 2022-2023<\/strong> <\/p>\n\n\n\n<div class=\"wp-block-file\"><a id=\"wp-block-file--media-e4666018-ebce-4ec9-b208-5c8c4b73b0ef\" href=\"https:\/\/cssdn.gouv.qc.ca\/clairsoleil\/wp-content\/uploads\/sites\/24\/2024\/12\/MEQ_Rapport-annuel-CE_2022-2023.pdf\" target=\"_blank\" rel=\"noreferrer noopener\">Rapport annuel du conseil d&rsquo;\u00e9tablissement<\/a><\/div>\n\n\n\n<p class=\"wp-block-paragraph\"><br><br><\/p>\n\n\n\n<p class=\"wp-block-paragraph\"><\/p>\n","protected":false},"excerpt":{"rendered":"<p>Liste des membres Nom, pr\u00e9nom Poste L\u00e9tourneau, Manon Pr\u00e9sidente du CERepr\u00e9sentante au CP (Comit\u00e9 de parents)PARENT Gagnon-Poliquin, Michelle Vice-pr\u00e9sidente du CEPARENT Ren\u00e9, Louis-Charles Secr\u00e9taire du CEPARENT Savoie, Jo\u00ebl Repr\u00e9sentant au CP (Comit\u00e9 de parents)PARENT Grould, Lucie Repr\u00e9sentante au CP (Comit\u00e9 de parents)PARENT M\u00e9thot, Marie-Ange PARENT -substitut au Conseil d&rsquo;\u00e9tablissement Fr\u00e8ve, M\u00e9lanie Enseignante Ferland, Myriam Enseignante [&hellip;]<\/p>\n","protected":false},"author":1,"featured_media":0,"parent":6,"menu_order":0,"comment_status":"closed","ping_status":"closed","template":"","meta":{"_acf_changed":false,"_crdt_document":"","inline_featured_image":false,"footnotes":""},"categories":[],"tags":[],"class_list":["post-10","page","type-page","status-publish","hentry"],"acf":[],"yoast_head":"<!-- This site is optimized with the Yoast SEO plugin v27.4 - https:\/\/yoast.com\/product\/yoast-seo-wordpress\/ -->\n<title>Conseil d&#039;\u00e9tablissement - \u00c9cole Clair-Soleil<\/title>\n<meta name=\"robots\" content=\"index, follow, max-snippet:-1, max-image-preview:large, max-video-preview:-1\" \/>\n<link rel=\"canonical\" href=\"https:\/\/cssdn.gouv.qc.ca\/clairsoleil\/a-propos\/conseil-detablissement\/\" \/>\n<meta property=\"og:locale\" content=\"fr_CA\" \/>\n<meta property=\"og:type\" content=\"article\" \/>\n<meta property=\"og:title\" content=\"Conseil d&#039;\u00e9tablissement - \u00c9cole Clair-Soleil\" \/>\n<meta property=\"og:description\" content=\"Liste des membres Nom, pr\u00e9nom Poste L\u00e9tourneau, Manon Pr\u00e9sidente du CERepr\u00e9sentante au CP (Comit\u00e9 de parents)PARENT Gagnon-Poliquin, Michelle Vice-pr\u00e9sidente du CEPARENT Ren\u00e9, Louis-Charles Secr\u00e9taire du CEPARENT Savoie, Jo\u00ebl Repr\u00e9sentant au CP (Comit\u00e9 de parents)PARENT Grould, Lucie Repr\u00e9sentante au CP (Comit\u00e9 de parents)PARENT M\u00e9thot, Marie-Ange PARENT -substitut au Conseil d&rsquo;\u00e9tablissement Fr\u00e8ve, M\u00e9lanie Enseignante Ferland, Myriam Enseignante [&hellip;]\" \/>\n<meta property=\"og:url\" content=\"https:\/\/cssdn.gouv.qc.ca\/clairsoleil\/a-propos\/conseil-detablissement\/\" \/>\n<meta property=\"og:site_name\" content=\"\u00c9cole Clair-Soleil\" \/>\n<meta property=\"article:publisher\" content=\"https:\/\/www.facebook.com\/profile.php?id=100063489011162\" \/>\n<meta property=\"article:modified_time\" content=\"2026-03-24T15:28:43+00:00\" \/>\n<meta name=\"twitter:card\" content=\"summary_large_image\" \/>\n<meta name=\"twitter:label1\" content=\"Estimation du temps de lecture\" \/>\n\t<meta name=\"twitter:data1\" content=\"2 minutes\" \/>\n<script type=\"application\/ld+json\" class=\"yoast-schema-graph\">{\"@context\":\"https:\\\/\\\/schema.org\",\"@graph\":[{\"@type\":\"WebPage\",\"@id\":\"https:\\\/\\\/cssdn.gouv.qc.ca\\\/clairsoleil\\\/a-propos\\\/conseil-detablissement\\\/\",\"url\":\"https:\\\/\\\/cssdn.gouv.qc.ca\\\/clairsoleil\\\/a-propos\\\/conseil-detablissement\\\/\",\"name\":\"Conseil d'\u00e9tablissement - \u00c9cole Clair-Soleil\",\"isPartOf\":{\"@id\":\"https:\\\/\\\/cssdn.gouv.qc.ca\\\/clairsoleil\\\/#website\"},\"primaryImageOfPage\":{\"@id\":\"https:\\\/\\\/cssdn.gouv.qc.ca\\\/clairsoleil\\\/a-propos\\\/conseil-detablissement\\\/#primaryimage\"},\"image\":{\"@id\":\"https:\\\/\\\/cssdn.gouv.qc.ca\\\/clairsoleil\\\/a-propos\\\/conseil-detablissement\\\/#primaryimage\"},\"thumbnailUrl\":\"https:\\\/\\\/cssdn.gouv.qc.ca\\\/wp-content\\\/uploads\\\/2022\\\/08\\\/Seawire-Hero-06.jpg\",\"datePublished\":\"2022-11-08T21:07:54+00:00\",\"dateModified\":\"2026-03-24T15:28:43+00:00\",\"breadcrumb\":{\"@id\":\"https:\\\/\\\/cssdn.gouv.qc.ca\\\/clairsoleil\\\/a-propos\\\/conseil-detablissement\\\/#breadcrumb\"},\"inLanguage\":\"fr-CA\",\"potentialAction\":[{\"@type\":\"ReadAction\",\"target\":[\"https:\\\/\\\/cssdn.gouv.qc.ca\\\/clairsoleil\\\/a-propos\\\/conseil-detablissement\\\/\"]}]},{\"@type\":\"ImageObject\",\"inLanguage\":\"fr-CA\",\"@id\":\"https:\\\/\\\/cssdn.gouv.qc.ca\\\/clairsoleil\\\/a-propos\\\/conseil-detablissement\\\/#primaryimage\",\"url\":\"https:\\\/\\\/cssdn.gouv.qc.ca\\\/wp-content\\\/uploads\\\/2022\\\/08\\\/Seawire-Hero-06.jpg\",\"contentUrl\":\"https:\\\/\\\/cssdn.gouv.qc.ca\\\/wp-content\\\/uploads\\\/2022\\\/08\\\/Seawire-Hero-06.jpg\"},{\"@type\":\"BreadcrumbList\",\"@id\":\"https:\\\/\\\/cssdn.gouv.qc.ca\\\/clairsoleil\\\/a-propos\\\/conseil-detablissement\\\/#breadcrumb\",\"itemListElement\":[{\"@type\":\"ListItem\",\"position\":1,\"name\":\"Accueil\",\"item\":\"https:\\\/\\\/cssdn.gouv.qc.ca\\\/clairsoleil\\\/\"},{\"@type\":\"ListItem\",\"position\":2,\"name\":\"\u00c0 propos\",\"item\":\"https:\\\/\\\/cssdn.gouv.qc.ca\\\/clairsoleil\\\/a-propos\\\/\"},{\"@type\":\"ListItem\",\"position\":3,\"name\":\"Conseil d&rsquo;\u00e9tablissement\"}]},{\"@type\":\"WebSite\",\"@id\":\"https:\\\/\\\/cssdn.gouv.qc.ca\\\/clairsoleil\\\/#website\",\"url\":\"https:\\\/\\\/cssdn.gouv.qc.ca\\\/clairsoleil\\\/\",\"name\":\"\u00c9cole Clair-Soleil\",\"description\":\"Un site du Centre de services scolaires des Navigateurs\",\"publisher\":{\"@id\":\"https:\\\/\\\/cssdn.gouv.qc.ca\\\/clairsoleil\\\/#organization\"},\"potentialAction\":[{\"@type\":\"SearchAction\",\"target\":{\"@type\":\"EntryPoint\",\"urlTemplate\":\"https:\\\/\\\/cssdn.gouv.qc.ca\\\/clairsoleil\\\/?s={search_term_string}\"},\"query-input\":{\"@type\":\"PropertyValueSpecification\",\"valueRequired\":true,\"valueName\":\"search_term_string\"}}],\"inLanguage\":\"fr-CA\"},{\"@type\":\"Organization\",\"@id\":\"https:\\\/\\\/cssdn.gouv.qc.ca\\\/clairsoleil\\\/#organization\",\"name\":\"\u00c9cole Clair-Soleil\",\"url\":\"https:\\\/\\\/cssdn.gouv.qc.ca\\\/clairsoleil\\\/\",\"logo\":{\"@type\":\"ImageObject\",\"inLanguage\":\"fr-CA\",\"@id\":\"https:\\\/\\\/cssdn.gouv.qc.ca\\\/clairsoleil\\\/#\\\/schema\\\/logo\\\/image\\\/\",\"url\":\"https:\\\/\\\/cssdn.gouv.qc.ca\\\/clairsoleil\\\/wp-content\\\/uploads\\\/sites\\\/24\\\/2023\\\/01\\\/logo_quebec.svg\",\"contentUrl\":\"https:\\\/\\\/cssdn.gouv.qc.ca\\\/clairsoleil\\\/wp-content\\\/uploads\\\/sites\\\/24\\\/2023\\\/01\\\/logo_quebec.svg\",\"width\":188,\"height\":41,\"caption\":\"\u00c9cole Clair-Soleil\"},\"image\":{\"@id\":\"https:\\\/\\\/cssdn.gouv.qc.ca\\\/clairsoleil\\\/#\\\/schema\\\/logo\\\/image\\\/\"},\"sameAs\":[\"https:\\\/\\\/www.facebook.com\\\/profile.php?id=100063489011162\"]}]}<\/script>\n<!-- \/ Yoast SEO plugin. -->","yoast_head_json":{"title":"Conseil d'\u00e9tablissement - \u00c9cole Clair-Soleil","robots":{"index":"index","follow":"follow","max-snippet":"max-snippet:-1","max-image-preview":"max-image-preview:large","max-video-preview":"max-video-preview:-1"},"canonical":"https:\/\/cssdn.gouv.qc.ca\/clairsoleil\/a-propos\/conseil-detablissement\/","og_locale":"fr_CA","og_type":"article","og_title":"Conseil d'\u00e9tablissement - \u00c9cole Clair-Soleil","og_description":"Liste des membres Nom, pr\u00e9nom Poste L\u00e9tourneau, Manon Pr\u00e9sidente du CERepr\u00e9sentante au CP (Comit\u00e9 de parents)PARENT Gagnon-Poliquin, Michelle Vice-pr\u00e9sidente du CEPARENT Ren\u00e9, Louis-Charles Secr\u00e9taire du CEPARENT Savoie, Jo\u00ebl Repr\u00e9sentant au CP (Comit\u00e9 de parents)PARENT Grould, Lucie Repr\u00e9sentante au CP (Comit\u00e9 de parents)PARENT M\u00e9thot, Marie-Ange PARENT -substitut au Conseil d&rsquo;\u00e9tablissement Fr\u00e8ve, M\u00e9lanie Enseignante Ferland, Myriam Enseignante [&hellip;]","og_url":"https:\/\/cssdn.gouv.qc.ca\/clairsoleil\/a-propos\/conseil-detablissement\/","og_site_name":"\u00c9cole Clair-Soleil","article_publisher":"https:\/\/www.facebook.com\/profile.php?id=100063489011162","article_modified_time":"2026-03-24T15:28:43+00:00","twitter_card":"summary_large_image","twitter_misc":{"Estimation du temps de lecture":"2 minutes"},"schema":{"@context":"https:\/\/schema.org","@graph":[{"@type":"WebPage","@id":"https:\/\/cssdn.gouv.qc.ca\/clairsoleil\/a-propos\/conseil-detablissement\/","url":"https:\/\/cssdn.gouv.qc.ca\/clairsoleil\/a-propos\/conseil-detablissement\/","name":"Conseil d'\u00e9tablissement - \u00c9cole Clair-Soleil","isPartOf":{"@id":"https:\/\/cssdn.gouv.qc.ca\/clairsoleil\/#website"},"primaryImageOfPage":{"@id":"https:\/\/cssdn.gouv.qc.ca\/clairsoleil\/a-propos\/conseil-detablissement\/#primaryimage"},"image":{"@id":"https:\/\/cssdn.gouv.qc.ca\/clairsoleil\/a-propos\/conseil-detablissement\/#primaryimage"},"thumbnailUrl":"https:\/\/cssdn.gouv.qc.ca\/wp-content\/uploads\/2022\/08\/Seawire-Hero-06.jpg","datePublished":"2022-11-08T21:07:54+00:00","dateModified":"2026-03-24T15:28:43+00:00","breadcrumb":{"@id":"https:\/\/cssdn.gouv.qc.ca\/clairsoleil\/a-propos\/conseil-detablissement\/#breadcrumb"},"inLanguage":"fr-CA","potentialAction":[{"@type":"ReadAction","target":["https:\/\/cssdn.gouv.qc.ca\/clairsoleil\/a-propos\/conseil-detablissement\/"]}]},{"@type":"ImageObject","inLanguage":"fr-CA","@id":"https:\/\/cssdn.gouv.qc.ca\/clairsoleil\/a-propos\/conseil-detablissement\/#primaryimage","url":"https:\/\/cssdn.gouv.qc.ca\/wp-content\/uploads\/2022\/08\/Seawire-Hero-06.jpg","contentUrl":"https:\/\/cssdn.gouv.qc.ca\/wp-content\/uploads\/2022\/08\/Seawire-Hero-06.jpg"},{"@type":"BreadcrumbList","@id":"https:\/\/cssdn.gouv.qc.ca\/clairsoleil\/a-propos\/conseil-detablissement\/#breadcrumb","itemListElement":[{"@type":"ListItem","position":1,"name":"Accueil","item":"https:\/\/cssdn.gouv.qc.ca\/clairsoleil\/"},{"@type":"ListItem","position":2,"name":"\u00c0 propos","item":"https:\/\/cssdn.gouv.qc.ca\/clairsoleil\/a-propos\/"},{"@type":"ListItem","position":3,"name":"Conseil d&rsquo;\u00e9tablissement"}]},{"@type":"WebSite","@id":"https:\/\/cssdn.gouv.qc.ca\/clairsoleil\/#website","url":"https:\/\/cssdn.gouv.qc.ca\/clairsoleil\/","name":"\u00c9cole Clair-Soleil","description":"Un site du Centre de services scolaires des Navigateurs","publisher":{"@id":"https:\/\/cssdn.gouv.qc.ca\/clairsoleil\/#organization"},"potentialAction":[{"@type":"SearchAction","target":{"@type":"EntryPoint","urlTemplate":"https:\/\/cssdn.gouv.qc.ca\/clairsoleil\/?s={search_term_string}"},"query-input":{"@type":"PropertyValueSpecification","valueRequired":true,"valueName":"search_term_string"}}],"inLanguage":"fr-CA"},{"@type":"Organization","@id":"https:\/\/cssdn.gouv.qc.ca\/clairsoleil\/#organization","name":"\u00c9cole Clair-Soleil","url":"https:\/\/cssdn.gouv.qc.ca\/clairsoleil\/","logo":{"@type":"ImageObject","inLanguage":"fr-CA","@id":"https:\/\/cssdn.gouv.qc.ca\/clairsoleil\/#\/schema\/logo\/image\/","url":"https:\/\/cssdn.gouv.qc.ca\/clairsoleil\/wp-content\/uploads\/sites\/24\/2023\/01\/logo_quebec.svg","contentUrl":"https:\/\/cssdn.gouv.qc.ca\/clairsoleil\/wp-content\/uploads\/sites\/24\/2023\/01\/logo_quebec.svg","width":188,"height":41,"caption":"\u00c9cole Clair-Soleil"},"image":{"@id":"https:\/\/cssdn.gouv.qc.ca\/clairsoleil\/#\/schema\/logo\/image\/"},"sameAs":["https:\/\/www.facebook.com\/profile.php?id=100063489011162"]}]}},"publishpress_future_action":{"enabled":false,"date":"2026-04-28 21:28:09","action":"change-status","newStatus":"draft","terms":[],"taxonomy":"category","extraData":[]},"publishpress_future_workflow_manual_trigger":{"enabledWorkflows":[]},"_links":{"self":[{"href":"https:\/\/cssdn.gouv.qc.ca\/clairsoleil\/wp-json\/wp\/v2\/pages\/10","targetHints":{"allow":["GET"]}}],"collection":[{"href":"https:\/\/cssdn.gouv.qc.ca\/clairsoleil\/wp-json\/wp\/v2\/pages"}],"about":[{"href":"https:\/\/cssdn.gouv.qc.ca\/clairsoleil\/wp-json\/wp\/v2\/types\/page"}],"author":[{"embeddable":true,"href":"https:\/\/cssdn.gouv.qc.ca\/clairsoleil\/wp-json\/wp\/v2\/users\/1"}],"replies":[{"embeddable":true,"href":"https:\/\/cssdn.gouv.qc.ca\/clairsoleil\/wp-json\/wp\/v2\/comments?post=10"}],"version-history":[{"count":0,"href":"https:\/\/cssdn.gouv.qc.ca\/clairsoleil\/wp-json\/wp\/v2\/pages\/10\/revisions"}],"up":[{"embeddable":true,"href":"https:\/\/cssdn.gouv.qc.ca\/clairsoleil\/wp-json\/wp\/v2\/pages\/6"}],"wp:attachment":[{"href":"https:\/\/cssdn.gouv.qc.ca\/clairsoleil\/wp-json\/wp\/v2\/media?parent=10"}],"wp:term":[{"taxonomy":"category","embeddable":true,"href":"https:\/\/cssdn.gouv.qc.ca\/clairsoleil\/wp-json\/wp\/v2\/categories?post=10"},{"taxonomy":"post_tag","embeddable":true,"href":"https:\/\/cssdn.gouv.qc.ca\/clairsoleil\/wp-json\/wp\/v2\/tags?post=10"}],"curies":[{"name":"wp","href":"https:\/\/api.w.org\/{rel}","templated":true}]}}