
{"id":16,"date":"2022-11-08T16:07:56","date_gmt":"2022-11-08T21:07:56","guid":{"rendered":"https:\/\/cssdn.gouv.qc.ca\/clairsoleil\/service-de-garde\/"},"modified":"2026-01-16T12:35:16","modified_gmt":"2026-01-16T17:35:16","slug":"service-de-garde","status":"publish","type":"page","link":"https:\/\/cssdn.gouv.qc.ca\/clairsoleil\/service-de-garde\/","title":{"rendered":"Service de garde"},"content":{"rendered":"\n<div class=\"wp-block-cover has-custom-content-position is-position-top-left is-style-title-banner\"><img decoding=\"async\" width=\"1024\" height=\"496\" class=\"wp-block-cover__image-background wp-image-365 lazyload\" alt=\"\" data-src=\"https:\/\/cssdn.gouv.qc.ca\/clairsoleil\/wp-content\/uploads\/sites\/24\/2023\/01\/Parasol-1-1024x496.jpg\" data-object-fit=\"cover\" data-srcset=\"https:\/\/cssdn.gouv.qc.ca\/clairsoleil\/wp-content\/uploads\/sites\/24\/2023\/01\/Parasol-1-1024x496.jpg 1024w, https:\/\/cssdn.gouv.qc.ca\/clairsoleil\/wp-content\/uploads\/sites\/24\/2023\/01\/Parasol-1-300x145.jpg 300w, https:\/\/cssdn.gouv.qc.ca\/clairsoleil\/wp-content\/uploads\/sites\/24\/2023\/01\/Parasol-1-768x372.jpg 768w, https:\/\/cssdn.gouv.qc.ca\/clairsoleil\/wp-content\/uploads\/sites\/24\/2023\/01\/Parasol-1.jpg 1118w\" data-sizes=\"(max-width: 1024px) 100vw, 1024px\" src=\"data:image\/svg+xml;base64,PHN2ZyB3aWR0aD0iMSIgaGVpZ2h0PSIxIiB4bWxucz0iaHR0cDovL3d3dy53My5vcmcvMjAwMC9zdmciPjwvc3ZnPg==\" style=\"--smush-placeholder-width: 1024px; --smush-placeholder-aspect-ratio: 1024\/496;\" \/><span aria-hidden=\"true\" class=\"wp-block-cover__background has-background-dim\"><\/span><div class=\"wp-block-cover__inner-container\">\n<h1 class=\"wp-block-heading has-text-align-left is-style-default\" style=\"text-transform:lowercase\">Se<strong>rvice de garde<\/strong><\/h1>\n<\/div><\/div>\n\n\n\n<div class=\"wp-block-group alignfull has-padding-y-large has-secondary-background-color has-background\"><div class=\"yoast-breadcrumbs alignwide \"><span class=\"breadcrumbs\"><a href=\"https:\/\/cssdn.gouv.qc.ca\/clairsoleil\/\" class=\"breadcrumbs__element\">Accueil<\/a> <span class=\"breadcrumbs__separator\">\n        <svg class=\"icon icon-breadcrumb__separator\"><use xlink:href=\"#icon-breadcrumb__separator\"><\/use><\/svg>\n    <\/span> <span class=\"breadcrumbs__element breadcrumbs__element-current\">Service de garde<\/span><\/span><\/div><\/div>\n\n\n\n<figure class=\"wp-block-image size-full is-resized is-style-default\"><img decoding=\"async\" width=\"807\" height=\"433\" data-src=\"https:\/\/cssdn.gouv.qc.ca\/clairsoleil\/wp-content\/uploads\/sites\/24\/2022\/12\/serv-garde-clairsoleil-2018.jpg\" alt=\"\" class=\"wp-image-125 lazyload\" style=\"--smush-placeholder-width: 807px; --smush-placeholder-aspect-ratio: 807\/433;width:425px;height:auto\" data-srcset=\"https:\/\/cssdn.gouv.qc.ca\/clairsoleil\/wp-content\/uploads\/sites\/24\/2022\/12\/serv-garde-clairsoleil-2018.jpg 807w, https:\/\/cssdn.gouv.qc.ca\/clairsoleil\/wp-content\/uploads\/sites\/24\/2022\/12\/serv-garde-clairsoleil-2018-300x161.jpg 300w, https:\/\/cssdn.gouv.qc.ca\/clairsoleil\/wp-content\/uploads\/sites\/24\/2022\/12\/serv-garde-clairsoleil-2018-768x412.jpg 768w\" data-sizes=\"(max-width: 807px) 100vw, 807px\" src=\"data:image\/svg+xml;base64,PHN2ZyB3aWR0aD0iMSIgaGVpZ2h0PSIxIiB4bWxucz0iaHR0cDovL3d3dy53My5vcmcvMjAwMC9zdmciPjwvc3ZnPg==\" \/><\/figure>\n\n\n\n<div class=\"act-collapsible\">\n<h5 class=\"wp-block-heading act-collapsible__heading\">Notre \u00e9quipe<\/h5>\n\n\n\n<div class=\"act-collapsible__content\"><div class=\"act-collapsible__content-inner\">\n<p class=\"wp-block-paragraph\"><strong>2025-2026 \u00e0 venir<\/strong><\/p>\n<\/div><\/div>\n<\/div>\n\n\n\n<div class=\"act-collapsible\">\n<h5 class=\"wp-block-heading act-collapsible__heading\">R\u00e8gles de fonctionnement 2025-2026<\/h5>\n\n\n\n<div class=\"act-collapsible__content\"><div class=\"act-collapsible__content-inner\">\n<p class=\"wp-block-paragraph\"><\/p>\n\n\n\n<div data-wp-interactive=\"core\/file\" class=\"wp-block-file\"><object data-wp-bind--hidden=\"!state.hasPdfPreview\" hidden class=\"wp-block-file__embed\" data=\"https:\/\/cssdn.gouv.qc.ca\/clairsoleil\/wp-content\/uploads\/sites\/24\/2025\/08\/Regles-de-fonctionnement-2025-2026.pdf\" type=\"application\/pdf\" style=\"width:100%;height:600px\" aria-label=\"Contenu incorpor\u00e9 R\u00e8gles de fonctionnement 2025-2026.\"><\/object><a id=\"wp-block-file--media-ad3cba3b-da33-40d6-ac46-260c0f4bc348\" href=\"https:\/\/cssdn.gouv.qc.ca\/clairsoleil\/wp-content\/uploads\/sites\/24\/2025\/08\/Regles-de-fonctionnement-2025-2026.pdf\">R\u00e8gles de fonctionnement 2025-2026<\/a><a href=\"https:\/\/cssdn.gouv.qc.ca\/clairsoleil\/wp-content\/uploads\/sites\/24\/2025\/08\/Regles-de-fonctionnement-2025-2026.pdf\" class=\"wp-block-file__button wp-element-button\" download aria-describedby=\"wp-block-file--media-ad3cba3b-da33-40d6-ac46-260c0f4bc348\">T\u00e9l\u00e9charger<\/a><\/div>\n<\/div><\/div>\n<\/div>\n\n\n\n<div class=\"act-collapsible\">\n<h5 class=\"wp-block-heading act-collapsible__heading\">Programme d&rsquo;activit\u00e9s<\/h5>\n\n\n\n<div class=\"act-collapsible__content\"><div class=\"act-collapsible__content-inner\">\n<div class=\"wp-block-buttons\">\n<div class=\"wp-block-button\"><a class=\"wp-block-button__link wp-element-button\" href=\"https:\/\/view.genially.com\/684827c9722adb05529ecbb7\/presentation-presentation-cahier-decole\">Notre programme d&rsquo;activit\u00e9s<\/a><\/div>\n<\/div>\n<\/div><\/div>\n<\/div>\n\n\n\n<div class=\"act-collapsible\">\n<h5 class=\"wp-block-heading act-collapsible__heading\">Formulaires 2025-2026<\/h5>\n\n\n\n<div class=\"act-collapsible__content\"><div class=\"act-collapsible__content-inner\">\n<div class=\"wp-block-buttons\">\n<div class=\"wp-block-button\"><a class=\"wp-block-button__link wp-element-button\" href=\"https:\/\/forms.office.com\/r\/LbnZuiqqeF\">Modification de contrat<\/a><\/div>\n\n\n\n<div class=\"wp-block-button\"><a class=\"wp-block-button__link wp-element-button\" href=\"https:\/\/cssdn.gouv.qc.ca\/clairsoleil\/wp-content\/uploads\/sites\/24\/2025\/08\/Autorisation-de-depart-a-pied-1.pdf\">Autorisation de d\u00e9part \u00e0 pied<\/a><\/div>\n<\/div>\n<\/div><\/div>\n<\/div>\n\n\n\n<div class=\"act-collapsible\">\n<h5 class=\"wp-block-heading act-collapsible__heading\">Info-Soleil SDG &#8211;<strong>2025-2026 <\/strong><\/h5>\n\n\n\n<div class=\"act-collapsible__content\"><div class=\"act-collapsible__content-inner\">\n<p class=\"wp-block-paragraph\"><\/p>\n\n\n\n<ul class=\"wp-block-list\">\n<li><strong><a href=\"https:\/\/cssdn.gouv.qc.ca\/clairsoleil\/wp-content\/uploads\/sites\/24\/2026\/01\/Info-Soleil-aout-2025.pdf\">Info-Soleil SDG  &#8211; Ao\u00fbt 2025 : Informations en lien avec la rentr\u00e9e scolaire<\/a><\/strong><\/li>\n\n\n\n<li><strong><a href=\"https:\/\/cssdn.gouv.qc.ca\/clairsoleil\/wp-includes\/images\/media\/document.png\">Info-Soleil SDG &#8211; Septembre 2025 &#8211; Paiement des \u00e9tats de compte<\/a><\/strong><\/li>\n\n\n\n<li><\/li>\n<\/ul>\n<\/div><\/div>\n<\/div>\n\n\n\n<div class=\"act-collapsible\">\n<h3 class=\"wp-block-heading has-text-align-left act-collapsible__heading is-style-default\">Collations<\/h3>\n\n\n\n<div class=\"act-collapsible__content\"><div class=\"act-collapsible__content-inner\">\n<div class=\"wp-block-buttons\">\n<div class=\"wp-block-button\"><a class=\"wp-block-button__link wp-element-button\" href=\"https:\/\/cssdn.gouv.qc.ca\/clairsoleil\/wp-content\/uploads\/sites\/24\/2024\/08\/LES-COLLATIONS-2024.pdf\">Les collations 2024-2025<\/a><\/div>\n<\/div>\n<\/div><\/div>\n<\/div>\n\n\n\n<div class=\"act-collapsible\">\n<h5 class=\"wp-block-heading act-collapsible__heading\">Facturation et frais de garde<\/h5>\n\n\n\n<div class=\"act-collapsible__content\"><div class=\"act-collapsible__content-inner\">\n<p class=\"wp-block-paragraph\"><\/p>\n<\/div><\/div>\n<\/div>\n\n\n\n<div class=\"act-collapsible\">\n<h2 class=\"wp-block-heading act-collapsible__heading\">Proc\u00e9dure pour l&rsquo;ajout d&rsquo;une personne autoris\u00e9e \u00e0 venir chercher votre enfant au service de garde<\/h2>\n\n\n\n<div class=\"act-collapsible__content\"><div class=\"act-collapsible__content-inner\">\n<p class=\"has-text-align-left wp-block-paragraph\">Il est possible en cours d&rsquo;ann\u00e9e d&rsquo;ajouter une personne \u00e0 <strong>la liste des personnes autoris\u00e9es \u00e0 venir chercher votre enfant en tout temps<\/strong>.  Pour ce faire, un courriel devra \u00eatre transmis \u00e0 la responsable avec la mention <strong>\u00ab en tout temps. \u00bb<\/strong> \u00e0 l&rsquo;adresse suivante: <a href=\"mailto:service-garde.clair-soleil@cssdn.gouv.qc.ca\">service-garde.clair-soleil@cssdn.gouv.qc.ca<\/a> <\/p>\n\n\n\n<ul class=\"wp-block-list\">\n<li>Un d\u00e9lai de <strong>48h<\/strong> est \u00e0 pr\u00e9voir<\/li>\n\n\n\n<li>Une fois la demande trait\u00e9e, une confirmation par courriel vous sera achemin\u00e9e.<\/li>\n<\/ul>\n\n\n\n<blockquote>\n<h6><span style=\"color: #008080\"><span style=\"color: #000080\">Si exceptionnellement, vous avez<em> une situation de derni\u00e8re minute<\/em> et que votre enfant doit partir avec une personne dont le nom n\u2019appara\u00eet pas sur la liste, vous devez nous appeler au<\/span>&nbsp; <strong>418 834-2473 poste 1.&nbsp;<\/strong><\/span><\/h6>\n<\/blockquote>\n<\/div><\/div>\n<\/div>\n","protected":false},"excerpt":{"rendered":"","protected":false},"author":1,"featured_media":0,"parent":0,"menu_order":40,"comment_status":"closed","ping_status":"closed","template":"","meta":{"_acf_changed":false,"_crdt_document":"","inline_featured_image":false,"footnotes":""},"categories":[],"tags":[],"class_list":["post-16","page","type-page","status-publish","hentry"],"acf":[],"yoast_head":"<!-- This site is optimized with the Yoast SEO plugin v27.4 - https:\/\/yoast.com\/product\/yoast-seo-wordpress\/ -->\n<title>Service de garde - \u00c9cole Clair-Soleil<\/title>\n<meta name=\"robots\" content=\"index, follow, max-snippet:-1, max-image-preview:large, max-video-preview:-1\" \/>\n<link rel=\"canonical\" href=\"https:\/\/cssdn.gouv.qc.ca\/clairsoleil\/service-de-garde\/\" \/>\n<meta property=\"og:locale\" content=\"fr_CA\" \/>\n<meta property=\"og:type\" content=\"article\" \/>\n<meta property=\"og:title\" content=\"Service de garde - \u00c9cole Clair-Soleil\" \/>\n<meta property=\"og:url\" content=\"https:\/\/cssdn.gouv.qc.ca\/clairsoleil\/service-de-garde\/\" \/>\n<meta property=\"og:site_name\" content=\"\u00c9cole Clair-Soleil\" \/>\n<meta property=\"article:publisher\" content=\"https:\/\/www.facebook.com\/profile.php?id=100063489011162\" \/>\n<meta property=\"article:modified_time\" content=\"2026-01-16T17:35:16+00:00\" \/>\n<meta property=\"og:image\" content=\"https:\/\/cssdn.gouv.qc.ca\/clairsoleil\/wp-content\/uploads\/sites\/24\/2023\/01\/Parasol-1.jpg\" \/>\n\t<meta property=\"og:image:width\" content=\"1118\" \/>\n\t<meta property=\"og:image:height\" content=\"541\" \/>\n\t<meta property=\"og:image:type\" content=\"image\/jpeg\" \/>\n<meta name=\"twitter:card\" content=\"summary_large_image\" \/>\n<meta name=\"twitter:label1\" content=\"Estimation du temps de lecture\" \/>\n\t<meta name=\"twitter:data1\" content=\"2 minutes\" \/>\n<script type=\"application\/ld+json\" class=\"yoast-schema-graph\">{\"@context\":\"https:\\\/\\\/schema.org\",\"@graph\":[{\"@type\":\"WebPage\",\"@id\":\"https:\\\/\\\/cssdn.gouv.qc.ca\\\/clairsoleil\\\/service-de-garde\\\/\",\"url\":\"https:\\\/\\\/cssdn.gouv.qc.ca\\\/clairsoleil\\\/service-de-garde\\\/\",\"name\":\"Service de garde - \u00c9cole Clair-Soleil\",\"isPartOf\":{\"@id\":\"https:\\\/\\\/cssdn.gouv.qc.ca\\\/clairsoleil\\\/#website\"},\"primaryImageOfPage\":{\"@id\":\"https:\\\/\\\/cssdn.gouv.qc.ca\\\/clairsoleil\\\/service-de-garde\\\/#primaryimage\"},\"image\":{\"@id\":\"https:\\\/\\\/cssdn.gouv.qc.ca\\\/clairsoleil\\\/service-de-garde\\\/#primaryimage\"},\"thumbnailUrl\":\"https:\\\/\\\/cssdn.gouv.qc.ca\\\/clairsoleil\\\/wp-content\\\/uploads\\\/sites\\\/24\\\/2023\\\/01\\\/Parasol-1-1024x496.jpg\",\"datePublished\":\"2022-11-08T21:07:56+00:00\",\"dateModified\":\"2026-01-16T17:35:16+00:00\",\"breadcrumb\":{\"@id\":\"https:\\\/\\\/cssdn.gouv.qc.ca\\\/clairsoleil\\\/service-de-garde\\\/#breadcrumb\"},\"inLanguage\":\"fr-CA\",\"potentialAction\":[{\"@type\":\"ReadAction\",\"target\":[\"https:\\\/\\\/cssdn.gouv.qc.ca\\\/clairsoleil\\\/service-de-garde\\\/\"]}]},{\"@type\":\"ImageObject\",\"inLanguage\":\"fr-CA\",\"@id\":\"https:\\\/\\\/cssdn.gouv.qc.ca\\\/clairsoleil\\\/service-de-garde\\\/#primaryimage\",\"url\":\"https:\\\/\\\/cssdn.gouv.qc.ca\\\/clairsoleil\\\/wp-content\\\/uploads\\\/sites\\\/24\\\/2023\\\/01\\\/Parasol-1.jpg\",\"contentUrl\":\"https:\\\/\\\/cssdn.gouv.qc.ca\\\/clairsoleil\\\/wp-content\\\/uploads\\\/sites\\\/24\\\/2023\\\/01\\\/Parasol-1.jpg\",\"width\":1118,\"height\":541},{\"@type\":\"BreadcrumbList\",\"@id\":\"https:\\\/\\\/cssdn.gouv.qc.ca\\\/clairsoleil\\\/service-de-garde\\\/#breadcrumb\",\"itemListElement\":[{\"@type\":\"ListItem\",\"position\":1,\"name\":\"Accueil\",\"item\":\"https:\\\/\\\/cssdn.gouv.qc.ca\\\/clairsoleil\\\/\"},{\"@type\":\"ListItem\",\"position\":2,\"name\":\"Service de garde\"}]},{\"@type\":\"WebSite\",\"@id\":\"https:\\\/\\\/cssdn.gouv.qc.ca\\\/clairsoleil\\\/#website\",\"url\":\"https:\\\/\\\/cssdn.gouv.qc.ca\\\/clairsoleil\\\/\",\"name\":\"\u00c9cole Clair-Soleil\",\"description\":\"Un site du Centre de services scolaires des Navigateurs\",\"publisher\":{\"@id\":\"https:\\\/\\\/cssdn.gouv.qc.ca\\\/clairsoleil\\\/#organization\"},\"potentialAction\":[{\"@type\":\"SearchAction\",\"target\":{\"@type\":\"EntryPoint\",\"urlTemplate\":\"https:\\\/\\\/cssdn.gouv.qc.ca\\\/clairsoleil\\\/?s={search_term_string}\"},\"query-input\":{\"@type\":\"PropertyValueSpecification\",\"valueRequired\":true,\"valueName\":\"search_term_string\"}}],\"inLanguage\":\"fr-CA\"},{\"@type\":\"Organization\",\"@id\":\"https:\\\/\\\/cssdn.gouv.qc.ca\\\/clairsoleil\\\/#organization\",\"name\":\"\u00c9cole Clair-Soleil\",\"url\":\"https:\\\/\\\/cssdn.gouv.qc.ca\\\/clairsoleil\\\/\",\"logo\":{\"@type\":\"ImageObject\",\"inLanguage\":\"fr-CA\",\"@id\":\"https:\\\/\\\/cssdn.gouv.qc.ca\\\/clairsoleil\\\/#\\\/schema\\\/logo\\\/image\\\/\",\"url\":\"https:\\\/\\\/cssdn.gouv.qc.ca\\\/clairsoleil\\\/wp-content\\\/uploads\\\/sites\\\/24\\\/2023\\\/01\\\/logo_quebec.svg\",\"contentUrl\":\"https:\\\/\\\/cssdn.gouv.qc.ca\\\/clairsoleil\\\/wp-content\\\/uploads\\\/sites\\\/24\\\/2023\\\/01\\\/logo_quebec.svg\",\"width\":188,\"height\":41,\"caption\":\"\u00c9cole Clair-Soleil\"},\"image\":{\"@id\":\"https:\\\/\\\/cssdn.gouv.qc.ca\\\/clairsoleil\\\/#\\\/schema\\\/logo\\\/image\\\/\"},\"sameAs\":[\"https:\\\/\\\/www.facebook.com\\\/profile.php?id=100063489011162\"]}]}<\/script>\n<!-- \/ Yoast SEO plugin. -->","yoast_head_json":{"title":"Service de garde - \u00c9cole Clair-Soleil","robots":{"index":"index","follow":"follow","max-snippet":"max-snippet:-1","max-image-preview":"max-image-preview:large","max-video-preview":"max-video-preview:-1"},"canonical":"https:\/\/cssdn.gouv.qc.ca\/clairsoleil\/service-de-garde\/","og_locale":"fr_CA","og_type":"article","og_title":"Service de garde - \u00c9cole Clair-Soleil","og_url":"https:\/\/cssdn.gouv.qc.ca\/clairsoleil\/service-de-garde\/","og_site_name":"\u00c9cole Clair-Soleil","article_publisher":"https:\/\/www.facebook.com\/profile.php?id=100063489011162","article_modified_time":"2026-01-16T17:35:16+00:00","og_image":[{"width":1118,"height":541,"url":"https:\/\/cssdn.gouv.qc.ca\/clairsoleil\/wp-content\/uploads\/sites\/24\/2023\/01\/Parasol-1.jpg","type":"image\/jpeg"}],"twitter_card":"summary_large_image","twitter_misc":{"Estimation du temps de lecture":"2 minutes"},"schema":{"@context":"https:\/\/schema.org","@graph":[{"@type":"WebPage","@id":"https:\/\/cssdn.gouv.qc.ca\/clairsoleil\/service-de-garde\/","url":"https:\/\/cssdn.gouv.qc.ca\/clairsoleil\/service-de-garde\/","name":"Service de garde - \u00c9cole Clair-Soleil","isPartOf":{"@id":"https:\/\/cssdn.gouv.qc.ca\/clairsoleil\/#website"},"primaryImageOfPage":{"@id":"https:\/\/cssdn.gouv.qc.ca\/clairsoleil\/service-de-garde\/#primaryimage"},"image":{"@id":"https:\/\/cssdn.gouv.qc.ca\/clairsoleil\/service-de-garde\/#primaryimage"},"thumbnailUrl":"https:\/\/cssdn.gouv.qc.ca\/clairsoleil\/wp-content\/uploads\/sites\/24\/2023\/01\/Parasol-1-1024x496.jpg","datePublished":"2022-11-08T21:07:56+00:00","dateModified":"2026-01-16T17:35:16+00:00","breadcrumb":{"@id":"https:\/\/cssdn.gouv.qc.ca\/clairsoleil\/service-de-garde\/#breadcrumb"},"inLanguage":"fr-CA","potentialAction":[{"@type":"ReadAction","target":["https:\/\/cssdn.gouv.qc.ca\/clairsoleil\/service-de-garde\/"]}]},{"@type":"ImageObject","inLanguage":"fr-CA","@id":"https:\/\/cssdn.gouv.qc.ca\/clairsoleil\/service-de-garde\/#primaryimage","url":"https:\/\/cssdn.gouv.qc.ca\/clairsoleil\/wp-content\/uploads\/sites\/24\/2023\/01\/Parasol-1.jpg","contentUrl":"https:\/\/cssdn.gouv.qc.ca\/clairsoleil\/wp-content\/uploads\/sites\/24\/2023\/01\/Parasol-1.jpg","width":1118,"height":541},{"@type":"BreadcrumbList","@id":"https:\/\/cssdn.gouv.qc.ca\/clairsoleil\/service-de-garde\/#breadcrumb","itemListElement":[{"@type":"ListItem","position":1,"name":"Accueil","item":"https:\/\/cssdn.gouv.qc.ca\/clairsoleil\/"},{"@type":"ListItem","position":2,"name":"Service de garde"}]},{"@type":"WebSite","@id":"https:\/\/cssdn.gouv.qc.ca\/clairsoleil\/#website","url":"https:\/\/cssdn.gouv.qc.ca\/clairsoleil\/","name":"\u00c9cole Clair-Soleil","description":"Un site du Centre de services scolaires des Navigateurs","publisher":{"@id":"https:\/\/cssdn.gouv.qc.ca\/clairsoleil\/#organization"},"potentialAction":[{"@type":"SearchAction","target":{"@type":"EntryPoint","urlTemplate":"https:\/\/cssdn.gouv.qc.ca\/clairsoleil\/?s={search_term_string}"},"query-input":{"@type":"PropertyValueSpecification","valueRequired":true,"valueName":"search_term_string"}}],"inLanguage":"fr-CA"},{"@type":"Organization","@id":"https:\/\/cssdn.gouv.qc.ca\/clairsoleil\/#organization","name":"\u00c9cole Clair-Soleil","url":"https:\/\/cssdn.gouv.qc.ca\/clairsoleil\/","logo":{"@type":"ImageObject","inLanguage":"fr-CA","@id":"https:\/\/cssdn.gouv.qc.ca\/clairsoleil\/#\/schema\/logo\/image\/","url":"https:\/\/cssdn.gouv.qc.ca\/clairsoleil\/wp-content\/uploads\/sites\/24\/2023\/01\/logo_quebec.svg","contentUrl":"https:\/\/cssdn.gouv.qc.ca\/clairsoleil\/wp-content\/uploads\/sites\/24\/2023\/01\/logo_quebec.svg","width":188,"height":41,"caption":"\u00c9cole Clair-Soleil"},"image":{"@id":"https:\/\/cssdn.gouv.qc.ca\/clairsoleil\/#\/schema\/logo\/image\/"},"sameAs":["https:\/\/www.facebook.com\/profile.php?id=100063489011162"]}]}},"publishpress_future_action":{"enabled":false,"date":"2026-04-29 05:08:43","action":"change-status","newStatus":"draft","terms":[],"taxonomy":"category","extraData":[]},"publishpress_future_workflow_manual_trigger":{"enabledWorkflows":[]},"_links":{"self":[{"href":"https:\/\/cssdn.gouv.qc.ca\/clairsoleil\/wp-json\/wp\/v2\/pages\/16","targetHints":{"allow":["GET"]}}],"collection":[{"href":"https:\/\/cssdn.gouv.qc.ca\/clairsoleil\/wp-json\/wp\/v2\/pages"}],"about":[{"href":"https:\/\/cssdn.gouv.qc.ca\/clairsoleil\/wp-json\/wp\/v2\/types\/page"}],"author":[{"embeddable":true,"href":"https:\/\/cssdn.gouv.qc.ca\/clairsoleil\/wp-json\/wp\/v2\/users\/1"}],"replies":[{"embeddable":true,"href":"https:\/\/cssdn.gouv.qc.ca\/clairsoleil\/wp-json\/wp\/v2\/comments?post=16"}],"version-history":[{"count":0,"href":"https:\/\/cssdn.gouv.qc.ca\/clairsoleil\/wp-json\/wp\/v2\/pages\/16\/revisions"}],"wp:attachment":[{"href":"https:\/\/cssdn.gouv.qc.ca\/clairsoleil\/wp-json\/wp\/v2\/media?parent=16"}],"wp:term":[{"taxonomy":"category","embeddable":true,"href":"https:\/\/cssdn.gouv.qc.ca\/clairsoleil\/wp-json\/wp\/v2\/categories?post=16"},{"taxonomy":"post_tag","embeddable":true,"href":"https:\/\/cssdn.gouv.qc.ca\/clairsoleil\/wp-json\/wp\/v2\/tags?post=16"}],"curies":[{"name":"wp","href":"https:\/\/api.w.org\/{rel}","templated":true}]}}