
{"id":307,"date":"2023-01-20T13:09:02","date_gmt":"2023-01-20T18:09:02","guid":{"rendered":"https:\/\/cssdn.gouv.qc.ca\/clairsoleil\/?page_id=307"},"modified":"2025-01-22T21:54:40","modified_gmt":"2025-01-23T02:54:40","slug":"inscriptions","status":"publish","type":"page","link":"https:\/\/cssdn.gouv.qc.ca\/clairsoleil\/informations-aux-parents\/inscriptions\/","title":{"rendered":"Inscriptions"},"content":{"rendered":"\n<div class=\"wp-block-cover alignfull is-light is-style-title-banner\"><span aria-hidden=\"true\" class=\"wp-block-cover__background has-primary-background-color has-background-dim\"><\/span><img decoding=\"async\" class=\"wp-block-cover__image-background wp-image-111 lazyload\" alt=\"\" data-src=\"https:\/\/cssdn.gouv.qc.ca\/wp-content\/uploads\/2022\/08\/Seawire-Hero-06.jpg\" data-object-fit=\"cover\" src=\"data:image\/svg+xml;base64,PHN2ZyB3aWR0aD0iMSIgaGVpZ2h0PSIxIiB4bWxucz0iaHR0cDovL3d3dy53My5vcmcvMjAwMC9zdmciPjwvc3ZnPg==\" \/><div class=\"wp-block-cover__inner-container\"><h3 class=\"wp-block-post-title\">Inscriptions<\/h3><\/div><\/div>\n\n\n\n<div class=\"wp-block-group alignfull has-padding-y-large has-secondary-background-color has-background\"><div class=\"yoast-breadcrumbs alignwide \"><span class=\"breadcrumbs\"><a href=\"https:\/\/cssdn.gouv.qc.ca\/clairsoleil\/\" class=\"breadcrumbs__element\">Accueil<\/a> <span class=\"breadcrumbs__separator\">\n        <svg class=\"icon icon-breadcrumb__separator\"><use xlink:href=\"#icon-breadcrumb__separator\"><\/use><\/svg>\n    <\/span> <a href=\"https:\/\/cssdn.gouv.qc.ca\/clairsoleil\/informations-aux-parents\/\" class=\"breadcrumbs__element\">Informations aux parents<\/a> <span class=\"breadcrumbs__separator\">\n        <svg class=\"icon icon-breadcrumb__separator\"><use xlink:href=\"#icon-breadcrumb__separator\"><\/use><\/svg>\n    <\/span> <span class=\"breadcrumbs__element breadcrumbs__element-current\">Inscriptions<\/span><\/span><\/div><\/div>\n\n\n\n<p class=\"wp-block-paragraph\"><a href=\"https:\/\/cssdn.gouv.qc.ca\/parents-et-eleves\/admission-et-inscription\/\" target=\"_blank\" rel=\"noreferrer noopener\">Consulter la section du centre de services pour tous les d\u00e9tails<\/a> <em>pour obtenir les documents \u00e0 remplir<\/em><\/p>\n\n\n\n<p class=\"wp-block-paragraph\"><br><strong>Information suppl\u00e9mentaire de l&rsquo;\u00e9cole \u00e0 venir<\/strong> &#8211; pour l&rsquo;inscription en 2025-2026<\/p>\n\n\n\n<p class=\"wp-block-paragraph\"><strong>Nouveaut\u00e9 cette ann\u00e9e,<\/strong> les nouvelles inscriptions de Maternelle 5  ans et \u00e9galement celles des nouveaux arrivant au primaire se feront d\u00e9sormais directement EN LIGNE. <br>L&rsquo;\u00e9cole de quartier compl\u00e8tera par la suite la d\u00e9marche avec les parents.<\/p>\n\n\n\n<p class=\"wp-block-paragraph\"><strong>P\u00e9riode d&rsquo;inscription pour les \u00e9l\u00e8ves de maternelle 5 ans (du 03 au 14 f\u00e9vrier 2025<\/strong>) <br>(et apr\u00e8s durant l&rsquo;ann\u00e9e scolaire 2025-2026)<\/p>\n\n\n\n<ul class=\"wp-block-list\">\n<li>Info-parents (<em>information pour remplir la fiche d&rsquo;inscription -nouvelle demande<\/em>)<br><a href=\"https:\/\/cssdn.gouv.qc.ca\/wp-content\/uploads\/2023\/01\/Info-parents_Nouvelle-dem.pdf\">lien \u00e0 venir sous peu<\/a><\/li>\n<\/ul>\n\n\n\n<ul class=\"wp-block-list\">\n<li>Fiche d&rsquo;inscription 2025-2026 <br><a href=\"https:\/\/cssdn.gouv.qc.ca\/wp-content\/uploads\/2023\/12\/Fiche-dinscription-WEB.pdf\">lien \u00e0 venir sous peu<\/a><\/li>\n<\/ul>\n\n\n\n<ul class=\"wp-block-list\">\n<li>Fiche de renseignement pour la maternelle (<em>avec photo<\/em>)<br><a href=\"https:\/\/cssdn.gouv.qc.ca\/parents-et-eleves\/admission-et-inscription\/\">lien \u00e0 venir sous peu<\/a><\/li>\n<\/ul>\n\n\n\n<ul class=\"wp-block-list\">\n<li>Formulaire de transfert d\u2019information en milieu scolaire<br><a href=\"https:\/\/cssdn.gouv.qc.ca\/wp-content\/uploads\/2023\/01\/Info-parents_Nouvelle-dem.pdf\">lien \u00e0 venir sous peu<\/a><\/li>\n<\/ul>\n\n\n\n<ul class=\"wp-block-list\">\n<li>Preuve de r\u00e9sidence et certificat de naissance (originaux seulement) \u00e0 pr\u00e9senter lors de votre demande d&rsquo;inscription en ligne <br><a href=\"https:\/\/cssdn.gouv.qc.ca\/parents-et-eleves\/admission-et-inscription\/\">lien \u00e0 venir sous peu<\/a><\/li>\n<\/ul>\n\n\n\n<p class=\"wp-block-paragraph\"><strong>P\u00e9riode d&rsquo;inscription pour les \u00e9l\u00e8ves du primaire (1<sup>re<\/sup> \u00e0 5<sup>e<\/sup> ann\u00e9e) du 03 au 14 f\u00e9vrier 2025<\/strong><em> <\/em>(et apr\u00e8s durant l&rsquo;ann\u00e9e scolaire 2025-2026) *** <em>pour les nouveaux \u00e9l\u00e8ves seulement<\/em><\/p>\n\n\n\n<ul class=\"wp-block-list\">\n<li>Info-parents (Aide pour remplir la fiche d&rsquo;inscription -nouvelle demande)<br><a href=\"https:\/\/cssdn.gouv.qc.ca\/wp-content\/uploads\/2023\/01\/Info-parents_Nouvelle-dem.pdf\">lien \u00e0 venir<\/a><\/li>\n<\/ul>\n\n\n\n<ul class=\"wp-block-list\">\n<li>Fiche d&rsquo;inscription 2025-202<br><a href=\"https:\/\/cssdn.gouv.qc.ca\/wp-content\/uploads\/2023\/12\/Fiche-dinscription-WEB.pdf\">lien \u00e0 venir<\/a><\/li>\n<\/ul>\n\n\n\n<ul class=\"wp-block-list\">\n<li>Formulaire de transfert d\u2019information en milieu scolaire<br><a href=\"https:\/\/cssdn.gouv.qc.ca\/parents-et-eleves\/admission-et-inscription\/\">lien \u00e0 venir<\/a><\/li>\n\n\n\n<li>Bulletins de l&rsquo;ann\u00e9e en cours de votre enfant ainsi que ceux des ann\u00e9es ant\u00e9rieures, s&rsquo;il y a lieu.<\/li>\n<\/ul>\n\n\n\n<p class=\"wp-block-paragraph\"><strong>Les demandes de changement d&rsquo;\u00e9cole ou de retour au bassin seront faites en ligne \u00e0 l&rsquo;aide d&rsquo;un formulaire pr\u00e9vu \u00e0 cet effet<\/strong><\/p>\n\n\n\n<ul class=\"wp-block-list\">\n<li>Formulaire de demande de changement d&rsquo;\u00e9cole ou de retour au bassin : <br><a href=\"https:\/\/cssdn.gouv.qc.ca\/wp-content\/uploads\/2023\/01\/Dem_chang_ecole_retour_bassin_Dyn.pdf\"><a href=\"https:\/\/cssdn.gouv.qc.ca\/parents-et-eleves\/admission-et-inscription\/\">lien \u00e0 venir<\/a><\/a><\/li>\n<\/ul>\n\n\n\n<p class=\"wp-block-paragraph\"><strong>P\u00e9riode d&rsquo;inscription pour le Programme Passe-Partout 4 ans au mois de mars 2025 <\/strong><br><strong>-date \u00e0 venir<\/strong> <em>si offert \u00e0 notre \u00e9cole<\/em><\/p>\n\n\n\n<ul class=\"wp-block-list\">\n<li>Passe-Partout est un programme d&rsquo;animation qui s&rsquo;adresse aux enfants de 4 ans et \u00e0 leurs parents.<\/li>\n<\/ul>\n\n\n\n<ul class=\"wp-block-list\">\n<li>C&rsquo;est 8 rencontres parents-enfant et un certain nombre de rencontres en demi-journ\u00e9e pour les enfants seulement. Les rencontres sont r\u00e9parties de la mi-septembre \u00e0 la fin mai.<\/li>\n<\/ul>\n\n\n\n<ul class=\"wp-block-list\">\n<li>Le service de garde n&rsquo;est pas accessible pour les \u00e9l\u00e8ves au programme Passe-Partout.<br><\/li>\n<\/ul>\n\n\n\n<ul class=\"wp-block-list\">\n<li>Points importants \u00e0 savoir : <\/li>\n\n\n\n<li>Diff\u00e9rence entre Maternelle 4 ans et Passe-Partout : <br><a href=\"https:\/\/cssdn.gouv.qc.ca\/parents-et-eleves\/admission-et-inscription\/\">lien \u00e0 venir<\/a><\/li>\n<\/ul>\n\n\n\n<p class=\"wp-block-paragraph\"><strong>Transport<\/strong><\/p>\n\n\n\n<p class=\"wp-block-paragraph\">Document d&rsquo;information des Services du transport<\/p>\n\n\n\n<ul class=\"wp-block-list\">\n<li>Lien vers le site g\u00e9n\u00e9ral du ST pour rechercher l&rsquo;\u00e9cole de quartier, selon votre adresse postale <br><a href=\"https:\/\/webnav.cssdn.gouv.qc.ca\/geobus\/Pages\/Anonyme\/parents\/page.fr.aspx\">lien \u00e0 venir<\/a><\/li>\n<\/ul>\n\n\n\n<ul class=\"wp-block-list\">\n<li>La s\u00e9curit\u00e9 au CSSDN 2025-2026 (<em>Vid\u00e9os<\/em> d&rsquo;information)<br><a href=\"https:\/\/www.mastuvu.info\/fr\/securite\">lien \u00e0 venir<\/a><\/li>\n<\/ul>\n\n\n\n<ul class=\"wp-block-list\">\n<li>D\u00e9pliant \u00ab Autobus scolaire pour des \u00e9coliers en s\u00e9curit\u00e9 \u00bb <br><a href=\"https:\/\/cssdn.gouv.qc.ca\/wp-content\/uploads\/2023\/01\/20230118_autobus-scolaire-ecoliers-securite-nouveau-depliant.pdf\">lien \u00e0 venir<\/a><\/li>\n\n\n\n<li><\/li>\n<\/ul>\n\n\n\n<p class=\"wp-block-paragraph\"><strong>Niveau scolaire  versus la date de naissance de l\u2019enfant pour l&rsquo;ann\u00e9e 2025-2026 :<\/strong><\/p>\n\n\n\n<p class=\"wp-block-paragraph\">&#8211; <strong>Maternelle 5 ans<\/strong> du 01-10-2019 au 30-09-2020<\/p>\n\n\n\n<p class=\"wp-block-paragraph\">&#8211; <strong>1<sup>re<\/sup> ann\u00e9e<\/strong> du 01-10-2018 au 30-09-2019<\/p>\n\n\n\n<p class=\"wp-block-paragraph\">&#8211; <strong>2<sup>e <\/sup>ann\u00e9e<\/strong> du 01-10-2017 au 30-09-2018<\/p>\n\n\n\n<p class=\"wp-block-paragraph\">&#8211; <strong>3<sup>e<\/sup> ann\u00e9e<\/strong> du 01-10-2016 au 30-09-2017<\/p>\n\n\n\n<p class=\"wp-block-paragraph\">&#8211; <strong>4<sup>e<\/sup> ann\u00e9e<\/strong> du 01-10-2015 au 30-09-2016<\/p>\n\n\n\n<p class=\"wp-block-paragraph\">&#8211; <strong>5<sup>e<\/sup> ann\u00e9e<\/strong> du 01-10-2014 au 30-09-2015<\/p>\n","protected":false},"excerpt":{"rendered":"<p>Consulter la section du centre de services pour tous les d\u00e9tails pour obtenir les documents \u00e0 remplir Information suppl\u00e9mentaire de l&rsquo;\u00e9cole \u00e0 venir &#8211; pour l&rsquo;inscription en 2025-2026 Nouveaut\u00e9 cette ann\u00e9e, les nouvelles inscriptions de Maternelle 5 ans et \u00e9galement celles des nouveaux arrivant au primaire se feront d\u00e9sormais directement EN LIGNE. L&rsquo;\u00e9cole de quartier [&hellip;]<\/p>\n","protected":false},"author":8,"featured_media":0,"parent":13,"menu_order":0,"comment_status":"closed","ping_status":"closed","template":"","meta":{"_acf_changed":false,"_crdt_document":"","inline_featured_image":false,"footnotes":""},"categories":[],"tags":[],"class_list":["post-307","page","type-page","status-publish","hentry"],"acf":[],"yoast_head":"<!-- This site is optimized with the Yoast SEO plugin v27.3 - https:\/\/yoast.com\/product\/yoast-seo-wordpress\/ -->\n<title>Inscriptions - \u00c9cole Clair-Soleil<\/title>\n<meta name=\"robots\" content=\"index, follow, max-snippet:-1, max-image-preview:large, max-video-preview:-1\" \/>\n<link rel=\"canonical\" href=\"https:\/\/cssdn.gouv.qc.ca\/clairsoleil\/informations-aux-parents\/inscriptions\/\" \/>\n<meta property=\"og:locale\" content=\"fr_CA\" \/>\n<meta property=\"og:type\" content=\"article\" \/>\n<meta property=\"og:title\" content=\"Inscriptions - \u00c9cole Clair-Soleil\" \/>\n<meta property=\"og:description\" content=\"Consulter la section du centre de services pour tous les d\u00e9tails pour obtenir les documents \u00e0 remplir Information suppl\u00e9mentaire de l&rsquo;\u00e9cole \u00e0 venir &#8211; pour l&rsquo;inscription en 2025-2026 Nouveaut\u00e9 cette ann\u00e9e, les nouvelles inscriptions de Maternelle 5 ans et \u00e9galement celles des nouveaux arrivant au primaire se feront d\u00e9sormais directement EN LIGNE. L&rsquo;\u00e9cole de quartier [&hellip;]\" \/>\n<meta property=\"og:url\" content=\"https:\/\/cssdn.gouv.qc.ca\/clairsoleil\/informations-aux-parents\/inscriptions\/\" \/>\n<meta property=\"og:site_name\" content=\"\u00c9cole Clair-Soleil\" \/>\n<meta property=\"article:publisher\" content=\"https:\/\/www.facebook.com\/profile.php?id=100063489011162\" \/>\n<meta property=\"article:modified_time\" content=\"2025-01-23T02:54:40+00:00\" \/>\n<meta name=\"twitter:card\" content=\"summary_large_image\" \/>\n<meta name=\"twitter:label1\" content=\"Estimation du temps de lecture\" \/>\n\t<meta name=\"twitter:data1\" content=\"3 minutes\" \/>\n<script type=\"application\/ld+json\" class=\"yoast-schema-graph\">{\"@context\":\"https:\\\/\\\/schema.org\",\"@graph\":[{\"@type\":\"WebPage\",\"@id\":\"https:\\\/\\\/cssdn.gouv.qc.ca\\\/clairsoleil\\\/informations-aux-parents\\\/inscriptions\\\/\",\"url\":\"https:\\\/\\\/cssdn.gouv.qc.ca\\\/clairsoleil\\\/informations-aux-parents\\\/inscriptions\\\/\",\"name\":\"Inscriptions - \u00c9cole Clair-Soleil\",\"isPartOf\":{\"@id\":\"https:\\\/\\\/cssdn.gouv.qc.ca\\\/clairsoleil\\\/#website\"},\"primaryImageOfPage\":{\"@id\":\"https:\\\/\\\/cssdn.gouv.qc.ca\\\/clairsoleil\\\/informations-aux-parents\\\/inscriptions\\\/#primaryimage\"},\"image\":{\"@id\":\"https:\\\/\\\/cssdn.gouv.qc.ca\\\/clairsoleil\\\/informations-aux-parents\\\/inscriptions\\\/#primaryimage\"},\"thumbnailUrl\":\"https:\\\/\\\/cssdn.gouv.qc.ca\\\/wp-content\\\/uploads\\\/2022\\\/08\\\/Seawire-Hero-06.jpg\",\"datePublished\":\"2023-01-20T18:09:02+00:00\",\"dateModified\":\"2025-01-23T02:54:40+00:00\",\"breadcrumb\":{\"@id\":\"https:\\\/\\\/cssdn.gouv.qc.ca\\\/clairsoleil\\\/informations-aux-parents\\\/inscriptions\\\/#breadcrumb\"},\"inLanguage\":\"fr-CA\",\"potentialAction\":[{\"@type\":\"ReadAction\",\"target\":[\"https:\\\/\\\/cssdn.gouv.qc.ca\\\/clairsoleil\\\/informations-aux-parents\\\/inscriptions\\\/\"]}]},{\"@type\":\"ImageObject\",\"inLanguage\":\"fr-CA\",\"@id\":\"https:\\\/\\\/cssdn.gouv.qc.ca\\\/clairsoleil\\\/informations-aux-parents\\\/inscriptions\\\/#primaryimage\",\"url\":\"https:\\\/\\\/cssdn.gouv.qc.ca\\\/wp-content\\\/uploads\\\/2022\\\/08\\\/Seawire-Hero-06.jpg\",\"contentUrl\":\"https:\\\/\\\/cssdn.gouv.qc.ca\\\/wp-content\\\/uploads\\\/2022\\\/08\\\/Seawire-Hero-06.jpg\"},{\"@type\":\"BreadcrumbList\",\"@id\":\"https:\\\/\\\/cssdn.gouv.qc.ca\\\/clairsoleil\\\/informations-aux-parents\\\/inscriptions\\\/#breadcrumb\",\"itemListElement\":[{\"@type\":\"ListItem\",\"position\":1,\"name\":\"Accueil\",\"item\":\"https:\\\/\\\/cssdn.gouv.qc.ca\\\/clairsoleil\\\/\"},{\"@type\":\"ListItem\",\"position\":2,\"name\":\"Informations aux parents\",\"item\":\"https:\\\/\\\/cssdn.gouv.qc.ca\\\/clairsoleil\\\/informations-aux-parents\\\/\"},{\"@type\":\"ListItem\",\"position\":3,\"name\":\"Inscriptions\"}]},{\"@type\":\"WebSite\",\"@id\":\"https:\\\/\\\/cssdn.gouv.qc.ca\\\/clairsoleil\\\/#website\",\"url\":\"https:\\\/\\\/cssdn.gouv.qc.ca\\\/clairsoleil\\\/\",\"name\":\"\u00c9cole Clair-Soleil\",\"description\":\"Un site du Centre de services scolaires des Navigateurs\",\"publisher\":{\"@id\":\"https:\\\/\\\/cssdn.gouv.qc.ca\\\/clairsoleil\\\/#organization\"},\"potentialAction\":[{\"@type\":\"SearchAction\",\"target\":{\"@type\":\"EntryPoint\",\"urlTemplate\":\"https:\\\/\\\/cssdn.gouv.qc.ca\\\/clairsoleil\\\/?s={search_term_string}\"},\"query-input\":{\"@type\":\"PropertyValueSpecification\",\"valueRequired\":true,\"valueName\":\"search_term_string\"}}],\"inLanguage\":\"fr-CA\"},{\"@type\":\"Organization\",\"@id\":\"https:\\\/\\\/cssdn.gouv.qc.ca\\\/clairsoleil\\\/#organization\",\"name\":\"\u00c9cole Clair-Soleil\",\"url\":\"https:\\\/\\\/cssdn.gouv.qc.ca\\\/clairsoleil\\\/\",\"logo\":{\"@type\":\"ImageObject\",\"inLanguage\":\"fr-CA\",\"@id\":\"https:\\\/\\\/cssdn.gouv.qc.ca\\\/clairsoleil\\\/#\\\/schema\\\/logo\\\/image\\\/\",\"url\":\"https:\\\/\\\/cssdn.gouv.qc.ca\\\/clairsoleil\\\/wp-content\\\/uploads\\\/sites\\\/24\\\/2023\\\/01\\\/logo_quebec.svg\",\"contentUrl\":\"https:\\\/\\\/cssdn.gouv.qc.ca\\\/clairsoleil\\\/wp-content\\\/uploads\\\/sites\\\/24\\\/2023\\\/01\\\/logo_quebec.svg\",\"width\":188,\"height\":41,\"caption\":\"\u00c9cole Clair-Soleil\"},\"image\":{\"@id\":\"https:\\\/\\\/cssdn.gouv.qc.ca\\\/clairsoleil\\\/#\\\/schema\\\/logo\\\/image\\\/\"},\"sameAs\":[\"https:\\\/\\\/www.facebook.com\\\/profile.php?id=100063489011162\"]}]}<\/script>\n<!-- \/ Yoast SEO plugin. -->","yoast_head_json":{"title":"Inscriptions - \u00c9cole Clair-Soleil","robots":{"index":"index","follow":"follow","max-snippet":"max-snippet:-1","max-image-preview":"max-image-preview:large","max-video-preview":"max-video-preview:-1"},"canonical":"https:\/\/cssdn.gouv.qc.ca\/clairsoleil\/informations-aux-parents\/inscriptions\/","og_locale":"fr_CA","og_type":"article","og_title":"Inscriptions - \u00c9cole Clair-Soleil","og_description":"Consulter la section du centre de services pour tous les d\u00e9tails pour obtenir les documents \u00e0 remplir Information suppl\u00e9mentaire de l&rsquo;\u00e9cole \u00e0 venir &#8211; pour l&rsquo;inscription en 2025-2026 Nouveaut\u00e9 cette ann\u00e9e, les nouvelles inscriptions de Maternelle 5 ans et \u00e9galement celles des nouveaux arrivant au primaire se feront d\u00e9sormais directement EN LIGNE. L&rsquo;\u00e9cole de quartier [&hellip;]","og_url":"https:\/\/cssdn.gouv.qc.ca\/clairsoleil\/informations-aux-parents\/inscriptions\/","og_site_name":"\u00c9cole Clair-Soleil","article_publisher":"https:\/\/www.facebook.com\/profile.php?id=100063489011162","article_modified_time":"2025-01-23T02:54:40+00:00","twitter_card":"summary_large_image","twitter_misc":{"Estimation du temps de lecture":"3 minutes"},"schema":{"@context":"https:\/\/schema.org","@graph":[{"@type":"WebPage","@id":"https:\/\/cssdn.gouv.qc.ca\/clairsoleil\/informations-aux-parents\/inscriptions\/","url":"https:\/\/cssdn.gouv.qc.ca\/clairsoleil\/informations-aux-parents\/inscriptions\/","name":"Inscriptions - \u00c9cole Clair-Soleil","isPartOf":{"@id":"https:\/\/cssdn.gouv.qc.ca\/clairsoleil\/#website"},"primaryImageOfPage":{"@id":"https:\/\/cssdn.gouv.qc.ca\/clairsoleil\/informations-aux-parents\/inscriptions\/#primaryimage"},"image":{"@id":"https:\/\/cssdn.gouv.qc.ca\/clairsoleil\/informations-aux-parents\/inscriptions\/#primaryimage"},"thumbnailUrl":"https:\/\/cssdn.gouv.qc.ca\/wp-content\/uploads\/2022\/08\/Seawire-Hero-06.jpg","datePublished":"2023-01-20T18:09:02+00:00","dateModified":"2025-01-23T02:54:40+00:00","breadcrumb":{"@id":"https:\/\/cssdn.gouv.qc.ca\/clairsoleil\/informations-aux-parents\/inscriptions\/#breadcrumb"},"inLanguage":"fr-CA","potentialAction":[{"@type":"ReadAction","target":["https:\/\/cssdn.gouv.qc.ca\/clairsoleil\/informations-aux-parents\/inscriptions\/"]}]},{"@type":"ImageObject","inLanguage":"fr-CA","@id":"https:\/\/cssdn.gouv.qc.ca\/clairsoleil\/informations-aux-parents\/inscriptions\/#primaryimage","url":"https:\/\/cssdn.gouv.qc.ca\/wp-content\/uploads\/2022\/08\/Seawire-Hero-06.jpg","contentUrl":"https:\/\/cssdn.gouv.qc.ca\/wp-content\/uploads\/2022\/08\/Seawire-Hero-06.jpg"},{"@type":"BreadcrumbList","@id":"https:\/\/cssdn.gouv.qc.ca\/clairsoleil\/informations-aux-parents\/inscriptions\/#breadcrumb","itemListElement":[{"@type":"ListItem","position":1,"name":"Accueil","item":"https:\/\/cssdn.gouv.qc.ca\/clairsoleil\/"},{"@type":"ListItem","position":2,"name":"Informations aux parents","item":"https:\/\/cssdn.gouv.qc.ca\/clairsoleil\/informations-aux-parents\/"},{"@type":"ListItem","position":3,"name":"Inscriptions"}]},{"@type":"WebSite","@id":"https:\/\/cssdn.gouv.qc.ca\/clairsoleil\/#website","url":"https:\/\/cssdn.gouv.qc.ca\/clairsoleil\/","name":"\u00c9cole Clair-Soleil","description":"Un site du Centre de services scolaires des Navigateurs","publisher":{"@id":"https:\/\/cssdn.gouv.qc.ca\/clairsoleil\/#organization"},"potentialAction":[{"@type":"SearchAction","target":{"@type":"EntryPoint","urlTemplate":"https:\/\/cssdn.gouv.qc.ca\/clairsoleil\/?s={search_term_string}"},"query-input":{"@type":"PropertyValueSpecification","valueRequired":true,"valueName":"search_term_string"}}],"inLanguage":"fr-CA"},{"@type":"Organization","@id":"https:\/\/cssdn.gouv.qc.ca\/clairsoleil\/#organization","name":"\u00c9cole Clair-Soleil","url":"https:\/\/cssdn.gouv.qc.ca\/clairsoleil\/","logo":{"@type":"ImageObject","inLanguage":"fr-CA","@id":"https:\/\/cssdn.gouv.qc.ca\/clairsoleil\/#\/schema\/logo\/image\/","url":"https:\/\/cssdn.gouv.qc.ca\/clairsoleil\/wp-content\/uploads\/sites\/24\/2023\/01\/logo_quebec.svg","contentUrl":"https:\/\/cssdn.gouv.qc.ca\/clairsoleil\/wp-content\/uploads\/sites\/24\/2023\/01\/logo_quebec.svg","width":188,"height":41,"caption":"\u00c9cole Clair-Soleil"},"image":{"@id":"https:\/\/cssdn.gouv.qc.ca\/clairsoleil\/#\/schema\/logo\/image\/"},"sameAs":["https:\/\/www.facebook.com\/profile.php?id=100063489011162"]}]}},"publishpress_future_action":{"enabled":false,"date":"2026-04-10 18:37:49","action":"change-status","newStatus":"draft","terms":[],"taxonomy":"category","extraData":[]},"publishpress_future_workflow_manual_trigger":{"enabledWorkflows":[]},"_links":{"self":[{"href":"https:\/\/cssdn.gouv.qc.ca\/clairsoleil\/wp-json\/wp\/v2\/pages\/307","targetHints":{"allow":["GET"]}}],"collection":[{"href":"https:\/\/cssdn.gouv.qc.ca\/clairsoleil\/wp-json\/wp\/v2\/pages"}],"about":[{"href":"https:\/\/cssdn.gouv.qc.ca\/clairsoleil\/wp-json\/wp\/v2\/types\/page"}],"author":[{"embeddable":true,"href":"https:\/\/cssdn.gouv.qc.ca\/clairsoleil\/wp-json\/wp\/v2\/users\/8"}],"replies":[{"embeddable":true,"href":"https:\/\/cssdn.gouv.qc.ca\/clairsoleil\/wp-json\/wp\/v2\/comments?post=307"}],"version-history":[{"count":0,"href":"https:\/\/cssdn.gouv.qc.ca\/clairsoleil\/wp-json\/wp\/v2\/pages\/307\/revisions"}],"up":[{"embeddable":true,"href":"https:\/\/cssdn.gouv.qc.ca\/clairsoleil\/wp-json\/wp\/v2\/pages\/13"}],"wp:attachment":[{"href":"https:\/\/cssdn.gouv.qc.ca\/clairsoleil\/wp-json\/wp\/v2\/media?parent=307"}],"wp:term":[{"taxonomy":"category","embeddable":true,"href":"https:\/\/cssdn.gouv.qc.ca\/clairsoleil\/wp-json\/wp\/v2\/categories?post=307"},{"taxonomy":"post_tag","embeddable":true,"href":"https:\/\/cssdn.gouv.qc.ca\/clairsoleil\/wp-json\/wp\/v2\/tags?post=307"}],"curies":[{"name":"wp","href":"https:\/\/api.w.org\/{rel}","templated":true}]}}