
{"id":225,"date":"2023-01-29T19:28:49","date_gmt":"2023-01-30T00:28:49","guid":{"rendered":"https:\/\/cssdn.gouv.qc.ca\/cledor\/?page_id=225"},"modified":"2024-12-20T10:19:47","modified_gmt":"2024-12-20T15:19:47","slug":"climat-sain-et-securitaire","status":"publish","type":"page","link":"https:\/\/cssdn.gouv.qc.ca\/cledor\/climat-sain-et-securitaire\/","title":{"rendered":"Climat sain et s\u00e9curitaire"},"content":{"rendered":"\n<div class=\"wp-block-cover alignfull is-light is-style-title-banner\"><span aria-hidden=\"true\" class=\"wp-block-cover__background has-background-dim\"><\/span><img decoding=\"async\" class=\"wp-block-cover__image-background wp-image-111 lazyload\" alt=\"\" data-src=\"https:\/\/stage.cssdn.gouv.qc.ca\/wp-content\/uploads\/2022\/08\/Seawire-Hero-06.jpg\" data-object-fit=\"cover\" src=\"data:image\/svg+xml;base64,PHN2ZyB3aWR0aD0iMSIgaGVpZ2h0PSIxIiB4bWxucz0iaHR0cDovL3d3dy53My5vcmcvMjAwMC9zdmciPjwvc3ZnPg==\" \/><div class=\"wp-block-cover__inner-container\"><h3 class=\"wp-block-post-title\">Climat sain et s\u00e9curitaire<\/h3><\/div><\/div>\n\n\n\n<div class=\"wp-block-group alignfull has-padding-y-large has-secondary-background-color has-background\"><div class=\"yoast-breadcrumbs alignwide \"><span class=\"breadcrumbs\"><a href=\"https:\/\/cssdn.gouv.qc.ca\/cledor\/\" class=\"breadcrumbs__element\">Accueil<\/a> <span class=\"breadcrumbs__separator\">\n        <svg class=\"icon icon-breadcrumb__separator\"><use xlink:href=\"#icon-breadcrumb__separator\"><\/use><\/svg>\n    <\/span> <span class=\"breadcrumbs__element breadcrumbs__element-current\">Climat sain et s\u00e9curitaire<\/span><\/span><\/div><\/div>\n\n\n\n<h1 class=\"wp-block-heading\"><\/h1>\n\n\n\n\n\n<div class=\"act-collapsible\">\n<h2 class=\"wp-block-heading act-collapsible__heading\"><br>Nos r\u00e8gles de vie <\/h2>\n\n\n\n<div class=\"act-collapsible__content\"><div class=\"act-collapsible__content-inner\">\n<p class=\"wp-block-paragraph\"><\/p>\n\n\n\n<div data-wp-interactive=\"core\/file\" class=\"wp-block-file\"><object data-wp-bind--hidden=\"!state.hasPdfPreview\" hidden class=\"wp-block-file__embed\" data=\"https:\/\/cssdn.gouv.qc.ca\/cledor\/wp-content\/uploads\/sites\/25\/2024\/09\/Cle-dOr-page-4-Tableau-regles-de-conduite_Cle-dOr.docx.pdf\" type=\"application\/pdf\" style=\"width:100%;height:200px\" aria-label=\"Contenu incorpor\u00e9 R\u00e8gles de conduite.\"><\/object><a id=\"wp-block-file--media-e19c8082-2e11-4fc5-a0d9-def3029bfcd4\" href=\"https:\/\/cssdn.gouv.qc.ca\/cledor\/wp-content\/uploads\/sites\/25\/2024\/09\/Cle-dOr-page-4-Tableau-regles-de-conduite_Cle-dOr.docx.pdf\">R\u00e8gles de conduite<\/a><a href=\"https:\/\/cssdn.gouv.qc.ca\/cledor\/wp-content\/uploads\/sites\/25\/2024\/09\/Cle-dOr-page-4-Tableau-regles-de-conduite_Cle-dOr.docx.pdf\" class=\"wp-block-file__button wp-element-button\" download aria-describedby=\"wp-block-file--media-e19c8082-2e11-4fc5-a0d9-def3029bfcd4\">T\u00e9l\u00e9charger<\/a><\/div>\n<\/div><\/div>\n<\/div>\n\n\n\n<div class=\"act-collapsible\">\n<h2 class=\"wp-block-heading act-collapsible__heading\">Plan d&rsquo;action contre la violence <\/h2>\n\n\n\n<div class=\"act-collapsible__content\"><div class=\"act-collapsible__content-inner\">\n<p class=\"wp-block-paragraph\"><\/p>\n\n\n\n<div data-wp-interactive=\"core\/file\" class=\"wp-block-file\"><object data-wp-bind--hidden=\"!state.hasPdfPreview\" hidden class=\"wp-block-file__embed\" data=\"https:\/\/cssdn.gouv.qc.ca\/cledor\/wp-content\/uploads\/sites\/25\/2024\/12\/plan-daction-contre-la-violence-2024-2025-CleO.pdf\" type=\"application\/pdf\" style=\"width:100%;height:200px\" aria-label=\"Contenu incorpor\u00e9 plan d&apos;action contre la violence 2024-2025 .\"><\/object><a id=\"wp-block-file--media-0b1dd9a7-c636-41f8-bab6-0b72ce0cd5d6\" href=\"https:\/\/cssdn.gouv.qc.ca\/cledor\/wp-content\/uploads\/sites\/25\/2024\/12\/plan-daction-contre-la-violence-2024-2025-CleO.pdf\">plan d&rsquo;action contre la violence 2024-2025 <\/a><a href=\"https:\/\/cssdn.gouv.qc.ca\/cledor\/wp-content\/uploads\/sites\/25\/2024\/12\/plan-daction-contre-la-violence-2024-2025-CleO.pdf\" class=\"wp-block-file__button wp-element-button\" download aria-describedby=\"wp-block-file--media-0b1dd9a7-c636-41f8-bab6-0b72ce0cd5d6\">T\u00e9l\u00e9charger<\/a><\/div>\n<\/div><\/div>\n<\/div>\n\n\n\n<div class=\"act-collapsible\">\n<h2 class=\"wp-block-heading act-collapsible__heading\">D\u00e9claration d&rsquo;\u00e9v\u00e9nement<\/h2>\n\n\n\n<div class=\"act-collapsible__content\"><div class=\"act-collapsible__content-inner\">\n<div class=\"wp-block-file\"><a id=\"wp-block-file--media-6a076bba-84af-487a-979e-5917ef8a15ad\" href=\"https:\/\/cssdn.gouv.qc.ca\/cledor\/wp-content\/uploads\/sites\/25\/2023\/01\/Declaration-devenement.pdf\">Declaration-devenement<\/a><\/div>\n<\/div><\/div>\n<\/div>\n\n\n\n<p class=\"wp-block-paragraph\"><\/p>\n","protected":false},"excerpt":{"rendered":"","protected":false},"author":63,"featured_media":0,"parent":0,"menu_order":0,"comment_status":"closed","ping_status":"closed","template":"","meta":{"_acf_changed":false,"_crdt_document":"","inline_featured_image":false,"footnotes":""},"categories":[],"tags":[],"class_list":["post-225","page","type-page","status-publish","hentry"],"acf":[],"yoast_head":"<!-- This site is optimized with the Yoast SEO plugin v27.3 - https:\/\/yoast.com\/product\/yoast-seo-wordpress\/ -->\n<title>Climat sain et s\u00e9curitaire - \u00c9cole de la Cl\u00e9-d\u2019Or<\/title>\n<meta name=\"robots\" content=\"index, follow, max-snippet:-1, max-image-preview:large, max-video-preview:-1\" \/>\n<link rel=\"canonical\" href=\"https:\/\/cssdn.gouv.qc.ca\/cledor\/informations-aux-parents__trashed\/climat-sain-et-securitaire\/\" \/>\n<meta property=\"og:locale\" content=\"fr_CA\" \/>\n<meta property=\"og:type\" content=\"article\" \/>\n<meta property=\"og:title\" content=\"Climat sain et s\u00e9curitaire - \u00c9cole de la Cl\u00e9-d\u2019Or\" \/>\n<meta property=\"og:url\" content=\"https:\/\/cssdn.gouv.qc.ca\/cledor\/informations-aux-parents__trashed\/climat-sain-et-securitaire\/\" \/>\n<meta property=\"og:site_name\" content=\"\u00c9cole de la Cl\u00e9-d\u2019Or\" \/>\n<meta property=\"article:publisher\" content=\"https:\/\/www.facebook.com\/ecoledelacledor\" \/>\n<meta property=\"article:modified_time\" content=\"2024-12-20T15:19:47+00:00\" \/>\n<meta name=\"twitter:card\" content=\"summary_large_image\" \/>\n<meta name=\"twitter:label1\" content=\"Estimation du temps de lecture\" \/>\n\t<meta name=\"twitter:data1\" content=\"1 minute\" \/>\n<script type=\"application\/ld+json\" class=\"yoast-schema-graph\">{\"@context\":\"https:\\\/\\\/schema.org\",\"@graph\":[{\"@type\":\"WebPage\",\"@id\":\"https:\\\/\\\/cssdn.gouv.qc.ca\\\/cledor\\\/informations-aux-parents__trashed\\\/climat-sain-et-securitaire\\\/\",\"url\":\"https:\\\/\\\/cssdn.gouv.qc.ca\\\/cledor\\\/informations-aux-parents__trashed\\\/climat-sain-et-securitaire\\\/\",\"name\":\"Climat sain et s\u00e9curitaire - \u00c9cole de la Cl\u00e9-d\u2019Or\",\"isPartOf\":{\"@id\":\"https:\\\/\\\/cssdn.gouv.qc.ca\\\/cledor\\\/#website\"},\"primaryImageOfPage\":{\"@id\":\"https:\\\/\\\/cssdn.gouv.qc.ca\\\/cledor\\\/informations-aux-parents__trashed\\\/climat-sain-et-securitaire\\\/#primaryimage\"},\"image\":{\"@id\":\"https:\\\/\\\/cssdn.gouv.qc.ca\\\/cledor\\\/informations-aux-parents__trashed\\\/climat-sain-et-securitaire\\\/#primaryimage\"},\"thumbnailUrl\":\"https:\\\/\\\/stage.cssdn.gouv.qc.ca\\\/wp-content\\\/uploads\\\/2022\\\/08\\\/Seawire-Hero-06.jpg\",\"datePublished\":\"2023-01-30T00:28:49+00:00\",\"dateModified\":\"2024-12-20T15:19:47+00:00\",\"breadcrumb\":{\"@id\":\"https:\\\/\\\/cssdn.gouv.qc.ca\\\/cledor\\\/informations-aux-parents__trashed\\\/climat-sain-et-securitaire\\\/#breadcrumb\"},\"inLanguage\":\"fr-CA\",\"potentialAction\":[{\"@type\":\"ReadAction\",\"target\":[\"https:\\\/\\\/cssdn.gouv.qc.ca\\\/cledor\\\/informations-aux-parents__trashed\\\/climat-sain-et-securitaire\\\/\"]}]},{\"@type\":\"ImageObject\",\"inLanguage\":\"fr-CA\",\"@id\":\"https:\\\/\\\/cssdn.gouv.qc.ca\\\/cledor\\\/informations-aux-parents__trashed\\\/climat-sain-et-securitaire\\\/#primaryimage\",\"url\":\"https:\\\/\\\/stage.cssdn.gouv.qc.ca\\\/wp-content\\\/uploads\\\/2022\\\/08\\\/Seawire-Hero-06.jpg\",\"contentUrl\":\"https:\\\/\\\/stage.cssdn.gouv.qc.ca\\\/wp-content\\\/uploads\\\/2022\\\/08\\\/Seawire-Hero-06.jpg\"},{\"@type\":\"BreadcrumbList\",\"@id\":\"https:\\\/\\\/cssdn.gouv.qc.ca\\\/cledor\\\/informations-aux-parents__trashed\\\/climat-sain-et-securitaire\\\/#breadcrumb\",\"itemListElement\":[{\"@type\":\"ListItem\",\"position\":1,\"name\":\"Accueil\",\"item\":\"https:\\\/\\\/cssdn.gouv.qc.ca\\\/cledor\\\/\"},{\"@type\":\"ListItem\",\"position\":2,\"name\":\"Climat sain et s\u00e9curitaire\"}]},{\"@type\":\"WebSite\",\"@id\":\"https:\\\/\\\/cssdn.gouv.qc.ca\\\/cledor\\\/#website\",\"url\":\"https:\\\/\\\/cssdn.gouv.qc.ca\\\/cledor\\\/\",\"name\":\"\u00c9cole de la Cl\u00e9-d\u2019Or\",\"description\":\"Un site des centres de services scolaires des Navigateurs\",\"publisher\":{\"@id\":\"https:\\\/\\\/cssdn.gouv.qc.ca\\\/cledor\\\/#organization\"},\"potentialAction\":[{\"@type\":\"SearchAction\",\"target\":{\"@type\":\"EntryPoint\",\"urlTemplate\":\"https:\\\/\\\/cssdn.gouv.qc.ca\\\/cledor\\\/?s={search_term_string}\"},\"query-input\":{\"@type\":\"PropertyValueSpecification\",\"valueRequired\":true,\"valueName\":\"search_term_string\"}}],\"inLanguage\":\"fr-CA\"},{\"@type\":\"Organization\",\"@id\":\"https:\\\/\\\/cssdn.gouv.qc.ca\\\/cledor\\\/#organization\",\"name\":\"\u00c9cole de la Cl\u00e9-d\u2019Or\",\"url\":\"https:\\\/\\\/cssdn.gouv.qc.ca\\\/cledor\\\/\",\"logo\":{\"@type\":\"ImageObject\",\"inLanguage\":\"fr-CA\",\"@id\":\"https:\\\/\\\/cssdn.gouv.qc.ca\\\/cledor\\\/#\\\/schema\\\/logo\\\/image\\\/\",\"url\":\"https:\\\/\\\/cssdn.gouv.qc.ca\\\/cledor\\\/wp-content\\\/uploads\\\/sites\\\/25\\\/2023\\\/01\\\/logo_quebec.svg\",\"contentUrl\":\"https:\\\/\\\/cssdn.gouv.qc.ca\\\/cledor\\\/wp-content\\\/uploads\\\/sites\\\/25\\\/2023\\\/01\\\/logo_quebec.svg\",\"width\":188,\"height\":41,\"caption\":\"\u00c9cole de la Cl\u00e9-d\u2019Or\"},\"image\":{\"@id\":\"https:\\\/\\\/cssdn.gouv.qc.ca\\\/cledor\\\/#\\\/schema\\\/logo\\\/image\\\/\"},\"sameAs\":[\"https:\\\/\\\/www.facebook.com\\\/ecoledelacledor\"]}]}<\/script>\n<!-- \/ Yoast SEO plugin. -->","yoast_head_json":{"title":"Climat sain et s\u00e9curitaire - \u00c9cole de la Cl\u00e9-d\u2019Or","robots":{"index":"index","follow":"follow","max-snippet":"max-snippet:-1","max-image-preview":"max-image-preview:large","max-video-preview":"max-video-preview:-1"},"canonical":"https:\/\/cssdn.gouv.qc.ca\/cledor\/informations-aux-parents__trashed\/climat-sain-et-securitaire\/","og_locale":"fr_CA","og_type":"article","og_title":"Climat sain et s\u00e9curitaire - \u00c9cole de la Cl\u00e9-d\u2019Or","og_url":"https:\/\/cssdn.gouv.qc.ca\/cledor\/informations-aux-parents__trashed\/climat-sain-et-securitaire\/","og_site_name":"\u00c9cole de la Cl\u00e9-d\u2019Or","article_publisher":"https:\/\/www.facebook.com\/ecoledelacledor","article_modified_time":"2024-12-20T15:19:47+00:00","twitter_card":"summary_large_image","twitter_misc":{"Estimation du temps de lecture":"1 minute"},"schema":{"@context":"https:\/\/schema.org","@graph":[{"@type":"WebPage","@id":"https:\/\/cssdn.gouv.qc.ca\/cledor\/informations-aux-parents__trashed\/climat-sain-et-securitaire\/","url":"https:\/\/cssdn.gouv.qc.ca\/cledor\/informations-aux-parents__trashed\/climat-sain-et-securitaire\/","name":"Climat sain et s\u00e9curitaire - \u00c9cole de la Cl\u00e9-d\u2019Or","isPartOf":{"@id":"https:\/\/cssdn.gouv.qc.ca\/cledor\/#website"},"primaryImageOfPage":{"@id":"https:\/\/cssdn.gouv.qc.ca\/cledor\/informations-aux-parents__trashed\/climat-sain-et-securitaire\/#primaryimage"},"image":{"@id":"https:\/\/cssdn.gouv.qc.ca\/cledor\/informations-aux-parents__trashed\/climat-sain-et-securitaire\/#primaryimage"},"thumbnailUrl":"https:\/\/stage.cssdn.gouv.qc.ca\/wp-content\/uploads\/2022\/08\/Seawire-Hero-06.jpg","datePublished":"2023-01-30T00:28:49+00:00","dateModified":"2024-12-20T15:19:47+00:00","breadcrumb":{"@id":"https:\/\/cssdn.gouv.qc.ca\/cledor\/informations-aux-parents__trashed\/climat-sain-et-securitaire\/#breadcrumb"},"inLanguage":"fr-CA","potentialAction":[{"@type":"ReadAction","target":["https:\/\/cssdn.gouv.qc.ca\/cledor\/informations-aux-parents__trashed\/climat-sain-et-securitaire\/"]}]},{"@type":"ImageObject","inLanguage":"fr-CA","@id":"https:\/\/cssdn.gouv.qc.ca\/cledor\/informations-aux-parents__trashed\/climat-sain-et-securitaire\/#primaryimage","url":"https:\/\/stage.cssdn.gouv.qc.ca\/wp-content\/uploads\/2022\/08\/Seawire-Hero-06.jpg","contentUrl":"https:\/\/stage.cssdn.gouv.qc.ca\/wp-content\/uploads\/2022\/08\/Seawire-Hero-06.jpg"},{"@type":"BreadcrumbList","@id":"https:\/\/cssdn.gouv.qc.ca\/cledor\/informations-aux-parents__trashed\/climat-sain-et-securitaire\/#breadcrumb","itemListElement":[{"@type":"ListItem","position":1,"name":"Accueil","item":"https:\/\/cssdn.gouv.qc.ca\/cledor\/"},{"@type":"ListItem","position":2,"name":"Climat sain et s\u00e9curitaire"}]},{"@type":"WebSite","@id":"https:\/\/cssdn.gouv.qc.ca\/cledor\/#website","url":"https:\/\/cssdn.gouv.qc.ca\/cledor\/","name":"\u00c9cole de la Cl\u00e9-d\u2019Or","description":"Un site des centres de services scolaires des Navigateurs","publisher":{"@id":"https:\/\/cssdn.gouv.qc.ca\/cledor\/#organization"},"potentialAction":[{"@type":"SearchAction","target":{"@type":"EntryPoint","urlTemplate":"https:\/\/cssdn.gouv.qc.ca\/cledor\/?s={search_term_string}"},"query-input":{"@type":"PropertyValueSpecification","valueRequired":true,"valueName":"search_term_string"}}],"inLanguage":"fr-CA"},{"@type":"Organization","@id":"https:\/\/cssdn.gouv.qc.ca\/cledor\/#organization","name":"\u00c9cole de la Cl\u00e9-d\u2019Or","url":"https:\/\/cssdn.gouv.qc.ca\/cledor\/","logo":{"@type":"ImageObject","inLanguage":"fr-CA","@id":"https:\/\/cssdn.gouv.qc.ca\/cledor\/#\/schema\/logo\/image\/","url":"https:\/\/cssdn.gouv.qc.ca\/cledor\/wp-content\/uploads\/sites\/25\/2023\/01\/logo_quebec.svg","contentUrl":"https:\/\/cssdn.gouv.qc.ca\/cledor\/wp-content\/uploads\/sites\/25\/2023\/01\/logo_quebec.svg","width":188,"height":41,"caption":"\u00c9cole de la Cl\u00e9-d\u2019Or"},"image":{"@id":"https:\/\/cssdn.gouv.qc.ca\/cledor\/#\/schema\/logo\/image\/"},"sameAs":["https:\/\/www.facebook.com\/ecoledelacledor"]}]}},"publishpress_future_action":{"enabled":false,"date":"2026-04-21 22:37:52","action":"change-status","newStatus":"draft","terms":[],"taxonomy":"category","extraData":[]},"publishpress_future_workflow_manual_trigger":{"enabledWorkflows":[]},"_links":{"self":[{"href":"https:\/\/cssdn.gouv.qc.ca\/cledor\/wp-json\/wp\/v2\/pages\/225","targetHints":{"allow":["GET"]}}],"collection":[{"href":"https:\/\/cssdn.gouv.qc.ca\/cledor\/wp-json\/wp\/v2\/pages"}],"about":[{"href":"https:\/\/cssdn.gouv.qc.ca\/cledor\/wp-json\/wp\/v2\/types\/page"}],"author":[{"embeddable":true,"href":"https:\/\/cssdn.gouv.qc.ca\/cledor\/wp-json\/wp\/v2\/users\/63"}],"replies":[{"embeddable":true,"href":"https:\/\/cssdn.gouv.qc.ca\/cledor\/wp-json\/wp\/v2\/comments?post=225"}],"version-history":[{"count":0,"href":"https:\/\/cssdn.gouv.qc.ca\/cledor\/wp-json\/wp\/v2\/pages\/225\/revisions"}],"wp:attachment":[{"href":"https:\/\/cssdn.gouv.qc.ca\/cledor\/wp-json\/wp\/v2\/media?parent=225"}],"wp:term":[{"taxonomy":"category","embeddable":true,"href":"https:\/\/cssdn.gouv.qc.ca\/cledor\/wp-json\/wp\/v2\/categories?post=225"},{"taxonomy":"post_tag","embeddable":true,"href":"https:\/\/cssdn.gouv.qc.ca\/cledor\/wp-json\/wp\/v2\/tags?post=225"}],"curies":[{"name":"wp","href":"https:\/\/api.w.org\/{rel}","templated":true}]}}