
{"id":14,"date":"2022-11-08T16:17:58","date_gmt":"2022-11-08T21:17:58","guid":{"rendered":"https:\/\/cssdn.gouv.qc.ca\/cleduboise\/information\/"},"modified":"2025-09-12T10:38:52","modified_gmt":"2025-09-12T14:38:52","slug":"information","status":"publish","type":"page","link":"https:\/\/cssdn.gouv.qc.ca\/cleduboise\/information\/","title":{"rendered":"Information"},"content":{"rendered":"\n<div class=\"wp-block-cover alignfull is-light is-style-title-banner\"><img decoding=\"async\" class=\"wp-block-cover__image-background wp-image-111 lazyload\" alt=\"\" data-src=\"https:\/\/stage.cssdn.gouv.qc.ca\/wp-content\/uploads\/2022\/08\/Seawire-Hero-06.jpg\" data-object-fit=\"cover\" src=\"data:image\/svg+xml;base64,PHN2ZyB3aWR0aD0iMSIgaGVpZ2h0PSIxIiB4bWxucz0iaHR0cDovL3d3dy53My5vcmcvMjAwMC9zdmciPjwvc3ZnPg==\" \/><span aria-hidden=\"true\" class=\"wp-block-cover__background has-primary-background-color has-background-dim\"><\/span><div class=\"wp-block-cover__inner-container\"><h3 class=\"wp-block-post-title\">Information<\/h3><\/div><\/div>\n\n\n\n<div class=\"wp-block-group alignfull has-padding-y-large has-secondary-background-color has-background\"><div class=\"yoast-breadcrumbs alignwide \"><span class=\"breadcrumbs\"><a href=\"https:\/\/cssdn.gouv.qc.ca\/cleduboise\/\" class=\"breadcrumbs__element\">Accueil<\/a> <span class=\"breadcrumbs__separator\">\n        <svg class=\"icon icon-breadcrumb__separator\"><use xlink:href=\"#icon-breadcrumb__separator\"><\/use><\/svg>\n    <\/span> <span class=\"breadcrumbs__element breadcrumbs__element-current\">Information<\/span><\/span><\/div><\/div>\n\n\n\n<h2 class=\"wp-block-heading\">D\u00e9noncer une situation <\/h2>\n\n\n\n<div data-wp-interactive=\"core\/file\" class=\"wp-block-file\"><object data-wp-bind--hidden=\"!state.hasPdfPreview\" hidden class=\"wp-block-file__embed\" data=\"https:\/\/cssdn.gouv.qc.ca\/cleduboise\/wp-content\/uploads\/sites\/68\/2025\/09\/intimidation-1.pdf\" type=\"application\/pdf\" style=\"width:100%;height:600px\" aria-label=\"Contenu incorpor\u00e9 intimidation.\"><\/object><a id=\"wp-block-file--media-f7e56a99-a080-44a2-878e-fd8092eada60\" href=\"https:\/\/cssdn.gouv.qc.ca\/cleduboise\/wp-content\/uploads\/sites\/68\/2025\/09\/intimidation-1.pdf\">intimidation<\/a><a href=\"https:\/\/cssdn.gouv.qc.ca\/cleduboise\/wp-content\/uploads\/sites\/68\/2025\/09\/intimidation-1.pdf\" class=\"wp-block-file__button wp-element-button\" download aria-describedby=\"wp-block-file--media-f7e56a99-a080-44a2-878e-fd8092eada60\">Download<\/a><\/div>\n\n\n\n<p class=\"wp-block-paragraph\">Ta s\u00e9curit\u00e9 et celle des autres est importante. Si tu vis ou observes une situation d\u2019intimidation, tu peux la signaler de fa\u00e7on <strong>confidentielle<\/strong>.<\/p>\n\n\n\n<p class=\"wp-block-paragraph\">Clique sur le lien ci-dessous pour remplir un court formulaire et nous aider \u00e0 intervenir rapidement : <a href=\"https:\/\/forms.office.com\/r\/V2nhCRYg0G\" rel=\"noreferrer noopener\" target=\"_blank\">https:\/\/forms.office.com\/r\/V2nhCRYg0G<\/a><\/p>\n\n\n\n<p class=\"wp-block-paragraph\">N\u2019h\u00e9site pas : chaque signalement compte pour am\u00e9liorer le climat de l\u2019\u00e9cole et prot\u00e9ger tout le monde.<\/p>\n\n\n\n<div data-wp-interactive=\"core\/file\" class=\"wp-block-file\"><object data-wp-bind--hidden=\"!state.hasPdfPreview\" hidden class=\"wp-block-file__embed\" data=\"https:\/\/cssdn.gouv.qc.ca\/cleduboise\/wp-content\/uploads\/sites\/68\/2025\/09\/2025_2026_CSSDN_ProtecteurNationalEleve-2.pdf\" type=\"application\/pdf\" style=\"width:100%;height:600px\" aria-label=\"Contenu incorpor\u00e9 2025_2026_CSSDN_ProtecteurNationalEleve.\"><\/object><a id=\"wp-block-file--media-a4fde97a-72d5-47be-9001-6936eabc0ba5\" href=\"https:\/\/cssdn.gouv.qc.ca\/cleduboise\/wp-content\/uploads\/sites\/68\/2025\/09\/2025_2026_CSSDN_ProtecteurNationalEleve-2.pdf\">2025_2026_CSSDN_ProtecteurNationalEleve<\/a><a href=\"https:\/\/cssdn.gouv.qc.ca\/cleduboise\/wp-content\/uploads\/sites\/68\/2025\/09\/2025_2026_CSSDN_ProtecteurNationalEleve-2.pdf\" class=\"wp-block-file__button wp-element-button\" download aria-describedby=\"wp-block-file--media-a4fde97a-72d5-47be-9001-6936eabc0ba5\">Download<\/a><\/div>\n\n\n\n<div data-wp-interactive=\"core\/file\" class=\"wp-block-file\"><object data-wp-bind--hidden=\"!state.hasPdfPreview\" hidden class=\"wp-block-file__embed\" data=\"https:\/\/cssdn.gouv.qc.ca\/cleduboise\/wp-content\/uploads\/sites\/68\/2025\/09\/2025_2026_CSSDN_AVotreEcoute-1.pdf\" type=\"application\/pdf\" style=\"width:100%;height:600px\" aria-label=\"Contenu incorpor\u00e9 2025_2026_CSSDN_AVotreEcoute.\"><\/object><a id=\"wp-block-file--media-a3f25e06-c2bd-464d-9297-6d13e7deaa22\" href=\"https:\/\/cssdn.gouv.qc.ca\/cleduboise\/wp-content\/uploads\/sites\/68\/2025\/09\/2025_2026_CSSDN_AVotreEcoute-1.pdf\">2025_2026_CSSDN_AVotreEcoute<\/a><a href=\"https:\/\/cssdn.gouv.qc.ca\/cleduboise\/wp-content\/uploads\/sites\/68\/2025\/09\/2025_2026_CSSDN_AVotreEcoute-1.pdf\" class=\"wp-block-file__button wp-element-button\" download aria-describedby=\"wp-block-file--media-a3f25e06-c2bd-464d-9297-6d13e7deaa22\">Download<\/a><\/div>\n","protected":false},"excerpt":{"rendered":"<p>D\u00e9noncer une situation Ta s\u00e9curit\u00e9 et celle des autres est importante. Si tu vis ou observes une situation d\u2019intimidation, tu peux la signaler de fa\u00e7on confidentielle. Clique sur le lien ci-dessous pour remplir un court formulaire et nous aider \u00e0 intervenir rapidement : https:\/\/forms.office.com\/r\/V2nhCRYg0G N\u2019h\u00e9site pas : chaque signalement compte pour am\u00e9liorer le climat de [&hellip;]<\/p>\n","protected":false},"author":1,"featured_media":0,"parent":0,"menu_order":40,"comment_status":"closed","ping_status":"closed","template":"","meta":{"_acf_changed":false,"_crdt_document":"","inline_featured_image":false,"footnotes":""},"categories":[],"tags":[],"class_list":["post-14","page","type-page","status-publish","hentry"],"acf":[],"yoast_head":"<!-- This site is optimized with the Yoast SEO plugin v27.3 - https:\/\/yoast.com\/product\/yoast-seo-wordpress\/ -->\n<title>Information - \u00c9cole de la Cl\u00e9-du-Bois\u00e9<\/title>\n<meta name=\"robots\" content=\"index, follow, max-snippet:-1, max-image-preview:large, max-video-preview:-1\" \/>\n<link rel=\"canonical\" href=\"https:\/\/cssdn.gouv.qc.ca\/cleduboise\/information\/\" \/>\n<meta property=\"og:locale\" content=\"fr_CA\" \/>\n<meta property=\"og:type\" content=\"article\" \/>\n<meta property=\"og:title\" content=\"Information - \u00c9cole de la Cl\u00e9-du-Bois\u00e9\" \/>\n<meta property=\"og:description\" content=\"D\u00e9noncer une situation Ta s\u00e9curit\u00e9 et celle des autres est importante. Si tu vis ou observes une situation d\u2019intimidation, tu peux la signaler de fa\u00e7on confidentielle. Clique sur le lien ci-dessous pour remplir un court formulaire et nous aider \u00e0 intervenir rapidement : https:\/\/forms.office.com\/r\/V2nhCRYg0G N\u2019h\u00e9site pas : chaque signalement compte pour am\u00e9liorer le climat de [&hellip;]\" \/>\n<meta property=\"og:url\" content=\"https:\/\/cssdn.gouv.qc.ca\/cleduboise\/information\/\" \/>\n<meta property=\"og:site_name\" content=\"\u00c9cole de la Cl\u00e9-du-Bois\u00e9\" \/>\n<meta property=\"article:publisher\" content=\"https:\/\/www.facebook.com\/cleduboise\" \/>\n<meta property=\"article:modified_time\" content=\"2025-09-12T14:38:52+00:00\" \/>\n<meta name=\"twitter:card\" content=\"summary_large_image\" \/>\n<meta name=\"twitter:site\" content=\"@CSSNavigateurs\" \/>\n<meta name=\"twitter:label1\" content=\"Estimation du temps de lecture\" \/>\n\t<meta name=\"twitter:data1\" content=\"1 minute\" \/>\n<script type=\"application\/ld+json\" class=\"yoast-schema-graph\">{\"@context\":\"https:\\\/\\\/schema.org\",\"@graph\":[{\"@type\":\"WebPage\",\"@id\":\"https:\\\/\\\/cssdn.gouv.qc.ca\\\/cleduboise\\\/information\\\/\",\"url\":\"https:\\\/\\\/cssdn.gouv.qc.ca\\\/cleduboise\\\/information\\\/\",\"name\":\"Information - \u00c9cole de la Cl\u00e9-du-Bois\u00e9\",\"isPartOf\":{\"@id\":\"https:\\\/\\\/cssdn.gouv.qc.ca\\\/cleduboise\\\/#website\"},\"primaryImageOfPage\":{\"@id\":\"https:\\\/\\\/cssdn.gouv.qc.ca\\\/cleduboise\\\/information\\\/#primaryimage\"},\"image\":{\"@id\":\"https:\\\/\\\/cssdn.gouv.qc.ca\\\/cleduboise\\\/information\\\/#primaryimage\"},\"thumbnailUrl\":\"https:\\\/\\\/stage.cssdn.gouv.qc.ca\\\/wp-content\\\/uploads\\\/2022\\\/08\\\/Seawire-Hero-06.jpg\",\"datePublished\":\"2022-11-08T21:17:58+00:00\",\"dateModified\":\"2025-09-12T14:38:52+00:00\",\"breadcrumb\":{\"@id\":\"https:\\\/\\\/cssdn.gouv.qc.ca\\\/cleduboise\\\/information\\\/#breadcrumb\"},\"inLanguage\":\"fr-CA\",\"potentialAction\":[{\"@type\":\"ReadAction\",\"target\":[\"https:\\\/\\\/cssdn.gouv.qc.ca\\\/cleduboise\\\/information\\\/\"]}]},{\"@type\":\"ImageObject\",\"inLanguage\":\"fr-CA\",\"@id\":\"https:\\\/\\\/cssdn.gouv.qc.ca\\\/cleduboise\\\/information\\\/#primaryimage\",\"url\":\"https:\\\/\\\/stage.cssdn.gouv.qc.ca\\\/wp-content\\\/uploads\\\/2022\\\/08\\\/Seawire-Hero-06.jpg\",\"contentUrl\":\"https:\\\/\\\/stage.cssdn.gouv.qc.ca\\\/wp-content\\\/uploads\\\/2022\\\/08\\\/Seawire-Hero-06.jpg\"},{\"@type\":\"BreadcrumbList\",\"@id\":\"https:\\\/\\\/cssdn.gouv.qc.ca\\\/cleduboise\\\/information\\\/#breadcrumb\",\"itemListElement\":[{\"@type\":\"ListItem\",\"position\":1,\"name\":\"Accueil\",\"item\":\"https:\\\/\\\/cssdn.gouv.qc.ca\\\/cleduboise\\\/\"},{\"@type\":\"ListItem\",\"position\":2,\"name\":\"Information\"}]},{\"@type\":\"WebSite\",\"@id\":\"https:\\\/\\\/cssdn.gouv.qc.ca\\\/cleduboise\\\/#website\",\"url\":\"https:\\\/\\\/cssdn.gouv.qc.ca\\\/cleduboise\\\/\",\"name\":\"\u00c9cole de la Cl\u00e9-du-Bois\u00e9\",\"description\":\"Un site des centres de services scolaires des Navigateurs\",\"publisher\":{\"@id\":\"https:\\\/\\\/cssdn.gouv.qc.ca\\\/cleduboise\\\/#organization\"},\"potentialAction\":[{\"@type\":\"SearchAction\",\"target\":{\"@type\":\"EntryPoint\",\"urlTemplate\":\"https:\\\/\\\/cssdn.gouv.qc.ca\\\/cleduboise\\\/?s={search_term_string}\"},\"query-input\":{\"@type\":\"PropertyValueSpecification\",\"valueRequired\":true,\"valueName\":\"search_term_string\"}}],\"inLanguage\":\"fr-CA\"},{\"@type\":\"Organization\",\"@id\":\"https:\\\/\\\/cssdn.gouv.qc.ca\\\/cleduboise\\\/#organization\",\"name\":\"\u00c9cole de la Cl\u00e9-du-Bois\u00e9\",\"url\":\"https:\\\/\\\/cssdn.gouv.qc.ca\\\/cleduboise\\\/\",\"logo\":{\"@type\":\"ImageObject\",\"inLanguage\":\"fr-CA\",\"@id\":\"https:\\\/\\\/cssdn.gouv.qc.ca\\\/cleduboise\\\/#\\\/schema\\\/logo\\\/image\\\/\",\"url\":\"https:\\\/\\\/cssdn.gouv.qc.ca\\\/cleduboise\\\/wp-content\\\/uploads\\\/sites\\\/68\\\/2023\\\/01\\\/logo_quebec.svg\",\"contentUrl\":\"https:\\\/\\\/cssdn.gouv.qc.ca\\\/cleduboise\\\/wp-content\\\/uploads\\\/sites\\\/68\\\/2023\\\/01\\\/logo_quebec.svg\",\"width\":188,\"height\":41,\"caption\":\"\u00c9cole de la Cl\u00e9-du-Bois\u00e9\"},\"image\":{\"@id\":\"https:\\\/\\\/cssdn.gouv.qc.ca\\\/cleduboise\\\/#\\\/schema\\\/logo\\\/image\\\/\"},\"sameAs\":[\"https:\\\/\\\/www.facebook.com\\\/cleduboise\",\"https:\\\/\\\/x.com\\\/CSSNavigateurs\",\"https:\\\/\\\/www.instagram.com\\\/cssnavigateurs\\\/\",\"https:\\\/\\\/www.youtube.com\\\/channel\\\/UCHbNBehije70JBzCIVT82bQ\",\"https:\\\/\\\/www.linkedin.com\\\/company\\\/cssdn\"]}]}<\/script>\n<!-- \/ Yoast SEO plugin. -->","yoast_head_json":{"title":"Information - \u00c9cole de la Cl\u00e9-du-Bois\u00e9","robots":{"index":"index","follow":"follow","max-snippet":"max-snippet:-1","max-image-preview":"max-image-preview:large","max-video-preview":"max-video-preview:-1"},"canonical":"https:\/\/cssdn.gouv.qc.ca\/cleduboise\/information\/","og_locale":"fr_CA","og_type":"article","og_title":"Information - \u00c9cole de la Cl\u00e9-du-Bois\u00e9","og_description":"D\u00e9noncer une situation Ta s\u00e9curit\u00e9 et celle des autres est importante. Si tu vis ou observes une situation d\u2019intimidation, tu peux la signaler de fa\u00e7on confidentielle. Clique sur le lien ci-dessous pour remplir un court formulaire et nous aider \u00e0 intervenir rapidement : https:\/\/forms.office.com\/r\/V2nhCRYg0G N\u2019h\u00e9site pas : chaque signalement compte pour am\u00e9liorer le climat de [&hellip;]","og_url":"https:\/\/cssdn.gouv.qc.ca\/cleduboise\/information\/","og_site_name":"\u00c9cole de la Cl\u00e9-du-Bois\u00e9","article_publisher":"https:\/\/www.facebook.com\/cleduboise","article_modified_time":"2025-09-12T14:38:52+00:00","twitter_card":"summary_large_image","twitter_site":"@CSSNavigateurs","twitter_misc":{"Estimation du temps de lecture":"1 minute"},"schema":{"@context":"https:\/\/schema.org","@graph":[{"@type":"WebPage","@id":"https:\/\/cssdn.gouv.qc.ca\/cleduboise\/information\/","url":"https:\/\/cssdn.gouv.qc.ca\/cleduboise\/information\/","name":"Information - \u00c9cole de la Cl\u00e9-du-Bois\u00e9","isPartOf":{"@id":"https:\/\/cssdn.gouv.qc.ca\/cleduboise\/#website"},"primaryImageOfPage":{"@id":"https:\/\/cssdn.gouv.qc.ca\/cleduboise\/information\/#primaryimage"},"image":{"@id":"https:\/\/cssdn.gouv.qc.ca\/cleduboise\/information\/#primaryimage"},"thumbnailUrl":"https:\/\/stage.cssdn.gouv.qc.ca\/wp-content\/uploads\/2022\/08\/Seawire-Hero-06.jpg","datePublished":"2022-11-08T21:17:58+00:00","dateModified":"2025-09-12T14:38:52+00:00","breadcrumb":{"@id":"https:\/\/cssdn.gouv.qc.ca\/cleduboise\/information\/#breadcrumb"},"inLanguage":"fr-CA","potentialAction":[{"@type":"ReadAction","target":["https:\/\/cssdn.gouv.qc.ca\/cleduboise\/information\/"]}]},{"@type":"ImageObject","inLanguage":"fr-CA","@id":"https:\/\/cssdn.gouv.qc.ca\/cleduboise\/information\/#primaryimage","url":"https:\/\/stage.cssdn.gouv.qc.ca\/wp-content\/uploads\/2022\/08\/Seawire-Hero-06.jpg","contentUrl":"https:\/\/stage.cssdn.gouv.qc.ca\/wp-content\/uploads\/2022\/08\/Seawire-Hero-06.jpg"},{"@type":"BreadcrumbList","@id":"https:\/\/cssdn.gouv.qc.ca\/cleduboise\/information\/#breadcrumb","itemListElement":[{"@type":"ListItem","position":1,"name":"Accueil","item":"https:\/\/cssdn.gouv.qc.ca\/cleduboise\/"},{"@type":"ListItem","position":2,"name":"Information"}]},{"@type":"WebSite","@id":"https:\/\/cssdn.gouv.qc.ca\/cleduboise\/#website","url":"https:\/\/cssdn.gouv.qc.ca\/cleduboise\/","name":"\u00c9cole de la Cl\u00e9-du-Bois\u00e9","description":"Un site des centres de services scolaires des Navigateurs","publisher":{"@id":"https:\/\/cssdn.gouv.qc.ca\/cleduboise\/#organization"},"potentialAction":[{"@type":"SearchAction","target":{"@type":"EntryPoint","urlTemplate":"https:\/\/cssdn.gouv.qc.ca\/cleduboise\/?s={search_term_string}"},"query-input":{"@type":"PropertyValueSpecification","valueRequired":true,"valueName":"search_term_string"}}],"inLanguage":"fr-CA"},{"@type":"Organization","@id":"https:\/\/cssdn.gouv.qc.ca\/cleduboise\/#organization","name":"\u00c9cole de la Cl\u00e9-du-Bois\u00e9","url":"https:\/\/cssdn.gouv.qc.ca\/cleduboise\/","logo":{"@type":"ImageObject","inLanguage":"fr-CA","@id":"https:\/\/cssdn.gouv.qc.ca\/cleduboise\/#\/schema\/logo\/image\/","url":"https:\/\/cssdn.gouv.qc.ca\/cleduboise\/wp-content\/uploads\/sites\/68\/2023\/01\/logo_quebec.svg","contentUrl":"https:\/\/cssdn.gouv.qc.ca\/cleduboise\/wp-content\/uploads\/sites\/68\/2023\/01\/logo_quebec.svg","width":188,"height":41,"caption":"\u00c9cole de la Cl\u00e9-du-Bois\u00e9"},"image":{"@id":"https:\/\/cssdn.gouv.qc.ca\/cleduboise\/#\/schema\/logo\/image\/"},"sameAs":["https:\/\/www.facebook.com\/cleduboise","https:\/\/x.com\/CSSNavigateurs","https:\/\/www.instagram.com\/cssnavigateurs\/","https:\/\/www.youtube.com\/channel\/UCHbNBehije70JBzCIVT82bQ","https:\/\/www.linkedin.com\/company\/cssdn"]}]}},"publishpress_future_action":{"enabled":false,"date":"2026-04-20 13:45:49","action":"change-status","newStatus":"draft","terms":[],"taxonomy":"category","extraData":[]},"publishpress_future_workflow_manual_trigger":{"enabledWorkflows":[]},"_links":{"self":[{"href":"https:\/\/cssdn.gouv.qc.ca\/cleduboise\/wp-json\/wp\/v2\/pages\/14","targetHints":{"allow":["GET"]}}],"collection":[{"href":"https:\/\/cssdn.gouv.qc.ca\/cleduboise\/wp-json\/wp\/v2\/pages"}],"about":[{"href":"https:\/\/cssdn.gouv.qc.ca\/cleduboise\/wp-json\/wp\/v2\/types\/page"}],"author":[{"embeddable":true,"href":"https:\/\/cssdn.gouv.qc.ca\/cleduboise\/wp-json\/wp\/v2\/users\/1"}],"replies":[{"embeddable":true,"href":"https:\/\/cssdn.gouv.qc.ca\/cleduboise\/wp-json\/wp\/v2\/comments?post=14"}],"version-history":[{"count":0,"href":"https:\/\/cssdn.gouv.qc.ca\/cleduboise\/wp-json\/wp\/v2\/pages\/14\/revisions"}],"wp:attachment":[{"href":"https:\/\/cssdn.gouv.qc.ca\/cleduboise\/wp-json\/wp\/v2\/media?parent=14"}],"wp:term":[{"taxonomy":"category","embeddable":true,"href":"https:\/\/cssdn.gouv.qc.ca\/cleduboise\/wp-json\/wp\/v2\/categories?post=14"},{"taxonomy":"post_tag","embeddable":true,"href":"https:\/\/cssdn.gouv.qc.ca\/cleduboise\/wp-json\/wp\/v2\/tags?post=14"}],"curies":[{"name":"wp","href":"https:\/\/api.w.org\/{rel}","templated":true}]}}