
{"id":7,"date":"2022-11-08T16:17:55","date_gmt":"2022-11-08T21:17:55","guid":{"rendered":"https:\/\/cssdn.gouv.qc.ca\/cleduboise\/a-propos\/projet-educatif\/"},"modified":"2026-03-17T12:09:09","modified_gmt":"2026-03-17T16:09:09","slug":"projet-educatif","status":"publish","type":"page","link":"https:\/\/cssdn.gouv.qc.ca\/cleduboise\/a-propos\/projet-educatif\/","title":{"rendered":"Documentation officielle"},"content":{"rendered":"\n<div class=\"wp-block-cover alignfull is-light is-style-title-banner\"><img decoding=\"async\" class=\"wp-block-cover__image-background wp-image-111 lazyload\" alt=\"\" data-src=\"https:\/\/cssdn.gouv.qc.ca\/wp-content\/uploads\/2022\/08\/Seawire-Hero-06.jpg\" data-object-fit=\"cover\" src=\"data:image\/svg+xml;base64,PHN2ZyB3aWR0aD0iMSIgaGVpZ2h0PSIxIiB4bWxucz0iaHR0cDovL3d3dy53My5vcmcvMjAwMC9zdmciPjwvc3ZnPg==\" \/><span aria-hidden=\"true\" class=\"wp-block-cover__background has-primary-background-color has-background-dim\"><\/span><div class=\"wp-block-cover__inner-container\"><h3 class=\"wp-block-post-title\">Documentation officielle<\/h3><\/div><\/div>\n\n\n\n<div class=\"wp-block-group alignfull has-padding-y-large has-secondary-background-color has-background\"><div class=\"yoast-breadcrumbs alignwide \"><span class=\"breadcrumbs\"><a href=\"https:\/\/cssdn.gouv.qc.ca\/cleduboise\/\" class=\"breadcrumbs__element\">Accueil<\/a> <span class=\"breadcrumbs__separator\">\n        <svg class=\"icon icon-breadcrumb__separator\"><use xlink:href=\"#icon-breadcrumb__separator\"><\/use><\/svg>\n    <\/span> <a href=\"https:\/\/cssdn.gouv.qc.ca\/cleduboise\/a-propos\/\" class=\"breadcrumbs__element\">\u00c0 propos<\/a> <span class=\"breadcrumbs__separator\">\n        <svg class=\"icon icon-breadcrumb__separator\"><use xlink:href=\"#icon-breadcrumb__separator\"><\/use><\/svg>\n    <\/span> <span class=\"breadcrumbs__element breadcrumbs__element-current\">Documentation officielle<\/span><\/span><\/div><\/div>\n\n\n\n<h1 class=\"wp-block-heading\">Projet \u00e9ducatif<\/h1>\n\n\n\n<div class=\"wp-block-file\"><a id=\"wp-block-file--media-c919e464-f43c-4eb6-b04b-531f1fde80f5\" href=\"https:\/\/cssdn.gouv.qc.ca\/cleduboise\/wp-content\/uploads\/sites\/68\/2024\/08\/PE2023-2027-VA5fecvrier2024-3.pdf\">Projet \u00e9ducatif 2023-2027<\/a><a href=\"https:\/\/cssdn.gouv.qc.ca\/cleduboise\/wp-content\/uploads\/sites\/68\/2024\/08\/PE2023-2027-VA5fecvrier2024-3.pdf\" class=\"wp-block-file__button wp-element-button\" download aria-describedby=\"wp-block-file--media-c919e464-f43c-4eb6-b04b-531f1fde80f5\">T\u00e9l\u00e9charger<\/a><\/div>\n\n\n\n<div class=\"wp-block-file\"><a id=\"wp-block-file--media-58345d84-d9bd-423f-ab6d-aff665e408c8\" href=\"https:\/\/cssdn.gouv.qc.ca\/cleduboise\/wp-content\/uploads\/sites\/68\/2023\/01\/cle-du-boise-pe-19-22.pdf\" target=\"_blank\" rel=\"noreferrer noopener\">Projet \u00e9ducatif 2019-2022 <\/a><\/div>\n\n\n\n<h2 class=\"wp-block-heading\">Reddition de comptes du projet \u00e9ducatif<\/h2>\n\n\n\n<div class=\"wp-block-file\"><a id=\"wp-block-file--media-302d3c38-5f0d-4d89-8ca2-9ccbc34be25d\" href=\"https:\/\/cssdn.gouv.qc.ca\/cleduboise\/wp-content\/uploads\/sites\/68\/2024\/02\/cleboise-22-23.pdf\">2022-2023<\/a><a href=\"https:\/\/cssdn.gouv.qc.ca\/cleduboise\/wp-content\/uploads\/sites\/68\/2024\/02\/cleboise-22-23.pdf\" class=\"wp-block-file__button wp-element-button\" download aria-describedby=\"wp-block-file--media-302d3c38-5f0d-4d89-8ca2-9ccbc34be25d\">T\u00e9l\u00e9charger<\/a><\/div>\n\n\n\n<div class=\"wp-block-file\"><a id=\"wp-block-file--media-82b1480c-c5dc-4f08-8036-7a74b40285fd\" href=\"https:\/\/cssdn.gouv.qc.ca\/cleduboise\/wp-content\/uploads\/sites\/68\/2023\/01\/2021-2022_rcpe_cleduboise_v03.pdf\">2021-2022<\/a><\/div>\n\n\n\n<div class=\"wp-block-file\"><a id=\"wp-block-file--media-39e70968-67e2-462d-b9da-9eeff7da1526\" href=\"https:\/\/cssdn.gouv.qc.ca\/cleduboise\/wp-content\/uploads\/sites\/68\/2023\/01\/rcpe_cleduboise_2020-2021_v2.pdf\">2020-2021<\/a><\/div>\n\n\n\n<div class=\"wp-block-file\"><a id=\"wp-block-file--media-e5b5d08c-bd11-4882-baa3-671fb5a6c4d6\" href=\"https:\/\/cssdn.gouv.qc.ca\/cleduboise\/wp-content\/uploads\/sites\/68\/2023\/01\/Rapport-annuel-2019-2020.pdf\">2019-2020<\/a><\/div>\n\n\n\n<div class=\"wp-block-file\"><a id=\"wp-block-file--media-0980c43b-22b7-4318-aeae-f294f107fa03\" href=\"https:\/\/cssdn.gouv.qc.ca\/cleduboise\/wp-content\/uploads\/sites\/68\/2023\/02\/ra_cdb1819.pdf\" target=\"_blank\" rel=\"noreferrer noopener\">2018-2019<\/a><\/div>\n\n\n\n<div class=\"wp-block-file\"><a id=\"wp-block-file--media-0c2d97f7-72d7-4e40-acc1-b3b43f1acdd9\" href=\"https:\/\/cssdn.gouv.qc.ca\/cleduboise\/wp-content\/uploads\/sites\/68\/2023\/01\/Rapport-annuel-2017-2018.pdf\">2017-2018<\/a><\/div>\n\n\n\n<h2 class=\"wp-block-heading\">Rapport annuel de gestion du conseil d\u2019\u00e9tablissement<\/h2>\n\n\n\n<p class=\"wp-block-paragraph\"><\/p>\n\n\n\n<div class=\"wp-block-file\"><a id=\"wp-block-file--media-e53b4860-fe36-4b0c-a595-c0e9494f6bd9\" href=\"https:\/\/cssdn.gouv.qc.ca\/cleduboise\/wp-content\/uploads\/sites\/68\/2025\/07\/CDB_Rapport-annuel-conseil-detablissement_2024-2025.pdf\">2024-2025<\/a><\/div>\n\n\n\n<div class=\"wp-block-file\"><a id=\"wp-block-file--media-0bd48d90-dedd-47e5-baa6-a0529b06cdd1\" href=\"https:\/\/cssdn.gouv.qc.ca\/cleduboise\/wp-content\/uploads\/sites\/68\/2025\/07\/Rapport-annuel-CE_2023-2024.pdf\">2023-2024<\/a><\/div>\n\n\n\n<div class=\"wp-block-file\"><a id=\"wp-block-file--media-cc8b5ebc-05cd-49a9-9218-dd4f0fe1904b\" href=\"https:\/\/cssdn.gouv.qc.ca\/cleduboise\/wp-content\/uploads\/sites\/68\/2025\/07\/Rapport-annuel-CE_2022_2023.pdf\">2022-2023<\/a><\/div>\n\n\n\n<div class=\"wp-block-file\"><a id=\"wp-block-file--media-7eb7df52-cc9b-45f5-a266-12eca0d14390\" href=\"https:\/\/cssdn.gouv.qc.ca\/cleduboise\/wp-content\/uploads\/sites\/68\/2025\/07\/Rapport-annuel-CE_2021_2022.pdf\">2021-2022<\/a><\/div>\n\n\n\n<h1 class=\"wp-block-heading\"><strong>Plan de lutte contre la violence et l\u2019intimidation \u00e0 l\u2019\u00e9cole<\/strong><\/h1>\n\n\n\n<div class=\"wp-block-file\"><a id=\"wp-block-file--media-048b5972-e134-4828-87e1-207275616e44\" href=\"https:\/\/cssdn.gouv.qc.ca\/cleduboise\/wp-content\/uploads\/sites\/68\/2025\/11\/Plan-de-lutte-resume-2025-2026.pdf\">Plan de lutte r\u00e9sum\u00e9 2025-2026<\/a><a href=\"https:\/\/cssdn.gouv.qc.ca\/cleduboise\/wp-content\/uploads\/sites\/68\/2025\/11\/Plan-de-lutte-resume-2025-2026.pdf\" class=\"wp-block-file__button wp-element-button\" download aria-describedby=\"wp-block-file--media-048b5972-e134-4828-87e1-207275616e44\">Download<\/a><\/div>\n\n\n\n<div class=\"wp-block-file\"><a id=\"wp-block-file--media-88e98b9e-73db-4142-bb7e-91b840732323\" href=\"https:\/\/cssdn.gouv.qc.ca\/cleduboise\/wp-content\/uploads\/sites\/68\/2025\/10\/Plan-de-lutte-CDB-2025-26.pdf\">Plan de lutte contre l&rsquo;intimidation et la violence 2025-2026<\/a><a href=\"https:\/\/cssdn.gouv.qc.ca\/cleduboise\/wp-content\/uploads\/sites\/68\/2025\/10\/Plan-de-lutte-CDB-2025-26.pdf\" class=\"wp-block-file__button wp-element-button\" download aria-describedby=\"wp-block-file--media-88e98b9e-73db-4142-bb7e-91b840732323\">Download<\/a><\/div>\n\n\n\n<div class=\"wp-block-file\"><a id=\"wp-block-file--media-c7dee8f3-95a0-46c9-bcf3-c69fe5490aa0\" href=\"https:\/\/cssdn.gouv.qc.ca\/cleduboise\/wp-content\/uploads\/sites\/68\/2024\/08\/119-Cle-du-Boise-Plan-de-lutte-Juin-2024-1.pdf\">Plan de lutte contre l&rsquo;intimidation et les violences \u00e0 caract\u00e8re sexuel<\/a><a href=\"https:\/\/cssdn.gouv.qc.ca\/cleduboise\/wp-content\/uploads\/sites\/68\/2024\/08\/119-Cle-du-Boise-Plan-de-lutte-Juin-2024-1.pdf\" class=\"wp-block-file__button wp-element-button\" download aria-describedby=\"wp-block-file--media-c7dee8f3-95a0-46c9-bcf3-c69fe5490aa0\">T\u00e9l\u00e9charger<\/a><\/div>\n\n\n\n<div class=\"wp-block-file\"><a id=\"wp-block-file--media-e64e1cec-a856-4379-b765-047be50aeb95\" href=\"https:\/\/cssdn.gouv.qc.ca\/cleduboise\/wp-content\/uploads\/sites\/68\/2024\/09\/Affiche-denonciation-intimidation-septembre-2024-1.pdf\">Affiche d\u00e9nonciation intimidation &#8211; septembre 2024 (1)<\/a><a href=\"https:\/\/cssdn.gouv.qc.ca\/cleduboise\/wp-content\/uploads\/sites\/68\/2024\/09\/Affiche-denonciation-intimidation-septembre-2024-1.pdf\" class=\"wp-block-file__button wp-element-button\" download aria-describedby=\"wp-block-file--media-e64e1cec-a856-4379-b765-047be50aeb95\">T\u00e9l\u00e9charger<\/a><\/div>\n\n\n\n<h2 class=\"wp-block-heading\">Code de vie<\/h2>\n\n\n\n<div class=\"wp-block-file\"><a id=\"wp-block-file--media-80569ff1-58cb-492b-ac27-2c1c76e4dab9\" href=\"https:\/\/cssdn.gouv.qc.ca\/cleduboise\/wp-content\/uploads\/sites\/68\/2025\/10\/Reglement-sur-les-cellulaires-2025-2026.pdf\">R\u00e8glement sur les cellulaires 2025-2026<\/a><a href=\"https:\/\/cssdn.gouv.qc.ca\/cleduboise\/wp-content\/uploads\/sites\/68\/2025\/10\/Reglement-sur-les-cellulaires-2025-2026.pdf\" class=\"wp-block-file__button wp-element-button\" download aria-describedby=\"wp-block-file--media-80569ff1-58cb-492b-ac27-2c1c76e4dab9\">Download<\/a><\/div>\n\n\n\n<div class=\"wp-block-file\"><a id=\"wp-block-file--media-39145565-2e29-4681-b625-15296319c746\" href=\"https:\/\/cssdn.gouv.qc.ca\/cleduboise\/wp-content\/uploads\/sites\/68\/2025\/07\/C-Regles-ecole_25-26.pdf\">R\u00e8gles de vie 2025-2026<\/a><\/div>\n\n\n\n<p class=\"wp-block-paragraph\"><\/p>\n\n\n\n<h2 class=\"wp-block-heading\">Document explicatif aux parents et aux \u00e9l\u00e8ves<\/h2>\n\n\n\n<h2 class=\"wp-block-heading\">Modification des services \u00e9ducatifs<\/h2>\n\n\n\n<div class=\"wp-block-file\"><a id=\"wp-block-file--media-a35f2c83-482a-47fa-9857-d606fa90fbb3\" href=\"https:\/\/cssdn.gouv.qc.ca\/cleduboise\/wp-content\/uploads\/sites\/68\/2026\/03\/3-13-Politique-Maintien-ou-fermeture-d-ecole-et-modifications-services-educatifs-dispenses.pdf\">3-13 Politique &#8211; Maintien ou fermeture d \u00e9cole et modifications services \u00e9ducatifs dispens\u00e9s<\/a><a href=\"https:\/\/cssdn.gouv.qc.ca\/cleduboise\/wp-content\/uploads\/sites\/68\/2026\/03\/3-13-Politique-Maintien-ou-fermeture-d-ecole-et-modifications-services-educatifs-dispenses.pdf\" class=\"wp-block-file__button wp-element-button\" download aria-describedby=\"wp-block-file--media-a35f2c83-482a-47fa-9857-d606fa90fbb3\">Download<\/a><\/div>\n\n\n\n<div class=\"wp-block-file\"><a id=\"wp-block-file--media-cf44d050-10bc-4974-b713-dfdb766a1d57\" href=\"https:\/\/cssdn.gouv.qc.ca\/cleduboise\/wp-content\/uploads\/sites\/68\/2026\/03\/Avis-public-Cle-du-Boise-13-mars.pdf\">Avis public Cl\u00e9-du-Bois\u00e9 &#8211; 13 mars<\/a><a href=\"https:\/\/cssdn.gouv.qc.ca\/cleduboise\/wp-content\/uploads\/sites\/68\/2026\/03\/Avis-public-Cle-du-Boise-13-mars.pdf\" class=\"wp-block-file__button wp-element-button\" download aria-describedby=\"wp-block-file--media-cf44d050-10bc-4974-b713-dfdb766a1d57\">Download<\/a><\/div>\n\n\n\n<div class=\"wp-block-file\"><a id=\"wp-block-file--media-658fd2a7-46fa-4064-bf49-b0c1b913e51f\" href=\"https:\/\/cssdn.gouv.qc.ca\/cleduboise\/wp-content\/uploads\/sites\/68\/2026\/03\/b-4-Cle-du-Boise-Document-dintention.pdf\">b) 4-Cl\u00e9-du-Bois\u00e9 -Document d\u2019intention<\/a><a href=\"https:\/\/cssdn.gouv.qc.ca\/cleduboise\/wp-content\/uploads\/sites\/68\/2026\/03\/b-4-Cle-du-Boise-Document-dintention.pdf\" class=\"wp-block-file__button wp-element-button\" download aria-describedby=\"wp-block-file--media-658fd2a7-46fa-4064-bf49-b0c1b913e51f\">Download<\/a><\/div>\n\n\n\n<div class=\"wp-block-file\"><a id=\"wp-block-file--media-760c67a3-8665-4fde-aa73-cca9dc78b47c\" href=\"https:\/\/cssdn.gouv.qc.ca\/cleduboise\/wp-content\/uploads\/sites\/68\/2026\/03\/Cle-du-Boise-let-aux-parents-13-mars.pdf\">Cl\u00e9-du-Bois\u00e9- let aux parents &#8211; 13 mars<\/a><a href=\"https:\/\/cssdn.gouv.qc.ca\/cleduboise\/wp-content\/uploads\/sites\/68\/2026\/03\/Cle-du-Boise-let-aux-parents-13-mars.pdf\" class=\"wp-block-file__button wp-element-button\" download aria-describedby=\"wp-block-file--media-760c67a3-8665-4fde-aa73-cca9dc78b47c\">Download<\/a><\/div>\n\n\n\n<p class=\"wp-block-paragraph\"><\/p>\n","protected":false},"excerpt":{"rendered":"<p>Projet \u00e9ducatif Reddition de comptes du projet \u00e9ducatif Rapport annuel de gestion du conseil d\u2019\u00e9tablissement Plan de lutte contre la violence et l\u2019intimidation \u00e0 l\u2019\u00e9cole Code de vie Document explicatif aux parents et aux \u00e9l\u00e8ves Modification des services \u00e9ducatifs<\/p>\n","protected":false},"author":1,"featured_media":0,"parent":5,"menu_order":0,"comment_status":"closed","ping_status":"closed","template":"","meta":{"_acf_changed":false,"_crdt_document":"","inline_featured_image":false,"footnotes":""},"categories":[],"tags":[],"class_list":["post-7","page","type-page","status-publish","hentry"],"acf":[],"yoast_head":"<!-- This site is optimized with the Yoast SEO plugin v27.4 - https:\/\/yoast.com\/product\/yoast-seo-wordpress\/ -->\n<title>Documentation officielle - \u00c9cole de la Cl\u00e9-du-Bois\u00e9<\/title>\n<meta name=\"robots\" content=\"index, follow, max-snippet:-1, max-image-preview:large, max-video-preview:-1\" \/>\n<link rel=\"canonical\" href=\"https:\/\/cssdn.gouv.qc.ca\/cleduboise\/a-propos\/projet-educatif\/\" \/>\n<meta property=\"og:locale\" content=\"fr_CA\" \/>\n<meta property=\"og:type\" content=\"article\" \/>\n<meta property=\"og:title\" content=\"Documentation officielle - \u00c9cole de la Cl\u00e9-du-Bois\u00e9\" \/>\n<meta property=\"og:description\" content=\"Projet \u00e9ducatif Reddition de comptes du projet \u00e9ducatif Rapport annuel de gestion du conseil d\u2019\u00e9tablissement Plan de lutte contre la violence et l\u2019intimidation \u00e0 l\u2019\u00e9cole Code de vie Document explicatif aux parents et aux \u00e9l\u00e8ves Modification des services \u00e9ducatifs\" \/>\n<meta property=\"og:url\" content=\"https:\/\/cssdn.gouv.qc.ca\/cleduboise\/a-propos\/projet-educatif\/\" \/>\n<meta property=\"og:site_name\" content=\"\u00c9cole de la Cl\u00e9-du-Bois\u00e9\" \/>\n<meta property=\"article:publisher\" content=\"https:\/\/www.facebook.com\/cleduboise\" \/>\n<meta property=\"article:modified_time\" content=\"2026-03-17T16:09:09+00:00\" \/>\n<meta name=\"twitter:card\" content=\"summary_large_image\" \/>\n<meta name=\"twitter:site\" content=\"@CSSNavigateurs\" \/>\n<meta name=\"twitter:label1\" content=\"Estimation du temps de lecture\" \/>\n\t<meta name=\"twitter:data1\" content=\"1 minute\" \/>\n<script type=\"application\/ld+json\" class=\"yoast-schema-graph\">{\"@context\":\"https:\\\/\\\/schema.org\",\"@graph\":[{\"@type\":\"WebPage\",\"@id\":\"https:\\\/\\\/cssdn.gouv.qc.ca\\\/cleduboise\\\/a-propos\\\/projet-educatif\\\/\",\"url\":\"https:\\\/\\\/cssdn.gouv.qc.ca\\\/cleduboise\\\/a-propos\\\/projet-educatif\\\/\",\"name\":\"Documentation officielle - \u00c9cole de la Cl\u00e9-du-Bois\u00e9\",\"isPartOf\":{\"@id\":\"https:\\\/\\\/cssdn.gouv.qc.ca\\\/cleduboise\\\/#website\"},\"primaryImageOfPage\":{\"@id\":\"https:\\\/\\\/cssdn.gouv.qc.ca\\\/cleduboise\\\/a-propos\\\/projet-educatif\\\/#primaryimage\"},\"image\":{\"@id\":\"https:\\\/\\\/cssdn.gouv.qc.ca\\\/cleduboise\\\/a-propos\\\/projet-educatif\\\/#primaryimage\"},\"thumbnailUrl\":\"https:\\\/\\\/cssdn.gouv.qc.ca\\\/wp-content\\\/uploads\\\/2022\\\/08\\\/Seawire-Hero-06.jpg\",\"datePublished\":\"2022-11-08T21:17:55+00:00\",\"dateModified\":\"2026-03-17T16:09:09+00:00\",\"breadcrumb\":{\"@id\":\"https:\\\/\\\/cssdn.gouv.qc.ca\\\/cleduboise\\\/a-propos\\\/projet-educatif\\\/#breadcrumb\"},\"inLanguage\":\"fr-CA\",\"potentialAction\":[{\"@type\":\"ReadAction\",\"target\":[\"https:\\\/\\\/cssdn.gouv.qc.ca\\\/cleduboise\\\/a-propos\\\/projet-educatif\\\/\"]}]},{\"@type\":\"ImageObject\",\"inLanguage\":\"fr-CA\",\"@id\":\"https:\\\/\\\/cssdn.gouv.qc.ca\\\/cleduboise\\\/a-propos\\\/projet-educatif\\\/#primaryimage\",\"url\":\"https:\\\/\\\/cssdn.gouv.qc.ca\\\/wp-content\\\/uploads\\\/2022\\\/08\\\/Seawire-Hero-06.jpg\",\"contentUrl\":\"https:\\\/\\\/cssdn.gouv.qc.ca\\\/wp-content\\\/uploads\\\/2022\\\/08\\\/Seawire-Hero-06.jpg\"},{\"@type\":\"BreadcrumbList\",\"@id\":\"https:\\\/\\\/cssdn.gouv.qc.ca\\\/cleduboise\\\/a-propos\\\/projet-educatif\\\/#breadcrumb\",\"itemListElement\":[{\"@type\":\"ListItem\",\"position\":1,\"name\":\"Accueil\",\"item\":\"https:\\\/\\\/cssdn.gouv.qc.ca\\\/cleduboise\\\/\"},{\"@type\":\"ListItem\",\"position\":2,\"name\":\"\u00c0 propos\",\"item\":\"https:\\\/\\\/cssdn.gouv.qc.ca\\\/cleduboise\\\/a-propos\\\/\"},{\"@type\":\"ListItem\",\"position\":3,\"name\":\"Documentation officielle\"}]},{\"@type\":\"WebSite\",\"@id\":\"https:\\\/\\\/cssdn.gouv.qc.ca\\\/cleduboise\\\/#website\",\"url\":\"https:\\\/\\\/cssdn.gouv.qc.ca\\\/cleduboise\\\/\",\"name\":\"\u00c9cole de la Cl\u00e9-du-Bois\u00e9\",\"description\":\"Un site des centres de services scolaires des Navigateurs\",\"publisher\":{\"@id\":\"https:\\\/\\\/cssdn.gouv.qc.ca\\\/cleduboise\\\/#organization\"},\"potentialAction\":[{\"@type\":\"SearchAction\",\"target\":{\"@type\":\"EntryPoint\",\"urlTemplate\":\"https:\\\/\\\/cssdn.gouv.qc.ca\\\/cleduboise\\\/?s={search_term_string}\"},\"query-input\":{\"@type\":\"PropertyValueSpecification\",\"valueRequired\":true,\"valueName\":\"search_term_string\"}}],\"inLanguage\":\"fr-CA\"},{\"@type\":\"Organization\",\"@id\":\"https:\\\/\\\/cssdn.gouv.qc.ca\\\/cleduboise\\\/#organization\",\"name\":\"\u00c9cole de la Cl\u00e9-du-Bois\u00e9\",\"url\":\"https:\\\/\\\/cssdn.gouv.qc.ca\\\/cleduboise\\\/\",\"logo\":{\"@type\":\"ImageObject\",\"inLanguage\":\"fr-CA\",\"@id\":\"https:\\\/\\\/cssdn.gouv.qc.ca\\\/cleduboise\\\/#\\\/schema\\\/logo\\\/image\\\/\",\"url\":\"https:\\\/\\\/cssdn.gouv.qc.ca\\\/cleduboise\\\/wp-content\\\/uploads\\\/sites\\\/68\\\/2023\\\/01\\\/logo_quebec.svg\",\"contentUrl\":\"https:\\\/\\\/cssdn.gouv.qc.ca\\\/cleduboise\\\/wp-content\\\/uploads\\\/sites\\\/68\\\/2023\\\/01\\\/logo_quebec.svg\",\"width\":188,\"height\":41,\"caption\":\"\u00c9cole de la Cl\u00e9-du-Bois\u00e9\"},\"image\":{\"@id\":\"https:\\\/\\\/cssdn.gouv.qc.ca\\\/cleduboise\\\/#\\\/schema\\\/logo\\\/image\\\/\"},\"sameAs\":[\"https:\\\/\\\/www.facebook.com\\\/cleduboise\",\"https:\\\/\\\/x.com\\\/CSSNavigateurs\",\"https:\\\/\\\/www.instagram.com\\\/cssnavigateurs\\\/\",\"https:\\\/\\\/www.youtube.com\\\/channel\\\/UCHbNBehije70JBzCIVT82bQ\",\"https:\\\/\\\/www.linkedin.com\\\/company\\\/cssdn\"]}]}<\/script>\n<!-- \/ Yoast SEO plugin. -->","yoast_head_json":{"title":"Documentation officielle - \u00c9cole de la Cl\u00e9-du-Bois\u00e9","robots":{"index":"index","follow":"follow","max-snippet":"max-snippet:-1","max-image-preview":"max-image-preview:large","max-video-preview":"max-video-preview:-1"},"canonical":"https:\/\/cssdn.gouv.qc.ca\/cleduboise\/a-propos\/projet-educatif\/","og_locale":"fr_CA","og_type":"article","og_title":"Documentation officielle - \u00c9cole de la Cl\u00e9-du-Bois\u00e9","og_description":"Projet \u00e9ducatif Reddition de comptes du projet \u00e9ducatif Rapport annuel de gestion du conseil d\u2019\u00e9tablissement Plan de lutte contre la violence et l\u2019intimidation \u00e0 l\u2019\u00e9cole Code de vie Document explicatif aux parents et aux \u00e9l\u00e8ves Modification des services \u00e9ducatifs","og_url":"https:\/\/cssdn.gouv.qc.ca\/cleduboise\/a-propos\/projet-educatif\/","og_site_name":"\u00c9cole de la Cl\u00e9-du-Bois\u00e9","article_publisher":"https:\/\/www.facebook.com\/cleduboise","article_modified_time":"2026-03-17T16:09:09+00:00","twitter_card":"summary_large_image","twitter_site":"@CSSNavigateurs","twitter_misc":{"Estimation du temps de lecture":"1 minute"},"schema":{"@context":"https:\/\/schema.org","@graph":[{"@type":"WebPage","@id":"https:\/\/cssdn.gouv.qc.ca\/cleduboise\/a-propos\/projet-educatif\/","url":"https:\/\/cssdn.gouv.qc.ca\/cleduboise\/a-propos\/projet-educatif\/","name":"Documentation officielle - \u00c9cole de la Cl\u00e9-du-Bois\u00e9","isPartOf":{"@id":"https:\/\/cssdn.gouv.qc.ca\/cleduboise\/#website"},"primaryImageOfPage":{"@id":"https:\/\/cssdn.gouv.qc.ca\/cleduboise\/a-propos\/projet-educatif\/#primaryimage"},"image":{"@id":"https:\/\/cssdn.gouv.qc.ca\/cleduboise\/a-propos\/projet-educatif\/#primaryimage"},"thumbnailUrl":"https:\/\/cssdn.gouv.qc.ca\/wp-content\/uploads\/2022\/08\/Seawire-Hero-06.jpg","datePublished":"2022-11-08T21:17:55+00:00","dateModified":"2026-03-17T16:09:09+00:00","breadcrumb":{"@id":"https:\/\/cssdn.gouv.qc.ca\/cleduboise\/a-propos\/projet-educatif\/#breadcrumb"},"inLanguage":"fr-CA","potentialAction":[{"@type":"ReadAction","target":["https:\/\/cssdn.gouv.qc.ca\/cleduboise\/a-propos\/projet-educatif\/"]}]},{"@type":"ImageObject","inLanguage":"fr-CA","@id":"https:\/\/cssdn.gouv.qc.ca\/cleduboise\/a-propos\/projet-educatif\/#primaryimage","url":"https:\/\/cssdn.gouv.qc.ca\/wp-content\/uploads\/2022\/08\/Seawire-Hero-06.jpg","contentUrl":"https:\/\/cssdn.gouv.qc.ca\/wp-content\/uploads\/2022\/08\/Seawire-Hero-06.jpg"},{"@type":"BreadcrumbList","@id":"https:\/\/cssdn.gouv.qc.ca\/cleduboise\/a-propos\/projet-educatif\/#breadcrumb","itemListElement":[{"@type":"ListItem","position":1,"name":"Accueil","item":"https:\/\/cssdn.gouv.qc.ca\/cleduboise\/"},{"@type":"ListItem","position":2,"name":"\u00c0 propos","item":"https:\/\/cssdn.gouv.qc.ca\/cleduboise\/a-propos\/"},{"@type":"ListItem","position":3,"name":"Documentation officielle"}]},{"@type":"WebSite","@id":"https:\/\/cssdn.gouv.qc.ca\/cleduboise\/#website","url":"https:\/\/cssdn.gouv.qc.ca\/cleduboise\/","name":"\u00c9cole de la Cl\u00e9-du-Bois\u00e9","description":"Un site des centres de services scolaires des Navigateurs","publisher":{"@id":"https:\/\/cssdn.gouv.qc.ca\/cleduboise\/#organization"},"potentialAction":[{"@type":"SearchAction","target":{"@type":"EntryPoint","urlTemplate":"https:\/\/cssdn.gouv.qc.ca\/cleduboise\/?s={search_term_string}"},"query-input":{"@type":"PropertyValueSpecification","valueRequired":true,"valueName":"search_term_string"}}],"inLanguage":"fr-CA"},{"@type":"Organization","@id":"https:\/\/cssdn.gouv.qc.ca\/cleduboise\/#organization","name":"\u00c9cole de la Cl\u00e9-du-Bois\u00e9","url":"https:\/\/cssdn.gouv.qc.ca\/cleduboise\/","logo":{"@type":"ImageObject","inLanguage":"fr-CA","@id":"https:\/\/cssdn.gouv.qc.ca\/cleduboise\/#\/schema\/logo\/image\/","url":"https:\/\/cssdn.gouv.qc.ca\/cleduboise\/wp-content\/uploads\/sites\/68\/2023\/01\/logo_quebec.svg","contentUrl":"https:\/\/cssdn.gouv.qc.ca\/cleduboise\/wp-content\/uploads\/sites\/68\/2023\/01\/logo_quebec.svg","width":188,"height":41,"caption":"\u00c9cole de la Cl\u00e9-du-Bois\u00e9"},"image":{"@id":"https:\/\/cssdn.gouv.qc.ca\/cleduboise\/#\/schema\/logo\/image\/"},"sameAs":["https:\/\/www.facebook.com\/cleduboise","https:\/\/x.com\/CSSNavigateurs","https:\/\/www.instagram.com\/cssnavigateurs\/","https:\/\/www.youtube.com\/channel\/UCHbNBehije70JBzCIVT82bQ","https:\/\/www.linkedin.com\/company\/cssdn"]}]}},"publishpress_future_action":{"enabled":false,"date":"2026-04-25 19:58:21","action":"change-status","newStatus":"draft","terms":[],"taxonomy":"category","extraData":[]},"publishpress_future_workflow_manual_trigger":{"enabledWorkflows":[]},"_links":{"self":[{"href":"https:\/\/cssdn.gouv.qc.ca\/cleduboise\/wp-json\/wp\/v2\/pages\/7","targetHints":{"allow":["GET"]}}],"collection":[{"href":"https:\/\/cssdn.gouv.qc.ca\/cleduboise\/wp-json\/wp\/v2\/pages"}],"about":[{"href":"https:\/\/cssdn.gouv.qc.ca\/cleduboise\/wp-json\/wp\/v2\/types\/page"}],"author":[{"embeddable":true,"href":"https:\/\/cssdn.gouv.qc.ca\/cleduboise\/wp-json\/wp\/v2\/users\/1"}],"replies":[{"embeddable":true,"href":"https:\/\/cssdn.gouv.qc.ca\/cleduboise\/wp-json\/wp\/v2\/comments?post=7"}],"version-history":[{"count":0,"href":"https:\/\/cssdn.gouv.qc.ca\/cleduboise\/wp-json\/wp\/v2\/pages\/7\/revisions"}],"up":[{"embeddable":true,"href":"https:\/\/cssdn.gouv.qc.ca\/cleduboise\/wp-json\/wp\/v2\/pages\/5"}],"wp:attachment":[{"href":"https:\/\/cssdn.gouv.qc.ca\/cleduboise\/wp-json\/wp\/v2\/media?parent=7"}],"wp:term":[{"taxonomy":"category","embeddable":true,"href":"https:\/\/cssdn.gouv.qc.ca\/cleduboise\/wp-json\/wp\/v2\/categories?post=7"},{"taxonomy":"post_tag","embeddable":true,"href":"https:\/\/cssdn.gouv.qc.ca\/cleduboise\/wp-json\/wp\/v2\/tags?post=7"}],"curies":[{"name":"wp","href":"https:\/\/api.w.org\/{rel}","templated":true}]}}