
{"id":15,"date":"2022-11-08T16:07:56","date_gmt":"2022-11-08T21:07:56","guid":{"rendered":"https:\/\/cssdn.gouv.qc.ca\/desjardins\/informations-aux-parents\/info-parents\/"},"modified":"2025-07-04T10:57:09","modified_gmt":"2025-07-04T14:57:09","slug":"fournitures-scolaires","status":"publish","type":"page","link":"https:\/\/cssdn.gouv.qc.ca\/desjardins\/informations-aux-parents\/fournitures-scolaires\/","title":{"rendered":"Fournitures scolaires"},"content":{"rendered":"\n<div class=\"wp-block-cover alignfull is-light is-style-title-banner\"><img decoding=\"async\" class=\"wp-block-cover__image-background wp-image-111 lazyload\" alt=\"\" data-src=\"https:\/\/stage.cssdn.gouv.qc.ca\/wp-content\/uploads\/2022\/08\/Seawire-Hero-06.jpg\" data-object-fit=\"cover\" src=\"data:image\/svg+xml;base64,PHN2ZyB3aWR0aD0iMSIgaGVpZ2h0PSIxIiB4bWxucz0iaHR0cDovL3d3dy53My5vcmcvMjAwMC9zdmciPjwvc3ZnPg==\" \/><span aria-hidden=\"true\" class=\"wp-block-cover__background has-primary-background-color has-background-dim\"><\/span><div class=\"wp-block-cover__inner-container\"><h3 class=\"wp-block-post-title\">Fournitures scolaires<\/h3><\/div><\/div>\n\n\n\n<div class=\"wp-block-group alignfull has-padding-y-large has-secondary-background-color has-background\"><div class=\"yoast-breadcrumbs alignwide \"><span class=\"breadcrumbs\"><a href=\"https:\/\/cssdn.gouv.qc.ca\/desjardins\/\" class=\"breadcrumbs__element\">Accueil<\/a> <span class=\"breadcrumbs__separator\">\n        <svg class=\"icon icon-breadcrumb__separator\"><use xlink:href=\"#icon-breadcrumb__separator\"><\/use><\/svg>\n    <\/span> <a href=\"https:\/\/cssdn.gouv.qc.ca\/desjardins\/informations-aux-parents\/\" class=\"breadcrumbs__element\">Informations aux parents<\/a> <span class=\"breadcrumbs__separator\">\n        <svg class=\"icon icon-breadcrumb__separator\"><use xlink:href=\"#icon-breadcrumb__separator\"><\/use><\/svg>\n    <\/span> <span class=\"breadcrumbs__element breadcrumbs__element-current\">Fournitures scolaires<\/span><\/span><\/div><\/div>\n\n\n\n<h2 class=\"wp-block-heading\">4e ann\u00e9e<\/h2>\n\n\n\n<div data-wp-interactive=\"core\/file\" class=\"wp-block-file\"><object data-wp-bind--hidden=\"!state.hasPdfPreview\" hidden class=\"wp-block-file__embed\" data=\"https:\/\/cssdn.gouv.qc.ca\/desjardins\/wp-content\/uploads\/sites\/26\/2025\/07\/Fournitures-scolaires-2025-2026-4e-annee.pdf\" type=\"application\/pdf\" style=\"width:100%;height:600px\" aria-label=\"Contenu incorpor\u00e9 Fournitures scolaires (2025-2026) 4e ann\u00e9e.\"><\/object><a id=\"wp-block-file--media-79f39685-c0bf-494b-bc4f-6b65f4aeeee1\" href=\"https:\/\/cssdn.gouv.qc.ca\/desjardins\/wp-content\/uploads\/sites\/26\/2025\/07\/Fournitures-scolaires-2025-2026-4e-annee.pdf\">Fournitures scolaires (2025-2026) 4e ann\u00e9e<\/a><a href=\"https:\/\/cssdn.gouv.qc.ca\/desjardins\/wp-content\/uploads\/sites\/26\/2025\/07\/Fournitures-scolaires-2025-2026-4e-annee.pdf\" class=\"wp-block-file__button wp-element-button\" download aria-describedby=\"wp-block-file--media-79f39685-c0bf-494b-bc4f-6b65f4aeeee1\">T\u00e9l\u00e9charger<\/a><\/div>\n\n\n\n<h2 class=\"wp-block-heading\">5e ann\u00e9e &#8211; 501 et 502<\/h2>\n\n\n\n<div data-wp-interactive=\"core\/file\" class=\"wp-block-file\"><object data-wp-bind--hidden=\"!state.hasPdfPreview\" hidden class=\"wp-block-file__embed\" data=\"https:\/\/cssdn.gouv.qc.ca\/desjardins\/wp-content\/uploads\/sites\/26\/2025\/07\/Fournitures-scolaires-501-et-502-2025-2026.pdf\" type=\"application\/pdf\" style=\"width:100%;height:600px\" aria-label=\"Contenu incorpor\u00e9 Fournitures scolaires  (501 et 502) - 2025-2026.\"><\/object><a id=\"wp-block-file--media-e769d91d-dc36-49bd-936e-9bdd0b72e2af\" href=\"https:\/\/cssdn.gouv.qc.ca\/desjardins\/wp-content\/uploads\/sites\/26\/2025\/07\/Fournitures-scolaires-501-et-502-2025-2026.pdf\">Fournitures scolaires  (501 et 502) &#8211; 2025-2026<\/a><a href=\"https:\/\/cssdn.gouv.qc.ca\/desjardins\/wp-content\/uploads\/sites\/26\/2025\/07\/Fournitures-scolaires-501-et-502-2025-2026.pdf\" class=\"wp-block-file__button wp-element-button\" download aria-describedby=\"wp-block-file--media-e769d91d-dc36-49bd-936e-9bdd0b72e2af\">T\u00e9l\u00e9charger<\/a><\/div>\n\n\n\n<h2 class=\"wp-block-heading\">5e ann\u00e9e &#8211; 503<\/h2>\n\n\n\n<div data-wp-interactive=\"core\/file\" class=\"wp-block-file\"><object data-wp-bind--hidden=\"!state.hasPdfPreview\" hidden class=\"wp-block-file__embed\" data=\"https:\/\/cssdn.gouv.qc.ca\/desjardins\/wp-content\/uploads\/sites\/26\/2025\/07\/Fournitures-scolaires-503-2025-2026.pdf\" type=\"application\/pdf\" style=\"width:100%;height:600px\" aria-label=\"Contenu incorpor\u00e9 Fournitures scolaires  (503) - 2025-2026.\"><\/object><a id=\"wp-block-file--media-47f15a27-9885-4f27-ad91-4fcd719fc331\" href=\"https:\/\/cssdn.gouv.qc.ca\/desjardins\/wp-content\/uploads\/sites\/26\/2025\/07\/Fournitures-scolaires-503-2025-2026.pdf\">Fournitures scolaires  (503) &#8211; 2025-2026<\/a><a href=\"https:\/\/cssdn.gouv.qc.ca\/desjardins\/wp-content\/uploads\/sites\/26\/2025\/07\/Fournitures-scolaires-503-2025-2026.pdf\" class=\"wp-block-file__button wp-element-button\" download aria-describedby=\"wp-block-file--media-47f15a27-9885-4f27-ad91-4fcd719fc331\">T\u00e9l\u00e9charger<\/a><\/div>\n\n\n\n<h2 class=\"wp-block-heading\">5e et 6e ann\u00e9e &#8211; classe multi &#8211; 540 et 650<\/h2>\n\n\n\n<div data-wp-interactive=\"core\/file\" class=\"wp-block-file\"><object data-wp-bind--hidden=\"!state.hasPdfPreview\" hidden class=\"wp-block-file__embed\" data=\"https:\/\/cssdn.gouv.qc.ca\/desjardins\/wp-content\/uploads\/sites\/26\/2025\/07\/Fournitures-scolaires-2025-2026-5e-6e-annee-.pdf\" type=\"application\/pdf\" style=\"width:100%;height:600px\" aria-label=\"Contenu incorpor\u00e9 Fournitures scolaires (2025-2026) 5e-6e ann\u00e9e  -.\"><\/object><a id=\"wp-block-file--media-0f65df74-0041-40dd-8188-cf0b8f97ec39\" href=\"https:\/\/cssdn.gouv.qc.ca\/desjardins\/wp-content\/uploads\/sites\/26\/2025\/07\/Fournitures-scolaires-2025-2026-5e-6e-annee-.pdf\">Fournitures scolaires (2025-2026) 5e-6e ann\u00e9e  &#8211;<\/a><a href=\"https:\/\/cssdn.gouv.qc.ca\/desjardins\/wp-content\/uploads\/sites\/26\/2025\/07\/Fournitures-scolaires-2025-2026-5e-6e-annee-.pdf\" class=\"wp-block-file__button wp-element-button\" download aria-describedby=\"wp-block-file--media-0f65df74-0041-40dd-8188-cf0b8f97ec39\">T\u00e9l\u00e9charger<\/a><\/div>\n\n\n\n<h2 class=\"wp-block-heading\">6e ann\u00e9e &#8211; sauf 603<\/h2>\n\n\n\n<div data-wp-interactive=\"core\/file\" class=\"wp-block-file\"><object data-wp-bind--hidden=\"!state.hasPdfPreview\" hidden class=\"wp-block-file__embed\" data=\"https:\/\/cssdn.gouv.qc.ca\/desjardins\/wp-content\/uploads\/sites\/26\/2025\/07\/Founitures-scolaires-2025-2026-6e-annee.pdf\" type=\"application\/pdf\" style=\"width:100%;height:600px\" aria-label=\"Contenu incorpor\u00e9 Founitures scolaires (2025-2026) 6e ann\u00e9e.\"><\/object><a id=\"wp-block-file--media-1f39d243-05e3-4f19-9f90-e2b6429e2bf3\" href=\"https:\/\/cssdn.gouv.qc.ca\/desjardins\/wp-content\/uploads\/sites\/26\/2025\/07\/Founitures-scolaires-2025-2026-6e-annee.pdf\">Founitures scolaires (2025-2026) 6e ann\u00e9e<\/a><a href=\"https:\/\/cssdn.gouv.qc.ca\/desjardins\/wp-content\/uploads\/sites\/26\/2025\/07\/Founitures-scolaires-2025-2026-6e-annee.pdf\" class=\"wp-block-file__button wp-element-button\" download aria-describedby=\"wp-block-file--media-1f39d243-05e3-4f19-9f90-e2b6429e2bf3\">T\u00e9l\u00e9charger<\/a><\/div>\n\n\n\n<h2 class=\"wp-block-heading\">6e ann\u00e9e &#8211; 603<\/h2>\n\n\n\n<div data-wp-interactive=\"core\/file\" class=\"wp-block-file\"><object data-wp-bind--hidden=\"!state.hasPdfPreview\" hidden class=\"wp-block-file__embed\" data=\"https:\/\/cssdn.gouv.qc.ca\/desjardins\/wp-content\/uploads\/sites\/26\/2025\/07\/Fournitures-scolaires-2025-2026-603.pdf\" type=\"application\/pdf\" style=\"width:100%;height:600px\" aria-label=\"Contenu incorpor\u00e9 Fournitures scolaires 2025-2026 603.\"><\/object><a id=\"wp-block-file--media-0e54cfe4-569d-4b5a-9a08-61a55b986fb0\" href=\"https:\/\/cssdn.gouv.qc.ca\/desjardins\/wp-content\/uploads\/sites\/26\/2025\/07\/Fournitures-scolaires-2025-2026-603.pdf\">Fournitures scolaires 2025-2026 603<\/a><a href=\"https:\/\/cssdn.gouv.qc.ca\/desjardins\/wp-content\/uploads\/sites\/26\/2025\/07\/Fournitures-scolaires-2025-2026-603.pdf\" class=\"wp-block-file__button wp-element-button\" download aria-describedby=\"wp-block-file--media-0e54cfe4-569d-4b5a-9a08-61a55b986fb0\">T\u00e9l\u00e9charger<\/a><\/div>\n\n\n\n<h2 class=\"wp-block-heading\">Coopsco<\/h2>\n\n\n\n<div data-wp-interactive=\"core\/file\" class=\"wp-block-file\"><object data-wp-bind--hidden=\"!state.hasPdfPreview\" hidden class=\"wp-block-file__embed\" data=\"https:\/\/cssdn.gouv.qc.ca\/desjardins\/wp-content\/uploads\/sites\/26\/2025\/07\/CoopscoLevis_pubprimaire2025.pdf\" type=\"application\/pdf\" style=\"width:100%;height:600px\" aria-label=\"Contenu incorpor\u00e9 CoopscoLevis_pubprimaire2025.\"><\/object><a id=\"wp-block-file--media-ed01a425-152c-4211-94aa-37ea0a51c705\" href=\"https:\/\/cssdn.gouv.qc.ca\/desjardins\/wp-content\/uploads\/sites\/26\/2025\/07\/CoopscoLevis_pubprimaire2025.pdf\">CoopscoLevis_pubprimaire2025<\/a><a href=\"https:\/\/cssdn.gouv.qc.ca\/desjardins\/wp-content\/uploads\/sites\/26\/2025\/07\/CoopscoLevis_pubprimaire2025.pdf\" class=\"wp-block-file__button wp-element-button\" download aria-describedby=\"wp-block-file--media-ed01a425-152c-4211-94aa-37ea0a51c705\">T\u00e9l\u00e9charger<\/a><\/div>\n","protected":false},"excerpt":{"rendered":"<p>4e ann\u00e9e 5e ann\u00e9e &#8211; 501 et 502 5e ann\u00e9e &#8211; 503 5e et 6e ann\u00e9e &#8211; classe multi &#8211; 540 et 650 6e ann\u00e9e &#8211; sauf 603 6e ann\u00e9e &#8211; 603 Coopsco<\/p>\n","protected":false},"author":1,"featured_media":0,"parent":13,"menu_order":0,"comment_status":"closed","ping_status":"closed","template":"","meta":{"_acf_changed":false,"_crdt_document":"","inline_featured_image":false,"footnotes":""},"categories":[],"tags":[],"class_list":["post-15","page","type-page","status-publish","hentry"],"acf":[],"yoast_head":"<!-- This site is optimized with the Yoast SEO plugin v27.4 - https:\/\/yoast.com\/product\/yoast-seo-wordpress\/ -->\n<title>Fournitures scolaires - \u00c9cole Desjardins<\/title>\n<meta name=\"robots\" content=\"index, follow, max-snippet:-1, max-image-preview:large, max-video-preview:-1\" \/>\n<link rel=\"canonical\" href=\"https:\/\/cssdn.gouv.qc.ca\/desjardins\/informations-aux-parents\/fournitures-scolaires\/\" \/>\n<meta property=\"og:locale\" content=\"fr_CA\" \/>\n<meta property=\"og:type\" content=\"article\" \/>\n<meta property=\"og:title\" content=\"Fournitures scolaires - \u00c9cole Desjardins\" \/>\n<meta property=\"og:description\" content=\"4e ann\u00e9e 5e ann\u00e9e &#8211; 501 et 502 5e ann\u00e9e &#8211; 503 5e et 6e ann\u00e9e &#8211; classe multi &#8211; 540 et 650 6e ann\u00e9e &#8211; sauf 603 6e ann\u00e9e &#8211; 603 Coopsco\" \/>\n<meta property=\"og:url\" content=\"https:\/\/cssdn.gouv.qc.ca\/desjardins\/informations-aux-parents\/fournitures-scolaires\/\" \/>\n<meta property=\"og:site_name\" content=\"\u00c9cole Desjardins\" \/>\n<meta property=\"article:publisher\" content=\"https:\/\/www.facebook.com\/profile.php?id=100064235490507\" \/>\n<meta property=\"article:modified_time\" content=\"2025-07-04T14:57:09+00:00\" \/>\n<meta name=\"twitter:card\" content=\"summary_large_image\" \/>\n<meta name=\"twitter:label1\" content=\"Estimation du temps de lecture\" \/>\n\t<meta name=\"twitter:data1\" content=\"1 minute\" \/>\n<script type=\"application\/ld+json\" class=\"yoast-schema-graph\">{\"@context\":\"https:\\\/\\\/schema.org\",\"@graph\":[{\"@type\":\"WebPage\",\"@id\":\"https:\\\/\\\/cssdn.gouv.qc.ca\\\/desjardins\\\/informations-aux-parents\\\/fournitures-scolaires\\\/\",\"url\":\"https:\\\/\\\/cssdn.gouv.qc.ca\\\/desjardins\\\/informations-aux-parents\\\/fournitures-scolaires\\\/\",\"name\":\"Fournitures scolaires - \u00c9cole Desjardins\",\"isPartOf\":{\"@id\":\"https:\\\/\\\/cssdn.gouv.qc.ca\\\/desjardins\\\/#website\"},\"primaryImageOfPage\":{\"@id\":\"https:\\\/\\\/cssdn.gouv.qc.ca\\\/desjardins\\\/informations-aux-parents\\\/fournitures-scolaires\\\/#primaryimage\"},\"image\":{\"@id\":\"https:\\\/\\\/cssdn.gouv.qc.ca\\\/desjardins\\\/informations-aux-parents\\\/fournitures-scolaires\\\/#primaryimage\"},\"thumbnailUrl\":\"https:\\\/\\\/stage.cssdn.gouv.qc.ca\\\/wp-content\\\/uploads\\\/2022\\\/08\\\/Seawire-Hero-06.jpg\",\"datePublished\":\"2022-11-08T21:07:56+00:00\",\"dateModified\":\"2025-07-04T14:57:09+00:00\",\"breadcrumb\":{\"@id\":\"https:\\\/\\\/cssdn.gouv.qc.ca\\\/desjardins\\\/informations-aux-parents\\\/fournitures-scolaires\\\/#breadcrumb\"},\"inLanguage\":\"fr-CA\",\"potentialAction\":[{\"@type\":\"ReadAction\",\"target\":[\"https:\\\/\\\/cssdn.gouv.qc.ca\\\/desjardins\\\/informations-aux-parents\\\/fournitures-scolaires\\\/\"]}]},{\"@type\":\"ImageObject\",\"inLanguage\":\"fr-CA\",\"@id\":\"https:\\\/\\\/cssdn.gouv.qc.ca\\\/desjardins\\\/informations-aux-parents\\\/fournitures-scolaires\\\/#primaryimage\",\"url\":\"https:\\\/\\\/stage.cssdn.gouv.qc.ca\\\/wp-content\\\/uploads\\\/2022\\\/08\\\/Seawire-Hero-06.jpg\",\"contentUrl\":\"https:\\\/\\\/stage.cssdn.gouv.qc.ca\\\/wp-content\\\/uploads\\\/2022\\\/08\\\/Seawire-Hero-06.jpg\"},{\"@type\":\"BreadcrumbList\",\"@id\":\"https:\\\/\\\/cssdn.gouv.qc.ca\\\/desjardins\\\/informations-aux-parents\\\/fournitures-scolaires\\\/#breadcrumb\",\"itemListElement\":[{\"@type\":\"ListItem\",\"position\":1,\"name\":\"Accueil\",\"item\":\"https:\\\/\\\/cssdn.gouv.qc.ca\\\/desjardins\\\/\"},{\"@type\":\"ListItem\",\"position\":2,\"name\":\"Informations aux parents\",\"item\":\"https:\\\/\\\/cssdn.gouv.qc.ca\\\/desjardins\\\/informations-aux-parents\\\/\"},{\"@type\":\"ListItem\",\"position\":3,\"name\":\"Fournitures scolaires\"}]},{\"@type\":\"WebSite\",\"@id\":\"https:\\\/\\\/cssdn.gouv.qc.ca\\\/desjardins\\\/#website\",\"url\":\"https:\\\/\\\/cssdn.gouv.qc.ca\\\/desjardins\\\/\",\"name\":\"\u00c9cole Desjardins\",\"description\":\"Un site des centres de services scolaires des Navigateurs\",\"publisher\":{\"@id\":\"https:\\\/\\\/cssdn.gouv.qc.ca\\\/desjardins\\\/#organization\"},\"potentialAction\":[{\"@type\":\"SearchAction\",\"target\":{\"@type\":\"EntryPoint\",\"urlTemplate\":\"https:\\\/\\\/cssdn.gouv.qc.ca\\\/desjardins\\\/?s={search_term_string}\"},\"query-input\":{\"@type\":\"PropertyValueSpecification\",\"valueRequired\":true,\"valueName\":\"search_term_string\"}}],\"inLanguage\":\"fr-CA\"},{\"@type\":\"Organization\",\"@id\":\"https:\\\/\\\/cssdn.gouv.qc.ca\\\/desjardins\\\/#organization\",\"name\":\"\u00c9cole Desjardins\",\"url\":\"https:\\\/\\\/cssdn.gouv.qc.ca\\\/desjardins\\\/\",\"logo\":{\"@type\":\"ImageObject\",\"inLanguage\":\"fr-CA\",\"@id\":\"https:\\\/\\\/cssdn.gouv.qc.ca\\\/desjardins\\\/#\\\/schema\\\/logo\\\/image\\\/\",\"url\":\"https:\\\/\\\/cssdn.gouv.qc.ca\\\/desjardins\\\/wp-content\\\/uploads\\\/sites\\\/26\\\/2023\\\/01\\\/logo_quebec.svg\",\"contentUrl\":\"https:\\\/\\\/cssdn.gouv.qc.ca\\\/desjardins\\\/wp-content\\\/uploads\\\/sites\\\/26\\\/2023\\\/01\\\/logo_quebec.svg\",\"width\":188,\"height\":41,\"caption\":\"\u00c9cole Desjardins\"},\"image\":{\"@id\":\"https:\\\/\\\/cssdn.gouv.qc.ca\\\/desjardins\\\/#\\\/schema\\\/logo\\\/image\\\/\"},\"sameAs\":[\"https:\\\/\\\/www.facebook.com\\\/profile.php?id=100064235490507\"]}]}<\/script>\n<!-- \/ Yoast SEO plugin. -->","yoast_head_json":{"title":"Fournitures scolaires - \u00c9cole Desjardins","robots":{"index":"index","follow":"follow","max-snippet":"max-snippet:-1","max-image-preview":"max-image-preview:large","max-video-preview":"max-video-preview:-1"},"canonical":"https:\/\/cssdn.gouv.qc.ca\/desjardins\/informations-aux-parents\/fournitures-scolaires\/","og_locale":"fr_CA","og_type":"article","og_title":"Fournitures scolaires - \u00c9cole Desjardins","og_description":"4e ann\u00e9e 5e ann\u00e9e &#8211; 501 et 502 5e ann\u00e9e &#8211; 503 5e et 6e ann\u00e9e &#8211; classe multi &#8211; 540 et 650 6e ann\u00e9e &#8211; sauf 603 6e ann\u00e9e &#8211; 603 Coopsco","og_url":"https:\/\/cssdn.gouv.qc.ca\/desjardins\/informations-aux-parents\/fournitures-scolaires\/","og_site_name":"\u00c9cole Desjardins","article_publisher":"https:\/\/www.facebook.com\/profile.php?id=100064235490507","article_modified_time":"2025-07-04T14:57:09+00:00","twitter_card":"summary_large_image","twitter_misc":{"Estimation du temps de lecture":"1 minute"},"schema":{"@context":"https:\/\/schema.org","@graph":[{"@type":"WebPage","@id":"https:\/\/cssdn.gouv.qc.ca\/desjardins\/informations-aux-parents\/fournitures-scolaires\/","url":"https:\/\/cssdn.gouv.qc.ca\/desjardins\/informations-aux-parents\/fournitures-scolaires\/","name":"Fournitures scolaires - \u00c9cole Desjardins","isPartOf":{"@id":"https:\/\/cssdn.gouv.qc.ca\/desjardins\/#website"},"primaryImageOfPage":{"@id":"https:\/\/cssdn.gouv.qc.ca\/desjardins\/informations-aux-parents\/fournitures-scolaires\/#primaryimage"},"image":{"@id":"https:\/\/cssdn.gouv.qc.ca\/desjardins\/informations-aux-parents\/fournitures-scolaires\/#primaryimage"},"thumbnailUrl":"https:\/\/stage.cssdn.gouv.qc.ca\/wp-content\/uploads\/2022\/08\/Seawire-Hero-06.jpg","datePublished":"2022-11-08T21:07:56+00:00","dateModified":"2025-07-04T14:57:09+00:00","breadcrumb":{"@id":"https:\/\/cssdn.gouv.qc.ca\/desjardins\/informations-aux-parents\/fournitures-scolaires\/#breadcrumb"},"inLanguage":"fr-CA","potentialAction":[{"@type":"ReadAction","target":["https:\/\/cssdn.gouv.qc.ca\/desjardins\/informations-aux-parents\/fournitures-scolaires\/"]}]},{"@type":"ImageObject","inLanguage":"fr-CA","@id":"https:\/\/cssdn.gouv.qc.ca\/desjardins\/informations-aux-parents\/fournitures-scolaires\/#primaryimage","url":"https:\/\/stage.cssdn.gouv.qc.ca\/wp-content\/uploads\/2022\/08\/Seawire-Hero-06.jpg","contentUrl":"https:\/\/stage.cssdn.gouv.qc.ca\/wp-content\/uploads\/2022\/08\/Seawire-Hero-06.jpg"},{"@type":"BreadcrumbList","@id":"https:\/\/cssdn.gouv.qc.ca\/desjardins\/informations-aux-parents\/fournitures-scolaires\/#breadcrumb","itemListElement":[{"@type":"ListItem","position":1,"name":"Accueil","item":"https:\/\/cssdn.gouv.qc.ca\/desjardins\/"},{"@type":"ListItem","position":2,"name":"Informations aux parents","item":"https:\/\/cssdn.gouv.qc.ca\/desjardins\/informations-aux-parents\/"},{"@type":"ListItem","position":3,"name":"Fournitures scolaires"}]},{"@type":"WebSite","@id":"https:\/\/cssdn.gouv.qc.ca\/desjardins\/#website","url":"https:\/\/cssdn.gouv.qc.ca\/desjardins\/","name":"\u00c9cole Desjardins","description":"Un site des centres de services scolaires des Navigateurs","publisher":{"@id":"https:\/\/cssdn.gouv.qc.ca\/desjardins\/#organization"},"potentialAction":[{"@type":"SearchAction","target":{"@type":"EntryPoint","urlTemplate":"https:\/\/cssdn.gouv.qc.ca\/desjardins\/?s={search_term_string}"},"query-input":{"@type":"PropertyValueSpecification","valueRequired":true,"valueName":"search_term_string"}}],"inLanguage":"fr-CA"},{"@type":"Organization","@id":"https:\/\/cssdn.gouv.qc.ca\/desjardins\/#organization","name":"\u00c9cole Desjardins","url":"https:\/\/cssdn.gouv.qc.ca\/desjardins\/","logo":{"@type":"ImageObject","inLanguage":"fr-CA","@id":"https:\/\/cssdn.gouv.qc.ca\/desjardins\/#\/schema\/logo\/image\/","url":"https:\/\/cssdn.gouv.qc.ca\/desjardins\/wp-content\/uploads\/sites\/26\/2023\/01\/logo_quebec.svg","contentUrl":"https:\/\/cssdn.gouv.qc.ca\/desjardins\/wp-content\/uploads\/sites\/26\/2023\/01\/logo_quebec.svg","width":188,"height":41,"caption":"\u00c9cole Desjardins"},"image":{"@id":"https:\/\/cssdn.gouv.qc.ca\/desjardins\/#\/schema\/logo\/image\/"},"sameAs":["https:\/\/www.facebook.com\/profile.php?id=100064235490507"]}]}},"publishpress_future_action":{"enabled":false,"date":"2026-04-26 11:17:54","action":"change-status","newStatus":"draft","terms":[],"taxonomy":"category","extraData":[]},"publishpress_future_workflow_manual_trigger":{"enabledWorkflows":[]},"_links":{"self":[{"href":"https:\/\/cssdn.gouv.qc.ca\/desjardins\/wp-json\/wp\/v2\/pages\/15","targetHints":{"allow":["GET"]}}],"collection":[{"href":"https:\/\/cssdn.gouv.qc.ca\/desjardins\/wp-json\/wp\/v2\/pages"}],"about":[{"href":"https:\/\/cssdn.gouv.qc.ca\/desjardins\/wp-json\/wp\/v2\/types\/page"}],"author":[{"embeddable":true,"href":"https:\/\/cssdn.gouv.qc.ca\/desjardins\/wp-json\/wp\/v2\/users\/1"}],"replies":[{"embeddable":true,"href":"https:\/\/cssdn.gouv.qc.ca\/desjardins\/wp-json\/wp\/v2\/comments?post=15"}],"version-history":[{"count":0,"href":"https:\/\/cssdn.gouv.qc.ca\/desjardins\/wp-json\/wp\/v2\/pages\/15\/revisions"}],"up":[{"embeddable":true,"href":"https:\/\/cssdn.gouv.qc.ca\/desjardins\/wp-json\/wp\/v2\/pages\/13"}],"wp:attachment":[{"href":"https:\/\/cssdn.gouv.qc.ca\/desjardins\/wp-json\/wp\/v2\/media?parent=15"}],"wp:term":[{"taxonomy":"category","embeddable":true,"href":"https:\/\/cssdn.gouv.qc.ca\/desjardins\/wp-json\/wp\/v2\/categories?post=15"},{"taxonomy":"post_tag","embeddable":true,"href":"https:\/\/cssdn.gouv.qc.ca\/desjardins\/wp-json\/wp\/v2\/tags?post=15"}],"curies":[{"name":"wp","href":"https:\/\/api.w.org\/{rel}","templated":true}]}}