
{"id":7,"date":"2022-11-08T16:07:53","date_gmt":"2022-11-08T21:07:53","guid":{"rendered":"https:\/\/cssdn.gouv.qc.ca\/duruisseau\/a-propos\/mission-vision-valeurs\/"},"modified":"2023-01-13T08:41:18","modified_gmt":"2023-01-13T13:41:18","slug":"mission-vision-valeurs","status":"publish","type":"page","link":"https:\/\/cssdn.gouv.qc.ca\/duruisseau-sainte-marie\/a-propos\/mission-vision-valeurs\/","title":{"rendered":"Mission, vision, valeurs"},"content":{"rendered":"\n<div class=\"wp-block-cover alignfull is-light is-style-hero-home-subsite\"><span aria-hidden=\"true\" class=\"wp-block-cover__background has-primary-background-color has-background-dim\"><\/span><img decoding=\"async\" width=\"980\" height=\"440\" class=\"wp-block-cover__image-background wp-image-146 lazyload\" alt=\"\" data-src=\"https:\/\/cssdn.gouv.qc.ca\/duruisseau-sainte-marie\/wp-content\/uploads\/sites\/27\/2023\/01\/Copie-de-ruisseau-web01-6.jpg\" data-object-fit=\"cover\" data-srcset=\"https:\/\/cssdn.gouv.qc.ca\/duruisseau-sainte-marie\/wp-content\/uploads\/sites\/27\/2023\/01\/Copie-de-ruisseau-web01-6.jpg 980w, https:\/\/cssdn.gouv.qc.ca\/duruisseau-sainte-marie\/wp-content\/uploads\/sites\/27\/2023\/01\/Copie-de-ruisseau-web01-6-300x135.jpg 300w, https:\/\/cssdn.gouv.qc.ca\/duruisseau-sainte-marie\/wp-content\/uploads\/sites\/27\/2023\/01\/Copie-de-ruisseau-web01-6-768x345.jpg 768w\" data-sizes=\"(max-width: 980px) 100vw, 980px\" src=\"data:image\/svg+xml;base64,PHN2ZyB3aWR0aD0iMSIgaGVpZ2h0PSIxIiB4bWxucz0iaHR0cDovL3d3dy53My5vcmcvMjAwMC9zdmciPjwvc3ZnPg==\" style=\"--smush-placeholder-width: 980px; --smush-placeholder-aspect-ratio: 980\/440;\" \/><div class=\"wp-block-cover__inner-container\">\n<p class=\"has-text-align-center has-large-font-size wp-block-paragraph\"><\/p>\n<\/div><\/div>\n\n\n\n<div class=\"wp-block-group alignfull has-padding-y-large has-secondary-background-color has-background\"><div class=\"yoast-breadcrumbs alignwide \"><span class=\"breadcrumbs\"><a href=\"https:\/\/cssdn.gouv.qc.ca\/duruisseau-sainte-marie\/\" class=\"breadcrumbs__element\">Accueil<\/a> <span class=\"breadcrumbs__separator\">\n        <svg class=\"icon icon-breadcrumb__separator\"><use xlink:href=\"#icon-breadcrumb__separator\"><\/use><\/svg>\n    <\/span> <a href=\"https:\/\/cssdn.gouv.qc.ca\/duruisseau-sainte-marie\/a-propos\/\" class=\"breadcrumbs__element\">\u00c0 propos<\/a> <span class=\"breadcrumbs__separator\">\n        <svg class=\"icon icon-breadcrumb__separator\"><use xlink:href=\"#icon-breadcrumb__separator\"><\/use><\/svg>\n    <\/span> <span class=\"breadcrumbs__element breadcrumbs__element-current\">Mission, vision, valeurs<\/span><\/span><\/div><\/div>\n\n\n\n<h2 class=\"has-heading-1-font-size wp-block-heading\">Mission<\/h2>\n\n\n\n<p class=\"wp-block-paragraph\">Amener chaque \u00e9l\u00e8ve \u00e0 \u00eatre la meilleure version de lui-m\u00eame.<\/p>\n\n\n\n<h2 class=\"has-heading-1-font-size wp-block-heading\">Vision<\/h2>\n\n\n\n<p class=\"has-medium-font-size wp-block-paragraph\">\u00catre une \u00e9cole accueillante et inspirante<\/p>\n\n\n\n<h2 class=\"has-heading-1-font-size wp-block-heading\">Valeurs<\/h2>\n\n\n\n<p class=\"has-heading-2-font-size wp-block-paragraph\">Respect <\/p>\n\n\n\n<ul class=\"wp-block-list\">\n<li>J&rsquo;\u00e9coute avec ouverture<\/li>\n\n\n\n<li>Je fais preuve de jugement<\/li>\n\n\n\n<li>Je dis ce que je pense avec diplomatie<\/li>\n\n\n\n<li>Je respecte les diff\u00e9rences de chacun<\/li>\n\n\n\n<li>Je m&rsquo;adresse \u00e0 la personne concern\u00e9e<\/li>\n\n\n\n<li>Je reconnais l&rsquo;importance de tous<\/li>\n\n\n\n<li>J&rsquo;utilise un langage verbal et non-verbal respectueusement <\/li>\n<\/ul>\n\n\n\n<h2 class=\"has-heading-2-font-size wp-block-heading\">Engagement <\/h2>\n\n\n\n<ul class=\"wp-block-list\">\n<li>Je m&rsquo;investit dans tout ce que je fais<\/li>\n\n\n\n<li>Je travaille en \u00e9quipe<\/li>\n\n\n\n<li>Je collabore positivement<\/li>\n\n\n\n<li>Je partage mes id\u00e9es et j&rsquo;accueille celles des autres<\/li>\n\n\n\n<li>Je respecte les d\u00e9cisions prises en \u00e9quipe<\/li>\n\n\n\n<li>Je donne le meilleur de moi-m\u00eame<\/li>\n\n\n\n<li>Je trouve des solutions et j&rsquo;apporte mon aide<\/li>\n<\/ul>\n\n\n\n<h2 class=\"has-heading-2-font-size wp-block-heading\">Bienveillance<\/h2>\n\n\n\n<ul class=\"wp-block-list\">\n<li>Je cherche \u00e0 comprendre l&rsquo;autre<\/li>\n\n\n\n<li>Je suis souriant et je salue les gens<\/li>\n\n\n\n<li>J&rsquo;ai de l&#8217;empathie<\/li>\n\n\n\n<li>Je m&rsquo;adresse aux autres avec courtoisie<\/li>\n\n\n\n<li>Je m&rsquo;exprime avec d\u00e9licatesse<\/li>\n\n\n\n<li>Je suis \u00e0 l&rsquo;\u00e9coute de tous<\/li>\n\n\n\n<li>J&rsquo;entretiens de bonnes relations<\/li>\n<\/ul>\n","protected":false},"excerpt":{"rendered":"<p>Mission Amener chaque \u00e9l\u00e8ve \u00e0 \u00eatre la meilleure version de lui-m\u00eame. Vision \u00catre une \u00e9cole accueillante et inspirante Valeurs Respect Engagement Bienveillance<\/p>\n","protected":false},"author":1,"featured_media":0,"parent":6,"menu_order":0,"comment_status":"closed","ping_status":"closed","template":"","meta":{"_acf_changed":false,"_crdt_document":"","inline_featured_image":false,"footnotes":""},"categories":[],"tags":[],"class_list":["post-7","page","type-page","status-publish","hentry"],"acf":[],"yoast_head":"<!-- This site is optimized with the Yoast SEO plugin v27.3 - https:\/\/yoast.com\/product\/yoast-seo-wordpress\/ -->\n<title>Mission, vision, valeurs - \u00c9cole du Ruisseau, Sainte\u2011Marie<\/title>\n<meta name=\"robots\" content=\"index, follow, max-snippet:-1, max-image-preview:large, max-video-preview:-1\" \/>\n<link rel=\"canonical\" href=\"https:\/\/cssdn.gouv.qc.ca\/duruisseau-sainte-marie\/a-propos\/mission-vision-valeurs\/\" \/>\n<meta property=\"og:locale\" content=\"fr_CA\" \/>\n<meta property=\"og:type\" content=\"article\" \/>\n<meta property=\"og:title\" content=\"Mission, vision, valeurs - \u00c9cole du Ruisseau, Sainte\u2011Marie\" \/>\n<meta property=\"og:description\" content=\"Mission Amener chaque \u00e9l\u00e8ve \u00e0 \u00eatre la meilleure version de lui-m\u00eame. Vision \u00catre une \u00e9cole accueillante et inspirante Valeurs Respect Engagement Bienveillance\" \/>\n<meta property=\"og:url\" content=\"https:\/\/cssdn.gouv.qc.ca\/duruisseau-sainte-marie\/a-propos\/mission-vision-valeurs\/\" \/>\n<meta property=\"og:site_name\" content=\"\u00c9cole du Ruisseau, Sainte\u2011Marie\" \/>\n<meta property=\"article:publisher\" content=\"https:\/\/www.facebook.com\/ecoleduruisseau\" \/>\n<meta property=\"article:modified_time\" content=\"2023-01-13T13:41:18+00:00\" \/>\n<meta property=\"og:image\" content=\"https:\/\/cssdn.gouv.qc.ca\/duruisseau-sainte-marie\/wp-content\/uploads\/sites\/27\/2023\/01\/Copie-de-ruisseau-web01-6.jpg\" \/>\n<meta name=\"twitter:card\" content=\"summary_large_image\" \/>\n<meta name=\"twitter:label1\" content=\"Estimation du temps de lecture\" \/>\n\t<meta name=\"twitter:data1\" content=\"1 minute\" \/>\n<script type=\"application\/ld+json\" class=\"yoast-schema-graph\">{\"@context\":\"https:\\\/\\\/schema.org\",\"@graph\":[{\"@type\":\"WebPage\",\"@id\":\"https:\\\/\\\/cssdn.gouv.qc.ca\\\/duruisseau-sainte-marie\\\/a-propos\\\/mission-vision-valeurs\\\/\",\"url\":\"https:\\\/\\\/cssdn.gouv.qc.ca\\\/duruisseau-sainte-marie\\\/a-propos\\\/mission-vision-valeurs\\\/\",\"name\":\"Mission, vision, valeurs - \u00c9cole du Ruisseau, Sainte\u2011Marie\",\"isPartOf\":{\"@id\":\"https:\\\/\\\/cssdn.gouv.qc.ca\\\/duruisseau-sainte-marie\\\/#website\"},\"primaryImageOfPage\":{\"@id\":\"https:\\\/\\\/cssdn.gouv.qc.ca\\\/duruisseau-sainte-marie\\\/a-propos\\\/mission-vision-valeurs\\\/#primaryimage\"},\"image\":{\"@id\":\"https:\\\/\\\/cssdn.gouv.qc.ca\\\/duruisseau-sainte-marie\\\/a-propos\\\/mission-vision-valeurs\\\/#primaryimage\"},\"thumbnailUrl\":\"https:\\\/\\\/cssdn.gouv.qc.ca\\\/duruisseau-sainte-marie\\\/wp-content\\\/uploads\\\/sites\\\/27\\\/2023\\\/01\\\/Copie-de-ruisseau-web01-6.jpg\",\"datePublished\":\"2022-11-08T21:07:53+00:00\",\"dateModified\":\"2023-01-13T13:41:18+00:00\",\"breadcrumb\":{\"@id\":\"https:\\\/\\\/cssdn.gouv.qc.ca\\\/duruisseau-sainte-marie\\\/a-propos\\\/mission-vision-valeurs\\\/#breadcrumb\"},\"inLanguage\":\"fr-CA\",\"potentialAction\":[{\"@type\":\"ReadAction\",\"target\":[\"https:\\\/\\\/cssdn.gouv.qc.ca\\\/duruisseau-sainte-marie\\\/a-propos\\\/mission-vision-valeurs\\\/\"]}]},{\"@type\":\"ImageObject\",\"inLanguage\":\"fr-CA\",\"@id\":\"https:\\\/\\\/cssdn.gouv.qc.ca\\\/duruisseau-sainte-marie\\\/a-propos\\\/mission-vision-valeurs\\\/#primaryimage\",\"url\":\"https:\\\/\\\/cssdn.gouv.qc.ca\\\/duruisseau-sainte-marie\\\/wp-content\\\/uploads\\\/sites\\\/27\\\/2023\\\/01\\\/Copie-de-ruisseau-web01-6.jpg\",\"contentUrl\":\"https:\\\/\\\/cssdn.gouv.qc.ca\\\/duruisseau-sainte-marie\\\/wp-content\\\/uploads\\\/sites\\\/27\\\/2023\\\/01\\\/Copie-de-ruisseau-web01-6.jpg\",\"width\":980,\"height\":440},{\"@type\":\"BreadcrumbList\",\"@id\":\"https:\\\/\\\/cssdn.gouv.qc.ca\\\/duruisseau-sainte-marie\\\/a-propos\\\/mission-vision-valeurs\\\/#breadcrumb\",\"itemListElement\":[{\"@type\":\"ListItem\",\"position\":1,\"name\":\"Accueil\",\"item\":\"https:\\\/\\\/cssdn.gouv.qc.ca\\\/duruisseau-sainte-marie\\\/\"},{\"@type\":\"ListItem\",\"position\":2,\"name\":\"\u00c0 propos\",\"item\":\"https:\\\/\\\/cssdn.gouv.qc.ca\\\/duruisseau-sainte-marie\\\/a-propos\\\/\"},{\"@type\":\"ListItem\",\"position\":3,\"name\":\"Mission, vision, valeurs\"}]},{\"@type\":\"WebSite\",\"@id\":\"https:\\\/\\\/cssdn.gouv.qc.ca\\\/duruisseau-sainte-marie\\\/#website\",\"url\":\"https:\\\/\\\/cssdn.gouv.qc.ca\\\/duruisseau-sainte-marie\\\/\",\"name\":\"\u00c9cole du Ruisseau, Sainte\u2011Marie\",\"description\":\"Un site du Centres de services scolaire des Navigateurs\",\"publisher\":{\"@id\":\"https:\\\/\\\/cssdn.gouv.qc.ca\\\/duruisseau-sainte-marie\\\/#organization\"},\"potentialAction\":[{\"@type\":\"SearchAction\",\"target\":{\"@type\":\"EntryPoint\",\"urlTemplate\":\"https:\\\/\\\/cssdn.gouv.qc.ca\\\/duruisseau-sainte-marie\\\/?s={search_term_string}\"},\"query-input\":{\"@type\":\"PropertyValueSpecification\",\"valueRequired\":true,\"valueName\":\"search_term_string\"}}],\"inLanguage\":\"fr-CA\"},{\"@type\":\"Organization\",\"@id\":\"https:\\\/\\\/cssdn.gouv.qc.ca\\\/duruisseau-sainte-marie\\\/#organization\",\"name\":\"\u00c9cole du Ruisseau, Sainte\u2011Marie\",\"url\":\"https:\\\/\\\/cssdn.gouv.qc.ca\\\/duruisseau-sainte-marie\\\/\",\"logo\":{\"@type\":\"ImageObject\",\"inLanguage\":\"fr-CA\",\"@id\":\"https:\\\/\\\/cssdn.gouv.qc.ca\\\/duruisseau-sainte-marie\\\/#\\\/schema\\\/logo\\\/image\\\/\",\"url\":\"https:\\\/\\\/cssdn.gouv.qc.ca\\\/duruisseau-sainte-marie\\\/wp-content\\\/uploads\\\/sites\\\/27\\\/2023\\\/01\\\/logo_quebec.svg\",\"contentUrl\":\"https:\\\/\\\/cssdn.gouv.qc.ca\\\/duruisseau-sainte-marie\\\/wp-content\\\/uploads\\\/sites\\\/27\\\/2023\\\/01\\\/logo_quebec.svg\",\"width\":188,\"height\":41,\"caption\":\"\u00c9cole du Ruisseau, Sainte\u2011Marie\"},\"image\":{\"@id\":\"https:\\\/\\\/cssdn.gouv.qc.ca\\\/duruisseau-sainte-marie\\\/#\\\/schema\\\/logo\\\/image\\\/\"},\"sameAs\":[\"https:\\\/\\\/www.facebook.com\\\/ecoleduruisseau\",\"https:\\\/\\\/www.facebook.com\\\/profile.php?id=100057278296644\"]}]}<\/script>\n<!-- \/ Yoast SEO plugin. -->","yoast_head_json":{"title":"Mission, vision, valeurs - \u00c9cole du Ruisseau, Sainte\u2011Marie","robots":{"index":"index","follow":"follow","max-snippet":"max-snippet:-1","max-image-preview":"max-image-preview:large","max-video-preview":"max-video-preview:-1"},"canonical":"https:\/\/cssdn.gouv.qc.ca\/duruisseau-sainte-marie\/a-propos\/mission-vision-valeurs\/","og_locale":"fr_CA","og_type":"article","og_title":"Mission, vision, valeurs - \u00c9cole du Ruisseau, Sainte\u2011Marie","og_description":"Mission Amener chaque \u00e9l\u00e8ve \u00e0 \u00eatre la meilleure version de lui-m\u00eame. Vision \u00catre une \u00e9cole accueillante et inspirante Valeurs Respect Engagement Bienveillance","og_url":"https:\/\/cssdn.gouv.qc.ca\/duruisseau-sainte-marie\/a-propos\/mission-vision-valeurs\/","og_site_name":"\u00c9cole du Ruisseau, Sainte\u2011Marie","article_publisher":"https:\/\/www.facebook.com\/ecoleduruisseau","article_modified_time":"2023-01-13T13:41:18+00:00","og_image":[{"url":"https:\/\/cssdn.gouv.qc.ca\/duruisseau-sainte-marie\/wp-content\/uploads\/sites\/27\/2023\/01\/Copie-de-ruisseau-web01-6.jpg","type":"","width":"","height":""}],"twitter_card":"summary_large_image","twitter_misc":{"Estimation du temps de lecture":"1 minute"},"schema":{"@context":"https:\/\/schema.org","@graph":[{"@type":"WebPage","@id":"https:\/\/cssdn.gouv.qc.ca\/duruisseau-sainte-marie\/a-propos\/mission-vision-valeurs\/","url":"https:\/\/cssdn.gouv.qc.ca\/duruisseau-sainte-marie\/a-propos\/mission-vision-valeurs\/","name":"Mission, vision, valeurs - \u00c9cole du Ruisseau, Sainte\u2011Marie","isPartOf":{"@id":"https:\/\/cssdn.gouv.qc.ca\/duruisseau-sainte-marie\/#website"},"primaryImageOfPage":{"@id":"https:\/\/cssdn.gouv.qc.ca\/duruisseau-sainte-marie\/a-propos\/mission-vision-valeurs\/#primaryimage"},"image":{"@id":"https:\/\/cssdn.gouv.qc.ca\/duruisseau-sainte-marie\/a-propos\/mission-vision-valeurs\/#primaryimage"},"thumbnailUrl":"https:\/\/cssdn.gouv.qc.ca\/duruisseau-sainte-marie\/wp-content\/uploads\/sites\/27\/2023\/01\/Copie-de-ruisseau-web01-6.jpg","datePublished":"2022-11-08T21:07:53+00:00","dateModified":"2023-01-13T13:41:18+00:00","breadcrumb":{"@id":"https:\/\/cssdn.gouv.qc.ca\/duruisseau-sainte-marie\/a-propos\/mission-vision-valeurs\/#breadcrumb"},"inLanguage":"fr-CA","potentialAction":[{"@type":"ReadAction","target":["https:\/\/cssdn.gouv.qc.ca\/duruisseau-sainte-marie\/a-propos\/mission-vision-valeurs\/"]}]},{"@type":"ImageObject","inLanguage":"fr-CA","@id":"https:\/\/cssdn.gouv.qc.ca\/duruisseau-sainte-marie\/a-propos\/mission-vision-valeurs\/#primaryimage","url":"https:\/\/cssdn.gouv.qc.ca\/duruisseau-sainte-marie\/wp-content\/uploads\/sites\/27\/2023\/01\/Copie-de-ruisseau-web01-6.jpg","contentUrl":"https:\/\/cssdn.gouv.qc.ca\/duruisseau-sainte-marie\/wp-content\/uploads\/sites\/27\/2023\/01\/Copie-de-ruisseau-web01-6.jpg","width":980,"height":440},{"@type":"BreadcrumbList","@id":"https:\/\/cssdn.gouv.qc.ca\/duruisseau-sainte-marie\/a-propos\/mission-vision-valeurs\/#breadcrumb","itemListElement":[{"@type":"ListItem","position":1,"name":"Accueil","item":"https:\/\/cssdn.gouv.qc.ca\/duruisseau-sainte-marie\/"},{"@type":"ListItem","position":2,"name":"\u00c0 propos","item":"https:\/\/cssdn.gouv.qc.ca\/duruisseau-sainte-marie\/a-propos\/"},{"@type":"ListItem","position":3,"name":"Mission, vision, valeurs"}]},{"@type":"WebSite","@id":"https:\/\/cssdn.gouv.qc.ca\/duruisseau-sainte-marie\/#website","url":"https:\/\/cssdn.gouv.qc.ca\/duruisseau-sainte-marie\/","name":"\u00c9cole du Ruisseau, Sainte\u2011Marie","description":"Un site du Centres de services scolaire des Navigateurs","publisher":{"@id":"https:\/\/cssdn.gouv.qc.ca\/duruisseau-sainte-marie\/#organization"},"potentialAction":[{"@type":"SearchAction","target":{"@type":"EntryPoint","urlTemplate":"https:\/\/cssdn.gouv.qc.ca\/duruisseau-sainte-marie\/?s={search_term_string}"},"query-input":{"@type":"PropertyValueSpecification","valueRequired":true,"valueName":"search_term_string"}}],"inLanguage":"fr-CA"},{"@type":"Organization","@id":"https:\/\/cssdn.gouv.qc.ca\/duruisseau-sainte-marie\/#organization","name":"\u00c9cole du Ruisseau, Sainte\u2011Marie","url":"https:\/\/cssdn.gouv.qc.ca\/duruisseau-sainte-marie\/","logo":{"@type":"ImageObject","inLanguage":"fr-CA","@id":"https:\/\/cssdn.gouv.qc.ca\/duruisseau-sainte-marie\/#\/schema\/logo\/image\/","url":"https:\/\/cssdn.gouv.qc.ca\/duruisseau-sainte-marie\/wp-content\/uploads\/sites\/27\/2023\/01\/logo_quebec.svg","contentUrl":"https:\/\/cssdn.gouv.qc.ca\/duruisseau-sainte-marie\/wp-content\/uploads\/sites\/27\/2023\/01\/logo_quebec.svg","width":188,"height":41,"caption":"\u00c9cole du Ruisseau, Sainte\u2011Marie"},"image":{"@id":"https:\/\/cssdn.gouv.qc.ca\/duruisseau-sainte-marie\/#\/schema\/logo\/image\/"},"sameAs":["https:\/\/www.facebook.com\/ecoleduruisseau","https:\/\/www.facebook.com\/profile.php?id=100057278296644"]}]}},"publishpress_future_action":{"enabled":false,"date":"2026-04-12 18:40:37","action":"change-status","newStatus":"draft","terms":[],"taxonomy":"category","extraData":[]},"publishpress_future_workflow_manual_trigger":{"enabledWorkflows":[]},"_links":{"self":[{"href":"https:\/\/cssdn.gouv.qc.ca\/duruisseau-sainte-marie\/wp-json\/wp\/v2\/pages\/7","targetHints":{"allow":["GET"]}}],"collection":[{"href":"https:\/\/cssdn.gouv.qc.ca\/duruisseau-sainte-marie\/wp-json\/wp\/v2\/pages"}],"about":[{"href":"https:\/\/cssdn.gouv.qc.ca\/duruisseau-sainte-marie\/wp-json\/wp\/v2\/types\/page"}],"author":[{"embeddable":true,"href":"https:\/\/cssdn.gouv.qc.ca\/duruisseau-sainte-marie\/wp-json\/wp\/v2\/users\/1"}],"replies":[{"embeddable":true,"href":"https:\/\/cssdn.gouv.qc.ca\/duruisseau-sainte-marie\/wp-json\/wp\/v2\/comments?post=7"}],"version-history":[{"count":0,"href":"https:\/\/cssdn.gouv.qc.ca\/duruisseau-sainte-marie\/wp-json\/wp\/v2\/pages\/7\/revisions"}],"up":[{"embeddable":true,"href":"https:\/\/cssdn.gouv.qc.ca\/duruisseau-sainte-marie\/wp-json\/wp\/v2\/pages\/6"}],"wp:attachment":[{"href":"https:\/\/cssdn.gouv.qc.ca\/duruisseau-sainte-marie\/wp-json\/wp\/v2\/media?parent=7"}],"wp:term":[{"taxonomy":"category","embeddable":true,"href":"https:\/\/cssdn.gouv.qc.ca\/duruisseau-sainte-marie\/wp-json\/wp\/v2\/categories?post=7"},{"taxonomy":"post_tag","embeddable":true,"href":"https:\/\/cssdn.gouv.qc.ca\/duruisseau-sainte-marie\/wp-json\/wp\/v2\/tags?post=7"}],"curies":[{"name":"wp","href":"https:\/\/api.w.org\/{rel}","templated":true}]}}