
{"id":8,"date":"2022-11-08T16:07:54","date_gmt":"2022-11-08T21:07:54","guid":{"rendered":"https:\/\/cssdn.gouv.qc.ca\/duruisseau\/a-propos\/horaire-et-calendrier\/"},"modified":"2025-09-30T10:21:34","modified_gmt":"2025-09-30T14:21:34","slug":"horaire-et-calendrier","status":"publish","type":"page","link":"https:\/\/cssdn.gouv.qc.ca\/duruisseau-sainte-marie\/informations-aux-parents\/horaire-et-calendrier\/","title":{"rendered":"Horaire, calendrier et autres informations"},"content":{"rendered":"\n<div class=\"wp-block-cover alignfull is-light is-style-title-banner\"><img decoding=\"async\" class=\"wp-block-cover__image-background wp-image-111 lazyload\" alt=\"\" data-src=\"https:\/\/cssdn.gouv.qc.ca\/wp-content\/uploads\/2022\/08\/Seawire-Hero-06.jpg\" data-object-fit=\"cover\" src=\"data:image\/svg+xml;base64,PHN2ZyB3aWR0aD0iMSIgaGVpZ2h0PSIxIiB4bWxucz0iaHR0cDovL3d3dy53My5vcmcvMjAwMC9zdmciPjwvc3ZnPg==\" \/><span aria-hidden=\"true\" class=\"wp-block-cover__background has-primary-background-color has-background-dim\"><\/span><div class=\"wp-block-cover__inner-container\"><h3 class=\"wp-block-post-title\">Horaire, calendrier et autres informations<\/h3><\/div><\/div>\n\n\n\n<div class=\"wp-block-group alignfull has-padding-y-large has-secondary-background-color has-background\"><div class=\"yoast-breadcrumbs alignwide \"><span class=\"breadcrumbs\"><a href=\"https:\/\/cssdn.gouv.qc.ca\/duruisseau-sainte-marie\/\" class=\"breadcrumbs__element\">Accueil<\/a> <span class=\"breadcrumbs__separator\">\n        <svg class=\"icon icon-breadcrumb__separator\"><use xlink:href=\"#icon-breadcrumb__separator\"><\/use><\/svg>\n    <\/span> <a href=\"https:\/\/cssdn.gouv.qc.ca\/duruisseau-sainte-marie\/informations-aux-parents\/\" class=\"breadcrumbs__element\">Informations aux parents<\/a> <span class=\"breadcrumbs__separator\">\n        <svg class=\"icon icon-breadcrumb__separator\"><use xlink:href=\"#icon-breadcrumb__separator\"><\/use><\/svg>\n    <\/span> <span class=\"breadcrumbs__element breadcrumbs__element-current\">Horaire, calendrier et autres informations<\/span><\/span><\/div><\/div>\n\n\n\n\n<p class=\"act-lead has-heading-1-font-size wp-block-paragraph\">Calendrier scolaire 2025-2026<\/p>\n\n\n\n\n<div class=\"wp-block-file\"><a id=\"wp-block-file--media-4b61f3df-21fb-467e-9712-7c719a4a3a88\" href=\"https:\/\/cssdn.gouv.qc.ca\/duruisseau-sainte-marie\/wp-content\/uploads\/sites\/27\/2025\/08\/Calendrier-PRIMAIRE-2025-2026-CSSDN_-Version-officielle-1.pdf\">Calendrier-PRIMAIRE-2025-2026-CSSDN_-Version-officielle-1<\/a><\/div>\n\n\n\n\n<p class=\"act-lead has-heading-1-font-size wp-block-paragraph\">Horaire &#8211; \u00c9cole du Ruisseau<\/p>\n\n\n\n\n\n\n<figure class=\"wp-block-table is-style-regular\"><table class=\"has-fixed-layout\"><thead><tr><th>Pr\u00e9scolaire 5 ans<\/th><th>Primaire <\/th><\/tr><\/thead><tbody><tr><td><strong><em>Matin\u00e9e<\/em><\/strong><\/td><td><em><strong>Matin\u00e9e<\/strong><\/em><\/td><\/tr><tr><td>Entr\u00e9e                                            7 h 50<\/td><td>Entr\u00e9e                                     7 h 50                 <\/td><\/tr><tr><td>Sortie                                           11 h 20<\/td><td>R\u00e9cr\u00e9ation                              9 h 55 \u00e0 10 h 15<\/td><\/tr><tr><td><strong><em>Apr\u00e8s-midi<\/em><\/strong><\/td><td>Sortie                                      11 h 20<\/td><\/tr><tr><td>Entr\u00e9e                                           12 h 40<\/td><td><strong><em>Apr\u00e8s-midi<\/em><\/strong><\/td><\/tr><tr><td>Fin des classes                             14 h 02<\/td><td>Entr\u00e9e                                      12 h 40<\/td><\/tr><tr><td><\/td><td>R\u00e9cr\u00e9ation                               13 h 45 \u00e0 14 h 05<\/td><\/tr><tr><td><\/td><td>Fin des classes                         15 h 10<\/td><\/tr><\/tbody><\/table><figcaption class=\"wp-element-caption\"><strong><em>Surveillance<\/em><\/strong> : Dans la cour de l&rsquo;\u00e9cole, la surveillance est assur\u00e9s par les enseignant(e)s \u00e0 compter de <strong>7 h 40<\/strong> le matin et <strong>12 h 30 <\/strong>en apr\u00e8s-midi.<\/figcaption><\/figure>\n\n\n\n<h2 class=\"wp-block-heading has-heading-1-font-size\">Horaire &#8211; \u00c9cole Sainte-Marie<\/h2>\n\n\n\n<figure class=\"wp-block-table\"><table class=\"has-fixed-layout\"><thead><tr><th>Pr\u00e9scolaire 5 ans<\/th><th>Primaire<\/th><\/tr><\/thead><tbody><tr><td><strong><em>Matin\u00e9e<\/em><\/strong><\/td><td><strong><em>Matin\u00e9e<\/em><\/strong><\/td><\/tr><tr><td>Entr\u00e9e                                           8 h 00<\/td><td>Entr\u00e9e                                         8 h 00<\/td><\/tr><tr><td>Sortie                                          11 h 30 <\/td><td>R\u00e9cr\u00e9ation                                10 h 05 \u00e0 10 h 25<\/td><\/tr><tr><td><strong><em>Apr\u00e8s-midi<\/em><\/strong><\/td><td>Sortie                                          11 h 30<\/td><\/tr><tr><td>Entr\u00e9e                                         12 h 50<\/td><td><strong><em>Apr\u00e8s-midi<\/em><\/strong><\/td><\/tr><tr><td>Fin des classes                           14 h 12<\/td><td>Entr\u00e9e                                         12 h 50<\/td><\/tr><tr><td><\/td><td>R\u00e9cr\u00e9ation                                 13 h 55 \u00e0 14 h 15<\/td><\/tr><tr><td><\/td><td>Fin des classes                           15 h 20<\/td><\/tr><\/tbody><\/table><figcaption class=\"wp-element-caption\"><strong><em>Surveillance<\/em><\/strong> : Dans la cour de l&rsquo;\u00e9cole, la surveillance est assur\u00e9s par les enseignant(e)s \u00e0 compter de <strong>7 h 50<\/strong> le matin et <strong>12 h 40 <\/strong>en apr\u00e8s-midi.<\/figcaption><\/figure>\n\n\n\n<p class=\"wp-block-paragraph\"><\/p>\n","protected":false},"excerpt":{"rendered":"<p>Pr\u00e9scolaire 5 ans Primaire Matin\u00e9e Matin\u00e9e Entr\u00e9e 7 h 50 Entr\u00e9e 7 h 50 Sortie 11 h 20 R\u00e9cr\u00e9ation 9 h 55 \u00e0 10 h 15 Apr\u00e8s-midi Sortie 11 h 20 Entr\u00e9e 12 h 40 Apr\u00e8s-midi Fin des classes 14 h 02 Entr\u00e9e 12 h 40 R\u00e9cr\u00e9ation 13 h 45 \u00e0 14 h 05 Fin [&hellip;]<\/p>\n","protected":false},"author":1,"featured_media":0,"parent":13,"menu_order":0,"comment_status":"closed","ping_status":"closed","template":"","meta":{"_acf_changed":false,"_crdt_document":"","inline_featured_image":false,"footnotes":""},"categories":[],"tags":[],"class_list":["post-8","page","type-page","status-publish","hentry"],"acf":[],"yoast_head":"<!-- This site is optimized with the Yoast SEO plugin v27.5 - https:\/\/yoast.com\/product\/yoast-seo-wordpress\/ -->\n<title>Horaire, calendrier et autres informations - \u00c9cole du Ruisseau, Sainte\u2011Marie<\/title>\n<meta name=\"robots\" content=\"index, follow, max-snippet:-1, max-image-preview:large, max-video-preview:-1\" \/>\n<link rel=\"canonical\" href=\"https:\/\/cssdn.gouv.qc.ca\/duruisseau-sainte-marie\/informations-aux-parents\/horaire-et-calendrier\/\" \/>\n<meta property=\"og:locale\" content=\"fr_CA\" \/>\n<meta property=\"og:type\" content=\"article\" \/>\n<meta property=\"og:title\" content=\"Horaire, calendrier et autres informations - \u00c9cole du Ruisseau, Sainte\u2011Marie\" \/>\n<meta property=\"og:description\" content=\"Pr\u00e9scolaire 5 ans Primaire Matin\u00e9e Matin\u00e9e Entr\u00e9e 7 h 50 Entr\u00e9e 7 h 50 Sortie 11 h 20 R\u00e9cr\u00e9ation 9 h 55 \u00e0 10 h 15 Apr\u00e8s-midi Sortie 11 h 20 Entr\u00e9e 12 h 40 Apr\u00e8s-midi Fin des classes 14 h 02 Entr\u00e9e 12 h 40 R\u00e9cr\u00e9ation 13 h 45 \u00e0 14 h 05 Fin [&hellip;]\" \/>\n<meta property=\"og:url\" content=\"https:\/\/cssdn.gouv.qc.ca\/duruisseau-sainte-marie\/informations-aux-parents\/horaire-et-calendrier\/\" \/>\n<meta property=\"og:site_name\" content=\"\u00c9cole du Ruisseau, Sainte\u2011Marie\" \/>\n<meta property=\"article:publisher\" content=\"https:\/\/www.facebook.com\/ecoleduruisseau\" \/>\n<meta property=\"article:modified_time\" content=\"2025-09-30T14:21:34+00:00\" \/>\n<meta name=\"twitter:card\" content=\"summary_large_image\" \/>\n<meta name=\"twitter:label1\" content=\"Estimation du temps de lecture\" \/>\n\t<meta name=\"twitter:data1\" content=\"2 minutes\" \/>\n<script type=\"application\/ld+json\" class=\"yoast-schema-graph\">{\"@context\":\"https:\\\/\\\/schema.org\",\"@graph\":[{\"@type\":\"WebPage\",\"@id\":\"https:\\\/\\\/cssdn.gouv.qc.ca\\\/duruisseau-sainte-marie\\\/informations-aux-parents\\\/horaire-et-calendrier\\\/\",\"url\":\"https:\\\/\\\/cssdn.gouv.qc.ca\\\/duruisseau-sainte-marie\\\/informations-aux-parents\\\/horaire-et-calendrier\\\/\",\"name\":\"Horaire, calendrier et autres informations - \u00c9cole du Ruisseau, Sainte\u2011Marie\",\"isPartOf\":{\"@id\":\"https:\\\/\\\/cssdn.gouv.qc.ca\\\/duruisseau-sainte-marie\\\/#website\"},\"primaryImageOfPage\":{\"@id\":\"https:\\\/\\\/cssdn.gouv.qc.ca\\\/duruisseau-sainte-marie\\\/informations-aux-parents\\\/horaire-et-calendrier\\\/#primaryimage\"},\"image\":{\"@id\":\"https:\\\/\\\/cssdn.gouv.qc.ca\\\/duruisseau-sainte-marie\\\/informations-aux-parents\\\/horaire-et-calendrier\\\/#primaryimage\"},\"thumbnailUrl\":\"https:\\\/\\\/cssdn.gouv.qc.ca\\\/wp-content\\\/uploads\\\/2022\\\/08\\\/Seawire-Hero-06.jpg\",\"datePublished\":\"2022-11-08T21:07:54+00:00\",\"dateModified\":\"2025-09-30T14:21:34+00:00\",\"breadcrumb\":{\"@id\":\"https:\\\/\\\/cssdn.gouv.qc.ca\\\/duruisseau-sainte-marie\\\/informations-aux-parents\\\/horaire-et-calendrier\\\/#breadcrumb\"},\"inLanguage\":\"fr-CA\",\"potentialAction\":[{\"@type\":\"ReadAction\",\"target\":[\"https:\\\/\\\/cssdn.gouv.qc.ca\\\/duruisseau-sainte-marie\\\/informations-aux-parents\\\/horaire-et-calendrier\\\/\"]}]},{\"@type\":\"ImageObject\",\"inLanguage\":\"fr-CA\",\"@id\":\"https:\\\/\\\/cssdn.gouv.qc.ca\\\/duruisseau-sainte-marie\\\/informations-aux-parents\\\/horaire-et-calendrier\\\/#primaryimage\",\"url\":\"https:\\\/\\\/cssdn.gouv.qc.ca\\\/wp-content\\\/uploads\\\/2022\\\/08\\\/Seawire-Hero-06.jpg\",\"contentUrl\":\"https:\\\/\\\/cssdn.gouv.qc.ca\\\/wp-content\\\/uploads\\\/2022\\\/08\\\/Seawire-Hero-06.jpg\"},{\"@type\":\"BreadcrumbList\",\"@id\":\"https:\\\/\\\/cssdn.gouv.qc.ca\\\/duruisseau-sainte-marie\\\/informations-aux-parents\\\/horaire-et-calendrier\\\/#breadcrumb\",\"itemListElement\":[{\"@type\":\"ListItem\",\"position\":1,\"name\":\"Accueil\",\"item\":\"https:\\\/\\\/cssdn.gouv.qc.ca\\\/duruisseau-sainte-marie\\\/\"},{\"@type\":\"ListItem\",\"position\":2,\"name\":\"Informations aux parents\",\"item\":\"https:\\\/\\\/cssdn.gouv.qc.ca\\\/duruisseau-sainte-marie\\\/informations-aux-parents\\\/\"},{\"@type\":\"ListItem\",\"position\":3,\"name\":\"Horaire, calendrier et autres informations\"}]},{\"@type\":\"WebSite\",\"@id\":\"https:\\\/\\\/cssdn.gouv.qc.ca\\\/duruisseau-sainte-marie\\\/#website\",\"url\":\"https:\\\/\\\/cssdn.gouv.qc.ca\\\/duruisseau-sainte-marie\\\/\",\"name\":\"\u00c9cole du Ruisseau, Sainte\u2011Marie\",\"description\":\"Un site du Centres de services scolaire des Navigateurs\",\"publisher\":{\"@id\":\"https:\\\/\\\/cssdn.gouv.qc.ca\\\/duruisseau-sainte-marie\\\/#organization\"},\"potentialAction\":[{\"@type\":\"SearchAction\",\"target\":{\"@type\":\"EntryPoint\",\"urlTemplate\":\"https:\\\/\\\/cssdn.gouv.qc.ca\\\/duruisseau-sainte-marie\\\/?s={search_term_string}\"},\"query-input\":{\"@type\":\"PropertyValueSpecification\",\"valueRequired\":true,\"valueName\":\"search_term_string\"}}],\"inLanguage\":\"fr-CA\"},{\"@type\":\"Organization\",\"@id\":\"https:\\\/\\\/cssdn.gouv.qc.ca\\\/duruisseau-sainte-marie\\\/#organization\",\"name\":\"\u00c9cole du Ruisseau, Sainte\u2011Marie\",\"url\":\"https:\\\/\\\/cssdn.gouv.qc.ca\\\/duruisseau-sainte-marie\\\/\",\"logo\":{\"@type\":\"ImageObject\",\"inLanguage\":\"fr-CA\",\"@id\":\"https:\\\/\\\/cssdn.gouv.qc.ca\\\/duruisseau-sainte-marie\\\/#\\\/schema\\\/logo\\\/image\\\/\",\"url\":\"https:\\\/\\\/cssdn.gouv.qc.ca\\\/duruisseau-sainte-marie\\\/wp-content\\\/uploads\\\/sites\\\/27\\\/2023\\\/01\\\/logo_quebec.svg\",\"contentUrl\":\"https:\\\/\\\/cssdn.gouv.qc.ca\\\/duruisseau-sainte-marie\\\/wp-content\\\/uploads\\\/sites\\\/27\\\/2023\\\/01\\\/logo_quebec.svg\",\"width\":188,\"height\":41,\"caption\":\"\u00c9cole du Ruisseau, Sainte\u2011Marie\"},\"image\":{\"@id\":\"https:\\\/\\\/cssdn.gouv.qc.ca\\\/duruisseau-sainte-marie\\\/#\\\/schema\\\/logo\\\/image\\\/\"},\"sameAs\":[\"https:\\\/\\\/www.facebook.com\\\/ecoleduruisseau\",\"https:\\\/\\\/www.facebook.com\\\/profile.php?id=100057278296644\"]}]}<\/script>\n<!-- \/ Yoast SEO plugin. -->","yoast_head_json":{"title":"Horaire, calendrier et autres informations - \u00c9cole du Ruisseau, Sainte\u2011Marie","robots":{"index":"index","follow":"follow","max-snippet":"max-snippet:-1","max-image-preview":"max-image-preview:large","max-video-preview":"max-video-preview:-1"},"canonical":"https:\/\/cssdn.gouv.qc.ca\/duruisseau-sainte-marie\/informations-aux-parents\/horaire-et-calendrier\/","og_locale":"fr_CA","og_type":"article","og_title":"Horaire, calendrier et autres informations - \u00c9cole du Ruisseau, Sainte\u2011Marie","og_description":"Pr\u00e9scolaire 5 ans Primaire Matin\u00e9e Matin\u00e9e Entr\u00e9e 7 h 50 Entr\u00e9e 7 h 50 Sortie 11 h 20 R\u00e9cr\u00e9ation 9 h 55 \u00e0 10 h 15 Apr\u00e8s-midi Sortie 11 h 20 Entr\u00e9e 12 h 40 Apr\u00e8s-midi Fin des classes 14 h 02 Entr\u00e9e 12 h 40 R\u00e9cr\u00e9ation 13 h 45 \u00e0 14 h 05 Fin [&hellip;]","og_url":"https:\/\/cssdn.gouv.qc.ca\/duruisseau-sainte-marie\/informations-aux-parents\/horaire-et-calendrier\/","og_site_name":"\u00c9cole du Ruisseau, Sainte\u2011Marie","article_publisher":"https:\/\/www.facebook.com\/ecoleduruisseau","article_modified_time":"2025-09-30T14:21:34+00:00","twitter_card":"summary_large_image","twitter_misc":{"Estimation du temps de lecture":"2 minutes"},"schema":{"@context":"https:\/\/schema.org","@graph":[{"@type":"WebPage","@id":"https:\/\/cssdn.gouv.qc.ca\/duruisseau-sainte-marie\/informations-aux-parents\/horaire-et-calendrier\/","url":"https:\/\/cssdn.gouv.qc.ca\/duruisseau-sainte-marie\/informations-aux-parents\/horaire-et-calendrier\/","name":"Horaire, calendrier et autres informations - \u00c9cole du Ruisseau, Sainte\u2011Marie","isPartOf":{"@id":"https:\/\/cssdn.gouv.qc.ca\/duruisseau-sainte-marie\/#website"},"primaryImageOfPage":{"@id":"https:\/\/cssdn.gouv.qc.ca\/duruisseau-sainte-marie\/informations-aux-parents\/horaire-et-calendrier\/#primaryimage"},"image":{"@id":"https:\/\/cssdn.gouv.qc.ca\/duruisseau-sainte-marie\/informations-aux-parents\/horaire-et-calendrier\/#primaryimage"},"thumbnailUrl":"https:\/\/cssdn.gouv.qc.ca\/wp-content\/uploads\/2022\/08\/Seawire-Hero-06.jpg","datePublished":"2022-11-08T21:07:54+00:00","dateModified":"2025-09-30T14:21:34+00:00","breadcrumb":{"@id":"https:\/\/cssdn.gouv.qc.ca\/duruisseau-sainte-marie\/informations-aux-parents\/horaire-et-calendrier\/#breadcrumb"},"inLanguage":"fr-CA","potentialAction":[{"@type":"ReadAction","target":["https:\/\/cssdn.gouv.qc.ca\/duruisseau-sainte-marie\/informations-aux-parents\/horaire-et-calendrier\/"]}]},{"@type":"ImageObject","inLanguage":"fr-CA","@id":"https:\/\/cssdn.gouv.qc.ca\/duruisseau-sainte-marie\/informations-aux-parents\/horaire-et-calendrier\/#primaryimage","url":"https:\/\/cssdn.gouv.qc.ca\/wp-content\/uploads\/2022\/08\/Seawire-Hero-06.jpg","contentUrl":"https:\/\/cssdn.gouv.qc.ca\/wp-content\/uploads\/2022\/08\/Seawire-Hero-06.jpg"},{"@type":"BreadcrumbList","@id":"https:\/\/cssdn.gouv.qc.ca\/duruisseau-sainte-marie\/informations-aux-parents\/horaire-et-calendrier\/#breadcrumb","itemListElement":[{"@type":"ListItem","position":1,"name":"Accueil","item":"https:\/\/cssdn.gouv.qc.ca\/duruisseau-sainte-marie\/"},{"@type":"ListItem","position":2,"name":"Informations aux parents","item":"https:\/\/cssdn.gouv.qc.ca\/duruisseau-sainte-marie\/informations-aux-parents\/"},{"@type":"ListItem","position":3,"name":"Horaire, calendrier et autres informations"}]},{"@type":"WebSite","@id":"https:\/\/cssdn.gouv.qc.ca\/duruisseau-sainte-marie\/#website","url":"https:\/\/cssdn.gouv.qc.ca\/duruisseau-sainte-marie\/","name":"\u00c9cole du Ruisseau, Sainte\u2011Marie","description":"Un site du Centres de services scolaire des Navigateurs","publisher":{"@id":"https:\/\/cssdn.gouv.qc.ca\/duruisseau-sainte-marie\/#organization"},"potentialAction":[{"@type":"SearchAction","target":{"@type":"EntryPoint","urlTemplate":"https:\/\/cssdn.gouv.qc.ca\/duruisseau-sainte-marie\/?s={search_term_string}"},"query-input":{"@type":"PropertyValueSpecification","valueRequired":true,"valueName":"search_term_string"}}],"inLanguage":"fr-CA"},{"@type":"Organization","@id":"https:\/\/cssdn.gouv.qc.ca\/duruisseau-sainte-marie\/#organization","name":"\u00c9cole du Ruisseau, Sainte\u2011Marie","url":"https:\/\/cssdn.gouv.qc.ca\/duruisseau-sainte-marie\/","logo":{"@type":"ImageObject","inLanguage":"fr-CA","@id":"https:\/\/cssdn.gouv.qc.ca\/duruisseau-sainte-marie\/#\/schema\/logo\/image\/","url":"https:\/\/cssdn.gouv.qc.ca\/duruisseau-sainte-marie\/wp-content\/uploads\/sites\/27\/2023\/01\/logo_quebec.svg","contentUrl":"https:\/\/cssdn.gouv.qc.ca\/duruisseau-sainte-marie\/wp-content\/uploads\/sites\/27\/2023\/01\/logo_quebec.svg","width":188,"height":41,"caption":"\u00c9cole du Ruisseau, Sainte\u2011Marie"},"image":{"@id":"https:\/\/cssdn.gouv.qc.ca\/duruisseau-sainte-marie\/#\/schema\/logo\/image\/"},"sameAs":["https:\/\/www.facebook.com\/ecoleduruisseau","https:\/\/www.facebook.com\/profile.php?id=100057278296644"]}]}},"publishpress_future_action":{"enabled":false,"date":"2026-05-17 02:00:53","action":"change-status","newStatus":"draft","terms":[],"taxonomy":"category","extraData":[]},"publishpress_future_workflow_manual_trigger":{"enabledWorkflows":[]},"_links":{"self":[{"href":"https:\/\/cssdn.gouv.qc.ca\/duruisseau-sainte-marie\/wp-json\/wp\/v2\/pages\/8","targetHints":{"allow":["GET"]}}],"collection":[{"href":"https:\/\/cssdn.gouv.qc.ca\/duruisseau-sainte-marie\/wp-json\/wp\/v2\/pages"}],"about":[{"href":"https:\/\/cssdn.gouv.qc.ca\/duruisseau-sainte-marie\/wp-json\/wp\/v2\/types\/page"}],"author":[{"embeddable":true,"href":"https:\/\/cssdn.gouv.qc.ca\/duruisseau-sainte-marie\/wp-json\/wp\/v2\/users\/1"}],"replies":[{"embeddable":true,"href":"https:\/\/cssdn.gouv.qc.ca\/duruisseau-sainte-marie\/wp-json\/wp\/v2\/comments?post=8"}],"version-history":[{"count":0,"href":"https:\/\/cssdn.gouv.qc.ca\/duruisseau-sainte-marie\/wp-json\/wp\/v2\/pages\/8\/revisions"}],"up":[{"embeddable":true,"href":"https:\/\/cssdn.gouv.qc.ca\/duruisseau-sainte-marie\/wp-json\/wp\/v2\/pages\/13"}],"wp:attachment":[{"href":"https:\/\/cssdn.gouv.qc.ca\/duruisseau-sainte-marie\/wp-json\/wp\/v2\/media?parent=8"}],"wp:term":[{"taxonomy":"category","embeddable":true,"href":"https:\/\/cssdn.gouv.qc.ca\/duruisseau-sainte-marie\/wp-json\/wp\/v2\/categories?post=8"},{"taxonomy":"post_tag","embeddable":true,"href":"https:\/\/cssdn.gouv.qc.ca\/duruisseau-sainte-marie\/wp-json\/wp\/v2\/tags?post=8"}],"curies":[{"name":"wp","href":"https:\/\/api.w.org\/{rel}","templated":true}]}}