
{"id":10,"date":"2022-11-08T16:17:57","date_gmt":"2022-11-08T21:17:57","guid":{"rendered":"https:\/\/cssdn.gouv.qc.ca\/ecgc\/a-propos\/conseil-detablissement\/"},"modified":"2023-03-14T14:29:29","modified_gmt":"2023-03-14T18:29:29","slug":"conseil-detablissement","status":"publish","type":"page","link":"https:\/\/cssdn.gouv.qc.ca\/ecgc\/a-propos\/conseil-detablissement\/","title":{"rendered":"Conseil d&rsquo;\u00e9tablissement"},"content":{"rendered":"\n<div class=\"wp-block-cover alignfull is-light is-style-title-banner\"><span aria-hidden=\"true\" class=\"wp-block-cover__background has-primary-background-color has-background-dim\"><\/span><img decoding=\"async\" class=\"wp-block-cover__image-background wp-image-111 lazyload\" alt=\"\" data-src=\"https:\/\/stage.cssdn.gouv.qc.ca\/wp-content\/uploads\/2022\/08\/Seawire-Hero-06.jpg\" data-object-fit=\"cover\" src=\"data:image\/svg+xml;base64,PHN2ZyB3aWR0aD0iMSIgaGVpZ2h0PSIxIiB4bWxucz0iaHR0cDovL3d3dy53My5vcmcvMjAwMC9zdmciPjwvc3ZnPg==\" \/><div class=\"wp-block-cover__inner-container\"><h3 class=\"wp-block-post-title\">Conseil d&rsquo;\u00e9tablissement<\/h3><\/div><\/div>\n\n\n\n<div class=\"wp-block-group alignfull has-padding-y-large has-secondary-background-color has-background\"><div class=\"yoast-breadcrumbs alignwide \"><span class=\"breadcrumbs\"><a href=\"https:\/\/cssdn.gouv.qc.ca\/ecgc\/\" class=\"breadcrumbs__element\">Accueil<\/a> <span class=\"breadcrumbs__separator\">\n        <svg class=\"icon icon-breadcrumb__separator\"><use xlink:href=\"#icon-breadcrumb__separator\"><\/use><\/svg>\n    <\/span> <a href=\"https:\/\/cssdn.gouv.qc.ca\/ecgc\/a-propos\/\" class=\"breadcrumbs__element\">\u00c0 propos<\/a> <span class=\"breadcrumbs__separator\">\n        <svg class=\"icon icon-breadcrumb__separator\"><use xlink:href=\"#icon-breadcrumb__separator\"><\/use><\/svg>\n    <\/span> <span class=\"breadcrumbs__element breadcrumbs__element-current\">Conseil d&rsquo;\u00e9tablissement<\/span><\/span><\/div><\/div>\n\n\n\n<p class=\"wp-block-paragraph\"><\/p>\n\n\n\n<div class=\"wp-block-media-text alignwide is-stacked-on-mobile\"><figure class=\"wp-block-media-text__media\"><img decoding=\"async\" width=\"596\" height=\"536\" data-src=\"https:\/\/cssdn.gouv.qc.ca\/ecgc\/wp-content\/uploads\/sites\/12\/2023\/03\/ce-calendar.png\" alt=\"\" class=\"wp-image-538 size-full lazyload\" data-srcset=\"https:\/\/cssdn.gouv.qc.ca\/ecgc\/wp-content\/uploads\/sites\/12\/2023\/03\/ce-calendar.png 596w, https:\/\/cssdn.gouv.qc.ca\/ecgc\/wp-content\/uploads\/sites\/12\/2023\/03\/ce-calendar-300x270.png 300w\" data-sizes=\"(max-width: 596px) 100vw, 596px\" src=\"data:image\/svg+xml;base64,PHN2ZyB3aWR0aD0iMSIgaGVpZ2h0PSIxIiB4bWxucz0iaHR0cDovL3d3dy53My5vcmcvMjAwMC9zdmciPjwvc3ZnPg==\" style=\"--smush-placeholder-width: 596px; --smush-placeholder-aspect-ratio: 596\/536;\" \/><\/figure><div class=\"wp-block-media-text__content\">\n<p class=\"wp-block-paragraph\"><strong>Membres du conseil d&rsquo;\u00e9tablissement 2022-2023<\/strong><\/p>\n\n\n\n<p class=\"wp-block-paragraph\"><strong>Champagnat <\/strong><br><br>membres du personnel:<br>Sylvain Pomerleau (enseignant en \u00e9ducation physique)<br>Marie-Anne Morin (enseignante en fran\u00e7ais)<br>Judith Blouin-Cyr (T.E.S)<br>Jessie Vinet (secr\u00e9taire)<br><br>membres parents:<br>Aikaterini Kolovos<br>Val\u00e9rie Jean<br>Jo\u00eblle Marion<\/p>\n\n\n\n<p class=\"wp-block-paragraph\"><strong>Guillaume-Couture<\/strong><br><br>membres du personnel:<br>Marianne Rh\u00e9aume (enseignante en sciences)<br>\u00c9velyne No\u00ebl (enseignante en adaptation scolaire)<br>V\u00e9ronique Lessard (A.V.S.E.C)<br>Marie-Pier Fortin (T.E.S)<br><br>membres parents:<br>El Hadji Diarra<br>Katy St-Pierre<br>substitut #1: Mathieu Castonguay<br>substitut #2: Lysiane Presse<\/p>\n<\/div><\/div>\n\n\n\n<figure class=\"wp-block-image size-full\"><img decoding=\"async\" width=\"596\" height=\"536\" data-src=\"https:\/\/cssdn.gouv.qc.ca\/ecgc\/wp-content\/uploads\/sites\/12\/2023\/03\/ce-calendar-1.png\" alt=\"\" class=\"wp-image-543 lazyload\" data-srcset=\"https:\/\/cssdn.gouv.qc.ca\/ecgc\/wp-content\/uploads\/sites\/12\/2023\/03\/ce-calendar-1.png 596w, https:\/\/cssdn.gouv.qc.ca\/ecgc\/wp-content\/uploads\/sites\/12\/2023\/03\/ce-calendar-1-300x270.png 300w\" data-sizes=\"(max-width: 596px) 100vw, 596px\" src=\"data:image\/svg+xml;base64,PHN2ZyB3aWR0aD0iMSIgaGVpZ2h0PSIxIiB4bWxucz0iaHR0cDovL3d3dy53My5vcmcvMjAwMC9zdmciPjwvc3ZnPg==\" style=\"--smush-placeholder-width: 596px; --smush-placeholder-aspect-ratio: 596\/536;\" \/><\/figure>\n","protected":false},"excerpt":{"rendered":"<p>Membres du conseil d&rsquo;\u00e9tablissement 2022-2023 Champagnat membres du personnel:Sylvain Pomerleau (enseignant en \u00e9ducation physique)Marie-Anne Morin (enseignante en fran\u00e7ais)Judith Blouin-Cyr (T.E.S)Jessie Vinet (secr\u00e9taire) membres parents:Aikaterini KolovosVal\u00e9rie JeanJo\u00eblle Marion Guillaume-Couture membres du personnel:Marianne Rh\u00e9aume (enseignante en sciences)\u00c9velyne No\u00ebl (enseignante en adaptation scolaire)V\u00e9ronique Lessard (A.V.S.E.C)Marie-Pier Fortin (T.E.S) membres parents:El Hadji DiarraKaty St-Pierresubstitut #1: Mathieu Castonguaysubstitut #2: Lysiane Presse<\/p>\n","protected":false},"author":1,"featured_media":0,"parent":5,"menu_order":0,"comment_status":"closed","ping_status":"closed","template":"","meta":{"_acf_changed":false,"_crdt_document":"","inline_featured_image":false,"footnotes":""},"categories":[],"tags":[],"class_list":["post-10","page","type-page","status-publish","hentry"],"acf":[],"yoast_head":"<!-- This site is optimized with the Yoast SEO plugin v27.3 - https:\/\/yoast.com\/product\/yoast-seo-wordpress\/ -->\n<title>Conseil d&#039;\u00e9tablissement - \u00c9cole secondaire Champagnat, Guillaume-Couture<\/title>\n<meta name=\"description\" content=\"Conseil d&#039;\u00e9tablissement de l&#039;\u00c9cole secondaire Champagnat, Guillaume-Couture du Centre de services scolaire des Navigateurs (CSSDN).\" \/>\n<meta name=\"robots\" content=\"index, follow, max-snippet:-1, max-image-preview:large, max-video-preview:-1\" \/>\n<link rel=\"canonical\" href=\"https:\/\/cssdn.gouv.qc.ca\/ecgc\/a-propos\/conseil-detablissement\/\" \/>\n<meta property=\"og:locale\" content=\"fr_CA\" \/>\n<meta property=\"og:type\" content=\"article\" \/>\n<meta property=\"og:title\" content=\"Conseil d&#039;\u00e9tablissement - \u00c9cole secondaire Champagnat, Guillaume-Couture\" \/>\n<meta property=\"og:description\" content=\"Conseil d&#039;\u00e9tablissement de l&#039;\u00c9cole secondaire Champagnat, Guillaume-Couture du Centre de services scolaire des Navigateurs (CSSDN).\" \/>\n<meta property=\"og:url\" content=\"https:\/\/cssdn.gouv.qc.ca\/ecgc\/a-propos\/conseil-detablissement\/\" \/>\n<meta property=\"og:site_name\" content=\"\u00c9cole secondaire Champagnat, Guillaume-Couture\" \/>\n<meta property=\"article:modified_time\" content=\"2023-03-14T18:29:29+00:00\" \/>\n<meta property=\"og:image\" content=\"https:\/\/stage.cssdn.gouv.qc.ca\/wp-content\/uploads\/2022\/08\/Seawire-Hero-06.jpg\" \/>\n<meta name=\"twitter:card\" content=\"summary_large_image\" \/>\n<meta name=\"twitter:site\" content=\"@CSSNavigateurs\" \/>\n<meta name=\"twitter:label1\" content=\"Estimation du temps de lecture\" \/>\n\t<meta name=\"twitter:data1\" content=\"1 minute\" \/>\n<script type=\"application\/ld+json\" class=\"yoast-schema-graph\">{\"@context\":\"https:\\\/\\\/schema.org\",\"@graph\":[{\"@type\":\"WebPage\",\"@id\":\"https:\\\/\\\/cssdn.gouv.qc.ca\\\/ecgc\\\/a-propos\\\/conseil-detablissement\\\/\",\"url\":\"https:\\\/\\\/cssdn.gouv.qc.ca\\\/ecgc\\\/a-propos\\\/conseil-detablissement\\\/\",\"name\":\"Conseil d'\u00e9tablissement - \u00c9cole secondaire Champagnat, Guillaume-Couture\",\"isPartOf\":{\"@id\":\"https:\\\/\\\/cssdn.gouv.qc.ca\\\/ecgc\\\/#website\"},\"primaryImageOfPage\":{\"@id\":\"https:\\\/\\\/cssdn.gouv.qc.ca\\\/ecgc\\\/a-propos\\\/conseil-detablissement\\\/#primaryimage\"},\"image\":{\"@id\":\"https:\\\/\\\/cssdn.gouv.qc.ca\\\/ecgc\\\/a-propos\\\/conseil-detablissement\\\/#primaryimage\"},\"thumbnailUrl\":\"https:\\\/\\\/stage.cssdn.gouv.qc.ca\\\/wp-content\\\/uploads\\\/2022\\\/08\\\/Seawire-Hero-06.jpg\",\"datePublished\":\"2022-11-08T21:17:57+00:00\",\"dateModified\":\"2023-03-14T18:29:29+00:00\",\"description\":\"Conseil d'\u00e9tablissement de l'\u00c9cole secondaire Champagnat, Guillaume-Couture du Centre de services scolaire des Navigateurs (CSSDN).\",\"breadcrumb\":{\"@id\":\"https:\\\/\\\/cssdn.gouv.qc.ca\\\/ecgc\\\/a-propos\\\/conseil-detablissement\\\/#breadcrumb\"},\"inLanguage\":\"fr-CA\",\"potentialAction\":[{\"@type\":\"ReadAction\",\"target\":[\"https:\\\/\\\/cssdn.gouv.qc.ca\\\/ecgc\\\/a-propos\\\/conseil-detablissement\\\/\"]}]},{\"@type\":\"ImageObject\",\"inLanguage\":\"fr-CA\",\"@id\":\"https:\\\/\\\/cssdn.gouv.qc.ca\\\/ecgc\\\/a-propos\\\/conseil-detablissement\\\/#primaryimage\",\"url\":\"https:\\\/\\\/stage.cssdn.gouv.qc.ca\\\/wp-content\\\/uploads\\\/2022\\\/08\\\/Seawire-Hero-06.jpg\",\"contentUrl\":\"https:\\\/\\\/stage.cssdn.gouv.qc.ca\\\/wp-content\\\/uploads\\\/2022\\\/08\\\/Seawire-Hero-06.jpg\"},{\"@type\":\"BreadcrumbList\",\"@id\":\"https:\\\/\\\/cssdn.gouv.qc.ca\\\/ecgc\\\/a-propos\\\/conseil-detablissement\\\/#breadcrumb\",\"itemListElement\":[{\"@type\":\"ListItem\",\"position\":1,\"name\":\"Accueil\",\"item\":\"https:\\\/\\\/cssdn.gouv.qc.ca\\\/ecgc\\\/\"},{\"@type\":\"ListItem\",\"position\":2,\"name\":\"\u00c0 propos\",\"item\":\"https:\\\/\\\/cssdn.gouv.qc.ca\\\/ecgc\\\/a-propos\\\/\"},{\"@type\":\"ListItem\",\"position\":3,\"name\":\"Conseil d&rsquo;\u00e9tablissement\"}]},{\"@type\":\"WebSite\",\"@id\":\"https:\\\/\\\/cssdn.gouv.qc.ca\\\/ecgc\\\/#website\",\"url\":\"https:\\\/\\\/cssdn.gouv.qc.ca\\\/ecgc\\\/\",\"name\":\"\u00c9cole secondaire Champagnat, Guillaume-Couture\",\"description\":\"Un site des centres de services scolaires des Navigateurs\",\"publisher\":{\"@id\":\"https:\\\/\\\/cssdn.gouv.qc.ca\\\/ecgc\\\/#organization\"},\"potentialAction\":[{\"@type\":\"SearchAction\",\"target\":{\"@type\":\"EntryPoint\",\"urlTemplate\":\"https:\\\/\\\/cssdn.gouv.qc.ca\\\/ecgc\\\/?s={search_term_string}\"},\"query-input\":{\"@type\":\"PropertyValueSpecification\",\"valueRequired\":true,\"valueName\":\"search_term_string\"}}],\"inLanguage\":\"fr-CA\"},{\"@type\":\"Organization\",\"@id\":\"https:\\\/\\\/cssdn.gouv.qc.ca\\\/ecgc\\\/#organization\",\"name\":\"\u00c9cole secondaire Champagnat, Guillaume-Couture\",\"url\":\"https:\\\/\\\/cssdn.gouv.qc.ca\\\/ecgc\\\/\",\"logo\":{\"@type\":\"ImageObject\",\"inLanguage\":\"fr-CA\",\"@id\":\"https:\\\/\\\/cssdn.gouv.qc.ca\\\/ecgc\\\/#\\\/schema\\\/logo\\\/image\\\/\",\"url\":\"https:\\\/\\\/cssdn.gouv.qc.ca\\\/ecgc\\\/wp-content\\\/uploads\\\/sites\\\/12\\\/2023\\\/01\\\/logo_quebec.svg\",\"contentUrl\":\"https:\\\/\\\/cssdn.gouv.qc.ca\\\/ecgc\\\/wp-content\\\/uploads\\\/sites\\\/12\\\/2023\\\/01\\\/logo_quebec.svg\",\"width\":188,\"height\":41,\"caption\":\"\u00c9cole secondaire Champagnat, Guillaume-Couture\"},\"image\":{\"@id\":\"https:\\\/\\\/cssdn.gouv.qc.ca\\\/ecgc\\\/#\\\/schema\\\/logo\\\/image\\\/\"},\"sameAs\":[\"https:\\\/\\\/x.com\\\/CSSNavigateurs\",\"https:\\\/\\\/www.instagram.com\\\/cssnavigateurs\\\/\",\"https:\\\/\\\/www.youtube.com\\\/channel\\\/UCHbNBehije70JBzCIVT82bQ\",\"https:\\\/\\\/www.linkedin.com\\\/company\\\/cssdn\",\"https:\\\/\\\/www.facebook.com\\\/ecole.champagnat\",\"https:\\\/\\\/www.facebook.com\\\/ecoleguillaumecouture\"]}]}<\/script>\n<!-- \/ Yoast SEO plugin. -->","yoast_head_json":{"title":"Conseil d'\u00e9tablissement - \u00c9cole secondaire Champagnat, Guillaume-Couture","description":"Conseil d'\u00e9tablissement de l'\u00c9cole secondaire Champagnat, Guillaume-Couture du Centre de services scolaire des Navigateurs (CSSDN).","robots":{"index":"index","follow":"follow","max-snippet":"max-snippet:-1","max-image-preview":"max-image-preview:large","max-video-preview":"max-video-preview:-1"},"canonical":"https:\/\/cssdn.gouv.qc.ca\/ecgc\/a-propos\/conseil-detablissement\/","og_locale":"fr_CA","og_type":"article","og_title":"Conseil d'\u00e9tablissement - \u00c9cole secondaire Champagnat, Guillaume-Couture","og_description":"Conseil d'\u00e9tablissement de l'\u00c9cole secondaire Champagnat, Guillaume-Couture du Centre de services scolaire des Navigateurs (CSSDN).","og_url":"https:\/\/cssdn.gouv.qc.ca\/ecgc\/a-propos\/conseil-detablissement\/","og_site_name":"\u00c9cole secondaire Champagnat, Guillaume-Couture","article_modified_time":"2023-03-14T18:29:29+00:00","og_image":[{"url":"https:\/\/stage.cssdn.gouv.qc.ca\/wp-content\/uploads\/2022\/08\/Seawire-Hero-06.jpg","type":"","width":"","height":""}],"twitter_card":"summary_large_image","twitter_site":"@CSSNavigateurs","twitter_misc":{"Estimation du temps de lecture":"1 minute"},"schema":{"@context":"https:\/\/schema.org","@graph":[{"@type":"WebPage","@id":"https:\/\/cssdn.gouv.qc.ca\/ecgc\/a-propos\/conseil-detablissement\/","url":"https:\/\/cssdn.gouv.qc.ca\/ecgc\/a-propos\/conseil-detablissement\/","name":"Conseil d'\u00e9tablissement - \u00c9cole secondaire Champagnat, Guillaume-Couture","isPartOf":{"@id":"https:\/\/cssdn.gouv.qc.ca\/ecgc\/#website"},"primaryImageOfPage":{"@id":"https:\/\/cssdn.gouv.qc.ca\/ecgc\/a-propos\/conseil-detablissement\/#primaryimage"},"image":{"@id":"https:\/\/cssdn.gouv.qc.ca\/ecgc\/a-propos\/conseil-detablissement\/#primaryimage"},"thumbnailUrl":"https:\/\/stage.cssdn.gouv.qc.ca\/wp-content\/uploads\/2022\/08\/Seawire-Hero-06.jpg","datePublished":"2022-11-08T21:17:57+00:00","dateModified":"2023-03-14T18:29:29+00:00","description":"Conseil d'\u00e9tablissement de l'\u00c9cole secondaire Champagnat, Guillaume-Couture du Centre de services scolaire des Navigateurs (CSSDN).","breadcrumb":{"@id":"https:\/\/cssdn.gouv.qc.ca\/ecgc\/a-propos\/conseil-detablissement\/#breadcrumb"},"inLanguage":"fr-CA","potentialAction":[{"@type":"ReadAction","target":["https:\/\/cssdn.gouv.qc.ca\/ecgc\/a-propos\/conseil-detablissement\/"]}]},{"@type":"ImageObject","inLanguage":"fr-CA","@id":"https:\/\/cssdn.gouv.qc.ca\/ecgc\/a-propos\/conseil-detablissement\/#primaryimage","url":"https:\/\/stage.cssdn.gouv.qc.ca\/wp-content\/uploads\/2022\/08\/Seawire-Hero-06.jpg","contentUrl":"https:\/\/stage.cssdn.gouv.qc.ca\/wp-content\/uploads\/2022\/08\/Seawire-Hero-06.jpg"},{"@type":"BreadcrumbList","@id":"https:\/\/cssdn.gouv.qc.ca\/ecgc\/a-propos\/conseil-detablissement\/#breadcrumb","itemListElement":[{"@type":"ListItem","position":1,"name":"Accueil","item":"https:\/\/cssdn.gouv.qc.ca\/ecgc\/"},{"@type":"ListItem","position":2,"name":"\u00c0 propos","item":"https:\/\/cssdn.gouv.qc.ca\/ecgc\/a-propos\/"},{"@type":"ListItem","position":3,"name":"Conseil d&rsquo;\u00e9tablissement"}]},{"@type":"WebSite","@id":"https:\/\/cssdn.gouv.qc.ca\/ecgc\/#website","url":"https:\/\/cssdn.gouv.qc.ca\/ecgc\/","name":"\u00c9cole secondaire Champagnat, Guillaume-Couture","description":"Un site des centres de services scolaires des Navigateurs","publisher":{"@id":"https:\/\/cssdn.gouv.qc.ca\/ecgc\/#organization"},"potentialAction":[{"@type":"SearchAction","target":{"@type":"EntryPoint","urlTemplate":"https:\/\/cssdn.gouv.qc.ca\/ecgc\/?s={search_term_string}"},"query-input":{"@type":"PropertyValueSpecification","valueRequired":true,"valueName":"search_term_string"}}],"inLanguage":"fr-CA"},{"@type":"Organization","@id":"https:\/\/cssdn.gouv.qc.ca\/ecgc\/#organization","name":"\u00c9cole secondaire Champagnat, Guillaume-Couture","url":"https:\/\/cssdn.gouv.qc.ca\/ecgc\/","logo":{"@type":"ImageObject","inLanguage":"fr-CA","@id":"https:\/\/cssdn.gouv.qc.ca\/ecgc\/#\/schema\/logo\/image\/","url":"https:\/\/cssdn.gouv.qc.ca\/ecgc\/wp-content\/uploads\/sites\/12\/2023\/01\/logo_quebec.svg","contentUrl":"https:\/\/cssdn.gouv.qc.ca\/ecgc\/wp-content\/uploads\/sites\/12\/2023\/01\/logo_quebec.svg","width":188,"height":41,"caption":"\u00c9cole secondaire Champagnat, Guillaume-Couture"},"image":{"@id":"https:\/\/cssdn.gouv.qc.ca\/ecgc\/#\/schema\/logo\/image\/"},"sameAs":["https:\/\/x.com\/CSSNavigateurs","https:\/\/www.instagram.com\/cssnavigateurs\/","https:\/\/www.youtube.com\/channel\/UCHbNBehije70JBzCIVT82bQ","https:\/\/www.linkedin.com\/company\/cssdn","https:\/\/www.facebook.com\/ecole.champagnat","https:\/\/www.facebook.com\/ecoleguillaumecouture"]}]}},"publishpress_future_action":{"enabled":false,"date":"2026-04-13 02:56:15","action":"change-status","newStatus":"draft","terms":[],"taxonomy":"category","extraData":[]},"publishpress_future_workflow_manual_trigger":{"enabledWorkflows":[]},"_links":{"self":[{"href":"https:\/\/cssdn.gouv.qc.ca\/ecgc\/wp-json\/wp\/v2\/pages\/10","targetHints":{"allow":["GET"]}}],"collection":[{"href":"https:\/\/cssdn.gouv.qc.ca\/ecgc\/wp-json\/wp\/v2\/pages"}],"about":[{"href":"https:\/\/cssdn.gouv.qc.ca\/ecgc\/wp-json\/wp\/v2\/types\/page"}],"author":[{"embeddable":true,"href":"https:\/\/cssdn.gouv.qc.ca\/ecgc\/wp-json\/wp\/v2\/users\/1"}],"replies":[{"embeddable":true,"href":"https:\/\/cssdn.gouv.qc.ca\/ecgc\/wp-json\/wp\/v2\/comments?post=10"}],"version-history":[{"count":0,"href":"https:\/\/cssdn.gouv.qc.ca\/ecgc\/wp-json\/wp\/v2\/pages\/10\/revisions"}],"up":[{"embeddable":true,"href":"https:\/\/cssdn.gouv.qc.ca\/ecgc\/wp-json\/wp\/v2\/pages\/5"}],"wp:attachment":[{"href":"https:\/\/cssdn.gouv.qc.ca\/ecgc\/wp-json\/wp\/v2\/media?parent=10"}],"wp:term":[{"taxonomy":"category","embeddable":true,"href":"https:\/\/cssdn.gouv.qc.ca\/ecgc\/wp-json\/wp\/v2\/categories?post=10"},{"taxonomy":"post_tag","embeddable":true,"href":"https:\/\/cssdn.gouv.qc.ca\/ecgc\/wp-json\/wp\/v2\/tags?post=10"}],"curies":[{"name":"wp","href":"https:\/\/api.w.org\/{rel}","templated":true}]}}