
{"id":5777,"date":"2025-02-05T13:41:03","date_gmt":"2025-02-05T18:41:03","guid":{"rendered":"https:\/\/cssdn.gouv.qc.ca\/ecgc\/?page_id=5777"},"modified":"2025-02-05T13:56:56","modified_gmt":"2025-02-05T18:56:56","slug":"avis-public-cssdn-modification-des-services-educatifs-ecole-secondaire-champagnat-guillaume-couture","status":"publish","type":"page","link":"https:\/\/cssdn.gouv.qc.ca\/ecgc\/avis-public-cssdn-modification-des-services-educatifs-ecole-secondaire-champagnat-guillaume-couture\/","title":{"rendered":"Avis public CSSDN &#8211; Modification des services \u00e9ducatifs \u00c9cole secondaire Champagnat, Guillaume-Couture"},"content":{"rendered":"\n<div class=\"wp-block-cover alignfull is-light is-style-title-banner\"><span aria-hidden=\"true\" class=\"wp-block-cover__background has-background-dim\"><\/span><img decoding=\"async\" class=\"wp-block-cover__image-background wp-image-111 lazyload\" alt=\"\" data-src=\"https:\/\/stage.cssdn.gouv.qc.ca\/wp-content\/uploads\/2022\/08\/Seawire-Hero-06.jpg\" data-object-fit=\"cover\" src=\"data:image\/svg+xml;base64,PHN2ZyB3aWR0aD0iMSIgaGVpZ2h0PSIxIiB4bWxucz0iaHR0cDovL3d3dy53My5vcmcvMjAwMC9zdmciPjwvc3ZnPg==\" \/><div class=\"wp-block-cover__inner-container\"><h3 class=\"wp-block-post-title\">Avis public CSSDN &#8211; Modification des services \u00e9ducatifs \u00c9cole secondaire Champagnat, Guillaume-Couture<\/h3><\/div><\/div>\n\n\n\n<div class=\"wp-block-group alignfull has-padding-y-large has-secondary-background-color has-background\"><div class=\"yoast-breadcrumbs alignwide \"><span class=\"breadcrumbs\"><a href=\"https:\/\/cssdn.gouv.qc.ca\/ecgc\/\" class=\"breadcrumbs__element\">Accueil<\/a> <span class=\"breadcrumbs__separator\">\n        <svg class=\"icon icon-breadcrumb__separator\"><use xlink:href=\"#icon-breadcrumb__separator\"><\/use><\/svg>\n    <\/span> <span class=\"breadcrumbs__element breadcrumbs__element-current\">Avis public CSSDN &#8211; Modification des services \u00e9ducatifs \u00c9cole secondaire Champagnat, Guillaume-Couture<\/span><\/span><\/div><\/div>\n\n\n\n<h1 class=\"wp-block-heading\">Documents relatifs \u00e0 l&rsquo;avis de modifications des services \u00e9ducatifs<\/h1>\n\n\n\n\n<p class=\"act-lead wp-block-paragraph\">Afin d&rsquo;\u00eatre en mesure d&rsquo;offrir des services \u00e9ducatifs aux \u00e9l\u00e8ves dans le secteur de L\u00e9vis, l&rsquo;\u00c9cole secondaire Champagnat, Guillaume-Couture devra accueillir une partie de la client\u00e8le de secondaire 3 d\u00e8s 2025-2026.<br><br>Une s\u00e9ance publique d\u2019information et de consultation se tiendra le mercredi 19 f\u00e9vrier 2025, \u00e0<br>18 h 30, au local 110 de l\u2019\u00c9cole secondaire Guillaume-Couture, situ\u00e9e au 70, rue<br>Philippe-Boucher, L\u00e9vis G6V 1M5.<br><br>Pour donner son opinion<br>Toute personne ou organisme qui souhaite donner son opinion sur le projet de<br>modification, faisant l\u2019objet de la consultation publique, doit transmettre un avis \u00e9crit au<br>plus tard le 13 f\u00e9vrier 2025, au Secr\u00e9tariat g\u00e9n\u00e9ral, aux adresses mentionn\u00e9es ci-dessous.<br><\/p>\n\n\n\n\n<div data-wp-interactive=\"core\/file\" class=\"wp-block-file\"><object data-wp-bind--hidden=\"!state.hasPdfPreview\" hidden class=\"wp-block-file__embed\" data=\"https:\/\/cssdn.gouv.qc.ca\/ecgc\/wp-content\/uploads\/sites\/12\/2025\/02\/2-G-Couture-Lettre-aux-parents-1.pdf\" type=\"application\/pdf\" style=\"width:100%;height:600px\" aria-label=\"Contenu incorpor\u00e9 2-G-Couture- Lettre aux parents.\"><\/object><a id=\"wp-block-file--media-938c3f8e-940c-449c-8e24-86360c7cde69\" href=\"https:\/\/cssdn.gouv.qc.ca\/ecgc\/wp-content\/uploads\/sites\/12\/2025\/02\/2-G-Couture-Lettre-aux-parents-1.pdf\">2-G-Couture- Lettre aux parents<\/a><a href=\"https:\/\/cssdn.gouv.qc.ca\/ecgc\/wp-content\/uploads\/sites\/12\/2025\/02\/2-G-Couture-Lettre-aux-parents-1.pdf\" class=\"wp-block-file__button wp-element-button\" download aria-describedby=\"wp-block-file--media-938c3f8e-940c-449c-8e24-86360c7cde69\">T\u00e9l\u00e9charger<\/a><\/div>\n\n\n\n<div data-wp-interactive=\"core\/file\" class=\"wp-block-file\"><object data-wp-bind--hidden=\"!state.hasPdfPreview\" hidden class=\"wp-block-file__embed\" data=\"https:\/\/cssdn.gouv.qc.ca\/ecgc\/wp-content\/uploads\/sites\/12\/2025\/02\/3-13-Politique-Maintien-ou-fermeture-d-ecole-et-modifications-services-educatifs-dispenses-1.pdf\" type=\"application\/pdf\" style=\"width:100%;height:600px\" aria-label=\"Contenu incorpor\u00e9 3-13 Politique - Maintien ou fermeture d \u00e9cole et modifications services \u00e9ducatifs dispens\u00e9s.\"><\/object><a id=\"wp-block-file--media-a0adbb2f-02f2-4c94-8b28-6187448855bc\" href=\"https:\/\/cssdn.gouv.qc.ca\/ecgc\/wp-content\/uploads\/sites\/12\/2025\/02\/3-13-Politique-Maintien-ou-fermeture-d-ecole-et-modifications-services-educatifs-dispenses-1.pdf\">3-13 Politique &#8211; Maintien ou fermeture d \u00e9cole et modifications services \u00e9ducatifs dispens\u00e9s<\/a><a href=\"https:\/\/cssdn.gouv.qc.ca\/ecgc\/wp-content\/uploads\/sites\/12\/2025\/02\/3-13-Politique-Maintien-ou-fermeture-d-ecole-et-modifications-services-educatifs-dispenses-1.pdf\" class=\"wp-block-file__button wp-element-button\" download aria-describedby=\"wp-block-file--media-a0adbb2f-02f2-4c94-8b28-6187448855bc\">T\u00e9l\u00e9charger<\/a><\/div>\n\n\n\n<div data-wp-interactive=\"core\/file\" class=\"wp-block-file\"><object data-wp-bind--hidden=\"!state.hasPdfPreview\" hidden class=\"wp-block-file__embed\" data=\"https:\/\/cssdn.gouv.qc.ca\/ecgc\/wp-content\/uploads\/sites\/12\/2025\/02\/Avis-public-G-Couture-5-fevrier-1.pdf\" type=\"application\/pdf\" style=\"width:100%;height:600px\" aria-label=\"Contenu incorpor\u00e9 Avis public G-Couture - 5 f\u00e9vrier.\"><\/object><a id=\"wp-block-file--media-a1b80fd4-f010-4a77-acec-e9717973dc92\" href=\"https:\/\/cssdn.gouv.qc.ca\/ecgc\/wp-content\/uploads\/sites\/12\/2025\/02\/Avis-public-G-Couture-5-fevrier-1.pdf\">Avis public G-Couture &#8211; 5 f\u00e9vrier<\/a><a href=\"https:\/\/cssdn.gouv.qc.ca\/ecgc\/wp-content\/uploads\/sites\/12\/2025\/02\/Avis-public-G-Couture-5-fevrier-1.pdf\" class=\"wp-block-file__button wp-element-button\" download aria-describedby=\"wp-block-file--media-a1b80fd4-f010-4a77-acec-e9717973dc92\">T\u00e9l\u00e9charger<\/a><\/div>\n\n\n\n<div data-wp-interactive=\"core\/file\" class=\"wp-block-file\"><object data-wp-bind--hidden=\"!state.hasPdfPreview\" hidden class=\"wp-block-file__embed\" data=\"https:\/\/cssdn.gouv.qc.ca\/ecgc\/wp-content\/uploads\/sites\/12\/2025\/02\/b-4-G-Couture-Document-dintention-1.pdf\" type=\"application\/pdf\" style=\"width:100%;height:600px\" aria-label=\"Contenu incorpor\u00e9 b) 4-G-Couture -Document d\u2019intention.\"><\/object><a id=\"wp-block-file--media-f22b2558-c4bf-4e2e-ace3-a56746b76786\" href=\"https:\/\/cssdn.gouv.qc.ca\/ecgc\/wp-content\/uploads\/sites\/12\/2025\/02\/b-4-G-Couture-Document-dintention-1.pdf\">b) 4-G-Couture -Document d\u2019intention<\/a><a href=\"https:\/\/cssdn.gouv.qc.ca\/ecgc\/wp-content\/uploads\/sites\/12\/2025\/02\/b-4-G-Couture-Document-dintention-1.pdf\" class=\"wp-block-file__button wp-element-button\" download aria-describedby=\"wp-block-file--media-f22b2558-c4bf-4e2e-ace3-a56746b76786\">T\u00e9l\u00e9charger<\/a><\/div>\n","protected":false},"excerpt":{"rendered":"<p>Documents relatifs \u00e0 l&rsquo;avis de modifications des services \u00e9ducatifs<\/p>\n","protected":false},"author":19,"featured_media":0,"parent":0,"menu_order":0,"comment_status":"closed","ping_status":"closed","template":"","meta":{"_acf_changed":false,"_crdt_document":"","inline_featured_image":false,"footnotes":""},"categories":[],"tags":[],"class_list":["post-5777","page","type-page","status-publish","hentry"],"acf":[],"yoast_head":"<!-- This site is optimized with the Yoast SEO plugin v27.3 - https:\/\/yoast.com\/product\/yoast-seo-wordpress\/ -->\n<title>Avis public CSSDN - Modification des services \u00e9ducatifs \u00c9cole secondaire Champagnat, Guillaume-Couture - \u00c9cole secondaire Champagnat, Guillaume-Couture<\/title>\n<meta name=\"description\" content=\"S\u00e9ance publique d\u2019information et de consultationUne s\u00e9ance publique d\u2019information et de consultation se tiendra le mercredi 19 f\u00e9vrier 2025, \u00e018 h 30, au local 110 de l\u2019\u00c9cole secondaire Guillaume-Couture, situ\u00e9e au 70, ruePhilippe-Boucher, L\u00e9vis G6V 1M5.Pour donner son opinionToute personne ou organisme qui souhaite donner son opinion sur le projet demodification, faisant l\u2019objet de la consultation publique, doit transmettre un avis \u00e9crit auplus tard le 13 f\u00e9vrier 2025, au Secr\u00e9tariat g\u00e9n\u00e9ral, aux adresses mentionn\u00e9es ci-dessous.Cet avis doit contenir les \u00e9l\u00e9ments essentiels qu\u2019il entend pr\u00e9senter. Tout avis re\u00e7u seraconsid\u00e9r\u00e9 dans le cadre de la consultation, bien qu\u2019il n\u2019ait pas \u00e9t\u00e9 pr\u00e9sent\u00e9 lors del\u2019assembl\u00e9e publique de consultation.\" \/>\n<meta name=\"robots\" content=\"index, follow, max-snippet:-1, max-image-preview:large, max-video-preview:-1\" \/>\n<link rel=\"canonical\" href=\"https:\/\/cssdn.gouv.qc.ca\/ecgc\/avis-public-cssdn-modification-des-services-educatifs-ecole-secondaire-champagnat-guillaume-couture\/\" \/>\n<meta property=\"og:locale\" content=\"fr_CA\" \/>\n<meta property=\"og:type\" content=\"article\" \/>\n<meta property=\"og:title\" content=\"Avis public CSSDN - Modification des services \u00e9ducatifs \u00c9cole secondaire Champagnat, Guillaume-Couture - \u00c9cole secondaire Champagnat, Guillaume-Couture\" \/>\n<meta property=\"og:description\" content=\"S\u00e9ance publique d\u2019information et de consultationUne s\u00e9ance publique d\u2019information et de consultation se tiendra le mercredi 19 f\u00e9vrier 2025, \u00e018 h 30, au local 110 de l\u2019\u00c9cole secondaire Guillaume-Couture, situ\u00e9e au 70, ruePhilippe-Boucher, L\u00e9vis G6V 1M5.Pour donner son opinionToute personne ou organisme qui souhaite donner son opinion sur le projet demodification, faisant l\u2019objet de la consultation publique, doit transmettre un avis \u00e9crit auplus tard le 13 f\u00e9vrier 2025, au Secr\u00e9tariat g\u00e9n\u00e9ral, aux adresses mentionn\u00e9es ci-dessous.Cet avis doit contenir les \u00e9l\u00e9ments essentiels qu\u2019il entend pr\u00e9senter. Tout avis re\u00e7u seraconsid\u00e9r\u00e9 dans le cadre de la consultation, bien qu\u2019il n\u2019ait pas \u00e9t\u00e9 pr\u00e9sent\u00e9 lors del\u2019assembl\u00e9e publique de consultation.\" \/>\n<meta property=\"og:url\" content=\"https:\/\/cssdn.gouv.qc.ca\/ecgc\/avis-public-cssdn-modification-des-services-educatifs-ecole-secondaire-champagnat-guillaume-couture\/\" \/>\n<meta property=\"og:site_name\" content=\"\u00c9cole secondaire Champagnat, Guillaume-Couture\" \/>\n<meta property=\"article:modified_time\" content=\"2025-02-05T18:56:56+00:00\" \/>\n<meta name=\"twitter:card\" content=\"summary_large_image\" \/>\n<meta name=\"twitter:site\" content=\"@CSSNavigateurs\" \/>\n<meta name=\"twitter:label1\" content=\"Estimation du temps de lecture\" \/>\n\t<meta name=\"twitter:data1\" content=\"1 minute\" \/>\n<script type=\"application\/ld+json\" class=\"yoast-schema-graph\">{\"@context\":\"https:\\\/\\\/schema.org\",\"@graph\":[{\"@type\":\"WebPage\",\"@id\":\"https:\\\/\\\/cssdn.gouv.qc.ca\\\/ecgc\\\/avis-public-cssdn-modification-des-services-educatifs-ecole-secondaire-champagnat-guillaume-couture\\\/\",\"url\":\"https:\\\/\\\/cssdn.gouv.qc.ca\\\/ecgc\\\/avis-public-cssdn-modification-des-services-educatifs-ecole-secondaire-champagnat-guillaume-couture\\\/\",\"name\":\"Avis public CSSDN - Modification des services \u00e9ducatifs \u00c9cole secondaire Champagnat, Guillaume-Couture - \u00c9cole secondaire Champagnat, Guillaume-Couture\",\"isPartOf\":{\"@id\":\"https:\\\/\\\/cssdn.gouv.qc.ca\\\/ecgc\\\/#website\"},\"primaryImageOfPage\":{\"@id\":\"https:\\\/\\\/cssdn.gouv.qc.ca\\\/ecgc\\\/avis-public-cssdn-modification-des-services-educatifs-ecole-secondaire-champagnat-guillaume-couture\\\/#primaryimage\"},\"image\":{\"@id\":\"https:\\\/\\\/cssdn.gouv.qc.ca\\\/ecgc\\\/avis-public-cssdn-modification-des-services-educatifs-ecole-secondaire-champagnat-guillaume-couture\\\/#primaryimage\"},\"thumbnailUrl\":\"https:\\\/\\\/stage.cssdn.gouv.qc.ca\\\/wp-content\\\/uploads\\\/2022\\\/08\\\/Seawire-Hero-06.jpg\",\"datePublished\":\"2025-02-05T18:41:03+00:00\",\"dateModified\":\"2025-02-05T18:56:56+00:00\",\"description\":\"S\u00e9ance publique d\u2019information et de consultationUne s\u00e9ance publique d\u2019information et de consultation se tiendra le mercredi 19 f\u00e9vrier 2025, \u00e018 h 30, au local 110 de l\u2019\u00c9cole secondaire Guillaume-Couture, situ\u00e9e au 70, ruePhilippe-Boucher, L\u00e9vis G6V 1M5.Pour donner son opinionToute personne ou organisme qui souhaite donner son opinion sur le projet demodification, faisant l\u2019objet de la consultation publique, doit transmettre un avis \u00e9crit auplus tard le 13 f\u00e9vrier 2025, au Secr\u00e9tariat g\u00e9n\u00e9ral, aux adresses mentionn\u00e9es ci-dessous.Cet avis doit contenir les \u00e9l\u00e9ments essentiels qu\u2019il entend pr\u00e9senter. Tout avis re\u00e7u seraconsid\u00e9r\u00e9 dans le cadre de la consultation, bien qu\u2019il n\u2019ait pas \u00e9t\u00e9 pr\u00e9sent\u00e9 lors del\u2019assembl\u00e9e publique de consultation.\",\"breadcrumb\":{\"@id\":\"https:\\\/\\\/cssdn.gouv.qc.ca\\\/ecgc\\\/avis-public-cssdn-modification-des-services-educatifs-ecole-secondaire-champagnat-guillaume-couture\\\/#breadcrumb\"},\"inLanguage\":\"fr-CA\",\"potentialAction\":[{\"@type\":\"ReadAction\",\"target\":[\"https:\\\/\\\/cssdn.gouv.qc.ca\\\/ecgc\\\/avis-public-cssdn-modification-des-services-educatifs-ecole-secondaire-champagnat-guillaume-couture\\\/\"]}]},{\"@type\":\"ImageObject\",\"inLanguage\":\"fr-CA\",\"@id\":\"https:\\\/\\\/cssdn.gouv.qc.ca\\\/ecgc\\\/avis-public-cssdn-modification-des-services-educatifs-ecole-secondaire-champagnat-guillaume-couture\\\/#primaryimage\",\"url\":\"https:\\\/\\\/stage.cssdn.gouv.qc.ca\\\/wp-content\\\/uploads\\\/2022\\\/08\\\/Seawire-Hero-06.jpg\",\"contentUrl\":\"https:\\\/\\\/stage.cssdn.gouv.qc.ca\\\/wp-content\\\/uploads\\\/2022\\\/08\\\/Seawire-Hero-06.jpg\"},{\"@type\":\"BreadcrumbList\",\"@id\":\"https:\\\/\\\/cssdn.gouv.qc.ca\\\/ecgc\\\/avis-public-cssdn-modification-des-services-educatifs-ecole-secondaire-champagnat-guillaume-couture\\\/#breadcrumb\",\"itemListElement\":[{\"@type\":\"ListItem\",\"position\":1,\"name\":\"Accueil\",\"item\":\"https:\\\/\\\/cssdn.gouv.qc.ca\\\/ecgc\\\/\"},{\"@type\":\"ListItem\",\"position\":2,\"name\":\"Avis public CSSDN &#8211; Modification des services \u00e9ducatifs \u00c9cole secondaire Champagnat, Guillaume-Couture\"}]},{\"@type\":\"WebSite\",\"@id\":\"https:\\\/\\\/cssdn.gouv.qc.ca\\\/ecgc\\\/#website\",\"url\":\"https:\\\/\\\/cssdn.gouv.qc.ca\\\/ecgc\\\/\",\"name\":\"\u00c9cole secondaire Champagnat, Guillaume-Couture\",\"description\":\"Un site des centres de services scolaires des Navigateurs\",\"publisher\":{\"@id\":\"https:\\\/\\\/cssdn.gouv.qc.ca\\\/ecgc\\\/#organization\"},\"potentialAction\":[{\"@type\":\"SearchAction\",\"target\":{\"@type\":\"EntryPoint\",\"urlTemplate\":\"https:\\\/\\\/cssdn.gouv.qc.ca\\\/ecgc\\\/?s={search_term_string}\"},\"query-input\":{\"@type\":\"PropertyValueSpecification\",\"valueRequired\":true,\"valueName\":\"search_term_string\"}}],\"inLanguage\":\"fr-CA\"},{\"@type\":\"Organization\",\"@id\":\"https:\\\/\\\/cssdn.gouv.qc.ca\\\/ecgc\\\/#organization\",\"name\":\"\u00c9cole secondaire Champagnat, Guillaume-Couture\",\"url\":\"https:\\\/\\\/cssdn.gouv.qc.ca\\\/ecgc\\\/\",\"logo\":{\"@type\":\"ImageObject\",\"inLanguage\":\"fr-CA\",\"@id\":\"https:\\\/\\\/cssdn.gouv.qc.ca\\\/ecgc\\\/#\\\/schema\\\/logo\\\/image\\\/\",\"url\":\"https:\\\/\\\/cssdn.gouv.qc.ca\\\/ecgc\\\/wp-content\\\/uploads\\\/sites\\\/12\\\/2023\\\/01\\\/logo_quebec.svg\",\"contentUrl\":\"https:\\\/\\\/cssdn.gouv.qc.ca\\\/ecgc\\\/wp-content\\\/uploads\\\/sites\\\/12\\\/2023\\\/01\\\/logo_quebec.svg\",\"width\":188,\"height\":41,\"caption\":\"\u00c9cole secondaire Champagnat, Guillaume-Couture\"},\"image\":{\"@id\":\"https:\\\/\\\/cssdn.gouv.qc.ca\\\/ecgc\\\/#\\\/schema\\\/logo\\\/image\\\/\"},\"sameAs\":[\"https:\\\/\\\/x.com\\\/CSSNavigateurs\",\"https:\\\/\\\/www.instagram.com\\\/cssnavigateurs\\\/\",\"https:\\\/\\\/www.youtube.com\\\/channel\\\/UCHbNBehije70JBzCIVT82bQ\",\"https:\\\/\\\/www.linkedin.com\\\/company\\\/cssdn\",\"https:\\\/\\\/www.facebook.com\\\/ecole.champagnat\",\"https:\\\/\\\/www.facebook.com\\\/ecoleguillaumecouture\"]}]}<\/script>\n<!-- \/ Yoast SEO plugin. -->","yoast_head_json":{"title":"Avis public CSSDN - Modification des services \u00e9ducatifs \u00c9cole secondaire Champagnat, Guillaume-Couture - \u00c9cole secondaire Champagnat, Guillaume-Couture","description":"S\u00e9ance publique d\u2019information et de consultationUne s\u00e9ance publique d\u2019information et de consultation se tiendra le mercredi 19 f\u00e9vrier 2025, \u00e018 h 30, au local 110 de l\u2019\u00c9cole secondaire Guillaume-Couture, situ\u00e9e au 70, ruePhilippe-Boucher, L\u00e9vis G6V 1M5.Pour donner son opinionToute personne ou organisme qui souhaite donner son opinion sur le projet demodification, faisant l\u2019objet de la consultation publique, doit transmettre un avis \u00e9crit auplus tard le 13 f\u00e9vrier 2025, au Secr\u00e9tariat g\u00e9n\u00e9ral, aux adresses mentionn\u00e9es ci-dessous.Cet avis doit contenir les \u00e9l\u00e9ments essentiels qu\u2019il entend pr\u00e9senter. Tout avis re\u00e7u seraconsid\u00e9r\u00e9 dans le cadre de la consultation, bien qu\u2019il n\u2019ait pas \u00e9t\u00e9 pr\u00e9sent\u00e9 lors del\u2019assembl\u00e9e publique de consultation.","robots":{"index":"index","follow":"follow","max-snippet":"max-snippet:-1","max-image-preview":"max-image-preview:large","max-video-preview":"max-video-preview:-1"},"canonical":"https:\/\/cssdn.gouv.qc.ca\/ecgc\/avis-public-cssdn-modification-des-services-educatifs-ecole-secondaire-champagnat-guillaume-couture\/","og_locale":"fr_CA","og_type":"article","og_title":"Avis public CSSDN - Modification des services \u00e9ducatifs \u00c9cole secondaire Champagnat, Guillaume-Couture - \u00c9cole secondaire Champagnat, Guillaume-Couture","og_description":"S\u00e9ance publique d\u2019information et de consultationUne s\u00e9ance publique d\u2019information et de consultation se tiendra le mercredi 19 f\u00e9vrier 2025, \u00e018 h 30, au local 110 de l\u2019\u00c9cole secondaire Guillaume-Couture, situ\u00e9e au 70, ruePhilippe-Boucher, L\u00e9vis G6V 1M5.Pour donner son opinionToute personne ou organisme qui souhaite donner son opinion sur le projet demodification, faisant l\u2019objet de la consultation publique, doit transmettre un avis \u00e9crit auplus tard le 13 f\u00e9vrier 2025, au Secr\u00e9tariat g\u00e9n\u00e9ral, aux adresses mentionn\u00e9es ci-dessous.Cet avis doit contenir les \u00e9l\u00e9ments essentiels qu\u2019il entend pr\u00e9senter. Tout avis re\u00e7u seraconsid\u00e9r\u00e9 dans le cadre de la consultation, bien qu\u2019il n\u2019ait pas \u00e9t\u00e9 pr\u00e9sent\u00e9 lors del\u2019assembl\u00e9e publique de consultation.","og_url":"https:\/\/cssdn.gouv.qc.ca\/ecgc\/avis-public-cssdn-modification-des-services-educatifs-ecole-secondaire-champagnat-guillaume-couture\/","og_site_name":"\u00c9cole secondaire Champagnat, Guillaume-Couture","article_modified_time":"2025-02-05T18:56:56+00:00","twitter_card":"summary_large_image","twitter_site":"@CSSNavigateurs","twitter_misc":{"Estimation du temps de lecture":"1 minute"},"schema":{"@context":"https:\/\/schema.org","@graph":[{"@type":"WebPage","@id":"https:\/\/cssdn.gouv.qc.ca\/ecgc\/avis-public-cssdn-modification-des-services-educatifs-ecole-secondaire-champagnat-guillaume-couture\/","url":"https:\/\/cssdn.gouv.qc.ca\/ecgc\/avis-public-cssdn-modification-des-services-educatifs-ecole-secondaire-champagnat-guillaume-couture\/","name":"Avis public CSSDN - Modification des services \u00e9ducatifs \u00c9cole secondaire Champagnat, Guillaume-Couture - \u00c9cole secondaire Champagnat, Guillaume-Couture","isPartOf":{"@id":"https:\/\/cssdn.gouv.qc.ca\/ecgc\/#website"},"primaryImageOfPage":{"@id":"https:\/\/cssdn.gouv.qc.ca\/ecgc\/avis-public-cssdn-modification-des-services-educatifs-ecole-secondaire-champagnat-guillaume-couture\/#primaryimage"},"image":{"@id":"https:\/\/cssdn.gouv.qc.ca\/ecgc\/avis-public-cssdn-modification-des-services-educatifs-ecole-secondaire-champagnat-guillaume-couture\/#primaryimage"},"thumbnailUrl":"https:\/\/stage.cssdn.gouv.qc.ca\/wp-content\/uploads\/2022\/08\/Seawire-Hero-06.jpg","datePublished":"2025-02-05T18:41:03+00:00","dateModified":"2025-02-05T18:56:56+00:00","description":"S\u00e9ance publique d\u2019information et de consultationUne s\u00e9ance publique d\u2019information et de consultation se tiendra le mercredi 19 f\u00e9vrier 2025, \u00e018 h 30, au local 110 de l\u2019\u00c9cole secondaire Guillaume-Couture, situ\u00e9e au 70, ruePhilippe-Boucher, L\u00e9vis G6V 1M5.Pour donner son opinionToute personne ou organisme qui souhaite donner son opinion sur le projet demodification, faisant l\u2019objet de la consultation publique, doit transmettre un avis \u00e9crit auplus tard le 13 f\u00e9vrier 2025, au Secr\u00e9tariat g\u00e9n\u00e9ral, aux adresses mentionn\u00e9es ci-dessous.Cet avis doit contenir les \u00e9l\u00e9ments essentiels qu\u2019il entend pr\u00e9senter. Tout avis re\u00e7u seraconsid\u00e9r\u00e9 dans le cadre de la consultation, bien qu\u2019il n\u2019ait pas \u00e9t\u00e9 pr\u00e9sent\u00e9 lors del\u2019assembl\u00e9e publique de consultation.","breadcrumb":{"@id":"https:\/\/cssdn.gouv.qc.ca\/ecgc\/avis-public-cssdn-modification-des-services-educatifs-ecole-secondaire-champagnat-guillaume-couture\/#breadcrumb"},"inLanguage":"fr-CA","potentialAction":[{"@type":"ReadAction","target":["https:\/\/cssdn.gouv.qc.ca\/ecgc\/avis-public-cssdn-modification-des-services-educatifs-ecole-secondaire-champagnat-guillaume-couture\/"]}]},{"@type":"ImageObject","inLanguage":"fr-CA","@id":"https:\/\/cssdn.gouv.qc.ca\/ecgc\/avis-public-cssdn-modification-des-services-educatifs-ecole-secondaire-champagnat-guillaume-couture\/#primaryimage","url":"https:\/\/stage.cssdn.gouv.qc.ca\/wp-content\/uploads\/2022\/08\/Seawire-Hero-06.jpg","contentUrl":"https:\/\/stage.cssdn.gouv.qc.ca\/wp-content\/uploads\/2022\/08\/Seawire-Hero-06.jpg"},{"@type":"BreadcrumbList","@id":"https:\/\/cssdn.gouv.qc.ca\/ecgc\/avis-public-cssdn-modification-des-services-educatifs-ecole-secondaire-champagnat-guillaume-couture\/#breadcrumb","itemListElement":[{"@type":"ListItem","position":1,"name":"Accueil","item":"https:\/\/cssdn.gouv.qc.ca\/ecgc\/"},{"@type":"ListItem","position":2,"name":"Avis public CSSDN &#8211; Modification des services \u00e9ducatifs \u00c9cole secondaire Champagnat, Guillaume-Couture"}]},{"@type":"WebSite","@id":"https:\/\/cssdn.gouv.qc.ca\/ecgc\/#website","url":"https:\/\/cssdn.gouv.qc.ca\/ecgc\/","name":"\u00c9cole secondaire Champagnat, Guillaume-Couture","description":"Un site des centres de services scolaires des Navigateurs","publisher":{"@id":"https:\/\/cssdn.gouv.qc.ca\/ecgc\/#organization"},"potentialAction":[{"@type":"SearchAction","target":{"@type":"EntryPoint","urlTemplate":"https:\/\/cssdn.gouv.qc.ca\/ecgc\/?s={search_term_string}"},"query-input":{"@type":"PropertyValueSpecification","valueRequired":true,"valueName":"search_term_string"}}],"inLanguage":"fr-CA"},{"@type":"Organization","@id":"https:\/\/cssdn.gouv.qc.ca\/ecgc\/#organization","name":"\u00c9cole secondaire Champagnat, Guillaume-Couture","url":"https:\/\/cssdn.gouv.qc.ca\/ecgc\/","logo":{"@type":"ImageObject","inLanguage":"fr-CA","@id":"https:\/\/cssdn.gouv.qc.ca\/ecgc\/#\/schema\/logo\/image\/","url":"https:\/\/cssdn.gouv.qc.ca\/ecgc\/wp-content\/uploads\/sites\/12\/2023\/01\/logo_quebec.svg","contentUrl":"https:\/\/cssdn.gouv.qc.ca\/ecgc\/wp-content\/uploads\/sites\/12\/2023\/01\/logo_quebec.svg","width":188,"height":41,"caption":"\u00c9cole secondaire Champagnat, Guillaume-Couture"},"image":{"@id":"https:\/\/cssdn.gouv.qc.ca\/ecgc\/#\/schema\/logo\/image\/"},"sameAs":["https:\/\/x.com\/CSSNavigateurs","https:\/\/www.instagram.com\/cssnavigateurs\/","https:\/\/www.youtube.com\/channel\/UCHbNBehije70JBzCIVT82bQ","https:\/\/www.linkedin.com\/company\/cssdn","https:\/\/www.facebook.com\/ecole.champagnat","https:\/\/www.facebook.com\/ecoleguillaumecouture"]}]}},"publishpress_future_action":{"enabled":false,"date":"2026-04-18 09:50:18","action":"change-status","newStatus":"draft","terms":[],"taxonomy":"category","extraData":[]},"publishpress_future_workflow_manual_trigger":{"enabledWorkflows":[]},"_links":{"self":[{"href":"https:\/\/cssdn.gouv.qc.ca\/ecgc\/wp-json\/wp\/v2\/pages\/5777","targetHints":{"allow":["GET"]}}],"collection":[{"href":"https:\/\/cssdn.gouv.qc.ca\/ecgc\/wp-json\/wp\/v2\/pages"}],"about":[{"href":"https:\/\/cssdn.gouv.qc.ca\/ecgc\/wp-json\/wp\/v2\/types\/page"}],"author":[{"embeddable":true,"href":"https:\/\/cssdn.gouv.qc.ca\/ecgc\/wp-json\/wp\/v2\/users\/19"}],"replies":[{"embeddable":true,"href":"https:\/\/cssdn.gouv.qc.ca\/ecgc\/wp-json\/wp\/v2\/comments?post=5777"}],"version-history":[{"count":0,"href":"https:\/\/cssdn.gouv.qc.ca\/ecgc\/wp-json\/wp\/v2\/pages\/5777\/revisions"}],"wp:attachment":[{"href":"https:\/\/cssdn.gouv.qc.ca\/ecgc\/wp-json\/wp\/v2\/media?parent=5777"}],"wp:term":[{"taxonomy":"category","embeddable":true,"href":"https:\/\/cssdn.gouv.qc.ca\/ecgc\/wp-json\/wp\/v2\/categories?post=5777"},{"taxonomy":"post_tag","embeddable":true,"href":"https:\/\/cssdn.gouv.qc.ca\/ecgc\/wp-json\/wp\/v2\/tags?post=5777"}],"curies":[{"name":"wp","href":"https:\/\/api.w.org\/{rel}","templated":true}]}}