
{"id":6051,"date":"2025-09-08T08:20:22","date_gmt":"2025-09-08T12:20:22","guid":{"rendered":"https:\/\/cssdn.gouv.qc.ca\/ecgc\/?page_id=6051"},"modified":"2025-09-09T09:43:02","modified_gmt":"2025-09-09T13:43:02","slug":"rendez-vous-infirmiere","status":"publish","type":"page","link":"https:\/\/cssdn.gouv.qc.ca\/ecgc\/information\/rendez-vous-infirmiere\/","title":{"rendered":"Rendez-vous infirmi\u00e8re"},"content":{"rendered":"\n<div class=\"wp-block-cover alignfull is-light is-style-title-banner\"><img decoding=\"async\" class=\"wp-block-cover__image-background wp-image-111 lazyload\" alt=\"\" data-src=\"https:\/\/stage.cssdn.gouv.qc.ca\/wp-content\/uploads\/2022\/08\/Seawire-Hero-06.jpg\" data-object-fit=\"cover\" src=\"data:image\/svg+xml;base64,PHN2ZyB3aWR0aD0iMSIgaGVpZ2h0PSIxIiB4bWxucz0iaHR0cDovL3d3dy53My5vcmcvMjAwMC9zdmciPjwvc3ZnPg==\" \/><span aria-hidden=\"true\" class=\"wp-block-cover__background has-background-dim\"><\/span><div class=\"wp-block-cover__inner-container\"><h3 class=\"wp-block-post-title\">Rendez-vous infirmi\u00e8re<\/h3><\/div><\/div>\n\n\n\n<div class=\"wp-block-group alignfull has-padding-y-large has-secondary-background-color has-background\"><div class=\"yoast-breadcrumbs alignwide \"><span class=\"breadcrumbs\"><a href=\"https:\/\/cssdn.gouv.qc.ca\/ecgc\/\" class=\"breadcrumbs__element\">Accueil<\/a> <span class=\"breadcrumbs__separator\">\n        <svg class=\"icon icon-breadcrumb__separator\"><use xlink:href=\"#icon-breadcrumb__separator\"><\/use><\/svg>\n    <\/span> <a href=\"https:\/\/cssdn.gouv.qc.ca\/ecgc\/information\/\" class=\"breadcrumbs__element\">Information<\/a> <span class=\"breadcrumbs__separator\">\n        <svg class=\"icon icon-breadcrumb__separator\"><use xlink:href=\"#icon-breadcrumb__separator\"><\/use><\/svg>\n    <\/span> <span class=\"breadcrumbs__element breadcrumbs__element-current\">Rendez-vous infirmi\u00e8re<\/span><\/span><\/div><\/div>\n\n\n\n<h1 class=\"wp-block-heading\">Rendez-vous infirmi\u00e8re <\/h1>\n\n\n\n\n<p class=\"act-lead wp-block-paragraph\">Vous pouvez prendre un rendez-vous avec votre infirmi\u00e8re d&rsquo;\u00e9cole<\/p>\n\n\n\n<nav class=\"align act-quick-links\">\n    <ul class=\"act-quick-links__wrapper\">\n            <\/ul>\n<\/nav>\n\n\n\n<p class=\"wp-block-paragraph\">\u00c9cole secondaire Champagnat\u00a0&#8211; Lien vers le formulaire : <\/p>\n\n\n\n<div class=\"wp-block-buttons\">\n<div class=\"wp-block-button\"><a class=\"wp-block-button__link wp-element-button\" href=\"https:\/\/forms.office.com\/r\/nJ6GgnYK2H\">Formulaire<\/a><\/div>\n<\/div>\n\n\n\n<figure class=\"wp-block-image size-large\"><img decoding=\"async\" width=\"791\" height=\"1024\" data-src=\"https:\/\/cssdn.gouv.qc.ca\/ecgc\/wp-content\/uploads\/sites\/12\/2025\/09\/infirmiere-791x1024.png\" alt=\"\" class=\"wp-image-6060 lazyload\" data-srcset=\"https:\/\/cssdn.gouv.qc.ca\/ecgc\/wp-content\/uploads\/sites\/12\/2025\/09\/infirmiere-791x1024.png 791w, https:\/\/cssdn.gouv.qc.ca\/ecgc\/wp-content\/uploads\/sites\/12\/2025\/09\/infirmiere-232x300.png 232w, https:\/\/cssdn.gouv.qc.ca\/ecgc\/wp-content\/uploads\/sites\/12\/2025\/09\/infirmiere-768x994.png 768w, https:\/\/cssdn.gouv.qc.ca\/ecgc\/wp-content\/uploads\/sites\/12\/2025\/09\/infirmiere-1187x1536.png 1187w, https:\/\/cssdn.gouv.qc.ca\/ecgc\/wp-content\/uploads\/sites\/12\/2025\/09\/infirmiere-1583x2048.png 1583w, https:\/\/cssdn.gouv.qc.ca\/ecgc\/wp-content\/uploads\/sites\/12\/2025\/09\/infirmiere.png 1700w\" data-sizes=\"(max-width: 791px) 100vw, 791px\" src=\"data:image\/svg+xml;base64,PHN2ZyB3aWR0aD0iMSIgaGVpZ2h0PSIxIiB4bWxucz0iaHR0cDovL3d3dy53My5vcmcvMjAwMC9zdmciPjwvc3ZnPg==\" style=\"--smush-placeholder-width: 791px; --smush-placeholder-aspect-ratio: 791\/1024;\" \/><\/figure>\n","protected":false},"excerpt":{"rendered":"<p>Rendez-vous infirmi\u00e8re \u00c9cole secondaire Champagnat\u00a0&#8211; Lien vers le formulaire :<\/p>\n","protected":false},"author":1,"featured_media":0,"parent":14,"menu_order":0,"comment_status":"closed","ping_status":"closed","template":"","meta":{"_acf_changed":false,"_crdt_document":"","inline_featured_image":false,"footnotes":""},"categories":[],"tags":[],"class_list":["post-6051","page","type-page","status-publish","hentry"],"acf":[],"yoast_head":"<!-- This site is optimized with the Yoast SEO plugin v27.3 - https:\/\/yoast.com\/product\/yoast-seo-wordpress\/ -->\n<title>Rendez-vous infirmi\u00e8re - \u00c9cole secondaire Champagnat, Guillaume-Couture<\/title>\n<meta name=\"robots\" content=\"index, follow, max-snippet:-1, max-image-preview:large, max-video-preview:-1\" \/>\n<link rel=\"canonical\" href=\"https:\/\/cssdn.gouv.qc.ca\/ecgc\/information\/rendez-vous-infirmiere\/\" \/>\n<meta property=\"og:locale\" content=\"fr_CA\" \/>\n<meta property=\"og:type\" content=\"article\" \/>\n<meta property=\"og:title\" content=\"Rendez-vous infirmi\u00e8re - \u00c9cole secondaire Champagnat, Guillaume-Couture\" \/>\n<meta property=\"og:description\" content=\"Rendez-vous infirmi\u00e8re \u00c9cole secondaire Champagnat\u00a0&#8211; Lien vers le formulaire :\" \/>\n<meta property=\"og:url\" content=\"https:\/\/cssdn.gouv.qc.ca\/ecgc\/information\/rendez-vous-infirmiere\/\" \/>\n<meta property=\"og:site_name\" content=\"\u00c9cole secondaire Champagnat, Guillaume-Couture\" \/>\n<meta property=\"article:modified_time\" content=\"2025-09-09T13:43:02+00:00\" \/>\n<meta name=\"twitter:card\" content=\"summary_large_image\" \/>\n<meta name=\"twitter:site\" content=\"@CSSNavigateurs\" \/>\n<meta name=\"twitter:label1\" content=\"Estimation du temps de lecture\" \/>\n\t<meta name=\"twitter:data1\" content=\"1 minute\" \/>\n<script type=\"application\/ld+json\" class=\"yoast-schema-graph\">{\"@context\":\"https:\\\/\\\/schema.org\",\"@graph\":[{\"@type\":\"WebPage\",\"@id\":\"https:\\\/\\\/cssdn.gouv.qc.ca\\\/ecgc\\\/information\\\/rendez-vous-infirmiere\\\/\",\"url\":\"https:\\\/\\\/cssdn.gouv.qc.ca\\\/ecgc\\\/information\\\/rendez-vous-infirmiere\\\/\",\"name\":\"Rendez-vous infirmi\u00e8re - \u00c9cole secondaire Champagnat, Guillaume-Couture\",\"isPartOf\":{\"@id\":\"https:\\\/\\\/cssdn.gouv.qc.ca\\\/ecgc\\\/#website\"},\"primaryImageOfPage\":{\"@id\":\"https:\\\/\\\/cssdn.gouv.qc.ca\\\/ecgc\\\/information\\\/rendez-vous-infirmiere\\\/#primaryimage\"},\"image\":{\"@id\":\"https:\\\/\\\/cssdn.gouv.qc.ca\\\/ecgc\\\/information\\\/rendez-vous-infirmiere\\\/#primaryimage\"},\"thumbnailUrl\":\"https:\\\/\\\/stage.cssdn.gouv.qc.ca\\\/wp-content\\\/uploads\\\/2022\\\/08\\\/Seawire-Hero-06.jpg\",\"datePublished\":\"2025-09-08T12:20:22+00:00\",\"dateModified\":\"2025-09-09T13:43:02+00:00\",\"breadcrumb\":{\"@id\":\"https:\\\/\\\/cssdn.gouv.qc.ca\\\/ecgc\\\/information\\\/rendez-vous-infirmiere\\\/#breadcrumb\"},\"inLanguage\":\"fr-CA\",\"potentialAction\":[{\"@type\":\"ReadAction\",\"target\":[\"https:\\\/\\\/cssdn.gouv.qc.ca\\\/ecgc\\\/information\\\/rendez-vous-infirmiere\\\/\"]}]},{\"@type\":\"ImageObject\",\"inLanguage\":\"fr-CA\",\"@id\":\"https:\\\/\\\/cssdn.gouv.qc.ca\\\/ecgc\\\/information\\\/rendez-vous-infirmiere\\\/#primaryimage\",\"url\":\"https:\\\/\\\/stage.cssdn.gouv.qc.ca\\\/wp-content\\\/uploads\\\/2022\\\/08\\\/Seawire-Hero-06.jpg\",\"contentUrl\":\"https:\\\/\\\/stage.cssdn.gouv.qc.ca\\\/wp-content\\\/uploads\\\/2022\\\/08\\\/Seawire-Hero-06.jpg\"},{\"@type\":\"BreadcrumbList\",\"@id\":\"https:\\\/\\\/cssdn.gouv.qc.ca\\\/ecgc\\\/information\\\/rendez-vous-infirmiere\\\/#breadcrumb\",\"itemListElement\":[{\"@type\":\"ListItem\",\"position\":1,\"name\":\"Accueil\",\"item\":\"https:\\\/\\\/cssdn.gouv.qc.ca\\\/ecgc\\\/\"},{\"@type\":\"ListItem\",\"position\":2,\"name\":\"Information\",\"item\":\"https:\\\/\\\/cssdn.gouv.qc.ca\\\/ecgc\\\/information\\\/\"},{\"@type\":\"ListItem\",\"position\":3,\"name\":\"Rendez-vous infirmi\u00e8re\"}]},{\"@type\":\"WebSite\",\"@id\":\"https:\\\/\\\/cssdn.gouv.qc.ca\\\/ecgc\\\/#website\",\"url\":\"https:\\\/\\\/cssdn.gouv.qc.ca\\\/ecgc\\\/\",\"name\":\"\u00c9cole secondaire Champagnat, Guillaume-Couture\",\"description\":\"Un site des centres de services scolaires des Navigateurs\",\"publisher\":{\"@id\":\"https:\\\/\\\/cssdn.gouv.qc.ca\\\/ecgc\\\/#organization\"},\"potentialAction\":[{\"@type\":\"SearchAction\",\"target\":{\"@type\":\"EntryPoint\",\"urlTemplate\":\"https:\\\/\\\/cssdn.gouv.qc.ca\\\/ecgc\\\/?s={search_term_string}\"},\"query-input\":{\"@type\":\"PropertyValueSpecification\",\"valueRequired\":true,\"valueName\":\"search_term_string\"}}],\"inLanguage\":\"fr-CA\"},{\"@type\":\"Organization\",\"@id\":\"https:\\\/\\\/cssdn.gouv.qc.ca\\\/ecgc\\\/#organization\",\"name\":\"\u00c9cole secondaire Champagnat, Guillaume-Couture\",\"url\":\"https:\\\/\\\/cssdn.gouv.qc.ca\\\/ecgc\\\/\",\"logo\":{\"@type\":\"ImageObject\",\"inLanguage\":\"fr-CA\",\"@id\":\"https:\\\/\\\/cssdn.gouv.qc.ca\\\/ecgc\\\/#\\\/schema\\\/logo\\\/image\\\/\",\"url\":\"https:\\\/\\\/cssdn.gouv.qc.ca\\\/ecgc\\\/wp-content\\\/uploads\\\/sites\\\/12\\\/2023\\\/01\\\/logo_quebec.svg\",\"contentUrl\":\"https:\\\/\\\/cssdn.gouv.qc.ca\\\/ecgc\\\/wp-content\\\/uploads\\\/sites\\\/12\\\/2023\\\/01\\\/logo_quebec.svg\",\"width\":188,\"height\":41,\"caption\":\"\u00c9cole secondaire Champagnat, Guillaume-Couture\"},\"image\":{\"@id\":\"https:\\\/\\\/cssdn.gouv.qc.ca\\\/ecgc\\\/#\\\/schema\\\/logo\\\/image\\\/\"},\"sameAs\":[\"https:\\\/\\\/x.com\\\/CSSNavigateurs\",\"https:\\\/\\\/www.instagram.com\\\/cssnavigateurs\\\/\",\"https:\\\/\\\/www.youtube.com\\\/channel\\\/UCHbNBehije70JBzCIVT82bQ\",\"https:\\\/\\\/www.linkedin.com\\\/company\\\/cssdn\",\"https:\\\/\\\/www.facebook.com\\\/ecole.champagnat\",\"https:\\\/\\\/www.facebook.com\\\/ecoleguillaumecouture\"]}]}<\/script>\n<!-- \/ Yoast SEO plugin. -->","yoast_head_json":{"title":"Rendez-vous infirmi\u00e8re - \u00c9cole secondaire Champagnat, Guillaume-Couture","robots":{"index":"index","follow":"follow","max-snippet":"max-snippet:-1","max-image-preview":"max-image-preview:large","max-video-preview":"max-video-preview:-1"},"canonical":"https:\/\/cssdn.gouv.qc.ca\/ecgc\/information\/rendez-vous-infirmiere\/","og_locale":"fr_CA","og_type":"article","og_title":"Rendez-vous infirmi\u00e8re - \u00c9cole secondaire Champagnat, Guillaume-Couture","og_description":"Rendez-vous infirmi\u00e8re \u00c9cole secondaire Champagnat\u00a0&#8211; Lien vers le formulaire :","og_url":"https:\/\/cssdn.gouv.qc.ca\/ecgc\/information\/rendez-vous-infirmiere\/","og_site_name":"\u00c9cole secondaire Champagnat, Guillaume-Couture","article_modified_time":"2025-09-09T13:43:02+00:00","twitter_card":"summary_large_image","twitter_site":"@CSSNavigateurs","twitter_misc":{"Estimation du temps de lecture":"1 minute"},"schema":{"@context":"https:\/\/schema.org","@graph":[{"@type":"WebPage","@id":"https:\/\/cssdn.gouv.qc.ca\/ecgc\/information\/rendez-vous-infirmiere\/","url":"https:\/\/cssdn.gouv.qc.ca\/ecgc\/information\/rendez-vous-infirmiere\/","name":"Rendez-vous infirmi\u00e8re - \u00c9cole secondaire Champagnat, Guillaume-Couture","isPartOf":{"@id":"https:\/\/cssdn.gouv.qc.ca\/ecgc\/#website"},"primaryImageOfPage":{"@id":"https:\/\/cssdn.gouv.qc.ca\/ecgc\/information\/rendez-vous-infirmiere\/#primaryimage"},"image":{"@id":"https:\/\/cssdn.gouv.qc.ca\/ecgc\/information\/rendez-vous-infirmiere\/#primaryimage"},"thumbnailUrl":"https:\/\/stage.cssdn.gouv.qc.ca\/wp-content\/uploads\/2022\/08\/Seawire-Hero-06.jpg","datePublished":"2025-09-08T12:20:22+00:00","dateModified":"2025-09-09T13:43:02+00:00","breadcrumb":{"@id":"https:\/\/cssdn.gouv.qc.ca\/ecgc\/information\/rendez-vous-infirmiere\/#breadcrumb"},"inLanguage":"fr-CA","potentialAction":[{"@type":"ReadAction","target":["https:\/\/cssdn.gouv.qc.ca\/ecgc\/information\/rendez-vous-infirmiere\/"]}]},{"@type":"ImageObject","inLanguage":"fr-CA","@id":"https:\/\/cssdn.gouv.qc.ca\/ecgc\/information\/rendez-vous-infirmiere\/#primaryimage","url":"https:\/\/stage.cssdn.gouv.qc.ca\/wp-content\/uploads\/2022\/08\/Seawire-Hero-06.jpg","contentUrl":"https:\/\/stage.cssdn.gouv.qc.ca\/wp-content\/uploads\/2022\/08\/Seawire-Hero-06.jpg"},{"@type":"BreadcrumbList","@id":"https:\/\/cssdn.gouv.qc.ca\/ecgc\/information\/rendez-vous-infirmiere\/#breadcrumb","itemListElement":[{"@type":"ListItem","position":1,"name":"Accueil","item":"https:\/\/cssdn.gouv.qc.ca\/ecgc\/"},{"@type":"ListItem","position":2,"name":"Information","item":"https:\/\/cssdn.gouv.qc.ca\/ecgc\/information\/"},{"@type":"ListItem","position":3,"name":"Rendez-vous infirmi\u00e8re"}]},{"@type":"WebSite","@id":"https:\/\/cssdn.gouv.qc.ca\/ecgc\/#website","url":"https:\/\/cssdn.gouv.qc.ca\/ecgc\/","name":"\u00c9cole secondaire Champagnat, Guillaume-Couture","description":"Un site des centres de services scolaires des Navigateurs","publisher":{"@id":"https:\/\/cssdn.gouv.qc.ca\/ecgc\/#organization"},"potentialAction":[{"@type":"SearchAction","target":{"@type":"EntryPoint","urlTemplate":"https:\/\/cssdn.gouv.qc.ca\/ecgc\/?s={search_term_string}"},"query-input":{"@type":"PropertyValueSpecification","valueRequired":true,"valueName":"search_term_string"}}],"inLanguage":"fr-CA"},{"@type":"Organization","@id":"https:\/\/cssdn.gouv.qc.ca\/ecgc\/#organization","name":"\u00c9cole secondaire Champagnat, Guillaume-Couture","url":"https:\/\/cssdn.gouv.qc.ca\/ecgc\/","logo":{"@type":"ImageObject","inLanguage":"fr-CA","@id":"https:\/\/cssdn.gouv.qc.ca\/ecgc\/#\/schema\/logo\/image\/","url":"https:\/\/cssdn.gouv.qc.ca\/ecgc\/wp-content\/uploads\/sites\/12\/2023\/01\/logo_quebec.svg","contentUrl":"https:\/\/cssdn.gouv.qc.ca\/ecgc\/wp-content\/uploads\/sites\/12\/2023\/01\/logo_quebec.svg","width":188,"height":41,"caption":"\u00c9cole secondaire Champagnat, Guillaume-Couture"},"image":{"@id":"https:\/\/cssdn.gouv.qc.ca\/ecgc\/#\/schema\/logo\/image\/"},"sameAs":["https:\/\/x.com\/CSSNavigateurs","https:\/\/www.instagram.com\/cssnavigateurs\/","https:\/\/www.youtube.com\/channel\/UCHbNBehije70JBzCIVT82bQ","https:\/\/www.linkedin.com\/company\/cssdn","https:\/\/www.facebook.com\/ecole.champagnat","https:\/\/www.facebook.com\/ecoleguillaumecouture"]}]}},"publishpress_future_action":{"enabled":false,"date":"2026-04-16 06:37:25","action":"change-status","newStatus":"draft","terms":[],"taxonomy":"category","extraData":[]},"publishpress_future_workflow_manual_trigger":{"enabledWorkflows":[]},"_links":{"self":[{"href":"https:\/\/cssdn.gouv.qc.ca\/ecgc\/wp-json\/wp\/v2\/pages\/6051","targetHints":{"allow":["GET"]}}],"collection":[{"href":"https:\/\/cssdn.gouv.qc.ca\/ecgc\/wp-json\/wp\/v2\/pages"}],"about":[{"href":"https:\/\/cssdn.gouv.qc.ca\/ecgc\/wp-json\/wp\/v2\/types\/page"}],"author":[{"embeddable":true,"href":"https:\/\/cssdn.gouv.qc.ca\/ecgc\/wp-json\/wp\/v2\/users\/1"}],"replies":[{"embeddable":true,"href":"https:\/\/cssdn.gouv.qc.ca\/ecgc\/wp-json\/wp\/v2\/comments?post=6051"}],"version-history":[{"count":0,"href":"https:\/\/cssdn.gouv.qc.ca\/ecgc\/wp-json\/wp\/v2\/pages\/6051\/revisions"}],"up":[{"embeddable":true,"href":"https:\/\/cssdn.gouv.qc.ca\/ecgc\/wp-json\/wp\/v2\/pages\/14"}],"wp:attachment":[{"href":"https:\/\/cssdn.gouv.qc.ca\/ecgc\/wp-json\/wp\/v2\/media?parent=6051"}],"wp:term":[{"taxonomy":"category","embeddable":true,"href":"https:\/\/cssdn.gouv.qc.ca\/ecgc\/wp-json\/wp\/v2\/categories?post=6051"},{"taxonomy":"post_tag","embeddable":true,"href":"https:\/\/cssdn.gouv.qc.ca\/ecgc\/wp-json\/wp\/v2\/tags?post=6051"}],"curies":[{"name":"wp","href":"https:\/\/api.w.org\/{rel}","templated":true}]}}