
{"id":144,"date":"2022-11-08T21:40:10","date_gmt":"2022-11-08T21:40:10","guid":{"rendered":"https:\/\/cssdn.gouv.qc.ca\/education-des-adultes-site\/mission-vision-valeurs\/"},"modified":"2025-11-14T15:11:05","modified_gmt":"2025-11-14T15:11:05","slug":"mission-vision-valeurs","status":"publish","type":"page","link":"https:\/\/cssdn.gouv.qc.ca\/education-des-adultes\/a-propos\/mission-vision-valeurs\/","title":{"rendered":"Mission, vision, valeurs"},"content":{"rendered":"\n<div class=\"wp-block-cover alignfull is-light is-style-title-banner\"><img decoding=\"async\" width=\"962\" height=\"679\" class=\"wp-block-cover__image-background wp-image-172 lazyload\" alt=\"\" data-src=\"https:\/\/cssdn.gouv.qc.ca\/education-des-adultes\/wp-content\/uploads\/sites\/4\/2022\/11\/Container.jpg\" style=\"--smush-placeholder-width: 962px; --smush-placeholder-aspect-ratio: 962\/679;object-position:52% 35%\" data-object-fit=\"cover\" data-object-position=\"52% 35%\" data-srcset=\"https:\/\/cssdn.gouv.qc.ca\/education-des-adultes\/wp-content\/uploads\/sites\/4\/2022\/11\/Container.jpg 962w, https:\/\/cssdn.gouv.qc.ca\/education-des-adultes\/wp-content\/uploads\/sites\/4\/2022\/11\/Container-300x212.jpg 300w, https:\/\/cssdn.gouv.qc.ca\/education-des-adultes\/wp-content\/uploads\/sites\/4\/2022\/11\/Container-768x542.jpg 768w\" data-sizes=\"(max-width: 962px) 100vw, 962px\" src=\"data:image\/svg+xml;base64,PHN2ZyB3aWR0aD0iMSIgaGVpZ2h0PSIxIiB4bWxucz0iaHR0cDovL3d3dy53My5vcmcvMjAwMC9zdmciPjwvc3ZnPg==\" \/><span aria-hidden=\"true\" class=\"wp-block-cover__background has-background-dim\"><\/span><div class=\"wp-block-cover__inner-container\"><h3 class=\"wp-block-post-title\">Mission, vision, valeurs<\/h3><\/div><\/div>\n\n\n\n<div class=\"wp-block-group alignfull has-padding-y-large has-secondary-background-color has-background\"><div class=\"yoast-breadcrumbs alignwide \"><span class=\"breadcrumbs\"><a href=\"https:\/\/cssdn.gouv.qc.ca\/education-des-adultes\/\" class=\"breadcrumbs__element\">Accueil<\/a> <span class=\"breadcrumbs__separator\">\n        <svg class=\"icon icon-breadcrumb__separator\"><use xlink:href=\"#icon-breadcrumb__separator\"><\/use><\/svg>\n    <\/span> <a href=\"https:\/\/cssdn.gouv.qc.ca\/education-des-adultes\/a-propos\/\" class=\"breadcrumbs__element\">\u00c0 propos<\/a> <span class=\"breadcrumbs__separator\">\n        <svg class=\"icon icon-breadcrumb__separator\"><use xlink:href=\"#icon-breadcrumb__separator\"><\/use><\/svg>\n    <\/span> <span class=\"breadcrumbs__element breadcrumbs__element-current\">Mission, vision, valeurs<\/span><\/span><\/div><\/div>\n\n\n\n<div class=\"wp-block-group group-gtranslate\"><div class=\"gtranslate_wrapper\" id=\"gt-wrapper-12735931\"><\/div>\n<\/div>\n\n\n\n<h1 class=\"wp-block-heading\">Mission, vision, valeurs<\/h1>\n\n\n\n\n<p class=\"act-lead wp-block-paragraph\">Le Centre d\u2019\u00e9ducation des adultes des Navigateurs (C\u00c9AN) est compos\u00e9 de quatre points de service situ\u00e9s \u00e0 L\u00e9vis, Charny et Saint-Romuald (deux points de service). Le C\u00c9AN propose plusieurs formations directement offertes dans nos centres de formation, chez plusieurs partenaires, en entreprises et \u00e0 distance.<\/p>\n\n\n\n\n<p class=\"wp-block-paragraph\">Nos diff\u00e9rents points de service, en collaboration avec les organismes du milieu, accueillent chaque ann\u00e9e plus de 4 000 \u00e9tudiants \u00e2g\u00e9s de 16 \u00e0 80 ans. Le C\u00c9AN compte \u00e9galement <a href=\"https:\/\/cssdn.gouv.qc.ca\/education-des-adultes\/information\/services-aux-eleves\/\">plusieurs intervenants pr\u00e9sents pour soutenir nos \u00e9l\u00e8ves et nos enseignants<\/a> : orthop\u00e9dagogues, conseill\u00e8res d\u2019orientation, techniciens en \u00e9ducation sp\u00e9cialis\u00e9e et infirmi\u00e8re.<\/p>\n\n\n\n<p class=\"wp-block-paragraph\">Notre offre de services est diversifi\u00e9e et comprend, entre autres, des programmes tels que la formation g\u00e9n\u00e9rale, les m\u00e9tiers semi-sp\u00e9cialis\u00e9s, la francisation, la formation grand public, l&rsquo;acc\u00e8s coll\u00e9gial et professionnel et l\u2019int\u00e9gration sociale. De plus, tout est mis en \u0153uvre pour favoriser la conciliation \u00e9tudes-travail-famille pour nos \u00e9tudiants.<\/p>\n\n\n\n<p class=\"wp-block-paragraph\">Le C\u00c9AN est \u00e9galement un milieu d&rsquo;apprentissage stimulant et bien encadr\u00e9 favorisant l&rsquo;int\u00e9gration sociale et professionnelle de personnes atteintes de d\u00e9ficience intellectuelle.<\/p>\n\n\n\n<h2 class=\"wp-block-heading\">Notre mission<\/h2>\n\n\n\n<p class=\"wp-block-paragraph\">Accompagner les \u00e9l\u00e8ves dans le d\u00e9veloppement de leur plein potentiel afin qu&rsquo;ils contribuent fi\u00e8rement \u00e0 la soci\u00e9t\u00e9.<\/p>\n\n\n\n<h2 class=\"wp-block-heading\">Vision<\/h2>\n\n\n\n<p class=\"wp-block-paragraph\">\u00catre un milieu de vie \u00e9ducatif de qualit\u00e9 offrant un parcours personnalis\u00e9 et adapt\u00e9 aux besoins de l&rsquo;\u00e9l\u00e8ve adulte.<\/p>\n\n\n\n<h2 class=\"wp-block-heading\">Nos valeurs<\/h2>\n\n\n\n<ul class=\"wp-block-list\">\n<li>Engagement<\/li>\n\n\n\n<li>Respect<\/li>\n\n\n\n<li>Collaboration<\/li>\n<\/ul>\n","protected":false},"excerpt":{"rendered":"<p>Mission, vision, valeurs Nos diff\u00e9rents points de service, en collaboration avec les organismes du milieu, accueillent chaque ann\u00e9e plus de 4 000 \u00e9tudiants \u00e2g\u00e9s de 16 \u00e0 80 ans. Le C\u00c9AN compte \u00e9galement plusieurs intervenants pr\u00e9sents pour soutenir nos \u00e9l\u00e8ves et nos enseignants : orthop\u00e9dagogues, conseill\u00e8res d\u2019orientation, techniciens en \u00e9ducation sp\u00e9cialis\u00e9e et infirmi\u00e8re. Notre offre [&hellip;]<\/p>\n","protected":false},"author":1,"featured_media":0,"parent":60,"menu_order":10,"comment_status":"closed","ping_status":"closed","template":"","meta":{"_acf_changed":false,"_crdt_document":"","inline_featured_image":false,"footnotes":""},"categories":[],"tags":[],"class_list":["post-144","page","type-page","status-publish","hentry"],"acf":[],"yoast_head":"<!-- This site is optimized with the Yoast SEO plugin v27.3 - https:\/\/yoast.com\/product\/yoast-seo-wordpress\/ -->\n<title>Mission, vision, valeurs - Centre d\u2019\u00e9ducation des adultes des Navigateurs<\/title>\n<meta name=\"description\" content=\"Mission, vision, valeurs du Centre de formation en entreprise et r\u00e9cup\u00e9ration (CFER) du Centre de services scolaire des Navigateurs (CSSDN).\" \/>\n<meta name=\"robots\" content=\"index, follow, max-snippet:-1, max-image-preview:large, max-video-preview:-1\" \/>\n<link rel=\"canonical\" href=\"https:\/\/cssdn.gouv.qc.ca\/education-des-adultes\/a-propos\/mission-vision-valeurs\/\" \/>\n<meta property=\"og:locale\" content=\"fr_CA\" \/>\n<meta property=\"og:type\" content=\"article\" \/>\n<meta property=\"og:title\" content=\"Mission, vision, valeurs - Centre d\u2019\u00e9ducation des adultes des Navigateurs\" \/>\n<meta property=\"og:description\" content=\"Mission, vision, valeurs du Centre de formation en entreprise et r\u00e9cup\u00e9ration (CFER) du Centre de services scolaire des Navigateurs (CSSDN).\" \/>\n<meta property=\"og:url\" content=\"https:\/\/cssdn.gouv.qc.ca\/education-des-adultes\/a-propos\/mission-vision-valeurs\/\" \/>\n<meta property=\"og:site_name\" content=\"Centre d\u2019\u00e9ducation des adultes des Navigateurs\" \/>\n<meta property=\"article:publisher\" content=\"https:\/\/www.facebook.com\/CEANavigateurs\/\" \/>\n<meta property=\"article:modified_time\" content=\"2025-11-14T15:11:05+00:00\" \/>\n<meta property=\"og:image\" content=\"https:\/\/cssdn.gouv.qc.ca\/education-des-adultes\/wp-content\/uploads\/sites\/4\/2022\/11\/Container.jpg\" \/>\n\t<meta property=\"og:image:width\" content=\"962\" \/>\n\t<meta property=\"og:image:height\" content=\"679\" \/>\n\t<meta property=\"og:image:type\" content=\"image\/jpeg\" \/>\n<meta name=\"twitter:card\" content=\"summary_large_image\" \/>\n<meta name=\"twitter:site\" content=\"@CSSNavigateurs\" \/>\n<meta name=\"twitter:label1\" content=\"Estimation du temps de lecture\" \/>\n\t<meta name=\"twitter:data1\" content=\"2 minutes\" \/>\n<script type=\"application\/ld+json\" class=\"yoast-schema-graph\">{\"@context\":\"https:\\\/\\\/schema.org\",\"@graph\":[{\"@type\":\"WebPage\",\"@id\":\"https:\\\/\\\/cssdn.gouv.qc.ca\\\/education-des-adultes\\\/a-propos\\\/mission-vision-valeurs\\\/\",\"url\":\"https:\\\/\\\/cssdn.gouv.qc.ca\\\/education-des-adultes\\\/a-propos\\\/mission-vision-valeurs\\\/\",\"name\":\"Mission, vision, valeurs - Centre d\u2019\u00e9ducation des adultes des Navigateurs\",\"isPartOf\":{\"@id\":\"https:\\\/\\\/cssdn.gouv.qc.ca\\\/education-des-adultes\\\/#website\"},\"primaryImageOfPage\":{\"@id\":\"https:\\\/\\\/cssdn.gouv.qc.ca\\\/education-des-adultes\\\/a-propos\\\/mission-vision-valeurs\\\/#primaryimage\"},\"image\":{\"@id\":\"https:\\\/\\\/cssdn.gouv.qc.ca\\\/education-des-adultes\\\/a-propos\\\/mission-vision-valeurs\\\/#primaryimage\"},\"thumbnailUrl\":\"https:\\\/\\\/cssdn.gouv.qc.ca\\\/education-des-adultes\\\/wp-content\\\/uploads\\\/sites\\\/4\\\/2022\\\/11\\\/Container.jpg\",\"datePublished\":\"2022-11-08T21:40:10+00:00\",\"dateModified\":\"2025-11-14T15:11:05+00:00\",\"description\":\"Mission, vision, valeurs du Centre de formation en entreprise et r\u00e9cup\u00e9ration (CFER) du Centre de services scolaire des Navigateurs (CSSDN).\",\"breadcrumb\":{\"@id\":\"https:\\\/\\\/cssdn.gouv.qc.ca\\\/education-des-adultes\\\/a-propos\\\/mission-vision-valeurs\\\/#breadcrumb\"},\"inLanguage\":\"fr-CA\",\"potentialAction\":[{\"@type\":\"ReadAction\",\"target\":[\"https:\\\/\\\/cssdn.gouv.qc.ca\\\/education-des-adultes\\\/a-propos\\\/mission-vision-valeurs\\\/\"]}]},{\"@type\":\"ImageObject\",\"inLanguage\":\"fr-CA\",\"@id\":\"https:\\\/\\\/cssdn.gouv.qc.ca\\\/education-des-adultes\\\/a-propos\\\/mission-vision-valeurs\\\/#primaryimage\",\"url\":\"https:\\\/\\\/cssdn.gouv.qc.ca\\\/education-des-adultes\\\/wp-content\\\/uploads\\\/sites\\\/4\\\/2022\\\/11\\\/Container.jpg\",\"contentUrl\":\"https:\\\/\\\/cssdn.gouv.qc.ca\\\/education-des-adultes\\\/wp-content\\\/uploads\\\/sites\\\/4\\\/2022\\\/11\\\/Container.jpg\",\"width\":962,\"height\":679},{\"@type\":\"BreadcrumbList\",\"@id\":\"https:\\\/\\\/cssdn.gouv.qc.ca\\\/education-des-adultes\\\/a-propos\\\/mission-vision-valeurs\\\/#breadcrumb\",\"itemListElement\":[{\"@type\":\"ListItem\",\"position\":1,\"name\":\"Accueil\",\"item\":\"https:\\\/\\\/cssdn.gouv.qc.ca\\\/education-des-adultes\\\/\"},{\"@type\":\"ListItem\",\"position\":2,\"name\":\"\u00c0 propos\",\"item\":\"https:\\\/\\\/cssdn.gouv.qc.ca\\\/education-des-adultes\\\/a-propos\\\/\"},{\"@type\":\"ListItem\",\"position\":3,\"name\":\"Mission, vision, valeurs\"}]},{\"@type\":\"WebSite\",\"@id\":\"https:\\\/\\\/cssdn.gouv.qc.ca\\\/education-des-adultes\\\/#website\",\"url\":\"https:\\\/\\\/cssdn.gouv.qc.ca\\\/education-des-adultes\\\/\",\"name\":\"Centre d\u2019\u00e9ducation des adultes des Navigateurs\",\"description\":\"Un site des centres de services scolaires des Navigateurs\",\"publisher\":{\"@id\":\"https:\\\/\\\/cssdn.gouv.qc.ca\\\/education-des-adultes\\\/#organization\"},\"potentialAction\":[{\"@type\":\"SearchAction\",\"target\":{\"@type\":\"EntryPoint\",\"urlTemplate\":\"https:\\\/\\\/cssdn.gouv.qc.ca\\\/education-des-adultes\\\/?s={search_term_string}\"},\"query-input\":{\"@type\":\"PropertyValueSpecification\",\"valueRequired\":true,\"valueName\":\"search_term_string\"}}],\"inLanguage\":\"fr-CA\"},{\"@type\":\"Organization\",\"@id\":\"https:\\\/\\\/cssdn.gouv.qc.ca\\\/education-des-adultes\\\/#organization\",\"name\":\"Centre d\u2019\u00e9ducation des adultes des Navigateurs\",\"url\":\"https:\\\/\\\/cssdn.gouv.qc.ca\\\/education-des-adultes\\\/\",\"logo\":{\"@type\":\"ImageObject\",\"inLanguage\":\"fr-CA\",\"@id\":\"https:\\\/\\\/cssdn.gouv.qc.ca\\\/education-des-adultes\\\/#\\\/schema\\\/logo\\\/image\\\/\",\"url\":\"https:\\\/\\\/cssdn.gouv.qc.ca\\\/education-des-adultes\\\/wp-content\\\/uploads\\\/sites\\\/4\\\/2023\\\/01\\\/logo_quebec.svg\",\"contentUrl\":\"https:\\\/\\\/cssdn.gouv.qc.ca\\\/education-des-adultes\\\/wp-content\\\/uploads\\\/sites\\\/4\\\/2023\\\/01\\\/logo_quebec.svg\",\"width\":188,\"height\":41,\"caption\":\"Centre d\u2019\u00e9ducation des adultes des Navigateurs\"},\"image\":{\"@id\":\"https:\\\/\\\/cssdn.gouv.qc.ca\\\/education-des-adultes\\\/#\\\/schema\\\/logo\\\/image\\\/\"},\"sameAs\":[\"https:\\\/\\\/www.facebook.com\\\/CEANavigateurs\\\/\",\"https:\\\/\\\/x.com\\\/CSSNavigateurs\",\"https:\\\/\\\/www.instagram.com\\\/cssnavigateurs\\\/\",\"https:\\\/\\\/www.linkedin.com\\\/company\\\/cssdn\",\"https:\\\/\\\/www.youtube.com\\\/channel\\\/UCHbNBehije70JBzCIVT82bQ\"]}]}<\/script>\n<!-- \/ Yoast SEO plugin. -->","yoast_head_json":{"title":"Mission, vision, valeurs - Centre d\u2019\u00e9ducation des adultes des Navigateurs","description":"Mission, vision, valeurs du Centre de formation en entreprise et r\u00e9cup\u00e9ration (CFER) du Centre de services scolaire des Navigateurs (CSSDN).","robots":{"index":"index","follow":"follow","max-snippet":"max-snippet:-1","max-image-preview":"max-image-preview:large","max-video-preview":"max-video-preview:-1"},"canonical":"https:\/\/cssdn.gouv.qc.ca\/education-des-adultes\/a-propos\/mission-vision-valeurs\/","og_locale":"fr_CA","og_type":"article","og_title":"Mission, vision, valeurs - Centre d\u2019\u00e9ducation des adultes des Navigateurs","og_description":"Mission, vision, valeurs du Centre de formation en entreprise et r\u00e9cup\u00e9ration (CFER) du Centre de services scolaire des Navigateurs (CSSDN).","og_url":"https:\/\/cssdn.gouv.qc.ca\/education-des-adultes\/a-propos\/mission-vision-valeurs\/","og_site_name":"Centre d\u2019\u00e9ducation des adultes des Navigateurs","article_publisher":"https:\/\/www.facebook.com\/CEANavigateurs\/","article_modified_time":"2025-11-14T15:11:05+00:00","og_image":[{"width":962,"height":679,"url":"https:\/\/cssdn.gouv.qc.ca\/education-des-adultes\/wp-content\/uploads\/sites\/4\/2022\/11\/Container.jpg","type":"image\/jpeg"}],"twitter_card":"summary_large_image","twitter_site":"@CSSNavigateurs","twitter_misc":{"Estimation du temps de lecture":"2 minutes"},"schema":{"@context":"https:\/\/schema.org","@graph":[{"@type":"WebPage","@id":"https:\/\/cssdn.gouv.qc.ca\/education-des-adultes\/a-propos\/mission-vision-valeurs\/","url":"https:\/\/cssdn.gouv.qc.ca\/education-des-adultes\/a-propos\/mission-vision-valeurs\/","name":"Mission, vision, valeurs - Centre d\u2019\u00e9ducation des adultes des Navigateurs","isPartOf":{"@id":"https:\/\/cssdn.gouv.qc.ca\/education-des-adultes\/#website"},"primaryImageOfPage":{"@id":"https:\/\/cssdn.gouv.qc.ca\/education-des-adultes\/a-propos\/mission-vision-valeurs\/#primaryimage"},"image":{"@id":"https:\/\/cssdn.gouv.qc.ca\/education-des-adultes\/a-propos\/mission-vision-valeurs\/#primaryimage"},"thumbnailUrl":"https:\/\/cssdn.gouv.qc.ca\/education-des-adultes\/wp-content\/uploads\/sites\/4\/2022\/11\/Container.jpg","datePublished":"2022-11-08T21:40:10+00:00","dateModified":"2025-11-14T15:11:05+00:00","description":"Mission, vision, valeurs du Centre de formation en entreprise et r\u00e9cup\u00e9ration (CFER) du Centre de services scolaire des Navigateurs (CSSDN).","breadcrumb":{"@id":"https:\/\/cssdn.gouv.qc.ca\/education-des-adultes\/a-propos\/mission-vision-valeurs\/#breadcrumb"},"inLanguage":"fr-CA","potentialAction":[{"@type":"ReadAction","target":["https:\/\/cssdn.gouv.qc.ca\/education-des-adultes\/a-propos\/mission-vision-valeurs\/"]}]},{"@type":"ImageObject","inLanguage":"fr-CA","@id":"https:\/\/cssdn.gouv.qc.ca\/education-des-adultes\/a-propos\/mission-vision-valeurs\/#primaryimage","url":"https:\/\/cssdn.gouv.qc.ca\/education-des-adultes\/wp-content\/uploads\/sites\/4\/2022\/11\/Container.jpg","contentUrl":"https:\/\/cssdn.gouv.qc.ca\/education-des-adultes\/wp-content\/uploads\/sites\/4\/2022\/11\/Container.jpg","width":962,"height":679},{"@type":"BreadcrumbList","@id":"https:\/\/cssdn.gouv.qc.ca\/education-des-adultes\/a-propos\/mission-vision-valeurs\/#breadcrumb","itemListElement":[{"@type":"ListItem","position":1,"name":"Accueil","item":"https:\/\/cssdn.gouv.qc.ca\/education-des-adultes\/"},{"@type":"ListItem","position":2,"name":"\u00c0 propos","item":"https:\/\/cssdn.gouv.qc.ca\/education-des-adultes\/a-propos\/"},{"@type":"ListItem","position":3,"name":"Mission, vision, valeurs"}]},{"@type":"WebSite","@id":"https:\/\/cssdn.gouv.qc.ca\/education-des-adultes\/#website","url":"https:\/\/cssdn.gouv.qc.ca\/education-des-adultes\/","name":"Centre d\u2019\u00e9ducation des adultes des Navigateurs","description":"Un site des centres de services scolaires des Navigateurs","publisher":{"@id":"https:\/\/cssdn.gouv.qc.ca\/education-des-adultes\/#organization"},"potentialAction":[{"@type":"SearchAction","target":{"@type":"EntryPoint","urlTemplate":"https:\/\/cssdn.gouv.qc.ca\/education-des-adultes\/?s={search_term_string}"},"query-input":{"@type":"PropertyValueSpecification","valueRequired":true,"valueName":"search_term_string"}}],"inLanguage":"fr-CA"},{"@type":"Organization","@id":"https:\/\/cssdn.gouv.qc.ca\/education-des-adultes\/#organization","name":"Centre d\u2019\u00e9ducation des adultes des Navigateurs","url":"https:\/\/cssdn.gouv.qc.ca\/education-des-adultes\/","logo":{"@type":"ImageObject","inLanguage":"fr-CA","@id":"https:\/\/cssdn.gouv.qc.ca\/education-des-adultes\/#\/schema\/logo\/image\/","url":"https:\/\/cssdn.gouv.qc.ca\/education-des-adultes\/wp-content\/uploads\/sites\/4\/2023\/01\/logo_quebec.svg","contentUrl":"https:\/\/cssdn.gouv.qc.ca\/education-des-adultes\/wp-content\/uploads\/sites\/4\/2023\/01\/logo_quebec.svg","width":188,"height":41,"caption":"Centre d\u2019\u00e9ducation des adultes des Navigateurs"},"image":{"@id":"https:\/\/cssdn.gouv.qc.ca\/education-des-adultes\/#\/schema\/logo\/image\/"},"sameAs":["https:\/\/www.facebook.com\/CEANavigateurs\/","https:\/\/x.com\/CSSNavigateurs","https:\/\/www.instagram.com\/cssnavigateurs\/","https:\/\/www.linkedin.com\/company\/cssdn","https:\/\/www.youtube.com\/channel\/UCHbNBehije70JBzCIVT82bQ"]}]}},"publishpress_future_action":{"enabled":false,"date":"2026-04-12 18:21:33","action":"change-status","newStatus":"draft","terms":[],"taxonomy":"category","extraData":[]},"publishpress_future_workflow_manual_trigger":{"enabledWorkflows":[]},"_links":{"self":[{"href":"https:\/\/cssdn.gouv.qc.ca\/education-des-adultes\/wp-json\/wp\/v2\/pages\/144","targetHints":{"allow":["GET"]}}],"collection":[{"href":"https:\/\/cssdn.gouv.qc.ca\/education-des-adultes\/wp-json\/wp\/v2\/pages"}],"about":[{"href":"https:\/\/cssdn.gouv.qc.ca\/education-des-adultes\/wp-json\/wp\/v2\/types\/page"}],"author":[{"embeddable":true,"href":"https:\/\/cssdn.gouv.qc.ca\/education-des-adultes\/wp-json\/wp\/v2\/users\/1"}],"replies":[{"embeddable":true,"href":"https:\/\/cssdn.gouv.qc.ca\/education-des-adultes\/wp-json\/wp\/v2\/comments?post=144"}],"version-history":[{"count":0,"href":"https:\/\/cssdn.gouv.qc.ca\/education-des-adultes\/wp-json\/wp\/v2\/pages\/144\/revisions"}],"up":[{"embeddable":true,"href":"https:\/\/cssdn.gouv.qc.ca\/education-des-adultes\/wp-json\/wp\/v2\/pages\/60"}],"wp:attachment":[{"href":"https:\/\/cssdn.gouv.qc.ca\/education-des-adultes\/wp-json\/wp\/v2\/media?parent=144"}],"wp:term":[{"taxonomy":"category","embeddable":true,"href":"https:\/\/cssdn.gouv.qc.ca\/education-des-adultes\/wp-json\/wp\/v2\/categories?post=144"},{"taxonomy":"post_tag","embeddable":true,"href":"https:\/\/cssdn.gouv.qc.ca\/education-des-adultes\/wp-json\/wp\/v2\/tags?post=144"}],"curies":[{"name":"wp","href":"https:\/\/api.w.org\/{rel}","templated":true}]}}