
{"id":152,"date":"2022-11-08T21:40:13","date_gmt":"2022-11-08T21:40:13","guid":{"rendered":"https:\/\/cssdn.gouv.qc.ca\/education-des-adultes-site\/renseignements-generaux\/"},"modified":"2025-12-03T15:42:12","modified_gmt":"2025-12-03T15:42:12","slug":"renseignements-generaux","status":"publish","type":"page","link":"https:\/\/cssdn.gouv.qc.ca\/education-des-adultes\/informations\/renseignements-generaux\/","title":{"rendered":"Renseignements g\u00e9n\u00e9raux"},"content":{"rendered":"\n<div class=\"wp-block-cover alignfull is-light is-style-title-banner\"><img decoding=\"async\" width=\"2560\" height=\"1707\" class=\"wp-block-cover__image-background wp-image-403 lazyload\" alt=\"\" data-src=\"https:\/\/cssdn.gouv.qc.ca\/education-des-adultes\/wp-content\/uploads\/sites\/4\/2022\/12\/young-business-group-in-discussion-in-their-office-PJTUE29-scaled.jpeg\" style=\"--smush-placeholder-width: 2560px; --smush-placeholder-aspect-ratio: 2560\/1707;object-position:50% 63%\" data-object-fit=\"cover\" data-object-position=\"50% 63%\" data-srcset=\"https:\/\/cssdn.gouv.qc.ca\/education-des-adultes\/wp-content\/uploads\/sites\/4\/2022\/12\/young-business-group-in-discussion-in-their-office-PJTUE29-scaled.jpeg 2560w, https:\/\/cssdn.gouv.qc.ca\/education-des-adultes\/wp-content\/uploads\/sites\/4\/2022\/12\/young-business-group-in-discussion-in-their-office-PJTUE29-300x200.jpeg 300w, https:\/\/cssdn.gouv.qc.ca\/education-des-adultes\/wp-content\/uploads\/sites\/4\/2022\/12\/young-business-group-in-discussion-in-their-office-PJTUE29-1024x683.jpeg 1024w, https:\/\/cssdn.gouv.qc.ca\/education-des-adultes\/wp-content\/uploads\/sites\/4\/2022\/12\/young-business-group-in-discussion-in-their-office-PJTUE29-768x512.jpeg 768w, https:\/\/cssdn.gouv.qc.ca\/education-des-adultes\/wp-content\/uploads\/sites\/4\/2022\/12\/young-business-group-in-discussion-in-their-office-PJTUE29-1536x1024.jpeg 1536w, https:\/\/cssdn.gouv.qc.ca\/education-des-adultes\/wp-content\/uploads\/sites\/4\/2022\/12\/young-business-group-in-discussion-in-their-office-PJTUE29-2048x1365.jpeg 2048w\" data-sizes=\"(max-width: 2560px) 100vw, 2560px\" src=\"data:image\/svg+xml;base64,PHN2ZyB3aWR0aD0iMSIgaGVpZ2h0PSIxIiB4bWxucz0iaHR0cDovL3d3dy53My5vcmcvMjAwMC9zdmciPjwvc3ZnPg==\" \/><span aria-hidden=\"true\" class=\"wp-block-cover__background has-background-dim\"><\/span><div class=\"wp-block-cover__inner-container\"><h3 class=\"wp-block-post-title\">Renseignements g\u00e9n\u00e9raux<\/h3><\/div><\/div>\n\n\n\n<div class=\"wp-block-group alignfull has-padding-y-large has-secondary-background-color has-background\"><div class=\"yoast-breadcrumbs alignwide \"><span class=\"breadcrumbs\"><a href=\"https:\/\/cssdn.gouv.qc.ca\/education-des-adultes\/\" class=\"breadcrumbs__element\">Accueil<\/a> <span class=\"breadcrumbs__separator\">\n        <svg class=\"icon icon-breadcrumb__separator\"><use xlink:href=\"#icon-breadcrumb__separator\"><\/use><\/svg>\n    <\/span> <a href=\"https:\/\/cssdn.gouv.qc.ca\/education-des-adultes\/informations\/\" class=\"breadcrumbs__element\">Informations<\/a> <span class=\"breadcrumbs__separator\">\n        <svg class=\"icon icon-breadcrumb__separator\"><use xlink:href=\"#icon-breadcrumb__separator\"><\/use><\/svg>\n    <\/span> <span class=\"breadcrumbs__element breadcrumbs__element-current\">Renseignements g\u00e9n\u00e9raux<\/span><\/span><\/div><\/div>\n\n\n\n<div class=\"wp-block-group group-gtranslate\"><div class=\"gtranslate_wrapper\" id=\"gt-wrapper-70881714\"><\/div>\n<\/div>\n\n\n\n<h1 class=\"wp-block-heading\">Renseignements g\u00e9n\u00e9raux<\/h1>\n\n\n\n\n<p class=\"act-lead wp-block-paragraph\">Vous trouverez sur cette page des renseignements g\u00e9n\u00e9raux du Centre d\u2019\u00e9ducation aux adultes des Navigateurs (C\u00c9AN) qui vous seront utiles tout au long de votre parcours scolaire.<\/p>\n\n\n\n\n<h2 class=\"wp-block-heading\">Dossier en ligne<\/h2>\n\n\n\n<p class=\"wp-block-paragraph\">Le portail minist\u00e9riel vous permet de consulter l&rsquo;ensemble de vos r\u00e9sultats d&rsquo;apprentissage. Pour y acc\u00e9der, vous devez <a href=\"https:\/\/web.cssdn.gouv.qc.ca\/sites\/default\/files\/u553\/dossier_en_ligne_aide-memoire_aux_eleves.pdf\" target=\"_blank\" rel=\"noreferrer noopener\">cr\u00e9er votre compte<\/a>.<\/p>\n\n\n\n<div class=\"wp-block-buttons\">\n<div class=\"wp-block-button\"><a class=\"wp-block-button__link wp-element-button\" href=\"https:\/\/portail.education.gouv.qc.ca\/fr\" target=\"_blank\" rel=\"noreferrer noopener\">Acc\u00e9der au portail Dossier scolaire de l\u2019\u00e9l\u00e8ve en ligne<\/a><\/div>\n<\/div>\n\n\n\n<h2 class=\"wp-block-heading\">Absences<\/h2>\n\n\n\n<ul class=\"wp-block-list\">\n<li>Les pi\u00e8ces justificatives doivent \u00eatre transmises par texto au num\u00e9ro : 418-569-9929.<\/li>\n<\/ul>\n\n\n\n<h2 class=\"wp-block-heading\">Contacter un enseignant<\/h2>\n\n\n\n<p class=\"wp-block-paragraph\">Vous retrouverez dans les bottins ci-dessous les adresses courriels des enseignants.<\/p>\n\n\n\n<div class=\"wp-block-file\"><a id=\"wp-block-file--media-ff917c09-96d8-448d-8a40-7feecea5f38b\" href=\"https:\/\/cssdn.gouv.qc.ca\/education-des-adultes\/wp-content\/uploads\/sites\/4\/2025\/11\/Liste-des-enseignants-2025-FGA.pdf\">Liste des enseignants 2025 (FGA)<\/a><a href=\"https:\/\/cssdn.gouv.qc.ca\/education-des-adultes\/wp-content\/uploads\/sites\/4\/2025\/11\/Liste-des-enseignants-2025-FGA.pdf\" class=\"wp-block-file__button wp-element-button\" download aria-describedby=\"wp-block-file--media-ff917c09-96d8-448d-8a40-7feecea5f38b\">Download<\/a><\/div>\n\n\n\n<div class=\"wp-block-file\"><a id=\"wp-block-file--media-dda745d1-a49b-49c7-9641-b18342d04693\" href=\"https:\/\/cssdn.gouv.qc.ca\/education-des-adultes\/wp-content\/uploads\/sites\/4\/2025\/11\/Liste-des-enseignants-2025-Acces-collegial.pdf\">Liste des enseignants 2025 (Acc\u00e8s coll\u00e9gial)<\/a><a href=\"https:\/\/cssdn.gouv.qc.ca\/education-des-adultes\/wp-content\/uploads\/sites\/4\/2025\/11\/Liste-des-enseignants-2025-Acces-collegial.pdf\" class=\"wp-block-file__button wp-element-button\" download aria-describedby=\"wp-block-file--media-dda745d1-a49b-49c7-9641-b18342d04693\">Download<\/a><\/div>\n\n\n\n<h2 class=\"wp-block-heading\">Guide pour les \u00e9l\u00e8ves<\/h2>\n\n\n\n<p class=\"wp-block-paragraph\">Le C\u00c9AN a cr\u00e9\u00e9 un guide pour les \u00e9l\u00e8ves afin de les soutenir dans leurs \u00e9tudes. Il comporte de l\u2019information g\u00e9n\u00e9rale, ainsi que des trucs et astuces pour bien utiliser les diff\u00e9rents outils technologiques disponibles aux \u00e9l\u00e8ves.<\/p>\n\n\n\n<div class=\"wp-block-file\"><a id=\"wp-block-file--media-b74b3b1e-648c-47a5-8d0b-89ee6697c4fd\" href=\"https:\/\/cssdn.gouv.qc.ca\/education-des-adultes\/wp-content\/uploads\/sites\/4\/2025\/12\/Guide-2025-2026.pdf\">Guide 2025-2026<\/a><a href=\"https:\/\/cssdn.gouv.qc.ca\/education-des-adultes\/wp-content\/uploads\/sites\/4\/2025\/12\/Guide-2025-2026.pdf\" class=\"wp-block-file__button wp-element-button\" download aria-describedby=\"wp-block-file--media-b74b3b1e-648c-47a5-8d0b-89ee6697c4fd\">Download<\/a><\/div>\n\n\n\n<h2 class=\"wp-block-heading\">R\u00e8gles, r\u00e8glements et proc\u00e9dures du C\u00c9AN<\/h2>\n\n\n\n<div class=\"act-collapsible\">\n<h5 class=\"wp-block-heading act-collapsible__heading\">R\u00e8gles de vie 2025-2026<\/h5>\n\n\n\n<div class=\"act-collapsible__content\"><div class=\"act-collapsible__content-inner\">\n<p class=\"wp-block-paragraph\">Le C\u00c9AN a \u00e9tabli un guide PDF pr\u00e9sentant les r\u00e8gles de vie applicables dans l\u2019ensemble de ses \u00e9tablissements.<\/p>\n\n\n\n<div class=\"wp-block-buttons\">\n<div class=\"wp-block-button\"><a class=\"wp-block-button__link wp-element-button\" href=\"https:\/\/cssdn.gouv.qc.ca\/education-des-adultes\/wp-content\/uploads\/sites\/4\/2023\/08\/Regles-de-vie-CEAN-23-24.pdf\">Consulter les r\u00e8gles de vie<\/a><\/div>\n<\/div>\n<\/div><\/div>\n<\/div>\n\n\n\n<div class=\"act-collapsible\">\n<h5 class=\"wp-block-heading act-collapsible__heading\">Guide des normes et modalit\u00e9s de la FGA<\/h5>\n\n\n\n<div class=\"act-collapsible__content\"><div class=\"act-collapsible__content-inner\">\n<p class=\"wp-block-paragraph\">\u200b\u200bLe guide contient les sujets suivants : r\u00e8gles concernant le droit de reprise \u00e0 un examen, r\u00e8gles concernant la demande de r\u00e9vision de note \u00e0 un examen de sanction, r\u00e8gles concernant le plagiat lors d\u2019un examen de sanction, normes et modalit\u00e9s en \u00e9valuation.<\/p>\n\n\n\n<div class=\"wp-block-file\"><a id=\"wp-block-file--media-20dfdcfa-f8a2-43e9-827c-16d88bef1fff\" href=\"https:\/\/cssdn.gouv.qc.ca\/education-des-adultes\/wp-content\/uploads\/sites\/4\/2022\/12\/version_finale_-_normes_et_modalites_fga-edition_14_avril_2021.pdf\" target=\"_blank\" rel=\"noreferrer noopener\">Consulter le guide des normes et modalit\u00e9s (FGA)<\/a><\/div>\n\n\n\n<div class=\"wp-block-file\"><a id=\"wp-block-file--media-fe8caf95-0a86-4a83-8a5f-eb864b1d1daa\" href=\"https:\/\/cssdn.gouv.qc.ca\/education-des-adultes\/wp-content\/uploads\/sites\/4\/2024\/11\/Regles-concernant-la-salle-devaluation-et-le-plagiat-4.pdf\" target=\"_blank\" rel=\"noreferrer noopener\">R\u00e8gles concernant la salle d&rsquo;\u00e9valuation et le plagiat<\/a><\/div>\n\n\n\n<h4 class=\"wp-block-heading\">Proc\u00e9dures du C\u00c9AN<\/h4>\n\n\n\n<div class=\"wp-block-file\"><a id=\"wp-block-file--media-32d1aa79-99ff-48fe-ad31-11cee0cb0953\" href=\"https:\/\/cssdn.gouv.qc.ca\/education-des-adultes\/wp-content\/uploads\/sites\/4\/2022\/12\/procedure_pour_echeanciers.pdf\" target=\"_blank\" rel=\"noreferrer noopener\">Proc\u00e9dure pour \u00e9ch\u00e9anciers et demande de prolongation (FGA)<\/a><\/div>\n\n\n\n<div class=\"wp-block-file\"><a id=\"wp-block-file--media-86920740-e14c-4b62-9ab4-be8484bd9fcf\" href=\"https:\/\/cssdn.gouv.qc.ca\/education-des-adultes\/wp-content\/uploads\/sites\/4\/2024\/11\/Procedure-pour-reservation-examen-et-laboratoire-en-ligne-FGA-4.pdf\">Proc\u00e9dure pour r\u00e9servation (examen et laboratoire) en ligne (FGA)<\/a><\/div>\n<\/div><\/div>\n<\/div>\n\n\n\n<div class=\"act-collapsible\">\n<h5 class=\"wp-block-heading act-collapsible__heading\">Guide des normes et modalit\u00e9s de l\u2019Acc\u00e8s coll\u00e9gial<\/h5>\n\n\n\n<div class=\"act-collapsible__content\"><div class=\"act-collapsible__content-inner\">\n<p class=\"wp-block-paragraph\">Le guide contient les sujets suivants : r\u00e8gles concernant le droit de reprise \u00e0 un examen, r\u00e8gles concernant la demande de r\u00e9vision de note \u00e0 un examen de sanction, r\u00e8gles concernant le plagiat lors d\u2019un examen de sanction, normes et modalit\u00e9s en \u00e9valuation.<\/p>\n\n\n\n<div class=\"wp-block-file\"><a id=\"wp-block-file--media-c80e9a06-d0bb-4791-9d69-a55925eb6672\" href=\"https:\/\/cssdn.gouv.qc.ca\/education-des-adultes\/wp-content\/uploads\/sites\/4\/2023\/08\/Normes-et-modalites-Acces-collegial-23-24.pdf\" target=\"_blank\" rel=\"noreferrer noopener\">Normes et modalit\u00e9s Acc\u00e8s coll\u00e9gial 2023-2024<\/a><\/div>\n<\/div><\/div>\n<\/div>\n\n\n\n<div class=\"act-collapsible\">\n<h2 class=\"wp-block-heading act-collapsible__heading\">Guide des normes et modalit\u00e9s en francisation<\/h2>\n\n\n\n<div class=\"act-collapsible__content\"><div class=\"act-collapsible__content-inner\">\n<p class=\"wp-block-paragraph\">Le guide contient les sujets suivants : r\u00e8gles concernant le droit de reprise \u00e0 un examen, r\u00e8gles concernant la demande de r\u00e9vision de note \u00e0 un examen de sanction, r\u00e8gles concernant le plagiat lors d\u2019un examen de sanction, normes et modalit\u00e9s en \u00e9valuation.<\/p>\n\n\n\n<div class=\"wp-block-file\"><a id=\"wp-block-file--media-091aa016-92ef-4020-b8c3-82bc3dc5b5e8\" href=\"https:\/\/cssdn.gouv.qc.ca\/education-des-adultes\/wp-content\/uploads\/sites\/4\/2023\/10\/Normes-et-modalites-francisationn-27-juin-2023-2.pdf\">Normes et modalit\u00e9s en francisation 2023-2024<\/a><a href=\"https:\/\/cssdn.gouv.qc.ca\/education-des-adultes\/wp-content\/uploads\/sites\/4\/2023\/10\/Normes-et-modalites-francisationn-27-juin-2023-2.pdf\" class=\"wp-block-file__button wp-element-button\" download aria-describedby=\"wp-block-file--media-091aa016-92ef-4020-b8c3-82bc3dc5b5e8\">Download<\/a><\/div>\n<\/div><\/div>\n<\/div>\n","protected":false},"excerpt":{"rendered":"<p>Renseignements g\u00e9n\u00e9raux Dossier en ligne Le portail minist\u00e9riel vous permet de consulter l&rsquo;ensemble de vos r\u00e9sultats d&rsquo;apprentissage. Pour y acc\u00e9der, vous devez cr\u00e9er votre compte. Absences Contacter un enseignant Vous retrouverez dans les bottins ci-dessous les adresses courriels des enseignants. Guide pour les \u00e9l\u00e8ves Le C\u00c9AN a cr\u00e9\u00e9 un guide pour les \u00e9l\u00e8ves afin de [&hellip;]<\/p>\n","protected":false},"author":1,"featured_media":0,"parent":66,"menu_order":10,"comment_status":"closed","ping_status":"closed","template":"","meta":{"_acf_changed":false,"_crdt_document":"","inline_featured_image":false,"footnotes":"[]"},"categories":[],"tags":[],"class_list":["post-152","page","type-page","status-publish","hentry"],"acf":[],"yoast_head":"<!-- This site is optimized with the Yoast SEO plugin v27.4 - https:\/\/yoast.com\/product\/yoast-seo-wordpress\/ -->\n<title>Renseignements g\u00e9n\u00e9raux - Centre d\u2019\u00e9ducation des adultes des Navigateurs<\/title>\n<meta name=\"description\" content=\"Renseignements g\u00e9n\u00e9raux du Centre de formation en entreprise et r\u00e9cup\u00e9ration (CFER) du Centre de services scolaire des Navigateurs (CSSDN).\" \/>\n<meta name=\"robots\" content=\"index, follow, max-snippet:-1, max-image-preview:large, max-video-preview:-1\" \/>\n<link rel=\"canonical\" href=\"https:\/\/cssdn.gouv.qc.ca\/education-des-adultes\/informations\/renseignements-generaux\/\" \/>\n<meta property=\"og:locale\" content=\"fr_CA\" \/>\n<meta property=\"og:type\" content=\"article\" \/>\n<meta property=\"og:title\" content=\"Renseignements g\u00e9n\u00e9raux - Centre d\u2019\u00e9ducation des adultes des Navigateurs\" \/>\n<meta property=\"og:description\" content=\"Renseignements g\u00e9n\u00e9raux du Centre de formation en entreprise et r\u00e9cup\u00e9ration (CFER) du Centre de services scolaire des Navigateurs (CSSDN).\" \/>\n<meta property=\"og:url\" content=\"https:\/\/cssdn.gouv.qc.ca\/education-des-adultes\/informations\/renseignements-generaux\/\" \/>\n<meta property=\"og:site_name\" content=\"Centre d\u2019\u00e9ducation des adultes des Navigateurs\" \/>\n<meta property=\"article:publisher\" content=\"https:\/\/www.facebook.com\/CEANavigateurs\/\" \/>\n<meta property=\"article:modified_time\" content=\"2025-12-03T15:42:12+00:00\" \/>\n<meta property=\"og:image\" content=\"https:\/\/cssdn.gouv.qc.ca\/education-des-adultes\/wp-content\/uploads\/sites\/4\/2022\/12\/young-business-group-in-discussion-in-their-office-PJTUE29-scaled.jpeg\" \/>\n\t<meta property=\"og:image:width\" content=\"2560\" \/>\n\t<meta property=\"og:image:height\" content=\"1707\" \/>\n\t<meta property=\"og:image:type\" content=\"image\/jpeg\" \/>\n<meta name=\"twitter:card\" content=\"summary_large_image\" \/>\n<meta name=\"twitter:site\" content=\"@CSSNavigateurs\" \/>\n<meta name=\"twitter:label1\" content=\"Estimation du temps de lecture\" \/>\n\t<meta name=\"twitter:data1\" content=\"3 minutes\" \/>\n<script type=\"application\/ld+json\" class=\"yoast-schema-graph\">{\"@context\":\"https:\\\/\\\/schema.org\",\"@graph\":[{\"@type\":\"WebPage\",\"@id\":\"https:\\\/\\\/cssdn.gouv.qc.ca\\\/education-des-adultes\\\/informations\\\/renseignements-generaux\\\/\",\"url\":\"https:\\\/\\\/cssdn.gouv.qc.ca\\\/education-des-adultes\\\/informations\\\/renseignements-generaux\\\/\",\"name\":\"Renseignements g\u00e9n\u00e9raux - Centre d\u2019\u00e9ducation des adultes des Navigateurs\",\"isPartOf\":{\"@id\":\"https:\\\/\\\/cssdn.gouv.qc.ca\\\/education-des-adultes\\\/#website\"},\"primaryImageOfPage\":{\"@id\":\"https:\\\/\\\/cssdn.gouv.qc.ca\\\/education-des-adultes\\\/informations\\\/renseignements-generaux\\\/#primaryimage\"},\"image\":{\"@id\":\"https:\\\/\\\/cssdn.gouv.qc.ca\\\/education-des-adultes\\\/informations\\\/renseignements-generaux\\\/#primaryimage\"},\"thumbnailUrl\":\"https:\\\/\\\/cssdn.gouv.qc.ca\\\/education-des-adultes\\\/wp-content\\\/uploads\\\/sites\\\/4\\\/2022\\\/12\\\/young-business-group-in-discussion-in-their-office-PJTUE29-scaled.jpeg\",\"datePublished\":\"2022-11-08T21:40:13+00:00\",\"dateModified\":\"2025-12-03T15:42:12+00:00\",\"description\":\"Renseignements g\u00e9n\u00e9raux du Centre de formation en entreprise et r\u00e9cup\u00e9ration (CFER) du Centre de services scolaire des Navigateurs (CSSDN).\",\"breadcrumb\":{\"@id\":\"https:\\\/\\\/cssdn.gouv.qc.ca\\\/education-des-adultes\\\/informations\\\/renseignements-generaux\\\/#breadcrumb\"},\"inLanguage\":\"fr-CA\",\"potentialAction\":[{\"@type\":\"ReadAction\",\"target\":[\"https:\\\/\\\/cssdn.gouv.qc.ca\\\/education-des-adultes\\\/informations\\\/renseignements-generaux\\\/\"]}]},{\"@type\":\"ImageObject\",\"inLanguage\":\"fr-CA\",\"@id\":\"https:\\\/\\\/cssdn.gouv.qc.ca\\\/education-des-adultes\\\/informations\\\/renseignements-generaux\\\/#primaryimage\",\"url\":\"https:\\\/\\\/cssdn.gouv.qc.ca\\\/education-des-adultes\\\/wp-content\\\/uploads\\\/sites\\\/4\\\/2022\\\/12\\\/young-business-group-in-discussion-in-their-office-PJTUE29-scaled.jpeg\",\"contentUrl\":\"https:\\\/\\\/cssdn.gouv.qc.ca\\\/education-des-adultes\\\/wp-content\\\/uploads\\\/sites\\\/4\\\/2022\\\/12\\\/young-business-group-in-discussion-in-their-office-PJTUE29-scaled.jpeg\",\"width\":2560,\"height\":1707,\"caption\":\"Young business group in discussion in their office\"},{\"@type\":\"BreadcrumbList\",\"@id\":\"https:\\\/\\\/cssdn.gouv.qc.ca\\\/education-des-adultes\\\/informations\\\/renseignements-generaux\\\/#breadcrumb\",\"itemListElement\":[{\"@type\":\"ListItem\",\"position\":1,\"name\":\"Accueil\",\"item\":\"https:\\\/\\\/cssdn.gouv.qc.ca\\\/education-des-adultes\\\/\"},{\"@type\":\"ListItem\",\"position\":2,\"name\":\"Informations\",\"item\":\"https:\\\/\\\/cssdn.gouv.qc.ca\\\/education-des-adultes\\\/informations\\\/\"},{\"@type\":\"ListItem\",\"position\":3,\"name\":\"Renseignements g\u00e9n\u00e9raux\"}]},{\"@type\":\"WebSite\",\"@id\":\"https:\\\/\\\/cssdn.gouv.qc.ca\\\/education-des-adultes\\\/#website\",\"url\":\"https:\\\/\\\/cssdn.gouv.qc.ca\\\/education-des-adultes\\\/\",\"name\":\"Centre d\u2019\u00e9ducation des adultes des Navigateurs\",\"description\":\"Un site des centres de services scolaires des Navigateurs\",\"publisher\":{\"@id\":\"https:\\\/\\\/cssdn.gouv.qc.ca\\\/education-des-adultes\\\/#organization\"},\"potentialAction\":[{\"@type\":\"SearchAction\",\"target\":{\"@type\":\"EntryPoint\",\"urlTemplate\":\"https:\\\/\\\/cssdn.gouv.qc.ca\\\/education-des-adultes\\\/?s={search_term_string}\"},\"query-input\":{\"@type\":\"PropertyValueSpecification\",\"valueRequired\":true,\"valueName\":\"search_term_string\"}}],\"inLanguage\":\"fr-CA\"},{\"@type\":\"Organization\",\"@id\":\"https:\\\/\\\/cssdn.gouv.qc.ca\\\/education-des-adultes\\\/#organization\",\"name\":\"Centre d\u2019\u00e9ducation des adultes des Navigateurs\",\"url\":\"https:\\\/\\\/cssdn.gouv.qc.ca\\\/education-des-adultes\\\/\",\"logo\":{\"@type\":\"ImageObject\",\"inLanguage\":\"fr-CA\",\"@id\":\"https:\\\/\\\/cssdn.gouv.qc.ca\\\/education-des-adultes\\\/#\\\/schema\\\/logo\\\/image\\\/\",\"url\":\"https:\\\/\\\/cssdn.gouv.qc.ca\\\/education-des-adultes\\\/wp-content\\\/uploads\\\/sites\\\/4\\\/2023\\\/01\\\/logo_quebec.svg\",\"contentUrl\":\"https:\\\/\\\/cssdn.gouv.qc.ca\\\/education-des-adultes\\\/wp-content\\\/uploads\\\/sites\\\/4\\\/2023\\\/01\\\/logo_quebec.svg\",\"width\":188,\"height\":41,\"caption\":\"Centre d\u2019\u00e9ducation des adultes des Navigateurs\"},\"image\":{\"@id\":\"https:\\\/\\\/cssdn.gouv.qc.ca\\\/education-des-adultes\\\/#\\\/schema\\\/logo\\\/image\\\/\"},\"sameAs\":[\"https:\\\/\\\/www.facebook.com\\\/CEANavigateurs\\\/\",\"https:\\\/\\\/x.com\\\/CSSNavigateurs\",\"https:\\\/\\\/www.instagram.com\\\/cssnavigateurs\\\/\",\"https:\\\/\\\/www.linkedin.com\\\/company\\\/cssdn\",\"https:\\\/\\\/www.youtube.com\\\/channel\\\/UCHbNBehije70JBzCIVT82bQ\"]}]}<\/script>\n<!-- \/ Yoast SEO plugin. -->","yoast_head_json":{"title":"Renseignements g\u00e9n\u00e9raux - Centre d\u2019\u00e9ducation des adultes des Navigateurs","description":"Renseignements g\u00e9n\u00e9raux du Centre de formation en entreprise et r\u00e9cup\u00e9ration (CFER) du Centre de services scolaire des Navigateurs (CSSDN).","robots":{"index":"index","follow":"follow","max-snippet":"max-snippet:-1","max-image-preview":"max-image-preview:large","max-video-preview":"max-video-preview:-1"},"canonical":"https:\/\/cssdn.gouv.qc.ca\/education-des-adultes\/informations\/renseignements-generaux\/","og_locale":"fr_CA","og_type":"article","og_title":"Renseignements g\u00e9n\u00e9raux - Centre d\u2019\u00e9ducation des adultes des Navigateurs","og_description":"Renseignements g\u00e9n\u00e9raux du Centre de formation en entreprise et r\u00e9cup\u00e9ration (CFER) du Centre de services scolaire des Navigateurs (CSSDN).","og_url":"https:\/\/cssdn.gouv.qc.ca\/education-des-adultes\/informations\/renseignements-generaux\/","og_site_name":"Centre d\u2019\u00e9ducation des adultes des Navigateurs","article_publisher":"https:\/\/www.facebook.com\/CEANavigateurs\/","article_modified_time":"2025-12-03T15:42:12+00:00","og_image":[{"width":2560,"height":1707,"url":"https:\/\/cssdn.gouv.qc.ca\/education-des-adultes\/wp-content\/uploads\/sites\/4\/2022\/12\/young-business-group-in-discussion-in-their-office-PJTUE29-scaled.jpeg","type":"image\/jpeg"}],"twitter_card":"summary_large_image","twitter_site":"@CSSNavigateurs","twitter_misc":{"Estimation du temps de lecture":"3 minutes"},"schema":{"@context":"https:\/\/schema.org","@graph":[{"@type":"WebPage","@id":"https:\/\/cssdn.gouv.qc.ca\/education-des-adultes\/informations\/renseignements-generaux\/","url":"https:\/\/cssdn.gouv.qc.ca\/education-des-adultes\/informations\/renseignements-generaux\/","name":"Renseignements g\u00e9n\u00e9raux - Centre d\u2019\u00e9ducation des adultes des Navigateurs","isPartOf":{"@id":"https:\/\/cssdn.gouv.qc.ca\/education-des-adultes\/#website"},"primaryImageOfPage":{"@id":"https:\/\/cssdn.gouv.qc.ca\/education-des-adultes\/informations\/renseignements-generaux\/#primaryimage"},"image":{"@id":"https:\/\/cssdn.gouv.qc.ca\/education-des-adultes\/informations\/renseignements-generaux\/#primaryimage"},"thumbnailUrl":"https:\/\/cssdn.gouv.qc.ca\/education-des-adultes\/wp-content\/uploads\/sites\/4\/2022\/12\/young-business-group-in-discussion-in-their-office-PJTUE29-scaled.jpeg","datePublished":"2022-11-08T21:40:13+00:00","dateModified":"2025-12-03T15:42:12+00:00","description":"Renseignements g\u00e9n\u00e9raux du Centre de formation en entreprise et r\u00e9cup\u00e9ration (CFER) du Centre de services scolaire des Navigateurs (CSSDN).","breadcrumb":{"@id":"https:\/\/cssdn.gouv.qc.ca\/education-des-adultes\/informations\/renseignements-generaux\/#breadcrumb"},"inLanguage":"fr-CA","potentialAction":[{"@type":"ReadAction","target":["https:\/\/cssdn.gouv.qc.ca\/education-des-adultes\/informations\/renseignements-generaux\/"]}]},{"@type":"ImageObject","inLanguage":"fr-CA","@id":"https:\/\/cssdn.gouv.qc.ca\/education-des-adultes\/informations\/renseignements-generaux\/#primaryimage","url":"https:\/\/cssdn.gouv.qc.ca\/education-des-adultes\/wp-content\/uploads\/sites\/4\/2022\/12\/young-business-group-in-discussion-in-their-office-PJTUE29-scaled.jpeg","contentUrl":"https:\/\/cssdn.gouv.qc.ca\/education-des-adultes\/wp-content\/uploads\/sites\/4\/2022\/12\/young-business-group-in-discussion-in-their-office-PJTUE29-scaled.jpeg","width":2560,"height":1707,"caption":"Young business group in discussion in their office"},{"@type":"BreadcrumbList","@id":"https:\/\/cssdn.gouv.qc.ca\/education-des-adultes\/informations\/renseignements-generaux\/#breadcrumb","itemListElement":[{"@type":"ListItem","position":1,"name":"Accueil","item":"https:\/\/cssdn.gouv.qc.ca\/education-des-adultes\/"},{"@type":"ListItem","position":2,"name":"Informations","item":"https:\/\/cssdn.gouv.qc.ca\/education-des-adultes\/informations\/"},{"@type":"ListItem","position":3,"name":"Renseignements g\u00e9n\u00e9raux"}]},{"@type":"WebSite","@id":"https:\/\/cssdn.gouv.qc.ca\/education-des-adultes\/#website","url":"https:\/\/cssdn.gouv.qc.ca\/education-des-adultes\/","name":"Centre d\u2019\u00e9ducation des adultes des Navigateurs","description":"Un site des centres de services scolaires des Navigateurs","publisher":{"@id":"https:\/\/cssdn.gouv.qc.ca\/education-des-adultes\/#organization"},"potentialAction":[{"@type":"SearchAction","target":{"@type":"EntryPoint","urlTemplate":"https:\/\/cssdn.gouv.qc.ca\/education-des-adultes\/?s={search_term_string}"},"query-input":{"@type":"PropertyValueSpecification","valueRequired":true,"valueName":"search_term_string"}}],"inLanguage":"fr-CA"},{"@type":"Organization","@id":"https:\/\/cssdn.gouv.qc.ca\/education-des-adultes\/#organization","name":"Centre d\u2019\u00e9ducation des adultes des Navigateurs","url":"https:\/\/cssdn.gouv.qc.ca\/education-des-adultes\/","logo":{"@type":"ImageObject","inLanguage":"fr-CA","@id":"https:\/\/cssdn.gouv.qc.ca\/education-des-adultes\/#\/schema\/logo\/image\/","url":"https:\/\/cssdn.gouv.qc.ca\/education-des-adultes\/wp-content\/uploads\/sites\/4\/2023\/01\/logo_quebec.svg","contentUrl":"https:\/\/cssdn.gouv.qc.ca\/education-des-adultes\/wp-content\/uploads\/sites\/4\/2023\/01\/logo_quebec.svg","width":188,"height":41,"caption":"Centre d\u2019\u00e9ducation des adultes des Navigateurs"},"image":{"@id":"https:\/\/cssdn.gouv.qc.ca\/education-des-adultes\/#\/schema\/logo\/image\/"},"sameAs":["https:\/\/www.facebook.com\/CEANavigateurs\/","https:\/\/x.com\/CSSNavigateurs","https:\/\/www.instagram.com\/cssnavigateurs\/","https:\/\/www.linkedin.com\/company\/cssdn","https:\/\/www.youtube.com\/channel\/UCHbNBehije70JBzCIVT82bQ"]}]}},"publishpress_future_action":{"enabled":false,"date":"2026-04-26 17:07:36","action":"change-status","newStatus":"draft","terms":[],"taxonomy":"category","extraData":[]},"publishpress_future_workflow_manual_trigger":{"enabledWorkflows":[]},"_links":{"self":[{"href":"https:\/\/cssdn.gouv.qc.ca\/education-des-adultes\/wp-json\/wp\/v2\/pages\/152","targetHints":{"allow":["GET"]}}],"collection":[{"href":"https:\/\/cssdn.gouv.qc.ca\/education-des-adultes\/wp-json\/wp\/v2\/pages"}],"about":[{"href":"https:\/\/cssdn.gouv.qc.ca\/education-des-adultes\/wp-json\/wp\/v2\/types\/page"}],"author":[{"embeddable":true,"href":"https:\/\/cssdn.gouv.qc.ca\/education-des-adultes\/wp-json\/wp\/v2\/users\/1"}],"replies":[{"embeddable":true,"href":"https:\/\/cssdn.gouv.qc.ca\/education-des-adultes\/wp-json\/wp\/v2\/comments?post=152"}],"version-history":[{"count":0,"href":"https:\/\/cssdn.gouv.qc.ca\/education-des-adultes\/wp-json\/wp\/v2\/pages\/152\/revisions"}],"up":[{"embeddable":true,"href":"https:\/\/cssdn.gouv.qc.ca\/education-des-adultes\/wp-json\/wp\/v2\/pages\/66"}],"wp:attachment":[{"href":"https:\/\/cssdn.gouv.qc.ca\/education-des-adultes\/wp-json\/wp\/v2\/media?parent=152"}],"wp:term":[{"taxonomy":"category","embeddable":true,"href":"https:\/\/cssdn.gouv.qc.ca\/education-des-adultes\/wp-json\/wp\/v2\/categories?post=152"},{"taxonomy":"post_tag","embeddable":true,"href":"https:\/\/cssdn.gouv.qc.ca\/education-des-adultes\/wp-json\/wp\/v2\/tags?post=152"}],"curies":[{"name":"wp","href":"https:\/\/api.w.org\/{rel}","templated":true}]}}