
{"id":153,"date":"2022-11-08T21:40:13","date_gmt":"2022-11-08T21:40:13","guid":{"rendered":"https:\/\/cssdn.gouv.qc.ca\/education-des-adultes-site\/services-aux-eleves\/"},"modified":"2025-11-14T15:37:18","modified_gmt":"2025-11-14T15:37:18","slug":"services-aux-eleves","status":"publish","type":"page","link":"https:\/\/cssdn.gouv.qc.ca\/education-des-adultes\/informations\/services-aux-eleves\/","title":{"rendered":"Services aux \u00e9l\u00e8ves"},"content":{"rendered":"\n<div class=\"wp-block-cover alignfull is-light is-style-title-banner\"><img decoding=\"async\" width=\"2560\" height=\"1707\" class=\"wp-block-cover__image-background wp-image-411 lazyload\" alt=\"\" data-src=\"https:\/\/cssdn.gouv.qc.ca\/education-des-adultes\/wp-content\/uploads\/sites\/4\/2022\/12\/iStock-524288383-1-scaled.jpeg\" style=\"--smush-placeholder-width: 2560px; --smush-placeholder-aspect-ratio: 2560\/1707;object-position:55% 34%\" data-object-fit=\"cover\" data-object-position=\"55% 34%\" data-srcset=\"https:\/\/cssdn.gouv.qc.ca\/education-des-adultes\/wp-content\/uploads\/sites\/4\/2022\/12\/iStock-524288383-1-scaled.jpeg 2560w, https:\/\/cssdn.gouv.qc.ca\/education-des-adultes\/wp-content\/uploads\/sites\/4\/2022\/12\/iStock-524288383-1-300x200.jpeg 300w, https:\/\/cssdn.gouv.qc.ca\/education-des-adultes\/wp-content\/uploads\/sites\/4\/2022\/12\/iStock-524288383-1-1024x683.jpeg 1024w, https:\/\/cssdn.gouv.qc.ca\/education-des-adultes\/wp-content\/uploads\/sites\/4\/2022\/12\/iStock-524288383-1-768x512.jpeg 768w, https:\/\/cssdn.gouv.qc.ca\/education-des-adultes\/wp-content\/uploads\/sites\/4\/2022\/12\/iStock-524288383-1-1536x1024.jpeg 1536w, https:\/\/cssdn.gouv.qc.ca\/education-des-adultes\/wp-content\/uploads\/sites\/4\/2022\/12\/iStock-524288383-1-2048x1365.jpeg 2048w\" data-sizes=\"(max-width: 2560px) 100vw, 2560px\" src=\"data:image\/svg+xml;base64,PHN2ZyB3aWR0aD0iMSIgaGVpZ2h0PSIxIiB4bWxucz0iaHR0cDovL3d3dy53My5vcmcvMjAwMC9zdmciPjwvc3ZnPg==\" \/><span aria-hidden=\"true\" class=\"wp-block-cover__background has-background-dim\"><\/span><div class=\"wp-block-cover__inner-container\"><h3 class=\"wp-block-post-title\">Services aux \u00e9l\u00e8ves<\/h3><\/div><\/div>\n\n\n\n<div class=\"wp-block-group alignfull has-padding-y-large has-secondary-background-color has-background\"><div class=\"yoast-breadcrumbs alignwide \"><span class=\"breadcrumbs\"><a href=\"https:\/\/cssdn.gouv.qc.ca\/education-des-adultes\/\" class=\"breadcrumbs__element\">Accueil<\/a> <span class=\"breadcrumbs__separator\">\n        <svg class=\"icon icon-breadcrumb__separator\"><use xlink:href=\"#icon-breadcrumb__separator\"><\/use><\/svg>\n    <\/span> <a href=\"https:\/\/cssdn.gouv.qc.ca\/education-des-adultes\/informations\/\" class=\"breadcrumbs__element\">Informations<\/a> <span class=\"breadcrumbs__separator\">\n        <svg class=\"icon icon-breadcrumb__separator\"><use xlink:href=\"#icon-breadcrumb__separator\"><\/use><\/svg>\n    <\/span> <span class=\"breadcrumbs__element breadcrumbs__element-current\">Services aux \u00e9l\u00e8ves<\/span><\/span><\/div><\/div>\n\n\n\n<div class=\"wp-block-group group-gtranslate\"><div class=\"gtranslate_wrapper\" id=\"gt-wrapper-82910747\"><\/div>\n<\/div>\n\n\n\n<h1 class=\"wp-block-heading\">Services aux \u00e9l\u00e8ves<\/h1>\n\n\n\n\n<p class=\"act-lead wp-block-paragraph\">Le personnel du Centre d\u2019\u00e9ducation des adultes des Navigateurs (C\u00c9AN) est disponible pour aider, guider et r\u00e9f\u00e9rer les \u00e9l\u00e8ves aux partenaires qui travaillent en collaboration avec nous.<\/p>\n\n\n\n\n<div class=\"wp-block-buttons\">\n<div class=\"wp-block-button\"><a class=\"wp-block-button__link wp-element-button\" href=\"https:\/\/cssdn.gouv.qc.ca\/education-des-adultes\/wp-content\/uploads\/sites\/4\/2022\/12\/arbre_des_ressources_0.pdf\" target=\"_blank\" rel=\"noreferrer noopener\">Consulter l\u2019arbre des ressources en sant\u00e9 et services sociaux<\/a><\/div>\n<\/div>\n\n\n\n<div class=\"act-collapsible\">\n<h5 class=\"wp-block-heading act-collapsible__heading\">Conseill\u00e8res d\u2019orientation<\/h5>\n\n\n\n<div class=\"act-collapsible__content\"><div class=\"act-collapsible__content-inner\">\n<ul class=\"wp-block-list\">\n<li>Accueil et int\u00e9gration de nouveaux \u00e9l\u00e8ves au C\u00c9AN<\/li>\n\n\n\n<li>Effectuer des processus d\u2019orientation de groupe et en individuel<\/li>\n\n\n\n<li>Animer diff\u00e9rents ateliers d\u2019information scolaires et professionnels<\/li>\n\n\n\n<li>Planification et organisation d\u2019activit\u00e9s \u00ab orientantes \u00bb pour les \u00e9l\u00e8ves<\/li>\n\n\n\n<li>Animer les ateliers d\u2019information et d\u2019inscription aux acquis extrascolaires (TENS, TDG, PLE)<\/li>\n\n\n\n<li>Suivi personnalis\u00e9 du cheminement scolaire de l\u2019\u00e9l\u00e8ve<\/li>\n\n\n\n<li>Consultation et collaboration avec les enseignants et les autres professionnels (internes et externes)<\/li>\n<\/ul>\n<\/div><\/div>\n<\/div>\n\n\n\n<div class=\"act-collapsible\">\n<h5 class=\"wp-block-heading act-collapsible__heading\">Conseill\u00e8re p\u00e9dagogique pour les programmes d\u2019int\u00e9gration sociale et socioprofessionnelle<\/h5>\n\n\n\n<div class=\"act-collapsible__content\"><div class=\"act-collapsible__content-inner\">\n<p class=\"wp-block-paragraph\">D\u00e9velopper et encadrer diff\u00e9rents programmes ayant comme objectif de favoriser ou de maintenir une bonne autonomie afin de maximiser la participation sociale de chacun des \u00e9l\u00e8ves<\/p>\n<\/div><\/div>\n<\/div>\n\n\n\n<div class=\"act-collapsible\">\n<h5 class=\"wp-block-heading act-collapsible__heading\">Orthop\u00e9dagogues<\/h5>\n\n\n\n<div class=\"act-collapsible__content\"><div class=\"act-collapsible__content-inner\">\n<ul class=\"wp-block-list\">\n<li>Mise en place, reconduction ou r\u00e9\u00e9valuation des mesures d\u2019adaptation<\/li>\n\n\n\n<li>Mise en place ou soutien aux outils technologiques<\/li>\n\n\n\n<li>Accompagnement des \u00e9l\u00e8ves pour les demandes d\u2019aide financi\u00e8re aux \u00e9tudes, dans le cadre du programme d\u2019allocation pour des besoins particuliers<\/li>\n\n\n\n<li>Recommandation pour consultation \u00e0 l\u2019externe<\/li>\n\n\n\n<li>\u00c9laboration des dossiers de d\u00e9rogation aux r\u00e8gles de la sanction<\/li>\n\n\n\n<li>Participation aux pr\u00e9sentations d\u2019\u00e9l\u00e8ves dans le cadre des transitions secondaire\/adulte\/formation professionnelle<\/li>\n\n\n\n<li>\u00c9valuation et analyse de dossiers<\/li>\n\n\n\n<li>Animation d\u2019ateliers en lien avec des besoins cibl\u00e9s<\/li>\n\n\n\n<li>Consultation et collaboration avec les enseignants et autres professionnels (internes ou externes)<\/li>\n\n\n\n<li>Soutien et accompagnement d\u2019\u00e9l\u00e8ves pr\u00e9sentant des besoins sur le plan des apprentissages<\/li>\n<\/ul>\n<\/div><\/div>\n<\/div>\n\n\n\n<div class=\"act-collapsible\">\n<h5 class=\"wp-block-heading act-collapsible__heading\">Techniciens en \u00e9ducation sp\u00e9cialis\u00e9e<\/h5>\n\n\n\n<div class=\"act-collapsible__content\"><div class=\"act-collapsible__content-inner\">\n<ul class=\"wp-block-list\">\n<li>Service de soutien personnel : accueil, \u00e9coute, relation d\u2019aide peu importe la probl\u00e9matique (anxi\u00e9t\u00e9, peine d\u2019amour, conflit familial, intimidation etc)<\/li>\n\n\n\n<li>Estimation du risque suicidaire<\/li>\n\n\n\n<li>Consultation en toxicomanie<\/li>\n\n\n\n<li>\u00c9valuation syst\u00e9mique et orientation vers les partenaires externes<\/li>\n\n\n\n<li>Motivation scolaire<\/li>\n\n\n\n<li>Vie \u00e9tudiante<\/li>\n\n\n\n<li>Souligner certaines semaines th\u00e9matiques (pers\u00e9v\u00e9rance scolaire, consommation responsable, d\u00e9pendances, etc.)<\/li>\n<\/ul>\n<\/div><\/div>\n<\/div>\n\n\n\n<div class=\"act-collapsible\">\n<h5 class=\"wp-block-heading act-collapsible__heading\">Technicien en loisir<\/h5>\n\n\n\n<div class=\"act-collapsible__content\"><div class=\"act-collapsible__content-inner\">\n<p class=\"wp-block-paragraph\">Le r\u00f4le du technicien en loisir a pour but d\u2019am\u00e9liorer la qualit\u00e9 de vie des \u00e9l\u00e8ves, ainsi que leur sentiment d\u2019appartenance au C\u00c9AN. Il planifie, organise, r\u00e9alise et \u00e9value diverses activit\u00e9s (sportives, culturelles, sociales et communautaires) r\u00e9pondant aux besoins des \u00e9l\u00e8ves. Il s\u2019occupe aussi d\u2019encadrer et de coordonner les divers comit\u00e9s d\u2019\u00e9l\u00e8ves dans l\u2019\u00e9cole. Le technicien en loisir prend le pouls et \u00e0 l\u2019\u00e9coute des \u00e9l\u00e8ves, tout en agissant en tant que mod\u00e8le.<\/p>\n<\/div><\/div>\n<\/div>\n\n\n\n<div class=\"act-collapsible\">\n<h5 class=\"wp-block-heading act-collapsible__heading\">Infirmi\u00e8re scolaire<\/h5>\n\n\n\n<div class=\"act-collapsible__content\"><div class=\"act-collapsible__content-inner\">\n<p class=\"wp-block-paragraph\">L\u2019infirmi\u00e8re pr\u00e9sente \u00e0 l\u2019\u00e9cole offre des services professionnels <strong>confidentiels et gratuits<\/strong>. Elle peut :<\/p>\n\n\n\n<ul class=\"wp-block-list\">\n<li>Passer des tests de d\u00e9pistage des ITSS (chlamydia, gonorrh\u00e9e, syphilis, VIH, h\u00e9patite B, h\u00e9patite C);<\/li>\n\n\n\n<li>Prescrire, renouveler ou ajuster la contraception hormonale (pilule, timbre EVRA, anneau NuvaRing, injection D\u00e9po-Provera, st\u00e9rilet);<\/li>\n\n\n\n<li>Administrer l\u2019injection de D\u00e9po-Provera;<\/li>\n\n\n\n<li>Donner la contraception orale d\u2019urgence (dans les 5 jours suivant la relation sexuelle non prot\u00e9g\u00e9e);<\/li>\n\n\n\n<li>Donner des condoms;<\/li>\n\n\n\n<li>Passer un test de grossesse;<\/li>\n\n\n\n<li>Vacciner (h\u00e9patite B, VPH, t\u00e9tanos, etc);<\/li>\n\n\n\n<li>\u00c9valuer et r\u00e9f\u00e9rer, au besoin, \u00e0 un m\u00e9decin, \u00e0 un intervenant social ou \u00e0 un organisme pouvant aider l\u2019\u00e9l\u00e8ve.<\/li>\n<\/ul>\n<\/div><\/div>\n<\/div>\n\n\n\n<p class=\"wp-block-paragraph\"><\/p>\n","protected":false},"excerpt":{"rendered":"<p>Services aux \u00e9l\u00e8ves<\/p>\n","protected":false},"author":1,"featured_media":0,"parent":66,"menu_order":20,"comment_status":"closed","ping_status":"closed","template":"","meta":{"_acf_changed":false,"_crdt_document":"","inline_featured_image":false,"footnotes":""},"categories":[],"tags":[],"class_list":["post-153","page","type-page","status-publish","hentry"],"acf":[],"yoast_head":"<!-- This site is optimized with the Yoast SEO plugin v27.4 - https:\/\/yoast.com\/product\/yoast-seo-wordpress\/ -->\n<title>Services aux \u00e9l\u00e8ves - Centre d\u2019\u00e9ducation des adultes des Navigateurs<\/title>\n<meta name=\"description\" content=\"Services aux \u00e9l\u00e8ves du Centre de formation en entreprise et r\u00e9cup\u00e9ration (CFER) du Centre de services scolaire des Navigateurs (CSSDN).\" \/>\n<meta name=\"robots\" content=\"index, follow, max-snippet:-1, max-image-preview:large, max-video-preview:-1\" \/>\n<link rel=\"canonical\" href=\"https:\/\/cssdn.gouv.qc.ca\/education-des-adultes\/informations\/services-aux-eleves\/\" \/>\n<meta property=\"og:locale\" content=\"fr_CA\" \/>\n<meta property=\"og:type\" content=\"article\" \/>\n<meta property=\"og:title\" content=\"Services aux \u00e9l\u00e8ves - Centre d\u2019\u00e9ducation des adultes des Navigateurs\" \/>\n<meta property=\"og:description\" content=\"Services aux \u00e9l\u00e8ves du Centre de formation en entreprise et r\u00e9cup\u00e9ration (CFER) du Centre de services scolaire des Navigateurs (CSSDN).\" \/>\n<meta property=\"og:url\" content=\"https:\/\/cssdn.gouv.qc.ca\/education-des-adultes\/informations\/services-aux-eleves\/\" \/>\n<meta property=\"og:site_name\" content=\"Centre d\u2019\u00e9ducation des adultes des Navigateurs\" \/>\n<meta property=\"article:publisher\" content=\"https:\/\/www.facebook.com\/CEANavigateurs\/\" \/>\n<meta property=\"article:modified_time\" content=\"2025-11-14T15:37:18+00:00\" \/>\n<meta property=\"og:image\" content=\"https:\/\/cssdn.gouv.qc.ca\/education-des-adultes\/wp-content\/uploads\/sites\/4\/2022\/12\/iStock-524288383-1-scaled.jpeg\" \/>\n\t<meta property=\"og:image:width\" content=\"2560\" \/>\n\t<meta property=\"og:image:height\" content=\"1707\" \/>\n\t<meta property=\"og:image:type\" content=\"image\/jpeg\" \/>\n<meta name=\"twitter:card\" content=\"summary_large_image\" \/>\n<meta name=\"twitter:site\" content=\"@CSSNavigateurs\" \/>\n<meta name=\"twitter:label1\" content=\"Estimation du temps de lecture\" \/>\n\t<meta name=\"twitter:data1\" content=\"3 minutes\" \/>\n<script type=\"application\/ld+json\" class=\"yoast-schema-graph\">{\"@context\":\"https:\\\/\\\/schema.org\",\"@graph\":[{\"@type\":\"WebPage\",\"@id\":\"https:\\\/\\\/cssdn.gouv.qc.ca\\\/education-des-adultes\\\/informations\\\/services-aux-eleves\\\/\",\"url\":\"https:\\\/\\\/cssdn.gouv.qc.ca\\\/education-des-adultes\\\/informations\\\/services-aux-eleves\\\/\",\"name\":\"Services aux \u00e9l\u00e8ves - Centre d\u2019\u00e9ducation des adultes des Navigateurs\",\"isPartOf\":{\"@id\":\"https:\\\/\\\/cssdn.gouv.qc.ca\\\/education-des-adultes\\\/#website\"},\"primaryImageOfPage\":{\"@id\":\"https:\\\/\\\/cssdn.gouv.qc.ca\\\/education-des-adultes\\\/informations\\\/services-aux-eleves\\\/#primaryimage\"},\"image\":{\"@id\":\"https:\\\/\\\/cssdn.gouv.qc.ca\\\/education-des-adultes\\\/informations\\\/services-aux-eleves\\\/#primaryimage\"},\"thumbnailUrl\":\"https:\\\/\\\/cssdn.gouv.qc.ca\\\/education-des-adultes\\\/wp-content\\\/uploads\\\/sites\\\/4\\\/2022\\\/12\\\/iStock-524288383-1-scaled.jpeg\",\"datePublished\":\"2022-11-08T21:40:13+00:00\",\"dateModified\":\"2025-11-14T15:37:18+00:00\",\"description\":\"Services aux \u00e9l\u00e8ves du Centre de formation en entreprise et r\u00e9cup\u00e9ration (CFER) du Centre de services scolaire des Navigateurs (CSSDN).\",\"breadcrumb\":{\"@id\":\"https:\\\/\\\/cssdn.gouv.qc.ca\\\/education-des-adultes\\\/informations\\\/services-aux-eleves\\\/#breadcrumb\"},\"inLanguage\":\"fr-CA\",\"potentialAction\":[{\"@type\":\"ReadAction\",\"target\":[\"https:\\\/\\\/cssdn.gouv.qc.ca\\\/education-des-adultes\\\/informations\\\/services-aux-eleves\\\/\"]}]},{\"@type\":\"ImageObject\",\"inLanguage\":\"fr-CA\",\"@id\":\"https:\\\/\\\/cssdn.gouv.qc.ca\\\/education-des-adultes\\\/informations\\\/services-aux-eleves\\\/#primaryimage\",\"url\":\"https:\\\/\\\/cssdn.gouv.qc.ca\\\/education-des-adultes\\\/wp-content\\\/uploads\\\/sites\\\/4\\\/2022\\\/12\\\/iStock-524288383-1-scaled.jpeg\",\"contentUrl\":\"https:\\\/\\\/cssdn.gouv.qc.ca\\\/education-des-adultes\\\/wp-content\\\/uploads\\\/sites\\\/4\\\/2022\\\/12\\\/iStock-524288383-1-scaled.jpeg\",\"width\":2560,\"height\":1707},{\"@type\":\"BreadcrumbList\",\"@id\":\"https:\\\/\\\/cssdn.gouv.qc.ca\\\/education-des-adultes\\\/informations\\\/services-aux-eleves\\\/#breadcrumb\",\"itemListElement\":[{\"@type\":\"ListItem\",\"position\":1,\"name\":\"Accueil\",\"item\":\"https:\\\/\\\/cssdn.gouv.qc.ca\\\/education-des-adultes\\\/\"},{\"@type\":\"ListItem\",\"position\":2,\"name\":\"Informations\",\"item\":\"https:\\\/\\\/cssdn.gouv.qc.ca\\\/education-des-adultes\\\/informations\\\/\"},{\"@type\":\"ListItem\",\"position\":3,\"name\":\"Services aux \u00e9l\u00e8ves\"}]},{\"@type\":\"WebSite\",\"@id\":\"https:\\\/\\\/cssdn.gouv.qc.ca\\\/education-des-adultes\\\/#website\",\"url\":\"https:\\\/\\\/cssdn.gouv.qc.ca\\\/education-des-adultes\\\/\",\"name\":\"Centre d\u2019\u00e9ducation des adultes des Navigateurs\",\"description\":\"Un site des centres de services scolaires des Navigateurs\",\"publisher\":{\"@id\":\"https:\\\/\\\/cssdn.gouv.qc.ca\\\/education-des-adultes\\\/#organization\"},\"potentialAction\":[{\"@type\":\"SearchAction\",\"target\":{\"@type\":\"EntryPoint\",\"urlTemplate\":\"https:\\\/\\\/cssdn.gouv.qc.ca\\\/education-des-adultes\\\/?s={search_term_string}\"},\"query-input\":{\"@type\":\"PropertyValueSpecification\",\"valueRequired\":true,\"valueName\":\"search_term_string\"}}],\"inLanguage\":\"fr-CA\"},{\"@type\":\"Organization\",\"@id\":\"https:\\\/\\\/cssdn.gouv.qc.ca\\\/education-des-adultes\\\/#organization\",\"name\":\"Centre d\u2019\u00e9ducation des adultes des Navigateurs\",\"url\":\"https:\\\/\\\/cssdn.gouv.qc.ca\\\/education-des-adultes\\\/\",\"logo\":{\"@type\":\"ImageObject\",\"inLanguage\":\"fr-CA\",\"@id\":\"https:\\\/\\\/cssdn.gouv.qc.ca\\\/education-des-adultes\\\/#\\\/schema\\\/logo\\\/image\\\/\",\"url\":\"https:\\\/\\\/cssdn.gouv.qc.ca\\\/education-des-adultes\\\/wp-content\\\/uploads\\\/sites\\\/4\\\/2023\\\/01\\\/logo_quebec.svg\",\"contentUrl\":\"https:\\\/\\\/cssdn.gouv.qc.ca\\\/education-des-adultes\\\/wp-content\\\/uploads\\\/sites\\\/4\\\/2023\\\/01\\\/logo_quebec.svg\",\"width\":188,\"height\":41,\"caption\":\"Centre d\u2019\u00e9ducation des adultes des Navigateurs\"},\"image\":{\"@id\":\"https:\\\/\\\/cssdn.gouv.qc.ca\\\/education-des-adultes\\\/#\\\/schema\\\/logo\\\/image\\\/\"},\"sameAs\":[\"https:\\\/\\\/www.facebook.com\\\/CEANavigateurs\\\/\",\"https:\\\/\\\/x.com\\\/CSSNavigateurs\",\"https:\\\/\\\/www.instagram.com\\\/cssnavigateurs\\\/\",\"https:\\\/\\\/www.linkedin.com\\\/company\\\/cssdn\",\"https:\\\/\\\/www.youtube.com\\\/channel\\\/UCHbNBehije70JBzCIVT82bQ\"]}]}<\/script>\n<!-- \/ Yoast SEO plugin. -->","yoast_head_json":{"title":"Services aux \u00e9l\u00e8ves - Centre d\u2019\u00e9ducation des adultes des Navigateurs","description":"Services aux \u00e9l\u00e8ves du Centre de formation en entreprise et r\u00e9cup\u00e9ration (CFER) du Centre de services scolaire des Navigateurs (CSSDN).","robots":{"index":"index","follow":"follow","max-snippet":"max-snippet:-1","max-image-preview":"max-image-preview:large","max-video-preview":"max-video-preview:-1"},"canonical":"https:\/\/cssdn.gouv.qc.ca\/education-des-adultes\/informations\/services-aux-eleves\/","og_locale":"fr_CA","og_type":"article","og_title":"Services aux \u00e9l\u00e8ves - Centre d\u2019\u00e9ducation des adultes des Navigateurs","og_description":"Services aux \u00e9l\u00e8ves du Centre de formation en entreprise et r\u00e9cup\u00e9ration (CFER) du Centre de services scolaire des Navigateurs (CSSDN).","og_url":"https:\/\/cssdn.gouv.qc.ca\/education-des-adultes\/informations\/services-aux-eleves\/","og_site_name":"Centre d\u2019\u00e9ducation des adultes des Navigateurs","article_publisher":"https:\/\/www.facebook.com\/CEANavigateurs\/","article_modified_time":"2025-11-14T15:37:18+00:00","og_image":[{"width":2560,"height":1707,"url":"https:\/\/cssdn.gouv.qc.ca\/education-des-adultes\/wp-content\/uploads\/sites\/4\/2022\/12\/iStock-524288383-1-scaled.jpeg","type":"image\/jpeg"}],"twitter_card":"summary_large_image","twitter_site":"@CSSNavigateurs","twitter_misc":{"Estimation du temps de lecture":"3 minutes"},"schema":{"@context":"https:\/\/schema.org","@graph":[{"@type":"WebPage","@id":"https:\/\/cssdn.gouv.qc.ca\/education-des-adultes\/informations\/services-aux-eleves\/","url":"https:\/\/cssdn.gouv.qc.ca\/education-des-adultes\/informations\/services-aux-eleves\/","name":"Services aux \u00e9l\u00e8ves - Centre d\u2019\u00e9ducation des adultes des Navigateurs","isPartOf":{"@id":"https:\/\/cssdn.gouv.qc.ca\/education-des-adultes\/#website"},"primaryImageOfPage":{"@id":"https:\/\/cssdn.gouv.qc.ca\/education-des-adultes\/informations\/services-aux-eleves\/#primaryimage"},"image":{"@id":"https:\/\/cssdn.gouv.qc.ca\/education-des-adultes\/informations\/services-aux-eleves\/#primaryimage"},"thumbnailUrl":"https:\/\/cssdn.gouv.qc.ca\/education-des-adultes\/wp-content\/uploads\/sites\/4\/2022\/12\/iStock-524288383-1-scaled.jpeg","datePublished":"2022-11-08T21:40:13+00:00","dateModified":"2025-11-14T15:37:18+00:00","description":"Services aux \u00e9l\u00e8ves du Centre de formation en entreprise et r\u00e9cup\u00e9ration (CFER) du Centre de services scolaire des Navigateurs (CSSDN).","breadcrumb":{"@id":"https:\/\/cssdn.gouv.qc.ca\/education-des-adultes\/informations\/services-aux-eleves\/#breadcrumb"},"inLanguage":"fr-CA","potentialAction":[{"@type":"ReadAction","target":["https:\/\/cssdn.gouv.qc.ca\/education-des-adultes\/informations\/services-aux-eleves\/"]}]},{"@type":"ImageObject","inLanguage":"fr-CA","@id":"https:\/\/cssdn.gouv.qc.ca\/education-des-adultes\/informations\/services-aux-eleves\/#primaryimage","url":"https:\/\/cssdn.gouv.qc.ca\/education-des-adultes\/wp-content\/uploads\/sites\/4\/2022\/12\/iStock-524288383-1-scaled.jpeg","contentUrl":"https:\/\/cssdn.gouv.qc.ca\/education-des-adultes\/wp-content\/uploads\/sites\/4\/2022\/12\/iStock-524288383-1-scaled.jpeg","width":2560,"height":1707},{"@type":"BreadcrumbList","@id":"https:\/\/cssdn.gouv.qc.ca\/education-des-adultes\/informations\/services-aux-eleves\/#breadcrumb","itemListElement":[{"@type":"ListItem","position":1,"name":"Accueil","item":"https:\/\/cssdn.gouv.qc.ca\/education-des-adultes\/"},{"@type":"ListItem","position":2,"name":"Informations","item":"https:\/\/cssdn.gouv.qc.ca\/education-des-adultes\/informations\/"},{"@type":"ListItem","position":3,"name":"Services aux \u00e9l\u00e8ves"}]},{"@type":"WebSite","@id":"https:\/\/cssdn.gouv.qc.ca\/education-des-adultes\/#website","url":"https:\/\/cssdn.gouv.qc.ca\/education-des-adultes\/","name":"Centre d\u2019\u00e9ducation des adultes des Navigateurs","description":"Un site des centres de services scolaires des Navigateurs","publisher":{"@id":"https:\/\/cssdn.gouv.qc.ca\/education-des-adultes\/#organization"},"potentialAction":[{"@type":"SearchAction","target":{"@type":"EntryPoint","urlTemplate":"https:\/\/cssdn.gouv.qc.ca\/education-des-adultes\/?s={search_term_string}"},"query-input":{"@type":"PropertyValueSpecification","valueRequired":true,"valueName":"search_term_string"}}],"inLanguage":"fr-CA"},{"@type":"Organization","@id":"https:\/\/cssdn.gouv.qc.ca\/education-des-adultes\/#organization","name":"Centre d\u2019\u00e9ducation des adultes des Navigateurs","url":"https:\/\/cssdn.gouv.qc.ca\/education-des-adultes\/","logo":{"@type":"ImageObject","inLanguage":"fr-CA","@id":"https:\/\/cssdn.gouv.qc.ca\/education-des-adultes\/#\/schema\/logo\/image\/","url":"https:\/\/cssdn.gouv.qc.ca\/education-des-adultes\/wp-content\/uploads\/sites\/4\/2023\/01\/logo_quebec.svg","contentUrl":"https:\/\/cssdn.gouv.qc.ca\/education-des-adultes\/wp-content\/uploads\/sites\/4\/2023\/01\/logo_quebec.svg","width":188,"height":41,"caption":"Centre d\u2019\u00e9ducation des adultes des Navigateurs"},"image":{"@id":"https:\/\/cssdn.gouv.qc.ca\/education-des-adultes\/#\/schema\/logo\/image\/"},"sameAs":["https:\/\/www.facebook.com\/CEANavigateurs\/","https:\/\/x.com\/CSSNavigateurs","https:\/\/www.instagram.com\/cssnavigateurs\/","https:\/\/www.linkedin.com\/company\/cssdn","https:\/\/www.youtube.com\/channel\/UCHbNBehije70JBzCIVT82bQ"]}]}},"publishpress_future_action":{"enabled":false,"date":"2026-04-27 11:17:24","action":"change-status","newStatus":"draft","terms":[],"taxonomy":"category","extraData":[]},"publishpress_future_workflow_manual_trigger":{"enabledWorkflows":[]},"_links":{"self":[{"href":"https:\/\/cssdn.gouv.qc.ca\/education-des-adultes\/wp-json\/wp\/v2\/pages\/153","targetHints":{"allow":["GET"]}}],"collection":[{"href":"https:\/\/cssdn.gouv.qc.ca\/education-des-adultes\/wp-json\/wp\/v2\/pages"}],"about":[{"href":"https:\/\/cssdn.gouv.qc.ca\/education-des-adultes\/wp-json\/wp\/v2\/types\/page"}],"author":[{"embeddable":true,"href":"https:\/\/cssdn.gouv.qc.ca\/education-des-adultes\/wp-json\/wp\/v2\/users\/1"}],"replies":[{"embeddable":true,"href":"https:\/\/cssdn.gouv.qc.ca\/education-des-adultes\/wp-json\/wp\/v2\/comments?post=153"}],"version-history":[{"count":0,"href":"https:\/\/cssdn.gouv.qc.ca\/education-des-adultes\/wp-json\/wp\/v2\/pages\/153\/revisions"}],"up":[{"embeddable":true,"href":"https:\/\/cssdn.gouv.qc.ca\/education-des-adultes\/wp-json\/wp\/v2\/pages\/66"}],"wp:attachment":[{"href":"https:\/\/cssdn.gouv.qc.ca\/education-des-adultes\/wp-json\/wp\/v2\/media?parent=153"}],"wp:term":[{"taxonomy":"category","embeddable":true,"href":"https:\/\/cssdn.gouv.qc.ca\/education-des-adultes\/wp-json\/wp\/v2\/categories?post=153"},{"taxonomy":"post_tag","embeddable":true,"href":"https:\/\/cssdn.gouv.qc.ca\/education-des-adultes\/wp-json\/wp\/v2\/tags?post=153"}],"curies":[{"name":"wp","href":"https:\/\/api.w.org\/{rel}","templated":true}]}}