
{"id":64,"date":"2022-11-03T20:37:33","date_gmt":"2022-11-03T20:37:33","guid":{"rendered":"https:\/\/cssdn.gouv.qc.ca\/education-des-adultes-site\/?page_id=64"},"modified":"2023-02-10T20:22:20","modified_gmt":"2023-02-10T20:22:20","slug":"inscriptions","status":"publish","type":"page","link":"https:\/\/cssdn.gouv.qc.ca\/education-des-adultes\/inscriptions\/","title":{"rendered":"Inscriptions"},"content":{"rendered":"\n<div class=\"wp-block-cover alignfull is-light is-style-title-banner\"><span aria-hidden=\"true\" class=\"wp-block-cover__background has-background-dim\"><\/span><img decoding=\"async\" width=\"2560\" height=\"1440\" class=\"wp-block-cover__image-background wp-image-417 lazyload\" alt=\"\" data-src=\"https:\/\/cssdn.gouv.qc.ca\/education-des-adultes\/wp-content\/uploads\/sites\/4\/2022\/12\/AdobeStock_285759598-scaled.jpeg\" style=\"--smush-placeholder-width: 2560px; --smush-placeholder-aspect-ratio: 2560\/1440;object-position:52% 38%\" data-object-fit=\"cover\" data-object-position=\"52% 38%\" data-srcset=\"https:\/\/cssdn.gouv.qc.ca\/education-des-adultes\/wp-content\/uploads\/sites\/4\/2022\/12\/AdobeStock_285759598-scaled.jpeg 2560w, https:\/\/cssdn.gouv.qc.ca\/education-des-adultes\/wp-content\/uploads\/sites\/4\/2022\/12\/AdobeStock_285759598-300x169.jpeg 300w, https:\/\/cssdn.gouv.qc.ca\/education-des-adultes\/wp-content\/uploads\/sites\/4\/2022\/12\/AdobeStock_285759598-1024x576.jpeg 1024w, https:\/\/cssdn.gouv.qc.ca\/education-des-adultes\/wp-content\/uploads\/sites\/4\/2022\/12\/AdobeStock_285759598-768x432.jpeg 768w, https:\/\/cssdn.gouv.qc.ca\/education-des-adultes\/wp-content\/uploads\/sites\/4\/2022\/12\/AdobeStock_285759598-1536x864.jpeg 1536w, https:\/\/cssdn.gouv.qc.ca\/education-des-adultes\/wp-content\/uploads\/sites\/4\/2022\/12\/AdobeStock_285759598-2048x1152.jpeg 2048w\" data-sizes=\"(max-width: 2560px) 100vw, 2560px\" src=\"data:image\/svg+xml;base64,PHN2ZyB3aWR0aD0iMSIgaGVpZ2h0PSIxIiB4bWxucz0iaHR0cDovL3d3dy53My5vcmcvMjAwMC9zdmciPjwvc3ZnPg==\" \/><div class=\"wp-block-cover__inner-container\"><h3 class=\"wp-block-post-title\">Inscriptions<\/h3><\/div><\/div>\n\n\n\n<div class=\"wp-block-group alignfull has-padding-y-large has-secondary-background-color has-background\"><div class=\"yoast-breadcrumbs alignwide \"><span class=\"breadcrumbs\"><a href=\"https:\/\/cssdn.gouv.qc.ca\/education-des-adultes\/\" class=\"breadcrumbs__element\">Accueil<\/a> <span class=\"breadcrumbs__separator\">\n        <svg class=\"icon icon-breadcrumb__separator\"><use xlink:href=\"#icon-breadcrumb__separator\"><\/use><\/svg>\n    <\/span> <span class=\"breadcrumbs__element breadcrumbs__element-current\">Inscriptions<\/span><\/span><\/div><\/div>\n\n\n\n<div class=\"wp-block-group group-gtranslate\"><div class=\"gtranslate_wrapper\" id=\"gt-wrapper-52077598\"><\/div>\n<\/div>\n\n\n\n<h3 class=\"wp-block-heading\">Inscription dans nos diff\u00e9rents programmes<\/h3>\n\n\n\n\n<p class=\"act-lead has-medium-font-size wp-block-paragraph\">Acc\u00e8s coll\u00e9gial et formation professionnelle:&nbsp;<a href=\"https:\/\/cssdn.gouv.qc.ca\/education-des-adultes\/formations\/acces-collegial-et-formation-professionnelle\/\">CLIQUEZ ICI<\/a><br><br>Formation g\u00e9n\u00e9rale des adultes:&nbsp;<a href=\"https:\/\/cssdn.gouv.qc.ca\/education-des-adultes\/formations\/formation-generale-des-adultes\/\">CLIQUEZ ICI<\/a><br><br>Enseignement \u00e0 distance:&nbsp;<a href=\"https:\/\/cssdn.gouv.qc.ca\/education-des-adultes\/formations\/enseignement-a-distance\/\">CLIQUEZ ICI<\/a><br><br>Int\u00e9gration sociale:&nbsp;<a href=\"https:\/\/cssdn.gouv.qc.ca\/education-des-adultes\/formations\/integration-sociale\/\">CLIQUEZ ICI<\/a><br><br>Francisation:&nbsp;<a href=\"https:\/\/cssdn.gouv.qc.ca\/education-des-adultes\/formations\/francisation\/\">CLIQUEZ ICI<\/a><\/p>\n\n\n\n\n<h3 class=\"wp-block-heading\">Inscription pour la reconnaissance des acquis<\/h3>\n\n\n\n<p class=\"wp-block-paragraph\">Test d&rsquo;\u00e9quivalence de 5e secondaire (TENS):&nbsp;<a href=\"https:\/\/cssdn.gouv.qc.ca\/education-des-adultes\/formations\/tests-dequivalence-de-niveau-secondaire-tens\/\">CLIQUEZ ICI<\/a><\/p>\n\n\n\n<p class=\"wp-block-paragraph\">Test de d\u00e9veloppement g\u00e9n\u00e9ral (TDG):&nbsp;<a href=\"https:\/\/cssdn.gouv.qc.ca\/education-des-adultes\/formations\/test-de-developpement-general-tdg\/\">CLIQUEZ ICI<\/a><\/p>\n\n\n\n<p class=\"wp-block-paragraph\"><\/p>\n\n\n\n<div class=\"wp-block-group alignfull is-style-bg-gradient\"><\/div>\n\n\n\n<div class=\"wp-block-group alignfull is-style-bg-gradient\"><\/div>\n","protected":false},"excerpt":{"rendered":"<p>Inscription dans nos diff\u00e9rents programmes Inscription pour la reconnaissance des acquis Test d&rsquo;\u00e9quivalence de 5e secondaire (TENS):&nbsp;CLIQUEZ ICI Test de d\u00e9veloppement g\u00e9n\u00e9ral (TDG):&nbsp;CLIQUEZ ICI<\/p>\n","protected":false},"author":1,"featured_media":0,"parent":0,"menu_order":30,"comment_status":"closed","ping_status":"closed","template":"","meta":{"_acf_changed":false,"_crdt_document":"","inline_featured_image":false,"footnotes":""},"categories":[],"tags":[],"class_list":["post-64","page","type-page","status-publish","hentry"],"acf":[],"yoast_head":"<!-- This site is optimized with the Yoast SEO plugin v27.5 - https:\/\/yoast.com\/product\/yoast-seo-wordpress\/ -->\n<title>Inscriptions - Centre d\u2019\u00e9ducation des adultes des Navigateurs<\/title>\n<meta name=\"description\" content=\"D\u00e9couvrez comment vous inscrire au Centre de formation en entreprise et r\u00e9cup\u00e9ration (CFER) du Centre de services scolaire des Navigateurs (CSSDN).\" \/>\n<meta name=\"robots\" content=\"index, follow, max-snippet:-1, max-image-preview:large, max-video-preview:-1\" \/>\n<link rel=\"canonical\" href=\"https:\/\/cssdn.gouv.qc.ca\/education-des-adultes\/inscriptions\/\" \/>\n<meta property=\"og:locale\" content=\"fr_CA\" \/>\n<meta property=\"og:type\" content=\"article\" \/>\n<meta property=\"og:title\" content=\"Inscriptions - Centre d\u2019\u00e9ducation des adultes des Navigateurs\" \/>\n<meta property=\"og:description\" content=\"D\u00e9couvrez comment vous inscrire au Centre de formation en entreprise et r\u00e9cup\u00e9ration (CFER) du Centre de services scolaire des Navigateurs (CSSDN).\" \/>\n<meta property=\"og:url\" content=\"https:\/\/cssdn.gouv.qc.ca\/education-des-adultes\/inscriptions\/\" \/>\n<meta property=\"og:site_name\" content=\"Centre d\u2019\u00e9ducation des adultes des Navigateurs\" \/>\n<meta property=\"article:publisher\" content=\"https:\/\/www.facebook.com\/CEANavigateurs\/\" \/>\n<meta property=\"article:modified_time\" content=\"2023-02-10T20:22:20+00:00\" \/>\n<meta property=\"og:image\" content=\"https:\/\/cssdn.gouv.qc.ca\/education-des-adultes\/wp-content\/uploads\/sites\/4\/2022\/12\/AdobeStock_285759598-scaled.jpeg\" \/>\n<meta name=\"twitter:card\" content=\"summary_large_image\" \/>\n<meta name=\"twitter:site\" content=\"@CSSNavigateurs\" \/>\n<meta name=\"twitter:label1\" content=\"Estimation du temps de lecture\" \/>\n\t<meta name=\"twitter:data1\" content=\"1 minute\" \/>\n<script type=\"application\/ld+json\" class=\"yoast-schema-graph\">{\"@context\":\"https:\\\/\\\/schema.org\",\"@graph\":[{\"@type\":\"WebPage\",\"@id\":\"https:\\\/\\\/cssdn.gouv.qc.ca\\\/education-des-adultes\\\/inscriptions\\\/\",\"url\":\"https:\\\/\\\/cssdn.gouv.qc.ca\\\/education-des-adultes\\\/inscriptions\\\/\",\"name\":\"Inscriptions - Centre d\u2019\u00e9ducation des adultes des Navigateurs\",\"isPartOf\":{\"@id\":\"https:\\\/\\\/cssdn.gouv.qc.ca\\\/education-des-adultes\\\/#website\"},\"primaryImageOfPage\":{\"@id\":\"https:\\\/\\\/cssdn.gouv.qc.ca\\\/education-des-adultes\\\/inscriptions\\\/#primaryimage\"},\"image\":{\"@id\":\"https:\\\/\\\/cssdn.gouv.qc.ca\\\/education-des-adultes\\\/inscriptions\\\/#primaryimage\"},\"thumbnailUrl\":\"https:\\\/\\\/cssdn.gouv.qc.ca\\\/education-des-adultes\\\/wp-content\\\/uploads\\\/sites\\\/4\\\/2022\\\/12\\\/AdobeStock_285759598-scaled.jpeg\",\"datePublished\":\"2022-11-03T20:37:33+00:00\",\"dateModified\":\"2023-02-10T20:22:20+00:00\",\"description\":\"D\u00e9couvrez comment vous inscrire au Centre de formation en entreprise et r\u00e9cup\u00e9ration (CFER) du Centre de services scolaire des Navigateurs (CSSDN).\",\"breadcrumb\":{\"@id\":\"https:\\\/\\\/cssdn.gouv.qc.ca\\\/education-des-adultes\\\/inscriptions\\\/#breadcrumb\"},\"inLanguage\":\"fr-CA\",\"potentialAction\":[{\"@type\":\"ReadAction\",\"target\":[\"https:\\\/\\\/cssdn.gouv.qc.ca\\\/education-des-adultes\\\/inscriptions\\\/\"]}]},{\"@type\":\"ImageObject\",\"inLanguage\":\"fr-CA\",\"@id\":\"https:\\\/\\\/cssdn.gouv.qc.ca\\\/education-des-adultes\\\/inscriptions\\\/#primaryimage\",\"url\":\"https:\\\/\\\/cssdn.gouv.qc.ca\\\/education-des-adultes\\\/wp-content\\\/uploads\\\/sites\\\/4\\\/2022\\\/12\\\/AdobeStock_285759598-scaled.jpeg\",\"contentUrl\":\"https:\\\/\\\/cssdn.gouv.qc.ca\\\/education-des-adultes\\\/wp-content\\\/uploads\\\/sites\\\/4\\\/2022\\\/12\\\/AdobeStock_285759598-scaled.jpeg\",\"width\":2560,\"height\":1440,\"caption\":\"High school friends laughing, solving problems on whiteboard and taking notes\"},{\"@type\":\"BreadcrumbList\",\"@id\":\"https:\\\/\\\/cssdn.gouv.qc.ca\\\/education-des-adultes\\\/inscriptions\\\/#breadcrumb\",\"itemListElement\":[{\"@type\":\"ListItem\",\"position\":1,\"name\":\"Accueil\",\"item\":\"https:\\\/\\\/cssdn.gouv.qc.ca\\\/education-des-adultes\\\/\"},{\"@type\":\"ListItem\",\"position\":2,\"name\":\"Inscriptions\"}]},{\"@type\":\"WebSite\",\"@id\":\"https:\\\/\\\/cssdn.gouv.qc.ca\\\/education-des-adultes\\\/#website\",\"url\":\"https:\\\/\\\/cssdn.gouv.qc.ca\\\/education-des-adultes\\\/\",\"name\":\"Centre d\u2019\u00e9ducation des adultes des Navigateurs\",\"description\":\"Un site des centres de services scolaires des Navigateurs\",\"publisher\":{\"@id\":\"https:\\\/\\\/cssdn.gouv.qc.ca\\\/education-des-adultes\\\/#organization\"},\"potentialAction\":[{\"@type\":\"SearchAction\",\"target\":{\"@type\":\"EntryPoint\",\"urlTemplate\":\"https:\\\/\\\/cssdn.gouv.qc.ca\\\/education-des-adultes\\\/?s={search_term_string}\"},\"query-input\":{\"@type\":\"PropertyValueSpecification\",\"valueRequired\":true,\"valueName\":\"search_term_string\"}}],\"inLanguage\":\"fr-CA\"},{\"@type\":\"Organization\",\"@id\":\"https:\\\/\\\/cssdn.gouv.qc.ca\\\/education-des-adultes\\\/#organization\",\"name\":\"Centre d\u2019\u00e9ducation des adultes des Navigateurs\",\"url\":\"https:\\\/\\\/cssdn.gouv.qc.ca\\\/education-des-adultes\\\/\",\"logo\":{\"@type\":\"ImageObject\",\"inLanguage\":\"fr-CA\",\"@id\":\"https:\\\/\\\/cssdn.gouv.qc.ca\\\/education-des-adultes\\\/#\\\/schema\\\/logo\\\/image\\\/\",\"url\":\"https:\\\/\\\/cssdn.gouv.qc.ca\\\/education-des-adultes\\\/wp-content\\\/uploads\\\/sites\\\/4\\\/2023\\\/01\\\/logo_quebec.svg\",\"contentUrl\":\"https:\\\/\\\/cssdn.gouv.qc.ca\\\/education-des-adultes\\\/wp-content\\\/uploads\\\/sites\\\/4\\\/2023\\\/01\\\/logo_quebec.svg\",\"width\":188,\"height\":41,\"caption\":\"Centre d\u2019\u00e9ducation des adultes des Navigateurs\"},\"image\":{\"@id\":\"https:\\\/\\\/cssdn.gouv.qc.ca\\\/education-des-adultes\\\/#\\\/schema\\\/logo\\\/image\\\/\"},\"sameAs\":[\"https:\\\/\\\/www.facebook.com\\\/CEANavigateurs\\\/\",\"https:\\\/\\\/x.com\\\/CSSNavigateurs\",\"https:\\\/\\\/www.instagram.com\\\/cssnavigateurs\\\/\",\"https:\\\/\\\/www.linkedin.com\\\/company\\\/cssdn\",\"https:\\\/\\\/www.youtube.com\\\/channel\\\/UCHbNBehije70JBzCIVT82bQ\"]}]}<\/script>\n<!-- \/ Yoast SEO plugin. -->","yoast_head_json":{"title":"Inscriptions - Centre d\u2019\u00e9ducation des adultes des Navigateurs","description":"D\u00e9couvrez comment vous inscrire au Centre de formation en entreprise et r\u00e9cup\u00e9ration (CFER) du Centre de services scolaire des Navigateurs (CSSDN).","robots":{"index":"index","follow":"follow","max-snippet":"max-snippet:-1","max-image-preview":"max-image-preview:large","max-video-preview":"max-video-preview:-1"},"canonical":"https:\/\/cssdn.gouv.qc.ca\/education-des-adultes\/inscriptions\/","og_locale":"fr_CA","og_type":"article","og_title":"Inscriptions - Centre d\u2019\u00e9ducation des adultes des Navigateurs","og_description":"D\u00e9couvrez comment vous inscrire au Centre de formation en entreprise et r\u00e9cup\u00e9ration (CFER) du Centre de services scolaire des Navigateurs (CSSDN).","og_url":"https:\/\/cssdn.gouv.qc.ca\/education-des-adultes\/inscriptions\/","og_site_name":"Centre d\u2019\u00e9ducation des adultes des Navigateurs","article_publisher":"https:\/\/www.facebook.com\/CEANavigateurs\/","article_modified_time":"2023-02-10T20:22:20+00:00","og_image":[{"url":"https:\/\/cssdn.gouv.qc.ca\/education-des-adultes\/wp-content\/uploads\/sites\/4\/2022\/12\/AdobeStock_285759598-scaled.jpeg","type":"","width":"","height":""}],"twitter_card":"summary_large_image","twitter_site":"@CSSNavigateurs","twitter_misc":{"Estimation du temps de lecture":"1 minute"},"schema":{"@context":"https:\/\/schema.org","@graph":[{"@type":"WebPage","@id":"https:\/\/cssdn.gouv.qc.ca\/education-des-adultes\/inscriptions\/","url":"https:\/\/cssdn.gouv.qc.ca\/education-des-adultes\/inscriptions\/","name":"Inscriptions - Centre d\u2019\u00e9ducation des adultes des Navigateurs","isPartOf":{"@id":"https:\/\/cssdn.gouv.qc.ca\/education-des-adultes\/#website"},"primaryImageOfPage":{"@id":"https:\/\/cssdn.gouv.qc.ca\/education-des-adultes\/inscriptions\/#primaryimage"},"image":{"@id":"https:\/\/cssdn.gouv.qc.ca\/education-des-adultes\/inscriptions\/#primaryimage"},"thumbnailUrl":"https:\/\/cssdn.gouv.qc.ca\/education-des-adultes\/wp-content\/uploads\/sites\/4\/2022\/12\/AdobeStock_285759598-scaled.jpeg","datePublished":"2022-11-03T20:37:33+00:00","dateModified":"2023-02-10T20:22:20+00:00","description":"D\u00e9couvrez comment vous inscrire au Centre de formation en entreprise et r\u00e9cup\u00e9ration (CFER) du Centre de services scolaire des Navigateurs (CSSDN).","breadcrumb":{"@id":"https:\/\/cssdn.gouv.qc.ca\/education-des-adultes\/inscriptions\/#breadcrumb"},"inLanguage":"fr-CA","potentialAction":[{"@type":"ReadAction","target":["https:\/\/cssdn.gouv.qc.ca\/education-des-adultes\/inscriptions\/"]}]},{"@type":"ImageObject","inLanguage":"fr-CA","@id":"https:\/\/cssdn.gouv.qc.ca\/education-des-adultes\/inscriptions\/#primaryimage","url":"https:\/\/cssdn.gouv.qc.ca\/education-des-adultes\/wp-content\/uploads\/sites\/4\/2022\/12\/AdobeStock_285759598-scaled.jpeg","contentUrl":"https:\/\/cssdn.gouv.qc.ca\/education-des-adultes\/wp-content\/uploads\/sites\/4\/2022\/12\/AdobeStock_285759598-scaled.jpeg","width":2560,"height":1440,"caption":"High school friends laughing, solving problems on whiteboard and taking notes"},{"@type":"BreadcrumbList","@id":"https:\/\/cssdn.gouv.qc.ca\/education-des-adultes\/inscriptions\/#breadcrumb","itemListElement":[{"@type":"ListItem","position":1,"name":"Accueil","item":"https:\/\/cssdn.gouv.qc.ca\/education-des-adultes\/"},{"@type":"ListItem","position":2,"name":"Inscriptions"}]},{"@type":"WebSite","@id":"https:\/\/cssdn.gouv.qc.ca\/education-des-adultes\/#website","url":"https:\/\/cssdn.gouv.qc.ca\/education-des-adultes\/","name":"Centre d\u2019\u00e9ducation des adultes des Navigateurs","description":"Un site des centres de services scolaires des Navigateurs","publisher":{"@id":"https:\/\/cssdn.gouv.qc.ca\/education-des-adultes\/#organization"},"potentialAction":[{"@type":"SearchAction","target":{"@type":"EntryPoint","urlTemplate":"https:\/\/cssdn.gouv.qc.ca\/education-des-adultes\/?s={search_term_string}"},"query-input":{"@type":"PropertyValueSpecification","valueRequired":true,"valueName":"search_term_string"}}],"inLanguage":"fr-CA"},{"@type":"Organization","@id":"https:\/\/cssdn.gouv.qc.ca\/education-des-adultes\/#organization","name":"Centre d\u2019\u00e9ducation des adultes des Navigateurs","url":"https:\/\/cssdn.gouv.qc.ca\/education-des-adultes\/","logo":{"@type":"ImageObject","inLanguage":"fr-CA","@id":"https:\/\/cssdn.gouv.qc.ca\/education-des-adultes\/#\/schema\/logo\/image\/","url":"https:\/\/cssdn.gouv.qc.ca\/education-des-adultes\/wp-content\/uploads\/sites\/4\/2023\/01\/logo_quebec.svg","contentUrl":"https:\/\/cssdn.gouv.qc.ca\/education-des-adultes\/wp-content\/uploads\/sites\/4\/2023\/01\/logo_quebec.svg","width":188,"height":41,"caption":"Centre d\u2019\u00e9ducation des adultes des Navigateurs"},"image":{"@id":"https:\/\/cssdn.gouv.qc.ca\/education-des-adultes\/#\/schema\/logo\/image\/"},"sameAs":["https:\/\/www.facebook.com\/CEANavigateurs\/","https:\/\/x.com\/CSSNavigateurs","https:\/\/www.instagram.com\/cssnavigateurs\/","https:\/\/www.linkedin.com\/company\/cssdn","https:\/\/www.youtube.com\/channel\/UCHbNBehije70JBzCIVT82bQ"]}]}},"publishpress_future_action":{"enabled":false,"date":"2026-05-09 04:17:34","action":"change-status","newStatus":"draft","terms":[],"taxonomy":"category","extraData":[]},"publishpress_future_workflow_manual_trigger":{"enabledWorkflows":[]},"_links":{"self":[{"href":"https:\/\/cssdn.gouv.qc.ca\/education-des-adultes\/wp-json\/wp\/v2\/pages\/64","targetHints":{"allow":["GET"]}}],"collection":[{"href":"https:\/\/cssdn.gouv.qc.ca\/education-des-adultes\/wp-json\/wp\/v2\/pages"}],"about":[{"href":"https:\/\/cssdn.gouv.qc.ca\/education-des-adultes\/wp-json\/wp\/v2\/types\/page"}],"author":[{"embeddable":true,"href":"https:\/\/cssdn.gouv.qc.ca\/education-des-adultes\/wp-json\/wp\/v2\/users\/1"}],"replies":[{"embeddable":true,"href":"https:\/\/cssdn.gouv.qc.ca\/education-des-adultes\/wp-json\/wp\/v2\/comments?post=64"}],"version-history":[{"count":0,"href":"https:\/\/cssdn.gouv.qc.ca\/education-des-adultes\/wp-json\/wp\/v2\/pages\/64\/revisions"}],"wp:attachment":[{"href":"https:\/\/cssdn.gouv.qc.ca\/education-des-adultes\/wp-json\/wp\/v2\/media?parent=64"}],"wp:term":[{"taxonomy":"category","embeddable":true,"href":"https:\/\/cssdn.gouv.qc.ca\/education-des-adultes\/wp-json\/wp\/v2\/categories?post=64"},{"taxonomy":"post_tag","embeddable":true,"href":"https:\/\/cssdn.gouv.qc.ca\/education-des-adultes\/wp-json\/wp\/v2\/tags?post=64"}],"curies":[{"name":"wp","href":"https:\/\/api.w.org\/{rel}","templated":true}]}}