
{"id":68,"date":"2022-11-03T20:37:57","date_gmt":"2022-11-03T20:37:57","guid":{"rendered":"https:\/\/cssdn.gouv.qc.ca\/education-des-adultes-site\/?page_id=68"},"modified":"2025-09-19T13:58:22","modified_gmt":"2025-09-19T13:58:22","slug":"sarca","status":"publish","type":"page","link":"https:\/\/cssdn.gouv.qc.ca\/education-des-adultes\/sarca\/","title":{"rendered":"SARCA"},"content":{"rendered":"\n<div class=\"wp-block-cover alignfull is-light is-style-title-banner\"><img decoding=\"async\" width=\"2560\" height=\"1440\" class=\"wp-block-cover__image-background wp-image-417 lazyload\" alt=\"\" data-src=\"https:\/\/cssdn.gouv.qc.ca\/education-des-adultes\/wp-content\/uploads\/sites\/4\/2022\/12\/AdobeStock_285759598-scaled.jpeg\" style=\"--smush-placeholder-width: 2560px; --smush-placeholder-aspect-ratio: 2560\/1440;object-position:52% 24%\" data-object-fit=\"cover\" data-object-position=\"52% 24%\" data-srcset=\"https:\/\/cssdn.gouv.qc.ca\/education-des-adultes\/wp-content\/uploads\/sites\/4\/2022\/12\/AdobeStock_285759598-scaled.jpeg 2560w, https:\/\/cssdn.gouv.qc.ca\/education-des-adultes\/wp-content\/uploads\/sites\/4\/2022\/12\/AdobeStock_285759598-300x169.jpeg 300w, https:\/\/cssdn.gouv.qc.ca\/education-des-adultes\/wp-content\/uploads\/sites\/4\/2022\/12\/AdobeStock_285759598-1024x576.jpeg 1024w, https:\/\/cssdn.gouv.qc.ca\/education-des-adultes\/wp-content\/uploads\/sites\/4\/2022\/12\/AdobeStock_285759598-768x432.jpeg 768w, https:\/\/cssdn.gouv.qc.ca\/education-des-adultes\/wp-content\/uploads\/sites\/4\/2022\/12\/AdobeStock_285759598-1536x864.jpeg 1536w, https:\/\/cssdn.gouv.qc.ca\/education-des-adultes\/wp-content\/uploads\/sites\/4\/2022\/12\/AdobeStock_285759598-2048x1152.jpeg 2048w\" data-sizes=\"(max-width: 2560px) 100vw, 2560px\" src=\"data:image\/svg+xml;base64,PHN2ZyB3aWR0aD0iMSIgaGVpZ2h0PSIxIiB4bWxucz0iaHR0cDovL3d3dy53My5vcmcvMjAwMC9zdmciPjwvc3ZnPg==\" \/><span aria-hidden=\"true\" class=\"wp-block-cover__background has-background-dim\"><\/span><div class=\"wp-block-cover__inner-container\"><h3 class=\"wp-block-post-title\">SARCA<\/h3><\/div><\/div>\n\n\n\n<div class=\"wp-block-group alignfull has-padding-y-large has-secondary-background-color has-background\"><div class=\"yoast-breadcrumbs alignwide \"><span class=\"breadcrumbs\"><a href=\"https:\/\/cssdn.gouv.qc.ca\/education-des-adultes\/\" class=\"breadcrumbs__element\">Accueil<\/a> <span class=\"breadcrumbs__separator\">\n        <svg class=\"icon icon-breadcrumb__separator\"><use xlink:href=\"#icon-breadcrumb__separator\"><\/use><\/svg>\n    <\/span> <span class=\"breadcrumbs__element breadcrumbs__element-current\">SARCA<\/span><\/span><\/div><\/div>\n\n\n\n<div class=\"wp-block-group group-gtranslate\"><div class=\"gtranslate_wrapper\" id=\"gt-wrapper-47072965\"><\/div>\n<\/div>\n\n\n\n<h1 class=\"wp-block-heading\">Service d\u2019accueil, de r\u00e9f\u00e9rence, de conseil et d\u2019accompagnement (SARCA)<\/h1>\n\n\n\n\n<p class=\"act-lead wp-block-paragraph\">Le Centre de services scolaire des Navigateurs offre des <a href=\"https:\/\/cssdn.gouv.qc.ca\/services-a-la-population\/sarca\/\" target=\"_blank\" rel=\"noreferrer noopener\">services d&rsquo;accueil, de r\u00e9f\u00e9rence, de conseil et d&rsquo;accompagnement (SARCA)<\/a> aux r\u00e9sidents de son territoire.<br><br><strong>Les SARCA (Services d\u2019accueil, de r\u00e9f\u00e9rence, de conseil et d\u2019accompagnement) des Navigateurs desservent<strong> exclusivement les adultes<\/strong>\u00a0<strong>de L\u00e9vis, de la MRC de Lotbini\u00e8re, de Saint-Henri et de Saint-Lambert-de-Lauzon. <\/strong> \u26a0\ufe0f <em>Nous ne sommes pas affili\u00e9s aux SARCA de la r\u00e9gion de Qu\u00e9bec, de Montr\u00e9al, etc.<\/em><\/strong><\/p>\n\n\n\n\n<ul class=\"wp-block-list\">\n<li>Vous envisagez un retour aux \u00e9tudes, un changement de carri\u00e8re ou une reconnaissance de vos acquis et comp\u00e9tences?<\/li>\n\n\n\n<li>Vous d\u00e9sirez am\u00e9liorer votre situation personnelle et professionnelle?<\/li>\n\n\n\n<li>Vous r\u00e9fl\u00e9chissez \u00e0 votre avenir?<\/li>\n<\/ul>\n\n\n\n<p class=\"wp-block-paragraph\">Venez rencontrer nos conseillers en orientation pour un accompagnement dans l\u2019\u00e9laboration de votre projet professionnel et pour vous aider \u00e0 prendre une d\u00e9cision \u00e9clair\u00e9e.<\/p>\n\n\n\n<div class=\"wp-block-buttons\">\n<div class=\"wp-block-button\"><a class=\"wp-block-button__link wp-element-button\" href=\"http:\/\/sarca.ca\" target=\"_blank\" rel=\"noreferrer noopener\">Consultez le site des SARCA<\/a><\/div>\n<\/div>\n","protected":false},"excerpt":{"rendered":"<p>Service d\u2019accueil, de r\u00e9f\u00e9rence, de conseil et d\u2019accompagnement (SARCA) Venez rencontrer nos conseillers en orientation pour un accompagnement dans l\u2019\u00e9laboration de votre projet professionnel et pour vous aider \u00e0 prendre une d\u00e9cision \u00e9clair\u00e9e.<\/p>\n","protected":false},"author":1,"featured_media":0,"parent":0,"menu_order":50,"comment_status":"closed","ping_status":"closed","template":"","meta":{"_acf_changed":false,"_crdt_document":"","inline_featured_image":false,"footnotes":""},"categories":[],"tags":[],"class_list":["post-68","page","type-page","status-publish","hentry"],"acf":[],"yoast_head":"<!-- This site is optimized with the Yoast SEO plugin v27.4 - https:\/\/yoast.com\/product\/yoast-seo-wordpress\/ -->\n<title>SARCA - Centre d\u2019\u00e9ducation des adultes des Navigateurs<\/title>\n<meta name=\"description\" content=\"En savoir plus sur les services d&#039;accueil, de r\u00e9f\u00e9rence, de conseil et d&#039;accompagnement (SARCA) au CSSDN.\" \/>\n<meta name=\"robots\" content=\"index, follow, max-snippet:-1, max-image-preview:large, max-video-preview:-1\" \/>\n<link rel=\"canonical\" href=\"https:\/\/cssdn.gouv.qc.ca\/education-des-adultes\/sarca\/\" \/>\n<meta property=\"og:locale\" content=\"fr_CA\" \/>\n<meta property=\"og:type\" content=\"article\" \/>\n<meta property=\"og:title\" content=\"SARCA - Centre d\u2019\u00e9ducation des adultes des Navigateurs\" \/>\n<meta property=\"og:description\" content=\"En savoir plus sur les services d&#039;accueil, de r\u00e9f\u00e9rence, de conseil et d&#039;accompagnement (SARCA) au CSSDN.\" \/>\n<meta property=\"og:url\" content=\"https:\/\/cssdn.gouv.qc.ca\/education-des-adultes\/sarca\/\" \/>\n<meta property=\"og:site_name\" content=\"Centre d\u2019\u00e9ducation des adultes des Navigateurs\" \/>\n<meta property=\"article:publisher\" content=\"https:\/\/www.facebook.com\/CEANavigateurs\/\" \/>\n<meta property=\"article:modified_time\" content=\"2025-09-19T13:58:22+00:00\" \/>\n<meta property=\"og:image\" content=\"https:\/\/cssdn.gouv.qc.ca\/education-des-adultes\/wp-content\/uploads\/sites\/4\/2022\/12\/AdobeStock_285759598-scaled.jpeg\" \/>\n\t<meta property=\"og:image:width\" content=\"2560\" \/>\n\t<meta property=\"og:image:height\" content=\"1440\" \/>\n\t<meta property=\"og:image:type\" content=\"image\/jpeg\" \/>\n<meta name=\"twitter:card\" content=\"summary_large_image\" \/>\n<meta name=\"twitter:site\" content=\"@CSSNavigateurs\" \/>\n<meta name=\"twitter:label1\" content=\"Estimation du temps de lecture\" \/>\n\t<meta name=\"twitter:data1\" content=\"1 minute\" \/>\n<script type=\"application\/ld+json\" class=\"yoast-schema-graph\">{\"@context\":\"https:\\\/\\\/schema.org\",\"@graph\":[{\"@type\":\"WebPage\",\"@id\":\"https:\\\/\\\/cssdn.gouv.qc.ca\\\/education-des-adultes\\\/sarca\\\/\",\"url\":\"https:\\\/\\\/cssdn.gouv.qc.ca\\\/education-des-adultes\\\/sarca\\\/\",\"name\":\"SARCA - Centre d\u2019\u00e9ducation des adultes des Navigateurs\",\"isPartOf\":{\"@id\":\"https:\\\/\\\/cssdn.gouv.qc.ca\\\/education-des-adultes\\\/#website\"},\"primaryImageOfPage\":{\"@id\":\"https:\\\/\\\/cssdn.gouv.qc.ca\\\/education-des-adultes\\\/sarca\\\/#primaryimage\"},\"image\":{\"@id\":\"https:\\\/\\\/cssdn.gouv.qc.ca\\\/education-des-adultes\\\/sarca\\\/#primaryimage\"},\"thumbnailUrl\":\"https:\\\/\\\/cssdn.gouv.qc.ca\\\/education-des-adultes\\\/wp-content\\\/uploads\\\/sites\\\/4\\\/2022\\\/12\\\/AdobeStock_285759598-scaled.jpeg\",\"datePublished\":\"2022-11-03T20:37:57+00:00\",\"dateModified\":\"2025-09-19T13:58:22+00:00\",\"description\":\"En savoir plus sur les services d'accueil, de r\u00e9f\u00e9rence, de conseil et d'accompagnement (SARCA) au CSSDN.\",\"breadcrumb\":{\"@id\":\"https:\\\/\\\/cssdn.gouv.qc.ca\\\/education-des-adultes\\\/sarca\\\/#breadcrumb\"},\"inLanguage\":\"fr-CA\",\"potentialAction\":[{\"@type\":\"ReadAction\",\"target\":[\"https:\\\/\\\/cssdn.gouv.qc.ca\\\/education-des-adultes\\\/sarca\\\/\"]}]},{\"@type\":\"ImageObject\",\"inLanguage\":\"fr-CA\",\"@id\":\"https:\\\/\\\/cssdn.gouv.qc.ca\\\/education-des-adultes\\\/sarca\\\/#primaryimage\",\"url\":\"https:\\\/\\\/cssdn.gouv.qc.ca\\\/education-des-adultes\\\/wp-content\\\/uploads\\\/sites\\\/4\\\/2022\\\/12\\\/AdobeStock_285759598-scaled.jpeg\",\"contentUrl\":\"https:\\\/\\\/cssdn.gouv.qc.ca\\\/education-des-adultes\\\/wp-content\\\/uploads\\\/sites\\\/4\\\/2022\\\/12\\\/AdobeStock_285759598-scaled.jpeg\",\"width\":2560,\"height\":1440,\"caption\":\"High school friends laughing, solving problems on whiteboard and taking notes\"},{\"@type\":\"BreadcrumbList\",\"@id\":\"https:\\\/\\\/cssdn.gouv.qc.ca\\\/education-des-adultes\\\/sarca\\\/#breadcrumb\",\"itemListElement\":[{\"@type\":\"ListItem\",\"position\":1,\"name\":\"Accueil\",\"item\":\"https:\\\/\\\/cssdn.gouv.qc.ca\\\/education-des-adultes\\\/\"},{\"@type\":\"ListItem\",\"position\":2,\"name\":\"SARCA\"}]},{\"@type\":\"WebSite\",\"@id\":\"https:\\\/\\\/cssdn.gouv.qc.ca\\\/education-des-adultes\\\/#website\",\"url\":\"https:\\\/\\\/cssdn.gouv.qc.ca\\\/education-des-adultes\\\/\",\"name\":\"Centre d\u2019\u00e9ducation des adultes des Navigateurs\",\"description\":\"Un site des centres de services scolaires des Navigateurs\",\"publisher\":{\"@id\":\"https:\\\/\\\/cssdn.gouv.qc.ca\\\/education-des-adultes\\\/#organization\"},\"potentialAction\":[{\"@type\":\"SearchAction\",\"target\":{\"@type\":\"EntryPoint\",\"urlTemplate\":\"https:\\\/\\\/cssdn.gouv.qc.ca\\\/education-des-adultes\\\/?s={search_term_string}\"},\"query-input\":{\"@type\":\"PropertyValueSpecification\",\"valueRequired\":true,\"valueName\":\"search_term_string\"}}],\"inLanguage\":\"fr-CA\"},{\"@type\":\"Organization\",\"@id\":\"https:\\\/\\\/cssdn.gouv.qc.ca\\\/education-des-adultes\\\/#organization\",\"name\":\"Centre d\u2019\u00e9ducation des adultes des Navigateurs\",\"url\":\"https:\\\/\\\/cssdn.gouv.qc.ca\\\/education-des-adultes\\\/\",\"logo\":{\"@type\":\"ImageObject\",\"inLanguage\":\"fr-CA\",\"@id\":\"https:\\\/\\\/cssdn.gouv.qc.ca\\\/education-des-adultes\\\/#\\\/schema\\\/logo\\\/image\\\/\",\"url\":\"https:\\\/\\\/cssdn.gouv.qc.ca\\\/education-des-adultes\\\/wp-content\\\/uploads\\\/sites\\\/4\\\/2023\\\/01\\\/logo_quebec.svg\",\"contentUrl\":\"https:\\\/\\\/cssdn.gouv.qc.ca\\\/education-des-adultes\\\/wp-content\\\/uploads\\\/sites\\\/4\\\/2023\\\/01\\\/logo_quebec.svg\",\"width\":188,\"height\":41,\"caption\":\"Centre d\u2019\u00e9ducation des adultes des Navigateurs\"},\"image\":{\"@id\":\"https:\\\/\\\/cssdn.gouv.qc.ca\\\/education-des-adultes\\\/#\\\/schema\\\/logo\\\/image\\\/\"},\"sameAs\":[\"https:\\\/\\\/www.facebook.com\\\/CEANavigateurs\\\/\",\"https:\\\/\\\/x.com\\\/CSSNavigateurs\",\"https:\\\/\\\/www.instagram.com\\\/cssnavigateurs\\\/\",\"https:\\\/\\\/www.linkedin.com\\\/company\\\/cssdn\",\"https:\\\/\\\/www.youtube.com\\\/channel\\\/UCHbNBehije70JBzCIVT82bQ\"]}]}<\/script>\n<!-- \/ Yoast SEO plugin. -->","yoast_head_json":{"title":"SARCA - Centre d\u2019\u00e9ducation des adultes des Navigateurs","description":"En savoir plus sur les services d'accueil, de r\u00e9f\u00e9rence, de conseil et d'accompagnement (SARCA) au CSSDN.","robots":{"index":"index","follow":"follow","max-snippet":"max-snippet:-1","max-image-preview":"max-image-preview:large","max-video-preview":"max-video-preview:-1"},"canonical":"https:\/\/cssdn.gouv.qc.ca\/education-des-adultes\/sarca\/","og_locale":"fr_CA","og_type":"article","og_title":"SARCA - Centre d\u2019\u00e9ducation des adultes des Navigateurs","og_description":"En savoir plus sur les services d'accueil, de r\u00e9f\u00e9rence, de conseil et d'accompagnement (SARCA) au CSSDN.","og_url":"https:\/\/cssdn.gouv.qc.ca\/education-des-adultes\/sarca\/","og_site_name":"Centre d\u2019\u00e9ducation des adultes des Navigateurs","article_publisher":"https:\/\/www.facebook.com\/CEANavigateurs\/","article_modified_time":"2025-09-19T13:58:22+00:00","og_image":[{"width":2560,"height":1440,"url":"https:\/\/cssdn.gouv.qc.ca\/education-des-adultes\/wp-content\/uploads\/sites\/4\/2022\/12\/AdobeStock_285759598-scaled.jpeg","type":"image\/jpeg"}],"twitter_card":"summary_large_image","twitter_site":"@CSSNavigateurs","twitter_misc":{"Estimation du temps de lecture":"1 minute"},"schema":{"@context":"https:\/\/schema.org","@graph":[{"@type":"WebPage","@id":"https:\/\/cssdn.gouv.qc.ca\/education-des-adultes\/sarca\/","url":"https:\/\/cssdn.gouv.qc.ca\/education-des-adultes\/sarca\/","name":"SARCA - Centre d\u2019\u00e9ducation des adultes des Navigateurs","isPartOf":{"@id":"https:\/\/cssdn.gouv.qc.ca\/education-des-adultes\/#website"},"primaryImageOfPage":{"@id":"https:\/\/cssdn.gouv.qc.ca\/education-des-adultes\/sarca\/#primaryimage"},"image":{"@id":"https:\/\/cssdn.gouv.qc.ca\/education-des-adultes\/sarca\/#primaryimage"},"thumbnailUrl":"https:\/\/cssdn.gouv.qc.ca\/education-des-adultes\/wp-content\/uploads\/sites\/4\/2022\/12\/AdobeStock_285759598-scaled.jpeg","datePublished":"2022-11-03T20:37:57+00:00","dateModified":"2025-09-19T13:58:22+00:00","description":"En savoir plus sur les services d'accueil, de r\u00e9f\u00e9rence, de conseil et d'accompagnement (SARCA) au CSSDN.","breadcrumb":{"@id":"https:\/\/cssdn.gouv.qc.ca\/education-des-adultes\/sarca\/#breadcrumb"},"inLanguage":"fr-CA","potentialAction":[{"@type":"ReadAction","target":["https:\/\/cssdn.gouv.qc.ca\/education-des-adultes\/sarca\/"]}]},{"@type":"ImageObject","inLanguage":"fr-CA","@id":"https:\/\/cssdn.gouv.qc.ca\/education-des-adultes\/sarca\/#primaryimage","url":"https:\/\/cssdn.gouv.qc.ca\/education-des-adultes\/wp-content\/uploads\/sites\/4\/2022\/12\/AdobeStock_285759598-scaled.jpeg","contentUrl":"https:\/\/cssdn.gouv.qc.ca\/education-des-adultes\/wp-content\/uploads\/sites\/4\/2022\/12\/AdobeStock_285759598-scaled.jpeg","width":2560,"height":1440,"caption":"High school friends laughing, solving problems on whiteboard and taking notes"},{"@type":"BreadcrumbList","@id":"https:\/\/cssdn.gouv.qc.ca\/education-des-adultes\/sarca\/#breadcrumb","itemListElement":[{"@type":"ListItem","position":1,"name":"Accueil","item":"https:\/\/cssdn.gouv.qc.ca\/education-des-adultes\/"},{"@type":"ListItem","position":2,"name":"SARCA"}]},{"@type":"WebSite","@id":"https:\/\/cssdn.gouv.qc.ca\/education-des-adultes\/#website","url":"https:\/\/cssdn.gouv.qc.ca\/education-des-adultes\/","name":"Centre d\u2019\u00e9ducation des adultes des Navigateurs","description":"Un site des centres de services scolaires des Navigateurs","publisher":{"@id":"https:\/\/cssdn.gouv.qc.ca\/education-des-adultes\/#organization"},"potentialAction":[{"@type":"SearchAction","target":{"@type":"EntryPoint","urlTemplate":"https:\/\/cssdn.gouv.qc.ca\/education-des-adultes\/?s={search_term_string}"},"query-input":{"@type":"PropertyValueSpecification","valueRequired":true,"valueName":"search_term_string"}}],"inLanguage":"fr-CA"},{"@type":"Organization","@id":"https:\/\/cssdn.gouv.qc.ca\/education-des-adultes\/#organization","name":"Centre d\u2019\u00e9ducation des adultes des Navigateurs","url":"https:\/\/cssdn.gouv.qc.ca\/education-des-adultes\/","logo":{"@type":"ImageObject","inLanguage":"fr-CA","@id":"https:\/\/cssdn.gouv.qc.ca\/education-des-adultes\/#\/schema\/logo\/image\/","url":"https:\/\/cssdn.gouv.qc.ca\/education-des-adultes\/wp-content\/uploads\/sites\/4\/2023\/01\/logo_quebec.svg","contentUrl":"https:\/\/cssdn.gouv.qc.ca\/education-des-adultes\/wp-content\/uploads\/sites\/4\/2023\/01\/logo_quebec.svg","width":188,"height":41,"caption":"Centre d\u2019\u00e9ducation des adultes des Navigateurs"},"image":{"@id":"https:\/\/cssdn.gouv.qc.ca\/education-des-adultes\/#\/schema\/logo\/image\/"},"sameAs":["https:\/\/www.facebook.com\/CEANavigateurs\/","https:\/\/x.com\/CSSNavigateurs","https:\/\/www.instagram.com\/cssnavigateurs\/","https:\/\/www.linkedin.com\/company\/cssdn","https:\/\/www.youtube.com\/channel\/UCHbNBehije70JBzCIVT82bQ"]}]}},"publishpress_future_action":{"enabled":false,"date":"2026-04-26 17:07:35","action":"change-status","newStatus":"draft","terms":[],"taxonomy":"category","extraData":[]},"publishpress_future_workflow_manual_trigger":{"enabledWorkflows":[]},"_links":{"self":[{"href":"https:\/\/cssdn.gouv.qc.ca\/education-des-adultes\/wp-json\/wp\/v2\/pages\/68","targetHints":{"allow":["GET"]}}],"collection":[{"href":"https:\/\/cssdn.gouv.qc.ca\/education-des-adultes\/wp-json\/wp\/v2\/pages"}],"about":[{"href":"https:\/\/cssdn.gouv.qc.ca\/education-des-adultes\/wp-json\/wp\/v2\/types\/page"}],"author":[{"embeddable":true,"href":"https:\/\/cssdn.gouv.qc.ca\/education-des-adultes\/wp-json\/wp\/v2\/users\/1"}],"replies":[{"embeddable":true,"href":"https:\/\/cssdn.gouv.qc.ca\/education-des-adultes\/wp-json\/wp\/v2\/comments?post=68"}],"version-history":[{"count":0,"href":"https:\/\/cssdn.gouv.qc.ca\/education-des-adultes\/wp-json\/wp\/v2\/pages\/68\/revisions"}],"wp:attachment":[{"href":"https:\/\/cssdn.gouv.qc.ca\/education-des-adultes\/wp-json\/wp\/v2\/media?parent=68"}],"wp:term":[{"taxonomy":"category","embeddable":true,"href":"https:\/\/cssdn.gouv.qc.ca\/education-des-adultes\/wp-json\/wp\/v2\/categories?post=68"},{"taxonomy":"post_tag","embeddable":true,"href":"https:\/\/cssdn.gouv.qc.ca\/education-des-adultes\/wp-json\/wp\/v2\/tags?post=68"}],"curies":[{"name":"wp","href":"https:\/\/api.w.org\/{rel}","templated":true}]}}